{"id":3128,"date":"2020-05-13T12:57:10","date_gmt":"2020-05-13T12:57:10","guid":{"rendered":"https:\/\/www.daldewolf.com\/expertise\/internationale-desks\/desk-italie\/"},"modified":"2026-03-03T14:41:49","modified_gmt":"2026-03-03T13:41:49","slug":"italie-desk","status":"publish","type":"page","link":"https:\/\/www.daldewolf.com\/nl\/expertise\/internationale-desks\/italie-desk\/","title":{"rendered":"Itali\u00eb Desk"},"content":{"rendered":"<section class=\"l-section wpb_row columns-layout-sp-brx height_medium width_full\"><div class=\"l-section-h i-cf\"><div class=\"g-cols vc_row via_flex valign_top type_default stacking_default\"><div class=\"vc_col-sm-4 wpb_column vc_column_container first-column-sp\"><div class=\"vc_column-inner type_sticky\"><div class=\"wpb_wrapper\"><div class=\"wpb_text_column align_center\"><div class=\"wpb_wrapper\"><h2>Internationale desks<\/h2>\n<\/div><\/div><nav class=\"w-menu us_custom_18a67f5f layout_ver style_links us_menu_1\" style=\"--main-gap:1.5rem;--main-ver-indent:0.8em;--main-hor-indent:0.8em;--main-color:inherit;\"><ul id=\"menu-desks-internationaux-dutch\" class=\"menu\"><li id=\"menu-item-3160\" class=\"menu-item menu-item-type-post_type menu-item-object-page menu-item-3160\"><a href=\"https:\/\/www.daldewolf.com\/nl\/expertise\/internationale-desks\/ohada-desk\/\">OHADA Desk<\/a><\/li><li id=\"menu-item-3161\" class=\"menu-item menu-item-type-post_type menu-item-object-page menu-item-3161\"><a href=\"https:\/\/www.daldewolf.com\/nl\/expertise\/internationale-desks\/china-desk\/\">China Desk<\/a><\/li><li id=\"menu-item-3162\" class=\"menu-item menu-item-type-post_type menu-item-object-page menu-item-3162\"><a href=\"https:\/\/www.daldewolf.com\/nl\/expertise\/internationale-desks\/italie-desk\/\">Itali\u00eb Desk<\/a><\/li><li id=\"menu-item-3163\" class=\"menu-item menu-item-type-post_type menu-item-object-page menu-item-3163\"><a href=\"https:\/\/www.daldewolf.com\/nl\/expertise\/internationale-desks\/us-desk\/\">US Desk<\/a><\/li><\/ul><style>@media ( max-width:600px ){.us_menu_1 .menu{display:block!important}.us_menu_1 .menu>li{margin:0 0 var(--main-gap,1.5rem)!important}}<\/style><\/nav><\/div><\/div><\/div><div class=\"vc_col-sm-4 wpb_column vc_column_container\"><div class=\"vc_column-inner\"><div class=\"wpb_wrapper\"><div class=\"wpb_text_column h1-line-btm\"><div class=\"wpb_wrapper\"><h1>Itali\u00eb Desk<\/h1>\n<\/div><\/div><div class=\"wpb_text_column align_justify\"><div class=\"wpb_wrapper\"><p>De Itali\u00eb Desk van het kantoor, waarvan de leden vertrouwd zijn met de geest en de cultuur van het Italiaanse zakenleven, verleent juridische bijstand, in het Italiaans, aan Italiaanse ondernemingen die in Belgi\u00eb actief zijn of zich daar wensen te vestigen.<\/p>\n<p>Het team beschikt over specifieke vaardigheden die beantwoorden aan de noden van de cli\u00ebnten in de volgende gebieden: commerci\u00eble bemiddeling (agentschap, distributie, franchising, commissies), internationale verkoop, licentieovereenkomsten, overname en oprichting van vennootschappen (met inbegrip van gemeenschappelijke dochterondernemingen met aandeelhoudersovereenkomsten), bijstand aan startende ondernemingen, enz.<\/p>\n<p>Het team verleent eveneens bijstand in \u00a0de belangrijke sectoren van de Italiaanse economie zoals de levensmiddelen-, farmaceutische, mode- en meubelindustrie en de industrie. De advocaten van de Itali\u00eb Desk leveren advies en staan hun cli\u00ebnten bij in procedures voor gerechtelijke instanties waarbij zij steeds de voorkeur geven aan \u00a0alternatieve geschillenbeslechting.<\/p>\n<p>De Itali\u00eb desk werkt nauw samen met cli\u00ebnten en hun Italiaanse advocaten om de juiste juridische instrumenten of strategie\u00ebn toe te passen die het best aansluiten bij de belangen van onze cli\u00ebnten.<\/p>\n<p>Met de steun van een uitgebreid netwerk van onafhankelijke advocatenkantoren in heel Itali\u00eb, staan de leden van de Itali\u00eb Desk ook Belgische ondernemingen bij die in Itali\u00eb actief zijn.<\/p>\n<\/div><\/div><\/div><\/div><\/div><div class=\"vc_col-sm-4 wpb_column vc_column_container\"><div class=\"vc_column-inner\"><div class=\"wpb_wrapper\"><div class=\"wpb_text_column h2-line-btm\"><div class=\"wpb_wrapper\"><h2>EXPERTS<\/h2>\n<\/div><\/div><div class=\"w-grid us_grid cntct-grid-lft type_grid layout_245 cols_1 preload_style_spinner\" id=\"us_grid_1\" style=\"--columns:1;--gap:10px;\"><style>.layout_245 .w-grid-item-h{}.layout_245 .usg_post_custom_field_1{transition-duration:0.3s;transform-origin:50% 50%;transform:scale(1) translate(0%,0%)}.layout_245 .w-grid-item-h:focus-within .usg_post_custom_field_1,.layout_245 .w-grid-item-h:hover .usg_post_custom_field_1{transform:scale(1) translate(0%,0%);opacity:1;color:#ffffff!important}.layout_245 .usg_post_custom_field_2{transition-duration:0.3s;transform-origin:50% 50%;transform:scale(1) translate(0%,0%)}.layout_245 .w-grid-item-h:focus-within .usg_post_custom_field_2,.layout_245 .w-grid-item-h:hover .usg_post_custom_field_2{transform:scale(1) translate(0%,0%);opacity:1;color:#ffffff!important}.layout_245 .usg_hwrapper_1{transition-duration:0.3s;transform-origin:50% 50%;transform:scale(1) translate(0%,0%)}.layout_245 .w-grid-item-h:focus-within .usg_hwrapper_1,.layout_245 .w-grid-item-h:hover .usg_hwrapper_1{transform:scale(1) translate(0%,0%);opacity:1;background:#016b80!important;color:#ffffff!important}.layout_245 .usg_btn_1{transition-duration:0.3s;transform-origin:50% 50%;transform:scale(1) translate(0%,0%);opacity:0}.layout_245 .w-grid-item-h:focus-within .usg_btn_1,.layout_245 .w-grid-item-h:hover .usg_btn_1{transform:scale(1) translate(0%,0%);opacity:0}.layout_245 .usg_post_custom_field_2{text-transform:uppercase!important}.layout_245 .usg_hwrapper_1{color:#ffffff!important;font-size:14px!important;letter-spacing:1px!important;width:350px!important;max-width:100%!important;margin-left:0!important;margin-right:auto!important;padding-top:7px!important;padding-bottom:7px!important;background:#00829b!important}.layout_245 .usg_btn_1{width:100%!important;height:100%!important;position:absolute!important;left:0!important;top:0!important}<\/style><div class=\"w-grid-list\">\t<article class=\"w-grid-item size_1x1 post-3300 us_portfolio type-us_portfolio status-publish has-post-thumbnail hentry us_portfolio_category-droit-economique-nl us_portfolio_category-food-beverage-nl us_portfolio_category-retail-nl us_portfolio_tag-desk-italie-nl\" data-id=\"3300\">\r\n\t\t<div class=\"w-grid-item-h\">\r\n\t\t\t\t\t\t<div class=\"w-hwrapper usg_hwrapper_1 has_text_color align_center valign_middle wrap\" style=\"--hwrapper-gap:5px\"><div class=\"w-post-elm post_custom_field usg_post_custom_field_1 type_text name color_link_inherit\"><span class=\"w-post-elm-value\">Dominique<\/span><\/div><div class=\"w-post-elm post_custom_field usg_post_custom_field_2 type_text surname color_link_inherit\"><span class=\"w-post-elm-value\">Bogaert<\/span><\/div><a class=\"w-btn us-btn-style_1 usg_btn_1 text_none\" aria-label=\"Button\" href=\"https:\/\/www.daldewolf.com\/nl\/team\/dominique-bogaert\/\"><\/a><\/div>\t\t<\/div>\r\n\t\t\t<\/article>\r\n\t<article class=\"w-grid-item size_1x1 post-3402 us_portfolio type-us_portfolio status-publish has-post-thumbnail hentry us_portfolio_category-contentieux-nl us_portfolio_category-droit-des-societes-et-financier-nl us_portfolio_tag-desk-italie-nl us_portfolio_tag-desk-us-nl\" data-id=\"3402\">\r\n\t\t<div class=\"w-grid-item-h\">\r\n\t\t\t\t\t\t<div class=\"w-hwrapper usg_hwrapper_1 has_text_color align_center valign_middle wrap\" style=\"--hwrapper-gap:5px\"><div class=\"w-post-elm post_custom_field usg_post_custom_field_1 type_text name color_link_inherit\"><span class=\"w-post-elm-value\">Patrick <\/span><\/div><div class=\"w-post-elm post_custom_field usg_post_custom_field_2 type_text surname color_link_inherit\"><span class=\"w-post-elm-value\">Van Leynseele<\/span><\/div><a class=\"w-btn us-btn-style_1 usg_btn_1 text_none\" aria-label=\"Button\" href=\"https:\/\/www.daldewolf.com\/nl\/team\/patrick-van-leynseele\/\"><\/a><\/div>\t\t<\/div>\r\n\t\t\t<\/article>\r\n\t<article class=\"w-grid-item size_1x1 post-13009 us_portfolio type-us_portfolio status-publish has-post-thumbnail hentry us_portfolio_category-eu-recht us_portfolio_category-europese-en-internationale-overheidsdienst us_portfolio_tag-desk-italie-nl\" data-id=\"13009\">\r\n\t\t<div class=\"w-grid-item-h\">\r\n\t\t\t\t\t\t<div class=\"w-hwrapper usg_hwrapper_1 has_text_color align_center valign_middle wrap\" style=\"--hwrapper-gap:5px\"><div class=\"w-post-elm post_custom_field usg_post_custom_field_1 type_text name color_link_inherit\"><span class=\"w-post-elm-value\">Sabrina<\/span><\/div><div class=\"w-post-elm post_custom_field usg_post_custom_field_2 type_text surname color_link_inherit\"><span class=\"w-post-elm-value\">NAPOLITANO<\/span><\/div><a class=\"w-btn us-btn-style_1 usg_btn_1 text_none\" aria-label=\"Button\" href=\"https:\/\/www.daldewolf.com\/nl\/team\/sabrina-napolitano\/\"><\/a><\/div>\t\t<\/div>\r\n\t\t\t<\/article>\r\n\t<article class=\"w-grid-item size_1x1 post-12629 us_portfolio type-us_portfolio status-publish has-post-thumbnail hentry us_portfolio_category-eu-recht us_portfolio_category-europese-en-internationale-overheidsdienst\" data-id=\"12629\">\r\n\t\t<div class=\"w-grid-item-h\">\r\n\t\t\t\t\t\t<div class=\"w-hwrapper usg_hwrapper_1 has_text_color align_center valign_middle wrap\" style=\"--hwrapper-gap:5px\"><div class=\"w-post-elm post_custom_field usg_post_custom_field_1 type_text name color_link_inherit\"><span class=\"w-post-elm-value\">Federico<\/span><\/div><div class=\"w-post-elm post_custom_field usg_post_custom_field_2 type_text surname color_link_inherit\"><span class=\"w-post-elm-value\">Patuelli<\/span><\/div><a class=\"w-btn us-btn-style_1 usg_btn_1 text_none\" aria-label=\"Button\" href=\"https:\/\/www.daldewolf.com\/nl\/team\/federico-patuelli\/\"><\/a><\/div>\t\t<\/div>\r\n\t\t\t<\/article>\r\n<\/div>\t<div class=\"w-grid-preloader\">\r\n\t\t<div class=\"g-preloader type_1\">\r\n\t\t\t<div><\/div>\r\n\t\t<\/div>\r\n\t<\/div>\r\n\t\t<div class=\"w-grid-json hidden\" onclick='return {&quot;action&quot;:&quot;us_ajax_grid&quot;,&quot;infinite_scroll&quot;:0,&quot;max_num_pages&quot;:1,&quot;pagination&quot;:&quot;none&quot;,&quot;template_vars&quot;:{&quot;columns&quot;:&quot;1&quot;,&quot;exclude_items&quot;:&quot;none&quot;,&quot;img_size&quot;:&quot;default&quot;,&quot;ignore_items_size&quot;:0,&quot;items_layout&quot;:&quot;245&quot;,&quot;items_offset&quot;:&quot;1&quot;,&quot;load_animation&quot;:&quot;none&quot;,&quot;overriding_link&quot;:&quot;%7B%22url%22%3A%22%22%7D&quot;,&quot;post_id&quot;:0,&quot;query_args&quot;:{&quot;ignore_sticky_posts&quot;:1,&quot;post_type&quot;:&quot;any&quot;,&quot;post__in&quot;:[&quot;3300&quot;,&quot;3402&quot;,&quot;13009&quot;,&quot;12629&quot;],&quot;posts_per_page&quot;:999},&quot;orderby_query_args&quot;:{&quot;orderby&quot;:{&quot;post__in&quot;:&quot;ASC&quot;},&quot;order&quot;:&quot;ASC&quot;},&quot;type&quot;:&quot;grid&quot;,&quot;us_grid_post_type&quot;:&quot;ids&quot;,&quot;us_grid_ajax_index&quot;:1,&quot;us_grid_filter_query_string&quot;:null,&quot;us_grid_index&quot;:1,&quot;page_args&quot;:[],&quot;lang&quot;:&quot;nl&quot;}}'><\/div>\r\n\t<\/div><\/div><\/div><\/div><\/div><\/div><\/section>\n","protected":false},"excerpt":{"rendered":"Federico Patuelli is ingeschreven aan de Franse Orde van advocaten bij de balie van Brussel (2022). Hij is medewerker in het Brusselse kantoor van DALDEWOLF, waar hij werkzaam is binnen het departement Europees recht. Hij is tevens deeltijds assistent aan de Universiteit van Luik, waar hij onderwijs verzorgt in het institutioneel recht van de Europese...","protected":false},"author":1,"featured_media":0,"parent":2374,"menu_order":0,"comment_status":"closed","ping_status":"closed","template":"","meta":{"_acf_changed":false,"footnotes":""},"class_list":["post-3128","page","type-page","status-publish","hentry"],"acf":[],"yoast_head":"<!-- This site is optimized with the Yoast SEO plugin v27.3 - https:\/\/yoast.com\/product\/yoast-seo-wordpress\/ -->\n<title>Itali\u00eb Desk - DALDEWOLF<\/title>\n<meta name=\"description\" content=\"De Itali\u00eb Desk van het kantoor, waarvan de leden vertrouwd zijn met de geest en de cultuur van het Italiaanse zakenleven, verleent juridische bijstand, in het Italiaans, aan Italiaanse ondernemingen die in Belgi\u00eb actief zijn of zich daar wensen te vestigen.\" \/>\n<meta name=\"robots\" content=\"index, follow, max-snippet:-1, max-image-preview:large, max-video-preview:-1\" \/>\n<link rel=\"canonical\" href=\"https:\/\/www.daldewolf.com\/nl\/expertise\/internationale-desks\/italie-desk\/\" \/>\n<meta property=\"og:locale\" content=\"nl_NL\" \/>\n<meta property=\"og:type\" content=\"article\" \/>\n<meta property=\"og:title\" content=\"Itali\u00eb Desk - DALDEWOLF\" \/>\n<meta property=\"og:description\" content=\"De Itali\u00eb Desk van het kantoor, waarvan de leden vertrouwd zijn met de geest en de cultuur van het Italiaanse zakenleven, verleent juridische bijstand, in het Italiaans, aan Italiaanse ondernemingen die in Belgi\u00eb actief zijn of zich daar wensen te vestigen.\" \/>\n<meta property=\"og:url\" content=\"https:\/\/www.daldewolf.com\/nl\/expertise\/internationale-desks\/italie-desk\/\" \/>\n<meta property=\"og:site_name\" content=\"DALDEWOLF\" \/>\n<meta property=\"article:modified_time\" content=\"2026-03-03T13:41:49+00:00\" \/>\n<meta property=\"og:image\" content=\"https:\/\/www.daldewolf.com\/wp-content\/uploads\/2021\/05\/Daldewolf-fb.png\" \/>\n\t<meta property=\"og:image:width\" content=\"600\" \/>\n\t<meta property=\"og:image:height\" content=\"315\" \/>\n\t<meta property=\"og:image:type\" content=\"image\/png\" \/>\n<meta name=\"twitter:card\" content=\"summary_large_image\" \/>\n<meta name=\"twitter:label1\" content=\"Geschatte leestijd\" \/>\n\t<meta name=\"twitter:data1\" content=\"1 minuut\" \/>\n<script type=\"application\/ld+json\" class=\"yoast-schema-graph\">{\"@context\":\"https:\\\/\\\/schema.org\",\"@graph\":[{\"@type\":\"WebPage\",\"@id\":\"https:\\\/\\\/www.daldewolf.com\\\/nl\\\/expertise\\\/internationale-desks\\\/italie-desk\\\/\",\"url\":\"https:\\\/\\\/www.daldewolf.com\\\/nl\\\/expertise\\\/internationale-desks\\\/italie-desk\\\/\",\"name\":\"Itali\u00eb Desk - DALDEWOLF\",\"isPartOf\":{\"@id\":\"https:\\\/\\\/www.daldewolf.com\\\/nl\\\/#website\"},\"datePublished\":\"2020-05-13T12:57:10+00:00\",\"dateModified\":\"2026-03-03T13:41:49+00:00\",\"description\":\"De Itali\u00eb Desk van het kantoor, waarvan de leden vertrouwd zijn met de geest en de cultuur van het Italiaanse zakenleven, verleent juridische bijstand, in het Italiaans, aan Italiaanse ondernemingen die in Belgi\u00eb actief zijn of zich daar wensen te vestigen.\",\"breadcrumb\":{\"@id\":\"https:\\\/\\\/www.daldewolf.com\\\/nl\\\/expertise\\\/internationale-desks\\\/italie-desk\\\/#breadcrumb\"},\"inLanguage\":\"nl-NL\",\"potentialAction\":[{\"@type\":\"ReadAction\",\"target\":[\"https:\\\/\\\/www.daldewolf.com\\\/nl\\\/expertise\\\/internationale-desks\\\/italie-desk\\\/\"]}]},{\"@type\":\"BreadcrumbList\",\"@id\":\"https:\\\/\\\/www.daldewolf.com\\\/nl\\\/expertise\\\/internationale-desks\\\/italie-desk\\\/#breadcrumb\",\"itemListElement\":[{\"@type\":\"ListItem\",\"position\":1,\"name\":\"Home\",\"item\":\"https:\\\/\\\/www.daldewolf.com\\\/nl\\\/\"},{\"@type\":\"ListItem\",\"position\":2,\"name\":\"Expertise\",\"item\":\"https:\\\/\\\/www.daldewolf.com\\\/nl\\\/expertise\\\/\"},{\"@type\":\"ListItem\",\"position\":3,\"name\":\"Internationale desks\",\"item\":\"https:\\\/\\\/www.daldewolf.com\\\/nl\\\/expertise\\\/internationale-desks\\\/\"},{\"@type\":\"ListItem\",\"position\":4,\"name\":\"Itali\u00eb Desk\"}]},{\"@type\":\"WebSite\",\"@id\":\"https:\\\/\\\/www.daldewolf.com\\\/nl\\\/#website\",\"url\":\"https:\\\/\\\/www.daldewolf.com\\\/nl\\\/\",\"name\":\"DALDEWOLF\",\"description\":\"Independant Law firm, Since 1958.\",\"publisher\":{\"@id\":\"https:\\\/\\\/www.daldewolf.com\\\/nl\\\/#organization\"},\"potentialAction\":[{\"@type\":\"SearchAction\",\"target\":{\"@type\":\"EntryPoint\",\"urlTemplate\":\"https:\\\/\\\/www.daldewolf.com\\\/nl\\\/?s={search_term_string}\"},\"query-input\":{\"@type\":\"PropertyValueSpecification\",\"valueRequired\":true,\"valueName\":\"search_term_string\"}}],\"inLanguage\":\"nl-NL\"},{\"@type\":\"Organization\",\"@id\":\"https:\\\/\\\/www.daldewolf.com\\\/nl\\\/#organization\",\"name\":\"DALDEWOLF\",\"url\":\"https:\\\/\\\/www.daldewolf.com\\\/nl\\\/\",\"logo\":{\"@type\":\"ImageObject\",\"inLanguage\":\"nl-NL\",\"@id\":\"https:\\\/\\\/www.daldewolf.com\\\/nl\\\/#\\\/schema\\\/logo\\\/image\\\/\",\"url\":\"https:\\\/\\\/www.daldewolf.com\\\/wp-content\\\/uploads\\\/2020\\\/05\\\/Logo-Daldewolf.png\",\"contentUrl\":\"https:\\\/\\\/www.daldewolf.com\\\/wp-content\\\/uploads\\\/2020\\\/05\\\/Logo-Daldewolf.png\",\"width\":320,\"height\":40,\"caption\":\"DALDEWOLF\"},\"image\":{\"@id\":\"https:\\\/\\\/www.daldewolf.com\\\/nl\\\/#\\\/schema\\\/logo\\\/image\\\/\"},\"sameAs\":[\"https:\\\/\\\/www.linkedin.com\\\/company\\\/10193320\"]}]}<\/script>\n<!-- \/ Yoast SEO plugin. -->","yoast_head_json":{"title":"Itali\u00eb Desk - DALDEWOLF","description":"De Itali\u00eb Desk van het kantoor, waarvan de leden vertrouwd zijn met de geest en de cultuur van het Italiaanse zakenleven, verleent juridische bijstand, in het Italiaans, aan Italiaanse ondernemingen die in Belgi\u00eb actief zijn of zich daar wensen te vestigen.","robots":{"index":"index","follow":"follow","max-snippet":"max-snippet:-1","max-image-preview":"max-image-preview:large","max-video-preview":"max-video-preview:-1"},"canonical":"https:\/\/www.daldewolf.com\/nl\/expertise\/internationale-desks\/italie-desk\/","og_locale":"nl_NL","og_type":"article","og_title":"Itali\u00eb Desk - DALDEWOLF","og_description":"De Itali\u00eb Desk van het kantoor, waarvan de leden vertrouwd zijn met de geest en de cultuur van het Italiaanse zakenleven, verleent juridische bijstand, in het Italiaans, aan Italiaanse ondernemingen die in Belgi\u00eb actief zijn of zich daar wensen te vestigen.","og_url":"https:\/\/www.daldewolf.com\/nl\/expertise\/internationale-desks\/italie-desk\/","og_site_name":"DALDEWOLF","article_modified_time":"2026-03-03T13:41:49+00:00","og_image":[{"width":600,"height":315,"url":"https:\/\/www.daldewolf.com\/wp-content\/uploads\/2021\/05\/Daldewolf-fb.png","type":"image\/png"}],"twitter_card":"summary_large_image","twitter_misc":{"Geschatte leestijd":"1 minuut"},"schema":{"@context":"https:\/\/schema.org","@graph":[{"@type":"WebPage","@id":"https:\/\/www.daldewolf.com\/nl\/expertise\/internationale-desks\/italie-desk\/","url":"https:\/\/www.daldewolf.com\/nl\/expertise\/internationale-desks\/italie-desk\/","name":"Itali\u00eb Desk - DALDEWOLF","isPartOf":{"@id":"https:\/\/www.daldewolf.com\/nl\/#website"},"datePublished":"2020-05-13T12:57:10+00:00","dateModified":"2026-03-03T13:41:49+00:00","description":"De Itali\u00eb Desk van het kantoor, waarvan de leden vertrouwd zijn met de geest en de cultuur van het Italiaanse zakenleven, verleent juridische bijstand, in het Italiaans, aan Italiaanse ondernemingen die in Belgi\u00eb actief zijn of zich daar wensen te vestigen.","breadcrumb":{"@id":"https:\/\/www.daldewolf.com\/nl\/expertise\/internationale-desks\/italie-desk\/#breadcrumb"},"inLanguage":"nl-NL","potentialAction":[{"@type":"ReadAction","target":["https:\/\/www.daldewolf.com\/nl\/expertise\/internationale-desks\/italie-desk\/"]}]},{"@type":"BreadcrumbList","@id":"https:\/\/www.daldewolf.com\/nl\/expertise\/internationale-desks\/italie-desk\/#breadcrumb","itemListElement":[{"@type":"ListItem","position":1,"name":"Home","item":"https:\/\/www.daldewolf.com\/nl\/"},{"@type":"ListItem","position":2,"name":"Expertise","item":"https:\/\/www.daldewolf.com\/nl\/expertise\/"},{"@type":"ListItem","position":3,"name":"Internationale desks","item":"https:\/\/www.daldewolf.com\/nl\/expertise\/internationale-desks\/"},{"@type":"ListItem","position":4,"name":"Itali\u00eb Desk"}]},{"@type":"WebSite","@id":"https:\/\/www.daldewolf.com\/nl\/#website","url":"https:\/\/www.daldewolf.com\/nl\/","name":"DALDEWOLF","description":"Independant Law firm, Since 1958.","publisher":{"@id":"https:\/\/www.daldewolf.com\/nl\/#organization"},"potentialAction":[{"@type":"SearchAction","target":{"@type":"EntryPoint","urlTemplate":"https:\/\/www.daldewolf.com\/nl\/?s={search_term_string}"},"query-input":{"@type":"PropertyValueSpecification","valueRequired":true,"valueName":"search_term_string"}}],"inLanguage":"nl-NL"},{"@type":"Organization","@id":"https:\/\/www.daldewolf.com\/nl\/#organization","name":"DALDEWOLF","url":"https:\/\/www.daldewolf.com\/nl\/","logo":{"@type":"ImageObject","inLanguage":"nl-NL","@id":"https:\/\/www.daldewolf.com\/nl\/#\/schema\/logo\/image\/","url":"https:\/\/www.daldewolf.com\/wp-content\/uploads\/2020\/05\/Logo-Daldewolf.png","contentUrl":"https:\/\/www.daldewolf.com\/wp-content\/uploads\/2020\/05\/Logo-Daldewolf.png","width":320,"height":40,"caption":"DALDEWOLF"},"image":{"@id":"https:\/\/www.daldewolf.com\/nl\/#\/schema\/logo\/image\/"},"sameAs":["https:\/\/www.linkedin.com\/company\/10193320"]}]}},"_links":{"self":[{"href":"https:\/\/www.daldewolf.com\/nl\/wp-json\/wp\/v2\/pages\/3128","targetHints":{"allow":["GET"]}}],"collection":[{"href":"https:\/\/www.daldewolf.com\/nl\/wp-json\/wp\/v2\/pages"}],"about":[{"href":"https:\/\/www.daldewolf.com\/nl\/wp-json\/wp\/v2\/types\/page"}],"author":[{"embeddable":true,"href":"https:\/\/www.daldewolf.com\/nl\/wp-json\/wp\/v2\/users\/1"}],"replies":[{"embeddable":true,"href":"https:\/\/www.daldewolf.com\/nl\/wp-json\/wp\/v2\/comments?post=3128"}],"version-history":[{"count":1,"href":"https:\/\/www.daldewolf.com\/nl\/wp-json\/wp\/v2\/pages\/3128\/revisions"}],"predecessor-version":[{"id":18601,"href":"https:\/\/www.daldewolf.com\/nl\/wp-json\/wp\/v2\/pages\/3128\/revisions\/18601"}],"up":[{"embeddable":true,"href":"https:\/\/www.daldewolf.com\/nl\/wp-json\/wp\/v2\/pages\/2374"}],"wp:attachment":[{"href":"https:\/\/www.daldewolf.com\/nl\/wp-json\/wp\/v2\/media?parent=3128"}],"curies":[{"name":"wp","href":"https:\/\/api.w.org\/{rel}","templated":true}]}}