{"id":2526,"date":"2020-06-15T09:31:27","date_gmt":"2020-06-15T09:31:27","guid":{"rendered":"https:\/\/www.daldewolf.com\/protection-des-donnees-personnelles\/"},"modified":"2022-08-22T16:32:18","modified_gmt":"2022-08-22T15:32:18","slug":"bescherming-van-persoonsgegevens","status":"publish","type":"page","link":"https:\/\/www.daldewolf.com\/nl\/bescherming-van-persoonsgegevens\/","title":{"rendered":"Bescherming van persoonsgegevens"},"content":{"rendered":"<section class=\"l-section wpb_row height_medium\"><div class=\"l-section-h i-cf\"><div class=\"g-cols vc_row via_flex valign_top type_default stacking_default\"><div class=\"vc_col-sm-12 wpb_column vc_column_container\"><div class=\"vc_column-inner\"><div class=\"wpb_wrapper\"><div class=\"wpb_text_column h1-line-btm\"><div class=\"wpb_wrapper\"><h1>Bescherming van persoonsgegevens<\/h1>\n<\/div><\/div><div class=\"wpb_text_column us_custom_af6a9b6a align_justify\"><div class=\"wpb_wrapper\"><p>DALDEWOLF BV treedt op als verantwoordelijke voor de verwerking van persoonsgegevens van haar cli\u00ebnten, tegenspelers, andere advocaten, rechters, gerechtsdeurwaarders, potenti\u00eble cli\u00ebnten, leveranciers, partners, sollicitanten of andere derden (\u201cbetrokkenen\u201d). Wij gebruiken de persoonsgegevens die u ons hebt verstrekt, zoals uw naam, onderneming e-mailadres, vestigingsadres, telefoonnummer en, indien u cli\u00ebnt bent, informatie met betrekking tot uw zaak.<\/p>\n<p><strong>Klantgegevens.<\/strong> DALDEWOLF verwerkt uw persoonsgegevens voor een aantal doeleinden, zoals het verwerken van uw dossier, het factureren van onze diensten, het innen van vorderingen indien nodig, het archiveren en verwijderen van gegevens, in het kader van de uitvoering van de overeenkomst die wij met u hebben. Als u een natuurlijke persoon bent die een onderneming vertegenwoordigt dat onze klant is, kunnen wij uw persoonsgegevens verwerken op basis van de gerechtvaardigde belangen van onze klant en DALDEWOLF (d.w.z. om de diensten te verlenen waarvoor u ons hebt ingehuurd). Personen die onze cli\u00ebnten vertegenwoordigen, ontvangen onze nieuwsbrieven en uitnodigingen, maar het staat hun vrij zich op elk moment en kosteloos uit te schrijven. Wij verwerken de persoonsgegevens van andere betrokkenen (bijv. wederpartijen, gerechtsdeurwaarders, andere partijen, rechters, \u2026) op basis van de gerechtvaardigde belangen van onze cli\u00ebnten en DALDEWOLF (d.w.z. verwerking van het dossier, onderhandeling van contracten, uitvoering van gerechtelijke procedures, opstellen van juridische adviezen, \u2026).<\/p>\n<p><strong>DALDEWOLF<\/strong> kan persoonsgegevens doorgeven aan derden (zoals rechtbanken, gerechtsdeurwaarders, wederpartijen, onderaannemers zoals IT-dienstverleners) wanneer dit wordt vereist door de dossiers van onze cli\u00ebnten.<\/p>\n<p>Wij bewaren de persoonsgegevens betreffende uw zaak zo lang als zij worden verwerkt. Wij zullen het dossier (en de persoonsgegevens die het bevat) bij afsluiting archiveren en 5 jaar na afsluiting vernietigen (tenzij er een geschil is gerezen en wij de gegevens nodig hebben om onze rechten te verdedigen).&nbsp;&nbsp; Volgens de regels van ons beroep zijn wij verplicht bepaalde gegevens (zoals de identiteit van cli\u00ebnten) te bewaren om belangenconflicten te controleren en het beroepsgeheim te eerbiedigen.<\/p>\n<p><strong>Aanwerving<\/strong>. DALDEWOLF verwerkt persoonsgegevens voor wervingsdoeleinden, op basis van haar legitieme belangen en die van de sollicitant. DALDEWOLF geeft uw persoonsgegevens (als kandidaat) niet door aan derden.<\/p>\n<p>DALDEWOLF bewaart uw persoonsgegevens voor de duur van het wervingsproces. Wij wissen de persoonsgegevens van kandidaten aan wie geen aanbod wordt gedaan.<\/p>\n<p><strong>Informatie en communicatie<\/strong>. DALDEWOLF verwerkt ook persoonsgegevens voor de ontwikkeling van haar activiteiten en voor marketingdoeleinden. Als u zich hebt geregistreerd, ontvangt u onze nieuwsbrief en wordt u uitgenodigd voor evenementen die wij organiseren. U geeft ons uw toestemming voor deze verwerking van uw gegevens, die u te allen tijde en kosteloos kunt intrekken. DALDEWOLF geeft uw persoonsgegevens door aan derden, namelijk onderaannemers en, ter gelegenheid van evenementen, aan andere deelnemers om het netwerken te vergemakkelijken. Om u onze nieuwsbrieven te sturen, maken wij gebruik van de diensten van MailChimp, een in de Verenigde Staten gevestigde onderneming, dat uw persoonsgegevens naar de Verenigde Staten kan overbrengen. Mailchimp streeft ernaar een passend beschermingsniveau voor uw persoonsgegevens te waarborgen door te voldoen aan de Privacy Shield-beginselen. Voor meer informatie, zie https:\/\/mailchimp.com\/legal\/privacy\/.<\/p>\n<p>DALDEWOLF bewaart uw gegevens totdat u zich afmeldt of uw toestemming intrekt om uw persoonsgegevens te verwerken.<\/p>\n<p>Persoonsgegevens in ons bezit kunnen worden doorgegeven aan onderaannemers (zoals IT-dienstverleners of andere consultants) of andere verantwoordelijken voor de verwerking (bv. andere advocaten) wanneer dat strikt noodzakelijk is voor de verwerking van de dossiers van onze cli\u00ebnten.<\/p>\n<p>Uw persoonsgegevens zullen ter beschikking worden gesteld van ons kantoor in Kinshasa (DRC), dat gebonden is aan modelcontractbepalingen voor de doorgifte van persoonsgegevens naar derde landen (Regeling 2004\/915 van de Commissie tot wijziging van Regeling 2001\/497). Wij geven uw persoonsgegevens niet door aan andere landen buiten de EER, maar in specifieke gevallen kan dit noodzakelijk zijn en zullen wij passende maatregelen nemen om uw rechten en belangen te beschermen.<\/p>\n<p>Als betrokkene heeft u het recht te verzoeken om toegang tot uw persoonsgegevens, rectificatie of verwijdering van uw gegevens of beperking van de verwerking overdraagbaarheid van uw gegevens.&nbsp; U hebt het recht bezwaar te maken tegen de verwerking van uw gegevens om redenen die verband houden met uw bijzondere situatie. DALDEWOLF zal zijn best doen om zo snel mogelijk aan uw verzoek te voldoen, waarbij ook de verplichtingen inzake het beroepsgeheim en de bescherming van vertrouwelijke gegevens in acht worden genomen. U kunt uw rechten uitoefenen door ons een e-mail te sturen naar&nbsp;<a href=\"mailto:dataprotection@daldewolf.com\" data-mce-href=\"mailto:dataprotection@daldewolf.com\">dataprotection@daldewolf.com<\/a>, met een bewijs van uw identiteit.<\/p>\n<p>Als betrokkene hebt u het recht om een klacht in te dienen bij de bevoegde toezichthoudende autoriteit.<\/p>\n<p>Als u vragen hebt over de bescherming van uw persoonsgegevens door DALDEWOLF, kunt u een e-mail sturen naar&nbsp;<a href=\"mailto:dataprotection@daldewolf.com\" data-mce-href=\"mailto:dataprotection@daldewolf.com\">dataprotection@daldewolf.com<\/a>.<\/p>\n<\/div><\/div><\/div><\/div><\/div><\/div><\/div><\/section>\n","protected":false},"excerpt":{"rendered":"Bescherming van persoonsgegevens DALDEWOLF BV treedt op als verantwoordelijke voor de verwerking van persoonsgegevens van haar cli\u00ebnten, tegenspelers, andere advocaten, rechters, gerechtsdeurwaarders, potenti\u00eble cli\u00ebnten, leveranciers, partners, sollicitanten of andere derden (\u201cbetrokkenen\u201d). Wij gebruiken de persoonsgegevens die u ons hebt verstrekt, zoals uw naam, onderneming e-mailadres, vestigingsadres, telefoonnummer en, indien u cli\u00ebnt bent, informatie met betrekking...","protected":false},"author":1,"featured_media":0,"parent":0,"menu_order":0,"comment_status":"closed","ping_status":"closed","template":"","meta":{"_acf_changed":false,"footnotes":""},"class_list":["post-2526","page","type-page","status-publish","hentry"],"acf":[],"yoast_head":"<!-- This site is optimized with the Yoast SEO plugin v27.4 - https:\/\/yoast.com\/product\/yoast-seo-wordpress\/ -->\n<title>Bescherming van persoonsgegevens - DALDEWOLF<\/title>\n<meta name=\"robots\" content=\"index, follow, max-snippet:-1, max-image-preview:large, max-video-preview:-1\" \/>\n<link rel=\"canonical\" href=\"https:\/\/www.daldewolf.com\/nl\/bescherming-van-persoonsgegevens\/\" \/>\n<meta property=\"og:locale\" content=\"nl_NL\" \/>\n<meta property=\"og:type\" content=\"article\" \/>\n<meta property=\"og:title\" content=\"Bescherming van persoonsgegevens - DALDEWOLF\" \/>\n<meta property=\"og:url\" content=\"https:\/\/www.daldewolf.com\/nl\/bescherming-van-persoonsgegevens\/\" \/>\n<meta property=\"og:site_name\" content=\"DALDEWOLF\" \/>\n<meta property=\"article:modified_time\" content=\"2022-08-22T15:32:18+00:00\" \/>\n<meta property=\"og:image\" content=\"https:\/\/www.daldewolf.com\/wp-content\/uploads\/2021\/05\/Daldewolf-fb.png\" \/>\n\t<meta property=\"og:image:width\" content=\"600\" \/>\n\t<meta property=\"og:image:height\" content=\"315\" \/>\n\t<meta property=\"og:image:type\" content=\"image\/png\" \/>\n<meta name=\"twitter:card\" content=\"summary_large_image\" \/>\n<meta name=\"twitter:label1\" content=\"Geschatte leestijd\" \/>\n\t<meta name=\"twitter:data1\" content=\"4 minuten\" \/>\n<script type=\"application\/ld+json\" class=\"yoast-schema-graph\">{\"@context\":\"https:\\\/\\\/schema.org\",\"@graph\":[{\"@type\":\"WebPage\",\"@id\":\"https:\\\/\\\/www.daldewolf.com\\\/nl\\\/bescherming-van-persoonsgegevens\\\/\",\"url\":\"https:\\\/\\\/www.daldewolf.com\\\/nl\\\/bescherming-van-persoonsgegevens\\\/\",\"name\":\"Bescherming van persoonsgegevens - DALDEWOLF\",\"isPartOf\":{\"@id\":\"https:\\\/\\\/www.daldewolf.com\\\/nl\\\/#website\"},\"datePublished\":\"2020-06-15T09:31:27+00:00\",\"dateModified\":\"2022-08-22T15:32:18+00:00\",\"breadcrumb\":{\"@id\":\"https:\\\/\\\/www.daldewolf.com\\\/nl\\\/bescherming-van-persoonsgegevens\\\/#breadcrumb\"},\"inLanguage\":\"nl-NL\",\"potentialAction\":[{\"@type\":\"ReadAction\",\"target\":[\"https:\\\/\\\/www.daldewolf.com\\\/nl\\\/bescherming-van-persoonsgegevens\\\/\"]}]},{\"@type\":\"BreadcrumbList\",\"@id\":\"https:\\\/\\\/www.daldewolf.com\\\/nl\\\/bescherming-van-persoonsgegevens\\\/#breadcrumb\",\"itemListElement\":[{\"@type\":\"ListItem\",\"position\":1,\"name\":\"Home\",\"item\":\"https:\\\/\\\/www.daldewolf.com\\\/nl\\\/\"},{\"@type\":\"ListItem\",\"position\":2,\"name\":\"Bescherming van persoonsgegevens\"}]},{\"@type\":\"WebSite\",\"@id\":\"https:\\\/\\\/www.daldewolf.com\\\/nl\\\/#website\",\"url\":\"https:\\\/\\\/www.daldewolf.com\\\/nl\\\/\",\"name\":\"DALDEWOLF\",\"description\":\"Independant Law firm, Since 1958.\",\"publisher\":{\"@id\":\"https:\\\/\\\/www.daldewolf.com\\\/nl\\\/#organization\"},\"potentialAction\":[{\"@type\":\"SearchAction\",\"target\":{\"@type\":\"EntryPoint\",\"urlTemplate\":\"https:\\\/\\\/www.daldewolf.com\\\/nl\\\/?s={search_term_string}\"},\"query-input\":{\"@type\":\"PropertyValueSpecification\",\"valueRequired\":true,\"valueName\":\"search_term_string\"}}],\"inLanguage\":\"nl-NL\"},{\"@type\":\"Organization\",\"@id\":\"https:\\\/\\\/www.daldewolf.com\\\/nl\\\/#organization\",\"name\":\"DALDEWOLF\",\"url\":\"https:\\\/\\\/www.daldewolf.com\\\/nl\\\/\",\"logo\":{\"@type\":\"ImageObject\",\"inLanguage\":\"nl-NL\",\"@id\":\"https:\\\/\\\/www.daldewolf.com\\\/nl\\\/#\\\/schema\\\/logo\\\/image\\\/\",\"url\":\"https:\\\/\\\/www.daldewolf.com\\\/wp-content\\\/uploads\\\/2020\\\/05\\\/Logo-Daldewolf.png\",\"contentUrl\":\"https:\\\/\\\/www.daldewolf.com\\\/wp-content\\\/uploads\\\/2020\\\/05\\\/Logo-Daldewolf.png\",\"width\":320,\"height\":40,\"caption\":\"DALDEWOLF\"},\"image\":{\"@id\":\"https:\\\/\\\/www.daldewolf.com\\\/nl\\\/#\\\/schema\\\/logo\\\/image\\\/\"},\"sameAs\":[\"https:\\\/\\\/www.linkedin.com\\\/company\\\/10193320\"]}]}<\/script>\n<!-- \/ Yoast SEO plugin. -->","yoast_head_json":{"title":"Bescherming van persoonsgegevens - DALDEWOLF","robots":{"index":"index","follow":"follow","max-snippet":"max-snippet:-1","max-image-preview":"max-image-preview:large","max-video-preview":"max-video-preview:-1"},"canonical":"https:\/\/www.daldewolf.com\/nl\/bescherming-van-persoonsgegevens\/","og_locale":"nl_NL","og_type":"article","og_title":"Bescherming van persoonsgegevens - DALDEWOLF","og_url":"https:\/\/www.daldewolf.com\/nl\/bescherming-van-persoonsgegevens\/","og_site_name":"DALDEWOLF","article_modified_time":"2022-08-22T15:32:18+00:00","og_image":[{"width":600,"height":315,"url":"https:\/\/www.daldewolf.com\/wp-content\/uploads\/2021\/05\/Daldewolf-fb.png","type":"image\/png"}],"twitter_card":"summary_large_image","twitter_misc":{"Geschatte leestijd":"4 minuten"},"schema":{"@context":"https:\/\/schema.org","@graph":[{"@type":"WebPage","@id":"https:\/\/www.daldewolf.com\/nl\/bescherming-van-persoonsgegevens\/","url":"https:\/\/www.daldewolf.com\/nl\/bescherming-van-persoonsgegevens\/","name":"Bescherming van persoonsgegevens - DALDEWOLF","isPartOf":{"@id":"https:\/\/www.daldewolf.com\/nl\/#website"},"datePublished":"2020-06-15T09:31:27+00:00","dateModified":"2022-08-22T15:32:18+00:00","breadcrumb":{"@id":"https:\/\/www.daldewolf.com\/nl\/bescherming-van-persoonsgegevens\/#breadcrumb"},"inLanguage":"nl-NL","potentialAction":[{"@type":"ReadAction","target":["https:\/\/www.daldewolf.com\/nl\/bescherming-van-persoonsgegevens\/"]}]},{"@type":"BreadcrumbList","@id":"https:\/\/www.daldewolf.com\/nl\/bescherming-van-persoonsgegevens\/#breadcrumb","itemListElement":[{"@type":"ListItem","position":1,"name":"Home","item":"https:\/\/www.daldewolf.com\/nl\/"},{"@type":"ListItem","position":2,"name":"Bescherming van persoonsgegevens"}]},{"@type":"WebSite","@id":"https:\/\/www.daldewolf.com\/nl\/#website","url":"https:\/\/www.daldewolf.com\/nl\/","name":"DALDEWOLF","description":"Independant Law firm, Since 1958.","publisher":{"@id":"https:\/\/www.daldewolf.com\/nl\/#organization"},"potentialAction":[{"@type":"SearchAction","target":{"@type":"EntryPoint","urlTemplate":"https:\/\/www.daldewolf.com\/nl\/?s={search_term_string}"},"query-input":{"@type":"PropertyValueSpecification","valueRequired":true,"valueName":"search_term_string"}}],"inLanguage":"nl-NL"},{"@type":"Organization","@id":"https:\/\/www.daldewolf.com\/nl\/#organization","name":"DALDEWOLF","url":"https:\/\/www.daldewolf.com\/nl\/","logo":{"@type":"ImageObject","inLanguage":"nl-NL","@id":"https:\/\/www.daldewolf.com\/nl\/#\/schema\/logo\/image\/","url":"https:\/\/www.daldewolf.com\/wp-content\/uploads\/2020\/05\/Logo-Daldewolf.png","contentUrl":"https:\/\/www.daldewolf.com\/wp-content\/uploads\/2020\/05\/Logo-Daldewolf.png","width":320,"height":40,"caption":"DALDEWOLF"},"image":{"@id":"https:\/\/www.daldewolf.com\/nl\/#\/schema\/logo\/image\/"},"sameAs":["https:\/\/www.linkedin.com\/company\/10193320"]}]}},"_links":{"self":[{"href":"https:\/\/www.daldewolf.com\/nl\/wp-json\/wp\/v2\/pages\/2526","targetHints":{"allow":["GET"]}}],"collection":[{"href":"https:\/\/www.daldewolf.com\/nl\/wp-json\/wp\/v2\/pages"}],"about":[{"href":"https:\/\/www.daldewolf.com\/nl\/wp-json\/wp\/v2\/types\/page"}],"author":[{"embeddable":true,"href":"https:\/\/www.daldewolf.com\/nl\/wp-json\/wp\/v2\/users\/1"}],"replies":[{"embeddable":true,"href":"https:\/\/www.daldewolf.com\/nl\/wp-json\/wp\/v2\/comments?post=2526"}],"version-history":[{"count":0,"href":"https:\/\/www.daldewolf.com\/nl\/wp-json\/wp\/v2\/pages\/2526\/revisions"}],"wp:attachment":[{"href":"https:\/\/www.daldewolf.com\/nl\/wp-json\/wp\/v2\/media?parent=2526"}],"curies":[{"name":"wp","href":"https:\/\/api.w.org\/{rel}","templated":true}]}}