{"id":15605,"date":"2024-10-14T18:01:27","date_gmt":"2024-10-14T16:01:27","guid":{"rendered":"https:\/\/www.daldewolf.com\/daldewolf-in-de-drc-contact\/"},"modified":"2025-10-30T10:55:37","modified_gmt":"2025-10-30T09:55:37","slug":"daldewolf-in-de-drc-contact","status":"publish","type":"page","link":"https:\/\/www.daldewolf.com\/nl\/daldewolf-in-de-drc-contact\/","title":{"rendered":"DALDEWOLF in de DRC &#8211; Contact"},"content":{"rendered":"<section class=\"l-section wpb_row height_medium\"><div class=\"l-section-h i-cf\"><div class=\"g-cols vc_row via_flex valign_top type_default stacking_default\"><div class=\"vc_col-sm-4 wpb_column vc_column_container first-column-sp\"><div class=\"vc_column-inner type_sticky\"><div class=\"wpb_wrapper\"><div class=\"wpb_text_column\"><div class=\"wpb_wrapper\"><h2 style=\"text-align: center;\">OVER DALDEWOLF<br \/>\nIN DE DRC<\/h2>\n<\/div><\/div><nav class=\"w-menu us_custom_3c67a9ec layout_ver style_links us_menu_1\" style=\"--main-gap:1.5rem;--main-ver-indent:0.8em;--main-hor-indent:0.8em;--main-color:inherit;\" id=\"menu\"><ul id=\"menu-ddw-rdc-nl\" class=\"menu\"><li id=\"menu-item-15638\" class=\"menu-item menu-item-type-post_type menu-item-object-page menu-item-15638\"><a href=\"https:\/\/www.daldewolf.com\/nl\/daldewolf-in-de-drc-het-kantoor\/\">Het kantoor en zijn aanpak<\/a><\/li><li id=\"menu-item-15636\" class=\"menu-item menu-item-type-post_type menu-item-object-page menu-item-15636\"><a href=\"https:\/\/www.daldewolf.com\/nl\/daldewolf-in-de-drc-hoe-we-kunnen-helpen\/\">Hoe we kunnen helpen<\/a><\/li><li id=\"menu-item-15637\" class=\"menu-item menu-item-type-post_type menu-item-object-page menu-item-15637\"><a href=\"https:\/\/www.daldewolf.com\/nl\/daldewolf-in-de-drc-het-team\/\">Het team<\/a><\/li><li id=\"menu-item-15635\" class=\"menu-item menu-item-type-post_type menu-item-object-page menu-item-15635\"><a href=\"https:\/\/www.daldewolf.com\/nl\/daldewolf-in-de-drc-algemene-voorwaarden\/\">Algemene voorwaarden<\/a><\/li><li id=\"menu-item-15634\" class=\"menu-item menu-item-type-post_type menu-item-object-page menu-item-15634\"><a href=\"https:\/\/www.daldewolf.com\/nl\/daldewolf-in-de-drc-contact\/\">Contact<\/a><\/li><\/ul><style>@media ( max-width:600px ){.us_menu_1 .menu{display:block!important}.us_menu_1 .menu>li{margin:0 0 var(--main-gap,1.5rem)!important}}<\/style><\/nav><div class=\"w-separator size_medium\"><\/div><div class=\"wpb_text_column\"><div class=\"wpb_wrapper\"><h2 style=\"text-align: center;\">ANDERE AFRIKAANSE LANDEN<\/h2>\n<\/div><\/div><nav class=\"w-menu us_custom_3c67a9ec layout_ver style_links us_menu_2\" style=\"--main-gap:1.5rem;--main-ver-indent:0.8em;--main-hor-indent:0.8em;--main-color:inherit;\"><ul id=\"menu-andere-afrikaanse-landen\" class=\"menu\"><li id=\"menu-item-15639\" class=\"menu-item menu-item-type-post_type menu-item-object-page menu-item-15639\"><a href=\"https:\/\/www.daldewolf.com\/nl\/andere-afrikaanse-landen-contact\/\">Contact<\/a><\/li><\/ul><style>@media ( max-width:600px ){.us_menu_2 .menu{display:block!important}.us_menu_2 .menu>li{margin:0 0 var(--main-gap,1.5rem)!important}}<\/style><\/nav><\/div><\/div><\/div><div class=\"vc_col-sm-8 wpb_column vc_column_container\"><div class=\"vc_column-inner\"><div class=\"wpb_wrapper\"><div class=\"wpb_text_column\"><div class=\"wpb_wrapper\"><h2>CONTACTEER ONS<\/h2>\n<\/div><\/div><div class=\"wpb_text_column\"><div class=\"wpb_wrapper\"><p>Voel u vrij om contact met ons op te nemen als u meer informatie wenst over de DRC-activiteiten en diensten van DALDEWOLF.<\/p>\n<p>Op aanvraag kunnen we u ook onze referenties toesturen.<\/p>\n<p>Hier zijn onze contactgegevens:<\/p>\n<\/div><\/div><div class=\"g-cols wpb_row via_flex valign_top type_default stacking_default\"><div class=\"vc_col-sm-12 wpb_column vc_column_container\"><div class=\"vc_column-inner\"><div class=\"wpb_wrapper\"><div class=\"wpb_text_column\"><div class=\"wpb_wrapper\"><table>\n<tbody>\n<tr>\n<th>\n<h3 style=\"text-align: left;\"><strong>Kantoor in Kinshasa<\/strong><\/h3>\n<\/th>\n<th>\n<h3 style=\"text-align: left;\"><strong>Kantoor in Kolwezi<\/strong><\/h3>\n<\/th>\n<\/tr>\n<tr>\n<td>4972 Avenue de la Vall\u00e9e<br \/>\nR\u00e9sidence \u201cPrestige\u201d<br \/>\nKinshasa\/Gombe<br \/>\nD.R. Congo<\/td>\n<td>Kolwezi Residence &#8211; app. A 22 &#8211;\u00a02i\u00e8me \u00e9tage b\u00e2timent A<br \/>\nBoulevard LD Kabila n\u00b0 1615<br \/>\nQuartier Mutoshi<br \/>\nKolwezi\/Manika<br \/>\nD.R. Congo<\/td>\n<\/tr>\n<\/tbody>\n<\/table>\n<p>Het kantoor van DALDEWOLF in Kinshasa, de hoofdstad van de Democratische Republiek Congo, is gelegen in het hart van de zaken- en regeringswijk. Het bevindt zich op slechts enkele minuten van de belangrijkste internationale hotels van de stad, wat het organiseren van zakelijke bijeenkomsten en conferenties vergemakkelijkt.<\/p>\n<p><strong>E-MAILADRESSEN<\/strong><br \/>\n<a href=\"mailto:info.rdc@daldewolf.com\">info.rdc@daldewolf.com<\/a><br \/>\n<a href=\"mailto:pdw@daldewolf.com\">pdw@daldewolf.com<\/a><br \/>\n<a href=\"mailto:lads@daldewolf.com\">lads@daldewolf.com<\/a><\/p>\n<p><strong>TELEFOON\/WHATSAPP<\/strong><br \/>\n<strong>Patrick De Wolf<\/strong>, Voorzitter DALDEWOLF RDC SAS<br \/>\n+32 475 420 708<br \/>\n<a href=\"tel:+32475420708\">Phone<\/a> + <a href=\"https:\/\/wa.me\/+32475420708\" target=\"_blank\" rel=\"noopener\">WhatsApp (chat&amp;call)<\/a><\/p>\n<p><strong>Laetitia De Smet<\/strong>, Co-Managing Partner<br \/>\n+32 496 064 753<br \/>\n<a href=\"tel:+32496064753\">Phone<\/a> + <a href=\"https:\/\/wa.me\/+32496064753\" target=\"_blank\" rel=\"noopener\">WhatsApp (chat&amp;call)<\/a><\/p>\n<p><strong>Guy Kapita Matondo<\/strong>, Lokaal Vennoot<br \/>\n+243 903 790 419<br \/>\n<a href=\"tel:+243903790419\">Phone<\/a> + <a href=\"https:\/\/wa.me\/+243903790419\" target=\"_blank\" rel=\"noopener\">WhatsApp (chat&amp;call)<\/a><\/p>\n<\/div><\/div><\/div><\/div><\/div><\/div><\/div><\/div><\/div><\/div><\/div><\/section>\n","protected":false},"excerpt":{"rendered":"OVER DALDEWOLF IN DE DRC Het kantoor en zijn aanpakHoe we kunnen helpenHet teamAlgemene voorwaardenContactANDERE AFRIKAANSE LANDEN ContactCONTACTEER ONS Voel u vrij om contact met ons op te nemen als u meer informatie wenst over de DRC-activiteiten en diensten van DALDEWOLF. Op aanvraag kunnen we u ook onze referenties toesturen. Hier zijn onze contactgegevens: Kantoor...","protected":false},"author":5,"featured_media":0,"parent":0,"menu_order":0,"comment_status":"closed","ping_status":"closed","template":"","meta":{"_acf_changed":false,"footnotes":""},"class_list":["post-15605","page","type-page","status-publish","hentry"],"acf":[],"yoast_head":"<!-- This site is optimized with the Yoast SEO plugin v27.4 - https:\/\/yoast.com\/product\/yoast-seo-wordpress\/ -->\n<title>DALDEWOLF in de DRC - Contact - DALDEWOLF<\/title>\n<meta name=\"robots\" content=\"index, follow, max-snippet:-1, max-image-preview:large, max-video-preview:-1\" \/>\n<link rel=\"canonical\" href=\"https:\/\/www.daldewolf.com\/nl\/daldewolf-in-de-drc-contact\/\" \/>\n<meta property=\"og:locale\" content=\"nl_NL\" \/>\n<meta property=\"og:type\" content=\"article\" \/>\n<meta property=\"og:title\" content=\"DALDEWOLF in de DRC - Contact - DALDEWOLF\" \/>\n<meta property=\"og:url\" content=\"https:\/\/www.daldewolf.com\/nl\/daldewolf-in-de-drc-contact\/\" \/>\n<meta property=\"og:site_name\" content=\"DALDEWOLF\" \/>\n<meta property=\"article:modified_time\" content=\"2025-10-30T09:55:37+00:00\" \/>\n<meta property=\"og:image\" content=\"https:\/\/www.daldewolf.com\/wp-content\/uploads\/2021\/05\/Daldewolf-fb.png\" \/>\n\t<meta property=\"og:image:width\" content=\"600\" \/>\n\t<meta property=\"og:image:height\" content=\"315\" \/>\n\t<meta property=\"og:image:type\" content=\"image\/png\" \/>\n<meta name=\"twitter:card\" content=\"summary_large_image\" \/>\n<meta name=\"twitter:label1\" content=\"Geschatte leestijd\" \/>\n\t<meta name=\"twitter:data1\" content=\"1 minuut\" \/>\n<script type=\"application\/ld+json\" class=\"yoast-schema-graph\">{\"@context\":\"https:\\\/\\\/schema.org\",\"@graph\":[{\"@type\":\"WebPage\",\"@id\":\"https:\\\/\\\/www.daldewolf.com\\\/nl\\\/daldewolf-in-de-drc-contact\\\/\",\"url\":\"https:\\\/\\\/www.daldewolf.com\\\/nl\\\/daldewolf-in-de-drc-contact\\\/\",\"name\":\"DALDEWOLF in de DRC - Contact - DALDEWOLF\",\"isPartOf\":{\"@id\":\"https:\\\/\\\/www.daldewolf.com\\\/nl\\\/#website\"},\"datePublished\":\"2024-10-14T16:01:27+00:00\",\"dateModified\":\"2025-10-30T09:55:37+00:00\",\"breadcrumb\":{\"@id\":\"https:\\\/\\\/www.daldewolf.com\\\/nl\\\/daldewolf-in-de-drc-contact\\\/#breadcrumb\"},\"inLanguage\":\"nl-NL\",\"potentialAction\":[{\"@type\":\"ReadAction\",\"target\":[\"https:\\\/\\\/www.daldewolf.com\\\/nl\\\/daldewolf-in-de-drc-contact\\\/\"]}]},{\"@type\":\"BreadcrumbList\",\"@id\":\"https:\\\/\\\/www.daldewolf.com\\\/nl\\\/daldewolf-in-de-drc-contact\\\/#breadcrumb\",\"itemListElement\":[{\"@type\":\"ListItem\",\"position\":1,\"name\":\"Home\",\"item\":\"https:\\\/\\\/www.daldewolf.com\\\/nl\\\/\"},{\"@type\":\"ListItem\",\"position\":2,\"name\":\"DALDEWOLF in de DRC &#8211; Contact\"}]},{\"@type\":\"WebSite\",\"@id\":\"https:\\\/\\\/www.daldewolf.com\\\/nl\\\/#website\",\"url\":\"https:\\\/\\\/www.daldewolf.com\\\/nl\\\/\",\"name\":\"DALDEWOLF\",\"description\":\"Independant Law firm, Since 1958.\",\"publisher\":{\"@id\":\"https:\\\/\\\/www.daldewolf.com\\\/nl\\\/#organization\"},\"potentialAction\":[{\"@type\":\"SearchAction\",\"target\":{\"@type\":\"EntryPoint\",\"urlTemplate\":\"https:\\\/\\\/www.daldewolf.com\\\/nl\\\/?s={search_term_string}\"},\"query-input\":{\"@type\":\"PropertyValueSpecification\",\"valueRequired\":true,\"valueName\":\"search_term_string\"}}],\"inLanguage\":\"nl-NL\"},{\"@type\":\"Organization\",\"@id\":\"https:\\\/\\\/www.daldewolf.com\\\/nl\\\/#organization\",\"name\":\"DALDEWOLF\",\"url\":\"https:\\\/\\\/www.daldewolf.com\\\/nl\\\/\",\"logo\":{\"@type\":\"ImageObject\",\"inLanguage\":\"nl-NL\",\"@id\":\"https:\\\/\\\/www.daldewolf.com\\\/nl\\\/#\\\/schema\\\/logo\\\/image\\\/\",\"url\":\"https:\\\/\\\/www.daldewolf.com\\\/wp-content\\\/uploads\\\/2020\\\/05\\\/Logo-Daldewolf.png\",\"contentUrl\":\"https:\\\/\\\/www.daldewolf.com\\\/wp-content\\\/uploads\\\/2020\\\/05\\\/Logo-Daldewolf.png\",\"width\":320,\"height\":40,\"caption\":\"DALDEWOLF\"},\"image\":{\"@id\":\"https:\\\/\\\/www.daldewolf.com\\\/nl\\\/#\\\/schema\\\/logo\\\/image\\\/\"},\"sameAs\":[\"https:\\\/\\\/www.linkedin.com\\\/company\\\/10193320\"]}]}<\/script>\n<!-- \/ Yoast SEO plugin. -->","yoast_head_json":{"title":"DALDEWOLF in de DRC - Contact - DALDEWOLF","robots":{"index":"index","follow":"follow","max-snippet":"max-snippet:-1","max-image-preview":"max-image-preview:large","max-video-preview":"max-video-preview:-1"},"canonical":"https:\/\/www.daldewolf.com\/nl\/daldewolf-in-de-drc-contact\/","og_locale":"nl_NL","og_type":"article","og_title":"DALDEWOLF in de DRC - Contact - DALDEWOLF","og_url":"https:\/\/www.daldewolf.com\/nl\/daldewolf-in-de-drc-contact\/","og_site_name":"DALDEWOLF","article_modified_time":"2025-10-30T09:55:37+00:00","og_image":[{"width":600,"height":315,"url":"https:\/\/www.daldewolf.com\/wp-content\/uploads\/2021\/05\/Daldewolf-fb.png","type":"image\/png"}],"twitter_card":"summary_large_image","twitter_misc":{"Geschatte leestijd":"1 minuut"},"schema":{"@context":"https:\/\/schema.org","@graph":[{"@type":"WebPage","@id":"https:\/\/www.daldewolf.com\/nl\/daldewolf-in-de-drc-contact\/","url":"https:\/\/www.daldewolf.com\/nl\/daldewolf-in-de-drc-contact\/","name":"DALDEWOLF in de DRC - Contact - DALDEWOLF","isPartOf":{"@id":"https:\/\/www.daldewolf.com\/nl\/#website"},"datePublished":"2024-10-14T16:01:27+00:00","dateModified":"2025-10-30T09:55:37+00:00","breadcrumb":{"@id":"https:\/\/www.daldewolf.com\/nl\/daldewolf-in-de-drc-contact\/#breadcrumb"},"inLanguage":"nl-NL","potentialAction":[{"@type":"ReadAction","target":["https:\/\/www.daldewolf.com\/nl\/daldewolf-in-de-drc-contact\/"]}]},{"@type":"BreadcrumbList","@id":"https:\/\/www.daldewolf.com\/nl\/daldewolf-in-de-drc-contact\/#breadcrumb","itemListElement":[{"@type":"ListItem","position":1,"name":"Home","item":"https:\/\/www.daldewolf.com\/nl\/"},{"@type":"ListItem","position":2,"name":"DALDEWOLF in de DRC &#8211; Contact"}]},{"@type":"WebSite","@id":"https:\/\/www.daldewolf.com\/nl\/#website","url":"https:\/\/www.daldewolf.com\/nl\/","name":"DALDEWOLF","description":"Independant Law firm, Since 1958.","publisher":{"@id":"https:\/\/www.daldewolf.com\/nl\/#organization"},"potentialAction":[{"@type":"SearchAction","target":{"@type":"EntryPoint","urlTemplate":"https:\/\/www.daldewolf.com\/nl\/?s={search_term_string}"},"query-input":{"@type":"PropertyValueSpecification","valueRequired":true,"valueName":"search_term_string"}}],"inLanguage":"nl-NL"},{"@type":"Organization","@id":"https:\/\/www.daldewolf.com\/nl\/#organization","name":"DALDEWOLF","url":"https:\/\/www.daldewolf.com\/nl\/","logo":{"@type":"ImageObject","inLanguage":"nl-NL","@id":"https:\/\/www.daldewolf.com\/nl\/#\/schema\/logo\/image\/","url":"https:\/\/www.daldewolf.com\/wp-content\/uploads\/2020\/05\/Logo-Daldewolf.png","contentUrl":"https:\/\/www.daldewolf.com\/wp-content\/uploads\/2020\/05\/Logo-Daldewolf.png","width":320,"height":40,"caption":"DALDEWOLF"},"image":{"@id":"https:\/\/www.daldewolf.com\/nl\/#\/schema\/logo\/image\/"},"sameAs":["https:\/\/www.linkedin.com\/company\/10193320"]}]}},"_links":{"self":[{"href":"https:\/\/www.daldewolf.com\/nl\/wp-json\/wp\/v2\/pages\/15605","targetHints":{"allow":["GET"]}}],"collection":[{"href":"https:\/\/www.daldewolf.com\/nl\/wp-json\/wp\/v2\/pages"}],"about":[{"href":"https:\/\/www.daldewolf.com\/nl\/wp-json\/wp\/v2\/types\/page"}],"author":[{"embeddable":true,"href":"https:\/\/www.daldewolf.com\/nl\/wp-json\/wp\/v2\/users\/5"}],"replies":[{"embeddable":true,"href":"https:\/\/www.daldewolf.com\/nl\/wp-json\/wp\/v2\/comments?post=15605"}],"version-history":[{"count":4,"href":"https:\/\/www.daldewolf.com\/nl\/wp-json\/wp\/v2\/pages\/15605\/revisions"}],"predecessor-version":[{"id":18036,"href":"https:\/\/www.daldewolf.com\/nl\/wp-json\/wp\/v2\/pages\/15605\/revisions\/18036"}],"wp:attachment":[{"href":"https:\/\/www.daldewolf.com\/nl\/wp-json\/wp\/v2\/media?parent=15605"}],"curies":[{"name":"wp","href":"https:\/\/api.w.org\/{rel}","templated":true}]}}