{"id":14970,"date":"2024-08-09T10:25:10","date_gmt":"2024-08-09T09:25:10","guid":{"rendered":"https:\/\/www.daldewolf.com\/daldewolf-china-asean-desk-het-kantoor\/"},"modified":"2024-10-16T17:39:21","modified_gmt":"2024-10-16T15:39:21","slug":"daldewolf-china-asean-desk-het-kantoor","status":"publish","type":"page","link":"https:\/\/www.daldewolf.com\/nl\/daldewolf-china-asean-desk-het-kantoor\/","title":{"rendered":"DALDEWOLF China &#038; ASEAN Desk &#8211; Het kantoor"},"content":{"rendered":"<section class=\"l-section wpb_row height_medium\"><div class=\"l-section-h i-cf\"><div class=\"g-cols vc_row via_flex valign_top type_default stacking_default\"><div class=\"vc_col-sm-4 wpb_column vc_column_container first-column-sp\"><div class=\"vc_column-inner type_sticky\"><div class=\"wpb_wrapper\"><div class=\"wpb_text_column\"><div class=\"wpb_wrapper\"><h2 style=\"text-align: center;\">OVER DALDEWOLF<br \/>\nCHINA &amp; ASEAN DESK<\/h2>\n<\/div><\/div><div class=\"g-cols wpb_row via_flex valign_top type_default stacking_default\"><div class=\"vc_col-sm-4 wpb_column vc_column_container\"><div class=\"vc_column-inner\"><div class=\"wpb_wrapper\"><\/div><\/div><\/div><div class=\"vc_col-sm-4 wpb_column vc_column_container\"><div class=\"vc_column-inner\"><div class=\"wpb_wrapper\"><div class=\"w-btn-wrapper align_center\"><a class=\"w-btn us-btn-style_4\" href=\"https:\/\/www.daldewolf.com\/en\/daldewolf-\u4e2d\u56fd\u4e1c\u76df\u4e1a\u52a1\u90e8-the-firm\/\"><span class=\"w-btn-label\">\u4e2d\u6587<\/span><\/a><\/div><\/div><\/div><\/div><div class=\"vc_col-sm-4 wpb_column vc_column_container\"><div class=\"vc_column-inner\"><div class=\"wpb_wrapper\"><\/div><\/div><\/div><\/div><nav class=\"w-menu us_custom_3c67a9ec layout_ver style_links us_menu_1\" style=\"--main-gap:1.5rem;--main-ver-indent:0.8em;--main-hor-indent:0.8em;--main-color:inherit;\" id=\"menu\"><ul id=\"menu-ddw-china-desk-nl\" class=\"menu\"><li id=\"menu-item-14990\" class=\"menu-item menu-item-type-post_type menu-item-object-page menu-item-14990\"><a href=\"https:\/\/www.daldewolf.com\/nl\/daldewolf-china-asean-desk-de-desk\/\">De China en ASEAN Desk<\/a><\/li><li id=\"menu-item-15801\" class=\"menu-item menu-item-type-post_type menu-item-object-page menu-item-15801\"><a href=\"https:\/\/www.daldewolf.com\/nl\/daldewolf-china-asean-desk-het-kantoor\/\">> more information<\/a><\/li><li id=\"menu-item-14989\" class=\"menu-item menu-item-type-post_type menu-item-object-page menu-item-14989\"><a href=\"https:\/\/www.daldewolf.com\/nl\/daldewolf-china-asean-desk-hoe-wij-kunnen-helpen\/\">Hoe we kunnen helpen<\/a><\/li><li id=\"menu-item-14986\" class=\"menu-item menu-item-type-post_type menu-item-object-page menu-item-14986\"><a href=\"https:\/\/www.daldewolf.com\/nl\/daldewolf-china-asean-desk-het-team\/\">Verantwoordelijke partner<\/a><\/li><li id=\"menu-item-14988\" class=\"menu-item menu-item-type-post_type menu-item-object-page menu-item-14988\"><a href=\"https:\/\/www.daldewolf.com\/nl\/daldewolf-china-asean-desk-nieuws-en-publicaties\/\">Nieuws en Publicaties<\/a><\/li><li id=\"menu-item-14985\" class=\"menu-item menu-item-type-post_type menu-item-object-page menu-item-14985\"><a href=\"https:\/\/www.daldewolf.com\/nl\/daldewolf-china-asean-desk-neem-contact-met-ons-op\/\">Neem contact met ons op<\/a><\/li><\/ul><style>@media ( max-width:600px ){.us_menu_1 .menu{display:block!important}.us_menu_1 .menu>li{margin:0 0 var(--main-gap,1.5rem)!important}}<\/style><\/nav><\/div><\/div><\/div><div class=\"vc_col-sm-8 wpb_column vc_column_container\"><div class=\"vc_column-inner\"><div class=\"wpb_wrapper\"><div class=\"wpb_text_column\"><div class=\"wpb_wrapper\"><h2>HET KANTOOR<\/h2>\n<\/div><\/div><div class=\"wpb_text_column\"><div class=\"wpb_wrapper\"><p><strong>DALDEWOLF is een onafhankelijk full-service advocatenkantoor gevestigd in Brussel, het hart van de Europese Unie, sinds 1958.<\/strong><\/p>\n<\/div><\/div><div class=\"g-cols wpb_row via_flex valign_top type_default stacking_default\"><div class=\"vc_col-sm-9 wpb_column vc_column_container\"><div class=\"vc_column-inner\"><div class=\"wpb_wrapper\"><div class=\"wpb_text_column us_custom_432d3f53\"><div class=\"wpb_wrapper\"><p>Als een van de acht oudste advocatenkantoren in Belgi\u00eb biedt DALDEWOLF uitgebreide juridische diensten aan Belgische, Europese en internationale cli\u00ebnten.<\/p>\n<p>DALDEWOLF staat in Belgi\u00eb bekend om zijn aanpak van complexe transacties, geschillen, arbitrages en andere juridische kwesties. Het kantoor wordt ook erkend binnen de juridische gemeenschap, vooral in het Franstalige deel, als een professioneel en prestigieus advocatenkantoor.<\/p>\n<p>DALDEWOLF is trots op het aantal advocaten met internationale profielen, die zijn ingeschreven bij de balies van Brussel, Kinshasa, New York, Parijs en Gen\u00e8ve. Zij kunnen meertalige diensten leveren aan cli\u00ebnten van over de hele wereld.<\/p>\n<p>DALDEWOLF maakt deel uit van het Geneva Group International (GGI) netwerk, een internationale alliantie van juridische en financi\u00eble professionals, actief op alle vijf continenten.<\/p>\n<p>DALDEWOLF is ook trots op de aanzienlijke bijdrage aan de juridische professie; onze advocaten zijn bestuursleden van de Academy of European Law (ERA), het Belgisch Centrum voor Arbitrage en Mediation (CEPANI), de International Chamber of Commerce in Belgi\u00eb (ICC Belgi\u00eb) en Search for Common Ground. Bovendien zijn onze advocaten regelmatig gastdocenten en professoren.<\/p>\n<\/div><\/div><\/div><\/div><\/div><div class=\"vc_col-sm-3 wpb_column vc_column_container\"><div class=\"vc_column-inner\"><div class=\"wpb_wrapper\"><div class=\"w-image has_ratio align_none\"><div class=\"w-image-h\"><div style=\"padding-bottom:100%\"><\/div><img decoding=\"async\" width=\"612\" height=\"576\" src=\"https:\/\/www.daldewolf.com\/wp-content\/uploads\/2022\/08\/DDW0.png\" class=\"attachment-full size-full\" alt=\"\" loading=\"lazy\" \/><\/div><\/div><div class=\"w-separator size_small\"><\/div><div class=\"w-image has_ratio align_none\"><div class=\"w-image-h\"><div style=\"padding-bottom:100%\"><\/div><img decoding=\"async\" width=\"1024\" height=\"512\" src=\"https:\/\/www.daldewolf.com\/wp-content\/uploads\/2024\/04\/Louise_horizontal-1024x512.jpg\" class=\"attachment-large size-large\" alt=\"\" loading=\"lazy\" \/><\/div><\/div><div class=\"w-separator size_small\"><\/div><div class=\"w-image has_ratio align_none\"><div class=\"w-image-h\"><div style=\"padding-bottom:100%\"><\/div><img decoding=\"async\" width=\"500\" height=\"345\" src=\"https:\/\/www.daldewolf.com\/wp-content\/uploads\/2020\/12\/40.jpg\" class=\"attachment-large size-large\" alt=\"\" loading=\"lazy\" \/><\/div><\/div><\/div><\/div><\/div><\/div><\/div><\/div><\/div><\/div><\/div><\/section>\n","protected":false},"excerpt":{"rendered":"OVER DALDEWOLF CHINA &amp; ASEAN DESK \u4e2d\u6587De China en ASEAN Desk> more informationHoe we kunnen helpenVerantwoordelijke partnerNieuws en PublicatiesNeem contact met ons opHET KANTOOR DALDEWOLF is een onafhankelijk full-service advocatenkantoor gevestigd in Brussel, het hart van de Europese Unie, sinds 1958. Als een van de acht oudste advocatenkantoren in Belgi\u00eb biedt DALDEWOLF uitgebreide juridische diensten...","protected":false},"author":5,"featured_media":0,"parent":0,"menu_order":0,"comment_status":"closed","ping_status":"closed","template":"","meta":{"_acf_changed":false,"footnotes":""},"class_list":["post-14970","page","type-page","status-publish","hentry"],"acf":[],"yoast_head":"<!-- This site is optimized with the Yoast SEO plugin v27.3 - https:\/\/yoast.com\/product\/yoast-seo-wordpress\/ -->\n<title>DALDEWOLF China &amp; ASEAN Desk - Het kantoor - DALDEWOLF<\/title>\n<meta name=\"description\" content=\"E\u00e9n van de acht oudste advocatenkantoren in Belgi\u00eb, DALDEWOLF biedt uitgebreide juridische diensten aan zowel nationale als internationale cli\u00ebnten.\" \/>\n<meta name=\"robots\" content=\"index, follow, max-snippet:-1, max-image-preview:large, max-video-preview:-1\" \/>\n<link rel=\"canonical\" href=\"https:\/\/www.daldewolf.com\/en\/daldewolf-china-asean-desk-the-firm\/\" \/>\n<meta property=\"og:locale\" content=\"nl_NL\" \/>\n<meta property=\"og:type\" content=\"article\" \/>\n<meta property=\"og:title\" content=\"DALDEWOLF China &amp; ASEAN Desk - Het kantoor - DALDEWOLF\" \/>\n<meta property=\"og:description\" content=\"E\u00e9n van de acht oudste advocatenkantoren in Belgi\u00eb, DALDEWOLF biedt uitgebreide juridische diensten aan zowel nationale als internationale cli\u00ebnten.\" \/>\n<meta property=\"og:url\" content=\"https:\/\/www.daldewolf.com\/en\/daldewolf-china-asean-desk-the-firm\/\" \/>\n<meta property=\"og:site_name\" content=\"DALDEWOLF\" \/>\n<meta property=\"article:modified_time\" content=\"2024-10-16T15:39:21+00:00\" \/>\n<meta property=\"og:image\" content=\"https:\/\/www.daldewolf.com\/wp-content\/uploads\/2021\/05\/Daldewolf-fb.png\" \/>\n\t<meta property=\"og:image:width\" content=\"600\" \/>\n\t<meta property=\"og:image:height\" content=\"315\" \/>\n\t<meta property=\"og:image:type\" content=\"image\/png\" \/>\n<meta name=\"twitter:card\" content=\"summary_large_image\" \/>\n<meta name=\"twitter:label1\" content=\"Geschatte leestijd\" \/>\n\t<meta name=\"twitter:data1\" content=\"2 minuten\" \/>\n<script type=\"application\/ld+json\" class=\"yoast-schema-graph\">{\"@context\":\"https:\\\/\\\/schema.org\",\"@graph\":[{\"@type\":\"WebPage\",\"@id\":\"https:\\\/\\\/www.daldewolf.com\\\/en\\\/daldewolf-china-asean-desk-the-firm\\\/\",\"url\":\"https:\\\/\\\/www.daldewolf.com\\\/en\\\/daldewolf-china-asean-desk-the-firm\\\/\",\"name\":\"DALDEWOLF China & ASEAN Desk - Het kantoor - DALDEWOLF\",\"isPartOf\":{\"@id\":\"https:\\\/\\\/www.daldewolf.com\\\/nl\\\/#website\"},\"datePublished\":\"2024-08-09T09:25:10+00:00\",\"dateModified\":\"2024-10-16T15:39:21+00:00\",\"description\":\"E\u00e9n van de acht oudste advocatenkantoren in Belgi\u00eb, DALDEWOLF biedt uitgebreide juridische diensten aan zowel nationale als internationale cli\u00ebnten.\",\"breadcrumb\":{\"@id\":\"https:\\\/\\\/www.daldewolf.com\\\/en\\\/daldewolf-china-asean-desk-the-firm\\\/#breadcrumb\"},\"inLanguage\":\"nl-NL\",\"potentialAction\":[{\"@type\":\"ReadAction\",\"target\":[\"https:\\\/\\\/www.daldewolf.com\\\/en\\\/daldewolf-china-asean-desk-the-firm\\\/\"]}]},{\"@type\":\"BreadcrumbList\",\"@id\":\"https:\\\/\\\/www.daldewolf.com\\\/en\\\/daldewolf-china-asean-desk-the-firm\\\/#breadcrumb\",\"itemListElement\":[{\"@type\":\"ListItem\",\"position\":1,\"name\":\"Home\",\"item\":\"https:\\\/\\\/www.daldewolf.com\\\/nl\\\/\"},{\"@type\":\"ListItem\",\"position\":2,\"name\":\"DALDEWOLF China &#038; ASEAN Desk &#8211; Het kantoor\"}]},{\"@type\":\"WebSite\",\"@id\":\"https:\\\/\\\/www.daldewolf.com\\\/nl\\\/#website\",\"url\":\"https:\\\/\\\/www.daldewolf.com\\\/nl\\\/\",\"name\":\"DALDEWOLF\",\"description\":\"Independant Law firm, Since 1958.\",\"publisher\":{\"@id\":\"https:\\\/\\\/www.daldewolf.com\\\/nl\\\/#organization\"},\"potentialAction\":[{\"@type\":\"SearchAction\",\"target\":{\"@type\":\"EntryPoint\",\"urlTemplate\":\"https:\\\/\\\/www.daldewolf.com\\\/nl\\\/?s={search_term_string}\"},\"query-input\":{\"@type\":\"PropertyValueSpecification\",\"valueRequired\":true,\"valueName\":\"search_term_string\"}}],\"inLanguage\":\"nl-NL\"},{\"@type\":\"Organization\",\"@id\":\"https:\\\/\\\/www.daldewolf.com\\\/nl\\\/#organization\",\"name\":\"DALDEWOLF\",\"url\":\"https:\\\/\\\/www.daldewolf.com\\\/nl\\\/\",\"logo\":{\"@type\":\"ImageObject\",\"inLanguage\":\"nl-NL\",\"@id\":\"https:\\\/\\\/www.daldewolf.com\\\/nl\\\/#\\\/schema\\\/logo\\\/image\\\/\",\"url\":\"https:\\\/\\\/www.daldewolf.com\\\/wp-content\\\/uploads\\\/2020\\\/05\\\/Logo-Daldewolf.png\",\"contentUrl\":\"https:\\\/\\\/www.daldewolf.com\\\/wp-content\\\/uploads\\\/2020\\\/05\\\/Logo-Daldewolf.png\",\"width\":320,\"height\":40,\"caption\":\"DALDEWOLF\"},\"image\":{\"@id\":\"https:\\\/\\\/www.daldewolf.com\\\/nl\\\/#\\\/schema\\\/logo\\\/image\\\/\"},\"sameAs\":[\"https:\\\/\\\/www.linkedin.com\\\/company\\\/10193320\"]}]}<\/script>\n<!-- \/ Yoast SEO plugin. -->","yoast_head_json":{"title":"DALDEWOLF China & ASEAN Desk - Het kantoor - DALDEWOLF","description":"E\u00e9n van de acht oudste advocatenkantoren in Belgi\u00eb, DALDEWOLF biedt uitgebreide juridische diensten aan zowel nationale als internationale cli\u00ebnten.","robots":{"index":"index","follow":"follow","max-snippet":"max-snippet:-1","max-image-preview":"max-image-preview:large","max-video-preview":"max-video-preview:-1"},"canonical":"https:\/\/www.daldewolf.com\/en\/daldewolf-china-asean-desk-the-firm\/","og_locale":"nl_NL","og_type":"article","og_title":"DALDEWOLF China & ASEAN Desk - Het kantoor - DALDEWOLF","og_description":"E\u00e9n van de acht oudste advocatenkantoren in Belgi\u00eb, DALDEWOLF biedt uitgebreide juridische diensten aan zowel nationale als internationale cli\u00ebnten.","og_url":"https:\/\/www.daldewolf.com\/en\/daldewolf-china-asean-desk-the-firm\/","og_site_name":"DALDEWOLF","article_modified_time":"2024-10-16T15:39:21+00:00","og_image":[{"width":600,"height":315,"url":"https:\/\/www.daldewolf.com\/wp-content\/uploads\/2021\/05\/Daldewolf-fb.png","type":"image\/png"}],"twitter_card":"summary_large_image","twitter_misc":{"Geschatte leestijd":"2 minuten"},"schema":{"@context":"https:\/\/schema.org","@graph":[{"@type":"WebPage","@id":"https:\/\/www.daldewolf.com\/en\/daldewolf-china-asean-desk-the-firm\/","url":"https:\/\/www.daldewolf.com\/en\/daldewolf-china-asean-desk-the-firm\/","name":"DALDEWOLF China & ASEAN Desk - Het kantoor - DALDEWOLF","isPartOf":{"@id":"https:\/\/www.daldewolf.com\/nl\/#website"},"datePublished":"2024-08-09T09:25:10+00:00","dateModified":"2024-10-16T15:39:21+00:00","description":"E\u00e9n van de acht oudste advocatenkantoren in Belgi\u00eb, DALDEWOLF biedt uitgebreide juridische diensten aan zowel nationale als internationale cli\u00ebnten.","breadcrumb":{"@id":"https:\/\/www.daldewolf.com\/en\/daldewolf-china-asean-desk-the-firm\/#breadcrumb"},"inLanguage":"nl-NL","potentialAction":[{"@type":"ReadAction","target":["https:\/\/www.daldewolf.com\/en\/daldewolf-china-asean-desk-the-firm\/"]}]},{"@type":"BreadcrumbList","@id":"https:\/\/www.daldewolf.com\/en\/daldewolf-china-asean-desk-the-firm\/#breadcrumb","itemListElement":[{"@type":"ListItem","position":1,"name":"Home","item":"https:\/\/www.daldewolf.com\/nl\/"},{"@type":"ListItem","position":2,"name":"DALDEWOLF China &#038; ASEAN Desk &#8211; Het kantoor"}]},{"@type":"WebSite","@id":"https:\/\/www.daldewolf.com\/nl\/#website","url":"https:\/\/www.daldewolf.com\/nl\/","name":"DALDEWOLF","description":"Independant Law firm, Since 1958.","publisher":{"@id":"https:\/\/www.daldewolf.com\/nl\/#organization"},"potentialAction":[{"@type":"SearchAction","target":{"@type":"EntryPoint","urlTemplate":"https:\/\/www.daldewolf.com\/nl\/?s={search_term_string}"},"query-input":{"@type":"PropertyValueSpecification","valueRequired":true,"valueName":"search_term_string"}}],"inLanguage":"nl-NL"},{"@type":"Organization","@id":"https:\/\/www.daldewolf.com\/nl\/#organization","name":"DALDEWOLF","url":"https:\/\/www.daldewolf.com\/nl\/","logo":{"@type":"ImageObject","inLanguage":"nl-NL","@id":"https:\/\/www.daldewolf.com\/nl\/#\/schema\/logo\/image\/","url":"https:\/\/www.daldewolf.com\/wp-content\/uploads\/2020\/05\/Logo-Daldewolf.png","contentUrl":"https:\/\/www.daldewolf.com\/wp-content\/uploads\/2020\/05\/Logo-Daldewolf.png","width":320,"height":40,"caption":"DALDEWOLF"},"image":{"@id":"https:\/\/www.daldewolf.com\/nl\/#\/schema\/logo\/image\/"},"sameAs":["https:\/\/www.linkedin.com\/company\/10193320"]}]}},"_links":{"self":[{"href":"https:\/\/www.daldewolf.com\/nl\/wp-json\/wp\/v2\/pages\/14970","targetHints":{"allow":["GET"]}}],"collection":[{"href":"https:\/\/www.daldewolf.com\/nl\/wp-json\/wp\/v2\/pages"}],"about":[{"href":"https:\/\/www.daldewolf.com\/nl\/wp-json\/wp\/v2\/types\/page"}],"author":[{"embeddable":true,"href":"https:\/\/www.daldewolf.com\/nl\/wp-json\/wp\/v2\/users\/5"}],"replies":[{"embeddable":true,"href":"https:\/\/www.daldewolf.com\/nl\/wp-json\/wp\/v2\/comments?post=14970"}],"version-history":[{"count":0,"href":"https:\/\/www.daldewolf.com\/nl\/wp-json\/wp\/v2\/pages\/14970\/revisions"}],"wp:attachment":[{"href":"https:\/\/www.daldewolf.com\/nl\/wp-json\/wp\/v2\/media?parent=14970"}],"curies":[{"name":"wp","href":"https:\/\/api.w.org\/{rel}","templated":true}]}}