{"id":14961,"date":"2024-08-09T10:19:18","date_gmt":"2024-08-09T09:19:18","guid":{"rendered":"https:\/\/www.daldewolf.com\/daldewolf-china-asean-desk-hoe-wij-kunnen-helpen\/"},"modified":"2024-10-16T11:02:11","modified_gmt":"2024-10-16T09:02:11","slug":"daldewolf-china-asean-desk-hoe-wij-kunnen-helpen","status":"publish","type":"page","link":"https:\/\/www.daldewolf.com\/nl\/daldewolf-china-asean-desk-hoe-wij-kunnen-helpen\/","title":{"rendered":"DALDEWOLF China &#038; ASEAN Desk &#8211; Hoe we kunnen helpen"},"content":{"rendered":"<section class=\"l-section wpb_row height_medium\"><div class=\"l-section-h i-cf\"><div class=\"g-cols vc_row via_flex valign_top type_default stacking_default\"><div class=\"vc_col-sm-4 wpb_column vc_column_container first-column-sp\"><div class=\"vc_column-inner type_sticky\"><div class=\"wpb_wrapper\"><div class=\"wpb_text_column\"><div class=\"wpb_wrapper\"><h2 style=\"text-align: center;\">OVER DALDEWOLF<br \/>\nCHINA &amp; ASEAN DESK<\/h2>\n<\/div><\/div><div class=\"g-cols wpb_row via_flex valign_top type_default stacking_default\"><div class=\"vc_col-sm-4 wpb_column vc_column_container\"><div class=\"vc_column-inner\"><div class=\"wpb_wrapper\"><\/div><\/div><\/div><div class=\"vc_col-sm-4 wpb_column vc_column_container\"><div class=\"vc_column-inner\"><div class=\"wpb_wrapper\"><div class=\"w-btn-wrapper align_center\"><a class=\"w-btn us-btn-style_4\" href=\"https:\/\/www.daldewolf.com\/en\/daldewolf-\u4e2d\u56fd\u4e1c\u76df\u4e1a\u52a1\u90e8-how-we-can-help\/\"><span class=\"w-btn-label\">\u4e2d\u6587<\/span><\/a><\/div><\/div><\/div><\/div><div class=\"vc_col-sm-4 wpb_column vc_column_container\"><div class=\"vc_column-inner\"><div class=\"wpb_wrapper\"><\/div><\/div><\/div><\/div><nav class=\"w-menu us_custom_e514b55e menu layout_ver style_links us_menu_1\" style=\"--main-gap:1.5rem;--main-ver-indent:0.8em;--main-hor-indent:0.8em;--main-color:inherit;\"><ul id=\"menu-ddw-china-desk-nl\" class=\"menu\"><li id=\"menu-item-14990\" class=\"menu-item menu-item-type-post_type menu-item-object-page menu-item-14990\"><a href=\"https:\/\/www.daldewolf.com\/nl\/daldewolf-china-asean-desk-de-desk\/\">De China en ASEAN Desk<\/a><\/li><li id=\"menu-item-15801\" class=\"menu-item menu-item-type-post_type menu-item-object-page menu-item-15801\"><a href=\"https:\/\/www.daldewolf.com\/nl\/daldewolf-china-asean-desk-het-kantoor\/\">> more information<\/a><\/li><li id=\"menu-item-14989\" class=\"menu-item menu-item-type-post_type menu-item-object-page menu-item-14989\"><a href=\"https:\/\/www.daldewolf.com\/nl\/daldewolf-china-asean-desk-hoe-wij-kunnen-helpen\/\">Hoe we kunnen helpen<\/a><\/li><li id=\"menu-item-14986\" class=\"menu-item menu-item-type-post_type menu-item-object-page menu-item-14986\"><a href=\"https:\/\/www.daldewolf.com\/nl\/daldewolf-china-asean-desk-het-team\/\">Verantwoordelijke partner<\/a><\/li><li id=\"menu-item-14988\" class=\"menu-item menu-item-type-post_type menu-item-object-page menu-item-14988\"><a href=\"https:\/\/www.daldewolf.com\/nl\/daldewolf-china-asean-desk-nieuws-en-publicaties\/\">Nieuws en Publicaties<\/a><\/li><li id=\"menu-item-14985\" class=\"menu-item menu-item-type-post_type menu-item-object-page menu-item-14985\"><a href=\"https:\/\/www.daldewolf.com\/nl\/daldewolf-china-asean-desk-neem-contact-met-ons-op\/\">Neem contact met ons op<\/a><\/li><\/ul><style>@media ( max-width:600px ){.us_menu_1 .menu{display:block!important}.us_menu_1 .menu>li{margin:0 0 var(--main-gap,1.5rem)!important}}<\/style><\/nav><\/div><\/div><\/div><div class=\"vc_col-sm-8 wpb_column vc_column_container\"><div class=\"vc_column-inner\"><div class=\"wpb_wrapper\"><div class=\"wpb_text_column\"><div class=\"wpb_wrapper\"><h2>HOE WE KUNNEN HELPEN<\/h2>\n<\/div><\/div><div class=\"g-cols wpb_row via_flex valign_top type_default stacking_default\"><div class=\"vc_col-sm-6 wpb_column vc_column_container\"><div class=\"vc_column-inner\"><div class=\"wpb_wrapper\"><div class=\"wpb_text_column with_collapsible_content\" data-content-height=\"150px\"><div class=\"wpb_wrapper\"><h3>Vennootschapsrecht<\/h3>\n<p>DALDEWOLF heeft een uitstekend team van specialisten in het vennootschapsrecht.<br \/>\nDe activiteiten richten zich op:<\/p>\n<ul>\n<li>Transacties: private equity, transacties op de kapitaalmarkten, fusies en overnames, herstructureringsoperaties<\/li>\n<li>Corporate governance, oprichting van vennootschappen, algemeen advies over vennootschapsrecht<\/li>\n<li>Vennootschapsgerelateerde geschillen en arbitrage<\/li>\n<\/ul>\n<\/div><div class=\"toggle-links align_none\"><button class=\"collapsible-content-more\">+++<\/button><button class=\"collapsible-content-less\">---<\/button><\/div><\/div><div class=\"wpb_text_column with_collapsible_content\" data-content-height=\"150px\"><div class=\"wpb_wrapper\"><h3>Economisch Recht<\/h3>\n<p>DALDEWOLF ondersteunt bedrijven bij het ontplooien van hun activiteiten op de markt, met name bij het onderhandelen en opstellen van B2B- en B2C-contracten, inclusief commerci\u00eble bemiddelingsovereenkomsten en internationale contracten.<\/p>\n<\/div><div class=\"toggle-links align_none\"><button class=\"collapsible-content-more\">+++<\/button><button class=\"collapsible-content-less\">---<\/button><\/div><\/div><div class=\"wpb_text_column with_collapsible_content\" data-content-height=\"150px\"><div class=\"wpb_wrapper\"><h3>Bank- en Financieel Recht<\/h3>\n<p>Het team bank- en financieel recht van DALDEWOLF heeft uitgebreide ervaring met en binnen banken en financi\u00eble instellingen. Hun diensten zijn op maat gemaakt van de specifieke behoeften van hun cli\u00ebnten, waarbij diepgaande kennis en ervaring in de bank- en financi\u00eble sector worden gecombineerd met een scherp inzicht in de specifieke kenmerken van de onderneming van de cli\u00ebnt.<\/p>\n<\/div><div class=\"toggle-links align_none\"><button class=\"collapsible-content-more\">+++<\/button><button class=\"collapsible-content-less\">---<\/button><\/div><\/div><div class=\"wpb_text_column with_collapsible_content\" data-content-height=\"150px\"><div class=\"wpb_wrapper\"><h3>Publiek &amp; administratief recht<\/h3>\n<p>DALDEWOLF biedt ondersteuning aan cli\u00ebnten, zowel publiek als privaat, op terreinen waar de publieke sector interactie heeft met de private sector. Dit omvat overheidsopdrachten, concessies, het gebruik van publieke eigendommen, gereguleerde activiteiten en diensten van algemeen economisch belang. De advocaten van het kantoor behandelen ook zaken met betrekking tot de bescherming van fundamentele rechten (rechtsbescherming, privacy, vrijheid van meningsuiting, vrijheid van beweging, vrijheid van ondernemerschap) en zijn betrokken bij constitutionele en administratieve geschillen.<\/p>\n<\/div><div class=\"toggle-links align_none\"><button class=\"collapsible-content-more\">+++<\/button><button class=\"collapsible-content-less\">---<\/button><\/div><\/div><div class=\"wpb_text_column with_collapsible_content\" data-content-height=\"150px\"><div class=\"wpb_wrapper\"><h3>Voedingswetgeving<\/h3>\n<p>Het Voedingswetgevingsteam van DALDEWOLF staat onder leiding van een van de weinige erkende experts op dit gebied in Belgi\u00eb en Europa. Met een grondig begrip van de sector en de uitdagingen waarmee deze geconfronteerd wordt, streeft het team ernaar een waardevolle partner te zijn voor voedingsbedrijven, door hen op het hoogste niveau te ondersteunen bij de ontwikkeling van hun projecten en, indien nodig, bij crisisbeheer, conflicten met concurrerende bedrijven en gesprekken met administratieve instanties (FAVV, Commissie, EFSA).<\/p>\n<\/div><div class=\"toggle-links align_none\"><button class=\"collapsible-content-more\">+++<\/button><button class=\"collapsible-content-less\">---<\/button><\/div><\/div><\/div><\/div><\/div><div class=\"vc_col-sm-6 wpb_column vc_column_container\"><div class=\"vc_column-inner\"><div class=\"wpb_wrapper\"><div class=\"wpb_text_column with_collapsible_content\" data-content-height=\"150px\"><div class=\"wpb_wrapper\"><h3>Arbitrage, Complexe Geschillen en Mediation<\/h3>\n<p><em><strong>Arbitrage<\/strong><\/em><br \/>\nDe advocaten bij DALDEWOLF houden zich bezig met zowel nationale als internationale arbitrage, zowel als adviseurs als, voor sommigen, als arbiters. Ze zijn bekend met ad hoc arbitrageprocedures of die uitgevoerd onder de auspici\u00ebn van instellingen zoals CEPANI, ICC, ICDR, het Zwitserse Arbitragecentrum, UNCITRAL, OHADA, CIETAC of SIAC.<\/p>\n<p><em><strong>Complexe Geschillen<\/strong><\/em><br \/>\nBinnen haar procespraktijk heeft DALDEWOLF specifieke expertise ontwikkeld in het beheer van complexe geschillen.<\/p>\n<p><em><strong>Mediation<\/strong><\/em><br \/>\nMet de actieve bevordering en ondersteuning van wetgevers op zowel nationaal als internationaal niveau, kiezen partijen steeds vaker voor mediation bij civiele en commerci\u00eble geschillen. Partners bij DALDEWOLF zijn gespecialiseerd in mediation voor dergelijke geschillen en worden de voorkeur in Belgi\u00eb voor het oplossen van geschillen met lokale, Europese of Amerikaanse cli\u00ebnten.<\/p>\n<\/div><div class=\"toggle-links align_none\"><button class=\"collapsible-content-more\">+++<\/button><button class=\"collapsible-content-less\">---<\/button><\/div><\/div><div class=\"wpb_text_column with_collapsible_content\" data-content-height=\"150px\"><div class=\"wpb_wrapper\"><h3>Europese Unie Recht<\/h3>\n<p>DALDEWOLF wijdt een team van ervaren advocaten aan dit onderwerp, van wie sommigen regelmatig pleiten voor nationale en internationale bevoegde rechtbanken, zoals het Hof van Justitie van de Europese Unie. DALDEWOLF heeft uitgebreide ervaring op het gebied van de interne markt, overheidsopdrachten, subsidies en het Gemeenschappelijk Buitenlands en Veiligheidsbeleid (GBVB).<\/p>\n<\/div><div class=\"toggle-links align_none\"><button class=\"collapsible-content-more\">+++<\/button><button class=\"collapsible-content-less\">---<\/button><\/div><\/div><div class=\"wpb_text_column with_collapsible_content\" data-content-height=\"150px\"><div class=\"wpb_wrapper\"><h3>Belastingsrecht<\/h3>\n<p>DALDEWOLF biedt uitgebreide belastingbijstand aan bedrijven, individuen en entiteiten in zowel de publieke als non-profit sectoren, in het kader van hun nationale en internationale activiteiten. Dit omvat onder andere bedrijfs- of groepsherstructureringen, vruchtgebruik- en blote-eigendomstructuren, bedrijfsoverdrachten, belastingverhuizingen, belastingimplicaties van salarisverdelingen, vastgoedtransacties, financi\u00eble operaties en de relaties tussen leidinggevenden en hun bedrijven.<\/p>\n<p>DALDEWOLF beschikt over gespecialiseerde teams die zich richten op het beheer van de btw-aspecten (Belasting Toegevoegde Waarde) van de verschillende activiteiten en projecten van cli\u00ebnten.<\/p>\n<\/div><div class=\"toggle-links align_none\"><button class=\"collapsible-content-more\">+++<\/button><button class=\"collapsible-content-less\">---<\/button><\/div><\/div><div class=\"wpb_text_column with_collapsible_content\" data-content-height=\"150px\"><div class=\"wpb_wrapper\"><h3>Employment and Social Security Law<\/h3>\n<p>DALDEWOLF biedt een uitgebreide reeks diensten aan in arbeidsrecht en sociale zekerheidsrecht, zowel op het vlak van adviesverlening als bij het beheren van geschillen voor arbeidsrechtbanken en -hoven.<\/p>\n<\/div><div class=\"toggle-links align_none\"><button class=\"collapsible-content-more\">+++<\/button><button class=\"collapsible-content-less\">---<\/button><\/div><\/div><div class=\"wpb_text_column with_collapsible_content\" data-content-height=\"150px\"><div class=\"wpb_wrapper\"><h3>Vastgoed en Bouw<\/h3>\n<p>DALDEWOLF heeft uitgebreide expertise ontwikkeld in zowel private als openbare bouwprojecten, waaronder multifunctionele complexen, kantoren, woningen, industri\u00eble gebouwen en meer. Klanten worden geadviseerd in elke fase van het project, van het voorlopig ontwerp tot de oplevering, en ook bij eventuele claims na acceptatie. Het kantoor ondersteunt ontwikkelaars, promotoren, aannemers, ingenieurs, architecten, kopers en gebruikers.<\/p>\n<\/div><div class=\"toggle-links align_none\"><button class=\"collapsible-content-more\">+++<\/button><button class=\"collapsible-content-less\">---<\/button><\/div><\/div><\/div><\/div><\/div><\/div><\/div><\/div><\/div><\/div><\/div><\/section>\n","protected":false},"excerpt":{"rendered":"OVER DALDEWOLF CHINA &amp; ASEAN DESK \u4e2d\u6587De China en ASEAN Desk> more informationHoe we kunnen helpenVerantwoordelijke partnerNieuws en PublicatiesNeem contact met ons opHOE WE KUNNEN HELPEN Vennootschapsrecht DALDEWOLF heeft een uitstekend team van specialisten in het vennootschapsrecht. De activiteiten richten zich op: Transacties: private equity, transacties op de kapitaalmarkten, fusies en overnames, herstructureringsoperaties Corporate governance,...","protected":false},"author":5,"featured_media":0,"parent":0,"menu_order":0,"comment_status":"closed","ping_status":"closed","template":"","meta":{"_acf_changed":false,"footnotes":""},"class_list":["post-14961","page","type-page","status-publish","hentry"],"acf":[],"yoast_head":"<!-- This site is optimized with the Yoast SEO plugin v27.3 - https:\/\/yoast.com\/product\/yoast-seo-wordpress\/ -->\n<title>DALDEWOLF China &amp; ASEAN Desk - Hoe we kunnen helpen - DALDEWOLF<\/title>\n<meta name=\"description\" content=\"De China &amp; ASEAN Desk van DALDEWOLF biedt een breed scala aan juridische diensten aan investeerders uit China en ASEAN-landen.\" \/>\n<meta name=\"robots\" content=\"index, follow, max-snippet:-1, max-image-preview:large, max-video-preview:-1\" \/>\n<link rel=\"canonical\" href=\"https:\/\/www.daldewolf.com\/nl\/daldewolf-china-asean-desk-hoe-wij-kunnen-helpen\/\" \/>\n<meta property=\"og:locale\" content=\"nl_NL\" \/>\n<meta property=\"og:type\" content=\"article\" \/>\n<meta property=\"og:title\" content=\"DALDEWOLF China &amp; ASEAN Desk - Hoe we kunnen helpen - DALDEWOLF\" \/>\n<meta property=\"og:description\" content=\"De China &amp; ASEAN Desk van DALDEWOLF biedt een breed scala aan juridische diensten aan investeerders uit China en ASEAN-landen.\" \/>\n<meta property=\"og:url\" content=\"https:\/\/www.daldewolf.com\/nl\/daldewolf-china-asean-desk-hoe-wij-kunnen-helpen\/\" \/>\n<meta property=\"og:site_name\" content=\"DALDEWOLF\" \/>\n<meta property=\"article:modified_time\" content=\"2024-10-16T09:02:11+00:00\" \/>\n<meta property=\"og:image\" content=\"https:\/\/www.daldewolf.com\/wp-content\/uploads\/2021\/05\/Daldewolf-fb.png\" \/>\n\t<meta property=\"og:image:width\" content=\"600\" \/>\n\t<meta property=\"og:image:height\" content=\"315\" \/>\n\t<meta property=\"og:image:type\" content=\"image\/png\" \/>\n<meta name=\"twitter:card\" content=\"summary_large_image\" \/>\n<meta name=\"twitter:label1\" content=\"Geschatte leestijd\" \/>\n\t<meta name=\"twitter:data1\" content=\"4 minuten\" \/>\n<script type=\"application\/ld+json\" class=\"yoast-schema-graph\">{\"@context\":\"https:\\\/\\\/schema.org\",\"@graph\":[{\"@type\":\"WebPage\",\"@id\":\"https:\\\/\\\/www.daldewolf.com\\\/nl\\\/daldewolf-china-asean-desk-hoe-wij-kunnen-helpen\\\/\",\"url\":\"https:\\\/\\\/www.daldewolf.com\\\/nl\\\/daldewolf-china-asean-desk-hoe-wij-kunnen-helpen\\\/\",\"name\":\"DALDEWOLF China & ASEAN Desk - Hoe we kunnen helpen - DALDEWOLF\",\"isPartOf\":{\"@id\":\"https:\\\/\\\/www.daldewolf.com\\\/nl\\\/#website\"},\"datePublished\":\"2024-08-09T09:19:18+00:00\",\"dateModified\":\"2024-10-16T09:02:11+00:00\",\"description\":\"De China & ASEAN Desk van DALDEWOLF biedt een breed scala aan juridische diensten aan investeerders uit China en ASEAN-landen.\",\"breadcrumb\":{\"@id\":\"https:\\\/\\\/www.daldewolf.com\\\/nl\\\/daldewolf-china-asean-desk-hoe-wij-kunnen-helpen\\\/#breadcrumb\"},\"inLanguage\":\"nl-NL\",\"potentialAction\":[{\"@type\":\"ReadAction\",\"target\":[\"https:\\\/\\\/www.daldewolf.com\\\/nl\\\/daldewolf-china-asean-desk-hoe-wij-kunnen-helpen\\\/\"]}]},{\"@type\":\"BreadcrumbList\",\"@id\":\"https:\\\/\\\/www.daldewolf.com\\\/nl\\\/daldewolf-china-asean-desk-hoe-wij-kunnen-helpen\\\/#breadcrumb\",\"itemListElement\":[{\"@type\":\"ListItem\",\"position\":1,\"name\":\"Home\",\"item\":\"https:\\\/\\\/www.daldewolf.com\\\/nl\\\/\"},{\"@type\":\"ListItem\",\"position\":2,\"name\":\"DALDEWOLF China &#038; ASEAN Desk &#8211; Hoe we kunnen helpen\"}]},{\"@type\":\"WebSite\",\"@id\":\"https:\\\/\\\/www.daldewolf.com\\\/nl\\\/#website\",\"url\":\"https:\\\/\\\/www.daldewolf.com\\\/nl\\\/\",\"name\":\"DALDEWOLF\",\"description\":\"Independant Law firm, Since 1958.\",\"publisher\":{\"@id\":\"https:\\\/\\\/www.daldewolf.com\\\/nl\\\/#organization\"},\"potentialAction\":[{\"@type\":\"SearchAction\",\"target\":{\"@type\":\"EntryPoint\",\"urlTemplate\":\"https:\\\/\\\/www.daldewolf.com\\\/nl\\\/?s={search_term_string}\"},\"query-input\":{\"@type\":\"PropertyValueSpecification\",\"valueRequired\":true,\"valueName\":\"search_term_string\"}}],\"inLanguage\":\"nl-NL\"},{\"@type\":\"Organization\",\"@id\":\"https:\\\/\\\/www.daldewolf.com\\\/nl\\\/#organization\",\"name\":\"DALDEWOLF\",\"url\":\"https:\\\/\\\/www.daldewolf.com\\\/nl\\\/\",\"logo\":{\"@type\":\"ImageObject\",\"inLanguage\":\"nl-NL\",\"@id\":\"https:\\\/\\\/www.daldewolf.com\\\/nl\\\/#\\\/schema\\\/logo\\\/image\\\/\",\"url\":\"https:\\\/\\\/www.daldewolf.com\\\/wp-content\\\/uploads\\\/2020\\\/05\\\/Logo-Daldewolf.png\",\"contentUrl\":\"https:\\\/\\\/www.daldewolf.com\\\/wp-content\\\/uploads\\\/2020\\\/05\\\/Logo-Daldewolf.png\",\"width\":320,\"height\":40,\"caption\":\"DALDEWOLF\"},\"image\":{\"@id\":\"https:\\\/\\\/www.daldewolf.com\\\/nl\\\/#\\\/schema\\\/logo\\\/image\\\/\"},\"sameAs\":[\"https:\\\/\\\/www.linkedin.com\\\/company\\\/10193320\"]}]}<\/script>\n<!-- \/ Yoast SEO plugin. -->","yoast_head_json":{"title":"DALDEWOLF China & ASEAN Desk - Hoe we kunnen helpen - DALDEWOLF","description":"De China & ASEAN Desk van DALDEWOLF biedt een breed scala aan juridische diensten aan investeerders uit China en ASEAN-landen.","robots":{"index":"index","follow":"follow","max-snippet":"max-snippet:-1","max-image-preview":"max-image-preview:large","max-video-preview":"max-video-preview:-1"},"canonical":"https:\/\/www.daldewolf.com\/nl\/daldewolf-china-asean-desk-hoe-wij-kunnen-helpen\/","og_locale":"nl_NL","og_type":"article","og_title":"DALDEWOLF China & ASEAN Desk - Hoe we kunnen helpen - DALDEWOLF","og_description":"De China & ASEAN Desk van DALDEWOLF biedt een breed scala aan juridische diensten aan investeerders uit China en ASEAN-landen.","og_url":"https:\/\/www.daldewolf.com\/nl\/daldewolf-china-asean-desk-hoe-wij-kunnen-helpen\/","og_site_name":"DALDEWOLF","article_modified_time":"2024-10-16T09:02:11+00:00","og_image":[{"width":600,"height":315,"url":"https:\/\/www.daldewolf.com\/wp-content\/uploads\/2021\/05\/Daldewolf-fb.png","type":"image\/png"}],"twitter_card":"summary_large_image","twitter_misc":{"Geschatte leestijd":"4 minuten"},"schema":{"@context":"https:\/\/schema.org","@graph":[{"@type":"WebPage","@id":"https:\/\/www.daldewolf.com\/nl\/daldewolf-china-asean-desk-hoe-wij-kunnen-helpen\/","url":"https:\/\/www.daldewolf.com\/nl\/daldewolf-china-asean-desk-hoe-wij-kunnen-helpen\/","name":"DALDEWOLF China & ASEAN Desk - Hoe we kunnen helpen - DALDEWOLF","isPartOf":{"@id":"https:\/\/www.daldewolf.com\/nl\/#website"},"datePublished":"2024-08-09T09:19:18+00:00","dateModified":"2024-10-16T09:02:11+00:00","description":"De China & ASEAN Desk van DALDEWOLF biedt een breed scala aan juridische diensten aan investeerders uit China en ASEAN-landen.","breadcrumb":{"@id":"https:\/\/www.daldewolf.com\/nl\/daldewolf-china-asean-desk-hoe-wij-kunnen-helpen\/#breadcrumb"},"inLanguage":"nl-NL","potentialAction":[{"@type":"ReadAction","target":["https:\/\/www.daldewolf.com\/nl\/daldewolf-china-asean-desk-hoe-wij-kunnen-helpen\/"]}]},{"@type":"BreadcrumbList","@id":"https:\/\/www.daldewolf.com\/nl\/daldewolf-china-asean-desk-hoe-wij-kunnen-helpen\/#breadcrumb","itemListElement":[{"@type":"ListItem","position":1,"name":"Home","item":"https:\/\/www.daldewolf.com\/nl\/"},{"@type":"ListItem","position":2,"name":"DALDEWOLF China &#038; ASEAN Desk &#8211; Hoe we kunnen helpen"}]},{"@type":"WebSite","@id":"https:\/\/www.daldewolf.com\/nl\/#website","url":"https:\/\/www.daldewolf.com\/nl\/","name":"DALDEWOLF","description":"Independant Law firm, Since 1958.","publisher":{"@id":"https:\/\/www.daldewolf.com\/nl\/#organization"},"potentialAction":[{"@type":"SearchAction","target":{"@type":"EntryPoint","urlTemplate":"https:\/\/www.daldewolf.com\/nl\/?s={search_term_string}"},"query-input":{"@type":"PropertyValueSpecification","valueRequired":true,"valueName":"search_term_string"}}],"inLanguage":"nl-NL"},{"@type":"Organization","@id":"https:\/\/www.daldewolf.com\/nl\/#organization","name":"DALDEWOLF","url":"https:\/\/www.daldewolf.com\/nl\/","logo":{"@type":"ImageObject","inLanguage":"nl-NL","@id":"https:\/\/www.daldewolf.com\/nl\/#\/schema\/logo\/image\/","url":"https:\/\/www.daldewolf.com\/wp-content\/uploads\/2020\/05\/Logo-Daldewolf.png","contentUrl":"https:\/\/www.daldewolf.com\/wp-content\/uploads\/2020\/05\/Logo-Daldewolf.png","width":320,"height":40,"caption":"DALDEWOLF"},"image":{"@id":"https:\/\/www.daldewolf.com\/nl\/#\/schema\/logo\/image\/"},"sameAs":["https:\/\/www.linkedin.com\/company\/10193320"]}]}},"_links":{"self":[{"href":"https:\/\/www.daldewolf.com\/nl\/wp-json\/wp\/v2\/pages\/14961","targetHints":{"allow":["GET"]}}],"collection":[{"href":"https:\/\/www.daldewolf.com\/nl\/wp-json\/wp\/v2\/pages"}],"about":[{"href":"https:\/\/www.daldewolf.com\/nl\/wp-json\/wp\/v2\/types\/page"}],"author":[{"embeddable":true,"href":"https:\/\/www.daldewolf.com\/nl\/wp-json\/wp\/v2\/users\/5"}],"replies":[{"embeddable":true,"href":"https:\/\/www.daldewolf.com\/nl\/wp-json\/wp\/v2\/comments?post=14961"}],"version-history":[{"count":0,"href":"https:\/\/www.daldewolf.com\/nl\/wp-json\/wp\/v2\/pages\/14961\/revisions"}],"wp:attachment":[{"href":"https:\/\/www.daldewolf.com\/nl\/wp-json\/wp\/v2\/media?parent=14961"}],"curies":[{"name":"wp","href":"https:\/\/api.w.org\/{rel}","templated":true}]}}