{"id":10475,"date":"2023-03-31T08:18:54","date_gmt":"2023-03-31T07:18:54","guid":{"rendered":"https:\/\/www.daldewolf.com\/?page_id=10475"},"modified":"2023-04-03T08:24:48","modified_gmt":"2023-04-03T07:24:48","slug":"bank-en-financieel-recht","status":"publish","type":"page","link":"https:\/\/www.daldewolf.com\/nl\/expertise\/praktijke\/bank-en-financieel-recht\/","title":{"rendered":"Bank- en financieel recht"},"content":{"rendered":"<section class=\"l-section wpb_row columns-layout-sp-brx pratiques height_medium width_full\"><div class=\"l-section-h i-cf\"><div class=\"g-cols vc_row via_flex valign_top type_default stacking_default\"><div class=\"vc_col-sm-4 wpb_column vc_column_container first-column-sp\"><div class=\"vc_column-inner type_sticky\"><div class=\"wpb_wrapper\"><div class=\"wpb_text_column align_center\"><div class=\"wpb_wrapper\"><h2>Praktijken<\/h2>\n<\/div><\/div><nav class=\"w-menu us_custom_18a67f5f layout_ver style_links us_menu_1\" style=\"--main-gap:1.5rem;--main-ver-indent:0.8em;--main-hor-indent:0.8em;--main-color:inherit;\"><ul id=\"menu-pratiques-dutch\" class=\"menu\"><li id=\"menu-item-3168\" class=\"menu-item menu-item-type-post_type menu-item-object-page menu-item-3168\"><a href=\"https:\/\/www.daldewolf.com\/nl\/expertise\/praktijke\/arbitrage-complexe-geschillen-en-bemiddeling\/\">Arbitrage, Complexe Geschillen en Bemiddeling<\/a><\/li><li id=\"menu-item-3169\" class=\"menu-item menu-item-type-post_type menu-item-object-page menu-item-3169\"><a href=\"https:\/\/www.daldewolf.com\/nl\/expertise\/praktijke\/deontologie-en-tucht-van-gereglementeerde-beroepen\/\">Deontologie en Tucht van Gereglementeerde Beroepen<\/a><\/li><li id=\"menu-item-10535\" class=\"menu-item menu-item-type-post_type menu-item-object-page menu-item-10535\"><a href=\"https:\/\/www.daldewolf.com\/nl\/expertise\/praktijke\/bank-en-financieel-recht\/\">Bank- en financieel recht<\/a><\/li><li id=\"menu-item-3170\" class=\"menu-item menu-item-type-post_type menu-item-object-page menu-item-3170\"><a href=\"https:\/\/www.daldewolf.com\/nl\/expertise\/praktijke\/economisch-recht\/\">Economisch Recht<\/a><\/li><li id=\"menu-item-3171\" class=\"menu-item menu-item-type-post_type menu-item-object-page menu-item-3171\"><a href=\"https:\/\/www.daldewolf.com\/nl\/expertise\/praktijke\/eu-recht\/\">Recht van de Europese Unie<\/a><\/li><li id=\"menu-item-3173\" class=\"menu-item menu-item-type-post_type menu-item-object-page menu-item-3173\"><a href=\"https:\/\/www.daldewolf.com\/nl\/expertise\/praktijke\/fiscaal-recht\/\">Fiscaal Recht<\/a><\/li><li id=\"menu-item-3174\" class=\"menu-item menu-item-type-post_type menu-item-object-page menu-item-3174\"><a href=\"https:\/\/www.daldewolf.com\/nl\/expertise\/praktijke\/publiek-en-administratief-recht\/\">Publiek- en Administratief recht<\/a><\/li><li id=\"menu-item-3175\" class=\"menu-item menu-item-type-post_type menu-item-object-page menu-item-3175\"><a href=\"https:\/\/www.daldewolf.com\/nl\/expertise\/praktijke\/sociaal-recht\/\">Sociaal Recht<\/a><\/li><li id=\"menu-item-3176\" class=\"menu-item menu-item-type-post_type menu-item-object-page menu-item-3176\"><a href=\"https:\/\/www.daldewolf.com\/nl\/expertise\/praktijke\/vennootschapsrecht-en-financieel-recht\/\">Vennootschaps- en Financieel Recht<\/a><\/li><\/ul><style>@media ( max-width:600px ){.us_menu_1 .menu{display:block!important}.us_menu_1 .menu>li{margin:0 0 var(--main-gap,1.5rem)!important}}<\/style><\/nav><\/div><\/div><\/div><div class=\"vc_col-sm-4 wpb_column vc_column_container\"><div class=\"vc_column-inner\"><div class=\"wpb_wrapper\"><div class=\"wpb_text_column h1-line-btm\"><div class=\"wpb_wrapper\"><h1>Bank- en financieel recht<\/h1>\n<\/div><\/div><div class=\"wpb_text_column align_justify\"><div class=\"wpb_wrapper\"><p><strong>Het team bankrecht van DALDEWOLF heeft ruime ervaring met en binnen bancaire en financi\u00eble instellingen in het Engels, Nederlands en Frans.\u00a0<\/strong><\/p>\n<p>De advocaten leveren zeer technisch, pragmatisch en oplossingsgericht juridisch advies. Hun diensten zijn afgestemd op de unieke behoeften van hun cli\u00ebnten en combineren diepgaande kennis en ervaring van de bank- en financi\u00eble dienstensector met een scherp inzicht in de bijzonderheden van de activiteiten van de cli\u00ebnt.<\/p>\n<p>Onder leiding van Gilles Laguesse en Pierre Proesmans bestaat de groep uit 5 advocaten die de behoeften van cli\u00ebnten aanpakken op het gebied van bankregulering, betalingen, investeringen, compliance, krediet en de toepassing van bank- en financieel recht in het algemeen. Beide partners zijn experts in hun vakgebied, geven lezingen op academische conferenties en cursussen en zijn de auteurs van talrijke wetenschappelijke publicaties.<\/p>\n<p>Zij adviseren Belgische en Europese banken en andere financi\u00eble instellingen over hun dagelijkse activiteiten en bredere strategische doelstellingen. Tot hun cli\u00ebnten behoren met name systemische, private en online bankkredietinstellingen, vermogensbeheerders, bancaire en financi\u00eble tussenpersonen, betalingsinstellingen, bedrijven actief in crypto-assets en fintechs.<\/p>\n<h1>Bank- en financieel recht<\/h1>\n<p>De advocaten hebben een grondige kennis van de wet- en regelgeving inzake de activiteiten van banken en andere financi\u00eble instellingen in Belgi\u00eb en Europa. Zowel hun academische achtergrond als hun uitgebreide netwerk in de sector zijn een troef voor hun cli\u00ebnten, of het nu gaat om banken, bedrijven of investeerders.<\/p>\n<p>Het team assisteert en adviseert financi\u00eble ondernemingen in verschillende domeinen, waaronder:<\/p>\n<ul>\n<li>Bancaire en financi\u00eble regelgeving;<\/li>\n<li>Bijstand met regelgevers en vergunningsprocedures, en naleving;<\/li>\n<li>Vermogensbeheer en beleggingsfondsen;<\/li>\n<li>Distributie van financi\u00eble producten;<\/li>\n<li>Betalingsdiensten;<\/li>\n<li>Krediet en leningen.<\/li>\n<\/ul>\n<h1><strong>Geschillen <\/strong><\/h1>\n<p>DALDEWOLF treedt op in alle soorten geschillen waarbij banken en financi\u00eble instellingen betrokken zijn. Deze geschillen kunnen betrekking hebben op krediettransacties, rekeningtransacties, betalings- en beleggingsdiensten, financi\u00eble sancties en embargo&#8217;s, compliance, verzekeringen en handhaving. Het kantoor heeft ook ervaring met geschillen waarbij bancaire en financi\u00eble toezichthouders betrokken zijn.<\/p>\n<h1><strong>Financieel strafrecht<\/strong><\/h1>\n<p>Het team bestaat uit deskundigen die bijstand verlenen bij de preventie, opsporing en verdediging van ondernemingsstrafrecht in verband met financi\u00eble delicten zoals marktmanipulatie, handel met voorkennis en witwassen in de financi\u00eble sector. De advocaten van het kantoor verlenen bijstand aan bank- en financi\u00eble ondernemingen op dit gebied en aan hun werknemers die betrokken kunnen zijn bij een zaak van financieel strafrecht.<\/p>\n<h1><strong>Verzekeringsrecht<\/strong><\/h1>\n<p>Het team staat verzekeringsmaatschappijen en tussenpersonen bij in het nakomen van hun wettelijke en prudenti\u00eble verplichtingen en staat hen bij voor toezichthouders en rechtbanken. Het team beoefent het beleggingsgerelateerde verzekeringsrecht en het eigendoms- en ongevallenverzekeringsrecht.<\/p>\n<\/div><\/div><\/div><\/div><\/div><div class=\"vc_col-sm-4 wpb_column vc_column_container\"><div class=\"vc_column-inner\"><div class=\"wpb_wrapper\"><div class=\"wpb_text_column h2-line-btm\"><div class=\"wpb_wrapper\"><h2>EXPERTS<\/h2>\n<\/div><\/div><div class=\"w-grid us_grid cntct-grid-lft type_grid layout_245 cols_1 preload_style_spinner\" id=\"us_grid_1\" style=\"--columns:1;--gap:10px;\" data-filterable=\"true\"><style>.layout_245 .w-grid-item-h{}.layout_245 .usg_post_custom_field_1{transition-duration:0.3s;transform-origin:50% 50%;transform:scale(1) translate(0%,0%)}.layout_245 .w-grid-item-h:focus-within .usg_post_custom_field_1,.layout_245 .w-grid-item-h:hover .usg_post_custom_field_1{transform:scale(1) translate(0%,0%);opacity:1;color:#ffffff!important}.layout_245 .usg_post_custom_field_2{transition-duration:0.3s;transform-origin:50% 50%;transform:scale(1) translate(0%,0%)}.layout_245 .w-grid-item-h:focus-within .usg_post_custom_field_2,.layout_245 .w-grid-item-h:hover .usg_post_custom_field_2{transform:scale(1) translate(0%,0%);opacity:1;color:#ffffff!important}.layout_245 .usg_hwrapper_1{transition-duration:0.3s;transform-origin:50% 50%;transform:scale(1) translate(0%,0%)}.layout_245 .w-grid-item-h:focus-within .usg_hwrapper_1,.layout_245 .w-grid-item-h:hover .usg_hwrapper_1{transform:scale(1) translate(0%,0%);opacity:1;background:#016b80!important;color:#ffffff!important}.layout_245 .usg_btn_1{transition-duration:0.3s;transform-origin:50% 50%;transform:scale(1) translate(0%,0%);opacity:0}.layout_245 .w-grid-item-h:focus-within .usg_btn_1,.layout_245 .w-grid-item-h:hover .usg_btn_1{transform:scale(1) translate(0%,0%);opacity:0}.layout_245 .usg_post_custom_field_2{text-transform:uppercase!important}.layout_245 .usg_hwrapper_1{color:#ffffff!important;font-size:14px!important;letter-spacing:1px!important;width:350px!important;max-width:100%!important;margin-left:0!important;margin-right:auto!important;padding-top:7px!important;padding-bottom:7px!important;background:#00829b!important}.layout_245 .usg_btn_1{width:100%!important;height:100%!important;position:absolute!important;left:0!important;top:0!important}<\/style><div class=\"w-grid-list\">\t<article class=\"w-grid-item size_1x1 post-10559 us_portfolio type-us_portfolio status-publish has-post-thumbnail hentry us_portfolio_category-droit-bancaire-et-des-services-financiers-nl\" data-id=\"10559\">\r\n\t\t<div class=\"w-grid-item-h\">\r\n\t\t\t\t\t\t<div class=\"w-hwrapper usg_hwrapper_1 has_text_color align_center valign_middle wrap\" style=\"--hwrapper-gap:5px\"><div class=\"w-post-elm post_custom_field usg_post_custom_field_1 type_text name color_link_inherit\"><span class=\"w-post-elm-value\">Gilles<\/span><\/div><div class=\"w-post-elm post_custom_field usg_post_custom_field_2 type_text surname color_link_inherit\"><span class=\"w-post-elm-value\">LAGUESSE<\/span><\/div><a class=\"w-btn us-btn-style_1 usg_btn_1 text_none\" aria-label=\"Button\" href=\"https:\/\/www.daldewolf.com\/nl\/team\/gilles-laguesse\/\"><\/a><\/div>\t\t<\/div>\r\n\t\t\t<\/article>\r\n\t<article class=\"w-grid-item size_1x1 post-10574 us_portfolio type-us_portfolio status-publish has-post-thumbnail hentry us_portfolio_category-droit-bancaire-et-des-services-financiers-nl\" data-id=\"10574\">\r\n\t\t<div class=\"w-grid-item-h\">\r\n\t\t\t\t\t\t<div class=\"w-hwrapper usg_hwrapper_1 has_text_color align_center valign_middle wrap\" style=\"--hwrapper-gap:5px\"><div class=\"w-post-elm post_custom_field usg_post_custom_field_1 type_text name color_link_inherit\"><span class=\"w-post-elm-value\">Pierre<\/span><\/div><div class=\"w-post-elm post_custom_field usg_post_custom_field_2 type_text surname color_link_inherit\"><span class=\"w-post-elm-value\">PROESMANS<\/span><\/div><a class=\"w-btn us-btn-style_1 usg_btn_1 text_none\" aria-label=\"Button\" href=\"https:\/\/www.daldewolf.com\/nl\/team\/pierre-proesmans\/\"><\/a><\/div>\t\t<\/div>\r\n\t\t\t<\/article>\r\n\t<article class=\"w-grid-item size_1x1 post-10586 us_portfolio type-us_portfolio status-publish has-post-thumbnail hentry us_portfolio_category-droit-bancaire-et-des-services-financiers-nl\" data-id=\"10586\">\r\n\t\t<div class=\"w-grid-item-h\">\r\n\t\t\t\t\t\t<div class=\"w-hwrapper usg_hwrapper_1 has_text_color align_center valign_middle wrap\" style=\"--hwrapper-gap:5px\"><div class=\"w-post-elm post_custom_field usg_post_custom_field_1 type_text name color_link_inherit\"><span class=\"w-post-elm-value\">Amel<\/span><\/div><div class=\"w-post-elm post_custom_field usg_post_custom_field_2 type_text surname color_link_inherit\"><span class=\"w-post-elm-value\">YESSAD<\/span><\/div><a class=\"w-btn us-btn-style_1 usg_btn_1 text_none\" aria-label=\"Button\" href=\"https:\/\/www.daldewolf.com\/nl\/team\/amel-yessad\/\"><\/a><\/div>\t\t<\/div>\r\n\t\t\t<\/article>\r\n\t<article class=\"w-grid-item size_1x1 post-10601 us_portfolio type-us_portfolio status-publish has-post-thumbnail hentry us_portfolio_category-droit-bancaire-et-des-services-financiers-nl\" data-id=\"10601\">\r\n\t\t<div class=\"w-grid-item-h\">\r\n\t\t\t\t\t\t<div class=\"w-hwrapper usg_hwrapper_1 has_text_color align_center valign_middle wrap\" style=\"--hwrapper-gap:5px\"><div class=\"w-post-elm post_custom_field usg_post_custom_field_1 type_text name color_link_inherit\"><span class=\"w-post-elm-value\">Aurelia<\/span><\/div><div class=\"w-post-elm post_custom_field usg_post_custom_field_2 type_text surname color_link_inherit\"><span class=\"w-post-elm-value\">SONJEAU<\/span><\/div><a class=\"w-btn us-btn-style_1 usg_btn_1 text_none\" aria-label=\"Button\" href=\"https:\/\/www.daldewolf.com\/nl\/team\/aurelia-sonjeau\/\"><\/a><\/div>\t\t<\/div>\r\n\t\t\t<\/article>\r\n\t<article class=\"w-grid-item size_1x1 post-10615 us_portfolio type-us_portfolio status-publish has-post-thumbnail hentry us_portfolio_category-droit-bancaire-et-des-services-financiers-nl\" data-id=\"10615\">\r\n\t\t<div class=\"w-grid-item-h\">\r\n\t\t\t\t\t\t<div class=\"w-hwrapper usg_hwrapper_1 has_text_color align_center valign_middle wrap\" style=\"--hwrapper-gap:5px\"><div class=\"w-post-elm post_custom_field usg_post_custom_field_1 type_text name color_link_inherit\"><span class=\"w-post-elm-value\">David-Alexandre<\/span><\/div><div class=\"w-post-elm post_custom_field usg_post_custom_field_2 type_text surname color_link_inherit\"><span class=\"w-post-elm-value\">SAUVAGE<\/span><\/div><a class=\"w-btn us-btn-style_1 usg_btn_1 text_none\" aria-label=\"Button\" href=\"https:\/\/www.daldewolf.com\/nl\/team\/david-alexandre-sauvage\/\"><\/a><\/div>\t\t<\/div>\r\n\t\t\t<\/article>\r\n<\/div>\t<div class=\"w-grid-preloader\">\r\n\t\t<div class=\"g-preloader type_1\">\r\n\t\t\t<div><\/div>\r\n\t\t<\/div>\r\n\t<\/div>\r\n\t\t<div class=\"w-grid-json hidden\" onclick='return {&quot;action&quot;:&quot;us_ajax_grid&quot;,&quot;infinite_scroll&quot;:0,&quot;max_num_pages&quot;:1,&quot;pagination&quot;:&quot;none&quot;,&quot;template_vars&quot;:{&quot;columns&quot;:&quot;1&quot;,&quot;exclude_items&quot;:&quot;none&quot;,&quot;img_size&quot;:&quot;default&quot;,&quot;ignore_items_size&quot;:0,&quot;items_layout&quot;:&quot;245&quot;,&quot;items_offset&quot;:&quot;1&quot;,&quot;load_animation&quot;:&quot;none&quot;,&quot;overriding_link&quot;:&quot;{\\&quot;url\\&quot;:\\&quot;\\&quot;}&quot;,&quot;post_id&quot;:0,&quot;query_args&quot;:{&quot;post_type&quot;:[&quot;us_portfolio&quot;],&quot;tax_query&quot;:[{&quot;taxonomy&quot;:&quot;us_portfolio_category&quot;,&quot;field&quot;:&quot;slug&quot;,&quot;terms&quot;:[&quot;bank-en-financieel-recht&quot;,&quot;droit-bancaire-et-des-services-financiers-nl&quot;]}],&quot;post_status&quot;:[&quot;publish&quot;,&quot;acf-disabled&quot;],&quot;posts_per_page&quot;:999},&quot;orderby_query_args&quot;:{&quot;orderby&quot;:{&quot;post__in&quot;:&quot;ASC&quot;},&quot;order&quot;:&quot;ASC&quot;},&quot;type&quot;:&quot;grid&quot;,&quot;us_grid_post_type&quot;:&quot;us_portfolio&quot;,&quot;us_grid_ajax_index&quot;:1,&quot;us_grid_filter_query_string&quot;:null,&quot;us_grid_index&quot;:1,&quot;page_args&quot;:[],&quot;lang&quot;:&quot;nl&quot;}}'><\/div>\r\n\t<\/div><\/div><\/div><\/div><\/div><\/div><\/section>\n","protected":false},"excerpt":{"rendered":"David-Alexandre SAUVAGE is lid van de \u00a0Franse Orde van Advocaten bij de Balie te Brussel (2029). Hij is medewerkerster bij DALDEWOLF, waar hij deel uitmaakt van het team Bank- en financieel recht. De praktijk van David-Alexandre spitst zich toe op bank-, financieel en verzekeringsrecht, met inbegrip van insolventierecht. Hij beoefent ook contracten- en aansprakelijkheidsrecht, in...","protected":false},"author":5,"featured_media":10469,"parent":2364,"menu_order":0,"comment_status":"closed","ping_status":"closed","template":"","meta":{"_acf_changed":false,"footnotes":""},"class_list":["post-10475","page","type-page","status-publish","has-post-thumbnail","hentry"],"acf":[],"yoast_head":"<!-- This site is optimized with the Yoast SEO plugin v27.4 - https:\/\/yoast.com\/product\/yoast-seo-wordpress\/ -->\n<title>Bank- en financieel recht - DALDEWOLF<\/title>\n<meta name=\"description\" content=\"DALDEWOLF adviseert banken en andere financi\u00eble dienstverleners over hun dagelijkse activiteiten en bredere strategische doelstellingen.\" \/>\n<meta name=\"robots\" content=\"index, follow, max-snippet:-1, max-image-preview:large, max-video-preview:-1\" \/>\n<link rel=\"canonical\" href=\"https:\/\/www.daldewolf.com\/en\/expertise\/practices\/banking-and-financial-services-law\/\" \/>\n<meta property=\"og:locale\" content=\"nl_NL\" \/>\n<meta property=\"og:type\" content=\"article\" \/>\n<meta property=\"og:title\" content=\"Bank- en financieel recht - DALDEWOLF\" \/>\n<meta property=\"og:description\" content=\"DALDEWOLF adviseert banken en andere financi\u00eble dienstverleners over hun dagelijkse activiteiten en bredere strategische doelstellingen.\" \/>\n<meta property=\"og:url\" content=\"https:\/\/www.daldewolf.com\/en\/expertise\/practices\/banking-and-financial-services-law\/\" \/>\n<meta property=\"og:site_name\" content=\"DALDEWOLF\" \/>\n<meta property=\"article:modified_time\" content=\"2023-04-03T07:24:48+00:00\" \/>\n<meta property=\"og:image\" content=\"https:\/\/www.daldewolf.com\/wp-content\/uploads\/2023\/03\/Droit-bancaire.png\" \/>\n\t<meta property=\"og:image:width\" content=\"838\" \/>\n\t<meta property=\"og:image:height\" content=\"600\" \/>\n\t<meta property=\"og:image:type\" content=\"image\/png\" \/>\n<meta name=\"twitter:card\" content=\"summary_large_image\" \/>\n<meta name=\"twitter:label1\" content=\"Geschatte leestijd\" \/>\n\t<meta name=\"twitter:data1\" content=\"3 minuten\" \/>\n<script type=\"application\/ld+json\" class=\"yoast-schema-graph\">{\"@context\":\"https:\\\/\\\/schema.org\",\"@graph\":[{\"@type\":\"WebPage\",\"@id\":\"https:\\\/\\\/www.daldewolf.com\\\/en\\\/expertise\\\/practices\\\/banking-and-financial-services-law\\\/\",\"url\":\"https:\\\/\\\/www.daldewolf.com\\\/en\\\/expertise\\\/practices\\\/banking-and-financial-services-law\\\/\",\"name\":\"Bank- en financieel recht - DALDEWOLF\",\"isPartOf\":{\"@id\":\"https:\\\/\\\/www.daldewolf.com\\\/nl\\\/#website\"},\"primaryImageOfPage\":{\"@id\":\"https:\\\/\\\/www.daldewolf.com\\\/en\\\/expertise\\\/practices\\\/banking-and-financial-services-law\\\/#primaryimage\"},\"image\":{\"@id\":\"https:\\\/\\\/www.daldewolf.com\\\/en\\\/expertise\\\/practices\\\/banking-and-financial-services-law\\\/#primaryimage\"},\"thumbnailUrl\":\"https:\\\/\\\/www.daldewolf.com\\\/wp-content\\\/uploads\\\/2023\\\/03\\\/Droit-bancaire.png\",\"datePublished\":\"2023-03-31T07:18:54+00:00\",\"dateModified\":\"2023-04-03T07:24:48+00:00\",\"description\":\"DALDEWOLF adviseert banken en andere financi\u00eble dienstverleners over hun dagelijkse activiteiten en bredere strategische doelstellingen.\",\"breadcrumb\":{\"@id\":\"https:\\\/\\\/www.daldewolf.com\\\/en\\\/expertise\\\/practices\\\/banking-and-financial-services-law\\\/#breadcrumb\"},\"inLanguage\":\"nl-NL\",\"potentialAction\":[{\"@type\":\"ReadAction\",\"target\":[\"https:\\\/\\\/www.daldewolf.com\\\/en\\\/expertise\\\/practices\\\/banking-and-financial-services-law\\\/\"]}]},{\"@type\":\"ImageObject\",\"inLanguage\":\"nl-NL\",\"@id\":\"https:\\\/\\\/www.daldewolf.com\\\/en\\\/expertise\\\/practices\\\/banking-and-financial-services-law\\\/#primaryimage\",\"url\":\"https:\\\/\\\/www.daldewolf.com\\\/wp-content\\\/uploads\\\/2023\\\/03\\\/Droit-bancaire.png\",\"contentUrl\":\"https:\\\/\\\/www.daldewolf.com\\\/wp-content\\\/uploads\\\/2023\\\/03\\\/Droit-bancaire.png\",\"width\":838,\"height\":600},{\"@type\":\"BreadcrumbList\",\"@id\":\"https:\\\/\\\/www.daldewolf.com\\\/en\\\/expertise\\\/practices\\\/banking-and-financial-services-law\\\/#breadcrumb\",\"itemListElement\":[{\"@type\":\"ListItem\",\"position\":1,\"name\":\"Home\",\"item\":\"https:\\\/\\\/www.daldewolf.com\\\/nl\\\/\"},{\"@type\":\"ListItem\",\"position\":2,\"name\":\"Expertise\",\"item\":\"https:\\\/\\\/www.daldewolf.com\\\/nl\\\/expertise\\\/\"},{\"@type\":\"ListItem\",\"position\":3,\"name\":\"Praktijken\",\"item\":\"https:\\\/\\\/www.daldewolf.com\\\/nl\\\/expertise\\\/praktijke\\\/\"},{\"@type\":\"ListItem\",\"position\":4,\"name\":\"Bank- en financieel recht\"}]},{\"@type\":\"WebSite\",\"@id\":\"https:\\\/\\\/www.daldewolf.com\\\/nl\\\/#website\",\"url\":\"https:\\\/\\\/www.daldewolf.com\\\/nl\\\/\",\"name\":\"DALDEWOLF\",\"description\":\"Independant Law firm, Since 1958.\",\"publisher\":{\"@id\":\"https:\\\/\\\/www.daldewolf.com\\\/nl\\\/#organization\"},\"potentialAction\":[{\"@type\":\"SearchAction\",\"target\":{\"@type\":\"EntryPoint\",\"urlTemplate\":\"https:\\\/\\\/www.daldewolf.com\\\/nl\\\/?s={search_term_string}\"},\"query-input\":{\"@type\":\"PropertyValueSpecification\",\"valueRequired\":true,\"valueName\":\"search_term_string\"}}],\"inLanguage\":\"nl-NL\"},{\"@type\":\"Organization\",\"@id\":\"https:\\\/\\\/www.daldewolf.com\\\/nl\\\/#organization\",\"name\":\"DALDEWOLF\",\"url\":\"https:\\\/\\\/www.daldewolf.com\\\/nl\\\/\",\"logo\":{\"@type\":\"ImageObject\",\"inLanguage\":\"nl-NL\",\"@id\":\"https:\\\/\\\/www.daldewolf.com\\\/nl\\\/#\\\/schema\\\/logo\\\/image\\\/\",\"url\":\"https:\\\/\\\/www.daldewolf.com\\\/wp-content\\\/uploads\\\/2020\\\/05\\\/Logo-Daldewolf.png\",\"contentUrl\":\"https:\\\/\\\/www.daldewolf.com\\\/wp-content\\\/uploads\\\/2020\\\/05\\\/Logo-Daldewolf.png\",\"width\":320,\"height\":40,\"caption\":\"DALDEWOLF\"},\"image\":{\"@id\":\"https:\\\/\\\/www.daldewolf.com\\\/nl\\\/#\\\/schema\\\/logo\\\/image\\\/\"},\"sameAs\":[\"https:\\\/\\\/www.linkedin.com\\\/company\\\/10193320\"]}]}<\/script>\n<!-- \/ Yoast SEO plugin. -->","yoast_head_json":{"title":"Bank- en financieel recht - DALDEWOLF","description":"DALDEWOLF adviseert banken en andere financi\u00eble dienstverleners over hun dagelijkse activiteiten en bredere strategische doelstellingen.","robots":{"index":"index","follow":"follow","max-snippet":"max-snippet:-1","max-image-preview":"max-image-preview:large","max-video-preview":"max-video-preview:-1"},"canonical":"https:\/\/www.daldewolf.com\/en\/expertise\/practices\/banking-and-financial-services-law\/","og_locale":"nl_NL","og_type":"article","og_title":"Bank- en financieel recht - DALDEWOLF","og_description":"DALDEWOLF adviseert banken en andere financi\u00eble dienstverleners over hun dagelijkse activiteiten en bredere strategische doelstellingen.","og_url":"https:\/\/www.daldewolf.com\/en\/expertise\/practices\/banking-and-financial-services-law\/","og_site_name":"DALDEWOLF","article_modified_time":"2023-04-03T07:24:48+00:00","og_image":[{"width":838,"height":600,"url":"https:\/\/www.daldewolf.com\/wp-content\/uploads\/2023\/03\/Droit-bancaire.png","type":"image\/png"}],"twitter_card":"summary_large_image","twitter_misc":{"Geschatte leestijd":"3 minuten"},"schema":{"@context":"https:\/\/schema.org","@graph":[{"@type":"WebPage","@id":"https:\/\/www.daldewolf.com\/en\/expertise\/practices\/banking-and-financial-services-law\/","url":"https:\/\/www.daldewolf.com\/en\/expertise\/practices\/banking-and-financial-services-law\/","name":"Bank- en financieel recht - DALDEWOLF","isPartOf":{"@id":"https:\/\/www.daldewolf.com\/nl\/#website"},"primaryImageOfPage":{"@id":"https:\/\/www.daldewolf.com\/en\/expertise\/practices\/banking-and-financial-services-law\/#primaryimage"},"image":{"@id":"https:\/\/www.daldewolf.com\/en\/expertise\/practices\/banking-and-financial-services-law\/#primaryimage"},"thumbnailUrl":"https:\/\/www.daldewolf.com\/wp-content\/uploads\/2023\/03\/Droit-bancaire.png","datePublished":"2023-03-31T07:18:54+00:00","dateModified":"2023-04-03T07:24:48+00:00","description":"DALDEWOLF adviseert banken en andere financi\u00eble dienstverleners over hun dagelijkse activiteiten en bredere strategische doelstellingen.","breadcrumb":{"@id":"https:\/\/www.daldewolf.com\/en\/expertise\/practices\/banking-and-financial-services-law\/#breadcrumb"},"inLanguage":"nl-NL","potentialAction":[{"@type":"ReadAction","target":["https:\/\/www.daldewolf.com\/en\/expertise\/practices\/banking-and-financial-services-law\/"]}]},{"@type":"ImageObject","inLanguage":"nl-NL","@id":"https:\/\/www.daldewolf.com\/en\/expertise\/practices\/banking-and-financial-services-law\/#primaryimage","url":"https:\/\/www.daldewolf.com\/wp-content\/uploads\/2023\/03\/Droit-bancaire.png","contentUrl":"https:\/\/www.daldewolf.com\/wp-content\/uploads\/2023\/03\/Droit-bancaire.png","width":838,"height":600},{"@type":"BreadcrumbList","@id":"https:\/\/www.daldewolf.com\/en\/expertise\/practices\/banking-and-financial-services-law\/#breadcrumb","itemListElement":[{"@type":"ListItem","position":1,"name":"Home","item":"https:\/\/www.daldewolf.com\/nl\/"},{"@type":"ListItem","position":2,"name":"Expertise","item":"https:\/\/www.daldewolf.com\/nl\/expertise\/"},{"@type":"ListItem","position":3,"name":"Praktijken","item":"https:\/\/www.daldewolf.com\/nl\/expertise\/praktijke\/"},{"@type":"ListItem","position":4,"name":"Bank- en financieel recht"}]},{"@type":"WebSite","@id":"https:\/\/www.daldewolf.com\/nl\/#website","url":"https:\/\/www.daldewolf.com\/nl\/","name":"DALDEWOLF","description":"Independant Law firm, Since 1958.","publisher":{"@id":"https:\/\/www.daldewolf.com\/nl\/#organization"},"potentialAction":[{"@type":"SearchAction","target":{"@type":"EntryPoint","urlTemplate":"https:\/\/www.daldewolf.com\/nl\/?s={search_term_string}"},"query-input":{"@type":"PropertyValueSpecification","valueRequired":true,"valueName":"search_term_string"}}],"inLanguage":"nl-NL"},{"@type":"Organization","@id":"https:\/\/www.daldewolf.com\/nl\/#organization","name":"DALDEWOLF","url":"https:\/\/www.daldewolf.com\/nl\/","logo":{"@type":"ImageObject","inLanguage":"nl-NL","@id":"https:\/\/www.daldewolf.com\/nl\/#\/schema\/logo\/image\/","url":"https:\/\/www.daldewolf.com\/wp-content\/uploads\/2020\/05\/Logo-Daldewolf.png","contentUrl":"https:\/\/www.daldewolf.com\/wp-content\/uploads\/2020\/05\/Logo-Daldewolf.png","width":320,"height":40,"caption":"DALDEWOLF"},"image":{"@id":"https:\/\/www.daldewolf.com\/nl\/#\/schema\/logo\/image\/"},"sameAs":["https:\/\/www.linkedin.com\/company\/10193320"]}]}},"_links":{"self":[{"href":"https:\/\/www.daldewolf.com\/nl\/wp-json\/wp\/v2\/pages\/10475","targetHints":{"allow":["GET"]}}],"collection":[{"href":"https:\/\/www.daldewolf.com\/nl\/wp-json\/wp\/v2\/pages"}],"about":[{"href":"https:\/\/www.daldewolf.com\/nl\/wp-json\/wp\/v2\/types\/page"}],"author":[{"embeddable":true,"href":"https:\/\/www.daldewolf.com\/nl\/wp-json\/wp\/v2\/users\/5"}],"replies":[{"embeddable":true,"href":"https:\/\/www.daldewolf.com\/nl\/wp-json\/wp\/v2\/comments?post=10475"}],"version-history":[{"count":0,"href":"https:\/\/www.daldewolf.com\/nl\/wp-json\/wp\/v2\/pages\/10475\/revisions"}],"up":[{"embeddable":true,"href":"https:\/\/www.daldewolf.com\/nl\/wp-json\/wp\/v2\/pages\/2364"}],"wp:featuredmedia":[{"embeddable":true,"href":"https:\/\/www.daldewolf.com\/nl\/wp-json\/wp\/v2\/media\/10469"}],"wp:attachment":[{"href":"https:\/\/www.daldewolf.com\/nl\/wp-json\/wp\/v2\/media?parent=10475"}],"curies":[{"name":"wp","href":"https:\/\/api.w.org\/{rel}","templated":true}]}}