{"id":3762,"date":"2021-05-14T15:33:01","date_gmt":"2021-05-14T15:33:01","guid":{"rendered":"https:\/\/www.daldewolf.com\/?page_id=3762"},"modified":"2023-05-17T13:35:01","modified_gmt":"2023-05-17T12:35:01","slug":"3762-2","status":"publish","type":"page","link":"https:\/\/www.daldewolf.com\/it\/","title":{"rendered":"DALDEWOLF"},"content":{"rendered":"<section class=\"l-section wpb_row us_custom_6df4bc3a mainphoto has_text_color height_medium full_height valign_center with_slider\"><div class=\"l-section-slider\"><div class=\"w-slider style_none fit_cover nav_none count_2\"><div class=\"w-slider-h\" aria-hidden=\"true\"><div class=\"royalSlider\"><div class=\"rsContent\"><a class=\"rsImg\" data-rsw=\"1400\" data-rsh=\"788\" href=\"https:\/\/www.daldewolf.com\/wp-content\/uploads\/2020\/06\/Daldewolf.jpg\"><span data-alt=\"\"><\/span><\/a><\/div><div class=\"rsContent\"><a class=\"rsImg\" data-rsw=\"1024\" data-rsh=\"682\" href=\"https:\/\/www.daldewolf.com\/wp-content\/uploads\/2021\/05\/2-Photo-reception.jpg\"><span data-alt=\"\"><\/span><\/a><\/div><\/div><img decoding=\"async\" src=\"https:\/\/www.daldewolf.com\/wp-content\/uploads\/2020\/06\/Daldewolf.jpg\" width=\"1400\" height=\"788\" alt loading=\"lazy\"><\/div><div class=\"w-slider-json\" onclick='return {&quot;autoScaleSlider&quot;:true,&quot;addActiveClass&quot;:true,&quot;loop&quot;:true,&quot;fadeInLoadedSlide&quot;:false,&quot;slidesSpacing&quot;:0,&quot;imageScalePadding&quot;:0,&quot;numImagesToPreload&quot;:2,&quot;arrowsNav&quot;:false,&quot;arrowsNavAutoHide&quot;:false,&quot;transitionType&quot;:&quot;fade&quot;,&quot;transitionSpeed&quot;:1000,&quot;block&quot;:{&quot;moveEffect&quot;:&quot;none&quot;,&quot;speed&quot;:300},&quot;thumbs&quot;:{&quot;fitInViewport&quot;:false,&quot;firstMargin&quot;:false,&quot;spacing&quot;:4},&quot;controlNavigation&quot;:&quot;none&quot;,&quot;autoplay&quot;:{&quot;enabled&quot;:true,&quot;pauseOnHover&quot;:false,&quot;delay&quot;:5000},&quot;autoScaleSliderWidth&quot;:1400,&quot;autoScaleSliderHeight&quot;:788}'><\/div><\/div><\/div><div class=\"l-section-overlay\" style=\"background:rgba(0,0,0,0.20)\"><\/div><div class=\"l-section-h i-cf\"><div class=\"g-cols vc_row via_flex valign_middle type_default stacking_default\"><div class=\"vc_col-sm-12 wpb_column vc_column_container\"><div class=\"vc_column-inner\"><div class=\"wpb_wrapper\"><div class=\"wpb_text_column us_custom_59940e33 has_text_color\"><div class=\"wpb_wrapper\"><p><strong>BENVENUTO IN DALDEWOLF<\/strong><\/p>\n<\/div><\/div><div class=\"wpb_text_column us_custom_1b082ff0 has_text_color\"><div class=\"wpb_wrapper\"><p><strong>Un team di avvocati orientati al business<br \/>\ne all&#8217;eccellenza <\/strong><\/p>\n<\/div><\/div><\/div><\/div><\/div><div class=\"vc_col-sm-6 wpb_column vc_column_container\"><div class=\"vc_column-inner\"><div class=\"wpb_wrapper\"><div class=\"w-btn-wrapper align_right\"><a class=\"w-btn us-btn-style_1\" title=\"Competenza\" href=\"https:\/\/www.daldewolf.com\/expertise\/\"><span class=\"w-btn-label\">La nostra competenza<\/span><\/a><\/div><\/div><\/div><\/div><div class=\"vc_col-sm-6 wpb_column vc_column_container\"><div class=\"vc_column-inner\"><div class=\"wpb_wrapper\"><div class=\"w-btn-wrapper align_left\"><a class=\"w-btn us-btn-style_1\" title=\"Notizia\" href=\"https:\/\/www.daldewolf.com\/actualites-et-publications\/actualites\/\"><span class=\"w-btn-label\">Le nostre notizie<\/span><\/a><\/div><\/div><\/div><\/div><\/div><\/div><\/section><section class=\"l-section wpb_row height_medium\"><div class=\"l-section-h i-cf\"><div class=\"g-cols vc_row via_flex valign_top type_default stacking_default\"><div class=\"vc_col-sm-3 wpb_column vc_column_container\"><div class=\"vc_column-inner\"><div class=\"wpb_wrapper\"><\/div><\/div><\/div><div class=\"vc_col-sm-6 wpb_column vc_column_container\"><div class=\"vc_column-inner\"><div class=\"wpb_wrapper\"><div class=\"wpb_text_column us_custom_8535c5f4 align_center\"><div class=\"wpb_wrapper\"><h2>DALDEWOLF<\/h2>\n<\/div><\/div><div class=\"w-separator us_custom_614d981e size_custom with_line width_default thick_1 style_solid color_primary align_center\" style=\"height:40px\"><div class=\"w-separator-h\"><\/div><\/div><div class=\"wpb_text_column align_justify\"><div class=\"wpb_wrapper\"><p>Siamo uno studio legale specializzato in diritto commerciale. Con una lunga storia (la nostra azienda \u00e8 stata fondata nel 1958), abbiamo costantemente cercato di stare al passo con il mondo che cambia e le esigenze necessariamente mutevoli dei nostri clienti.<\/p>\n<p>Siamo rinomati per la nostra reattivit\u00e0 e la nostra padronanza di affari complessi. I nostri clienti apprezzano particolarmente la nostra comprensione della loro attivit\u00e0, cos\u00ec come la nostra costante preoccupazione di creare valore fornendo soluzioni pratiche e concrete. Il nostro team \u00e8 attualmente composto da una cinquantina di avvocati.<\/p>\n<\/div><\/div><\/div><\/div><\/div><div class=\"vc_col-sm-3 wpb_column vc_column_container\"><div class=\"vc_column-inner\"><div class=\"wpb_wrapper\"><\/div><\/div><\/div><\/div><\/div><\/section><section class=\"l-section wpb_row us_custom_04b5345d height_medium\"><div class=\"l-section-h i-cf\"><div class=\"g-cols vc_row via_flex valign_top type_default stacking_default\"><div class=\"vc_col-sm-12 wpb_column vc_column_container\"><div class=\"vc_column-inner\"><div class=\"wpb_wrapper\"><div class=\"wpb_text_column us_custom_8535c5f4 align_center\"><div class=\"wpb_wrapper\"><h2>LA NOSTRA COMPETENZA<\/h2>\n<\/div><\/div><div class=\"w-separator us_custom_614d981e size_custom with_line width_default thick_1 style_solid color_primary align_center\" style=\"height:40px\"><div class=\"w-separator-h\"><\/div><\/div><div class=\"g-cols wpb_row us_custom_72fc42ef via_flex valign_middle type_boxes stacking_default\"><div class=\"vc_col-sm-6 vc_hidden-xs wpb_column vc_column_container min-h-img has_bg_color\"><div class=\"vc_column-inner us_custom_c405d4cd\"><div class=\"wpb_wrapper\"><\/div><\/div><\/div><div class=\"vc_col-sm-6 wpb_column vc_column_container has_bg_color\"><div class=\"vc_column-inner us_custom_4fb9e5a3\"><div class=\"wpb_wrapper\"><div class=\"wpb_text_column align_justify\"><div class=\"wpb_wrapper\"><h3>Pratica<\/h3>\n<p>Lo studio legale svolge le sue attivit\u00e0 in diversi centri di competenza che rispecchiano la sua multidisciplinariet\u00e0.<\/p>\n<\/div><\/div><div class=\"w-btn-wrapper align_none\"><a class=\"w-btn us-btn-style_3\" title=\"Pratica\" href=\"https:\/\/www.daldewolf.com\/expertise\/pratiques\/\"><span class=\"w-btn-label\">Saperne di pi\u00f9<\/span><\/a><\/div><\/div><\/div><\/div><\/div><div class=\"g-cols wpb_row us_custom_72fc42ef via_flex valign_middle type_boxes stacking_default\"><div class=\"vc_col-sm-6 wpb_column vc_column_container has_bg_color\"><div class=\"vc_column-inner us_custom_4fb9e5a3\"><div class=\"wpb_wrapper\"><div class=\"wpb_text_column align_justify\"><div class=\"wpb_wrapper\"><h3>Settori<\/h3>\n<p>Lo studio legale si adatta e anticipa costantemente le esigenze specifiche dei propri clienti attivi in \u200b\u200bsettori regolamentati e non.<\/p>\n<\/div><\/div><div class=\"w-btn-wrapper align_none\"><a class=\"w-btn us-btn-style_3\" title=\"Settori\" href=\"https:\/\/www.daldewolf.com\/expertise\/secteurs\/\"><span class=\"w-btn-label\">Saperne di pi\u00f9<\/span><\/a><\/div><\/div><\/div><\/div><div class=\"vc_col-sm-6 vc_hidden-xs wpb_column vc_column_container min-h-img has_bg_color\"><div class=\"vc_column-inner us_custom_2ce49292\"><div class=\"wpb_wrapper\"><\/div><\/div><\/div><\/div><div class=\"g-cols wpb_row us_custom_72fc42ef via_flex valign_middle type_boxes stacking_default\"><div class=\"vc_col-sm-6 vc_hidden-xs wpb_column vc_column_container min-h-img has_bg_color\"><div class=\"vc_column-inner us_custom_20669a34\"><div class=\"wpb_wrapper\"><\/div><\/div><\/div><div class=\"vc_col-sm-6 wpb_column vc_column_container has_bg_color\"><div class=\"vc_column-inner us_custom_4fb9e5a3\"><div class=\"wpb_wrapper\"><div class=\"wpb_text_column align_justify\"><div class=\"wpb_wrapper\"><h3>Desks internazionali<\/h3>\n<p>Lo studio legale ha strutturato la propria offerta di servizi internazionali, in particolare nell&#8217;ambito dei desk internazionali.<\/p>\n<\/div><\/div><div class=\"w-btn-wrapper align_none\"><a class=\"w-btn us-btn-style_3\" title=\"Desks internazionali\" href=\"https:\/\/www.daldewolf.com\/expertise\/desks-internationaux\/\"><span class=\"w-btn-label\">Saperne di pi\u00f9<\/span><\/a><\/div><\/div><\/div><\/div><\/div><div class=\"g-cols wpb_row us_custom_72fc42ef via_flex valign_middle type_boxes stacking_default\"><div class=\"vc_col-sm-6 wpb_column vc_column_container has_bg_color\"><div class=\"vc_column-inner us_custom_4fb9e5a3\"><div class=\"wpb_wrapper\"><div class=\"wpb_text_column align_justify\"><div class=\"wpb_wrapper\"><h3>Startitup<\/h3>\n<\/div><\/div><div class=\"wpb_text_column align_justify\"><div class=\"wpb_wrapper\"><p>Lo studio legale sostiene l&#8217;iniziativa e l&#8217;innovazione offrendo un supporto specifico per le start-up.<\/p>\n<\/div><\/div><div class=\"w-btn-wrapper align_none\"><a class=\"w-btn us-btn-style_3\" title=\"Startitup\" href=\"https:\/\/www.daldewolf.com\/startitup\/\"><span class=\"w-btn-label\">Saperne di pi\u00f9<\/span><\/a><\/div><\/div><\/div><\/div><div class=\"vc_col-sm-6 vc_hidden-xs wpb_column vc_column_container min-h-img has_bg_color\"><div class=\"vc_column-inner us_custom_ceb65e32\"><div class=\"wpb_wrapper\"><\/div><\/div><\/div><\/div><\/div><\/div><\/div><\/div><\/div><\/section><section class=\"l-section wpb_row height_medium\"><div class=\"l-section-h i-cf\"><div class=\"g-cols vc_row via_flex valign_top type_default stacking_default\"><div class=\"vc_col-sm-12 wpb_column vc_column_container\"><div class=\"vc_column-inner\"><div class=\"wpb_wrapper\"><div class=\"wpb_text_column align_center\"><div class=\"wpb_wrapper\"><h2>NOTIZIA<\/h2>\n<\/div><\/div><div class=\"w-grid us_grid us_custom_4cfb87d6 type_grid layout_467 cols_3 preload_style_spinner\" id=\"us_grid_1\" style=\"--columns:3;--gap:30px;\" data-filterable=\"true\"><style>@media (max-width:1024px){#us_grid_1{--columns:2!important}}@media (max-width:600px){#us_grid_1{--columns:1!important}}.layout_467 .w-grid-item-h{}.layout_467 .usg_post_title_1{text-transform:uppercase!important;letter-spacing:0.5px!important}.layout_467 .usg_post_date_1{color:#bdbdbd!important;font-weight:400!important;letter-spacing:1px!important;padding-top:3px!important}.layout_467 .usg_post_content_1{margin-top:10px!important;padding-top:10px!important;border-top-width:1px!important;border-color:#00829b!important;border-top-style:solid!important}.layout_467 .usg_btn_1{text-align:right!important;width:100%!important;margin-left:auto!important;margin-top:10px!important;margin-right:0!important}<\/style><div class=\"w-grid-list\">\t<article class=\"w-grid-item size_1x1 post-17778 post type-post status-publish format-standard hentry category-news-it tag-cybersecurity-it tag-phishing-it\" data-id=\"17778\">\r\n\t\t<div class=\"w-grid-item-h\">\r\n\t\t\t\t\t\t<h3 class=\"w-post-elm post_title usg_post_title_1 entry-title color_link_inherit\"><a href=\"https:\/\/www.daldewolf.com\/it\/avviso-importante-tentativi-di-phishing-a-nome-di-daldewolf\/\">Avviso Importante: Tentativi di Phishing a Nome di DALDEWOLF<\/a><\/h3><time class=\"w-post-elm post_date usg_post_date_1 has_text_color entry-date published\" datetime=\"2025-09-24T12:14:40+02:00\">24 Settembre 2025<\/time><div class=\"w-post-elm post_content usg_post_content_1 align_justify\">Gentile Signore\/Signora, La ringraziamo per la sua vigilanza e per averci segnalato questa situazione. Confermiamo la ricezione del&hellip;<\/div><a class=\"w-btn us-btn-style_4 usg_btn_1\" href=\"https:\/\/www.daldewolf.com\/it\/avviso-importante-tentativi-di-phishing-a-nome-di-daldewolf\/\"><span class=\"w-btn-label\">Read more<\/span><\/a>\t\t<\/div>\r\n\t\t\t<\/article>\r\n<\/div>\t<div class=\"w-grid-preloader\">\r\n\t\t<div class=\"g-preloader type_1\">\r\n\t\t\t<div><\/div>\r\n\t\t<\/div>\r\n\t<\/div>\r\n\t\t<div class=\"w-grid-json hidden\" onclick='return {&quot;action&quot;:&quot;us_ajax_grid&quot;,&quot;infinite_scroll&quot;:0,&quot;max_num_pages&quot;:1,&quot;pagination&quot;:&quot;none&quot;,&quot;template_vars&quot;:{&quot;columns&quot;:&quot;3&quot;,&quot;exclude_items&quot;:&quot;none&quot;,&quot;img_size&quot;:&quot;default&quot;,&quot;ignore_items_size&quot;:0,&quot;items_layout&quot;:&quot;467&quot;,&quot;items_offset&quot;:&quot;1&quot;,&quot;load_animation&quot;:&quot;none&quot;,&quot;overriding_link&quot;:&quot;{\\&quot;url\\&quot;:\\&quot;\\&quot;}&quot;,&quot;post_id&quot;:0,&quot;query_args&quot;:{&quot;post_type&quot;:[&quot;post&quot;],&quot;post_status&quot;:[&quot;publish&quot;,&quot;acf-disabled&quot;],&quot;posts_per_page&quot;:&quot;3&quot;},&quot;orderby_query_args&quot;:{&quot;orderby&quot;:{&quot;date&quot;:&quot;DESC&quot;}},&quot;type&quot;:&quot;grid&quot;,&quot;us_grid_post_type&quot;:&quot;post&quot;,&quot;us_grid_ajax_index&quot;:1,&quot;us_grid_filter_query_string&quot;:null,&quot;us_grid_index&quot;:1,&quot;page_args&quot;:[],&quot;lang&quot;:&quot;it&quot;}}'><\/div>\r\n\t<\/div><div class=\"w-btn-wrapper align_center\"><a class=\"w-btn us-btn-style_3 us_custom_194d2518\" title=\"Notizie e pubblicazioni\" href=\"https:\/\/www.daldewolf.com\/actualites-et-publications\/\"><span class=\"w-btn-label\">SCOPRI TUTTE LE NOTIZIA<\/span><\/a><\/div><\/div><\/div><\/div><\/div><\/div><\/section>\n","protected":false},"excerpt":{"rendered":"Gentile Signore\/Signora, La ringraziamo per la sua vigilanza e per averci segnalato questa situazione. Confermiamo la ricezione del suo messaggio relativo alla comunicazione sospetta ricevuta a nostro nome. La informiamo che il messaggio a cui fa riferimento non proviene da DALDEWOLF. N\u00e9 lei come destinatario, n\u00e9 DALDEWOLF possono essere ritenuti responsabili per il contenuto di...","protected":false},"author":1,"featured_media":0,"parent":0,"menu_order":0,"comment_status":"closed","ping_status":"closed","template":"","meta":{"_acf_changed":false,"footnotes":""},"class_list":["post-3762","page","type-page","status-publish","hentry"],"acf":[],"yoast_head":"<!-- This site is optimized with the Yoast SEO plugin v27.4 - https:\/\/yoast.com\/product\/yoast-seo-wordpress\/ -->\n<title>DALDEWOLF - Un team di avvocati orientati al business e all&#039;eccellenza<\/title>\n<meta name=\"description\" content=\"Siamo uno studio legale specializzato in diritto commerciale. Con una lunga storia (la nostra azienda \u00e8 stata fondata nel 1958), abbiamo costantemente cercato di stare al passo con il mondo che cambia e le esigenze necessariamente mutevoli dei nostri clienti.\" \/>\n<meta name=\"robots\" content=\"index, follow, max-snippet:-1, max-image-preview:large, max-video-preview:-1\" \/>\n<link rel=\"canonical\" href=\"https:\/\/www.daldewolf.com\/it\/\" \/>\n<meta property=\"og:locale\" content=\"it_IT\" \/>\n<meta property=\"og:type\" content=\"article\" \/>\n<meta property=\"og:title\" content=\"DALDEWOLF - Un team di avvocati orientati al business e all&#039;eccellenza\" \/>\n<meta property=\"og:description\" content=\"Siamo uno studio legale specializzato in diritto commerciale. Con una lunga storia (la nostra azienda \u00e8 stata fondata nel 1958), abbiamo costantemente cercato di stare al passo con il mondo che cambia e le esigenze necessariamente mutevoli dei nostri clienti.\" \/>\n<meta property=\"og:url\" content=\"https:\/\/www.daldewolf.com\/it\/\" \/>\n<meta property=\"og:site_name\" content=\"DALDEWOLF\" \/>\n<meta property=\"article:modified_time\" content=\"2023-05-17T12:35:01+00:00\" \/>\n<meta property=\"og:image\" content=\"https:\/\/www.daldewolf.com\/wp-content\/uploads\/2021\/05\/Daldewolf-fb.png\" \/>\n\t<meta property=\"og:image:width\" content=\"600\" \/>\n\t<meta property=\"og:image:height\" content=\"315\" \/>\n\t<meta property=\"og:image:type\" content=\"image\/png\" \/>\n<meta name=\"twitter:card\" content=\"summary_large_image\" \/>\n<meta name=\"twitter:label1\" content=\"Tempo di lettura stimato\" \/>\n\t<meta name=\"twitter:data1\" content=\"2 minuti\" \/>\n<script type=\"application\/ld+json\" class=\"yoast-schema-graph\">{\"@context\":\"https:\\\/\\\/schema.org\",\"@graph\":[{\"@type\":\"WebPage\",\"@id\":\"https:\\\/\\\/www.daldewolf.com\\\/it\\\/\",\"url\":\"https:\\\/\\\/www.daldewolf.com\\\/it\\\/\",\"name\":\"DALDEWOLF - Un team di avvocati orientati al business e all'eccellenza\",\"isPartOf\":{\"@id\":\"https:\\\/\\\/www.daldewolf.com\\\/nl\\\/#website\"},\"datePublished\":\"2021-05-14T15:33:01+00:00\",\"dateModified\":\"2023-05-17T12:35:01+00:00\",\"description\":\"Siamo uno studio legale specializzato in diritto commerciale. Con una lunga storia (la nostra azienda \u00e8 stata fondata nel 1958), abbiamo costantemente cercato di stare al passo con il mondo che cambia e le esigenze necessariamente mutevoli dei nostri clienti.\",\"breadcrumb\":{\"@id\":\"https:\\\/\\\/www.daldewolf.com\\\/it\\\/#breadcrumb\"},\"inLanguage\":\"it-IT\",\"potentialAction\":[{\"@type\":\"ReadAction\",\"target\":[\"https:\\\/\\\/www.daldewolf.com\\\/it\\\/\"]}]},{\"@type\":\"BreadcrumbList\",\"@id\":\"https:\\\/\\\/www.daldewolf.com\\\/it\\\/#breadcrumb\",\"itemListElement\":[{\"@type\":\"ListItem\",\"position\":1,\"name\":\"Home\",\"item\":\"https:\\\/\\\/www.daldewolf.com\\\/it\\\/\"},{\"@type\":\"ListItem\",\"position\":2,\"name\":\"DALDEWOLF\"}]},{\"@type\":\"WebSite\",\"@id\":\"https:\\\/\\\/www.daldewolf.com\\\/nl\\\/#website\",\"url\":\"https:\\\/\\\/www.daldewolf.com\\\/nl\\\/\",\"name\":\"DALDEWOLF\",\"description\":\"Independant Law firm, Since 1958.\",\"publisher\":{\"@id\":\"https:\\\/\\\/www.daldewolf.com\\\/nl\\\/#organization\"},\"potentialAction\":[{\"@type\":\"SearchAction\",\"target\":{\"@type\":\"EntryPoint\",\"urlTemplate\":\"https:\\\/\\\/www.daldewolf.com\\\/nl\\\/?s={search_term_string}\"},\"query-input\":{\"@type\":\"PropertyValueSpecification\",\"valueRequired\":true,\"valueName\":\"search_term_string\"}}],\"inLanguage\":\"it-IT\"},{\"@type\":\"Organization\",\"@id\":\"https:\\\/\\\/www.daldewolf.com\\\/nl\\\/#organization\",\"name\":\"DALDEWOLF\",\"url\":\"https:\\\/\\\/www.daldewolf.com\\\/nl\\\/\",\"logo\":{\"@type\":\"ImageObject\",\"inLanguage\":\"it-IT\",\"@id\":\"https:\\\/\\\/www.daldewolf.com\\\/nl\\\/#\\\/schema\\\/logo\\\/image\\\/\",\"url\":\"https:\\\/\\\/www.daldewolf.com\\\/wp-content\\\/uploads\\\/2020\\\/05\\\/Logo-Daldewolf.png\",\"contentUrl\":\"https:\\\/\\\/www.daldewolf.com\\\/wp-content\\\/uploads\\\/2020\\\/05\\\/Logo-Daldewolf.png\",\"width\":320,\"height\":40,\"caption\":\"DALDEWOLF\"},\"image\":{\"@id\":\"https:\\\/\\\/www.daldewolf.com\\\/nl\\\/#\\\/schema\\\/logo\\\/image\\\/\"},\"sameAs\":[\"https:\\\/\\\/www.linkedin.com\\\/company\\\/10193320\"]}]}<\/script>\n<!-- \/ Yoast SEO plugin. -->","yoast_head_json":{"title":"DALDEWOLF - Un team di avvocati orientati al business e all'eccellenza","description":"Siamo uno studio legale specializzato in diritto commerciale. Con una lunga storia (la nostra azienda \u00e8 stata fondata nel 1958), abbiamo costantemente cercato di stare al passo con il mondo che cambia e le esigenze necessariamente mutevoli dei nostri clienti.","robots":{"index":"index","follow":"follow","max-snippet":"max-snippet:-1","max-image-preview":"max-image-preview:large","max-video-preview":"max-video-preview:-1"},"canonical":"https:\/\/www.daldewolf.com\/it\/","og_locale":"it_IT","og_type":"article","og_title":"DALDEWOLF - Un team di avvocati orientati al business e all'eccellenza","og_description":"Siamo uno studio legale specializzato in diritto commerciale. Con una lunga storia (la nostra azienda \u00e8 stata fondata nel 1958), abbiamo costantemente cercato di stare al passo con il mondo che cambia e le esigenze necessariamente mutevoli dei nostri clienti.","og_url":"https:\/\/www.daldewolf.com\/it\/","og_site_name":"DALDEWOLF","article_modified_time":"2023-05-17T12:35:01+00:00","og_image":[{"width":600,"height":315,"url":"https:\/\/www.daldewolf.com\/wp-content\/uploads\/2021\/05\/Daldewolf-fb.png","type":"image\/png"}],"twitter_card":"summary_large_image","twitter_misc":{"Tempo di lettura stimato":"2 minuti"},"schema":{"@context":"https:\/\/schema.org","@graph":[{"@type":"WebPage","@id":"https:\/\/www.daldewolf.com\/it\/","url":"https:\/\/www.daldewolf.com\/it\/","name":"DALDEWOLF - Un team di avvocati orientati al business e all'eccellenza","isPartOf":{"@id":"https:\/\/www.daldewolf.com\/nl\/#website"},"datePublished":"2021-05-14T15:33:01+00:00","dateModified":"2023-05-17T12:35:01+00:00","description":"Siamo uno studio legale specializzato in diritto commerciale. Con una lunga storia (la nostra azienda \u00e8 stata fondata nel 1958), abbiamo costantemente cercato di stare al passo con il mondo che cambia e le esigenze necessariamente mutevoli dei nostri clienti.","breadcrumb":{"@id":"https:\/\/www.daldewolf.com\/it\/#breadcrumb"},"inLanguage":"it-IT","potentialAction":[{"@type":"ReadAction","target":["https:\/\/www.daldewolf.com\/it\/"]}]},{"@type":"BreadcrumbList","@id":"https:\/\/www.daldewolf.com\/it\/#breadcrumb","itemListElement":[{"@type":"ListItem","position":1,"name":"Home","item":"https:\/\/www.daldewolf.com\/it\/"},{"@type":"ListItem","position":2,"name":"DALDEWOLF"}]},{"@type":"WebSite","@id":"https:\/\/www.daldewolf.com\/nl\/#website","url":"https:\/\/www.daldewolf.com\/nl\/","name":"DALDEWOLF","description":"Independant Law firm, Since 1958.","publisher":{"@id":"https:\/\/www.daldewolf.com\/nl\/#organization"},"potentialAction":[{"@type":"SearchAction","target":{"@type":"EntryPoint","urlTemplate":"https:\/\/www.daldewolf.com\/nl\/?s={search_term_string}"},"query-input":{"@type":"PropertyValueSpecification","valueRequired":true,"valueName":"search_term_string"}}],"inLanguage":"it-IT"},{"@type":"Organization","@id":"https:\/\/www.daldewolf.com\/nl\/#organization","name":"DALDEWOLF","url":"https:\/\/www.daldewolf.com\/nl\/","logo":{"@type":"ImageObject","inLanguage":"it-IT","@id":"https:\/\/www.daldewolf.com\/nl\/#\/schema\/logo\/image\/","url":"https:\/\/www.daldewolf.com\/wp-content\/uploads\/2020\/05\/Logo-Daldewolf.png","contentUrl":"https:\/\/www.daldewolf.com\/wp-content\/uploads\/2020\/05\/Logo-Daldewolf.png","width":320,"height":40,"caption":"DALDEWOLF"},"image":{"@id":"https:\/\/www.daldewolf.com\/nl\/#\/schema\/logo\/image\/"},"sameAs":["https:\/\/www.linkedin.com\/company\/10193320"]}]}},"_links":{"self":[{"href":"https:\/\/www.daldewolf.com\/it\/wp-json\/wp\/v2\/pages\/3762","targetHints":{"allow":["GET"]}}],"collection":[{"href":"https:\/\/www.daldewolf.com\/it\/wp-json\/wp\/v2\/pages"}],"about":[{"href":"https:\/\/www.daldewolf.com\/it\/wp-json\/wp\/v2\/types\/page"}],"author":[{"embeddable":true,"href":"https:\/\/www.daldewolf.com\/it\/wp-json\/wp\/v2\/users\/1"}],"replies":[{"embeddable":true,"href":"https:\/\/www.daldewolf.com\/it\/wp-json\/wp\/v2\/comments?post=3762"}],"version-history":[{"count":0,"href":"https:\/\/www.daldewolf.com\/it\/wp-json\/wp\/v2\/pages\/3762\/revisions"}],"wp:attachment":[{"href":"https:\/\/www.daldewolf.com\/it\/wp-json\/wp\/v2\/media?parent=3762"}],"curies":[{"name":"wp","href":"https:\/\/api.w.org\/{rel}","templated":true}]}}