{"id":65,"date":"2020-05-13T12:57:31","date_gmt":"2020-05-13T12:57:31","guid":{"rendered":"https:\/\/www.daldewolf.com\/?page_id=65"},"modified":"2022-02-22T16:00:18","modified_gmt":"2022-02-22T15:00:18","slug":"desk-us","status":"publish","type":"page","link":"https:\/\/www.daldewolf.com\/fr\/expertise\/desks-internationaux\/desk-us\/","title":{"rendered":"Desk US"},"content":{"rendered":"<section class=\"l-section wpb_row columns-layout-sp-brx height_medium width_full\"><div class=\"l-section-h i-cf\"><div class=\"g-cols vc_row via_flex valign_top type_default stacking_default\"><div class=\"vc_col-sm-4 wpb_column vc_column_container first-column-sp\"><div class=\"vc_column-inner type_sticky\"><div class=\"wpb_wrapper\"><div class=\"wpb_text_column align_center\"><div class=\"wpb_wrapper\"><h2>Desks internationaux<\/h2>\n<\/div><\/div><nav class=\"w-menu us_custom_18a67f5f layout_ver style_links us_menu_1\" style=\"--main-gap:1.5rem;--main-ver-indent:0.8em;--main-hor-indent:0.8em;--main-color:inherit;\"><ul id=\"menu-desks-internationaux\" class=\"menu\"><li id=\"menu-item-156\" class=\"menu-item menu-item-type-post_type menu-item-object-page menu-item-156\"><a href=\"https:\/\/www.daldewolf.com\/fr\/expertise\/desks-internationaux\/desk-ohada\/\">Desk OHADA<\/a><\/li><li id=\"menu-item-157\" class=\"menu-item menu-item-type-post_type menu-item-object-page menu-item-157\"><a href=\"https:\/\/www.daldewolf.com\/fr\/expertise\/desks-internationaux\/desk-chine\/\">Desk Chine<\/a><\/li><li id=\"menu-item-158\" class=\"menu-item menu-item-type-post_type menu-item-object-page menu-item-158\"><a href=\"https:\/\/www.daldewolf.com\/fr\/expertise\/desks-internationaux\/desk-italie\/\">Desk Italie<\/a><\/li><li id=\"menu-item-159\" class=\"menu-item menu-item-type-post_type menu-item-object-page menu-item-159\"><a href=\"https:\/\/www.daldewolf.com\/fr\/expertise\/desks-internationaux\/desk-us\/\">Desk US<\/a><\/li><\/ul><style>@media ( max-width:600px ){.us_menu_1 .menu{display:block!important}.us_menu_1 .menu>li{margin:0 0 var(--main-gap,1.5rem)!important}}<\/style><\/nav><\/div><\/div><\/div><div class=\"vc_col-sm-4 wpb_column vc_column_container\"><div class=\"vc_column-inner\"><div class=\"wpb_wrapper\"><div class=\"wpb_text_column h1-line-btm\"><div class=\"wpb_wrapper\"><h1>Desk US<\/h1>\n<\/div><\/div><div class=\"wpb_text_column align_justify\"><div class=\"wpb_wrapper\"><p>Parmi les dossiers ayant des aspects transnationaux, le cabinet attache une importance toute particuli\u00e8re aux relations commerciales avec les Etats-Unis et le Canada.<\/p>\n<p>Pour aider les entreprises nord-am\u00e9ricaines actives en Belgique, ou qui cherchent \u00e0 s\u2019y implanter, les avocats du Desk US sont familiaris\u00e9s avec l\u2019esprit et la culture d\u2019entreprise nord-am\u00e9ricaine, mais aussi avec les habitudes et r\u00e9flexes li\u00e9s \u00e0 la pratique anglo-saxonne.<\/p>\n<p>Trois de nos avocats sont membres du Barreau de New York.<\/p>\n<p>Les comp\u00e9tences particuli\u00e8res des avocats du Desk US touchent \u00e0 la r\u00e9daction d\u2019accords dans les domaines qui int\u00e9ressent la plupart des clients nord-am\u00e9ricains\u00a0(contrats de distribution, d\u2019agence, de licences, fusions et acquisitions, financement d\u2019entreprises, cr\u00e9ation de soci\u00e9t\u00e9s, de filiales communes avec conventions d\u2019actionnaires, start-up, etc.) et \u00e0 la gestion de litiges (en privil\u00e9giant autant que possible les modes alternatifs de r\u00e8glement des conflits).<\/p>\n<p>Dans la gestion des dossiers, le cabinet travaille en \u00e9troite collaboration avec les clients et leurs avocats nord-am\u00e9ricains. La collaboration avec ces derniers est souvent essentielle pour mettre en place les instruments juridiques ad\u00e9quats.<\/p>\n<p>Les membres de l\u2019US Desk assistent aussi les entreprises belges actives en Am\u00e9rique, en s\u2019appuyant sur un vaste r\u00e9seau de cabinets au sein duquel les comp\u00e9tences ad\u00e9quates peuvent \u00eatre trouv\u00e9es dans les villes, \u00e9tats ou provinces concern\u00e9s. Le cabinet n\u2019a de relations exclusives avec aucun bureau d\u2019avocats nord-am\u00e9ricain et peut donc conseiller les clients en fonction des seuls int\u00e9r\u00eats de ceux-ci. La participation du cabinet au r\u00e9seau GGI garantit la possibilit\u00e9 de recours aux meilleurs sp\u00e9cialistes du droit et du chiffre.<\/p>\n<\/div><\/div><\/div><\/div><\/div><div class=\"vc_col-sm-4 wpb_column vc_column_container\"><div class=\"vc_column-inner\"><div class=\"wpb_wrapper\"><div class=\"wpb_text_column h2-line-btm\"><div class=\"wpb_wrapper\"><h2>EXPERTS<\/h2>\n<\/div><\/div><div class=\"w-grid us_grid cntct-grid-lft type_grid layout_245 cols_1 preload_style_spinner\" id=\"us_grid_1\" style=\"--columns:1;--gap:10px;\" data-filterable=\"true\"><style>.layout_245 .w-grid-item-h{}.layout_245 .usg_post_custom_field_1{transition-duration:0.3s;transform-origin:50% 50%;transform:scale(1) translate(0%,0%)}.layout_245 .w-grid-item-h:focus-within .usg_post_custom_field_1,.layout_245 .w-grid-item-h:hover .usg_post_custom_field_1{transform:scale(1) translate(0%,0%);opacity:1;color:#ffffff!important}.layout_245 .usg_post_custom_field_2{transition-duration:0.3s;transform-origin:50% 50%;transform:scale(1) translate(0%,0%)}.layout_245 .w-grid-item-h:focus-within .usg_post_custom_field_2,.layout_245 .w-grid-item-h:hover .usg_post_custom_field_2{transform:scale(1) translate(0%,0%);opacity:1;color:#ffffff!important}.layout_245 .usg_hwrapper_1{transition-duration:0.3s;transform-origin:50% 50%;transform:scale(1) translate(0%,0%)}.layout_245 .w-grid-item-h:focus-within .usg_hwrapper_1,.layout_245 .w-grid-item-h:hover .usg_hwrapper_1{transform:scale(1) translate(0%,0%);opacity:1;background:#016b80!important;color:#ffffff!important}.layout_245 .usg_btn_1{transition-duration:0.3s;transform-origin:50% 50%;transform:scale(1) translate(0%,0%);opacity:0}.layout_245 .w-grid-item-h:focus-within .usg_btn_1,.layout_245 .w-grid-item-h:hover .usg_btn_1{transform:scale(1) translate(0%,0%);opacity:0}.layout_245 .usg_post_custom_field_2{text-transform:uppercase!important}.layout_245 .usg_hwrapper_1{color:#ffffff!important;font-size:14px!important;letter-spacing:1px!important;width:350px!important;max-width:100%!important;margin-left:0!important;margin-right:auto!important;padding-top:7px!important;padding-bottom:7px!important;background:#00829b!important}.layout_245 .usg_btn_1{width:100%!important;height:100%!important;position:absolute!important;left:0!important;top:0!important}<\/style><div class=\"w-grid-list\">\t<article class=\"w-grid-item size_1x1 post-217 us_portfolio type-us_portfolio status-publish has-post-thumbnail hentry us_portfolio_category-contentieux us_portfolio_category-droit-des-societes-et-financier us_portfolio_tag-desk-us\" data-id=\"217\">\r\n\t\t<div class=\"w-grid-item-h\">\r\n\t\t\t\t\t\t<div class=\"w-hwrapper usg_hwrapper_1 has_text_color align_center valign_middle wrap\" style=\"--hwrapper-gap:5px\"><div class=\"w-post-elm post_custom_field usg_post_custom_field_1 type_text name color_link_inherit\"><span class=\"w-post-elm-value\">Marc<\/span><\/div><div class=\"w-post-elm post_custom_field usg_post_custom_field_2 type_text surname color_link_inherit\"><span class=\"w-post-elm-value\">Dal<\/span><\/div><a class=\"w-btn us-btn-style_1 usg_btn_1 text_none\" aria-label=\"Button\" href=\"https:\/\/www.daldewolf.com\/fr\/equipe\/marc-dal\/\"><\/a><\/div>\t\t<\/div>\r\n\t\t\t<\/article>\r\n\t<article class=\"w-grid-item size_1x1 post-237 us_portfolio type-us_portfolio status-publish has-post-thumbnail hentry us_portfolio_category-droit-des-societes-et-financier us_portfolio_category-droit-social us_portfolio_tag-desk-us\" data-id=\"237\">\r\n\t\t<div class=\"w-grid-item-h\">\r\n\t\t\t\t\t\t<div class=\"w-hwrapper usg_hwrapper_1 has_text_color align_center valign_middle wrap\" style=\"--hwrapper-gap:5px\"><div class=\"w-post-elm post_custom_field usg_post_custom_field_1 type_text name color_link_inherit\"><span class=\"w-post-elm-value\">Xavier <\/span><\/div><div class=\"w-post-elm post_custom_field usg_post_custom_field_2 type_text surname color_link_inherit\"><span class=\"w-post-elm-value\">VAN der MERSCH<\/span><\/div><a class=\"w-btn us-btn-style_1 usg_btn_1 text_none\" aria-label=\"Button\" href=\"https:\/\/www.daldewolf.com\/fr\/equipe\/xavier-van-der-mersch\/\"><\/a><\/div>\t\t<\/div>\r\n\t\t\t<\/article>\r\n\t<article class=\"w-grid-item size_1x1 post-239 us_portfolio type-us_portfolio status-publish has-post-thumbnail hentry us_portfolio_category-contentieux us_portfolio_category-droit-des-societes-et-financier us_portfolio_tag-desk-italie us_portfolio_tag-desk-us\" data-id=\"239\">\r\n\t\t<div class=\"w-grid-item-h\">\r\n\t\t\t\t\t\t<div class=\"w-hwrapper usg_hwrapper_1 has_text_color align_center valign_middle wrap\" style=\"--hwrapper-gap:5px\"><div class=\"w-post-elm post_custom_field usg_post_custom_field_1 type_text name color_link_inherit\"><span class=\"w-post-elm-value\">Patrick <\/span><\/div><div class=\"w-post-elm post_custom_field usg_post_custom_field_2 type_text surname color_link_inherit\"><span class=\"w-post-elm-value\">Van Leynseele<\/span><\/div><a class=\"w-btn us-btn-style_1 usg_btn_1 text_none\" aria-label=\"Button\" href=\"https:\/\/www.daldewolf.com\/fr\/equipe\/patrick-van-leynseele\/\"><\/a><\/div>\t\t<\/div>\r\n\t\t\t<\/article>\r\n\t<article class=\"w-grid-item size_1x1 post-4947 us_portfolio type-us_portfolio status-publish has-post-thumbnail hentry us_portfolio_category-contentieux us_portfolio_category-droit-des-societes-et-financier us_portfolio_category-pratiques us_portfolio_tag-desk-us\" data-id=\"4947\">\r\n\t\t<div class=\"w-grid-item-h\">\r\n\t\t\t\t\t\t<div class=\"w-hwrapper usg_hwrapper_1 has_text_color align_center valign_middle wrap\" style=\"--hwrapper-gap:5px\"><div class=\"w-post-elm post_custom_field usg_post_custom_field_1 type_text name color_link_inherit\"><span class=\"w-post-elm-value\">Quentin<\/span><\/div><div class=\"w-post-elm post_custom_field usg_post_custom_field_2 type_text surname color_link_inherit\"><span class=\"w-post-elm-value\">VAN den EYNDE<\/span><\/div><a class=\"w-btn us-btn-style_1 usg_btn_1 text_none\" aria-label=\"Button\" href=\"https:\/\/www.daldewolf.com\/fr\/equipe\/quentin-van-den-eynde\/\"><\/a><\/div>\t\t<\/div>\r\n\t\t\t<\/article>\r\n<\/div>\t<div class=\"w-grid-preloader\">\r\n\t\t<div class=\"g-preloader type_1\">\r\n\t\t\t<div><\/div>\r\n\t\t<\/div>\r\n\t<\/div>\r\n\t\t<div class=\"w-grid-json hidden\" onclick='return {&quot;action&quot;:&quot;us_ajax_grid&quot;,&quot;infinite_scroll&quot;:0,&quot;max_num_pages&quot;:1,&quot;pagination&quot;:&quot;none&quot;,&quot;template_vars&quot;:{&quot;columns&quot;:&quot;1&quot;,&quot;exclude_items&quot;:&quot;none&quot;,&quot;img_size&quot;:&quot;default&quot;,&quot;ignore_items_size&quot;:0,&quot;items_layout&quot;:&quot;245&quot;,&quot;items_offset&quot;:&quot;1&quot;,&quot;load_animation&quot;:&quot;none&quot;,&quot;overriding_link&quot;:&quot;{\\&quot;url\\&quot;:\\&quot;\\&quot;}&quot;,&quot;post_id&quot;:0,&quot;query_args&quot;:{&quot;post_type&quot;:[&quot;us_portfolio&quot;],&quot;tax_query&quot;:[{&quot;taxonomy&quot;:&quot;us_portfolio_tag&quot;,&quot;field&quot;:&quot;slug&quot;,&quot;terms&quot;:[&quot;desk-us&quot;]}],&quot;post_status&quot;:[&quot;publish&quot;,&quot;acf-disabled&quot;],&quot;posts_per_page&quot;:999},&quot;orderby_query_args&quot;:{&quot;orderby&quot;:{&quot;post__in&quot;:&quot;ASC&quot;},&quot;order&quot;:&quot;ASC&quot;},&quot;type&quot;:&quot;grid&quot;,&quot;us_grid_post_type&quot;:&quot;us_portfolio&quot;,&quot;us_grid_ajax_index&quot;:1,&quot;us_grid_filter_query_string&quot;:null,&quot;us_grid_index&quot;:1,&quot;page_args&quot;:[],&quot;lang&quot;:&quot;fr&quot;}}'><\/div>\r\n\t<\/div><\/div><\/div><\/div><\/div><\/div><\/section>\n","protected":false},"excerpt":{"rendered":"Quentin Van den Eynde est membre du barreau de Bruxelles (2013). Quentin est counsel au sein du cabinet DALDEWOLF. Il est membre de l\u2019\u00e9quipe Arbitrage, litiges complexes et m\u00e9diation et du Desk US. Quentin pratique principalement le droit commercial (international) ainsi que le droit des soci\u00e9t\u00e9s et financier. Il repr\u00e9sente des clients belges et internationaux...","protected":false},"author":1,"featured_media":0,"parent":57,"menu_order":0,"comment_status":"closed","ping_status":"closed","template":"","meta":{"_acf_changed":false,"footnotes":""},"class_list":["post-65","page","type-page","status-publish","hentry"],"acf":[],"yoast_head":"<!-- This site is optimized with the Yoast SEO plugin v27.3 - https:\/\/yoast.com\/product\/yoast-seo-wordpress\/ -->\n<title>Desk US - DALDEWOLF<\/title>\n<meta name=\"description\" content=\"Parmi Les dossiers ayant des aspects transnationaux, le cabinet attache une importance toute particuli\u00e8re aux relations commerciales avec les Etats-Unis et le Canada.\" \/>\n<meta name=\"robots\" content=\"index, follow, max-snippet:-1, max-image-preview:large, max-video-preview:-1\" \/>\n<link rel=\"canonical\" href=\"https:\/\/www.daldewolf.com\/fr\/expertise\/desks-internationaux\/desk-us\/\" \/>\n<meta property=\"og:locale\" content=\"fr_FR\" \/>\n<meta property=\"og:type\" content=\"article\" \/>\n<meta property=\"og:title\" content=\"Desk US - DALDEWOLF\" \/>\n<meta property=\"og:description\" content=\"Parmi Les dossiers ayant des aspects transnationaux, le cabinet attache une importance toute particuli\u00e8re aux relations commerciales avec les Etats-Unis et le Canada.\" \/>\n<meta property=\"og:url\" content=\"https:\/\/www.daldewolf.com\/fr\/expertise\/desks-internationaux\/desk-us\/\" \/>\n<meta property=\"og:site_name\" content=\"DALDEWOLF\" \/>\n<meta property=\"article:modified_time\" content=\"2022-02-22T15:00:18+00:00\" \/>\n<meta property=\"og:image\" content=\"https:\/\/www.daldewolf.com\/wp-content\/uploads\/2021\/05\/Daldewolf-fb.png\" \/>\n\t<meta property=\"og:image:width\" content=\"600\" \/>\n\t<meta property=\"og:image:height\" content=\"315\" \/>\n\t<meta property=\"og:image:type\" content=\"image\/png\" \/>\n<meta name=\"twitter:card\" content=\"summary_large_image\" \/>\n<meta name=\"twitter:label1\" content=\"Dur\u00e9e de lecture estim\u00e9e\" \/>\n\t<meta name=\"twitter:data1\" content=\"2 minutes\" \/>\n<script type=\"application\/ld+json\" class=\"yoast-schema-graph\">{\"@context\":\"https:\\\/\\\/schema.org\",\"@graph\":[{\"@type\":\"WebPage\",\"@id\":\"https:\\\/\\\/www.daldewolf.com\\\/fr\\\/expertise\\\/desks-internationaux\\\/desk-us\\\/\",\"url\":\"https:\\\/\\\/www.daldewolf.com\\\/fr\\\/expertise\\\/desks-internationaux\\\/desk-us\\\/\",\"name\":\"Desk US - DALDEWOLF\",\"isPartOf\":{\"@id\":\"https:\\\/\\\/www.daldewolf.com\\\/nl\\\/#website\"},\"datePublished\":\"2020-05-13T12:57:31+00:00\",\"dateModified\":\"2022-02-22T15:00:18+00:00\",\"description\":\"Parmi Les dossiers ayant des aspects transnationaux, le cabinet attache une importance toute particuli\u00e8re aux relations commerciales avec les Etats-Unis et le Canada.\",\"breadcrumb\":{\"@id\":\"https:\\\/\\\/www.daldewolf.com\\\/fr\\\/expertise\\\/desks-internationaux\\\/desk-us\\\/#breadcrumb\"},\"inLanguage\":\"fr-FR\",\"potentialAction\":[{\"@type\":\"ReadAction\",\"target\":[\"https:\\\/\\\/www.daldewolf.com\\\/fr\\\/expertise\\\/desks-internationaux\\\/desk-us\\\/\"]}]},{\"@type\":\"BreadcrumbList\",\"@id\":\"https:\\\/\\\/www.daldewolf.com\\\/fr\\\/expertise\\\/desks-internationaux\\\/desk-us\\\/#breadcrumb\",\"itemListElement\":[{\"@type\":\"ListItem\",\"position\":1,\"name\":\"Home\",\"item\":\"https:\\\/\\\/www.daldewolf.com\\\/fr\\\/\"},{\"@type\":\"ListItem\",\"position\":2,\"name\":\"Expertise\",\"item\":\"https:\\\/\\\/www.daldewolf.com\\\/fr\\\/expertise\\\/\"},{\"@type\":\"ListItem\",\"position\":3,\"name\":\"Desks internationaux\",\"item\":\"https:\\\/\\\/www.daldewolf.com\\\/fr\\\/expertise\\\/desks-internationaux\\\/\"},{\"@type\":\"ListItem\",\"position\":4,\"name\":\"Desk US\"}]},{\"@type\":\"WebSite\",\"@id\":\"https:\\\/\\\/www.daldewolf.com\\\/nl\\\/#website\",\"url\":\"https:\\\/\\\/www.daldewolf.com\\\/nl\\\/\",\"name\":\"DALDEWOLF\",\"description\":\"Independant Law firm, Since 1958.\",\"publisher\":{\"@id\":\"https:\\\/\\\/www.daldewolf.com\\\/nl\\\/#organization\"},\"potentialAction\":[{\"@type\":\"SearchAction\",\"target\":{\"@type\":\"EntryPoint\",\"urlTemplate\":\"https:\\\/\\\/www.daldewolf.com\\\/nl\\\/?s={search_term_string}\"},\"query-input\":{\"@type\":\"PropertyValueSpecification\",\"valueRequired\":true,\"valueName\":\"search_term_string\"}}],\"inLanguage\":\"fr-FR\"},{\"@type\":\"Organization\",\"@id\":\"https:\\\/\\\/www.daldewolf.com\\\/nl\\\/#organization\",\"name\":\"DALDEWOLF\",\"url\":\"https:\\\/\\\/www.daldewolf.com\\\/nl\\\/\",\"logo\":{\"@type\":\"ImageObject\",\"inLanguage\":\"fr-FR\",\"@id\":\"https:\\\/\\\/www.daldewolf.com\\\/nl\\\/#\\\/schema\\\/logo\\\/image\\\/\",\"url\":\"https:\\\/\\\/www.daldewolf.com\\\/wp-content\\\/uploads\\\/2020\\\/05\\\/Logo-Daldewolf.png\",\"contentUrl\":\"https:\\\/\\\/www.daldewolf.com\\\/wp-content\\\/uploads\\\/2020\\\/05\\\/Logo-Daldewolf.png\",\"width\":320,\"height\":40,\"caption\":\"DALDEWOLF\"},\"image\":{\"@id\":\"https:\\\/\\\/www.daldewolf.com\\\/nl\\\/#\\\/schema\\\/logo\\\/image\\\/\"},\"sameAs\":[\"https:\\\/\\\/www.linkedin.com\\\/company\\\/10193320\"]}]}<\/script>\n<!-- \/ Yoast SEO plugin. -->","yoast_head_json":{"title":"Desk US - DALDEWOLF","description":"Parmi Les dossiers ayant des aspects transnationaux, le cabinet attache une importance toute particuli\u00e8re aux relations commerciales avec les Etats-Unis et le Canada.","robots":{"index":"index","follow":"follow","max-snippet":"max-snippet:-1","max-image-preview":"max-image-preview:large","max-video-preview":"max-video-preview:-1"},"canonical":"https:\/\/www.daldewolf.com\/fr\/expertise\/desks-internationaux\/desk-us\/","og_locale":"fr_FR","og_type":"article","og_title":"Desk US - DALDEWOLF","og_description":"Parmi Les dossiers ayant des aspects transnationaux, le cabinet attache une importance toute particuli\u00e8re aux relations commerciales avec les Etats-Unis et le Canada.","og_url":"https:\/\/www.daldewolf.com\/fr\/expertise\/desks-internationaux\/desk-us\/","og_site_name":"DALDEWOLF","article_modified_time":"2022-02-22T15:00:18+00:00","og_image":[{"width":600,"height":315,"url":"https:\/\/www.daldewolf.com\/wp-content\/uploads\/2021\/05\/Daldewolf-fb.png","type":"image\/png"}],"twitter_card":"summary_large_image","twitter_misc":{"Dur\u00e9e de lecture estim\u00e9e":"2 minutes"},"schema":{"@context":"https:\/\/schema.org","@graph":[{"@type":"WebPage","@id":"https:\/\/www.daldewolf.com\/fr\/expertise\/desks-internationaux\/desk-us\/","url":"https:\/\/www.daldewolf.com\/fr\/expertise\/desks-internationaux\/desk-us\/","name":"Desk US - DALDEWOLF","isPartOf":{"@id":"https:\/\/www.daldewolf.com\/nl\/#website"},"datePublished":"2020-05-13T12:57:31+00:00","dateModified":"2022-02-22T15:00:18+00:00","description":"Parmi Les dossiers ayant des aspects transnationaux, le cabinet attache une importance toute particuli\u00e8re aux relations commerciales avec les Etats-Unis et le Canada.","breadcrumb":{"@id":"https:\/\/www.daldewolf.com\/fr\/expertise\/desks-internationaux\/desk-us\/#breadcrumb"},"inLanguage":"fr-FR","potentialAction":[{"@type":"ReadAction","target":["https:\/\/www.daldewolf.com\/fr\/expertise\/desks-internationaux\/desk-us\/"]}]},{"@type":"BreadcrumbList","@id":"https:\/\/www.daldewolf.com\/fr\/expertise\/desks-internationaux\/desk-us\/#breadcrumb","itemListElement":[{"@type":"ListItem","position":1,"name":"Home","item":"https:\/\/www.daldewolf.com\/fr\/"},{"@type":"ListItem","position":2,"name":"Expertise","item":"https:\/\/www.daldewolf.com\/fr\/expertise\/"},{"@type":"ListItem","position":3,"name":"Desks internationaux","item":"https:\/\/www.daldewolf.com\/fr\/expertise\/desks-internationaux\/"},{"@type":"ListItem","position":4,"name":"Desk US"}]},{"@type":"WebSite","@id":"https:\/\/www.daldewolf.com\/nl\/#website","url":"https:\/\/www.daldewolf.com\/nl\/","name":"DALDEWOLF","description":"Independant Law firm, Since 1958.","publisher":{"@id":"https:\/\/www.daldewolf.com\/nl\/#organization"},"potentialAction":[{"@type":"SearchAction","target":{"@type":"EntryPoint","urlTemplate":"https:\/\/www.daldewolf.com\/nl\/?s={search_term_string}"},"query-input":{"@type":"PropertyValueSpecification","valueRequired":true,"valueName":"search_term_string"}}],"inLanguage":"fr-FR"},{"@type":"Organization","@id":"https:\/\/www.daldewolf.com\/nl\/#organization","name":"DALDEWOLF","url":"https:\/\/www.daldewolf.com\/nl\/","logo":{"@type":"ImageObject","inLanguage":"fr-FR","@id":"https:\/\/www.daldewolf.com\/nl\/#\/schema\/logo\/image\/","url":"https:\/\/www.daldewolf.com\/wp-content\/uploads\/2020\/05\/Logo-Daldewolf.png","contentUrl":"https:\/\/www.daldewolf.com\/wp-content\/uploads\/2020\/05\/Logo-Daldewolf.png","width":320,"height":40,"caption":"DALDEWOLF"},"image":{"@id":"https:\/\/www.daldewolf.com\/nl\/#\/schema\/logo\/image\/"},"sameAs":["https:\/\/www.linkedin.com\/company\/10193320"]}]}},"_links":{"self":[{"href":"https:\/\/www.daldewolf.com\/fr\/wp-json\/wp\/v2\/pages\/65","targetHints":{"allow":["GET"]}}],"collection":[{"href":"https:\/\/www.daldewolf.com\/fr\/wp-json\/wp\/v2\/pages"}],"about":[{"href":"https:\/\/www.daldewolf.com\/fr\/wp-json\/wp\/v2\/types\/page"}],"author":[{"embeddable":true,"href":"https:\/\/www.daldewolf.com\/fr\/wp-json\/wp\/v2\/users\/1"}],"replies":[{"embeddable":true,"href":"https:\/\/www.daldewolf.com\/fr\/wp-json\/wp\/v2\/comments?post=65"}],"version-history":[{"count":0,"href":"https:\/\/www.daldewolf.com\/fr\/wp-json\/wp\/v2\/pages\/65\/revisions"}],"up":[{"embeddable":true,"href":"https:\/\/www.daldewolf.com\/fr\/wp-json\/wp\/v2\/pages\/57"}],"wp:attachment":[{"href":"https:\/\/www.daldewolf.com\/fr\/wp-json\/wp\/v2\/media?parent=65"}],"curies":[{"name":"wp","href":"https:\/\/api.w.org\/{rel}","templated":true}]}}