{"id":63,"date":"2020-05-13T12:57:10","date_gmt":"2020-05-13T12:57:10","guid":{"rendered":"https:\/\/www.daldewolf.com\/?page_id=63"},"modified":"2026-03-03T14:40:13","modified_gmt":"2026-03-03T13:40:13","slug":"desk-italie","status":"publish","type":"page","link":"https:\/\/www.daldewolf.com\/fr\/expertise\/desks-internationaux\/desk-italie\/","title":{"rendered":"Desk Italie"},"content":{"rendered":"<section class=\"l-section wpb_row columns-layout-sp-brx height_medium width_full\"><div class=\"l-section-h i-cf\"><div class=\"g-cols vc_row via_flex valign_top type_default stacking_default\"><div class=\"vc_col-sm-4 wpb_column vc_column_container first-column-sp\"><div class=\"vc_column-inner type_sticky\"><div class=\"wpb_wrapper\"><div class=\"wpb_text_column align_center\"><div class=\"wpb_wrapper\"><h2>Desks internationaux<\/h2>\n<\/div><\/div><nav class=\"w-menu us_custom_18a67f5f layout_ver style_links us_menu_1\" style=\"--main-gap:1.5rem;--main-ver-indent:0.8em;--main-hor-indent:0.8em;--main-color:inherit;\"><ul id=\"menu-desks-internationaux\" class=\"menu\"><li id=\"menu-item-156\" class=\"menu-item menu-item-type-post_type menu-item-object-page menu-item-156\"><a href=\"https:\/\/www.daldewolf.com\/fr\/expertise\/desks-internationaux\/desk-ohada\/\">Desk OHADA<\/a><\/li><li id=\"menu-item-157\" class=\"menu-item menu-item-type-post_type menu-item-object-page menu-item-157\"><a href=\"https:\/\/www.daldewolf.com\/fr\/expertise\/desks-internationaux\/desk-chine\/\">Desk Chine<\/a><\/li><li id=\"menu-item-158\" class=\"menu-item menu-item-type-post_type menu-item-object-page menu-item-158\"><a href=\"https:\/\/www.daldewolf.com\/fr\/expertise\/desks-internationaux\/desk-italie\/\">Desk Italie<\/a><\/li><li id=\"menu-item-159\" class=\"menu-item menu-item-type-post_type menu-item-object-page menu-item-159\"><a href=\"https:\/\/www.daldewolf.com\/fr\/expertise\/desks-internationaux\/desk-us\/\">Desk US<\/a><\/li><\/ul><style>@media ( max-width:600px ){.us_menu_1 .menu{display:block!important}.us_menu_1 .menu>li{margin:0 0 var(--main-gap,1.5rem)!important}}<\/style><\/nav><\/div><\/div><\/div><div class=\"vc_col-sm-4 wpb_column vc_column_container\"><div class=\"vc_column-inner\"><div class=\"wpb_wrapper\"><div class=\"wpb_text_column h1-line-btm\"><div class=\"wpb_wrapper\"><h1>Desk italie<\/h1>\n<\/div><\/div><div class=\"wpb_text_column align_justify\"><div class=\"wpb_wrapper\"><p>Le Desk italien du cabinet, dont les membres sont familiaris\u00e9s avec l\u2019esprit et la culture d\u2019entreprise transalpine, fournit une assistance juridique, en italien, aux entreprises italiennes actives en Belgique ou qui cherchent \u00e0 s\u2019y implanter.<\/p>\n<p>L\u2019\u00e9quipe poss\u00e8de des comp\u00e9tences particuli\u00e8res qui r\u00e9pondent aux besoins des clients du Desk italien dans les mati\u00e8res r\u00e9currentes que sont : l\u2019interm\u00e9diation commerciale (agence, distribution, franchise, commission), la vente internationale, les contrats de licences, l\u2019acquisition et cr\u00e9ation de soci\u00e9t\u00e9s (et notamment de filiales communes avec conventions d\u2019actionnaires), l\u2019assistance aux start-ups, etc.<\/p>\n<p>Les demandes d\u2019assistance proviennent des secteurs-cl\u00e9s de l\u2019\u00e9conomie italienne tels que, notamment, les industries alimentaire, pharmaceutique, de la mode et du mobilier et l\u2019ing\u00e9nierie industrielle. Ces comp\u00e9tences s\u2019exercent tant au niveau du conseil que du contentieux, en mettant l\u2019accent, lorsque c\u2019est opportun, sur les modes alternatifs de r\u00e8glement des conflits.<\/p>\n<p>Nous travaillons en \u00e9troite collaboration avec les clients et leurs avocats italiens afin de mettre en place les instruments juridiques ad\u00e9quats ou les strat\u00e9gies qui sont les plus conformes aux int\u00e9r\u00eats de nos clients.<\/p>\n<p>A l\u2019appui d\u2019un vaste r\u00e9seau de cabinets ind\u00e9pendants r\u00e9partis sur tout le territoire, les membres du Desk italien assistent \u00e9galement les entreprises belges actives en Italie.<\/p>\n<\/div><\/div><\/div><\/div><\/div><div class=\"vc_col-sm-4 wpb_column vc_column_container\"><div class=\"vc_column-inner\"><div class=\"wpb_wrapper\"><div class=\"wpb_text_column h2-line-btm\"><div class=\"wpb_wrapper\"><h2>EXPERTS<\/h2>\n<\/div><\/div><div class=\"w-grid us_grid cntct-grid-lft type_grid layout_245 cols_1 preload_style_spinner\" id=\"us_grid_1\" style=\"--columns:1;--gap:10px;\"><style>.layout_245 .w-grid-item-h{}.layout_245 .usg_post_custom_field_1{transition-duration:0.3s;transform-origin:50% 50%;transform:scale(1) translate(0%,0%)}.layout_245 .w-grid-item-h:focus-within .usg_post_custom_field_1,.layout_245 .w-grid-item-h:hover .usg_post_custom_field_1{transform:scale(1) translate(0%,0%);opacity:1;color:#ffffff!important}.layout_245 .usg_post_custom_field_2{transition-duration:0.3s;transform-origin:50% 50%;transform:scale(1) translate(0%,0%)}.layout_245 .w-grid-item-h:focus-within .usg_post_custom_field_2,.layout_245 .w-grid-item-h:hover .usg_post_custom_field_2{transform:scale(1) translate(0%,0%);opacity:1;color:#ffffff!important}.layout_245 .usg_hwrapper_1{transition-duration:0.3s;transform-origin:50% 50%;transform:scale(1) translate(0%,0%)}.layout_245 .w-grid-item-h:focus-within .usg_hwrapper_1,.layout_245 .w-grid-item-h:hover .usg_hwrapper_1{transform:scale(1) translate(0%,0%);opacity:1;background:#016b80!important;color:#ffffff!important}.layout_245 .usg_btn_1{transition-duration:0.3s;transform-origin:50% 50%;transform:scale(1) translate(0%,0%);opacity:0}.layout_245 .w-grid-item-h:focus-within .usg_btn_1,.layout_245 .w-grid-item-h:hover .usg_btn_1{transform:scale(1) translate(0%,0%);opacity:0}.layout_245 .usg_post_custom_field_2{text-transform:uppercase!important}.layout_245 .usg_hwrapper_1{color:#ffffff!important;font-size:14px!important;letter-spacing:1px!important;width:350px!important;max-width:100%!important;margin-left:0!important;margin-right:auto!important;padding-top:7px!important;padding-bottom:7px!important;background:#00829b!important}.layout_245 .usg_btn_1{width:100%!important;height:100%!important;position:absolute!important;left:0!important;top:0!important}<\/style><div class=\"w-grid-list\">\t<article class=\"w-grid-item size_1x1 post-206 us_portfolio type-us_portfolio status-publish has-post-thumbnail hentry us_portfolio_category-droit-economique us_portfolio_category-food-beverage us_portfolio_category-retail us_portfolio_tag-desk-italie\" data-id=\"206\">\r\n\t\t<div class=\"w-grid-item-h\">\r\n\t\t\t\t\t\t<div class=\"w-hwrapper usg_hwrapper_1 has_text_color align_center valign_middle wrap\" style=\"--hwrapper-gap:5px\"><div class=\"w-post-elm post_custom_field usg_post_custom_field_1 type_text name color_link_inherit\"><span class=\"w-post-elm-value\">Dominique<\/span><\/div><div class=\"w-post-elm post_custom_field usg_post_custom_field_2 type_text surname color_link_inherit\"><span class=\"w-post-elm-value\">Bogaert<\/span><\/div><a class=\"w-btn us-btn-style_1 usg_btn_1 text_none\" aria-label=\"Button\" href=\"https:\/\/www.daldewolf.com\/fr\/equipe\/dominique-bogaert\/\"><\/a><\/div>\t\t<\/div>\r\n\t\t\t<\/article>\r\n\t<article class=\"w-grid-item size_1x1 post-239 us_portfolio type-us_portfolio status-publish has-post-thumbnail hentry us_portfolio_category-contentieux us_portfolio_category-droit-des-societes-et-financier us_portfolio_tag-desk-italie us_portfolio_tag-desk-us\" data-id=\"239\">\r\n\t\t<div class=\"w-grid-item-h\">\r\n\t\t\t\t\t\t<div class=\"w-hwrapper usg_hwrapper_1 has_text_color align_center valign_middle wrap\" style=\"--hwrapper-gap:5px\"><div class=\"w-post-elm post_custom_field usg_post_custom_field_1 type_text name color_link_inherit\"><span class=\"w-post-elm-value\">Patrick <\/span><\/div><div class=\"w-post-elm post_custom_field usg_post_custom_field_2 type_text surname color_link_inherit\"><span class=\"w-post-elm-value\">Van Leynseele<\/span><\/div><a class=\"w-btn us-btn-style_1 usg_btn_1 text_none\" aria-label=\"Button\" href=\"https:\/\/www.daldewolf.com\/fr\/equipe\/patrick-van-leynseele\/\"><\/a><\/div>\t\t<\/div>\r\n\t\t\t<\/article>\r\n\t<article class=\"w-grid-item size_1x1 post-12999 us_portfolio type-us_portfolio status-publish has-post-thumbnail hentry us_portfolio_category-droit-de-l-ue us_portfolio_category-fonction-publique-europeenne-et-internationale us_portfolio_tag-desk-italie\" data-id=\"12999\">\r\n\t\t<div class=\"w-grid-item-h\">\r\n\t\t\t\t\t\t<div class=\"w-hwrapper usg_hwrapper_1 has_text_color align_center valign_middle wrap\" style=\"--hwrapper-gap:5px\"><div class=\"w-post-elm post_custom_field usg_post_custom_field_1 type_text name color_link_inherit\"><span class=\"w-post-elm-value\">Sabrina<\/span><\/div><div class=\"w-post-elm post_custom_field usg_post_custom_field_2 type_text surname color_link_inherit\"><span class=\"w-post-elm-value\">NAPOLITANO<\/span><\/div><a class=\"w-btn us-btn-style_1 usg_btn_1 text_none\" aria-label=\"Button\" href=\"https:\/\/www.daldewolf.com\/fr\/equipe\/sabrina-napolitano\/\"><\/a><\/div>\t\t<\/div>\r\n\t\t\t<\/article>\r\n\t<article class=\"w-grid-item size_1x1 post-12622 us_portfolio type-us_portfolio status-publish has-post-thumbnail hentry us_portfolio_category-droit-de-l-ue us_portfolio_category-fonction-publique-europeenne-et-internationale\" data-id=\"12622\">\r\n\t\t<div class=\"w-grid-item-h\">\r\n\t\t\t\t\t\t<div class=\"w-hwrapper usg_hwrapper_1 has_text_color align_center valign_middle wrap\" style=\"--hwrapper-gap:5px\"><div class=\"w-post-elm post_custom_field usg_post_custom_field_1 type_text name color_link_inherit\"><span class=\"w-post-elm-value\">Federico<\/span><\/div><div class=\"w-post-elm post_custom_field usg_post_custom_field_2 type_text surname color_link_inherit\"><span class=\"w-post-elm-value\">Patuelli<\/span><\/div><a class=\"w-btn us-btn-style_1 usg_btn_1 text_none\" aria-label=\"Button\" href=\"https:\/\/www.daldewolf.com\/fr\/equipe\/federico-patuelli\/\"><\/a><\/div>\t\t<\/div>\r\n\t\t\t<\/article>\r\n<\/div>\t<div class=\"w-grid-preloader\">\r\n\t\t<div class=\"g-preloader type_1\">\r\n\t\t\t<div><\/div>\r\n\t\t<\/div>\r\n\t<\/div>\r\n\t\t<div class=\"w-grid-json hidden\" onclick='return {&quot;action&quot;:&quot;us_ajax_grid&quot;,&quot;infinite_scroll&quot;:0,&quot;max_num_pages&quot;:1,&quot;pagination&quot;:&quot;none&quot;,&quot;template_vars&quot;:{&quot;columns&quot;:&quot;1&quot;,&quot;exclude_items&quot;:&quot;none&quot;,&quot;img_size&quot;:&quot;default&quot;,&quot;ignore_items_size&quot;:0,&quot;items_layout&quot;:&quot;245&quot;,&quot;items_offset&quot;:&quot;1&quot;,&quot;load_animation&quot;:&quot;none&quot;,&quot;overriding_link&quot;:&quot;%7B%22url%22%3A%22%22%7D&quot;,&quot;post_id&quot;:0,&quot;query_args&quot;:{&quot;ignore_sticky_posts&quot;:1,&quot;post_type&quot;:&quot;any&quot;,&quot;post__in&quot;:[&quot;206&quot;,&quot;239&quot;,&quot;12999&quot;,&quot;12622&quot;],&quot;posts_per_page&quot;:999},&quot;orderby_query_args&quot;:{&quot;orderby&quot;:{&quot;post__in&quot;:&quot;ASC&quot;},&quot;order&quot;:&quot;ASC&quot;},&quot;type&quot;:&quot;grid&quot;,&quot;us_grid_post_type&quot;:&quot;ids&quot;,&quot;us_grid_ajax_index&quot;:1,&quot;us_grid_filter_query_string&quot;:null,&quot;us_grid_index&quot;:1,&quot;page_args&quot;:[],&quot;lang&quot;:&quot;fr&quot;}}'><\/div>\r\n\t<\/div><\/div><\/div><\/div><\/div><\/div><\/section>\n","protected":false},"excerpt":{"rendered":"Federico Patuelli est inscrit \u00e0 l\u2019Ordre fran\u00e7ais des avocats du barreau de Bruxelles (2022). Il est collaborateur au sein du bureau de Bruxelles du cabinet DALDEWOLF,\u00a0o\u00f9 il exerce au sein du d\u00e9partement de droit de l\u2019Union europ\u00e9enne. Il est \u00e9galement assistant \u00e0 temps partiel \u00e0 l\u2019Universit\u00e9 de Li\u00e8ge, o\u00f9 il intervient en droit institutionnel de...","protected":false},"author":1,"featured_media":0,"parent":57,"menu_order":0,"comment_status":"closed","ping_status":"closed","template":"","meta":{"_acf_changed":false,"footnotes":""},"class_list":["post-63","page","type-page","status-publish","hentry"],"acf":[],"yoast_head":"<!-- This site is optimized with the Yoast SEO plugin v27.3 - https:\/\/yoast.com\/product\/yoast-seo-wordpress\/ -->\n<title>Desk Italie - DALDEWOLF<\/title>\n<meta name=\"description\" content=\"Le Desk italien du cabinet, dont les membres sont familiaris\u00e9s avec l\u2019esprit et la culture d\u2019entreprise transalpine, fournit une assistance juridique, en italien, aux entreprises italiennes actives en Belgique ou qui cherchent \u00e0 s\u2019y implanter.\" \/>\n<meta name=\"robots\" content=\"index, follow, max-snippet:-1, max-image-preview:large, max-video-preview:-1\" \/>\n<link rel=\"canonical\" href=\"https:\/\/www.daldewolf.com\/fr\/expertise\/desks-internationaux\/desk-italie\/\" \/>\n<meta property=\"og:locale\" content=\"fr_FR\" \/>\n<meta property=\"og:type\" content=\"article\" \/>\n<meta property=\"og:title\" content=\"Desk Italie - DALDEWOLF\" \/>\n<meta property=\"og:description\" content=\"Le Desk italien du cabinet, dont les membres sont familiaris\u00e9s avec l\u2019esprit et la culture d\u2019entreprise transalpine, fournit une assistance juridique, en italien, aux entreprises italiennes actives en Belgique ou qui cherchent \u00e0 s\u2019y implanter.\" \/>\n<meta property=\"og:url\" content=\"https:\/\/www.daldewolf.com\/fr\/expertise\/desks-internationaux\/desk-italie\/\" \/>\n<meta property=\"og:site_name\" content=\"DALDEWOLF\" \/>\n<meta property=\"article:modified_time\" content=\"2026-03-03T13:40:13+00:00\" \/>\n<meta property=\"og:image\" content=\"https:\/\/www.daldewolf.com\/wp-content\/uploads\/2021\/05\/Daldewolf-fb.png\" \/>\n\t<meta property=\"og:image:width\" content=\"600\" \/>\n\t<meta property=\"og:image:height\" content=\"315\" \/>\n\t<meta property=\"og:image:type\" content=\"image\/png\" \/>\n<meta name=\"twitter:card\" content=\"summary_large_image\" \/>\n<meta name=\"twitter:label1\" content=\"Dur\u00e9e de lecture estim\u00e9e\" \/>\n\t<meta name=\"twitter:data1\" content=\"1 minute\" \/>\n<script type=\"application\/ld+json\" class=\"yoast-schema-graph\">{\"@context\":\"https:\\\/\\\/schema.org\",\"@graph\":[{\"@type\":\"WebPage\",\"@id\":\"https:\\\/\\\/www.daldewolf.com\\\/fr\\\/expertise\\\/desks-internationaux\\\/desk-italie\\\/\",\"url\":\"https:\\\/\\\/www.daldewolf.com\\\/fr\\\/expertise\\\/desks-internationaux\\\/desk-italie\\\/\",\"name\":\"Desk Italie - DALDEWOLF\",\"isPartOf\":{\"@id\":\"https:\\\/\\\/www.daldewolf.com\\\/nl\\\/#website\"},\"datePublished\":\"2020-05-13T12:57:10+00:00\",\"dateModified\":\"2026-03-03T13:40:13+00:00\",\"description\":\"Le Desk italien du cabinet, dont les membres sont familiaris\u00e9s avec l\u2019esprit et la culture d\u2019entreprise transalpine, fournit une assistance juridique, en italien, aux entreprises italiennes actives en Belgique ou qui cherchent \u00e0 s\u2019y implanter.\",\"breadcrumb\":{\"@id\":\"https:\\\/\\\/www.daldewolf.com\\\/fr\\\/expertise\\\/desks-internationaux\\\/desk-italie\\\/#breadcrumb\"},\"inLanguage\":\"fr-FR\",\"potentialAction\":[{\"@type\":\"ReadAction\",\"target\":[\"https:\\\/\\\/www.daldewolf.com\\\/fr\\\/expertise\\\/desks-internationaux\\\/desk-italie\\\/\"]}]},{\"@type\":\"BreadcrumbList\",\"@id\":\"https:\\\/\\\/www.daldewolf.com\\\/fr\\\/expertise\\\/desks-internationaux\\\/desk-italie\\\/#breadcrumb\",\"itemListElement\":[{\"@type\":\"ListItem\",\"position\":1,\"name\":\"Home\",\"item\":\"https:\\\/\\\/www.daldewolf.com\\\/fr\\\/\"},{\"@type\":\"ListItem\",\"position\":2,\"name\":\"Expertise\",\"item\":\"https:\\\/\\\/www.daldewolf.com\\\/fr\\\/expertise\\\/\"},{\"@type\":\"ListItem\",\"position\":3,\"name\":\"Desks internationaux\",\"item\":\"https:\\\/\\\/www.daldewolf.com\\\/fr\\\/expertise\\\/desks-internationaux\\\/\"},{\"@type\":\"ListItem\",\"position\":4,\"name\":\"Desk Italie\"}]},{\"@type\":\"WebSite\",\"@id\":\"https:\\\/\\\/www.daldewolf.com\\\/nl\\\/#website\",\"url\":\"https:\\\/\\\/www.daldewolf.com\\\/nl\\\/\",\"name\":\"DALDEWOLF\",\"description\":\"Independant Law firm, Since 1958.\",\"publisher\":{\"@id\":\"https:\\\/\\\/www.daldewolf.com\\\/nl\\\/#organization\"},\"potentialAction\":[{\"@type\":\"SearchAction\",\"target\":{\"@type\":\"EntryPoint\",\"urlTemplate\":\"https:\\\/\\\/www.daldewolf.com\\\/nl\\\/?s={search_term_string}\"},\"query-input\":{\"@type\":\"PropertyValueSpecification\",\"valueRequired\":true,\"valueName\":\"search_term_string\"}}],\"inLanguage\":\"fr-FR\"},{\"@type\":\"Organization\",\"@id\":\"https:\\\/\\\/www.daldewolf.com\\\/nl\\\/#organization\",\"name\":\"DALDEWOLF\",\"url\":\"https:\\\/\\\/www.daldewolf.com\\\/nl\\\/\",\"logo\":{\"@type\":\"ImageObject\",\"inLanguage\":\"fr-FR\",\"@id\":\"https:\\\/\\\/www.daldewolf.com\\\/nl\\\/#\\\/schema\\\/logo\\\/image\\\/\",\"url\":\"https:\\\/\\\/www.daldewolf.com\\\/wp-content\\\/uploads\\\/2020\\\/05\\\/Logo-Daldewolf.png\",\"contentUrl\":\"https:\\\/\\\/www.daldewolf.com\\\/wp-content\\\/uploads\\\/2020\\\/05\\\/Logo-Daldewolf.png\",\"width\":320,\"height\":40,\"caption\":\"DALDEWOLF\"},\"image\":{\"@id\":\"https:\\\/\\\/www.daldewolf.com\\\/nl\\\/#\\\/schema\\\/logo\\\/image\\\/\"},\"sameAs\":[\"https:\\\/\\\/www.linkedin.com\\\/company\\\/10193320\"]}]}<\/script>\n<!-- \/ Yoast SEO plugin. -->","yoast_head_json":{"title":"Desk Italie - DALDEWOLF","description":"Le Desk italien du cabinet, dont les membres sont familiaris\u00e9s avec l\u2019esprit et la culture d\u2019entreprise transalpine, fournit une assistance juridique, en italien, aux entreprises italiennes actives en Belgique ou qui cherchent \u00e0 s\u2019y implanter.","robots":{"index":"index","follow":"follow","max-snippet":"max-snippet:-1","max-image-preview":"max-image-preview:large","max-video-preview":"max-video-preview:-1"},"canonical":"https:\/\/www.daldewolf.com\/fr\/expertise\/desks-internationaux\/desk-italie\/","og_locale":"fr_FR","og_type":"article","og_title":"Desk Italie - DALDEWOLF","og_description":"Le Desk italien du cabinet, dont les membres sont familiaris\u00e9s avec l\u2019esprit et la culture d\u2019entreprise transalpine, fournit une assistance juridique, en italien, aux entreprises italiennes actives en Belgique ou qui cherchent \u00e0 s\u2019y implanter.","og_url":"https:\/\/www.daldewolf.com\/fr\/expertise\/desks-internationaux\/desk-italie\/","og_site_name":"DALDEWOLF","article_modified_time":"2026-03-03T13:40:13+00:00","og_image":[{"width":600,"height":315,"url":"https:\/\/www.daldewolf.com\/wp-content\/uploads\/2021\/05\/Daldewolf-fb.png","type":"image\/png"}],"twitter_card":"summary_large_image","twitter_misc":{"Dur\u00e9e de lecture estim\u00e9e":"1 minute"},"schema":{"@context":"https:\/\/schema.org","@graph":[{"@type":"WebPage","@id":"https:\/\/www.daldewolf.com\/fr\/expertise\/desks-internationaux\/desk-italie\/","url":"https:\/\/www.daldewolf.com\/fr\/expertise\/desks-internationaux\/desk-italie\/","name":"Desk Italie - DALDEWOLF","isPartOf":{"@id":"https:\/\/www.daldewolf.com\/nl\/#website"},"datePublished":"2020-05-13T12:57:10+00:00","dateModified":"2026-03-03T13:40:13+00:00","description":"Le Desk italien du cabinet, dont les membres sont familiaris\u00e9s avec l\u2019esprit et la culture d\u2019entreprise transalpine, fournit une assistance juridique, en italien, aux entreprises italiennes actives en Belgique ou qui cherchent \u00e0 s\u2019y implanter.","breadcrumb":{"@id":"https:\/\/www.daldewolf.com\/fr\/expertise\/desks-internationaux\/desk-italie\/#breadcrumb"},"inLanguage":"fr-FR","potentialAction":[{"@type":"ReadAction","target":["https:\/\/www.daldewolf.com\/fr\/expertise\/desks-internationaux\/desk-italie\/"]}]},{"@type":"BreadcrumbList","@id":"https:\/\/www.daldewolf.com\/fr\/expertise\/desks-internationaux\/desk-italie\/#breadcrumb","itemListElement":[{"@type":"ListItem","position":1,"name":"Home","item":"https:\/\/www.daldewolf.com\/fr\/"},{"@type":"ListItem","position":2,"name":"Expertise","item":"https:\/\/www.daldewolf.com\/fr\/expertise\/"},{"@type":"ListItem","position":3,"name":"Desks internationaux","item":"https:\/\/www.daldewolf.com\/fr\/expertise\/desks-internationaux\/"},{"@type":"ListItem","position":4,"name":"Desk Italie"}]},{"@type":"WebSite","@id":"https:\/\/www.daldewolf.com\/nl\/#website","url":"https:\/\/www.daldewolf.com\/nl\/","name":"DALDEWOLF","description":"Independant Law firm, Since 1958.","publisher":{"@id":"https:\/\/www.daldewolf.com\/nl\/#organization"},"potentialAction":[{"@type":"SearchAction","target":{"@type":"EntryPoint","urlTemplate":"https:\/\/www.daldewolf.com\/nl\/?s={search_term_string}"},"query-input":{"@type":"PropertyValueSpecification","valueRequired":true,"valueName":"search_term_string"}}],"inLanguage":"fr-FR"},{"@type":"Organization","@id":"https:\/\/www.daldewolf.com\/nl\/#organization","name":"DALDEWOLF","url":"https:\/\/www.daldewolf.com\/nl\/","logo":{"@type":"ImageObject","inLanguage":"fr-FR","@id":"https:\/\/www.daldewolf.com\/nl\/#\/schema\/logo\/image\/","url":"https:\/\/www.daldewolf.com\/wp-content\/uploads\/2020\/05\/Logo-Daldewolf.png","contentUrl":"https:\/\/www.daldewolf.com\/wp-content\/uploads\/2020\/05\/Logo-Daldewolf.png","width":320,"height":40,"caption":"DALDEWOLF"},"image":{"@id":"https:\/\/www.daldewolf.com\/nl\/#\/schema\/logo\/image\/"},"sameAs":["https:\/\/www.linkedin.com\/company\/10193320"]}]}},"_links":{"self":[{"href":"https:\/\/www.daldewolf.com\/fr\/wp-json\/wp\/v2\/pages\/63","targetHints":{"allow":["GET"]}}],"collection":[{"href":"https:\/\/www.daldewolf.com\/fr\/wp-json\/wp\/v2\/pages"}],"about":[{"href":"https:\/\/www.daldewolf.com\/fr\/wp-json\/wp\/v2\/types\/page"}],"author":[{"embeddable":true,"href":"https:\/\/www.daldewolf.com\/fr\/wp-json\/wp\/v2\/users\/1"}],"replies":[{"embeddable":true,"href":"https:\/\/www.daldewolf.com\/fr\/wp-json\/wp\/v2\/comments?post=63"}],"version-history":[{"count":1,"href":"https:\/\/www.daldewolf.com\/fr\/wp-json\/wp\/v2\/pages\/63\/revisions"}],"predecessor-version":[{"id":18599,"href":"https:\/\/www.daldewolf.com\/fr\/wp-json\/wp\/v2\/pages\/63\/revisions\/18599"}],"up":[{"embeddable":true,"href":"https:\/\/www.daldewolf.com\/fr\/wp-json\/wp\/v2\/pages\/57"}],"wp:attachment":[{"href":"https:\/\/www.daldewolf.com\/fr\/wp-json\/wp\/v2\/media?parent=63"}],"curies":[{"name":"wp","href":"https:\/\/api.w.org\/{rel}","templated":true}]}}