{"id":6,"date":"2020-04-11T19:00:32","date_gmt":"2020-04-11T19:00:32","guid":{"rendered":"https:\/\/www.daldewolf.com\/?page_id=6"},"modified":"2025-05-28T11:08:02","modified_gmt":"2025-05-28T09:08:02","slug":"homepage","status":"publish","type":"page","link":"https:\/\/www.daldewolf.com\/fr\/","title":{"rendered":"DALDEWOLF"},"content":{"rendered":"<section class=\"l-section wpb_row us_custom_6df4bc3a mainphoto has_text_color height_medium full_height valign_bottom with_slider\"><div class=\"l-section-slider\"><div class=\"w-slider style_none fit_cover nav_none count_3\"><div class=\"w-slider-h\" aria-hidden=\"true\"><div class=\"royalSlider\"><div class=\"rsContent\"><a class=\"rsImg\" data-rsw=\"1400\" data-rsh=\"788\" href=\"https:\/\/www.daldewolf.com\/wp-content\/uploads\/2020\/06\/Daldewolf.jpg\"><span data-alt=\"\"><\/span><\/a><\/div><div class=\"rsContent\"><a class=\"rsImg\" data-rsw=\"1024\" data-rsh=\"682\" href=\"https:\/\/www.daldewolf.com\/wp-content\/uploads\/2021\/05\/2-Photo-reception.jpg\"><span data-alt=\"\"><\/span><\/a><\/div><div class=\"rsContent\"><a class=\"rsImg\" data-rsw=\"2560\" data-rsh=\"1707\" href=\"https:\/\/www.daldewolf.com\/wp-content\/uploads\/2023\/05\/forest2-scaled-e1683886616736.jpg\"><span data-alt=\"\"><\/span><\/a><\/div><\/div><img decoding=\"async\" src=\"https:\/\/www.daldewolf.com\/wp-content\/uploads\/2020\/06\/Daldewolf.jpg\" width=\"1400\" height=\"788\" alt loading=\"lazy\"><\/div><div class=\"w-slider-json\" onclick='return {&quot;autoScaleSlider&quot;:true,&quot;addActiveClass&quot;:true,&quot;loop&quot;:true,&quot;fadeInLoadedSlide&quot;:false,&quot;slidesSpacing&quot;:0,&quot;imageScalePadding&quot;:0,&quot;numImagesToPreload&quot;:2,&quot;arrowsNav&quot;:false,&quot;arrowsNavAutoHide&quot;:false,&quot;transitionType&quot;:&quot;fade&quot;,&quot;transitionSpeed&quot;:1000,&quot;block&quot;:{&quot;moveEffect&quot;:&quot;none&quot;,&quot;speed&quot;:300},&quot;thumbs&quot;:{&quot;fitInViewport&quot;:false,&quot;firstMargin&quot;:false,&quot;spacing&quot;:4},&quot;controlNavigation&quot;:&quot;none&quot;,&quot;autoplay&quot;:{&quot;enabled&quot;:true,&quot;pauseOnHover&quot;:false,&quot;delay&quot;:5000},&quot;autoScaleSliderWidth&quot;:1400,&quot;autoScaleSliderHeight&quot;:788}'><\/div><\/div><\/div><div class=\"l-section-overlay\" style=\"background:rgba(0,0,0,0.40)\"><\/div><div class=\"l-section-h i-cf\"><div class=\"g-cols vc_row via_flex valign_middle type_default stacking_default\"><div class=\"vc_col-sm-12 wpb_column vc_column_container\"><div class=\"vc_column-inner\"><div class=\"wpb_wrapper\"><div class=\"wpb_text_column us_custom_59940e33 has_text_color\"><div class=\"wpb_wrapper\"><p><strong>BIENVENUE CHEZ DALDEWOLF<\/strong><\/p>\n<\/div><\/div><div class=\"wpb_text_column us_custom_1b082ff0 has_text_color\"><div class=\"wpb_wrapper\"><p><strong>Une \u00e9quipe d&#8217;avocats sp\u00e9cialis\u00e9s<br \/>\net orient\u00e9s solution\u00a0<\/strong><\/p>\n<\/div><\/div><div class=\"w-separator size_medium\"><\/div><\/div><\/div><\/div><div class=\"vc_col-sm-6 wpb_column vc_column_container\"><div class=\"vc_column-inner\"><div class=\"wpb_wrapper\"><div class=\"w-btn-wrapper align_center\"><a class=\"w-btn us-btn-style_1\" title=\"Expertise\" href=\"\/fr\/expertise\/\"><span class=\"w-btn-label\">Expertise<\/span><\/a><\/div><\/div><\/div><\/div><div class=\"vc_col-sm-6 wpb_column vc_column_container\"><div class=\"vc_column-inner\"><div class=\"wpb_wrapper\"><div class=\"w-btn-wrapper align_center\"><a class=\"w-btn us-btn-style_1\" title=\"Actualit\u00c3\u0083\u00c2\u0083\u00c3\u0082\u00c2\u00a9s\" href=\"\/fr\/actualites-et-publications\/actualites\/\"><span class=\"w-btn-label\">Actualit\u00e9<\/span><\/a><\/div><\/div><\/div><\/div><\/div><\/div><\/section><section class=\"l-section wpb_row height_medium\"><div class=\"l-section-h i-cf\"><div class=\"g-cols vc_row via_flex valign_top type_default stacking_default\"><div class=\"vc_col-sm-3 wpb_column vc_column_container\"><div class=\"vc_column-inner\"><div class=\"wpb_wrapper\"><\/div><\/div><\/div><div class=\"vc_col-sm-6 wpb_column vc_column_container\"><div class=\"vc_column-inner\"><div class=\"wpb_wrapper\"><div class=\"wpb_text_column us_custom_8535c5f4 align_center\"><div class=\"wpb_wrapper\"><h2>DALDEWOLF: Cabinet d&#8217;avocats \u00e0 Bruxelles<\/h2>\n<\/div><\/div><div class=\"w-separator us_custom_614d981e size_custom with_line width_default thick_1 style_solid color_primary align_center\" style=\"height:40px\"><div class=\"w-separator-h\"><\/div><\/div><div class=\"wpb_text_column align_justify\"><div class=\"wpb_wrapper\"><p>DALDEWOLF est un cabinet d\u2019avocats \u00e0 Bruxelles, qui est sp\u00e9cialis\u00e9 en droit des affaires. Riche d\u2019une longue histoire (le cabinet a \u00e9t\u00e9 fond\u00e9 en <a href=\"https:\/\/fr.wikipedia.org\/wiki\/1958\" target=\"_blank\" rel=\"noopener\">1958<\/a>), ses avocats sont toujours rest\u00e9s en phase avec l\u2019\u00e9volution du monde et les besoins de leurs clients, n\u00e9cessairement changeants.<\/p>\n<p><a href=\"https:\/\/www.daldewolf.com\/equipe\/\">Les avocats de DALDEWOLF<\/a> sont particuli\u00e8rement r\u00e9put\u00e9s pour leur r\u00e9activit\u00e9 et leur ma\u00eetrise des dossiers complexes. Les clients appr\u00e9cient particuli\u00e8rement la compr\u00e9hension de leur business, ainsi que le souci permanent de cr\u00e9er de la valeur avec des solutions pragmatiques et concr\u00e8tes. L&#8217;\u00e9quipe se compose actuellement d\u2019une cinquantaine d\u2019avocats.<\/p>\n<\/div><\/div><\/div><\/div><\/div><div class=\"vc_col-sm-3 wpb_column vc_column_container\"><div class=\"vc_column-inner\"><div class=\"wpb_wrapper\"><\/div><\/div><\/div><\/div><\/div><\/section><section class=\"l-section wpb_row us_custom_04b5345d height_medium\"><div class=\"l-section-h i-cf\"><div class=\"g-cols vc_row via_flex valign_top type_default stacking_default\"><div class=\"vc_col-sm-12 wpb_column vc_column_container\"><div class=\"vc_column-inner\"><div class=\"wpb_wrapper\"><div class=\"wpb_text_column us_custom_8535c5f4 align_center\"><div class=\"wpb_wrapper\"><h2>L&#8217;EXPERTISE de DALDEWOLF, cabinet d&#8217;avocats \u00e0 Bruxelles<\/h2>\n<\/div><\/div><div class=\"w-separator us_custom_614d981e size_custom with_line width_default thick_1 style_solid color_primary align_center\" style=\"height:40px\"><div class=\"w-separator-h\"><\/div><\/div><div class=\"g-cols wpb_row us_custom_72fc42ef via_flex valign_middle type_boxes stacking_default\"><div class=\"vc_col-sm-6 vc_hidden-xs wpb_column vc_column_container min-h-img has_bg_color\"><div class=\"vc_column-inner us_custom_c405d4cd\"><div class=\"wpb_wrapper\"><\/div><\/div><\/div><div class=\"vc_col-sm-6 wpb_column vc_column_container has_bg_color\"><div class=\"vc_column-inner us_custom_4fb9e5a3\"><div class=\"wpb_wrapper\"><div class=\"wpb_text_column align_justify\"><div class=\"wpb_wrapper\"><h3>Les pratiques de DALDEWOLF<\/h3>\n<p>Les avocats de DALDEWOLF d\u00e9ploient leurs activit\u00e9s en divers p\u00f4les de comp\u00e9tence qui refl\u00e8tent la multidisciplinarit\u00e9 du cabinet.<\/p>\n<\/div><\/div><div class=\"w-btn-wrapper align_none\"><a class=\"w-btn us-btn-style_3\" title=\"Pratiques\" href=\"https:\/\/www.daldewolf.com\/expertise\/pratiques\/\"><span class=\"w-btn-label\">En savoir plus<\/span><\/a><\/div><\/div><\/div><\/div><\/div><div class=\"g-cols wpb_row us_custom_72fc42ef via_flex valign_middle type_boxes stacking_default\"><div class=\"vc_col-sm-6 wpb_column vc_column_container has_bg_color\"><div class=\"vc_column-inner us_custom_4fb9e5a3\"><div class=\"wpb_wrapper\"><div class=\"wpb_text_column align_justify\"><div class=\"wpb_wrapper\"><h3>Les secteurs de DALDEWOLF<\/h3>\n<p>Les avocats de DALDEWOLF s\u2019adaptent en permanence, et ils anticipent les besoins sp\u00e9cifiques de leurs clients, qu&#8217;ils soient actifs dans des secteurs r\u00e9gul\u00e9s ou non r\u00e9gul\u00e9s.<\/p>\n<\/div><\/div><div class=\"w-btn-wrapper align_none\"><a class=\"w-btn us-btn-style_3\" title=\"Secteurs\" href=\"https:\/\/www.daldewolf.com\/expertise\/secteurs\/\"><span class=\"w-btn-label\">En savoir plus<\/span><\/a><\/div><\/div><\/div><\/div><div class=\"vc_col-sm-6 vc_hidden-xs wpb_column vc_column_container min-h-img has_bg_color\"><div class=\"vc_column-inner us_custom_2ce49292\"><div class=\"wpb_wrapper\"><\/div><\/div><\/div><\/div><div class=\"g-cols wpb_row us_custom_72fc42ef via_flex valign_middle type_boxes stacking_default\"><div class=\"vc_col-sm-6 vc_hidden-xs wpb_column vc_column_container min-h-img has_bg_color\"><div class=\"vc_column-inner us_custom_20669a34\"><div class=\"wpb_wrapper\"><\/div><\/div><\/div><div class=\"vc_col-sm-6 wpb_column vc_column_container has_bg_color\"><div class=\"vc_column-inner us_custom_4fb9e5a3\"><div class=\"wpb_wrapper\"><div class=\"wpb_text_column align_justify\"><div class=\"wpb_wrapper\"><h3>Les desks internationaux de DALDEWOLF<\/h3>\n<p>DALDEWOLF d\u00e9ploie les services de ses avocats \u00e0 l\u2019international, notamment dans le cadre de desks internationaux sp\u00e9cialis\u00e9s: Afrique (zone OHADA), Chine, \u00c9tats-Unis et Italie.<\/p>\n<\/div><\/div><div class=\"w-btn-wrapper align_none\"><a class=\"w-btn us-btn-style_3\" title=\"Desks internationaux\" href=\"https:\/\/www.daldewolf.com\/expertise\/desks-internationaux\/\"><span class=\"w-btn-label\">En savoir plus<\/span><\/a><\/div><\/div><\/div><\/div><\/div><div class=\"g-cols wpb_row us_custom_72fc42ef via_flex valign_middle type_boxes stacking_default\"><div class=\"vc_col-sm-6 wpb_column vc_column_container has_bg_color\"><div class=\"vc_column-inner us_custom_4fb9e5a3\"><div class=\"wpb_wrapper\"><div class=\"wpb_text_column align_justify\"><div class=\"wpb_wrapper\"><h3>Startitup<\/h3>\n<\/div><\/div><div class=\"wpb_text_column align_justify\"><div class=\"wpb_wrapper\"><p>Le cabinet soutient l\u2019initiative et l\u2019innovation en proposant notamment un accompagnement sp\u00e9cifique pour les startups.<\/p>\n<\/div><\/div><div class=\"w-btn-wrapper align_none\"><a class=\"w-btn us-btn-style_3\" title=\"Startitup\" href=\"https:\/\/www.daldewolf.com\/startitup\/\"><span class=\"w-btn-label\">En savoir plus<\/span><\/a><\/div><\/div><\/div><\/div><div class=\"vc_col-sm-6 vc_hidden-xs wpb_column vc_column_container min-h-img has_bg_color\"><div class=\"vc_column-inner us_custom_ceb65e32\"><div class=\"wpb_wrapper\"><\/div><\/div><\/div><\/div><\/div><\/div><\/div><\/div><\/div><\/section><section class=\"l-section wpb_row height_medium\"><div class=\"l-section-h i-cf\"><div class=\"g-cols vc_row via_flex valign_top type_default stacking_default\"><div class=\"vc_col-sm-12 wpb_column vc_column_container\"><div class=\"vc_column-inner\"><div class=\"wpb_wrapper\"><div class=\"wpb_text_column align_center\"><div class=\"wpb_wrapper\"><h2>ACTUALIT\u00c9S de DALDEWOLF, cabinet d&#8217;avocats \u00e0 Bruxelles<\/h2>\n<\/div><\/div><div class=\"w-grid us_grid us_custom_4cfb87d6 type_grid layout_467 cols_3 preload_style_spinner\" id=\"us_grid_1\" style=\"--columns:3;--gap:30px;\" data-filterable=\"true\"><style>@media (max-width:1024px){#us_grid_1{--columns:2!important}}@media (max-width:600px){#us_grid_1{--columns:1!important}}.layout_467 .w-grid-item-h{}.layout_467 .usg_post_title_1{text-transform:uppercase!important;letter-spacing:0.5px!important}.layout_467 .usg_post_date_1{color:#bdbdbd!important;font-weight:400!important;letter-spacing:1px!important;padding-top:3px!important}.layout_467 .usg_post_content_1{margin-top:10px!important;padding-top:10px!important;border-top-width:1px!important;border-color:#00829b!important;border-top-style:solid!important}.layout_467 .usg_btn_1{text-align:right!important;width:100%!important;margin-left:auto!important;margin-top:10px!important;margin-right:0!important}<\/style><div class=\"w-grid-list\">\t<article class=\"w-grid-item size_1x1 post-19020 post type-post status-publish format-standard hentry category-knowhow category-news\" data-id=\"19020\">\r\n\t\t<div class=\"w-grid-item-h\">\r\n\t\t\t\t\t\t<h3 class=\"w-post-elm post_title usg_post_title_1 entry-title color_link_inherit\"><a href=\"https:\/\/www.daldewolf.com\/fr\/the-officil-mars-2026-numero-109\/\">THE OFFICI@L \u2013 Mars 2026 \u2013 Num\u00e9ro 109<\/a><\/h3><time class=\"w-post-elm post_date usg_post_date_1 has_text_color entry-date published\" datetime=\"2026-04-16T17:57:46+02:00\">16 avril 2026<\/time><div class=\"w-post-elm post_content usg_post_content_1 align_justify\">The OFFICI@L &#8211; Num\u00e9ro 109 &#8211; March 2026, notre newsletter d\u00e9di\u00e9e aux fonctionnaires de l\u2019Union europ\u00e9enne, vient de\u2026<\/div><a class=\"w-btn us-btn-style_4 usg_btn_1\" href=\"https:\/\/www.daldewolf.com\/fr\/the-officil-mars-2026-numero-109\/\"><span class=\"w-btn-label\">Read more<\/span><\/a>\t\t<\/div>\r\n\t\t\t<\/article>\r\n\t<article class=\"w-grid-item size_1x1 post-18738 post type-post status-publish format-standard hentry category-knowhow category-news\" data-id=\"18738\">\r\n\t\t<div class=\"w-grid-item-h\">\r\n\t\t\t\t\t\t<h3 class=\"w-post-elm post_title usg_post_title_1 entry-title color_link_inherit\"><a href=\"https:\/\/www.daldewolf.com\/fr\/the-officil-janvier-fevrier-2026-numero-108\/\">THE OFFICI@L \u2013 Janvier\/F\u00e9vrier 2026 \u2013 Num\u00e9ro 108<\/a><\/h3><time class=\"w-post-elm post_date usg_post_date_1 has_text_color entry-date published\" datetime=\"2026-03-17T18:09:00+01:00\">17 mars 2026<\/time><div class=\"w-post-elm post_content usg_post_content_1 align_justify\">The OFFICI@L \u2013 n\u00b0 108 \u2013 janvier\/f\u00e9vrier 2026, notre newsletter d\u00e9di\u00e9e aux fonctionnaires de l\u2019Union europ\u00e9enne, vient de\u2026<\/div><a class=\"w-btn us-btn-style_4 usg_btn_1\" href=\"https:\/\/www.daldewolf.com\/fr\/the-officil-janvier-fevrier-2026-numero-108\/\"><span class=\"w-btn-label\">Read more<\/span><\/a>\t\t<\/div>\r\n\t\t\t<\/article>\r\n\t<article class=\"w-grid-item size_1x1 post-18630 post type-post status-publish format-standard has-post-thumbnail hentry category-knowhow category-news tag-desk-chine\" data-id=\"18630\">\r\n\t\t<div class=\"w-grid-item-h\">\r\n\t\t\t\t\t\t<h3 class=\"w-post-elm post_title usg_post_title_1 entry-title color_link_inherit\"><a href=\"https:\/\/www.daldewolf.com\/fr\/18e-19e-et-prochain-20e-paquet-de-sanctions-de-lunion-europeenne-visant-des-entites-chinoises\/\">18e, 19e et (prochain) 20e paquet de sanctions de l\u2019Union europ\u00e9enne visant des entit\u00e9s chinoises<\/a><\/h3><time class=\"w-post-elm post_date usg_post_date_1 has_text_color entry-date published\" datetime=\"2026-03-05T16:59:41+01:00\">5 mars 2026<\/time><div class=\"w-post-elm post_content usg_post_content_1 align_justify\">Par Xiufang (Ava) Tu et Lina Zhou, avec Federico Patuelli (\u00e9quipe UE) Les sanctions de l\u2019Union europ\u00e9enne ont\u2026<\/div><a class=\"w-btn us-btn-style_4 usg_btn_1\" href=\"https:\/\/www.daldewolf.com\/fr\/18e-19e-et-prochain-20e-paquet-de-sanctions-de-lunion-europeenne-visant-des-entites-chinoises\/\"><span class=\"w-btn-label\">Read more<\/span><\/a>\t\t<\/div>\r\n\t\t\t<\/article>\r\n<\/div>\t<div class=\"w-grid-preloader\">\r\n\t\t<div class=\"g-preloader type_1\">\r\n\t\t\t<div><\/div>\r\n\t\t<\/div>\r\n\t<\/div>\r\n\t\t<div class=\"w-grid-json hidden\" onclick='return {&quot;action&quot;:&quot;us_ajax_grid&quot;,&quot;infinite_scroll&quot;:0,&quot;max_num_pages&quot;:51,&quot;pagination&quot;:&quot;none&quot;,&quot;template_vars&quot;:{&quot;columns&quot;:&quot;3&quot;,&quot;exclude_items&quot;:&quot;none&quot;,&quot;img_size&quot;:&quot;default&quot;,&quot;ignore_items_size&quot;:0,&quot;items_layout&quot;:&quot;467&quot;,&quot;items_offset&quot;:&quot;1&quot;,&quot;load_animation&quot;:&quot;none&quot;,&quot;overriding_link&quot;:&quot;{\\&quot;url\\&quot;:\\&quot;\\&quot;}&quot;,&quot;post_id&quot;:0,&quot;query_args&quot;:{&quot;post_type&quot;:[&quot;post&quot;],&quot;post_status&quot;:[&quot;publish&quot;,&quot;acf-disabled&quot;],&quot;posts_per_page&quot;:&quot;3&quot;},&quot;orderby_query_args&quot;:{&quot;orderby&quot;:{&quot;date&quot;:&quot;DESC&quot;}},&quot;type&quot;:&quot;grid&quot;,&quot;us_grid_post_type&quot;:&quot;post&quot;,&quot;us_grid_ajax_index&quot;:1,&quot;us_grid_filter_query_string&quot;:null,&quot;us_grid_index&quot;:1,&quot;page_args&quot;:[],&quot;lang&quot;:&quot;fr&quot;}}'><\/div>\r\n\t<\/div><div class=\"w-btn-wrapper align_center\"><a class=\"w-btn us-btn-style_3 us_custom_194d2518\" title=\"Actualites et publications\" href=\"https:\/\/www.daldewolf.com\/actualites-et-publications\/\"><span class=\"w-btn-label\">D\u00c9COUVRIR TOUTES LES ACTUALIT\u00c9S<\/span><\/a><\/div><\/div><\/div><\/div><\/div><\/div><\/section>\n","protected":false},"excerpt":{"rendered":"Par Xiufang (Ava) Tu et Lina Zhou, avec Federico Patuelli (\u00e9quipe UE) Les sanctions de l\u2019Union europ\u00e9enne ont des implications croissantes pour les banques, les entreprises \u00e9nerg\u00e9tiques et les n\u00e9gociants chinois. Depuis f\u00e9vrier 2022, l\u2019UE a progressivement \u00e9tendu son cadre de sanctions en r\u00e9action \u00e0 l\u2019invasion de l\u2019Ukraine par la Russie.[1] Dans les 18e et...","protected":false},"author":1,"featured_media":0,"parent":0,"menu_order":0,"comment_status":"closed","ping_status":"closed","template":"","meta":{"_acf_changed":false,"footnotes":""},"class_list":["post-6","page","type-page","status-publish","hentry"],"acf":[],"yoast_head":"<!-- This site is optimized with the Yoast SEO plugin v27.4 - https:\/\/yoast.com\/product\/yoast-seo-wordpress\/ -->\n<title>DALDEWOLF: Cabinet d&#039;avocats \u00e0 Bruxelles<\/title>\n<meta name=\"description\" content=\"DALDEWOLF: Cabinet d&#039;avocats \u00e0 Bruxelles de r\u00e9putation internationale. Arbitrage, fusions et acquisitions, droit financier et bancaire.\" \/>\n<meta name=\"robots\" content=\"index, follow, max-snippet:-1, max-image-preview:large, max-video-preview:-1\" \/>\n<link rel=\"canonical\" href=\"https:\/\/www.daldewolf.com\/fr\/\" \/>\n<meta property=\"og:locale\" content=\"fr_FR\" \/>\n<meta property=\"og:type\" content=\"article\" \/>\n<meta property=\"og:title\" content=\"DALDEWOLF: Cabinet d&#039;avocats \u00e0 Bruxelles\" \/>\n<meta property=\"og:description\" content=\"DALDEWOLF: Cabinet d&#039;avocats \u00e0 Bruxelles de r\u00e9putation internationale. Arbitrage, fusions et acquisitions, droit financier et bancaire.\" \/>\n<meta property=\"og:url\" content=\"https:\/\/www.daldewolf.com\/fr\/\" \/>\n<meta property=\"og:site_name\" content=\"DALDEWOLF\" \/>\n<meta property=\"article:modified_time\" content=\"2025-05-28T09:08:02+00:00\" \/>\n<meta property=\"og:image\" content=\"https:\/\/www.daldewolf.com\/wp-content\/uploads\/2021\/05\/Daldewolf-fb.png\" \/>\n\t<meta property=\"og:image:width\" content=\"600\" \/>\n\t<meta property=\"og:image:height\" content=\"315\" \/>\n\t<meta property=\"og:image:type\" content=\"image\/png\" \/>\n<meta name=\"twitter:card\" content=\"summary_large_image\" \/>\n<meta name=\"twitter:label1\" content=\"Dur\u00e9e de lecture estim\u00e9e\" \/>\n\t<meta name=\"twitter:data1\" content=\"2 minutes\" \/>\n<script type=\"application\/ld+json\" class=\"yoast-schema-graph\">{\"@context\":\"https:\\\/\\\/schema.org\",\"@graph\":[{\"@type\":\"WebPage\",\"@id\":\"https:\\\/\\\/www.daldewolf.com\\\/fr\\\/\",\"url\":\"https:\\\/\\\/www.daldewolf.com\\\/fr\\\/\",\"name\":\"DALDEWOLF: Cabinet d'avocats \u00e0 Bruxelles\",\"isPartOf\":{\"@id\":\"https:\\\/\\\/www.daldewolf.com\\\/nl\\\/#website\"},\"datePublished\":\"2020-04-11T19:00:32+00:00\",\"dateModified\":\"2025-05-28T09:08:02+00:00\",\"description\":\"DALDEWOLF: Cabinet d'avocats \u00e0 Bruxelles de r\u00e9putation internationale. Arbitrage, fusions et acquisitions, droit financier et bancaire.\",\"breadcrumb\":{\"@id\":\"https:\\\/\\\/www.daldewolf.com\\\/fr\\\/#breadcrumb\"},\"inLanguage\":\"fr-FR\",\"potentialAction\":[{\"@type\":\"ReadAction\",\"target\":[\"https:\\\/\\\/www.daldewolf.com\\\/fr\\\/\"]}]},{\"@type\":\"BreadcrumbList\",\"@id\":\"https:\\\/\\\/www.daldewolf.com\\\/fr\\\/#breadcrumb\",\"itemListElement\":[{\"@type\":\"ListItem\",\"position\":1,\"name\":\"Home\",\"item\":\"https:\\\/\\\/www.daldewolf.com\\\/fr\\\/\"},{\"@type\":\"ListItem\",\"position\":2,\"name\":\"DALDEWOLF\"}]},{\"@type\":\"WebSite\",\"@id\":\"https:\\\/\\\/www.daldewolf.com\\\/nl\\\/#website\",\"url\":\"https:\\\/\\\/www.daldewolf.com\\\/nl\\\/\",\"name\":\"DALDEWOLF\",\"description\":\"Independant Law firm, Since 1958.\",\"publisher\":{\"@id\":\"https:\\\/\\\/www.daldewolf.com\\\/nl\\\/#organization\"},\"potentialAction\":[{\"@type\":\"SearchAction\",\"target\":{\"@type\":\"EntryPoint\",\"urlTemplate\":\"https:\\\/\\\/www.daldewolf.com\\\/nl\\\/?s={search_term_string}\"},\"query-input\":{\"@type\":\"PropertyValueSpecification\",\"valueRequired\":true,\"valueName\":\"search_term_string\"}}],\"inLanguage\":\"fr-FR\"},{\"@type\":\"Organization\",\"@id\":\"https:\\\/\\\/www.daldewolf.com\\\/nl\\\/#organization\",\"name\":\"DALDEWOLF\",\"url\":\"https:\\\/\\\/www.daldewolf.com\\\/nl\\\/\",\"logo\":{\"@type\":\"ImageObject\",\"inLanguage\":\"fr-FR\",\"@id\":\"https:\\\/\\\/www.daldewolf.com\\\/nl\\\/#\\\/schema\\\/logo\\\/image\\\/\",\"url\":\"https:\\\/\\\/www.daldewolf.com\\\/wp-content\\\/uploads\\\/2020\\\/05\\\/Logo-Daldewolf.png\",\"contentUrl\":\"https:\\\/\\\/www.daldewolf.com\\\/wp-content\\\/uploads\\\/2020\\\/05\\\/Logo-Daldewolf.png\",\"width\":320,\"height\":40,\"caption\":\"DALDEWOLF\"},\"image\":{\"@id\":\"https:\\\/\\\/www.daldewolf.com\\\/nl\\\/#\\\/schema\\\/logo\\\/image\\\/\"},\"sameAs\":[\"https:\\\/\\\/www.linkedin.com\\\/company\\\/10193320\"]}]}<\/script>\n<!-- \/ Yoast SEO plugin. -->","yoast_head_json":{"title":"DALDEWOLF: Cabinet d'avocats \u00e0 Bruxelles","description":"DALDEWOLF: Cabinet d'avocats \u00e0 Bruxelles de r\u00e9putation internationale. Arbitrage, fusions et acquisitions, droit financier et bancaire.","robots":{"index":"index","follow":"follow","max-snippet":"max-snippet:-1","max-image-preview":"max-image-preview:large","max-video-preview":"max-video-preview:-1"},"canonical":"https:\/\/www.daldewolf.com\/fr\/","og_locale":"fr_FR","og_type":"article","og_title":"DALDEWOLF: Cabinet d'avocats \u00e0 Bruxelles","og_description":"DALDEWOLF: Cabinet d'avocats \u00e0 Bruxelles de r\u00e9putation internationale. Arbitrage, fusions et acquisitions, droit financier et bancaire.","og_url":"https:\/\/www.daldewolf.com\/fr\/","og_site_name":"DALDEWOLF","article_modified_time":"2025-05-28T09:08:02+00:00","og_image":[{"width":600,"height":315,"url":"https:\/\/www.daldewolf.com\/wp-content\/uploads\/2021\/05\/Daldewolf-fb.png","type":"image\/png"}],"twitter_card":"summary_large_image","twitter_misc":{"Dur\u00e9e de lecture estim\u00e9e":"2 minutes"},"schema":{"@context":"https:\/\/schema.org","@graph":[{"@type":"WebPage","@id":"https:\/\/www.daldewolf.com\/fr\/","url":"https:\/\/www.daldewolf.com\/fr\/","name":"DALDEWOLF: Cabinet d'avocats \u00e0 Bruxelles","isPartOf":{"@id":"https:\/\/www.daldewolf.com\/nl\/#website"},"datePublished":"2020-04-11T19:00:32+00:00","dateModified":"2025-05-28T09:08:02+00:00","description":"DALDEWOLF: Cabinet d'avocats \u00e0 Bruxelles de r\u00e9putation internationale. Arbitrage, fusions et acquisitions, droit financier et bancaire.","breadcrumb":{"@id":"https:\/\/www.daldewolf.com\/fr\/#breadcrumb"},"inLanguage":"fr-FR","potentialAction":[{"@type":"ReadAction","target":["https:\/\/www.daldewolf.com\/fr\/"]}]},{"@type":"BreadcrumbList","@id":"https:\/\/www.daldewolf.com\/fr\/#breadcrumb","itemListElement":[{"@type":"ListItem","position":1,"name":"Home","item":"https:\/\/www.daldewolf.com\/fr\/"},{"@type":"ListItem","position":2,"name":"DALDEWOLF"}]},{"@type":"WebSite","@id":"https:\/\/www.daldewolf.com\/nl\/#website","url":"https:\/\/www.daldewolf.com\/nl\/","name":"DALDEWOLF","description":"Independant Law firm, Since 1958.","publisher":{"@id":"https:\/\/www.daldewolf.com\/nl\/#organization"},"potentialAction":[{"@type":"SearchAction","target":{"@type":"EntryPoint","urlTemplate":"https:\/\/www.daldewolf.com\/nl\/?s={search_term_string}"},"query-input":{"@type":"PropertyValueSpecification","valueRequired":true,"valueName":"search_term_string"}}],"inLanguage":"fr-FR"},{"@type":"Organization","@id":"https:\/\/www.daldewolf.com\/nl\/#organization","name":"DALDEWOLF","url":"https:\/\/www.daldewolf.com\/nl\/","logo":{"@type":"ImageObject","inLanguage":"fr-FR","@id":"https:\/\/www.daldewolf.com\/nl\/#\/schema\/logo\/image\/","url":"https:\/\/www.daldewolf.com\/wp-content\/uploads\/2020\/05\/Logo-Daldewolf.png","contentUrl":"https:\/\/www.daldewolf.com\/wp-content\/uploads\/2020\/05\/Logo-Daldewolf.png","width":320,"height":40,"caption":"DALDEWOLF"},"image":{"@id":"https:\/\/www.daldewolf.com\/nl\/#\/schema\/logo\/image\/"},"sameAs":["https:\/\/www.linkedin.com\/company\/10193320"]}]}},"_links":{"self":[{"href":"https:\/\/www.daldewolf.com\/fr\/wp-json\/wp\/v2\/pages\/6","targetHints":{"allow":["GET"]}}],"collection":[{"href":"https:\/\/www.daldewolf.com\/fr\/wp-json\/wp\/v2\/pages"}],"about":[{"href":"https:\/\/www.daldewolf.com\/fr\/wp-json\/wp\/v2\/types\/page"}],"author":[{"embeddable":true,"href":"https:\/\/www.daldewolf.com\/fr\/wp-json\/wp\/v2\/users\/1"}],"replies":[{"embeddable":true,"href":"https:\/\/www.daldewolf.com\/fr\/wp-json\/wp\/v2\/comments?post=6"}],"version-history":[{"count":1,"href":"https:\/\/www.daldewolf.com\/fr\/wp-json\/wp\/v2\/pages\/6\/revisions"}],"predecessor-version":[{"id":17342,"href":"https:\/\/www.daldewolf.com\/fr\/wp-json\/wp\/v2\/pages\/6\/revisions\/17342"}],"wp:attachment":[{"href":"https:\/\/www.daldewolf.com\/fr\/wp-json\/wp\/v2\/media?parent=6"}],"curies":[{"name":"wp","href":"https:\/\/api.w.org\/{rel}","templated":true}]}}