{"id":55,"date":"2020-05-13T12:53:43","date_gmt":"2020-05-13T12:53:43","guid":{"rendered":"https:\/\/www.daldewolf.com\/?page_id=55"},"modified":"2025-08-20T17:13:52","modified_gmt":"2025-08-20T15:13:52","slug":"secteurs","status":"publish","type":"page","link":"https:\/\/www.daldewolf.com\/fr\/expertise\/secteurs\/","title":{"rendered":"Secteurs"},"content":{"rendered":"<section class=\"l-section wpb_row columns-layout-sp-brx pratiques height_medium width_full\"><div class=\"l-section-h i-cf\"><div class=\"g-cols vc_row via_flex valign_top type_default stacking_default\"><div class=\"vc_col-sm-4 wpb_column vc_column_container first-column-sp\"><div class=\"vc_column-inner type_sticky\"><div class=\"wpb_wrapper\"><div class=\"wpb_text_column align_center\"><div class=\"wpb_wrapper\"><h2>Expertise<\/h2>\n<\/div><\/div><nav class=\"w-menu us_custom_18a67f5f layout_ver style_links us_menu_1\" style=\"--main-gap:1.5rem;--main-ver-indent:0.8em;--main-hor-indent:0.8em;--main-color:inherit;\"><ul id=\"menu-expertise\" class=\"menu\"><li id=\"menu-item-73\" class=\"menu-item menu-item-type-post_type menu-item-object-page menu-item-73\"><a href=\"https:\/\/www.daldewolf.com\/fr\/expertise\/pratiques\/\">Pratiques<\/a><\/li><li id=\"menu-item-74\" class=\"menu-item menu-item-type-post_type menu-item-object-page menu-item-74\"><a href=\"https:\/\/www.daldewolf.com\/fr\/expertise\/secteurs\/\">Secteurs<\/a><\/li><li id=\"menu-item-68\" class=\"menu-item menu-item-type-post_type menu-item-object-page menu-item-68\"><a href=\"https:\/\/www.daldewolf.com\/fr\/expertise\/desks-internationaux\/\">Desks internationaux<\/a><\/li><li id=\"menu-item-4418\" class=\"menu-item menu-item-type-post_type menu-item-object-page menu-item-4418\"><a href=\"https:\/\/www.daldewolf.com\/fr\/expertise\/rdc-corporate-project-finance\/\">RDC \u2013 Corporate &#038; Project Finance<\/a><\/li><\/ul><style>@media ( max-width:600px ){.us_menu_1 .menu{display:block!important}.us_menu_1 .menu>li{margin:0 0 var(--main-gap,1.5rem)!important}}<\/style><\/nav><\/div><\/div><\/div><div class=\"vc_col-sm-8 wpb_column vc_column_container\"><div class=\"vc_column-inner\"><div class=\"wpb_wrapper\"><div class=\"wpb_text_column us_custom_8e09cc6b align_center\"><div class=\"wpb_wrapper\"><h1>Secteurs<\/h1>\n<\/div><\/div><div class=\"w-grid us_grid type_grid layout_2336 cols_5 preload_style_spinner ratio_1x1\" id=\"us_grid_1\" style=\"--columns:5;--gap:5px;--item-ratio:1;\"><style>@media (max-width:1280px){#us_grid_1{--columns:3!important}}@media (max-width:1024px){#us_grid_1{--columns:2!important}}@media (max-width:600px){#us_grid_1{--columns:1!important}}.layout_2336 .w-grid-item-h{}.layout_2336 .usg_post_image_1{transition-duration:0.3s;transform-origin:50% 50%;transform:scale(1) translate(0%,0%);opacity:0.5}.layout_2336 .w-grid-item-h:focus-within .usg_post_image_1,.layout_2336 .w-grid-item-h:hover .usg_post_image_1{transform:scale(1) translate(0%,0%);opacity:0.4}.layout_2336 .usg_post_title_1{color:#ffffff!important;text-transform:none!important;font-size:16px!important;line-height:1.4!important;letter-spacing:1px!important;padding-left:15px!important;padding-right:15px!important;position:absolute!important;left:0!important;right:0!important}.layout_2336 .usg_vwrapper_2{background:#000000!important}.layout_2336 .usg_post_image_1{margin-bottom:0!important;padding-bottom:0!important}<\/style><div class=\"w-grid-list\">\t<article class=\"w-grid-item size_1x1 post-2126 page type-page status-publish has-post-thumbnail hentry\" data-id=\"2126\">\r\n\t\t<div class=\"w-grid-item-h\">\r\n\t\t\t\t\t\t\t<a href=\"https:\/\/www.daldewolf.com\/fr\/expertise\/secteurs\/fonction-publique-europeenne-et-internationale\/\" class=\"w-grid-item-anchor\" aria-label=\"Fonction publique europ\u00e9enne et internationale\"><\/a>\r\n\t\t\t\t\t\t<div class=\"w-vwrapper usg_vwrapper_2 align_center valign_middle\" style=\"--vwrapper-gap:0\"><div class=\"w-post-elm post_image usg_post_image_1 stretched\"><img loading=\"lazy\" decoding=\"async\" width=\"600\" height=\"600\" src=\"https:\/\/www.daldewolf.com\/wp-content\/uploads\/2021\/03\/shutterstock_102617819-600x600.jpg\" class=\"attachment-us_600_600_crop size-us_600_600_crop wp-post-image\" alt=\"\" srcset=\"https:\/\/www.daldewolf.com\/wp-content\/uploads\/2021\/03\/shutterstock_102617819-600x600.jpg 600w, https:\/\/www.daldewolf.com\/wp-content\/uploads\/2021\/03\/shutterstock_102617819-150x150.jpg 150w, https:\/\/www.daldewolf.com\/wp-content\/uploads\/2021\/03\/shutterstock_102617819-300x300.jpg 300w\" sizes=\"auto, (max-width: 600px) 100vw, 600px\" \/><\/div><h2 class=\"w-post-elm post_title usg_post_title_1 has_text_color entry-title color_link_inherit\">Fonction publique europ\u00e9enne et internationale<\/h2><\/div>\t\t<\/div>\r\n\t\t\t<\/article>\r\n\t<article class=\"w-grid-item size_1x1 post-257 page type-page status-publish has-post-thumbnail hentry\" data-id=\"257\">\r\n\t\t<div class=\"w-grid-item-h\">\r\n\t\t\t\t\t\t\t<a href=\"https:\/\/www.daldewolf.com\/fr\/expertise\/secteurs\/food-and-beverage\/\" class=\"w-grid-item-anchor\" aria-label=\"Food &#038; Beverage\"><\/a>\r\n\t\t\t\t\t\t<div class=\"w-vwrapper usg_vwrapper_2 align_center valign_middle\" style=\"--vwrapper-gap:0\"><div class=\"w-post-elm post_image usg_post_image_1 stretched\"><img loading=\"lazy\" decoding=\"async\" width=\"600\" height=\"600\" src=\"https:\/\/www.daldewolf.com\/wp-content\/uploads\/2020\/06\/Aliments-et-Boissons-600x600.jpg\" class=\"attachment-us_600_600_crop size-us_600_600_crop wp-post-image\" alt=\"\" srcset=\"https:\/\/www.daldewolf.com\/wp-content\/uploads\/2020\/06\/Aliments-et-Boissons-600x600.jpg 600w, https:\/\/www.daldewolf.com\/wp-content\/uploads\/2020\/06\/Aliments-et-Boissons-150x150.jpg 150w, https:\/\/www.daldewolf.com\/wp-content\/uploads\/2020\/06\/Aliments-et-Boissons-300x300.jpg 300w\" sizes=\"auto, (max-width: 600px) 100vw, 600px\" \/><\/div><h2 class=\"w-post-elm post_title usg_post_title_1 has_text_color entry-title color_link_inherit\">Food &#038; Beverage<\/h2><\/div>\t\t<\/div>\r\n\t\t\t<\/article>\r\n\t<article class=\"w-grid-item size_1x1 post-2130 page type-page status-publish has-post-thumbnail hentry\" data-id=\"2130\">\r\n\t\t<div class=\"w-grid-item-h\">\r\n\t\t\t\t\t\t\t<a href=\"https:\/\/www.daldewolf.com\/fr\/expertise\/secteurs\/gaming\/\" class=\"w-grid-item-anchor\" aria-label=\"Gaming\"><\/a>\r\n\t\t\t\t\t\t<div class=\"w-vwrapper usg_vwrapper_2 align_center valign_middle\" style=\"--vwrapper-gap:0\"><div class=\"w-post-elm post_image usg_post_image_1 stretched\"><img loading=\"lazy\" decoding=\"async\" width=\"600\" height=\"600\" src=\"https:\/\/www.daldewolf.com\/wp-content\/uploads\/2021\/03\/shutterstock_1430140070-600x600.jpg\" class=\"attachment-us_600_600_crop size-us_600_600_crop wp-post-image\" alt=\"\" srcset=\"https:\/\/www.daldewolf.com\/wp-content\/uploads\/2021\/03\/shutterstock_1430140070-600x600.jpg 600w, https:\/\/www.daldewolf.com\/wp-content\/uploads\/2021\/03\/shutterstock_1430140070-150x150.jpg 150w, https:\/\/www.daldewolf.com\/wp-content\/uploads\/2021\/03\/shutterstock_1430140070-300x300.jpg 300w\" sizes=\"auto, (max-width: 600px) 100vw, 600px\" \/><\/div><h2 class=\"w-post-elm post_title usg_post_title_1 has_text_color entry-title color_link_inherit\">Gaming<\/h2><\/div>\t\t<\/div>\r\n\t\t\t<\/article>\r\n\t<article class=\"w-grid-item size_1x1 post-2132 page type-page status-publish has-post-thumbnail hentry\" data-id=\"2132\">\r\n\t\t<div class=\"w-grid-item-h\">\r\n\t\t\t\t\t\t\t<a href=\"https:\/\/www.daldewolf.com\/fr\/expertise\/secteurs\/immobilier-et-construction\/\" class=\"w-grid-item-anchor\" aria-label=\"Immobilier et construction\"><\/a>\r\n\t\t\t\t\t\t<div class=\"w-vwrapper usg_vwrapper_2 align_center valign_middle\" style=\"--vwrapper-gap:0\"><div class=\"w-post-elm post_image usg_post_image_1 stretched\"><img loading=\"lazy\" decoding=\"async\" width=\"600\" height=\"600\" src=\"https:\/\/www.daldewolf.com\/wp-content\/uploads\/2020\/06\/Droit-Immobilier-et-de-la-Construction-600x600.jpg\" class=\"attachment-us_600_600_crop size-us_600_600_crop wp-post-image\" alt=\"\" srcset=\"https:\/\/www.daldewolf.com\/wp-content\/uploads\/2020\/06\/Droit-Immobilier-et-de-la-Construction-600x600.jpg 600w, https:\/\/www.daldewolf.com\/wp-content\/uploads\/2020\/06\/Droit-Immobilier-et-de-la-Construction-150x150.jpg 150w, https:\/\/www.daldewolf.com\/wp-content\/uploads\/2020\/06\/Droit-Immobilier-et-de-la-Construction-300x300.jpg 300w\" sizes=\"auto, (max-width: 600px) 100vw, 600px\" \/><\/div><h2 class=\"w-post-elm post_title usg_post_title_1 has_text_color entry-title color_link_inherit\">Immobilier et construction<\/h2><\/div>\t\t<\/div>\r\n\t\t\t<\/article>\r\n\t<article class=\"w-grid-item size_1x1 post-263 page type-page status-publish has-post-thumbnail hentry\" data-id=\"263\">\r\n\t\t<div class=\"w-grid-item-h\">\r\n\t\t\t\t\t\t\t<a href=\"https:\/\/www.daldewolf.com\/fr\/expertise\/secteurs\/mines-et-carrieres-rdc\/\" class=\"w-grid-item-anchor\" aria-label=\"Mines et carri\u00e8res (RDC)\"><\/a>\r\n\t\t\t\t\t\t<div class=\"w-vwrapper usg_vwrapper_2 align_center valign_middle\" style=\"--vwrapper-gap:0\"><div class=\"w-post-elm post_image usg_post_image_1 stretched\"><img loading=\"lazy\" decoding=\"async\" width=\"600\" height=\"600\" src=\"https:\/\/www.daldewolf.com\/wp-content\/uploads\/2020\/06\/Droit-minier-600x600.jpg\" class=\"attachment-us_600_600_crop size-us_600_600_crop wp-post-image\" alt=\"\" srcset=\"https:\/\/www.daldewolf.com\/wp-content\/uploads\/2020\/06\/Droit-minier-600x600.jpg 600w, https:\/\/www.daldewolf.com\/wp-content\/uploads\/2020\/06\/Droit-minier-150x150.jpg 150w, https:\/\/www.daldewolf.com\/wp-content\/uploads\/2020\/06\/Droit-minier-300x300.jpg 300w\" sizes=\"auto, (max-width: 600px) 100vw, 600px\" \/><\/div><h2 class=\"w-post-elm post_title usg_post_title_1 has_text_color entry-title color_link_inherit\">Mines et carri\u00e8res (RDC)<\/h2><\/div>\t\t<\/div>\r\n\t\t\t<\/article>\r\n\t<article class=\"w-grid-item size_1x1 post-17626 page type-page status-publish has-post-thumbnail hentry\" data-id=\"17626\">\r\n\t\t<div class=\"w-grid-item-h\">\r\n\t\t\t\t\t\t\t<a href=\"https:\/\/www.daldewolf.com\/fr\/expertise\/secteurs\/private-clients\/\" class=\"w-grid-item-anchor\" aria-label=\"Private clients\"><\/a>\r\n\t\t\t\t\t\t<div class=\"w-vwrapper usg_vwrapper_2 align_center valign_middle\" style=\"--vwrapper-gap:0\"><div class=\"w-post-elm post_image usg_post_image_1 stretched\"><img loading=\"lazy\" decoding=\"async\" width=\"600\" height=\"600\" src=\"https:\/\/www.daldewolf.com\/wp-content\/uploads\/2025\/08\/Private-clients-600x600.jpg\" class=\"attachment-us_600_600_crop size-us_600_600_crop wp-post-image\" alt=\"\" srcset=\"https:\/\/www.daldewolf.com\/wp-content\/uploads\/2025\/08\/Private-clients-600x600.jpg 600w, https:\/\/www.daldewolf.com\/wp-content\/uploads\/2025\/08\/Private-clients-150x150.jpg 150w, https:\/\/www.daldewolf.com\/wp-content\/uploads\/2025\/08\/Private-clients-300x300.jpg 300w\" sizes=\"auto, (max-width: 600px) 100vw, 600px\" \/><\/div><h2 class=\"w-post-elm post_title usg_post_title_1 has_text_color entry-title color_link_inherit\">Private clients<\/h2><\/div>\t\t<\/div>\r\n\t\t\t<\/article>\r\n\t<article class=\"w-grid-item size_1x1 post-259 page type-page status-publish has-post-thumbnail hentry\" data-id=\"259\">\r\n\t\t<div class=\"w-grid-item-h\">\r\n\t\t\t\t\t\t\t<a href=\"https:\/\/www.daldewolf.com\/fr\/expertise\/secteurs\/retail\/\" class=\"w-grid-item-anchor\" aria-label=\"Retail\"><\/a>\r\n\t\t\t\t\t\t<div class=\"w-vwrapper usg_vwrapper_2 align_center valign_middle\" style=\"--vwrapper-gap:0\"><div class=\"w-post-elm post_image usg_post_image_1 stretched\"><img loading=\"lazy\" decoding=\"async\" width=\"600\" height=\"600\" src=\"https:\/\/www.daldewolf.com\/wp-content\/uploads\/2020\/06\/Secteur-Retail-600x600.jpg\" class=\"attachment-us_600_600_crop size-us_600_600_crop wp-post-image\" alt=\"\" srcset=\"https:\/\/www.daldewolf.com\/wp-content\/uploads\/2020\/06\/Secteur-Retail-600x600.jpg 600w, https:\/\/www.daldewolf.com\/wp-content\/uploads\/2020\/06\/Secteur-Retail-150x150.jpg 150w, https:\/\/www.daldewolf.com\/wp-content\/uploads\/2020\/06\/Secteur-Retail-300x300.jpg 300w\" sizes=\"auto, (max-width: 600px) 100vw, 600px\" \/><\/div><h2 class=\"w-post-elm post_title usg_post_title_1 has_text_color entry-title color_link_inherit\">Retail<\/h2><\/div>\t\t<\/div>\r\n\t\t\t<\/article>\r\n<\/div>\t<div class=\"w-grid-preloader\">\r\n\t\t<div class=\"g-preloader type_1\">\r\n\t\t\t<div><\/div>\r\n\t\t<\/div>\r\n\t<\/div>\r\n\t\t<div class=\"w-grid-json hidden\" onclick='return {&quot;action&quot;:&quot;us_ajax_grid&quot;,&quot;infinite_scroll&quot;:0,&quot;max_num_pages&quot;:1,&quot;pagination&quot;:&quot;none&quot;,&quot;template_vars&quot;:{&quot;columns&quot;:&quot;5&quot;,&quot;exclude_items&quot;:&quot;none&quot;,&quot;img_size&quot;:&quot;default&quot;,&quot;ignore_items_size&quot;:0,&quot;items_layout&quot;:&quot;2336&quot;,&quot;items_offset&quot;:&quot;1&quot;,&quot;load_animation&quot;:&quot;none&quot;,&quot;overriding_link&quot;:&quot;%7B%22type%22%3A%22post%22%7D&quot;,&quot;post_id&quot;:0,&quot;query_args&quot;:{&quot;ignore_sticky_posts&quot;:1,&quot;post_type&quot;:&quot;any&quot;,&quot;post__in&quot;:[&quot;253&quot;,&quot;2126&quot;,&quot;257&quot;,&quot;2130&quot;,&quot;2132&quot;,&quot;263&quot;,&quot;17626&quot;,&quot;259&quot;,&quot;251&quot;,&quot;255&quot;],&quot;posts_per_page&quot;:999},&quot;orderby_query_args&quot;:{&quot;orderby&quot;:{&quot;post__in&quot;:&quot;ASC&quot;},&quot;order&quot;:&quot;ASC&quot;},&quot;type&quot;:&quot;grid&quot;,&quot;us_grid_post_type&quot;:&quot;ids&quot;,&quot;us_grid_ajax_index&quot;:1,&quot;us_grid_filter_query_string&quot;:null,&quot;us_grid_index&quot;:1,&quot;page_args&quot;:[],&quot;lang&quot;:&quot;fr&quot;}}'><\/div>\r\n\t<\/div><\/div><\/div><\/div><\/div><\/div><\/section>\n","protected":false},"excerpt":{"rendered":"Secteurs Fonction publique europ\u00e9enne et internationaleFood &#038; BeverageGamingImmobilier et constructionMines et carri\u00e8res (RDC)Private clientsRetailRetail Les avocats sp\u00e9cialis\u00e9s en droit de la distribution, en droit immobilier et des baux commerciaux et en droit des marques ont d\u00e9velopp\u00e9 une exp\u00e9rience combin\u00e9e pr\u00e9cieuse dans le secteur du Retail (vente de produits au d\u00e9tail). Ils offrent une assistance \u00ab...","protected":false},"author":1,"featured_media":0,"parent":14,"menu_order":0,"comment_status":"closed","ping_status":"closed","template":"","meta":{"_acf_changed":false,"footnotes":""},"class_list":["post-55","page","type-page","status-publish","hentry"],"acf":[],"yoast_head":"<!-- This site is optimized with the Yoast SEO plugin v27.3 - https:\/\/yoast.com\/product\/yoast-seo-wordpress\/ -->\n<title>Secteurs - DALDEWOLF<\/title>\n<meta name=\"description\" content=\"Les avocats de DALDEWOLF sont actifs dans une vari\u00e9t\u00e9 de secteurs de la vie \u00e9conomique\" \/>\n<meta name=\"robots\" content=\"index, follow, max-snippet:-1, max-image-preview:large, max-video-preview:-1\" \/>\n<link rel=\"canonical\" href=\"https:\/\/www.daldewolf.com\/fr\/expertise\/secteurs\/\" \/>\n<meta property=\"og:locale\" content=\"fr_FR\" \/>\n<meta property=\"og:type\" content=\"article\" \/>\n<meta property=\"og:title\" content=\"Secteurs - DALDEWOLF\" \/>\n<meta property=\"og:description\" content=\"Les avocats de DALDEWOLF sont actifs dans une vari\u00e9t\u00e9 de secteurs de la vie \u00e9conomique\" \/>\n<meta property=\"og:url\" content=\"https:\/\/www.daldewolf.com\/fr\/expertise\/secteurs\/\" \/>\n<meta property=\"og:site_name\" content=\"DALDEWOLF\" \/>\n<meta property=\"article:modified_time\" content=\"2025-08-20T15:13:52+00:00\" \/>\n<meta property=\"og:image\" content=\"https:\/\/www.daldewolf.com\/wp-content\/uploads\/2021\/05\/Daldewolf-fb.png\" \/>\n\t<meta property=\"og:image:width\" content=\"600\" \/>\n\t<meta property=\"og:image:height\" content=\"315\" \/>\n\t<meta property=\"og:image:type\" content=\"image\/png\" \/>\n<meta name=\"twitter:card\" content=\"summary_large_image\" \/>\n<meta name=\"twitter:label1\" content=\"Dur\u00e9e de lecture estim\u00e9e\" \/>\n\t<meta name=\"twitter:data1\" content=\"1 minute\" \/>\n<script type=\"application\/ld+json\" class=\"yoast-schema-graph\">{\"@context\":\"https:\\\/\\\/schema.org\",\"@graph\":[{\"@type\":\"WebPage\",\"@id\":\"https:\\\/\\\/www.daldewolf.com\\\/fr\\\/expertise\\\/secteurs\\\/\",\"url\":\"https:\\\/\\\/www.daldewolf.com\\\/fr\\\/expertise\\\/secteurs\\\/\",\"name\":\"Secteurs - DALDEWOLF\",\"isPartOf\":{\"@id\":\"https:\\\/\\\/www.daldewolf.com\\\/nl\\\/#website\"},\"datePublished\":\"2020-05-13T12:53:43+00:00\",\"dateModified\":\"2025-08-20T15:13:52+00:00\",\"description\":\"Les avocats de DALDEWOLF sont actifs dans une vari\u00e9t\u00e9 de secteurs de la vie \u00e9conomique\",\"breadcrumb\":{\"@id\":\"https:\\\/\\\/www.daldewolf.com\\\/fr\\\/expertise\\\/secteurs\\\/#breadcrumb\"},\"inLanguage\":\"fr-FR\",\"potentialAction\":[{\"@type\":\"ReadAction\",\"target\":[\"https:\\\/\\\/www.daldewolf.com\\\/fr\\\/expertise\\\/secteurs\\\/\"]}]},{\"@type\":\"BreadcrumbList\",\"@id\":\"https:\\\/\\\/www.daldewolf.com\\\/fr\\\/expertise\\\/secteurs\\\/#breadcrumb\",\"itemListElement\":[{\"@type\":\"ListItem\",\"position\":1,\"name\":\"Home\",\"item\":\"https:\\\/\\\/www.daldewolf.com\\\/fr\\\/\"},{\"@type\":\"ListItem\",\"position\":2,\"name\":\"Expertise\",\"item\":\"https:\\\/\\\/www.daldewolf.com\\\/fr\\\/expertise\\\/\"},{\"@type\":\"ListItem\",\"position\":3,\"name\":\"Secteurs\"}]},{\"@type\":\"WebSite\",\"@id\":\"https:\\\/\\\/www.daldewolf.com\\\/nl\\\/#website\",\"url\":\"https:\\\/\\\/www.daldewolf.com\\\/nl\\\/\",\"name\":\"DALDEWOLF\",\"description\":\"Independant Law firm, Since 1958.\",\"publisher\":{\"@id\":\"https:\\\/\\\/www.daldewolf.com\\\/nl\\\/#organization\"},\"potentialAction\":[{\"@type\":\"SearchAction\",\"target\":{\"@type\":\"EntryPoint\",\"urlTemplate\":\"https:\\\/\\\/www.daldewolf.com\\\/nl\\\/?s={search_term_string}\"},\"query-input\":{\"@type\":\"PropertyValueSpecification\",\"valueRequired\":true,\"valueName\":\"search_term_string\"}}],\"inLanguage\":\"fr-FR\"},{\"@type\":\"Organization\",\"@id\":\"https:\\\/\\\/www.daldewolf.com\\\/nl\\\/#organization\",\"name\":\"DALDEWOLF\",\"url\":\"https:\\\/\\\/www.daldewolf.com\\\/nl\\\/\",\"logo\":{\"@type\":\"ImageObject\",\"inLanguage\":\"fr-FR\",\"@id\":\"https:\\\/\\\/www.daldewolf.com\\\/nl\\\/#\\\/schema\\\/logo\\\/image\\\/\",\"url\":\"https:\\\/\\\/www.daldewolf.com\\\/wp-content\\\/uploads\\\/2020\\\/05\\\/Logo-Daldewolf.png\",\"contentUrl\":\"https:\\\/\\\/www.daldewolf.com\\\/wp-content\\\/uploads\\\/2020\\\/05\\\/Logo-Daldewolf.png\",\"width\":320,\"height\":40,\"caption\":\"DALDEWOLF\"},\"image\":{\"@id\":\"https:\\\/\\\/www.daldewolf.com\\\/nl\\\/#\\\/schema\\\/logo\\\/image\\\/\"},\"sameAs\":[\"https:\\\/\\\/www.linkedin.com\\\/company\\\/10193320\"]}]}<\/script>\n<!-- \/ Yoast SEO plugin. -->","yoast_head_json":{"title":"Secteurs - DALDEWOLF","description":"Les avocats de DALDEWOLF sont actifs dans une vari\u00e9t\u00e9 de secteurs de la vie \u00e9conomique","robots":{"index":"index","follow":"follow","max-snippet":"max-snippet:-1","max-image-preview":"max-image-preview:large","max-video-preview":"max-video-preview:-1"},"canonical":"https:\/\/www.daldewolf.com\/fr\/expertise\/secteurs\/","og_locale":"fr_FR","og_type":"article","og_title":"Secteurs - DALDEWOLF","og_description":"Les avocats de DALDEWOLF sont actifs dans une vari\u00e9t\u00e9 de secteurs de la vie \u00e9conomique","og_url":"https:\/\/www.daldewolf.com\/fr\/expertise\/secteurs\/","og_site_name":"DALDEWOLF","article_modified_time":"2025-08-20T15:13:52+00:00","og_image":[{"width":600,"height":315,"url":"https:\/\/www.daldewolf.com\/wp-content\/uploads\/2021\/05\/Daldewolf-fb.png","type":"image\/png"}],"twitter_card":"summary_large_image","twitter_misc":{"Dur\u00e9e de lecture estim\u00e9e":"1 minute"},"schema":{"@context":"https:\/\/schema.org","@graph":[{"@type":"WebPage","@id":"https:\/\/www.daldewolf.com\/fr\/expertise\/secteurs\/","url":"https:\/\/www.daldewolf.com\/fr\/expertise\/secteurs\/","name":"Secteurs - DALDEWOLF","isPartOf":{"@id":"https:\/\/www.daldewolf.com\/nl\/#website"},"datePublished":"2020-05-13T12:53:43+00:00","dateModified":"2025-08-20T15:13:52+00:00","description":"Les avocats de DALDEWOLF sont actifs dans une vari\u00e9t\u00e9 de secteurs de la vie \u00e9conomique","breadcrumb":{"@id":"https:\/\/www.daldewolf.com\/fr\/expertise\/secteurs\/#breadcrumb"},"inLanguage":"fr-FR","potentialAction":[{"@type":"ReadAction","target":["https:\/\/www.daldewolf.com\/fr\/expertise\/secteurs\/"]}]},{"@type":"BreadcrumbList","@id":"https:\/\/www.daldewolf.com\/fr\/expertise\/secteurs\/#breadcrumb","itemListElement":[{"@type":"ListItem","position":1,"name":"Home","item":"https:\/\/www.daldewolf.com\/fr\/"},{"@type":"ListItem","position":2,"name":"Expertise","item":"https:\/\/www.daldewolf.com\/fr\/expertise\/"},{"@type":"ListItem","position":3,"name":"Secteurs"}]},{"@type":"WebSite","@id":"https:\/\/www.daldewolf.com\/nl\/#website","url":"https:\/\/www.daldewolf.com\/nl\/","name":"DALDEWOLF","description":"Independant Law firm, Since 1958.","publisher":{"@id":"https:\/\/www.daldewolf.com\/nl\/#organization"},"potentialAction":[{"@type":"SearchAction","target":{"@type":"EntryPoint","urlTemplate":"https:\/\/www.daldewolf.com\/nl\/?s={search_term_string}"},"query-input":{"@type":"PropertyValueSpecification","valueRequired":true,"valueName":"search_term_string"}}],"inLanguage":"fr-FR"},{"@type":"Organization","@id":"https:\/\/www.daldewolf.com\/nl\/#organization","name":"DALDEWOLF","url":"https:\/\/www.daldewolf.com\/nl\/","logo":{"@type":"ImageObject","inLanguage":"fr-FR","@id":"https:\/\/www.daldewolf.com\/nl\/#\/schema\/logo\/image\/","url":"https:\/\/www.daldewolf.com\/wp-content\/uploads\/2020\/05\/Logo-Daldewolf.png","contentUrl":"https:\/\/www.daldewolf.com\/wp-content\/uploads\/2020\/05\/Logo-Daldewolf.png","width":320,"height":40,"caption":"DALDEWOLF"},"image":{"@id":"https:\/\/www.daldewolf.com\/nl\/#\/schema\/logo\/image\/"},"sameAs":["https:\/\/www.linkedin.com\/company\/10193320"]}]}},"_links":{"self":[{"href":"https:\/\/www.daldewolf.com\/fr\/wp-json\/wp\/v2\/pages\/55","targetHints":{"allow":["GET"]}}],"collection":[{"href":"https:\/\/www.daldewolf.com\/fr\/wp-json\/wp\/v2\/pages"}],"about":[{"href":"https:\/\/www.daldewolf.com\/fr\/wp-json\/wp\/v2\/types\/page"}],"author":[{"embeddable":true,"href":"https:\/\/www.daldewolf.com\/fr\/wp-json\/wp\/v2\/users\/1"}],"replies":[{"embeddable":true,"href":"https:\/\/www.daldewolf.com\/fr\/wp-json\/wp\/v2\/comments?post=55"}],"version-history":[{"count":3,"href":"https:\/\/www.daldewolf.com\/fr\/wp-json\/wp\/v2\/pages\/55\/revisions"}],"predecessor-version":[{"id":17637,"href":"https:\/\/www.daldewolf.com\/fr\/wp-json\/wp\/v2\/pages\/55\/revisions\/17637"}],"up":[{"embeddable":true,"href":"https:\/\/www.daldewolf.com\/fr\/wp-json\/wp\/v2\/pages\/14"}],"wp:attachment":[{"href":"https:\/\/www.daldewolf.com\/fr\/wp-json\/wp\/v2\/media?parent=55"}],"curies":[{"name":"wp","href":"https:\/\/api.w.org\/{rel}","templated":true}]}}