{"id":53,"date":"2020-05-13T12:53:29","date_gmt":"2020-05-13T12:53:29","guid":{"rendered":"https:\/\/www.daldewolf.com\/?page_id=53"},"modified":"2023-03-30T14:36:30","modified_gmt":"2023-03-30T13:36:30","slug":"pratiques","status":"publish","type":"page","link":"https:\/\/www.daldewolf.com\/fr\/expertise\/pratiques\/","title":{"rendered":"Pratiques"},"content":{"rendered":"<section class=\"l-section wpb_row columns-layout-sp-brx pratiques height_medium width_full\"><div class=\"l-section-h i-cf\"><div class=\"g-cols vc_row via_flex valign_top type_default stacking_default\"><div class=\"vc_col-sm-4 wpb_column vc_column_container first-column-sp\"><div class=\"vc_column-inner type_sticky\"><div class=\"wpb_wrapper\"><div class=\"wpb_text_column align_center\"><div class=\"wpb_wrapper\"><h2>Expertise<\/h2>\n<\/div><\/div><nav class=\"w-menu us_custom_18a67f5f layout_ver style_links us_menu_1\" style=\"--main-gap:1.5rem;--main-ver-indent:0.8em;--main-hor-indent:0.8em;--main-color:inherit;\"><ul id=\"menu-expertise\" class=\"menu\"><li id=\"menu-item-73\" class=\"menu-item menu-item-type-post_type menu-item-object-page menu-item-73\"><a href=\"https:\/\/www.daldewolf.com\/fr\/expertise\/pratiques\/\">Pratiques<\/a><\/li><li id=\"menu-item-74\" class=\"menu-item menu-item-type-post_type menu-item-object-page menu-item-74\"><a href=\"https:\/\/www.daldewolf.com\/fr\/expertise\/secteurs\/\">Secteurs<\/a><\/li><li id=\"menu-item-68\" class=\"menu-item menu-item-type-post_type menu-item-object-page menu-item-68\"><a href=\"https:\/\/www.daldewolf.com\/fr\/expertise\/desks-internationaux\/\">Desks internationaux<\/a><\/li><li id=\"menu-item-4418\" class=\"menu-item menu-item-type-post_type menu-item-object-page menu-item-4418\"><a href=\"https:\/\/www.daldewolf.com\/fr\/expertise\/rdc-corporate-project-finance\/\">RDC \u2013 Corporate &#038; Project Finance<\/a><\/li><\/ul><style>@media ( max-width:600px ){.us_menu_1 .menu{display:block!important}.us_menu_1 .menu>li:not(:last-child){margin:0 0 var(--main-gap,1.5rem)!important}}<\/style><\/nav><\/div><\/div><\/div><div class=\"vc_col-sm-8 wpb_column vc_column_container\"><div class=\"vc_column-inner\"><div class=\"wpb_wrapper\"><div class=\"wpb_text_column us_custom_8e09cc6b align_center\"><div class=\"wpb_wrapper\"><h1>Pratiques<\/h1>\n<\/div><\/div><div class=\"w-grid us_grid type_grid layout_2336 cols_5 preload_style_spinner ratio_1x1\" id=\"us_grid_1\" style=\"--columns:5;--gap:5px;--item-ratio:1;\"><style>@media (max-width:1280px){#us_grid_1{--columns:3!important}}@media (max-width:1024px){#us_grid_1{--columns:2!important}}@media (max-width:600px){#us_grid_1{--columns:1!important}}.layout_2336 .w-grid-item-h{}.layout_2336 .usg_post_image_1{transition-duration:0.3s;transform-origin:50% 50%;transform:scale(1) translate(0%,0%);opacity:0.5}.layout_2336 .w-grid-item-h:focus-within .usg_post_image_1,.layout_2336 .w-grid-item-h:hover .usg_post_image_1{transform:scale(1) translate(0%,0%);opacity:0.4}.layout_2336 .usg_post_title_1{color:#ffffff!important;text-transform:none!important;font-size:16px!important;line-height:1.4!important;letter-spacing:1px!important;padding-left:15px!important;padding-right:15px!important;position:absolute!important;left:0!important;right:0!important}.layout_2336 .usg_vwrapper_2{background:#000000!important}.layout_2336 .usg_post_image_1{margin-bottom:0!important;padding-bottom:0!important}<\/style><div class=\"w-grid-list\">\t<article class=\"w-grid-item size_1x1 post-184 page type-page status-publish has-post-thumbnail hentry\" data-id=\"184\">\r\n\t\t<div class=\"w-grid-item-h\">\r\n\t\t\t\t\t\t\t<a href=\"https:\/\/www.daldewolf.com\/fr\/expertise\/pratiques\/arbitrage-litiges-complexes-et-mediation\/\" class=\"w-grid-item-anchor\" aria-label=\"Arbitrage, litiges complexes et m\u00e9diation\"><\/a>\r\n\t\t\t\t\t\t<div class=\"w-vwrapper usg_vwrapper_2 align_center valign_middle\" style=\"--vwrapper-gap:0\"><div class=\"w-post-elm post_image usg_post_image_1 stretched\"><img loading=\"lazy\" decoding=\"async\" width=\"600\" height=\"600\" src=\"https:\/\/www.daldewolf.com\/wp-content\/uploads\/2020\/06\/Contentieux-arbitrage-et-me\u0301diation-600x600.jpg\" class=\"attachment-us_600_600_crop size-us_600_600_crop wp-post-image\" alt=\"\" srcset=\"https:\/\/www.daldewolf.com\/wp-content\/uploads\/2020\/06\/Contentieux-arbitrage-et-me\u0301diation-600x600.jpg 600w, https:\/\/www.daldewolf.com\/wp-content\/uploads\/2020\/06\/Contentieux-arbitrage-et-me\u0301diation-150x150.jpg 150w, https:\/\/www.daldewolf.com\/wp-content\/uploads\/2020\/06\/Contentieux-arbitrage-et-me\u0301diation-300x300.jpg 300w\" sizes=\"auto, (max-width: 600px) 100vw, 600px\" \/><\/div><h2 class=\"w-post-elm post_title usg_post_title_1 has_text_color entry-title color_link_inherit\">Arbitrage, litiges complexes et m\u00e9diation<\/h2><\/div>\t\t<\/div>\r\n\t\t\t<\/article>\r\n\t<article class=\"w-grid-item size_1x1 post-182 page type-page status-publish has-post-thumbnail hentry\" data-id=\"182\">\r\n\t\t<div class=\"w-grid-item-h\">\r\n\t\t\t\t\t\t\t<a href=\"https:\/\/www.daldewolf.com\/fr\/expertise\/pratiques\/deontologie-et-discipline-des-professions-reglementees\/\" class=\"w-grid-item-anchor\" aria-label=\"D\u00e9ontologie et discipline &lt;br&gt;des professions r\u00e9glement\u00e9es\"><\/a>\r\n\t\t\t\t\t\t<div class=\"w-vwrapper usg_vwrapper_2 align_center valign_middle\" style=\"--vwrapper-gap:0\"><div class=\"w-post-elm post_image usg_post_image_1 stretched\"><img loading=\"lazy\" decoding=\"async\" width=\"600\" height=\"600\" src=\"https:\/\/www.daldewolf.com\/wp-content\/uploads\/2020\/06\/De\u0301ontologie-et-discipline-des-professions-re\u0301glemente\u0301es-600x600.jpg\" class=\"attachment-us_600_600_crop size-us_600_600_crop wp-post-image\" alt=\"\" srcset=\"https:\/\/www.daldewolf.com\/wp-content\/uploads\/2020\/06\/De\u0301ontologie-et-discipline-des-professions-re\u0301glemente\u0301es-600x600.jpg 600w, https:\/\/www.daldewolf.com\/wp-content\/uploads\/2020\/06\/De\u0301ontologie-et-discipline-des-professions-re\u0301glemente\u0301es-150x150.jpg 150w, https:\/\/www.daldewolf.com\/wp-content\/uploads\/2020\/06\/De\u0301ontologie-et-discipline-des-professions-re\u0301glemente\u0301es-300x300.jpg 300w\" sizes=\"auto, (max-width: 600px) 100vw, 600px\" \/><\/div><h2 class=\"w-post-elm post_title usg_post_title_1 has_text_color entry-title color_link_inherit\">D\u00e9ontologie et discipline <br>des professions r\u00e9glement\u00e9es<\/h2><\/div>\t\t<\/div>\r\n\t\t\t<\/article>\r\n\t<article class=\"w-grid-item size_1x1 post-10465 page type-page status-publish has-post-thumbnail hentry\" data-id=\"10465\">\r\n\t\t<div class=\"w-grid-item-h\">\r\n\t\t\t\t\t\t\t<a href=\"https:\/\/www.daldewolf.com\/fr\/expertise\/pratiques\/droit-bancaire-et-des-services-financiers\/\" class=\"w-grid-item-anchor\" aria-label=\"Droit bancaire et des services financiers\"><\/a>\r\n\t\t\t\t\t\t<div class=\"w-vwrapper usg_vwrapper_2 align_center valign_middle\" style=\"--vwrapper-gap:0\"><div class=\"w-post-elm post_image usg_post_image_1 stretched\"><img loading=\"lazy\" decoding=\"async\" width=\"600\" height=\"600\" src=\"https:\/\/www.daldewolf.com\/wp-content\/uploads\/2023\/03\/Droit-bancaire-600x600.png\" class=\"attachment-us_600_600_crop size-us_600_600_crop wp-post-image\" alt=\"\" srcset=\"https:\/\/www.daldewolf.com\/wp-content\/uploads\/2023\/03\/Droit-bancaire-600x600.png 600w, https:\/\/www.daldewolf.com\/wp-content\/uploads\/2023\/03\/Droit-bancaire-150x150.png 150w, https:\/\/www.daldewolf.com\/wp-content\/uploads\/2023\/03\/Droit-bancaire-300x300.png 300w\" sizes=\"auto, (max-width: 600px) 100vw, 600px\" \/><\/div><h2 class=\"w-post-elm post_title usg_post_title_1 has_text_color entry-title color_link_inherit\">Droit bancaire et des services financiers<\/h2><\/div>\t\t<\/div>\r\n\t\t\t<\/article>\r\n\t<article class=\"w-grid-item size_1x1 post-174 page type-page status-publish has-post-thumbnail hentry\" data-id=\"174\">\r\n\t\t<div class=\"w-grid-item-h\">\r\n\t\t\t\t\t\t\t<a href=\"https:\/\/www.daldewolf.com\/fr\/expertise\/pratiques\/droit-de-l-ue\/\" class=\"w-grid-item-anchor\" aria-label=\"Droit de l&#8217;Union europ\u00e9enne\"><\/a>\r\n\t\t\t\t\t\t<div class=\"w-vwrapper usg_vwrapper_2 align_center valign_middle\" style=\"--vwrapper-gap:0\"><div class=\"w-post-elm post_image usg_post_image_1 stretched\"><img loading=\"lazy\" decoding=\"async\" width=\"600\" height=\"600\" src=\"https:\/\/www.daldewolf.com\/wp-content\/uploads\/2020\/06\/Droit-Europe\u0301en-Concurrence-600x600.jpg\" class=\"attachment-us_600_600_crop size-us_600_600_crop wp-post-image\" alt=\"\" srcset=\"https:\/\/www.daldewolf.com\/wp-content\/uploads\/2020\/06\/Droit-Europe\u0301en-Concurrence-600x600.jpg 600w, https:\/\/www.daldewolf.com\/wp-content\/uploads\/2020\/06\/Droit-Europe\u0301en-Concurrence-150x150.jpg 150w, https:\/\/www.daldewolf.com\/wp-content\/uploads\/2020\/06\/Droit-Europe\u0301en-Concurrence-300x300.jpg 300w\" sizes=\"auto, (max-width: 600px) 100vw, 600px\" \/><\/div><h2 class=\"w-post-elm post_title usg_post_title_1 has_text_color entry-title color_link_inherit\">Droit de l&#8217;Union europ\u00e9enne<\/h2><\/div>\t\t<\/div>\r\n\t\t\t<\/article>\r\n\t<article class=\"w-grid-item size_1x1 post-164 page type-page status-publish has-post-thumbnail hentry\" data-id=\"164\">\r\n\t\t<div class=\"w-grid-item-h\">\r\n\t\t\t\t\t\t\t<a href=\"https:\/\/www.daldewolf.com\/fr\/expertise\/pratiques\/droit-des-societes-et-financier\/\" class=\"w-grid-item-anchor\" aria-label=\"Droit des soci\u00e9t\u00e9s et financier\"><\/a>\r\n\t\t\t\t\t\t<div class=\"w-vwrapper usg_vwrapper_2 align_center valign_middle\" style=\"--vwrapper-gap:0\"><div class=\"w-post-elm post_image usg_post_image_1 stretched\"><img loading=\"lazy\" decoding=\"async\" width=\"600\" height=\"600\" src=\"https:\/\/www.daldewolf.com\/wp-content\/uploads\/2020\/06\/Droit-des-socie\u0301te\u0301s-Fusions-et-Acquisitions-600x600.jpg\" class=\"attachment-us_600_600_crop size-us_600_600_crop wp-post-image\" alt=\"\" srcset=\"https:\/\/www.daldewolf.com\/wp-content\/uploads\/2020\/06\/Droit-des-socie\u0301te\u0301s-Fusions-et-Acquisitions-600x600.jpg 600w, https:\/\/www.daldewolf.com\/wp-content\/uploads\/2020\/06\/Droit-des-socie\u0301te\u0301s-Fusions-et-Acquisitions-150x150.jpg 150w, https:\/\/www.daldewolf.com\/wp-content\/uploads\/2020\/06\/Droit-des-socie\u0301te\u0301s-Fusions-et-Acquisitions-300x300.jpg 300w\" sizes=\"auto, (max-width: 600px) 100vw, 600px\" \/><\/div><h2 class=\"w-post-elm post_title usg_post_title_1 has_text_color entry-title color_link_inherit\">Droit des soci\u00e9t\u00e9s et financier<\/h2><\/div>\t\t<\/div>\r\n\t\t\t<\/article>\r\n\t<article class=\"w-grid-item size_1x1 post-162 page type-page status-publish has-post-thumbnail hentry\" data-id=\"162\">\r\n\t\t<div class=\"w-grid-item-h\">\r\n\t\t\t\t\t\t\t<a href=\"https:\/\/www.daldewolf.com\/fr\/expertise\/pratiques\/droit-economique\/\" class=\"w-grid-item-anchor\" aria-label=\"Droit \u00e9conomique\"><\/a>\r\n\t\t\t\t\t\t<div class=\"w-vwrapper usg_vwrapper_2 align_center valign_middle\" style=\"--vwrapper-gap:0\"><div class=\"w-post-elm post_image usg_post_image_1 stretched\"><img loading=\"lazy\" decoding=\"async\" width=\"600\" height=\"600\" src=\"https:\/\/www.daldewolf.com\/wp-content\/uploads\/2020\/06\/Droit-E\u0301conomique-600x600.jpg\" class=\"attachment-us_600_600_crop size-us_600_600_crop wp-post-image\" alt=\"\" srcset=\"https:\/\/www.daldewolf.com\/wp-content\/uploads\/2020\/06\/Droit-E\u0301conomique-600x600.jpg 600w, https:\/\/www.daldewolf.com\/wp-content\/uploads\/2020\/06\/Droit-E\u0301conomique-150x150.jpg 150w, https:\/\/www.daldewolf.com\/wp-content\/uploads\/2020\/06\/Droit-E\u0301conomique-300x300.jpg 300w\" sizes=\"auto, (max-width: 600px) 100vw, 600px\" \/><\/div><h2 class=\"w-post-elm post_title usg_post_title_1 has_text_color entry-title color_link_inherit\">Droit \u00e9conomique<\/h2><\/div>\t\t<\/div>\r\n\t\t\t<\/article>\r\n\t<article class=\"w-grid-item size_1x1 post-166 page type-page status-publish has-post-thumbnail hentry\" data-id=\"166\">\r\n\t\t<div class=\"w-grid-item-h\">\r\n\t\t\t\t\t\t\t<a href=\"https:\/\/www.daldewolf.com\/fr\/expertise\/pratiques\/droit-fiscal\/\" class=\"w-grid-item-anchor\" aria-label=\"Droit fiscal\"><\/a>\r\n\t\t\t\t\t\t<div class=\"w-vwrapper usg_vwrapper_2 align_center valign_middle\" style=\"--vwrapper-gap:0\"><div class=\"w-post-elm post_image usg_post_image_1 stretched\"><img loading=\"lazy\" decoding=\"async\" width=\"600\" height=\"600\" src=\"https:\/\/www.daldewolf.com\/wp-content\/uploads\/2020\/06\/Droit-Fiscal-600x600.jpg\" class=\"attachment-us_600_600_crop size-us_600_600_crop wp-post-image\" alt=\"\" srcset=\"https:\/\/www.daldewolf.com\/wp-content\/uploads\/2020\/06\/Droit-Fiscal-600x600.jpg 600w, https:\/\/www.daldewolf.com\/wp-content\/uploads\/2020\/06\/Droit-Fiscal-150x150.jpg 150w, https:\/\/www.daldewolf.com\/wp-content\/uploads\/2020\/06\/Droit-Fiscal-300x300.jpg 300w\" sizes=\"auto, (max-width: 600px) 100vw, 600px\" \/><\/div><h2 class=\"w-post-elm post_title usg_post_title_1 has_text_color entry-title color_link_inherit\">Droit fiscal<\/h2><\/div>\t\t<\/div>\r\n\t\t\t<\/article>\r\n\t<article class=\"w-grid-item size_1x1 post-176 page type-page status-publish has-post-thumbnail hentry\" data-id=\"176\">\r\n\t\t<div class=\"w-grid-item-h\">\r\n\t\t\t\t\t\t\t<a href=\"https:\/\/www.daldewolf.com\/fr\/expertise\/pratiques\/droit-public-et-administratif\/\" class=\"w-grid-item-anchor\" aria-label=\"Droit public et administratif\"><\/a>\r\n\t\t\t\t\t\t<div class=\"w-vwrapper usg_vwrapper_2 align_center valign_middle\" style=\"--vwrapper-gap:0\"><div class=\"w-post-elm post_image usg_post_image_1 stretched\"><img loading=\"lazy\" decoding=\"async\" width=\"600\" height=\"600\" src=\"https:\/\/www.daldewolf.com\/wp-content\/uploads\/2020\/06\/Droit-Public-600x600.jpg\" class=\"attachment-us_600_600_crop size-us_600_600_crop wp-post-image\" alt=\"\" srcset=\"https:\/\/www.daldewolf.com\/wp-content\/uploads\/2020\/06\/Droit-Public-600x600.jpg 600w, https:\/\/www.daldewolf.com\/wp-content\/uploads\/2020\/06\/Droit-Public-150x150.jpg 150w, https:\/\/www.daldewolf.com\/wp-content\/uploads\/2020\/06\/Droit-Public-300x300.jpg 300w\" sizes=\"auto, (max-width: 600px) 100vw, 600px\" \/><\/div><h2 class=\"w-post-elm post_title usg_post_title_1 has_text_color entry-title color_link_inherit\">Droit public et administratif<\/h2><\/div>\t\t<\/div>\r\n\t\t\t<\/article>\r\n\t<article class=\"w-grid-item size_1x1 post-168 page type-page status-publish has-post-thumbnail hentry\" data-id=\"168\">\r\n\t\t<div class=\"w-grid-item-h\">\r\n\t\t\t\t\t\t\t<a href=\"https:\/\/www.daldewolf.com\/fr\/expertise\/pratiques\/droit-social\/\" class=\"w-grid-item-anchor\" aria-label=\"Droit social\"><\/a>\r\n\t\t\t\t\t\t<div class=\"w-vwrapper usg_vwrapper_2 align_center valign_middle\" style=\"--vwrapper-gap:0\"><div class=\"w-post-elm post_image usg_post_image_1 stretched\"><img loading=\"lazy\" decoding=\"async\" width=\"600\" height=\"600\" src=\"https:\/\/www.daldewolf.com\/wp-content\/uploads\/2020\/06\/Droit-Social-600x600.jpg\" class=\"attachment-us_600_600_crop size-us_600_600_crop wp-post-image\" alt=\"\" srcset=\"https:\/\/www.daldewolf.com\/wp-content\/uploads\/2020\/06\/Droit-Social-600x600.jpg 600w, https:\/\/www.daldewolf.com\/wp-content\/uploads\/2020\/06\/Droit-Social-150x150.jpg 150w, https:\/\/www.daldewolf.com\/wp-content\/uploads\/2020\/06\/Droit-Social-300x300.jpg 300w\" sizes=\"auto, (max-width: 600px) 100vw, 600px\" \/><\/div><h2 class=\"w-post-elm post_title usg_post_title_1 has_text_color entry-title color_link_inherit\">Droit social<\/h2><\/div>\t\t<\/div>\r\n\t\t\t<\/article>\r\n<\/div>\t<div class=\"w-grid-preloader\">\r\n\t\t<div class=\"g-preloader type_1\">\r\n\t\t\t<div><\/div>\r\n\t\t<\/div>\r\n\t<\/div>\r\n\t\t<div class=\"w-grid-json hidden\" onclick='return {&quot;action&quot;:&quot;us_ajax_grid&quot;,&quot;infinite_scroll&quot;:0,&quot;max_num_pages&quot;:1,&quot;pagination&quot;:&quot;none&quot;,&quot;template_vars&quot;:{&quot;columns&quot;:&quot;5&quot;,&quot;exclude_items&quot;:&quot;none&quot;,&quot;img_size&quot;:&quot;default&quot;,&quot;ignore_items_size&quot;:0,&quot;items_layout&quot;:&quot;2336&quot;,&quot;items_offset&quot;:&quot;1&quot;,&quot;load_animation&quot;:&quot;none&quot;,&quot;overriding_link&quot;:&quot;%7B%22type%22%3A%22post%22%7D&quot;,&quot;post_id&quot;:0,&quot;query_args&quot;:{&quot;ignore_sticky_posts&quot;:1,&quot;post_type&quot;:&quot;any&quot;,&quot;post__in&quot;:[&quot;184&quot;,&quot;182&quot;,&quot;10465&quot;,&quot;174&quot;,&quot;164&quot;,&quot;162&quot;,&quot;166&quot;,&quot;176&quot;,&quot;168&quot;],&quot;posts_per_page&quot;:999},&quot;orderby_query_args&quot;:{&quot;orderby&quot;:{&quot;post__in&quot;:&quot;ASC&quot;},&quot;order&quot;:&quot;ASC&quot;},&quot;type&quot;:&quot;grid&quot;,&quot;us_grid_post_type&quot;:&quot;ids&quot;,&quot;us_grid_ajax_index&quot;:1,&quot;us_grid_filter_query_string&quot;:null,&quot;us_grid_index&quot;:1,&quot;page_args&quot;:[],&quot;lang&quot;:&quot;fr&quot;}}'><\/div>\r\n\t<\/div><\/div><\/div><\/div><\/div><\/div><\/section>\n","protected":false},"excerpt":{"rendered":"Pratiques Arbitrage, litiges complexes et m\u00e9diationD\u00e9ontologie et discipline des professions r\u00e9glement\u00e9esDroit bancaire et des services financiersDroit \u00e9conomiqueDroit de l\u2019Union europ\u00e9enneDroit fiscalDroit public et administratifDroit socialDroit des soci\u00e9t\u00e9s et financierDroit social Le cabinet offre une gamme compl\u00e8te de services en mati\u00e8re de droit du travail et du droit de la s\u00e9curit\u00e9 sociale, tant au niveau du...","protected":false},"author":1,"featured_media":0,"parent":14,"menu_order":0,"comment_status":"closed","ping_status":"closed","template":"","meta":{"_acf_changed":false,"footnotes":""},"class_list":["post-53","page","type-page","status-publish","hentry"],"acf":[],"yoast_head":"<!-- This site is optimized with the Yoast SEO plugin v27.4 - https:\/\/yoast.com\/product\/yoast-seo-wordpress\/ -->\n<title>Pratiques - DALDEWOLF<\/title>\n<meta name=\"robots\" content=\"index, follow, max-snippet:-1, max-image-preview:large, max-video-preview:-1\" \/>\n<link rel=\"canonical\" href=\"https:\/\/www.daldewolf.com\/fr\/expertise\/pratiques\/\" \/>\n<meta property=\"og:locale\" content=\"fr_FR\" \/>\n<meta property=\"og:type\" content=\"article\" \/>\n<meta property=\"og:title\" content=\"Pratiques - DALDEWOLF\" \/>\n<meta property=\"og:url\" content=\"https:\/\/www.daldewolf.com\/fr\/expertise\/pratiques\/\" \/>\n<meta property=\"og:site_name\" content=\"DALDEWOLF\" \/>\n<meta property=\"article:modified_time\" content=\"2023-03-30T13:36:30+00:00\" \/>\n<meta property=\"og:image\" content=\"https:\/\/www.daldewolf.com\/wp-content\/uploads\/2021\/05\/Daldewolf-fb.png\" \/>\n\t<meta property=\"og:image:width\" content=\"600\" \/>\n\t<meta property=\"og:image:height\" content=\"315\" \/>\n\t<meta property=\"og:image:type\" content=\"image\/png\" \/>\n<meta name=\"twitter:card\" content=\"summary_large_image\" \/>\n<meta name=\"twitter:label1\" content=\"Dur\u00e9e de lecture estim\u00e9e\" \/>\n\t<meta name=\"twitter:data1\" content=\"1 minute\" \/>\n<script type=\"application\/ld+json\" class=\"yoast-schema-graph\">{\"@context\":\"https:\\\/\\\/schema.org\",\"@graph\":[{\"@type\":\"WebPage\",\"@id\":\"https:\\\/\\\/www.daldewolf.com\\\/fr\\\/expertise\\\/pratiques\\\/\",\"url\":\"https:\\\/\\\/www.daldewolf.com\\\/fr\\\/expertise\\\/pratiques\\\/\",\"name\":\"Pratiques - DALDEWOLF\",\"isPartOf\":{\"@id\":\"https:\\\/\\\/www.daldewolf.com\\\/nl\\\/#website\"},\"datePublished\":\"2020-05-13T12:53:29+00:00\",\"dateModified\":\"2023-03-30T13:36:30+00:00\",\"breadcrumb\":{\"@id\":\"https:\\\/\\\/www.daldewolf.com\\\/fr\\\/expertise\\\/pratiques\\\/#breadcrumb\"},\"inLanguage\":\"fr-FR\",\"potentialAction\":[{\"@type\":\"ReadAction\",\"target\":[\"https:\\\/\\\/www.daldewolf.com\\\/fr\\\/expertise\\\/pratiques\\\/\"]}]},{\"@type\":\"BreadcrumbList\",\"@id\":\"https:\\\/\\\/www.daldewolf.com\\\/fr\\\/expertise\\\/pratiques\\\/#breadcrumb\",\"itemListElement\":[{\"@type\":\"ListItem\",\"position\":1,\"name\":\"Home\",\"item\":\"https:\\\/\\\/www.daldewolf.com\\\/fr\\\/\"},{\"@type\":\"ListItem\",\"position\":2,\"name\":\"Expertise\",\"item\":\"https:\\\/\\\/www.daldewolf.com\\\/fr\\\/expertise\\\/\"},{\"@type\":\"ListItem\",\"position\":3,\"name\":\"Pratiques\"}]},{\"@type\":\"WebSite\",\"@id\":\"https:\\\/\\\/www.daldewolf.com\\\/nl\\\/#website\",\"url\":\"https:\\\/\\\/www.daldewolf.com\\\/nl\\\/\",\"name\":\"DALDEWOLF\",\"description\":\"Independant Law firm, Since 1958.\",\"publisher\":{\"@id\":\"https:\\\/\\\/www.daldewolf.com\\\/nl\\\/#organization\"},\"potentialAction\":[{\"@type\":\"SearchAction\",\"target\":{\"@type\":\"EntryPoint\",\"urlTemplate\":\"https:\\\/\\\/www.daldewolf.com\\\/nl\\\/?s={search_term_string}\"},\"query-input\":{\"@type\":\"PropertyValueSpecification\",\"valueRequired\":true,\"valueName\":\"search_term_string\"}}],\"inLanguage\":\"fr-FR\"},{\"@type\":\"Organization\",\"@id\":\"https:\\\/\\\/www.daldewolf.com\\\/nl\\\/#organization\",\"name\":\"DALDEWOLF\",\"url\":\"https:\\\/\\\/www.daldewolf.com\\\/nl\\\/\",\"logo\":{\"@type\":\"ImageObject\",\"inLanguage\":\"fr-FR\",\"@id\":\"https:\\\/\\\/www.daldewolf.com\\\/nl\\\/#\\\/schema\\\/logo\\\/image\\\/\",\"url\":\"https:\\\/\\\/www.daldewolf.com\\\/wp-content\\\/uploads\\\/2020\\\/05\\\/Logo-Daldewolf.png\",\"contentUrl\":\"https:\\\/\\\/www.daldewolf.com\\\/wp-content\\\/uploads\\\/2020\\\/05\\\/Logo-Daldewolf.png\",\"width\":320,\"height\":40,\"caption\":\"DALDEWOLF\"},\"image\":{\"@id\":\"https:\\\/\\\/www.daldewolf.com\\\/nl\\\/#\\\/schema\\\/logo\\\/image\\\/\"},\"sameAs\":[\"https:\\\/\\\/www.linkedin.com\\\/company\\\/10193320\"]}]}<\/script>\n<!-- \/ Yoast SEO plugin. -->","yoast_head_json":{"title":"Pratiques - DALDEWOLF","robots":{"index":"index","follow":"follow","max-snippet":"max-snippet:-1","max-image-preview":"max-image-preview:large","max-video-preview":"max-video-preview:-1"},"canonical":"https:\/\/www.daldewolf.com\/fr\/expertise\/pratiques\/","og_locale":"fr_FR","og_type":"article","og_title":"Pratiques - DALDEWOLF","og_url":"https:\/\/www.daldewolf.com\/fr\/expertise\/pratiques\/","og_site_name":"DALDEWOLF","article_modified_time":"2023-03-30T13:36:30+00:00","og_image":[{"width":600,"height":315,"url":"https:\/\/www.daldewolf.com\/wp-content\/uploads\/2021\/05\/Daldewolf-fb.png","type":"image\/png"}],"twitter_card":"summary_large_image","twitter_misc":{"Dur\u00e9e de lecture estim\u00e9e":"1 minute"},"schema":{"@context":"https:\/\/schema.org","@graph":[{"@type":"WebPage","@id":"https:\/\/www.daldewolf.com\/fr\/expertise\/pratiques\/","url":"https:\/\/www.daldewolf.com\/fr\/expertise\/pratiques\/","name":"Pratiques - DALDEWOLF","isPartOf":{"@id":"https:\/\/www.daldewolf.com\/nl\/#website"},"datePublished":"2020-05-13T12:53:29+00:00","dateModified":"2023-03-30T13:36:30+00:00","breadcrumb":{"@id":"https:\/\/www.daldewolf.com\/fr\/expertise\/pratiques\/#breadcrumb"},"inLanguage":"fr-FR","potentialAction":[{"@type":"ReadAction","target":["https:\/\/www.daldewolf.com\/fr\/expertise\/pratiques\/"]}]},{"@type":"BreadcrumbList","@id":"https:\/\/www.daldewolf.com\/fr\/expertise\/pratiques\/#breadcrumb","itemListElement":[{"@type":"ListItem","position":1,"name":"Home","item":"https:\/\/www.daldewolf.com\/fr\/"},{"@type":"ListItem","position":2,"name":"Expertise","item":"https:\/\/www.daldewolf.com\/fr\/expertise\/"},{"@type":"ListItem","position":3,"name":"Pratiques"}]},{"@type":"WebSite","@id":"https:\/\/www.daldewolf.com\/nl\/#website","url":"https:\/\/www.daldewolf.com\/nl\/","name":"DALDEWOLF","description":"Independant Law firm, Since 1958.","publisher":{"@id":"https:\/\/www.daldewolf.com\/nl\/#organization"},"potentialAction":[{"@type":"SearchAction","target":{"@type":"EntryPoint","urlTemplate":"https:\/\/www.daldewolf.com\/nl\/?s={search_term_string}"},"query-input":{"@type":"PropertyValueSpecification","valueRequired":true,"valueName":"search_term_string"}}],"inLanguage":"fr-FR"},{"@type":"Organization","@id":"https:\/\/www.daldewolf.com\/nl\/#organization","name":"DALDEWOLF","url":"https:\/\/www.daldewolf.com\/nl\/","logo":{"@type":"ImageObject","inLanguage":"fr-FR","@id":"https:\/\/www.daldewolf.com\/nl\/#\/schema\/logo\/image\/","url":"https:\/\/www.daldewolf.com\/wp-content\/uploads\/2020\/05\/Logo-Daldewolf.png","contentUrl":"https:\/\/www.daldewolf.com\/wp-content\/uploads\/2020\/05\/Logo-Daldewolf.png","width":320,"height":40,"caption":"DALDEWOLF"},"image":{"@id":"https:\/\/www.daldewolf.com\/nl\/#\/schema\/logo\/image\/"},"sameAs":["https:\/\/www.linkedin.com\/company\/10193320"]}]}},"_links":{"self":[{"href":"https:\/\/www.daldewolf.com\/fr\/wp-json\/wp\/v2\/pages\/53","targetHints":{"allow":["GET"]}}],"collection":[{"href":"https:\/\/www.daldewolf.com\/fr\/wp-json\/wp\/v2\/pages"}],"about":[{"href":"https:\/\/www.daldewolf.com\/fr\/wp-json\/wp\/v2\/types\/page"}],"author":[{"embeddable":true,"href":"https:\/\/www.daldewolf.com\/fr\/wp-json\/wp\/v2\/users\/1"}],"replies":[{"embeddable":true,"href":"https:\/\/www.daldewolf.com\/fr\/wp-json\/wp\/v2\/comments?post=53"}],"version-history":[{"count":0,"href":"https:\/\/www.daldewolf.com\/fr\/wp-json\/wp\/v2\/pages\/53\/revisions"}],"up":[{"embeddable":true,"href":"https:\/\/www.daldewolf.com\/fr\/wp-json\/wp\/v2\/pages\/14"}],"wp:attachment":[{"href":"https:\/\/www.daldewolf.com\/fr\/wp-json\/wp\/v2\/media?parent=53"}],"curies":[{"name":"wp","href":"https:\/\/api.w.org\/{rel}","templated":true}]}}