{"id":4532,"date":"2021-09-26T20:43:52","date_gmt":"2021-09-26T20:43:52","guid":{"rendered":"https:\/\/www.daldewolf.com\/?page_id=4532"},"modified":"2021-09-26T20:44:39","modified_gmt":"2021-09-26T20:44:39","slug":"participation-de-daldewolf-a-run-to-kick","status":"publish","type":"page","link":"https:\/\/www.daldewolf.com\/fr\/participation-de-daldewolf-a-run-to-kick\/","title":{"rendered":"Participation de DALDEWOLF \u00e0 RUN TO KICK"},"content":{"rendered":"<p>DALDEWOLF a particip\u00e9 aujourd&#8217;hui \u00e0 RUN TO KICK. \u00a0Tout le cabinet s\u2019est mobilis\u00e9 autour de nos 25 coureurs et ensemble nous avons lev\u00e9 10.849 EUR pour financer la recherche contre le cancer p\u00e9diatrique. \u00a0Merci \u00e0 tous pour votre participation, vos encouragements, vos dons, votre pr\u00e9sence et votre motivation. Le rendez-vous est pris pour l\u2019ann\u00e9e prochaine!<\/p>\n<p><img loading=\"lazy\" decoding=\"async\" class=\"wp-image-4537 aligncenter\" src=\"https:\/\/www.daldewolf.com\/wp-content\/uploads\/2021\/09\/Run-to-Kick-2.jpg\" alt=\"\" width=\"438\" height=\"510\" srcset=\"https:\/\/www.daldewolf.com\/wp-content\/uploads\/2021\/09\/Run-to-Kick-2.jpg 1236w, https:\/\/www.daldewolf.com\/wp-content\/uploads\/2021\/09\/Run-to-Kick-2-258x300.jpg 258w, https:\/\/www.daldewolf.com\/wp-content\/uploads\/2021\/09\/Run-to-Kick-2-879x1024.jpg 879w\" sizes=\"auto, (max-width: 438px) 100vw, 438px\" \/><\/p>\n","protected":false},"excerpt":{"rendered":"<p>DALDEWOLF a particip\u00e9 aujourd&#8217;hui \u00e0 RUN TO KICK. \u00a0Tout le cabinet s\u2019est mobilis\u00e9 autour de nos 25 coureurs et ensemble nous avons lev\u00e9 10.849 EUR pour financer la recherche contre le cancer p\u00e9diatrique. \u00a0Merci \u00e0 tous pour votre participation, vos encouragements, vos dons, votre pr\u00e9sence et votre motivation. Le rendez-vous est pris pour l\u2019ann\u00e9e prochaine!<\/p>\n","protected":false},"author":4,"featured_media":0,"parent":0,"menu_order":0,"comment_status":"closed","ping_status":"closed","template":"","meta":{"_acf_changed":false,"footnotes":""},"class_list":["post-4532","page","type-page","status-publish","hentry"],"acf":[],"yoast_head":"<!-- This site is optimized with the Yoast SEO plugin v27.4 - https:\/\/yoast.com\/product\/yoast-seo-wordpress\/ -->\n<title>Participation de DALDEWOLF \u00e0 RUN TO KICK - DALDEWOLF<\/title>\n<meta name=\"robots\" content=\"index, follow, max-snippet:-1, max-image-preview:large, max-video-preview:-1\" \/>\n<link rel=\"canonical\" href=\"https:\/\/www.daldewolf.com\/fr\/participation-de-daldewolf-a-run-to-kick\/\" \/>\n<meta property=\"og:locale\" content=\"fr_FR\" \/>\n<meta property=\"og:type\" content=\"article\" \/>\n<meta property=\"og:title\" content=\"Participation de DALDEWOLF \u00e0 RUN TO KICK - DALDEWOLF\" \/>\n<meta property=\"og:description\" content=\"DALDEWOLF a particip\u00e9 aujourd&#8217;hui \u00e0 RUN TO KICK. \u00a0Tout le cabinet s\u2019est mobilis\u00e9 autour de nos 25 coureurs et ensemble nous avons lev\u00e9 10.849 EUR pour financer la recherche contre le cancer p\u00e9diatrique. \u00a0Merci \u00e0 tous pour votre participation, vos encouragements, vos dons, votre pr\u00e9sence et votre motivation. Le rendez-vous est pris pour l\u2019ann\u00e9e prochaine!\" \/>\n<meta property=\"og:url\" content=\"https:\/\/www.daldewolf.com\/fr\/participation-de-daldewolf-a-run-to-kick\/\" \/>\n<meta property=\"og:site_name\" content=\"DALDEWOLF\" \/>\n<meta property=\"article:modified_time\" content=\"2021-09-26T20:44:39+00:00\" \/>\n<meta property=\"og:image\" content=\"https:\/\/www.daldewolf.com\/wp-content\/uploads\/2021\/09\/Run-to-Kick-2.jpg\" \/>\n<meta name=\"twitter:card\" content=\"summary_large_image\" \/>\n<meta name=\"twitter:label1\" content=\"Dur\u00e9e de lecture estim\u00e9e\" \/>\n\t<meta name=\"twitter:data1\" content=\"1 minute\" \/>\n<script type=\"application\/ld+json\" class=\"yoast-schema-graph\">{\"@context\":\"https:\\\/\\\/schema.org\",\"@graph\":[{\"@type\":\"WebPage\",\"@id\":\"https:\\\/\\\/www.daldewolf.com\\\/fr\\\/participation-de-daldewolf-a-run-to-kick\\\/\",\"url\":\"https:\\\/\\\/www.daldewolf.com\\\/fr\\\/participation-de-daldewolf-a-run-to-kick\\\/\",\"name\":\"Participation de DALDEWOLF \u00e0 RUN TO KICK - DALDEWOLF\",\"isPartOf\":{\"@id\":\"https:\\\/\\\/www.daldewolf.com\\\/nl\\\/#website\"},\"primaryImageOfPage\":{\"@id\":\"https:\\\/\\\/www.daldewolf.com\\\/fr\\\/participation-de-daldewolf-a-run-to-kick\\\/#primaryimage\"},\"image\":{\"@id\":\"https:\\\/\\\/www.daldewolf.com\\\/fr\\\/participation-de-daldewolf-a-run-to-kick\\\/#primaryimage\"},\"thumbnailUrl\":\"https:\\\/\\\/www.daldewolf.com\\\/wp-content\\\/uploads\\\/2021\\\/09\\\/Run-to-Kick-2.jpg\",\"datePublished\":\"2021-09-26T20:43:52+00:00\",\"dateModified\":\"2021-09-26T20:44:39+00:00\",\"breadcrumb\":{\"@id\":\"https:\\\/\\\/www.daldewolf.com\\\/fr\\\/participation-de-daldewolf-a-run-to-kick\\\/#breadcrumb\"},\"inLanguage\":\"fr-FR\",\"potentialAction\":[{\"@type\":\"ReadAction\",\"target\":[\"https:\\\/\\\/www.daldewolf.com\\\/fr\\\/participation-de-daldewolf-a-run-to-kick\\\/\"]}]},{\"@type\":\"ImageObject\",\"inLanguage\":\"fr-FR\",\"@id\":\"https:\\\/\\\/www.daldewolf.com\\\/fr\\\/participation-de-daldewolf-a-run-to-kick\\\/#primaryimage\",\"url\":\"https:\\\/\\\/www.daldewolf.com\\\/wp-content\\\/uploads\\\/2021\\\/09\\\/Run-to-Kick-2.jpg\",\"contentUrl\":\"https:\\\/\\\/www.daldewolf.com\\\/wp-content\\\/uploads\\\/2021\\\/09\\\/Run-to-Kick-2.jpg\"},{\"@type\":\"BreadcrumbList\",\"@id\":\"https:\\\/\\\/www.daldewolf.com\\\/fr\\\/participation-de-daldewolf-a-run-to-kick\\\/#breadcrumb\",\"itemListElement\":[{\"@type\":\"ListItem\",\"position\":1,\"name\":\"Home\",\"item\":\"https:\\\/\\\/www.daldewolf.com\\\/fr\\\/\"},{\"@type\":\"ListItem\",\"position\":2,\"name\":\"Participation de DALDEWOLF \u00e0 RUN TO KICK\"}]},{\"@type\":\"WebSite\",\"@id\":\"https:\\\/\\\/www.daldewolf.com\\\/nl\\\/#website\",\"url\":\"https:\\\/\\\/www.daldewolf.com\\\/nl\\\/\",\"name\":\"DALDEWOLF\",\"description\":\"Independant Law firm, Since 1958.\",\"publisher\":{\"@id\":\"https:\\\/\\\/www.daldewolf.com\\\/nl\\\/#organization\"},\"potentialAction\":[{\"@type\":\"SearchAction\",\"target\":{\"@type\":\"EntryPoint\",\"urlTemplate\":\"https:\\\/\\\/www.daldewolf.com\\\/nl\\\/?s={search_term_string}\"},\"query-input\":{\"@type\":\"PropertyValueSpecification\",\"valueRequired\":true,\"valueName\":\"search_term_string\"}}],\"inLanguage\":\"fr-FR\"},{\"@type\":\"Organization\",\"@id\":\"https:\\\/\\\/www.daldewolf.com\\\/nl\\\/#organization\",\"name\":\"DALDEWOLF\",\"url\":\"https:\\\/\\\/www.daldewolf.com\\\/nl\\\/\",\"logo\":{\"@type\":\"ImageObject\",\"inLanguage\":\"fr-FR\",\"@id\":\"https:\\\/\\\/www.daldewolf.com\\\/nl\\\/#\\\/schema\\\/logo\\\/image\\\/\",\"url\":\"https:\\\/\\\/www.daldewolf.com\\\/wp-content\\\/uploads\\\/2020\\\/05\\\/Logo-Daldewolf.png\",\"contentUrl\":\"https:\\\/\\\/www.daldewolf.com\\\/wp-content\\\/uploads\\\/2020\\\/05\\\/Logo-Daldewolf.png\",\"width\":320,\"height\":40,\"caption\":\"DALDEWOLF\"},\"image\":{\"@id\":\"https:\\\/\\\/www.daldewolf.com\\\/nl\\\/#\\\/schema\\\/logo\\\/image\\\/\"},\"sameAs\":[\"https:\\\/\\\/www.linkedin.com\\\/company\\\/10193320\"]}]}<\/script>\n<!-- \/ Yoast SEO plugin. -->","yoast_head_json":{"title":"Participation de DALDEWOLF \u00e0 RUN TO KICK - DALDEWOLF","robots":{"index":"index","follow":"follow","max-snippet":"max-snippet:-1","max-image-preview":"max-image-preview:large","max-video-preview":"max-video-preview:-1"},"canonical":"https:\/\/www.daldewolf.com\/fr\/participation-de-daldewolf-a-run-to-kick\/","og_locale":"fr_FR","og_type":"article","og_title":"Participation de DALDEWOLF \u00e0 RUN TO KICK - DALDEWOLF","og_description":"DALDEWOLF a particip\u00e9 aujourd&#8217;hui \u00e0 RUN TO KICK. \u00a0Tout le cabinet s\u2019est mobilis\u00e9 autour de nos 25 coureurs et ensemble nous avons lev\u00e9 10.849 EUR pour financer la recherche contre le cancer p\u00e9diatrique. \u00a0Merci \u00e0 tous pour votre participation, vos encouragements, vos dons, votre pr\u00e9sence et votre motivation. Le rendez-vous est pris pour l\u2019ann\u00e9e prochaine!","og_url":"https:\/\/www.daldewolf.com\/fr\/participation-de-daldewolf-a-run-to-kick\/","og_site_name":"DALDEWOLF","article_modified_time":"2021-09-26T20:44:39+00:00","og_image":[{"url":"https:\/\/www.daldewolf.com\/wp-content\/uploads\/2021\/09\/Run-to-Kick-2.jpg","type":"","width":"","height":""}],"twitter_card":"summary_large_image","twitter_misc":{"Dur\u00e9e de lecture estim\u00e9e":"1 minute"},"schema":{"@context":"https:\/\/schema.org","@graph":[{"@type":"WebPage","@id":"https:\/\/www.daldewolf.com\/fr\/participation-de-daldewolf-a-run-to-kick\/","url":"https:\/\/www.daldewolf.com\/fr\/participation-de-daldewolf-a-run-to-kick\/","name":"Participation de DALDEWOLF \u00e0 RUN TO KICK - DALDEWOLF","isPartOf":{"@id":"https:\/\/www.daldewolf.com\/nl\/#website"},"primaryImageOfPage":{"@id":"https:\/\/www.daldewolf.com\/fr\/participation-de-daldewolf-a-run-to-kick\/#primaryimage"},"image":{"@id":"https:\/\/www.daldewolf.com\/fr\/participation-de-daldewolf-a-run-to-kick\/#primaryimage"},"thumbnailUrl":"https:\/\/www.daldewolf.com\/wp-content\/uploads\/2021\/09\/Run-to-Kick-2.jpg","datePublished":"2021-09-26T20:43:52+00:00","dateModified":"2021-09-26T20:44:39+00:00","breadcrumb":{"@id":"https:\/\/www.daldewolf.com\/fr\/participation-de-daldewolf-a-run-to-kick\/#breadcrumb"},"inLanguage":"fr-FR","potentialAction":[{"@type":"ReadAction","target":["https:\/\/www.daldewolf.com\/fr\/participation-de-daldewolf-a-run-to-kick\/"]}]},{"@type":"ImageObject","inLanguage":"fr-FR","@id":"https:\/\/www.daldewolf.com\/fr\/participation-de-daldewolf-a-run-to-kick\/#primaryimage","url":"https:\/\/www.daldewolf.com\/wp-content\/uploads\/2021\/09\/Run-to-Kick-2.jpg","contentUrl":"https:\/\/www.daldewolf.com\/wp-content\/uploads\/2021\/09\/Run-to-Kick-2.jpg"},{"@type":"BreadcrumbList","@id":"https:\/\/www.daldewolf.com\/fr\/participation-de-daldewolf-a-run-to-kick\/#breadcrumb","itemListElement":[{"@type":"ListItem","position":1,"name":"Home","item":"https:\/\/www.daldewolf.com\/fr\/"},{"@type":"ListItem","position":2,"name":"Participation de DALDEWOLF \u00e0 RUN TO KICK"}]},{"@type":"WebSite","@id":"https:\/\/www.daldewolf.com\/nl\/#website","url":"https:\/\/www.daldewolf.com\/nl\/","name":"DALDEWOLF","description":"Independant Law firm, Since 1958.","publisher":{"@id":"https:\/\/www.daldewolf.com\/nl\/#organization"},"potentialAction":[{"@type":"SearchAction","target":{"@type":"EntryPoint","urlTemplate":"https:\/\/www.daldewolf.com\/nl\/?s={search_term_string}"},"query-input":{"@type":"PropertyValueSpecification","valueRequired":true,"valueName":"search_term_string"}}],"inLanguage":"fr-FR"},{"@type":"Organization","@id":"https:\/\/www.daldewolf.com\/nl\/#organization","name":"DALDEWOLF","url":"https:\/\/www.daldewolf.com\/nl\/","logo":{"@type":"ImageObject","inLanguage":"fr-FR","@id":"https:\/\/www.daldewolf.com\/nl\/#\/schema\/logo\/image\/","url":"https:\/\/www.daldewolf.com\/wp-content\/uploads\/2020\/05\/Logo-Daldewolf.png","contentUrl":"https:\/\/www.daldewolf.com\/wp-content\/uploads\/2020\/05\/Logo-Daldewolf.png","width":320,"height":40,"caption":"DALDEWOLF"},"image":{"@id":"https:\/\/www.daldewolf.com\/nl\/#\/schema\/logo\/image\/"},"sameAs":["https:\/\/www.linkedin.com\/company\/10193320"]}]}},"_links":{"self":[{"href":"https:\/\/www.daldewolf.com\/fr\/wp-json\/wp\/v2\/pages\/4532","targetHints":{"allow":["GET"]}}],"collection":[{"href":"https:\/\/www.daldewolf.com\/fr\/wp-json\/wp\/v2\/pages"}],"about":[{"href":"https:\/\/www.daldewolf.com\/fr\/wp-json\/wp\/v2\/types\/page"}],"author":[{"embeddable":true,"href":"https:\/\/www.daldewolf.com\/fr\/wp-json\/wp\/v2\/users\/4"}],"replies":[{"embeddable":true,"href":"https:\/\/www.daldewolf.com\/fr\/wp-json\/wp\/v2\/comments?post=4532"}],"version-history":[{"count":0,"href":"https:\/\/www.daldewolf.com\/fr\/wp-json\/wp\/v2\/pages\/4532\/revisions"}],"wp:attachment":[{"href":"https:\/\/www.daldewolf.com\/fr\/wp-json\/wp\/v2\/media?parent=4532"}],"curies":[{"name":"wp","href":"https:\/\/api.w.org\/{rel}","templated":true}]}}