{"id":263,"date":"2020-05-26T05:44:46","date_gmt":"2020-05-26T05:44:46","guid":{"rendered":"https:\/\/www.daldewolf.com\/?page_id=263"},"modified":"2024-10-15T14:55:43","modified_gmt":"2024-10-15T12:55:43","slug":"mines-et-carrieres-rdc","status":"publish","type":"page","link":"https:\/\/www.daldewolf.com\/fr\/expertise\/secteurs\/mines-et-carrieres-rdc\/","title":{"rendered":"Mines et carri\u00e8res (RDC)"},"content":{"rendered":"<section class=\"l-section wpb_row columns-layout-sp-brx sectours height_medium width_full\"><div class=\"l-section-h i-cf\"><div class=\"g-cols vc_row via_flex valign_top type_default stacking_default\"><div class=\"vc_col-sm-4 wpb_column vc_column_container first-column-sp\"><div class=\"vc_column-inner type_sticky\"><div class=\"wpb_wrapper\"><div class=\"wpb_text_column align_center\"><div class=\"wpb_wrapper\"><h2>Secteurs<\/h2>\n<\/div><\/div><nav class=\"w-menu us_custom_18a67f5f layout_ver style_links us_menu_1\" style=\"--main-gap:1.5rem;--main-ver-indent:0.8em;--main-hor-indent:0.8em;--main-color:inherit;\"><ul id=\"menu-secteurs\" class=\"menu\"><li id=\"menu-item-2138\" class=\"menu-item menu-item-type-post_type menu-item-object-page menu-item-2138\"><a href=\"https:\/\/www.daldewolf.com\/fr\/expertise\/secteurs\/fonction-publique-europeenne-et-internationale\/\">Fonction publique europ\u00e9enne et internationale<\/a><\/li><li id=\"menu-item-2139\" class=\"menu-item menu-item-type-post_type menu-item-object-page menu-item-2139\"><a href=\"https:\/\/www.daldewolf.com\/fr\/expertise\/secteurs\/food-and-beverage\/\">Food &#038; Beverage<\/a><\/li><li id=\"menu-item-2140\" class=\"menu-item menu-item-type-post_type menu-item-object-page menu-item-2140\"><a href=\"https:\/\/www.daldewolf.com\/fr\/expertise\/secteurs\/gaming\/\">Gaming<\/a><\/li><li id=\"menu-item-2141\" class=\"menu-item menu-item-type-post_type menu-item-object-page menu-item-2141\"><a href=\"https:\/\/www.daldewolf.com\/fr\/expertise\/secteurs\/immobilier-et-construction\/\">Immobilier et construction<\/a><\/li><li id=\"menu-item-269\" class=\"menu-item menu-item-type-post_type menu-item-object-page menu-item-269\"><a href=\"https:\/\/www.daldewolf.com\/fr\/expertise\/secteurs\/mines-et-carrieres-rdc\/\">Mines et carri\u00e8res (RDC)<\/a><\/li><li id=\"menu-item-17633\" class=\"menu-item menu-item-type-post_type menu-item-object-page menu-item-17633\"><a href=\"https:\/\/www.daldewolf.com\/fr\/expertise\/secteurs\/private-clients\/\">Private clients<\/a><\/li><li id=\"menu-item-266\" class=\"menu-item menu-item-type-post_type menu-item-object-page menu-item-266\"><a href=\"https:\/\/www.daldewolf.com\/fr\/expertise\/secteurs\/retail\/\">Retail<\/a><\/li><\/ul><style>@media ( max-width:600px ){.us_menu_1 .menu{display:block!important}.us_menu_1 .menu>li:not(:last-child){margin:0 0 var(--main-gap,1.5rem)!important}}<\/style><\/nav><div class=\"w-separator size_medium\"><\/div><div class=\"wpb_text_column align_center\"><div class=\"wpb_wrapper\"><h2 style=\"text-align: center;\">\u00c0 propos de<br \/>\nDALDEWOLF en RDC<\/h2>\n<\/div><\/div><nav class=\"w-menu us_custom_eb849559 layout_ver style_links us_menu_2\" style=\"--main-gap:1.5rem;--main-ver-indent:0.8em;--main-hor-indent:0.8em;--main-color:inherit;\"><ul id=\"menu-ddw-rdc\" class=\"menu\"><li id=\"menu-item-15632\" class=\"menu-item menu-item-type-post_type menu-item-object-page menu-item-15632\"><a href=\"https:\/\/www.daldewolf.com\/fr\/daldewolf-en-rdc-le-cabinet\/\">Le cabinet et son approche<\/a><\/li><li id=\"menu-item-15630\" class=\"menu-item menu-item-type-post_type menu-item-object-page menu-item-15630\"><a href=\"https:\/\/www.daldewolf.com\/fr\/daldewolf-en-rdc-comment-nous-pouvons-aider\/\">Comment nous pouvons aider<\/a><\/li><li id=\"menu-item-15631\" class=\"menu-item menu-item-type-post_type menu-item-object-page menu-item-15631\"><a href=\"https:\/\/www.daldewolf.com\/fr\/daldewolf-en-rdc-lequipe\/\">L\u2019\u00e9quipe<\/a><\/li><li id=\"menu-item-15628\" class=\"menu-item menu-item-type-post_type menu-item-object-page menu-item-15628\"><a href=\"https:\/\/www.daldewolf.com\/fr\/daldewolf-en-rdc-contact\/\">Contact<\/a><\/li><li id=\"menu-item-15629\" class=\"menu-item menu-item-type-post_type menu-item-object-page menu-item-15629\"><a href=\"https:\/\/www.daldewolf.com\/fr\/daldewolf-en-rdc-conditions-generales\/\">Conditions g\u00e9n\u00e9rales<\/a><\/li><\/ul><style>@media ( max-width:600px ){.us_menu_2 .menu{display:block!important}.us_menu_2 .menu>li:not(:last-child){margin:0 0 var(--main-gap,1.5rem)!important}}<\/style><\/nav><\/div><\/div><\/div><div class=\"vc_col-sm-4 wpb_column vc_column_container\"><div class=\"vc_column-inner\"><div class=\"wpb_wrapper\"><div class=\"wpb_text_column h1-line-btm\"><div class=\"wpb_wrapper\"><h1>Mines et carri\u00e8res (RDC)<\/h1>\n<\/div><\/div><div class=\"wpb_text_column align_justify\"><div class=\"wpb_wrapper\"><p>Les avocats du cabinet de Kinshasa assistent et conseillent des investisseurs dans leurs projets miniers (principalement cuivre, cobalt, or et diamant) et leurs transactions mini\u00e8res en Afrique, essentiellement en R\u00e9publique D\u00e9mocratique du Congo (RDC). Les op\u00e9rateurs miniers sont accompagn\u00e9s \u00e0 toutes les \u00e9tapes de leurs activit\u00e9s (exploration, exploitation, commercialisation, transport, amodiation, cession, rem\u00e9diation). Le cabinet assiste \u00e9galement les soci\u00e9t\u00e9s de sous-traitance mini\u00e8re \u00e0 se mettre en conformit\u00e9 avec le cadre juridique congolais de la sous-traitance.<\/p>\n<p>Cette assistance porte \u00e9galement sur la gestion juridique quotidienne en mati\u00e8re de fiscalit\u00e9 et parafiscalit\u00e9, de conformit\u00e9 aux normes internationales et nationales (ONU, UE, OCDE, ITIE, CIRGL, etc.) et dans les mati\u00e8res classiques du droit des affaires telles que le droit du travail, le droit des contrats, le droit des soci\u00e9t\u00e9s ou le droit des s\u00fbret\u00e9s.<\/p>\n<\/div><\/div><\/div><\/div><\/div><div class=\"vc_col-sm-4 wpb_column vc_column_container\"><div class=\"vc_column-inner\"><div class=\"wpb_wrapper\"><div class=\"wpb_text_column h2-line-btm\"><div class=\"wpb_wrapper\"><h2>EXPERTS<\/h2>\n<\/div><\/div><div class=\"w-grid us_grid cntct-grid-lft type_grid layout_245 cols_1 preload_style_spinner\" id=\"us_grid_1\" style=\"--columns:1;--gap:10px;\" data-filterable=\"true\"><style>.layout_245 .w-grid-item-h{}.layout_245 .usg_post_custom_field_1{transition-duration:0.3s;transform-origin:50% 50%;transform:scale(1) translate(0%,0%)}.layout_245 .w-grid-item-h:focus-within .usg_post_custom_field_1,.layout_245 .w-grid-item-h:hover .usg_post_custom_field_1{transform:scale(1) translate(0%,0%);opacity:1;color:#ffffff!important}.layout_245 .usg_post_custom_field_2{transition-duration:0.3s;transform-origin:50% 50%;transform:scale(1) translate(0%,0%)}.layout_245 .w-grid-item-h:focus-within .usg_post_custom_field_2,.layout_245 .w-grid-item-h:hover .usg_post_custom_field_2{transform:scale(1) translate(0%,0%);opacity:1;color:#ffffff!important}.layout_245 .usg_hwrapper_1{transition-duration:0.3s;transform-origin:50% 50%;transform:scale(1) translate(0%,0%)}.layout_245 .w-grid-item-h:focus-within .usg_hwrapper_1,.layout_245 .w-grid-item-h:hover .usg_hwrapper_1{transform:scale(1) translate(0%,0%);opacity:1;background:#016b80!important;color:#ffffff!important}.layout_245 .usg_btn_1{transition-duration:0.3s;transform-origin:50% 50%;transform:scale(1) translate(0%,0%);opacity:0}.layout_245 .w-grid-item-h:focus-within .usg_btn_1,.layout_245 .w-grid-item-h:hover .usg_btn_1{transform:scale(1) translate(0%,0%);opacity:0}.layout_245 .usg_post_custom_field_2{text-transform:uppercase!important}.layout_245 .usg_hwrapper_1{color:#ffffff!important;font-size:14px!important;letter-spacing:1px!important;width:350px!important;max-width:100%!important;margin-left:0!important;margin-right:auto!important;padding-top:7px!important;padding-bottom:7px!important;background:#00829b!important}.layout_245 .usg_btn_1{width:100%!important;height:100%!important;position:absolute!important;left:0!important;top:0!important}<\/style><div class=\"w-grid-list\">\t<article class=\"w-grid-item size_1x1 post-14320 us_portfolio type-us_portfolio status-publish has-post-thumbnail hentry us_portfolio_category-droit-des-societes-et-financier us_portfolio_category-mines-carrieres-rdc us_portfolio_tag-kinshasa\" data-id=\"14320\">\r\n\t\t<div class=\"w-grid-item-h\">\r\n\t\t\t\t\t\t\t<a href=\"https:\/\/www.daldewolf.com\/fr\/equipe\/laetitia-kalo\/\" class=\"w-grid-item-anchor\" aria-label=\"Laetitia KALO\"><\/a>\r\n\t\t\t\t\t\t<div class=\"w-hwrapper usg_hwrapper_1 has_text_color align_center valign_middle wrap\" style=\"--hwrapper-gap:5px\"><div class=\"w-post-elm post_custom_field usg_post_custom_field_1 type_text name color_link_inherit\"><span class=\"w-post-elm-value\">Laetitia<\/span><\/div><div class=\"w-post-elm post_custom_field usg_post_custom_field_2 type_text surname color_link_inherit\"><span class=\"w-post-elm-value\">Kalo<\/span><\/div><button class=\"w-btn us-btn-style_1 usg_btn_1 text_none\" tabindex=\"-1\" aria-label=\"Button\" type=\"button\"><\/button><\/div>\t\t<\/div>\r\n\t\t\t<\/article>\r\n\t<article class=\"w-grid-item size_1x1 post-17061 us_portfolio type-us_portfolio status-publish has-post-thumbnail hentry us_portfolio_category-droit-de-la-propriete-intellectuelle-et-du-numerique us_portfolio_category-droit-des-societes-et-financier us_portfolio_category-droit-economique us_portfolio_category-mines-carrieres-rdc us_portfolio_tag-desk-ohada\" data-id=\"17061\">\r\n\t\t<div class=\"w-grid-item-h\">\r\n\t\t\t\t\t\t\t<a href=\"https:\/\/www.daldewolf.com\/fr\/equipe\/yannick-alenge-makengo\/\" class=\"w-grid-item-anchor\" aria-label=\"Yannick ALENGE MAKENGO\"><\/a>\r\n\t\t\t\t\t\t<div class=\"w-hwrapper usg_hwrapper_1 has_text_color align_center valign_middle wrap\" style=\"--hwrapper-gap:5px\"><div class=\"w-post-elm post_custom_field usg_post_custom_field_1 type_text name color_link_inherit\"><span class=\"w-post-elm-value\">Yannick<\/span><\/div><div class=\"w-post-elm post_custom_field usg_post_custom_field_2 type_text surname color_link_inherit\"><span class=\"w-post-elm-value\">Alenge Makengo<\/span><\/div><button class=\"w-btn us-btn-style_1 usg_btn_1 text_none\" tabindex=\"-1\" aria-label=\"Button\" type=\"button\"><\/button><\/div>\t\t<\/div>\r\n\t\t\t<\/article>\r\n<\/div>\t<div class=\"w-grid-preloader\">\r\n\t\t<div class=\"g-preloader type_1\">\r\n\t\t\t<div><\/div>\r\n\t\t<\/div>\r\n\t<\/div>\r\n\t\t<div class=\"w-grid-json hidden\" onclick='return {&quot;action&quot;:&quot;us_ajax_grid&quot;,&quot;infinite_scroll&quot;:0,&quot;max_num_pages&quot;:1,&quot;pagination&quot;:&quot;none&quot;,&quot;template_vars&quot;:{&quot;columns&quot;:&quot;1&quot;,&quot;exclude_items&quot;:&quot;none&quot;,&quot;img_size&quot;:&quot;default&quot;,&quot;ignore_items_size&quot;:0,&quot;items_layout&quot;:&quot;245&quot;,&quot;items_offset&quot;:&quot;1&quot;,&quot;load_animation&quot;:&quot;none&quot;,&quot;overriding_link&quot;:&quot;%7B%22type%22%3A%22post%22%7D&quot;,&quot;post_id&quot;:0,&quot;query_args&quot;:{&quot;post_type&quot;:[&quot;us_portfolio&quot;],&quot;tax_query&quot;:[{&quot;taxonomy&quot;:&quot;us_portfolio_category&quot;,&quot;field&quot;:&quot;slug&quot;,&quot;terms&quot;:[&quot;mines-carrieres-rdc&quot;]}],&quot;post_status&quot;:[&quot;publish&quot;,&quot;acf-disabled&quot;],&quot;posts_per_page&quot;:999},&quot;orderby_query_args&quot;:{&quot;orderby&quot;:{&quot;post__in&quot;:&quot;ASC&quot;},&quot;order&quot;:&quot;ASC&quot;},&quot;type&quot;:&quot;grid&quot;,&quot;us_grid_post_type&quot;:&quot;us_portfolio&quot;,&quot;us_grid_ajax_index&quot;:1,&quot;us_grid_filter_query_string&quot;:null,&quot;us_grid_index&quot;:1,&quot;page_args&quot;:[],&quot;lang&quot;:&quot;fr&quot;}}'><\/div>\r\n\t<\/div><\/div><\/div><\/div><\/div><\/div><\/section>\n","protected":false},"excerpt":{"rendered":"Yannick Alenge Makengo est membre du Barreau de Kinshasa\/Matete, R\u00e9publique d\u00e9mocratique du Congo (2014). Il est collaborateur au sein du cabinet DALDEWOLF. Yannick intervient dans les domaines du droit des soci\u00e9t\u00e9s, du droit commercial et du droit minier au sein du bureau de Kinshasa. Il pratique principalement le droit congolais et le droit des affaires...","protected":false},"author":1,"featured_media":827,"parent":55,"menu_order":0,"comment_status":"closed","ping_status":"closed","template":"","meta":{"_acf_changed":false,"footnotes":""},"class_list":["post-263","page","type-page","status-publish","has-post-thumbnail","hentry"],"acf":[],"yoast_head":"<!-- This site is optimized with the Yoast SEO plugin v27.4 - https:\/\/yoast.com\/product\/yoast-seo-wordpress\/ -->\n<title>Mines et carri\u00e8res (RDC) - DALDEWOLF<\/title>\n<meta name=\"description\" content=\"DALDEWOLF assiste et conseille des investisseurs dans leurs projets miniers (principalement cuivre, cobalt, or et diamant) et leurs transactions mini\u00e8res en Afrique, essentiellement en RDC.\" \/>\n<meta name=\"robots\" content=\"index, follow, max-snippet:-1, max-image-preview:large, max-video-preview:-1\" \/>\n<link rel=\"canonical\" href=\"https:\/\/www.daldewolf.com\/fr\/expertise\/secteurs\/mines-et-carrieres-rdc\/\" \/>\n<meta property=\"og:locale\" content=\"fr_FR\" \/>\n<meta property=\"og:type\" content=\"article\" \/>\n<meta property=\"og:title\" content=\"Mines et carri\u00e8res (RDC) - DALDEWOLF\" \/>\n<meta property=\"og:description\" content=\"DALDEWOLF assiste et conseille des investisseurs dans leurs projets miniers (principalement cuivre, cobalt, or et diamant) et leurs transactions mini\u00e8res en Afrique, essentiellement en RDC.\" \/>\n<meta property=\"og:url\" content=\"https:\/\/www.daldewolf.com\/fr\/expertise\/secteurs\/mines-et-carrieres-rdc\/\" \/>\n<meta property=\"og:site_name\" content=\"DALDEWOLF\" \/>\n<meta property=\"article:modified_time\" content=\"2024-10-15T12:55:43+00:00\" \/>\n<meta property=\"og:image\" content=\"https:\/\/www.daldewolf.com\/wp-content\/uploads\/2020\/06\/Droit-minier.jpg\" \/>\n\t<meta property=\"og:image:width\" content=\"900\" \/>\n\t<meta property=\"og:image:height\" content=\"600\" \/>\n\t<meta property=\"og:image:type\" content=\"image\/jpeg\" \/>\n<meta name=\"twitter:card\" content=\"summary_large_image\" \/>\n<meta name=\"twitter:label1\" content=\"Dur\u00e9e de lecture estim\u00e9e\" \/>\n\t<meta name=\"twitter:data1\" content=\"1 minute\" \/>\n<script type=\"application\/ld+json\" class=\"yoast-schema-graph\">{\"@context\":\"https:\\\/\\\/schema.org\",\"@graph\":[{\"@type\":\"WebPage\",\"@id\":\"https:\\\/\\\/www.daldewolf.com\\\/fr\\\/expertise\\\/secteurs\\\/mines-et-carrieres-rdc\\\/\",\"url\":\"https:\\\/\\\/www.daldewolf.com\\\/fr\\\/expertise\\\/secteurs\\\/mines-et-carrieres-rdc\\\/\",\"name\":\"Mines et carri\u00e8res (RDC) - DALDEWOLF\",\"isPartOf\":{\"@id\":\"https:\\\/\\\/www.daldewolf.com\\\/nl\\\/#website\"},\"primaryImageOfPage\":{\"@id\":\"https:\\\/\\\/www.daldewolf.com\\\/fr\\\/expertise\\\/secteurs\\\/mines-et-carrieres-rdc\\\/#primaryimage\"},\"image\":{\"@id\":\"https:\\\/\\\/www.daldewolf.com\\\/fr\\\/expertise\\\/secteurs\\\/mines-et-carrieres-rdc\\\/#primaryimage\"},\"thumbnailUrl\":\"https:\\\/\\\/www.daldewolf.com\\\/wp-content\\\/uploads\\\/2020\\\/06\\\/Droit-minier.jpg\",\"datePublished\":\"2020-05-26T05:44:46+00:00\",\"dateModified\":\"2024-10-15T12:55:43+00:00\",\"description\":\"DALDEWOLF assiste et conseille des investisseurs dans leurs projets miniers (principalement cuivre, cobalt, or et diamant) et leurs transactions mini\u00e8res en Afrique, essentiellement en RDC.\",\"breadcrumb\":{\"@id\":\"https:\\\/\\\/www.daldewolf.com\\\/fr\\\/expertise\\\/secteurs\\\/mines-et-carrieres-rdc\\\/#breadcrumb\"},\"inLanguage\":\"fr-FR\",\"potentialAction\":[{\"@type\":\"ReadAction\",\"target\":[\"https:\\\/\\\/www.daldewolf.com\\\/fr\\\/expertise\\\/secteurs\\\/mines-et-carrieres-rdc\\\/\"]}]},{\"@type\":\"ImageObject\",\"inLanguage\":\"fr-FR\",\"@id\":\"https:\\\/\\\/www.daldewolf.com\\\/fr\\\/expertise\\\/secteurs\\\/mines-et-carrieres-rdc\\\/#primaryimage\",\"url\":\"https:\\\/\\\/www.daldewolf.com\\\/wp-content\\\/uploads\\\/2020\\\/06\\\/Droit-minier.jpg\",\"contentUrl\":\"https:\\\/\\\/www.daldewolf.com\\\/wp-content\\\/uploads\\\/2020\\\/06\\\/Droit-minier.jpg\",\"width\":900,\"height\":600},{\"@type\":\"BreadcrumbList\",\"@id\":\"https:\\\/\\\/www.daldewolf.com\\\/fr\\\/expertise\\\/secteurs\\\/mines-et-carrieres-rdc\\\/#breadcrumb\",\"itemListElement\":[{\"@type\":\"ListItem\",\"position\":1,\"name\":\"Home\",\"item\":\"https:\\\/\\\/www.daldewolf.com\\\/fr\\\/\"},{\"@type\":\"ListItem\",\"position\":2,\"name\":\"Expertise\",\"item\":\"https:\\\/\\\/www.daldewolf.com\\\/fr\\\/expertise\\\/\"},{\"@type\":\"ListItem\",\"position\":3,\"name\":\"Secteurs\",\"item\":\"https:\\\/\\\/www.daldewolf.com\\\/fr\\\/expertise\\\/secteurs\\\/\"},{\"@type\":\"ListItem\",\"position\":4,\"name\":\"Mines et carri\u00e8res (RDC)\"}]},{\"@type\":\"WebSite\",\"@id\":\"https:\\\/\\\/www.daldewolf.com\\\/nl\\\/#website\",\"url\":\"https:\\\/\\\/www.daldewolf.com\\\/nl\\\/\",\"name\":\"DALDEWOLF\",\"description\":\"Independant Law firm, Since 1958.\",\"publisher\":{\"@id\":\"https:\\\/\\\/www.daldewolf.com\\\/nl\\\/#organization\"},\"potentialAction\":[{\"@type\":\"SearchAction\",\"target\":{\"@type\":\"EntryPoint\",\"urlTemplate\":\"https:\\\/\\\/www.daldewolf.com\\\/nl\\\/?s={search_term_string}\"},\"query-input\":{\"@type\":\"PropertyValueSpecification\",\"valueRequired\":true,\"valueName\":\"search_term_string\"}}],\"inLanguage\":\"fr-FR\"},{\"@type\":\"Organization\",\"@id\":\"https:\\\/\\\/www.daldewolf.com\\\/nl\\\/#organization\",\"name\":\"DALDEWOLF\",\"url\":\"https:\\\/\\\/www.daldewolf.com\\\/nl\\\/\",\"logo\":{\"@type\":\"ImageObject\",\"inLanguage\":\"fr-FR\",\"@id\":\"https:\\\/\\\/www.daldewolf.com\\\/nl\\\/#\\\/schema\\\/logo\\\/image\\\/\",\"url\":\"https:\\\/\\\/www.daldewolf.com\\\/wp-content\\\/uploads\\\/2020\\\/05\\\/Logo-Daldewolf.png\",\"contentUrl\":\"https:\\\/\\\/www.daldewolf.com\\\/wp-content\\\/uploads\\\/2020\\\/05\\\/Logo-Daldewolf.png\",\"width\":320,\"height\":40,\"caption\":\"DALDEWOLF\"},\"image\":{\"@id\":\"https:\\\/\\\/www.daldewolf.com\\\/nl\\\/#\\\/schema\\\/logo\\\/image\\\/\"},\"sameAs\":[\"https:\\\/\\\/www.linkedin.com\\\/company\\\/10193320\"]}]}<\/script>\n<!-- \/ Yoast SEO plugin. -->","yoast_head_json":{"title":"Mines et carri\u00e8res (RDC) - DALDEWOLF","description":"DALDEWOLF assiste et conseille des investisseurs dans leurs projets miniers (principalement cuivre, cobalt, or et diamant) et leurs transactions mini\u00e8res en Afrique, essentiellement en RDC.","robots":{"index":"index","follow":"follow","max-snippet":"max-snippet:-1","max-image-preview":"max-image-preview:large","max-video-preview":"max-video-preview:-1"},"canonical":"https:\/\/www.daldewolf.com\/fr\/expertise\/secteurs\/mines-et-carrieres-rdc\/","og_locale":"fr_FR","og_type":"article","og_title":"Mines et carri\u00e8res (RDC) - DALDEWOLF","og_description":"DALDEWOLF assiste et conseille des investisseurs dans leurs projets miniers (principalement cuivre, cobalt, or et diamant) et leurs transactions mini\u00e8res en Afrique, essentiellement en RDC.","og_url":"https:\/\/www.daldewolf.com\/fr\/expertise\/secteurs\/mines-et-carrieres-rdc\/","og_site_name":"DALDEWOLF","article_modified_time":"2024-10-15T12:55:43+00:00","og_image":[{"width":900,"height":600,"url":"https:\/\/www.daldewolf.com\/wp-content\/uploads\/2020\/06\/Droit-minier.jpg","type":"image\/jpeg"}],"twitter_card":"summary_large_image","twitter_misc":{"Dur\u00e9e de lecture estim\u00e9e":"1 minute"},"schema":{"@context":"https:\/\/schema.org","@graph":[{"@type":"WebPage","@id":"https:\/\/www.daldewolf.com\/fr\/expertise\/secteurs\/mines-et-carrieres-rdc\/","url":"https:\/\/www.daldewolf.com\/fr\/expertise\/secteurs\/mines-et-carrieres-rdc\/","name":"Mines et carri\u00e8res (RDC) - DALDEWOLF","isPartOf":{"@id":"https:\/\/www.daldewolf.com\/nl\/#website"},"primaryImageOfPage":{"@id":"https:\/\/www.daldewolf.com\/fr\/expertise\/secteurs\/mines-et-carrieres-rdc\/#primaryimage"},"image":{"@id":"https:\/\/www.daldewolf.com\/fr\/expertise\/secteurs\/mines-et-carrieres-rdc\/#primaryimage"},"thumbnailUrl":"https:\/\/www.daldewolf.com\/wp-content\/uploads\/2020\/06\/Droit-minier.jpg","datePublished":"2020-05-26T05:44:46+00:00","dateModified":"2024-10-15T12:55:43+00:00","description":"DALDEWOLF assiste et conseille des investisseurs dans leurs projets miniers (principalement cuivre, cobalt, or et diamant) et leurs transactions mini\u00e8res en Afrique, essentiellement en RDC.","breadcrumb":{"@id":"https:\/\/www.daldewolf.com\/fr\/expertise\/secteurs\/mines-et-carrieres-rdc\/#breadcrumb"},"inLanguage":"fr-FR","potentialAction":[{"@type":"ReadAction","target":["https:\/\/www.daldewolf.com\/fr\/expertise\/secteurs\/mines-et-carrieres-rdc\/"]}]},{"@type":"ImageObject","inLanguage":"fr-FR","@id":"https:\/\/www.daldewolf.com\/fr\/expertise\/secteurs\/mines-et-carrieres-rdc\/#primaryimage","url":"https:\/\/www.daldewolf.com\/wp-content\/uploads\/2020\/06\/Droit-minier.jpg","contentUrl":"https:\/\/www.daldewolf.com\/wp-content\/uploads\/2020\/06\/Droit-minier.jpg","width":900,"height":600},{"@type":"BreadcrumbList","@id":"https:\/\/www.daldewolf.com\/fr\/expertise\/secteurs\/mines-et-carrieres-rdc\/#breadcrumb","itemListElement":[{"@type":"ListItem","position":1,"name":"Home","item":"https:\/\/www.daldewolf.com\/fr\/"},{"@type":"ListItem","position":2,"name":"Expertise","item":"https:\/\/www.daldewolf.com\/fr\/expertise\/"},{"@type":"ListItem","position":3,"name":"Secteurs","item":"https:\/\/www.daldewolf.com\/fr\/expertise\/secteurs\/"},{"@type":"ListItem","position":4,"name":"Mines et carri\u00e8res (RDC)"}]},{"@type":"WebSite","@id":"https:\/\/www.daldewolf.com\/nl\/#website","url":"https:\/\/www.daldewolf.com\/nl\/","name":"DALDEWOLF","description":"Independant Law firm, Since 1958.","publisher":{"@id":"https:\/\/www.daldewolf.com\/nl\/#organization"},"potentialAction":[{"@type":"SearchAction","target":{"@type":"EntryPoint","urlTemplate":"https:\/\/www.daldewolf.com\/nl\/?s={search_term_string}"},"query-input":{"@type":"PropertyValueSpecification","valueRequired":true,"valueName":"search_term_string"}}],"inLanguage":"fr-FR"},{"@type":"Organization","@id":"https:\/\/www.daldewolf.com\/nl\/#organization","name":"DALDEWOLF","url":"https:\/\/www.daldewolf.com\/nl\/","logo":{"@type":"ImageObject","inLanguage":"fr-FR","@id":"https:\/\/www.daldewolf.com\/nl\/#\/schema\/logo\/image\/","url":"https:\/\/www.daldewolf.com\/wp-content\/uploads\/2020\/05\/Logo-Daldewolf.png","contentUrl":"https:\/\/www.daldewolf.com\/wp-content\/uploads\/2020\/05\/Logo-Daldewolf.png","width":320,"height":40,"caption":"DALDEWOLF"},"image":{"@id":"https:\/\/www.daldewolf.com\/nl\/#\/schema\/logo\/image\/"},"sameAs":["https:\/\/www.linkedin.com\/company\/10193320"]}]}},"_links":{"self":[{"href":"https:\/\/www.daldewolf.com\/fr\/wp-json\/wp\/v2\/pages\/263","targetHints":{"allow":["GET"]}}],"collection":[{"href":"https:\/\/www.daldewolf.com\/fr\/wp-json\/wp\/v2\/pages"}],"about":[{"href":"https:\/\/www.daldewolf.com\/fr\/wp-json\/wp\/v2\/types\/page"}],"author":[{"embeddable":true,"href":"https:\/\/www.daldewolf.com\/fr\/wp-json\/wp\/v2\/users\/1"}],"replies":[{"embeddable":true,"href":"https:\/\/www.daldewolf.com\/fr\/wp-json\/wp\/v2\/comments?post=263"}],"version-history":[{"count":0,"href":"https:\/\/www.daldewolf.com\/fr\/wp-json\/wp\/v2\/pages\/263\/revisions"}],"up":[{"embeddable":true,"href":"https:\/\/www.daldewolf.com\/fr\/wp-json\/wp\/v2\/pages\/55"}],"wp:featuredmedia":[{"embeddable":true,"href":"https:\/\/www.daldewolf.com\/fr\/wp-json\/wp\/v2\/media\/827"}],"wp:attachment":[{"href":"https:\/\/www.daldewolf.com\/fr\/wp-json\/wp\/v2\/media?parent=263"}],"curies":[{"name":"wp","href":"https:\/\/api.w.org\/{rel}","templated":true}]}}