{"id":259,"date":"2020-05-26T05:44:10","date_gmt":"2020-05-26T05:44:10","guid":{"rendered":"https:\/\/www.daldewolf.com\/?page_id=259"},"modified":"2021-03-25T15:12:14","modified_gmt":"2021-03-25T15:12:14","slug":"retail","status":"publish","type":"page","link":"https:\/\/www.daldewolf.com\/fr\/expertise\/secteurs\/retail\/","title":{"rendered":"Retail"},"content":{"rendered":"<section class=\"l-section wpb_row columns-layout-sp-brx sectours height_medium width_full\"><div class=\"l-section-h i-cf\"><div class=\"g-cols vc_row via_flex valign_top type_default stacking_default\"><div class=\"vc_col-sm-4 wpb_column vc_column_container first-column-sp\"><div class=\"vc_column-inner type_sticky\"><div class=\"wpb_wrapper\"><div class=\"wpb_text_column align_center\"><div class=\"wpb_wrapper\"><h2>Secteurs<\/h2>\n<\/div><\/div><nav class=\"w-menu us_custom_18a67f5f layout_ver style_links us_menu_1\" style=\"--main-gap:1.5rem;--main-ver-indent:0.8em;--main-hor-indent:0.8em;--main-color:inherit;\"><ul id=\"menu-secteurs\" class=\"menu\"><li id=\"menu-item-2138\" class=\"menu-item menu-item-type-post_type menu-item-object-page menu-item-2138\"><a href=\"https:\/\/www.daldewolf.com\/fr\/expertise\/secteurs\/fonction-publique-europeenne-et-internationale\/\">Fonction publique europ\u00e9enne et internationale<\/a><\/li><li id=\"menu-item-2139\" class=\"menu-item menu-item-type-post_type menu-item-object-page menu-item-2139\"><a href=\"https:\/\/www.daldewolf.com\/fr\/expertise\/secteurs\/food-and-beverage\/\">Food &#038; Beverage<\/a><\/li><li id=\"menu-item-2140\" class=\"menu-item menu-item-type-post_type menu-item-object-page menu-item-2140\"><a href=\"https:\/\/www.daldewolf.com\/fr\/expertise\/secteurs\/gaming\/\">Gaming<\/a><\/li><li id=\"menu-item-2141\" class=\"menu-item menu-item-type-post_type menu-item-object-page menu-item-2141\"><a href=\"https:\/\/www.daldewolf.com\/fr\/expertise\/secteurs\/immobilier-et-construction\/\">Immobilier et construction<\/a><\/li><li id=\"menu-item-269\" class=\"menu-item menu-item-type-post_type menu-item-object-page menu-item-269\"><a href=\"https:\/\/www.daldewolf.com\/fr\/expertise\/secteurs\/mines-et-carrieres-rdc\/\">Mines et carri\u00e8res (RDC)<\/a><\/li><li id=\"menu-item-17633\" class=\"menu-item menu-item-type-post_type menu-item-object-page menu-item-17633\"><a href=\"https:\/\/www.daldewolf.com\/fr\/expertise\/secteurs\/private-clients\/\">Private clients<\/a><\/li><li id=\"menu-item-266\" class=\"menu-item menu-item-type-post_type menu-item-object-page menu-item-266\"><a href=\"https:\/\/www.daldewolf.com\/fr\/expertise\/secteurs\/retail\/\">Retail<\/a><\/li><\/ul><style>@media ( max-width:600px ){.us_menu_1 .menu{display:block!important}.us_menu_1 .menu>li{margin:0 0 var(--main-gap,1.5rem)!important}}<\/style><\/nav><\/div><\/div><\/div><div class=\"vc_col-sm-4 wpb_column vc_column_container\"><div class=\"vc_column-inner\"><div class=\"wpb_wrapper\"><div class=\"wpb_text_column h1-line-btm\"><div class=\"wpb_wrapper\"><h1>Retail<\/h1>\n<\/div><\/div><div class=\"wpb_text_column align_justify\"><div class=\"wpb_wrapper\"><p>Les avocats sp\u00e9cialis\u00e9s en droit de la distribution, en droit immobilier et des baux commerciaux et en droit des marques ont d\u00e9velopp\u00e9 une exp\u00e9rience combin\u00e9e pr\u00e9cieuse dans le secteur du Retail (vente de produits au d\u00e9tail). Ils offrent une assistance \u00ab sur mesure \u00bb aux entreprises actives dans ce secteur.<\/p>\n<p>Ces comp\u00e9tences sont r\u00e9guli\u00e8rement sollicit\u00e9es dans des secteurs vari\u00e9s (habillement, chaussures, alimentation, d\u00e9coration, produits di\u00e9t\u00e9tiques, cosm\u00e9tiques et soins esth\u00e9tiques \u2026) pour la mise en place ainsi que pour la strat\u00e9gie d\u2019\u00e9volution de r\u00e9seaux de franchises ou de distribution par des magasins appartenant aux clients. Ceci implique notamment une analyse des conditions de mise sur le march\u00e9 des produits et services ainsi que la n\u00e9gociation avec les diff\u00e9rents intervenants au projet et r\u00e9daction des contrats.<\/p>\n<p>L\u2019\u00e9quipe accompagne des acteurs de taille diverses, y compris des grandes enseignes europ\u00e9ennes.<\/p>\n<\/div><\/div><\/div><\/div><\/div><div class=\"vc_col-sm-4 wpb_column vc_column_container\"><div class=\"vc_column-inner\"><div class=\"wpb_wrapper\"><div class=\"wpb_text_column h2-line-btm\"><div class=\"wpb_wrapper\"><h2>EXPERTS<\/h2>\n<\/div><\/div><div class=\"w-grid us_grid cntct-grid-lft type_grid layout_245 cols_1 preload_style_spinner\" id=\"us_grid_1\" style=\"--columns:1;--gap:10px;\"><style>.layout_245 .w-grid-item-h{}.layout_245 .usg_post_custom_field_1{transition-duration:0.3s;transform-origin:50% 50%;transform:scale(1) translate(0%,0%)}.layout_245 .w-grid-item-h:focus-within .usg_post_custom_field_1,.layout_245 .w-grid-item-h:hover .usg_post_custom_field_1{transform:scale(1) translate(0%,0%);opacity:1;color:#ffffff!important}.layout_245 .usg_post_custom_field_2{transition-duration:0.3s;transform-origin:50% 50%;transform:scale(1) translate(0%,0%)}.layout_245 .w-grid-item-h:focus-within .usg_post_custom_field_2,.layout_245 .w-grid-item-h:hover .usg_post_custom_field_2{transform:scale(1) translate(0%,0%);opacity:1;color:#ffffff!important}.layout_245 .usg_hwrapper_1{transition-duration:0.3s;transform-origin:50% 50%;transform:scale(1) translate(0%,0%)}.layout_245 .w-grid-item-h:focus-within .usg_hwrapper_1,.layout_245 .w-grid-item-h:hover .usg_hwrapper_1{transform:scale(1) translate(0%,0%);opacity:1;background:#016b80!important;color:#ffffff!important}.layout_245 .usg_btn_1{transition-duration:0.3s;transform-origin:50% 50%;transform:scale(1) translate(0%,0%);opacity:0}.layout_245 .w-grid-item-h:focus-within .usg_btn_1,.layout_245 .w-grid-item-h:hover .usg_btn_1{transform:scale(1) translate(0%,0%);opacity:0}.layout_245 .usg_post_custom_field_2{text-transform:uppercase!important}.layout_245 .usg_hwrapper_1{color:#ffffff!important;font-size:14px!important;letter-spacing:1px!important;width:350px!important;max-width:100%!important;margin-left:0!important;margin-right:auto!important;padding-top:7px!important;padding-bottom:7px!important;background:#00829b!important}.layout_245 .usg_btn_1{width:100%!important;height:100%!important;position:absolute!important;left:0!important;top:0!important}<\/style><div class=\"w-grid-list\">\t<article class=\"w-grid-item size_1x1 post-206 us_portfolio type-us_portfolio status-publish has-post-thumbnail hentry us_portfolio_category-droit-economique us_portfolio_category-food-beverage us_portfolio_category-retail us_portfolio_tag-desk-italie\" data-id=\"206\">\r\n\t\t<div class=\"w-grid-item-h\">\r\n\t\t\t\t\t\t\t<a href=\"https:\/\/www.daldewolf.com\/fr\/equipe\/dominique-bogaert\/\" class=\"w-grid-item-anchor\" aria-label=\"Dominique BOGAERT\"><\/a>\r\n\t\t\t\t\t\t<div class=\"w-hwrapper usg_hwrapper_1 has_text_color align_center valign_middle wrap\" style=\"--hwrapper-gap:5px\"><div class=\"w-post-elm post_custom_field usg_post_custom_field_1 type_text name color_link_inherit\"><span class=\"w-post-elm-value\">Dominique<\/span><\/div><div class=\"w-post-elm post_custom_field usg_post_custom_field_2 type_text surname color_link_inherit\"><span class=\"w-post-elm-value\">Bogaert<\/span><\/div><button tabindex=\"-1\" class=\"w-btn us-btn-style_1 usg_btn_1 text_none\" aria-label=\"Button\"><\/button><\/div>\t\t<\/div>\r\n\t\t\t<\/article>\r\n\t<article class=\"w-grid-item size_1x1 post-208 us_portfolio type-us_portfolio status-publish has-post-thumbnail hentry us_portfolio_category-droit-de-l-ue us_portfolio_category-fonction-publique-europeenne-et-internationale\" data-id=\"208\">\r\n\t\t<div class=\"w-grid-item-h\">\r\n\t\t\t\t\t\t\t<a href=\"https:\/\/www.daldewolf.com\/fr\/equipe\/thierry-bontinck\/\" class=\"w-grid-item-anchor\" aria-label=\"Thierry BONTINCK\"><\/a>\r\n\t\t\t\t\t\t<div class=\"w-hwrapper usg_hwrapper_1 has_text_color align_center valign_middle wrap\" style=\"--hwrapper-gap:5px\"><div class=\"w-post-elm post_custom_field usg_post_custom_field_1 type_text name color_link_inherit\"><span class=\"w-post-elm-value\">Thierry<\/span><\/div><div class=\"w-post-elm post_custom_field usg_post_custom_field_2 type_text surname color_link_inherit\"><span class=\"w-post-elm-value\">Bontinck<\/span><\/div><button tabindex=\"-1\" class=\"w-btn us-btn-style_1 usg_btn_1 text_none\" aria-label=\"Button\"><\/button><\/div>\t\t<\/div>\r\n\t\t\t<\/article>\r\n\t<article class=\"w-grid-item size_1x1 post-210 us_portfolio type-us_portfolio status-publish has-post-thumbnail hentry us_portfolio_category-contentieux us_portfolio_category-droit-economique us_portfolio_category-immobilier-et-construction us_portfolio_category-retail\" data-id=\"210\">\r\n\t\t<div class=\"w-grid-item-h\">\r\n\t\t\t\t\t\t\t<a href=\"https:\/\/www.daldewolf.com\/fr\/equipe\/frederic-couvreur\/\" class=\"w-grid-item-anchor\" aria-label=\"Fr\u00e9d\u00e9ric COUVREUR\"><\/a>\r\n\t\t\t\t\t\t<div class=\"w-hwrapper usg_hwrapper_1 has_text_color align_center valign_middle wrap\" style=\"--hwrapper-gap:5px\"><div class=\"w-post-elm post_custom_field usg_post_custom_field_1 type_text name color_link_inherit\"><span class=\"w-post-elm-value\">Fr\u00e9d\u00e9ric<\/span><\/div><div class=\"w-post-elm post_custom_field usg_post_custom_field_2 type_text surname color_link_inherit\"><span class=\"w-post-elm-value\">Couvreur<\/span><\/div><button tabindex=\"-1\" class=\"w-btn us-btn-style_1 usg_btn_1 text_none\" aria-label=\"Button\"><\/button><\/div>\t\t<\/div>\r\n\t\t\t<\/article>\r\n<\/div>\t<div class=\"w-grid-preloader\">\r\n\t\t<div class=\"g-preloader type_1\">\r\n\t\t\t<div><\/div>\r\n\t\t<\/div>\r\n\t<\/div>\r\n\t\t<div class=\"w-grid-json hidden\" onclick='return {&quot;action&quot;:&quot;us_ajax_grid&quot;,&quot;infinite_scroll&quot;:0,&quot;max_num_pages&quot;:1,&quot;pagination&quot;:&quot;none&quot;,&quot;template_vars&quot;:{&quot;columns&quot;:&quot;1&quot;,&quot;exclude_items&quot;:&quot;none&quot;,&quot;img_size&quot;:&quot;default&quot;,&quot;ignore_items_size&quot;:0,&quot;items_layout&quot;:&quot;245&quot;,&quot;items_offset&quot;:&quot;1&quot;,&quot;load_animation&quot;:&quot;none&quot;,&quot;overriding_link&quot;:&quot;%7B%22type%22%3A%22post%22%7D&quot;,&quot;post_id&quot;:0,&quot;query_args&quot;:{&quot;ignore_sticky_posts&quot;:1,&quot;post_type&quot;:&quot;any&quot;,&quot;post__in&quot;:[&quot;206&quot;,&quot;208&quot;,&quot;210&quot;,&quot;219&quot;],&quot;posts_per_page&quot;:999},&quot;orderby_query_args&quot;:{&quot;orderby&quot;:{&quot;post__in&quot;:&quot;ASC&quot;},&quot;order&quot;:&quot;ASC&quot;},&quot;type&quot;:&quot;grid&quot;,&quot;us_grid_post_type&quot;:&quot;ids&quot;,&quot;us_grid_ajax_index&quot;:1,&quot;us_grid_filter_query_string&quot;:null,&quot;us_grid_index&quot;:1,&quot;page_args&quot;:[],&quot;lang&quot;:&quot;fr&quot;}}'><\/div>\r\n\t<\/div><\/div><\/div><\/div><\/div><\/div><\/section>\n","protected":false},"excerpt":{"rendered":"Fr\u00e9d\u00e9ric COUVREUR est inscrit \u00e0 l\u2019Ordre fran\u00e7ais des avocats du barreau de Bruxelles (1997). Associ\u00e9 au sein du cabinet DALDEWOLF, il en dirige l\u2019\u00e9quipe Immobilier et Construction. Fr\u00e9d\u00e9ric COUVREUR a d\u00e9velopp\u00e9 une large exp\u00e9rience dans le secteur immobilier et de la construction. Il fournit des conseils dans le cadre de projets de construction et d\u2019ing\u00e9nierie....","protected":false},"author":1,"featured_media":830,"parent":55,"menu_order":0,"comment_status":"closed","ping_status":"closed","template":"","meta":{"_acf_changed":false,"footnotes":""},"class_list":["post-259","page","type-page","status-publish","has-post-thumbnail","hentry"],"acf":[],"yoast_head":"<!-- This site is optimized with the Yoast SEO plugin v27.3 - https:\/\/yoast.com\/product\/yoast-seo-wordpress\/ -->\n<title>Retail - DALDEWOLF<\/title>\n<meta name=\"description\" content=\"Les avocats sp\u00e9cialis\u00e9s en droit de la distribution, en droit immobilier et des baux commerciaux et en droit des marques ont d\u00e9velopp\u00e9 une exp\u00e9rience combin\u00e9e, pr\u00e9cieuse dans le secteur du Retail (vente de produits au d\u00e9tail).\" \/>\n<meta name=\"robots\" content=\"index, follow, max-snippet:-1, max-image-preview:large, max-video-preview:-1\" \/>\n<link rel=\"canonical\" href=\"https:\/\/www.daldewolf.com\/fr\/expertise\/secteurs\/retail\/\" \/>\n<meta property=\"og:locale\" content=\"fr_FR\" \/>\n<meta property=\"og:type\" content=\"article\" \/>\n<meta property=\"og:title\" content=\"Retail - DALDEWOLF\" \/>\n<meta property=\"og:description\" content=\"Les avocats sp\u00e9cialis\u00e9s en droit de la distribution, en droit immobilier et des baux commerciaux et en droit des marques ont d\u00e9velopp\u00e9 une exp\u00e9rience combin\u00e9e, pr\u00e9cieuse dans le secteur du Retail (vente de produits au d\u00e9tail).\" \/>\n<meta property=\"og:url\" content=\"https:\/\/www.daldewolf.com\/fr\/expertise\/secteurs\/retail\/\" \/>\n<meta property=\"og:site_name\" content=\"DALDEWOLF\" \/>\n<meta property=\"article:modified_time\" content=\"2021-03-25T15:12:14+00:00\" \/>\n<meta property=\"og:image\" content=\"https:\/\/www.daldewolf.com\/wp-content\/uploads\/2020\/06\/Secteur-Retail.jpg\" \/>\n\t<meta property=\"og:image:width\" content=\"900\" \/>\n\t<meta property=\"og:image:height\" content=\"600\" \/>\n\t<meta property=\"og:image:type\" content=\"image\/jpeg\" \/>\n<meta name=\"twitter:card\" content=\"summary_large_image\" \/>\n<meta name=\"twitter:label1\" content=\"Dur\u00e9e de lecture estim\u00e9e\" \/>\n\t<meta name=\"twitter:data1\" content=\"1 minute\" \/>\n<script type=\"application\/ld+json\" class=\"yoast-schema-graph\">{\"@context\":\"https:\\\/\\\/schema.org\",\"@graph\":[{\"@type\":\"WebPage\",\"@id\":\"https:\\\/\\\/www.daldewolf.com\\\/fr\\\/expertise\\\/secteurs\\\/retail\\\/\",\"url\":\"https:\\\/\\\/www.daldewolf.com\\\/fr\\\/expertise\\\/secteurs\\\/retail\\\/\",\"name\":\"Retail - DALDEWOLF\",\"isPartOf\":{\"@id\":\"https:\\\/\\\/www.daldewolf.com\\\/nl\\\/#website\"},\"primaryImageOfPage\":{\"@id\":\"https:\\\/\\\/www.daldewolf.com\\\/fr\\\/expertise\\\/secteurs\\\/retail\\\/#primaryimage\"},\"image\":{\"@id\":\"https:\\\/\\\/www.daldewolf.com\\\/fr\\\/expertise\\\/secteurs\\\/retail\\\/#primaryimage\"},\"thumbnailUrl\":\"https:\\\/\\\/www.daldewolf.com\\\/wp-content\\\/uploads\\\/2020\\\/06\\\/Secteur-Retail.jpg\",\"datePublished\":\"2020-05-26T05:44:10+00:00\",\"dateModified\":\"2021-03-25T15:12:14+00:00\",\"description\":\"Les avocats sp\u00e9cialis\u00e9s en droit de la distribution, en droit immobilier et des baux commerciaux et en droit des marques ont d\u00e9velopp\u00e9 une exp\u00e9rience combin\u00e9e, pr\u00e9cieuse dans le secteur du Retail (vente de produits au d\u00e9tail).\",\"breadcrumb\":{\"@id\":\"https:\\\/\\\/www.daldewolf.com\\\/fr\\\/expertise\\\/secteurs\\\/retail\\\/#breadcrumb\"},\"inLanguage\":\"fr-FR\",\"potentialAction\":[{\"@type\":\"ReadAction\",\"target\":[\"https:\\\/\\\/www.daldewolf.com\\\/fr\\\/expertise\\\/secteurs\\\/retail\\\/\"]}]},{\"@type\":\"ImageObject\",\"inLanguage\":\"fr-FR\",\"@id\":\"https:\\\/\\\/www.daldewolf.com\\\/fr\\\/expertise\\\/secteurs\\\/retail\\\/#primaryimage\",\"url\":\"https:\\\/\\\/www.daldewolf.com\\\/wp-content\\\/uploads\\\/2020\\\/06\\\/Secteur-Retail.jpg\",\"contentUrl\":\"https:\\\/\\\/www.daldewolf.com\\\/wp-content\\\/uploads\\\/2020\\\/06\\\/Secteur-Retail.jpg\",\"width\":900,\"height\":600},{\"@type\":\"BreadcrumbList\",\"@id\":\"https:\\\/\\\/www.daldewolf.com\\\/fr\\\/expertise\\\/secteurs\\\/retail\\\/#breadcrumb\",\"itemListElement\":[{\"@type\":\"ListItem\",\"position\":1,\"name\":\"Home\",\"item\":\"https:\\\/\\\/www.daldewolf.com\\\/fr\\\/\"},{\"@type\":\"ListItem\",\"position\":2,\"name\":\"Expertise\",\"item\":\"https:\\\/\\\/www.daldewolf.com\\\/fr\\\/expertise\\\/\"},{\"@type\":\"ListItem\",\"position\":3,\"name\":\"Secteurs\",\"item\":\"https:\\\/\\\/www.daldewolf.com\\\/fr\\\/expertise\\\/secteurs\\\/\"},{\"@type\":\"ListItem\",\"position\":4,\"name\":\"Retail\"}]},{\"@type\":\"WebSite\",\"@id\":\"https:\\\/\\\/www.daldewolf.com\\\/nl\\\/#website\",\"url\":\"https:\\\/\\\/www.daldewolf.com\\\/nl\\\/\",\"name\":\"DALDEWOLF\",\"description\":\"Independant Law firm, Since 1958.\",\"publisher\":{\"@id\":\"https:\\\/\\\/www.daldewolf.com\\\/nl\\\/#organization\"},\"potentialAction\":[{\"@type\":\"SearchAction\",\"target\":{\"@type\":\"EntryPoint\",\"urlTemplate\":\"https:\\\/\\\/www.daldewolf.com\\\/nl\\\/?s={search_term_string}\"},\"query-input\":{\"@type\":\"PropertyValueSpecification\",\"valueRequired\":true,\"valueName\":\"search_term_string\"}}],\"inLanguage\":\"fr-FR\"},{\"@type\":\"Organization\",\"@id\":\"https:\\\/\\\/www.daldewolf.com\\\/nl\\\/#organization\",\"name\":\"DALDEWOLF\",\"url\":\"https:\\\/\\\/www.daldewolf.com\\\/nl\\\/\",\"logo\":{\"@type\":\"ImageObject\",\"inLanguage\":\"fr-FR\",\"@id\":\"https:\\\/\\\/www.daldewolf.com\\\/nl\\\/#\\\/schema\\\/logo\\\/image\\\/\",\"url\":\"https:\\\/\\\/www.daldewolf.com\\\/wp-content\\\/uploads\\\/2020\\\/05\\\/Logo-Daldewolf.png\",\"contentUrl\":\"https:\\\/\\\/www.daldewolf.com\\\/wp-content\\\/uploads\\\/2020\\\/05\\\/Logo-Daldewolf.png\",\"width\":320,\"height\":40,\"caption\":\"DALDEWOLF\"},\"image\":{\"@id\":\"https:\\\/\\\/www.daldewolf.com\\\/nl\\\/#\\\/schema\\\/logo\\\/image\\\/\"},\"sameAs\":[\"https:\\\/\\\/www.linkedin.com\\\/company\\\/10193320\"]}]}<\/script>\n<!-- \/ Yoast SEO plugin. -->","yoast_head_json":{"title":"Retail - DALDEWOLF","description":"Les avocats sp\u00e9cialis\u00e9s en droit de la distribution, en droit immobilier et des baux commerciaux et en droit des marques ont d\u00e9velopp\u00e9 une exp\u00e9rience combin\u00e9e, pr\u00e9cieuse dans le secteur du Retail (vente de produits au d\u00e9tail).","robots":{"index":"index","follow":"follow","max-snippet":"max-snippet:-1","max-image-preview":"max-image-preview:large","max-video-preview":"max-video-preview:-1"},"canonical":"https:\/\/www.daldewolf.com\/fr\/expertise\/secteurs\/retail\/","og_locale":"fr_FR","og_type":"article","og_title":"Retail - DALDEWOLF","og_description":"Les avocats sp\u00e9cialis\u00e9s en droit de la distribution, en droit immobilier et des baux commerciaux et en droit des marques ont d\u00e9velopp\u00e9 une exp\u00e9rience combin\u00e9e, pr\u00e9cieuse dans le secteur du Retail (vente de produits au d\u00e9tail).","og_url":"https:\/\/www.daldewolf.com\/fr\/expertise\/secteurs\/retail\/","og_site_name":"DALDEWOLF","article_modified_time":"2021-03-25T15:12:14+00:00","og_image":[{"width":900,"height":600,"url":"https:\/\/www.daldewolf.com\/wp-content\/uploads\/2020\/06\/Secteur-Retail.jpg","type":"image\/jpeg"}],"twitter_card":"summary_large_image","twitter_misc":{"Dur\u00e9e de lecture estim\u00e9e":"1 minute"},"schema":{"@context":"https:\/\/schema.org","@graph":[{"@type":"WebPage","@id":"https:\/\/www.daldewolf.com\/fr\/expertise\/secteurs\/retail\/","url":"https:\/\/www.daldewolf.com\/fr\/expertise\/secteurs\/retail\/","name":"Retail - DALDEWOLF","isPartOf":{"@id":"https:\/\/www.daldewolf.com\/nl\/#website"},"primaryImageOfPage":{"@id":"https:\/\/www.daldewolf.com\/fr\/expertise\/secteurs\/retail\/#primaryimage"},"image":{"@id":"https:\/\/www.daldewolf.com\/fr\/expertise\/secteurs\/retail\/#primaryimage"},"thumbnailUrl":"https:\/\/www.daldewolf.com\/wp-content\/uploads\/2020\/06\/Secteur-Retail.jpg","datePublished":"2020-05-26T05:44:10+00:00","dateModified":"2021-03-25T15:12:14+00:00","description":"Les avocats sp\u00e9cialis\u00e9s en droit de la distribution, en droit immobilier et des baux commerciaux et en droit des marques ont d\u00e9velopp\u00e9 une exp\u00e9rience combin\u00e9e, pr\u00e9cieuse dans le secteur du Retail (vente de produits au d\u00e9tail).","breadcrumb":{"@id":"https:\/\/www.daldewolf.com\/fr\/expertise\/secteurs\/retail\/#breadcrumb"},"inLanguage":"fr-FR","potentialAction":[{"@type":"ReadAction","target":["https:\/\/www.daldewolf.com\/fr\/expertise\/secteurs\/retail\/"]}]},{"@type":"ImageObject","inLanguage":"fr-FR","@id":"https:\/\/www.daldewolf.com\/fr\/expertise\/secteurs\/retail\/#primaryimage","url":"https:\/\/www.daldewolf.com\/wp-content\/uploads\/2020\/06\/Secteur-Retail.jpg","contentUrl":"https:\/\/www.daldewolf.com\/wp-content\/uploads\/2020\/06\/Secteur-Retail.jpg","width":900,"height":600},{"@type":"BreadcrumbList","@id":"https:\/\/www.daldewolf.com\/fr\/expertise\/secteurs\/retail\/#breadcrumb","itemListElement":[{"@type":"ListItem","position":1,"name":"Home","item":"https:\/\/www.daldewolf.com\/fr\/"},{"@type":"ListItem","position":2,"name":"Expertise","item":"https:\/\/www.daldewolf.com\/fr\/expertise\/"},{"@type":"ListItem","position":3,"name":"Secteurs","item":"https:\/\/www.daldewolf.com\/fr\/expertise\/secteurs\/"},{"@type":"ListItem","position":4,"name":"Retail"}]},{"@type":"WebSite","@id":"https:\/\/www.daldewolf.com\/nl\/#website","url":"https:\/\/www.daldewolf.com\/nl\/","name":"DALDEWOLF","description":"Independant Law firm, Since 1958.","publisher":{"@id":"https:\/\/www.daldewolf.com\/nl\/#organization"},"potentialAction":[{"@type":"SearchAction","target":{"@type":"EntryPoint","urlTemplate":"https:\/\/www.daldewolf.com\/nl\/?s={search_term_string}"},"query-input":{"@type":"PropertyValueSpecification","valueRequired":true,"valueName":"search_term_string"}}],"inLanguage":"fr-FR"},{"@type":"Organization","@id":"https:\/\/www.daldewolf.com\/nl\/#organization","name":"DALDEWOLF","url":"https:\/\/www.daldewolf.com\/nl\/","logo":{"@type":"ImageObject","inLanguage":"fr-FR","@id":"https:\/\/www.daldewolf.com\/nl\/#\/schema\/logo\/image\/","url":"https:\/\/www.daldewolf.com\/wp-content\/uploads\/2020\/05\/Logo-Daldewolf.png","contentUrl":"https:\/\/www.daldewolf.com\/wp-content\/uploads\/2020\/05\/Logo-Daldewolf.png","width":320,"height":40,"caption":"DALDEWOLF"},"image":{"@id":"https:\/\/www.daldewolf.com\/nl\/#\/schema\/logo\/image\/"},"sameAs":["https:\/\/www.linkedin.com\/company\/10193320"]}]}},"_links":{"self":[{"href":"https:\/\/www.daldewolf.com\/fr\/wp-json\/wp\/v2\/pages\/259","targetHints":{"allow":["GET"]}}],"collection":[{"href":"https:\/\/www.daldewolf.com\/fr\/wp-json\/wp\/v2\/pages"}],"about":[{"href":"https:\/\/www.daldewolf.com\/fr\/wp-json\/wp\/v2\/types\/page"}],"author":[{"embeddable":true,"href":"https:\/\/www.daldewolf.com\/fr\/wp-json\/wp\/v2\/users\/1"}],"replies":[{"embeddable":true,"href":"https:\/\/www.daldewolf.com\/fr\/wp-json\/wp\/v2\/comments?post=259"}],"version-history":[{"count":0,"href":"https:\/\/www.daldewolf.com\/fr\/wp-json\/wp\/v2\/pages\/259\/revisions"}],"up":[{"embeddable":true,"href":"https:\/\/www.daldewolf.com\/fr\/wp-json\/wp\/v2\/pages\/55"}],"wp:featuredmedia":[{"embeddable":true,"href":"https:\/\/www.daldewolf.com\/fr\/wp-json\/wp\/v2\/media\/830"}],"wp:attachment":[{"href":"https:\/\/www.daldewolf.com\/fr\/wp-json\/wp\/v2\/media?parent=259"}],"curies":[{"name":"wp","href":"https:\/\/api.w.org\/{rel}","templated":true}]}}