{"id":19,"date":"2020-05-13T12:44:44","date_gmt":"2020-05-13T12:44:44","guid":{"rendered":"https:\/\/www.daldewolf.com\/?page_id=19"},"modified":"2021-05-01T17:52:05","modified_gmt":"2021-05-01T17:52:05","slug":"vision-et-valeurs","status":"publish","type":"page","link":"https:\/\/www.daldewolf.com\/fr\/a-propos-de-daldewolf\/vision-et-valeurs\/","title":{"rendered":"Vision et valeurs"},"content":{"rendered":"<section class=\"l-section wpb_row columns-layout-sp-brx height_medium width_full\"><div class=\"l-section-h i-cf\"><div class=\"g-cols vc_row via_flex valign_top type_default stacking_default\"><div class=\"vc_col-sm-4 wpb_column vc_column_container first-column-sp\"><div class=\"vc_column-inner type_sticky\"><div class=\"wpb_wrapper\"><div class=\"wpb_text_column align_center\"><div class=\"wpb_wrapper\"><h2>\u00c0 PROPOS DE DALDEWOLF<\/h2>\n<\/div><\/div><nav class=\"w-menu us_custom_18a67f5f layout_ver style_links us_menu_1\" style=\"--main-gap:1.5rem;--main-ver-indent:0.8em;--main-hor-indent:0.8em;--main-color:inherit;\"><ul id=\"menu-a-propos\" class=\"menu\"><li id=\"menu-item-48\" class=\"menu-item menu-item-type-post_type menu-item-object-page menu-item-48\"><a href=\"https:\/\/www.daldewolf.com\/fr\/presentation-generale\/\">Pr\u00e9sentation g\u00e9n\u00e9rale<\/a><\/li><li id=\"menu-item-135\" class=\"menu-item menu-item-type-post_type menu-item-object-page menu-item-135\"><a href=\"https:\/\/www.daldewolf.com\/fr\/a-propos-de-daldewolf\/vision-et-valeurs\/\">Vision et valeurs<\/a><\/li><li id=\"menu-item-46\" class=\"menu-item menu-item-type-post_type menu-item-object-page menu-item-46\"><a href=\"https:\/\/www.daldewolf.com\/fr\/?page_id=21\">RD Congo<\/a><\/li><\/ul><style>@media ( max-width:600px ){.us_menu_1 .menu{display:block!important}.us_menu_1 .menu>li:not(:last-child){margin:0 0 var(--main-gap,1.5rem)!important}}<\/style><\/nav><\/div><\/div><\/div><div class=\"vc_col-sm-4 wpb_column vc_column_container\"><div class=\"vc_column-inner\"><div class=\"wpb_wrapper\"><div class=\"wpb_text_column h1-line-btm\"><div class=\"wpb_wrapper\"><h1>Vision et valeurs<\/h1>\n<\/div><\/div><div class=\"wpb_text_column align_justify\"><div class=\"wpb_wrapper\"><p>L\u2019exigence, l\u2019engagement et l\u2019empathie sont les mots-cl\u00e9s qui caract\u00e9risent la vision et les valeurs du cabinet.<\/p>\n<h3>Exigence<\/h3>\n<p>Nos clients attendent le meilleur service de la part de leurs avocats. Le cabinet mobilise en permanence ses talents, ses comp\u00e9tences et ses r\u00e9seaux pour apporter des solutions cr\u00e9atives et pragmatiques.<\/p>\n<h3>Engagement<\/h3>\n<p>L\u2019ouverture d\u2019esprit et la cr\u00e9ativit\u00e9 de ses avocats contribuent \u00e0 d\u00e9gager la meilleure solution pour le client. Cette recherche s\u2019op\u00e8re dans tous les domaines d\u2019intervention, contentieux ou non.<\/p>\n<h3>Empathie<\/h3>\n<p>Cette valeur se traduit par le plus grand respect pour le client (r\u00e9activit\u00e9 et proactivit\u00e9) ainsi que par l\u2019importance attach\u00e9e au facteur humain (clients et confr\u00e8res, collaborateurs et personnel de support).<\/p>\n<\/div><\/div><div class=\"wpb_text_column us_custom_72fc42ef h2-line-btm\"><div class=\"wpb_wrapper\"><h2>Personnalit\u00e9<\/h2>\n<\/div><\/div><div class=\"wpb_text_column align_justify\"><div class=\"wpb_wrapper\"><p>L\u2019ind\u00e9pendance est au c\u0153ur de la personnalit\u00e9 de DALDEWOLF. La convivialit\u00e9 et l\u2019\u00e9nergie, la diversit\u00e9 et l\u2019ouverture sur le monde de ses membres en font un lieu de travail et d\u2019\u00e9panouissement privil\u00e9gi\u00e9 et recherch\u00e9.<\/p>\n<\/div><\/div><\/div><\/div><\/div><div class=\"vc_col-sm-4 wpb_column vc_column_container\"><div class=\"vc_column-inner\"><div class=\"wpb_wrapper\"><div class=\"w-grid us_grid type_grid layout_gallery_default cols_1 preload_style_spinner\" id=\"us_grid_1\" style=\"--columns:1;--gap:15px;\" data-filterable=\"true\"><style>.layout_gallery_default .w-grid-item-h{}<\/style><div class=\"w-grid-list\">\t<article class=\"w-grid-item size_1x1 post-1468 attachment type-attachment status-inherit hentry\" data-id=\"1468\">\r\n\t\t<div class=\"w-grid-item-h\">\r\n\t\t\t\t\t\t<div class=\"w-post-elm post_image usg_post_image_1 stretched\"><img loading=\"lazy\" decoding=\"async\" width=\"500\" height=\"345\" src=\"https:\/\/www.daldewolf.com\/wp-content\/uploads\/2020\/11\/09.jpg\" class=\"attachment-large size-large\" alt=\"\" srcset=\"https:\/\/www.daldewolf.com\/wp-content\/uploads\/2020\/11\/09.jpg 500w, https:\/\/www.daldewolf.com\/wp-content\/uploads\/2020\/11\/09-300x207.jpg 300w\" sizes=\"auto, (max-width: 500px) 100vw, 500px\" \/><\/div>\t\t<\/div>\r\n\t\t\t<\/article>\r\n\t<article class=\"w-grid-item size_1x1 post-1470 attachment type-attachment status-inherit hentry\" data-id=\"1470\">\r\n\t\t<div class=\"w-grid-item-h\">\r\n\t\t\t\t\t\t<div class=\"w-post-elm post_image usg_post_image_1 stretched\"><img loading=\"lazy\" decoding=\"async\" width=\"500\" height=\"345\" src=\"https:\/\/www.daldewolf.com\/wp-content\/uploads\/2020\/11\/10.jpg\" class=\"attachment-large size-large\" alt=\"\" srcset=\"https:\/\/www.daldewolf.com\/wp-content\/uploads\/2020\/11\/10.jpg 500w, https:\/\/www.daldewolf.com\/wp-content\/uploads\/2020\/11\/10-300x207.jpg 300w\" sizes=\"auto, (max-width: 500px) 100vw, 500px\" \/><\/div>\t\t<\/div>\r\n\t\t\t<\/article>\r\n\t<article class=\"w-grid-item size_1x1 post-1472 attachment type-attachment status-inherit hentry\" data-id=\"1472\">\r\n\t\t<div class=\"w-grid-item-h\">\r\n\t\t\t\t\t\t<div class=\"w-post-elm post_image usg_post_image_1 stretched\"><img loading=\"lazy\" decoding=\"async\" width=\"500\" height=\"345\" src=\"https:\/\/www.daldewolf.com\/wp-content\/uploads\/2020\/11\/11.jpg\" class=\"attachment-large size-large\" alt=\"\" srcset=\"https:\/\/www.daldewolf.com\/wp-content\/uploads\/2020\/11\/11.jpg 500w, https:\/\/www.daldewolf.com\/wp-content\/uploads\/2020\/11\/11-300x207.jpg 300w\" sizes=\"auto, (max-width: 500px) 100vw, 500px\" \/><\/div>\t\t<\/div>\r\n\t\t\t<\/article>\r\n\t<article class=\"w-grid-item size_1x1 post-1474 attachment type-attachment status-inherit hentry\" data-id=\"1474\">\r\n\t\t<div class=\"w-grid-item-h\">\r\n\t\t\t\t\t\t<div class=\"w-post-elm post_image usg_post_image_1 stretched\"><img loading=\"lazy\" decoding=\"async\" width=\"500\" height=\"345\" src=\"https:\/\/www.daldewolf.com\/wp-content\/uploads\/2020\/11\/12.jpg\" class=\"attachment-large size-large\" alt=\"\" srcset=\"https:\/\/www.daldewolf.com\/wp-content\/uploads\/2020\/11\/12.jpg 500w, https:\/\/www.daldewolf.com\/wp-content\/uploads\/2020\/11\/12-300x207.jpg 300w\" sizes=\"auto, (max-width: 500px) 100vw, 500px\" \/><\/div>\t\t<\/div>\r\n\t\t\t<\/article>\r\n<\/div>\t<div class=\"w-grid-preloader\">\r\n\t\t<div class=\"g-preloader type_1\">\r\n\t\t\t<div><\/div>\r\n\t\t<\/div>\r\n\t<\/div>\r\n\t\t<div class=\"w-grid-json hidden\" onclick='return {&quot;action&quot;:&quot;us_ajax_grid&quot;,&quot;infinite_scroll&quot;:0,&quot;max_num_pages&quot;:1,&quot;pagination&quot;:&quot;none&quot;,&quot;template_vars&quot;:{&quot;columns&quot;:&quot;1&quot;,&quot;exclude_items&quot;:&quot;none&quot;,&quot;img_size&quot;:&quot;default&quot;,&quot;ignore_items_size&quot;:0,&quot;items_layout&quot;:&quot;gallery_default&quot;,&quot;items_offset&quot;:&quot;1&quot;,&quot;load_animation&quot;:&quot;none&quot;,&quot;overriding_link&quot;:&quot;{\\&quot;url\\&quot;:\\&quot;\\&quot;}&quot;,&quot;post_id&quot;:0,&quot;query_args&quot;:{&quot;post_type&quot;:[&quot;attachment&quot;],&quot;post__in&quot;:[&quot;1468&quot;,&quot;1470&quot;,&quot;1472&quot;,&quot;1474&quot;],&quot;post_status&quot;:&quot;inherit&quot;,&quot;post_mime_type&quot;:&quot;image&quot;,&quot;posts_per_page&quot;:999},&quot;orderby_query_args&quot;:{&quot;orderby&quot;:{&quot;post__in&quot;:&quot;ASC&quot;},&quot;order&quot;:&quot;ASC&quot;},&quot;type&quot;:&quot;grid&quot;,&quot;us_grid_post_type&quot;:&quot;attachment&quot;,&quot;us_grid_ajax_index&quot;:1,&quot;us_grid_filter_query_string&quot;:null,&quot;us_grid_index&quot;:1,&quot;page_args&quot;:[],&quot;lang&quot;:&quot;fr&quot;}}'><\/div>\r\n\t<\/div><\/div><\/div><\/div><\/div><\/div><\/section>\n","protected":false},"excerpt":{"rendered":"","protected":false},"author":1,"featured_media":0,"parent":12,"menu_order":0,"comment_status":"closed","ping_status":"closed","template":"","meta":{"_acf_changed":false,"footnotes":""},"class_list":["post-19","page","type-page","status-publish","hentry"],"acf":[],"yoast_head":"<!-- This site is optimized with the Yoast SEO plugin v27.4 - https:\/\/yoast.com\/product\/yoast-seo-wordpress\/ -->\n<title>Vision et valeurs - DALDEWOLF<\/title>\n<meta name=\"description\" content=\"L\u2019exigence, l\u2019engagement et l\u2019empathie sont les mots-cl\u00e9s qui caract\u00e9risent la vision et les valeurs du cabinet.\" \/>\n<meta name=\"robots\" content=\"index, follow, max-snippet:-1, max-image-preview:large, max-video-preview:-1\" \/>\n<link rel=\"canonical\" href=\"https:\/\/www.daldewolf.com\/fr\/a-propos-de-daldewolf\/vision-et-valeurs\/\" \/>\n<meta property=\"og:locale\" content=\"fr_FR\" \/>\n<meta property=\"og:type\" content=\"article\" \/>\n<meta property=\"og:title\" content=\"Vision et valeurs - DALDEWOLF\" \/>\n<meta property=\"og:description\" content=\"L\u2019exigence, l\u2019engagement et l\u2019empathie sont les mots-cl\u00e9s qui caract\u00e9risent la vision et les valeurs du cabinet.\" \/>\n<meta property=\"og:url\" content=\"https:\/\/www.daldewolf.com\/fr\/a-propos-de-daldewolf\/vision-et-valeurs\/\" \/>\n<meta property=\"og:site_name\" content=\"DALDEWOLF\" \/>\n<meta property=\"article:modified_time\" content=\"2021-05-01T17:52:05+00:00\" \/>\n<meta property=\"og:image\" content=\"https:\/\/www.daldewolf.com\/wp-content\/uploads\/2021\/05\/Daldewolf-fb.png\" \/>\n\t<meta property=\"og:image:width\" content=\"600\" \/>\n\t<meta property=\"og:image:height\" content=\"315\" \/>\n\t<meta property=\"og:image:type\" content=\"image\/png\" \/>\n<meta name=\"twitter:card\" content=\"summary_large_image\" \/>\n<meta name=\"twitter:label1\" content=\"Dur\u00e9e de lecture estim\u00e9e\" \/>\n\t<meta name=\"twitter:data1\" content=\"1 minute\" \/>\n<script type=\"application\/ld+json\" class=\"yoast-schema-graph\">{\"@context\":\"https:\\\/\\\/schema.org\",\"@graph\":[{\"@type\":\"WebPage\",\"@id\":\"https:\\\/\\\/www.daldewolf.com\\\/fr\\\/a-propos-de-daldewolf\\\/vision-et-valeurs\\\/\",\"url\":\"https:\\\/\\\/www.daldewolf.com\\\/fr\\\/a-propos-de-daldewolf\\\/vision-et-valeurs\\\/\",\"name\":\"Vision et valeurs - DALDEWOLF\",\"isPartOf\":{\"@id\":\"https:\\\/\\\/www.daldewolf.com\\\/nl\\\/#website\"},\"datePublished\":\"2020-05-13T12:44:44+00:00\",\"dateModified\":\"2021-05-01T17:52:05+00:00\",\"description\":\"L\u2019exigence, l\u2019engagement et l\u2019empathie sont les mots-cl\u00e9s qui caract\u00e9risent la vision et les valeurs du cabinet.\",\"breadcrumb\":{\"@id\":\"https:\\\/\\\/www.daldewolf.com\\\/fr\\\/a-propos-de-daldewolf\\\/vision-et-valeurs\\\/#breadcrumb\"},\"inLanguage\":\"fr-FR\",\"potentialAction\":[{\"@type\":\"ReadAction\",\"target\":[\"https:\\\/\\\/www.daldewolf.com\\\/fr\\\/a-propos-de-daldewolf\\\/vision-et-valeurs\\\/\"]}]},{\"@type\":\"BreadcrumbList\",\"@id\":\"https:\\\/\\\/www.daldewolf.com\\\/fr\\\/a-propos-de-daldewolf\\\/vision-et-valeurs\\\/#breadcrumb\",\"itemListElement\":[{\"@type\":\"ListItem\",\"position\":1,\"name\":\"Home\",\"item\":\"https:\\\/\\\/www.daldewolf.com\\\/fr\\\/\"},{\"@type\":\"ListItem\",\"position\":2,\"name\":\"\u00c0 Propos de DALDEWOLF\",\"item\":\"https:\\\/\\\/www.daldewolf.com\\\/en\\\/a-propos-de-daldewolf\\\/\"},{\"@type\":\"ListItem\",\"position\":3,\"name\":\"Vision et valeurs\"}]},{\"@type\":\"WebSite\",\"@id\":\"https:\\\/\\\/www.daldewolf.com\\\/nl\\\/#website\",\"url\":\"https:\\\/\\\/www.daldewolf.com\\\/nl\\\/\",\"name\":\"DALDEWOLF\",\"description\":\"Independant Law firm, Since 1958.\",\"publisher\":{\"@id\":\"https:\\\/\\\/www.daldewolf.com\\\/nl\\\/#organization\"},\"potentialAction\":[{\"@type\":\"SearchAction\",\"target\":{\"@type\":\"EntryPoint\",\"urlTemplate\":\"https:\\\/\\\/www.daldewolf.com\\\/nl\\\/?s={search_term_string}\"},\"query-input\":{\"@type\":\"PropertyValueSpecification\",\"valueRequired\":true,\"valueName\":\"search_term_string\"}}],\"inLanguage\":\"fr-FR\"},{\"@type\":\"Organization\",\"@id\":\"https:\\\/\\\/www.daldewolf.com\\\/nl\\\/#organization\",\"name\":\"DALDEWOLF\",\"url\":\"https:\\\/\\\/www.daldewolf.com\\\/nl\\\/\",\"logo\":{\"@type\":\"ImageObject\",\"inLanguage\":\"fr-FR\",\"@id\":\"https:\\\/\\\/www.daldewolf.com\\\/nl\\\/#\\\/schema\\\/logo\\\/image\\\/\",\"url\":\"https:\\\/\\\/www.daldewolf.com\\\/wp-content\\\/uploads\\\/2020\\\/05\\\/Logo-Daldewolf.png\",\"contentUrl\":\"https:\\\/\\\/www.daldewolf.com\\\/wp-content\\\/uploads\\\/2020\\\/05\\\/Logo-Daldewolf.png\",\"width\":320,\"height\":40,\"caption\":\"DALDEWOLF\"},\"image\":{\"@id\":\"https:\\\/\\\/www.daldewolf.com\\\/nl\\\/#\\\/schema\\\/logo\\\/image\\\/\"},\"sameAs\":[\"https:\\\/\\\/www.linkedin.com\\\/company\\\/10193320\"]}]}<\/script>\n<!-- \/ Yoast SEO plugin. -->","yoast_head_json":{"title":"Vision et valeurs - DALDEWOLF","description":"L\u2019exigence, l\u2019engagement et l\u2019empathie sont les mots-cl\u00e9s qui caract\u00e9risent la vision et les valeurs du cabinet.","robots":{"index":"index","follow":"follow","max-snippet":"max-snippet:-1","max-image-preview":"max-image-preview:large","max-video-preview":"max-video-preview:-1"},"canonical":"https:\/\/www.daldewolf.com\/fr\/a-propos-de-daldewolf\/vision-et-valeurs\/","og_locale":"fr_FR","og_type":"article","og_title":"Vision et valeurs - DALDEWOLF","og_description":"L\u2019exigence, l\u2019engagement et l\u2019empathie sont les mots-cl\u00e9s qui caract\u00e9risent la vision et les valeurs du cabinet.","og_url":"https:\/\/www.daldewolf.com\/fr\/a-propos-de-daldewolf\/vision-et-valeurs\/","og_site_name":"DALDEWOLF","article_modified_time":"2021-05-01T17:52:05+00:00","og_image":[{"width":600,"height":315,"url":"https:\/\/www.daldewolf.com\/wp-content\/uploads\/2021\/05\/Daldewolf-fb.png","type":"image\/png"}],"twitter_card":"summary_large_image","twitter_misc":{"Dur\u00e9e de lecture estim\u00e9e":"1 minute"},"schema":{"@context":"https:\/\/schema.org","@graph":[{"@type":"WebPage","@id":"https:\/\/www.daldewolf.com\/fr\/a-propos-de-daldewolf\/vision-et-valeurs\/","url":"https:\/\/www.daldewolf.com\/fr\/a-propos-de-daldewolf\/vision-et-valeurs\/","name":"Vision et valeurs - DALDEWOLF","isPartOf":{"@id":"https:\/\/www.daldewolf.com\/nl\/#website"},"datePublished":"2020-05-13T12:44:44+00:00","dateModified":"2021-05-01T17:52:05+00:00","description":"L\u2019exigence, l\u2019engagement et l\u2019empathie sont les mots-cl\u00e9s qui caract\u00e9risent la vision et les valeurs du cabinet.","breadcrumb":{"@id":"https:\/\/www.daldewolf.com\/fr\/a-propos-de-daldewolf\/vision-et-valeurs\/#breadcrumb"},"inLanguage":"fr-FR","potentialAction":[{"@type":"ReadAction","target":["https:\/\/www.daldewolf.com\/fr\/a-propos-de-daldewolf\/vision-et-valeurs\/"]}]},{"@type":"BreadcrumbList","@id":"https:\/\/www.daldewolf.com\/fr\/a-propos-de-daldewolf\/vision-et-valeurs\/#breadcrumb","itemListElement":[{"@type":"ListItem","position":1,"name":"Home","item":"https:\/\/www.daldewolf.com\/fr\/"},{"@type":"ListItem","position":2,"name":"\u00c0 Propos de DALDEWOLF","item":"https:\/\/www.daldewolf.com\/en\/a-propos-de-daldewolf\/"},{"@type":"ListItem","position":3,"name":"Vision et valeurs"}]},{"@type":"WebSite","@id":"https:\/\/www.daldewolf.com\/nl\/#website","url":"https:\/\/www.daldewolf.com\/nl\/","name":"DALDEWOLF","description":"Independant Law firm, Since 1958.","publisher":{"@id":"https:\/\/www.daldewolf.com\/nl\/#organization"},"potentialAction":[{"@type":"SearchAction","target":{"@type":"EntryPoint","urlTemplate":"https:\/\/www.daldewolf.com\/nl\/?s={search_term_string}"},"query-input":{"@type":"PropertyValueSpecification","valueRequired":true,"valueName":"search_term_string"}}],"inLanguage":"fr-FR"},{"@type":"Organization","@id":"https:\/\/www.daldewolf.com\/nl\/#organization","name":"DALDEWOLF","url":"https:\/\/www.daldewolf.com\/nl\/","logo":{"@type":"ImageObject","inLanguage":"fr-FR","@id":"https:\/\/www.daldewolf.com\/nl\/#\/schema\/logo\/image\/","url":"https:\/\/www.daldewolf.com\/wp-content\/uploads\/2020\/05\/Logo-Daldewolf.png","contentUrl":"https:\/\/www.daldewolf.com\/wp-content\/uploads\/2020\/05\/Logo-Daldewolf.png","width":320,"height":40,"caption":"DALDEWOLF"},"image":{"@id":"https:\/\/www.daldewolf.com\/nl\/#\/schema\/logo\/image\/"},"sameAs":["https:\/\/www.linkedin.com\/company\/10193320"]}]}},"_links":{"self":[{"href":"https:\/\/www.daldewolf.com\/fr\/wp-json\/wp\/v2\/pages\/19","targetHints":{"allow":["GET"]}}],"collection":[{"href":"https:\/\/www.daldewolf.com\/fr\/wp-json\/wp\/v2\/pages"}],"about":[{"href":"https:\/\/www.daldewolf.com\/fr\/wp-json\/wp\/v2\/types\/page"}],"author":[{"embeddable":true,"href":"https:\/\/www.daldewolf.com\/fr\/wp-json\/wp\/v2\/users\/1"}],"replies":[{"embeddable":true,"href":"https:\/\/www.daldewolf.com\/fr\/wp-json\/wp\/v2\/comments?post=19"}],"version-history":[{"count":0,"href":"https:\/\/www.daldewolf.com\/fr\/wp-json\/wp\/v2\/pages\/19\/revisions"}],"up":[{"embeddable":true,"href":"https:\/\/www.daldewolf.com\/fr\/wp-json\/wp\/v2\/pages\/12"}],"wp:attachment":[{"href":"https:\/\/www.daldewolf.com\/fr\/wp-json\/wp\/v2\/media?parent=19"}],"curies":[{"name":"wp","href":"https:\/\/api.w.org\/{rel}","templated":true}]}}