{"id":184,"date":"2020-05-26T04:42:50","date_gmt":"2020-05-26T04:42:50","guid":{"rendered":"https:\/\/www.daldewolf.com\/?page_id=184"},"modified":"2024-09-03T10:16:02","modified_gmt":"2024-09-03T08:16:02","slug":"arbitrage-litiges-complexes-et-mediation","status":"publish","type":"page","link":"https:\/\/www.daldewolf.com\/fr\/expertise\/pratiques\/arbitrage-litiges-complexes-et-mediation\/","title":{"rendered":"Arbitrage, litiges complexes et m\u00e9diation"},"content":{"rendered":"<section class=\"l-section wpb_row columns-layout-sp-brx pratiques height_medium width_full\"><div class=\"l-section-h i-cf\"><div class=\"g-cols vc_row via_flex valign_top type_default stacking_default\"><div class=\"vc_col-sm-4 wpb_column vc_column_container first-column-sp\"><div class=\"vc_column-inner type_sticky\"><div class=\"wpb_wrapper\"><div class=\"wpb_text_column align_center\"><div class=\"wpb_wrapper\"><h2>Pratiques<\/h2>\n<\/div><\/div><nav class=\"w-menu us_custom_18a67f5f layout_ver style_links us_menu_1\" style=\"--main-gap:1.5rem;--main-ver-indent:0.8em;--main-hor-indent:0.8em;--main-color:inherit;\"><ul id=\"menu-pratiques\" class=\"menu\"><li id=\"menu-item-186\" class=\"menu-item menu-item-type-post_type menu-item-object-page menu-item-186\"><a href=\"https:\/\/www.daldewolf.com\/fr\/expertise\/pratiques\/arbitrage-litiges-complexes-et-mediation\/\">Arbitrage, litiges complexes et m\u00e9diation<\/a><\/li><li id=\"menu-item-187\" class=\"menu-item menu-item-type-post_type menu-item-object-page menu-item-187\"><a href=\"https:\/\/www.daldewolf.com\/fr\/expertise\/pratiques\/deontologie-et-discipline-des-professions-reglementees\/\">D\u00e9ontologie et discipline <br>des professions r\u00e9glement\u00e9es<\/a><\/li><li id=\"menu-item-10534\" class=\"menu-item menu-item-type-post_type menu-item-object-page menu-item-10534\"><a href=\"https:\/\/www.daldewolf.com\/fr\/expertise\/pratiques\/droit-bancaire-et-des-services-financiers\/\">Droit bancaire et des services financiers<\/a><\/li><li id=\"menu-item-190\" class=\"menu-item menu-item-type-post_type menu-item-object-page menu-item-190\"><a href=\"https:\/\/www.daldewolf.com\/fr\/expertise\/pratiques\/droit-economique\/\">Droit \u00e9conomique<\/a><\/li><li id=\"menu-item-191\" class=\"menu-item menu-item-type-post_type menu-item-object-page menu-item-191\"><a href=\"https:\/\/www.daldewolf.com\/fr\/expertise\/pratiques\/droit-de-l-ue\/\">Droit de l\u2019Union europ\u00e9enne<\/a><\/li><li id=\"menu-item-192\" class=\"menu-item menu-item-type-post_type menu-item-object-page menu-item-192\"><a href=\"https:\/\/www.daldewolf.com\/fr\/expertise\/pratiques\/droit-fiscal\/\">Droit fiscal<\/a><\/li><li id=\"menu-item-195\" class=\"menu-item menu-item-type-post_type menu-item-object-page menu-item-195\"><a href=\"https:\/\/www.daldewolf.com\/fr\/expertise\/pratiques\/droit-public-et-administratif\/\">Droit public et administratif<\/a><\/li><li id=\"menu-item-196\" class=\"menu-item menu-item-type-post_type menu-item-object-page menu-item-196\"><a href=\"https:\/\/www.daldewolf.com\/fr\/expertise\/pratiques\/droit-social\/\">Droit social<\/a><\/li><li id=\"menu-item-189\" class=\"menu-item menu-item-type-post_type menu-item-object-page menu-item-189\"><a href=\"https:\/\/www.daldewolf.com\/fr\/expertise\/pratiques\/droit-des-societes-et-financier\/\">Droit des soci\u00e9t\u00e9s et financier<\/a><\/li><\/ul><style>@media ( max-width:600px ){.us_menu_1 .menu{display:block!important}.us_menu_1 .menu>li:not(:last-child){margin:0 0 var(--main-gap,1.5rem)!important}}<\/style><\/nav><div class=\"w-separator size_medium\"><\/div><\/div><\/div><\/div><div class=\"vc_col-sm-4 wpb_column vc_column_container\"><div class=\"vc_column-inner\"><div class=\"wpb_wrapper\"><div class=\"wpb_text_column h1-line-btm\"><div class=\"wpb_wrapper\"><h1>Arbitrage, litiges complexes et m\u00e9diation<\/h1>\n<\/div><\/div><div class=\"wpb_text_column align_justify\"><div class=\"wpb_wrapper\"><p><strong>Arbitrage<\/strong><\/p>\n<p>Les avocats de DALDEWOLF pratiquent l\u2019arbitrage national et international, tant en qualit\u00e9 de conseils que, pour certains, d\u2019arbitres. Ils sont familiers des proc\u00e9dures arbitrales ad hoc ou men\u00e9es sous l\u2019\u00e9gide d\u2019institutions telles que le <a href=\"http:\/\/www.cepani.be\" target=\"_blank\" rel=\"noopener\">CEPANI<\/a>, l&#8217;<a href=\"https:\/\/iccwbo.org\/dispute-resolution-services\/icc-international-court-arbitration\/\" target=\"_blank\" rel=\"noopener\">ICC<\/a>, l\u2019<a href=\"https:\/\/www.icdr.org\/\">ICDR,<\/a> le <a href=\"https:\/\/www.swissarbitration.org\/\" target=\"_blank\" rel=\"noopener\">Swiss Arbitration Centre<\/a>, l\u2019<a href=\"https:\/\/uncitral.un.org\/\">UNCITRAL<\/a>\u00a0ou l\u2019<a href=\"http:\/\/www.ohada.com\/\">OHADA<\/a>.<\/p>\n<p><strong>Litiges complexes<\/strong><\/p>\n<p>Dans le cadre de sa pratique de contentieux, le cabinet a d\u00e9velopp\u00e9 une expertise particuli\u00e8re dans la gestion de litiges complexes.<\/p>\n<p><strong>M\u00e9diation<\/strong><\/p>\n<p>La m\u00e9diation civile et commerciale conna\u00eet un succ\u00e8s grandissant, encourag\u00e9 par les l\u00e9gislateurs nationaux mais \u00e9galement sur le plan international. Le cabinet a \u00e9t\u00e9 un pionnier en la mati\u00e8re, faisant de l\u2019un de ses membres le m\u00e9diateur le plus recherch\u00e9 du pays, pour la r\u00e9solution de litiges impliquant des op\u00e9rateurs locaux et europ\u00e9ens ou am\u00e9ricains.<\/p>\n<\/div><\/div><\/div><\/div><\/div><div class=\"vc_col-sm-4 wpb_column vc_column_container\"><div class=\"vc_column-inner\"><div class=\"wpb_wrapper\"><div class=\"wpb_text_column h2-line-btm\"><div class=\"wpb_wrapper\"><h2>EXPERTS<\/h2>\n<\/div><\/div><div class=\"w-grid us_grid cntct-grid-lft type_grid layout_245 cols_1 preload_style_spinner\" id=\"us_grid_1\" style=\"--columns:1;--gap:10px;\"><style>.layout_245 .w-grid-item-h{}.layout_245 .usg_post_custom_field_1{transition-duration:0.3s;transform-origin:50% 50%;transform:scale(1) translate(0%,0%)}.layout_245 .w-grid-item-h:focus-within .usg_post_custom_field_1,.layout_245 .w-grid-item-h:hover .usg_post_custom_field_1{transform:scale(1) translate(0%,0%);opacity:1;color:#ffffff!important}.layout_245 .usg_post_custom_field_2{transition-duration:0.3s;transform-origin:50% 50%;transform:scale(1) translate(0%,0%)}.layout_245 .w-grid-item-h:focus-within .usg_post_custom_field_2,.layout_245 .w-grid-item-h:hover .usg_post_custom_field_2{transform:scale(1) translate(0%,0%);opacity:1;color:#ffffff!important}.layout_245 .usg_hwrapper_1{transition-duration:0.3s;transform-origin:50% 50%;transform:scale(1) translate(0%,0%)}.layout_245 .w-grid-item-h:focus-within .usg_hwrapper_1,.layout_245 .w-grid-item-h:hover .usg_hwrapper_1{transform:scale(1) translate(0%,0%);opacity:1;background:#016b80!important;color:#ffffff!important}.layout_245 .usg_btn_1{transition-duration:0.3s;transform-origin:50% 50%;transform:scale(1) translate(0%,0%);opacity:0}.layout_245 .w-grid-item-h:focus-within .usg_btn_1,.layout_245 .w-grid-item-h:hover .usg_btn_1{transform:scale(1) translate(0%,0%);opacity:0}.layout_245 .usg_post_custom_field_2{text-transform:uppercase!important}.layout_245 .usg_hwrapper_1{color:#ffffff!important;font-size:14px!important;letter-spacing:1px!important;width:350px!important;max-width:100%!important;margin-left:0!important;margin-right:auto!important;padding-top:7px!important;padding-bottom:7px!important;background:#00829b!important}.layout_245 .usg_btn_1{width:100%!important;height:100%!important;position:absolute!important;left:0!important;top:0!important}<\/style><div class=\"w-grid-list\">\t<article class=\"w-grid-item size_1x1 post-217 us_portfolio type-us_portfolio status-publish has-post-thumbnail hentry us_portfolio_category-contentieux us_portfolio_category-droit-des-societes-et-financier us_portfolio_tag-desk-us\" data-id=\"217\">\r\n\t\t<div class=\"w-grid-item-h\">\r\n\t\t\t\t\t\t<div class=\"w-hwrapper usg_hwrapper_1 has_text_color align_center valign_middle wrap\" style=\"--hwrapper-gap:5px\"><div class=\"w-post-elm post_custom_field usg_post_custom_field_1 type_text name color_link_inherit\"><span class=\"w-post-elm-value\">Marc<\/span><\/div><div class=\"w-post-elm post_custom_field usg_post_custom_field_2 type_text surname color_link_inherit\"><span class=\"w-post-elm-value\">Dal<\/span><\/div><a class=\"w-btn us-btn-style_1 usg_btn_1 text_none\" href=\"https:\/\/www.daldewolf.com\/fr\/equipe\/marc-dal\/\" aria-label=\"Button\"><\/a><\/div>\t\t<\/div>\r\n\t\t\t<\/article>\r\n\t<article class=\"w-grid-item size_1x1 post-221 us_portfolio type-us_portfolio status-publish has-post-thumbnail hentry us_portfolio_category-contentieux us_portfolio_category-droit-des-societes-et-financier us_portfolio_tag-desk-ohada\" data-id=\"221\">\r\n\t\t<div class=\"w-grid-item-h\">\r\n\t\t\t\t\t\t<div class=\"w-hwrapper usg_hwrapper_1 has_text_color align_center valign_middle wrap\" style=\"--hwrapper-gap:5px\"><div class=\"w-post-elm post_custom_field usg_post_custom_field_1 type_text name color_link_inherit\"><span class=\"w-post-elm-value\">Patrick <\/span><\/div><div class=\"w-post-elm post_custom_field usg_post_custom_field_2 type_text surname color_link_inherit\"><span class=\"w-post-elm-value\">De Wolf<\/span><\/div><a class=\"w-btn us-btn-style_1 usg_btn_1 text_none\" href=\"https:\/\/www.daldewolf.com\/fr\/equipe\/patrick-de-wolf\/\" aria-label=\"Button\"><\/a><\/div>\t\t<\/div>\r\n\t\t\t<\/article>\r\n\t<article class=\"w-grid-item size_1x1 post-239 us_portfolio type-us_portfolio status-publish has-post-thumbnail hentry us_portfolio_category-contentieux us_portfolio_category-droit-des-societes-et-financier us_portfolio_tag-desk-italie us_portfolio_tag-desk-us\" data-id=\"239\">\r\n\t\t<div class=\"w-grid-item-h\">\r\n\t\t\t\t\t\t<div class=\"w-hwrapper usg_hwrapper_1 has_text_color align_center valign_middle wrap\" style=\"--hwrapper-gap:5px\"><div class=\"w-post-elm post_custom_field usg_post_custom_field_1 type_text name color_link_inherit\"><span class=\"w-post-elm-value\">Patrick <\/span><\/div><div class=\"w-post-elm post_custom_field usg_post_custom_field_2 type_text surname color_link_inherit\"><span class=\"w-post-elm-value\">Van Leynseele<\/span><\/div><a class=\"w-btn us-btn-style_1 usg_btn_1 text_none\" href=\"https:\/\/www.daldewolf.com\/fr\/equipe\/patrick-van-leynseele\/\" aria-label=\"Button\"><\/a><\/div>\t\t<\/div>\r\n\t\t\t<\/article>\r\n\t<article class=\"w-grid-item size_1x1 post-7302 us_portfolio type-us_portfolio status-publish has-post-thumbnail hentry us_portfolio_category-contentieux\" data-id=\"7302\">\r\n\t\t<div class=\"w-grid-item-h\">\r\n\t\t\t\t\t\t<div class=\"w-hwrapper usg_hwrapper_1 has_text_color align_center valign_middle wrap\" style=\"--hwrapper-gap:5px\"><div class=\"w-post-elm post_custom_field usg_post_custom_field_1 type_text name color_link_inherit\"><span class=\"w-post-elm-value\">Arnaud<\/span><\/div><div class=\"w-post-elm post_custom_field usg_post_custom_field_2 type_text surname color_link_inherit\"><span class=\"w-post-elm-value\">Hoc<\/span><\/div><a class=\"w-btn us-btn-style_1 usg_btn_1 text_none\" href=\"https:\/\/www.daldewolf.com\/fr\/equipe\/arnaud-hoc\/\" aria-label=\"Button\"><\/a><\/div>\t\t<\/div>\r\n\t\t\t<\/article>\r\n<\/div>\t<div class=\"w-grid-preloader\">\r\n\t\t<div class=\"g-preloader type_1\">\r\n\t\t\t<div><\/div>\r\n\t\t<\/div>\r\n\t<\/div>\r\n\t\t<div class=\"w-grid-json hidden\" onclick='return {&quot;action&quot;:&quot;us_ajax_grid&quot;,&quot;infinite_scroll&quot;:0,&quot;max_num_pages&quot;:1,&quot;pagination&quot;:&quot;none&quot;,&quot;template_vars&quot;:{&quot;columns&quot;:&quot;1&quot;,&quot;exclude_items&quot;:&quot;none&quot;,&quot;img_size&quot;:&quot;default&quot;,&quot;ignore_items_size&quot;:0,&quot;items_layout&quot;:&quot;245&quot;,&quot;items_offset&quot;:&quot;1&quot;,&quot;load_animation&quot;:&quot;none&quot;,&quot;overriding_link&quot;:&quot;%7B%22url%22%3A%22%22%7D&quot;,&quot;post_id&quot;:0,&quot;query_args&quot;:{&quot;ignore_sticky_posts&quot;:1,&quot;post_type&quot;:&quot;any&quot;,&quot;post__in&quot;:[&quot;217&quot;,&quot;221&quot;,&quot;239&quot;,&quot;7302&quot;],&quot;posts_per_page&quot;:999},&quot;orderby_query_args&quot;:{&quot;orderby&quot;:{&quot;post__in&quot;:&quot;ASC&quot;},&quot;order&quot;:&quot;ASC&quot;},&quot;type&quot;:&quot;grid&quot;,&quot;us_grid_post_type&quot;:&quot;ids&quot;,&quot;us_grid_ajax_index&quot;:1,&quot;us_grid_filter_query_string&quot;:null,&quot;us_grid_index&quot;:1,&quot;page_args&quot;:[],&quot;lang&quot;:&quot;fr&quot;}}'><\/div>\r\n\t<\/div><div class=\"wpb_text_column us_custom_72fc42ef\"><div class=\"wpb_wrapper\"><\/div><\/div><\/div><\/div><\/div><\/div><\/div><\/section>\n","protected":false},"excerpt":{"rendered":"Arnaud HOC est membre de l\u2019Ordre fran\u00e7ais des avocats du barreau de Bruxelles. Counsel au sein du cabinet DALDEWOLF, il travaille essentiellement au sein du d\u00e9partement Arbitrage, Litiges complexes et M\u00e9diation, et du d\u00e9partement Droit des soci\u00e9t\u00e9s et financier. Arnaud HOC est sp\u00e9cialiste des questions de proc\u00e9dure, en particulier en mati\u00e8re civile et commerciale. Docteur...","protected":false},"author":1,"featured_media":812,"parent":53,"menu_order":0,"comment_status":"closed","ping_status":"closed","template":"","meta":{"_acf_changed":false,"footnotes":""},"class_list":["post-184","page","type-page","status-publish","has-post-thumbnail","hentry"],"acf":[],"yoast_head":"<!-- This site is optimized with the Yoast SEO plugin v27.4 - https:\/\/yoast.com\/product\/yoast-seo-wordpress\/ -->\n<title>Arbitrage, litiges complexes et m\u00e9diation - DALDEWOLF<\/title>\n<meta name=\"description\" content=\"Le cabinet est actif en contentieux, simple ou complexe, dans les mati\u00e8res et secteurs de sp\u00e9cialisation de ses avocats.\" \/>\n<meta name=\"robots\" content=\"index, follow, max-snippet:-1, max-image-preview:large, max-video-preview:-1\" \/>\n<link rel=\"canonical\" href=\"https:\/\/www.daldewolf.com\/fr\/expertise\/pratiques\/arbitrage-litiges-complexes-et-mediation\/\" \/>\n<meta property=\"og:locale\" content=\"fr_FR\" \/>\n<meta property=\"og:type\" content=\"article\" \/>\n<meta property=\"og:title\" content=\"Arbitrage, litiges complexes et m\u00e9diation - DALDEWOLF\" \/>\n<meta property=\"og:description\" content=\"Le cabinet est actif en contentieux, simple ou complexe, dans les mati\u00e8res et secteurs de sp\u00e9cialisation de ses avocats.\" \/>\n<meta property=\"og:url\" content=\"https:\/\/www.daldewolf.com\/fr\/expertise\/pratiques\/arbitrage-litiges-complexes-et-mediation\/\" \/>\n<meta property=\"og:site_name\" content=\"DALDEWOLF\" \/>\n<meta property=\"article:modified_time\" content=\"2024-09-03T08:16:02+00:00\" \/>\n<meta property=\"og:image\" content=\"https:\/\/www.daldewolf.com\/wp-content\/uploads\/2020\/06\/Contentieux-arbitrage-et-me\u0301diation.jpg\" \/>\n\t<meta property=\"og:image:width\" content=\"900\" \/>\n\t<meta property=\"og:image:height\" content=\"600\" \/>\n\t<meta property=\"og:image:type\" content=\"image\/jpeg\" \/>\n<meta name=\"twitter:card\" content=\"summary_large_image\" \/>\n<meta name=\"twitter:label1\" content=\"Dur\u00e9e de lecture estim\u00e9e\" \/>\n\t<meta name=\"twitter:data1\" content=\"1 minute\" \/>\n<script type=\"application\/ld+json\" class=\"yoast-schema-graph\">{\"@context\":\"https:\\\/\\\/schema.org\",\"@graph\":[{\"@type\":\"WebPage\",\"@id\":\"https:\\\/\\\/www.daldewolf.com\\\/fr\\\/expertise\\\/pratiques\\\/arbitrage-litiges-complexes-et-mediation\\\/\",\"url\":\"https:\\\/\\\/www.daldewolf.com\\\/fr\\\/expertise\\\/pratiques\\\/arbitrage-litiges-complexes-et-mediation\\\/\",\"name\":\"Arbitrage, litiges complexes et m\u00e9diation - DALDEWOLF\",\"isPartOf\":{\"@id\":\"https:\\\/\\\/www.daldewolf.com\\\/nl\\\/#website\"},\"primaryImageOfPage\":{\"@id\":\"https:\\\/\\\/www.daldewolf.com\\\/fr\\\/expertise\\\/pratiques\\\/arbitrage-litiges-complexes-et-mediation\\\/#primaryimage\"},\"image\":{\"@id\":\"https:\\\/\\\/www.daldewolf.com\\\/fr\\\/expertise\\\/pratiques\\\/arbitrage-litiges-complexes-et-mediation\\\/#primaryimage\"},\"thumbnailUrl\":\"https:\\\/\\\/www.daldewolf.com\\\/wp-content\\\/uploads\\\/2020\\\/06\\\/Contentieux-arbitrage-et-me\u0301diation.jpg\",\"datePublished\":\"2020-05-26T04:42:50+00:00\",\"dateModified\":\"2024-09-03T08:16:02+00:00\",\"description\":\"Le cabinet est actif en contentieux, simple ou complexe, dans les mati\u00e8res et secteurs de sp\u00e9cialisation de ses avocats.\",\"breadcrumb\":{\"@id\":\"https:\\\/\\\/www.daldewolf.com\\\/fr\\\/expertise\\\/pratiques\\\/arbitrage-litiges-complexes-et-mediation\\\/#breadcrumb\"},\"inLanguage\":\"fr-FR\",\"potentialAction\":[{\"@type\":\"ReadAction\",\"target\":[\"https:\\\/\\\/www.daldewolf.com\\\/fr\\\/expertise\\\/pratiques\\\/arbitrage-litiges-complexes-et-mediation\\\/\"]}]},{\"@type\":\"ImageObject\",\"inLanguage\":\"fr-FR\",\"@id\":\"https:\\\/\\\/www.daldewolf.com\\\/fr\\\/expertise\\\/pratiques\\\/arbitrage-litiges-complexes-et-mediation\\\/#primaryimage\",\"url\":\"https:\\\/\\\/www.daldewolf.com\\\/wp-content\\\/uploads\\\/2020\\\/06\\\/Contentieux-arbitrage-et-me\u0301diation.jpg\",\"contentUrl\":\"https:\\\/\\\/www.daldewolf.com\\\/wp-content\\\/uploads\\\/2020\\\/06\\\/Contentieux-arbitrage-et-me\u0301diation.jpg\",\"width\":900,\"height\":600},{\"@type\":\"BreadcrumbList\",\"@id\":\"https:\\\/\\\/www.daldewolf.com\\\/fr\\\/expertise\\\/pratiques\\\/arbitrage-litiges-complexes-et-mediation\\\/#breadcrumb\",\"itemListElement\":[{\"@type\":\"ListItem\",\"position\":1,\"name\":\"Home\",\"item\":\"https:\\\/\\\/www.daldewolf.com\\\/fr\\\/\"},{\"@type\":\"ListItem\",\"position\":2,\"name\":\"Expertise\",\"item\":\"https:\\\/\\\/www.daldewolf.com\\\/fr\\\/expertise\\\/\"},{\"@type\":\"ListItem\",\"position\":3,\"name\":\"Pratiques\",\"item\":\"https:\\\/\\\/www.daldewolf.com\\\/fr\\\/expertise\\\/pratiques\\\/\"},{\"@type\":\"ListItem\",\"position\":4,\"name\":\"Arbitrage, litiges complexes et m\u00e9diation\"}]},{\"@type\":\"WebSite\",\"@id\":\"https:\\\/\\\/www.daldewolf.com\\\/nl\\\/#website\",\"url\":\"https:\\\/\\\/www.daldewolf.com\\\/nl\\\/\",\"name\":\"DALDEWOLF\",\"description\":\"Independant Law firm, Since 1958.\",\"publisher\":{\"@id\":\"https:\\\/\\\/www.daldewolf.com\\\/nl\\\/#organization\"},\"potentialAction\":[{\"@type\":\"SearchAction\",\"target\":{\"@type\":\"EntryPoint\",\"urlTemplate\":\"https:\\\/\\\/www.daldewolf.com\\\/nl\\\/?s={search_term_string}\"},\"query-input\":{\"@type\":\"PropertyValueSpecification\",\"valueRequired\":true,\"valueName\":\"search_term_string\"}}],\"inLanguage\":\"fr-FR\"},{\"@type\":\"Organization\",\"@id\":\"https:\\\/\\\/www.daldewolf.com\\\/nl\\\/#organization\",\"name\":\"DALDEWOLF\",\"url\":\"https:\\\/\\\/www.daldewolf.com\\\/nl\\\/\",\"logo\":{\"@type\":\"ImageObject\",\"inLanguage\":\"fr-FR\",\"@id\":\"https:\\\/\\\/www.daldewolf.com\\\/nl\\\/#\\\/schema\\\/logo\\\/image\\\/\",\"url\":\"https:\\\/\\\/www.daldewolf.com\\\/wp-content\\\/uploads\\\/2020\\\/05\\\/Logo-Daldewolf.png\",\"contentUrl\":\"https:\\\/\\\/www.daldewolf.com\\\/wp-content\\\/uploads\\\/2020\\\/05\\\/Logo-Daldewolf.png\",\"width\":320,\"height\":40,\"caption\":\"DALDEWOLF\"},\"image\":{\"@id\":\"https:\\\/\\\/www.daldewolf.com\\\/nl\\\/#\\\/schema\\\/logo\\\/image\\\/\"},\"sameAs\":[\"https:\\\/\\\/www.linkedin.com\\\/company\\\/10193320\"]}]}<\/script>\n<!-- \/ Yoast SEO plugin. -->","yoast_head_json":{"title":"Arbitrage, litiges complexes et m\u00e9diation - DALDEWOLF","description":"Le cabinet est actif en contentieux, simple ou complexe, dans les mati\u00e8res et secteurs de sp\u00e9cialisation de ses avocats.","robots":{"index":"index","follow":"follow","max-snippet":"max-snippet:-1","max-image-preview":"max-image-preview:large","max-video-preview":"max-video-preview:-1"},"canonical":"https:\/\/www.daldewolf.com\/fr\/expertise\/pratiques\/arbitrage-litiges-complexes-et-mediation\/","og_locale":"fr_FR","og_type":"article","og_title":"Arbitrage, litiges complexes et m\u00e9diation - DALDEWOLF","og_description":"Le cabinet est actif en contentieux, simple ou complexe, dans les mati\u00e8res et secteurs de sp\u00e9cialisation de ses avocats.","og_url":"https:\/\/www.daldewolf.com\/fr\/expertise\/pratiques\/arbitrage-litiges-complexes-et-mediation\/","og_site_name":"DALDEWOLF","article_modified_time":"2024-09-03T08:16:02+00:00","og_image":[{"width":900,"height":600,"url":"https:\/\/www.daldewolf.com\/wp-content\/uploads\/2020\/06\/Contentieux-arbitrage-et-me\u0301diation.jpg","type":"image\/jpeg"}],"twitter_card":"summary_large_image","twitter_misc":{"Dur\u00e9e de lecture estim\u00e9e":"1 minute"},"schema":{"@context":"https:\/\/schema.org","@graph":[{"@type":"WebPage","@id":"https:\/\/www.daldewolf.com\/fr\/expertise\/pratiques\/arbitrage-litiges-complexes-et-mediation\/","url":"https:\/\/www.daldewolf.com\/fr\/expertise\/pratiques\/arbitrage-litiges-complexes-et-mediation\/","name":"Arbitrage, litiges complexes et m\u00e9diation - DALDEWOLF","isPartOf":{"@id":"https:\/\/www.daldewolf.com\/nl\/#website"},"primaryImageOfPage":{"@id":"https:\/\/www.daldewolf.com\/fr\/expertise\/pratiques\/arbitrage-litiges-complexes-et-mediation\/#primaryimage"},"image":{"@id":"https:\/\/www.daldewolf.com\/fr\/expertise\/pratiques\/arbitrage-litiges-complexes-et-mediation\/#primaryimage"},"thumbnailUrl":"https:\/\/www.daldewolf.com\/wp-content\/uploads\/2020\/06\/Contentieux-arbitrage-et-me\u0301diation.jpg","datePublished":"2020-05-26T04:42:50+00:00","dateModified":"2024-09-03T08:16:02+00:00","description":"Le cabinet est actif en contentieux, simple ou complexe, dans les mati\u00e8res et secteurs de sp\u00e9cialisation de ses avocats.","breadcrumb":{"@id":"https:\/\/www.daldewolf.com\/fr\/expertise\/pratiques\/arbitrage-litiges-complexes-et-mediation\/#breadcrumb"},"inLanguage":"fr-FR","potentialAction":[{"@type":"ReadAction","target":["https:\/\/www.daldewolf.com\/fr\/expertise\/pratiques\/arbitrage-litiges-complexes-et-mediation\/"]}]},{"@type":"ImageObject","inLanguage":"fr-FR","@id":"https:\/\/www.daldewolf.com\/fr\/expertise\/pratiques\/arbitrage-litiges-complexes-et-mediation\/#primaryimage","url":"https:\/\/www.daldewolf.com\/wp-content\/uploads\/2020\/06\/Contentieux-arbitrage-et-me\u0301diation.jpg","contentUrl":"https:\/\/www.daldewolf.com\/wp-content\/uploads\/2020\/06\/Contentieux-arbitrage-et-me\u0301diation.jpg","width":900,"height":600},{"@type":"BreadcrumbList","@id":"https:\/\/www.daldewolf.com\/fr\/expertise\/pratiques\/arbitrage-litiges-complexes-et-mediation\/#breadcrumb","itemListElement":[{"@type":"ListItem","position":1,"name":"Home","item":"https:\/\/www.daldewolf.com\/fr\/"},{"@type":"ListItem","position":2,"name":"Expertise","item":"https:\/\/www.daldewolf.com\/fr\/expertise\/"},{"@type":"ListItem","position":3,"name":"Pratiques","item":"https:\/\/www.daldewolf.com\/fr\/expertise\/pratiques\/"},{"@type":"ListItem","position":4,"name":"Arbitrage, litiges complexes et m\u00e9diation"}]},{"@type":"WebSite","@id":"https:\/\/www.daldewolf.com\/nl\/#website","url":"https:\/\/www.daldewolf.com\/nl\/","name":"DALDEWOLF","description":"Independant Law firm, Since 1958.","publisher":{"@id":"https:\/\/www.daldewolf.com\/nl\/#organization"},"potentialAction":[{"@type":"SearchAction","target":{"@type":"EntryPoint","urlTemplate":"https:\/\/www.daldewolf.com\/nl\/?s={search_term_string}"},"query-input":{"@type":"PropertyValueSpecification","valueRequired":true,"valueName":"search_term_string"}}],"inLanguage":"fr-FR"},{"@type":"Organization","@id":"https:\/\/www.daldewolf.com\/nl\/#organization","name":"DALDEWOLF","url":"https:\/\/www.daldewolf.com\/nl\/","logo":{"@type":"ImageObject","inLanguage":"fr-FR","@id":"https:\/\/www.daldewolf.com\/nl\/#\/schema\/logo\/image\/","url":"https:\/\/www.daldewolf.com\/wp-content\/uploads\/2020\/05\/Logo-Daldewolf.png","contentUrl":"https:\/\/www.daldewolf.com\/wp-content\/uploads\/2020\/05\/Logo-Daldewolf.png","width":320,"height":40,"caption":"DALDEWOLF"},"image":{"@id":"https:\/\/www.daldewolf.com\/nl\/#\/schema\/logo\/image\/"},"sameAs":["https:\/\/www.linkedin.com\/company\/10193320"]}]}},"_links":{"self":[{"href":"https:\/\/www.daldewolf.com\/fr\/wp-json\/wp\/v2\/pages\/184","targetHints":{"allow":["GET"]}}],"collection":[{"href":"https:\/\/www.daldewolf.com\/fr\/wp-json\/wp\/v2\/pages"}],"about":[{"href":"https:\/\/www.daldewolf.com\/fr\/wp-json\/wp\/v2\/types\/page"}],"author":[{"embeddable":true,"href":"https:\/\/www.daldewolf.com\/fr\/wp-json\/wp\/v2\/users\/1"}],"replies":[{"embeddable":true,"href":"https:\/\/www.daldewolf.com\/fr\/wp-json\/wp\/v2\/comments?post=184"}],"version-history":[{"count":0,"href":"https:\/\/www.daldewolf.com\/fr\/wp-json\/wp\/v2\/pages\/184\/revisions"}],"up":[{"embeddable":true,"href":"https:\/\/www.daldewolf.com\/fr\/wp-json\/wp\/v2\/pages\/53"}],"wp:featuredmedia":[{"embeddable":true,"href":"https:\/\/www.daldewolf.com\/fr\/wp-json\/wp\/v2\/media\/812"}],"wp:attachment":[{"href":"https:\/\/www.daldewolf.com\/fr\/wp-json\/wp\/v2\/media?parent=184"}],"curies":[{"name":"wp","href":"https:\/\/api.w.org\/{rel}","templated":true}]}}