{"id":182,"date":"2020-05-26T04:42:32","date_gmt":"2020-05-26T04:42:32","guid":{"rendered":"https:\/\/www.daldewolf.com\/?page_id=182"},"modified":"2021-03-25T14:35:11","modified_gmt":"2021-03-25T14:35:11","slug":"deontologie-et-discipline-des-professions-reglementees","status":"publish","type":"page","link":"https:\/\/www.daldewolf.com\/fr\/expertise\/pratiques\/deontologie-et-discipline-des-professions-reglementees\/","title":{"rendered":"D\u00e9ontologie et discipline <br>des professions r\u00e9glement\u00e9es"},"content":{"rendered":"<section class=\"l-section wpb_row columns-layout-sp-brx pratiques height_medium width_full\"><div class=\"l-section-h i-cf\"><div class=\"g-cols vc_row via_flex valign_top type_default stacking_default\"><div class=\"vc_col-sm-4 wpb_column vc_column_container first-column-sp\"><div class=\"vc_column-inner type_sticky\"><div class=\"wpb_wrapper\"><div class=\"wpb_text_column align_center\"><div class=\"wpb_wrapper\"><h2>Pratiques<\/h2>\n<\/div><\/div><nav class=\"w-menu us_custom_18a67f5f layout_ver style_links us_menu_1\" style=\"--main-gap:1.5rem;--main-ver-indent:0.8em;--main-hor-indent:0.8em;--main-color:inherit;\"><ul id=\"menu-pratiques\" class=\"menu\"><li id=\"menu-item-186\" class=\"menu-item menu-item-type-post_type menu-item-object-page menu-item-186\"><a href=\"https:\/\/www.daldewolf.com\/fr\/expertise\/pratiques\/arbitrage-litiges-complexes-et-mediation\/\">Arbitrage, litiges complexes et m\u00e9diation<\/a><\/li><li id=\"menu-item-187\" class=\"menu-item menu-item-type-post_type menu-item-object-page menu-item-187\"><a href=\"https:\/\/www.daldewolf.com\/fr\/expertise\/pratiques\/deontologie-et-discipline-des-professions-reglementees\/\">D\u00e9ontologie et discipline <br>des professions r\u00e9glement\u00e9es<\/a><\/li><li id=\"menu-item-10534\" class=\"menu-item menu-item-type-post_type menu-item-object-page menu-item-10534\"><a href=\"https:\/\/www.daldewolf.com\/fr\/expertise\/pratiques\/droit-bancaire-et-des-services-financiers\/\">Droit bancaire et des services financiers<\/a><\/li><li id=\"menu-item-190\" class=\"menu-item menu-item-type-post_type menu-item-object-page menu-item-190\"><a href=\"https:\/\/www.daldewolf.com\/fr\/expertise\/pratiques\/droit-economique\/\">Droit \u00e9conomique<\/a><\/li><li id=\"menu-item-191\" class=\"menu-item menu-item-type-post_type menu-item-object-page menu-item-191\"><a href=\"https:\/\/www.daldewolf.com\/fr\/expertise\/pratiques\/droit-de-l-ue\/\">Droit de l\u2019Union europ\u00e9enne<\/a><\/li><li id=\"menu-item-192\" class=\"menu-item menu-item-type-post_type menu-item-object-page menu-item-192\"><a href=\"https:\/\/www.daldewolf.com\/fr\/expertise\/pratiques\/droit-fiscal\/\">Droit fiscal<\/a><\/li><li id=\"menu-item-195\" class=\"menu-item menu-item-type-post_type menu-item-object-page menu-item-195\"><a href=\"https:\/\/www.daldewolf.com\/fr\/expertise\/pratiques\/droit-public-et-administratif\/\">Droit public et administratif<\/a><\/li><li id=\"menu-item-196\" class=\"menu-item menu-item-type-post_type menu-item-object-page menu-item-196\"><a href=\"https:\/\/www.daldewolf.com\/fr\/expertise\/pratiques\/droit-social\/\">Droit social<\/a><\/li><li id=\"menu-item-189\" class=\"menu-item menu-item-type-post_type menu-item-object-page menu-item-189\"><a href=\"https:\/\/www.daldewolf.com\/fr\/expertise\/pratiques\/droit-des-societes-et-financier\/\">Droit des soci\u00e9t\u00e9s et financier<\/a><\/li><\/ul><style>@media ( max-width:600px ){.us_menu_1 .menu{display:block!important}.us_menu_1 .menu>li{margin:0 0 var(--main-gap,1.5rem)!important}}<\/style><\/nav><\/div><\/div><\/div><div class=\"vc_col-sm-4 wpb_column vc_column_container\"><div class=\"vc_column-inner\"><div class=\"wpb_wrapper\"><div class=\"wpb_text_column h1-line-btm\"><div class=\"wpb_wrapper\"><h1>D\u00e9ontologie et discipline des professions r\u00e9glement\u00e9es<\/h1>\n<\/div><\/div><div class=\"wpb_text_column align_justify\"><div class=\"wpb_wrapper\"><p>La d\u00e9ontologie et la discipline des professions r\u00e9glement\u00e9es sont des domaines de comp\u00e9tence que plusieurs associ\u00e9s du cabinet pratiquent depuis de nombreuses ann\u00e9es, soit en \u00e9crivant articles de doctrine ou chroniques de jurisprudence, soit en conseillant ordres et associations, soit en intervenant comme conseils de membres de ces professions dans le cadre de proc\u00e9dures disciplinaires comme conseil ou comme tiers neutre pour r\u00e9soudre des conflits.<\/p>\n<p>Ses associ\u00e9s ont \u00e9t\u00e9 particuli\u00e8rement actifs dans divers organes de la profession d\u2019avocat (b\u00e2tonnier, pr\u00e9sident d\u2019associations internationales, membres de conseils de l\u2019Ordre, etc.). Ils interviennent r\u00e9guli\u00e8rement dans des dossiers concernant les professions juridiques (avocats, notaires, huissiers de justice), m\u00e9dicales et param\u00e9dicales (m\u00e9decins, pharmaciens, psychologues, etc.), et celles du chiffre (reviseurs, experts comptables, etc.).<\/p>\n<\/div><\/div><\/div><\/div><\/div><div class=\"vc_col-sm-4 wpb_column vc_column_container\"><div class=\"vc_column-inner\"><div class=\"wpb_wrapper\"><div class=\"wpb_text_column h2-line-btm\"><div class=\"wpb_wrapper\"><h2>EXPERTS<\/h2>\n<\/div><\/div><div class=\"w-grid us_grid cntct-grid-lft type_grid layout_245 cols_1 preload_style_spinner\" id=\"us_grid_1\" style=\"--columns:1;--gap:10px;\"><style>.layout_245 .w-grid-item-h{}.layout_245 .usg_post_custom_field_1{transition-duration:0.3s;transform-origin:50% 50%;transform:scale(1) translate(0%,0%)}.layout_245 .w-grid-item-h:focus-within .usg_post_custom_field_1,.layout_245 .w-grid-item-h:hover .usg_post_custom_field_1{transform:scale(1) translate(0%,0%);opacity:1;color:#ffffff!important}.layout_245 .usg_post_custom_field_2{transition-duration:0.3s;transform-origin:50% 50%;transform:scale(1) translate(0%,0%)}.layout_245 .w-grid-item-h:focus-within .usg_post_custom_field_2,.layout_245 .w-grid-item-h:hover .usg_post_custom_field_2{transform:scale(1) translate(0%,0%);opacity:1;color:#ffffff!important}.layout_245 .usg_hwrapper_1{transition-duration:0.3s;transform-origin:50% 50%;transform:scale(1) translate(0%,0%)}.layout_245 .w-grid-item-h:focus-within .usg_hwrapper_1,.layout_245 .w-grid-item-h:hover .usg_hwrapper_1{transform:scale(1) translate(0%,0%);opacity:1;background:#016b80!important;color:#ffffff!important}.layout_245 .usg_btn_1{transition-duration:0.3s;transform-origin:50% 50%;transform:scale(1) translate(0%,0%);opacity:0}.layout_245 .w-grid-item-h:focus-within .usg_btn_1,.layout_245 .w-grid-item-h:hover .usg_btn_1{transform:scale(1) translate(0%,0%);opacity:0}.layout_245 .usg_post_custom_field_2{text-transform:uppercase!important}.layout_245 .usg_hwrapper_1{color:#ffffff!important;font-size:14px!important;letter-spacing:1px!important;width:350px!important;max-width:100%!important;margin-left:0!important;margin-right:auto!important;padding-top:7px!important;padding-bottom:7px!important;background:#00829b!important}.layout_245 .usg_btn_1{width:100%!important;height:100%!important;position:absolute!important;left:0!important;top:0!important}<\/style><div class=\"w-grid-list\">\t<article class=\"w-grid-item size_1x1 post-208 us_portfolio type-us_portfolio status-publish has-post-thumbnail hentry us_portfolio_category-droit-de-l-ue us_portfolio_category-fonction-publique-europeenne-et-internationale\" data-id=\"208\">\r\n\t\t<div class=\"w-grid-item-h\">\r\n\t\t\t\t\t\t<div class=\"w-hwrapper usg_hwrapper_1 has_text_color align_center valign_middle wrap\" style=\"--hwrapper-gap:5px\"><div class=\"w-post-elm post_custom_field usg_post_custom_field_1 type_text name color_link_inherit\"><span class=\"w-post-elm-value\">Thierry<\/span><\/div><div class=\"w-post-elm post_custom_field usg_post_custom_field_2 type_text surname color_link_inherit\"><span class=\"w-post-elm-value\">Bontinck<\/span><\/div><a class=\"w-btn us-btn-style_1 usg_btn_1 text_none\" aria-label=\"Button\" href=\"https:\/\/www.daldewolf.com\/fr\/equipe\/thierry-bontinck\/\"><\/a><\/div>\t\t<\/div>\r\n\t\t\t<\/article>\r\n\t<article class=\"w-grid-item size_1x1 post-212 us_portfolio type-us_portfolio status-publish has-post-thumbnail hentry us_portfolio_category-contentieux us_portfolio_category-deontologie-et-discipline\" data-id=\"212\">\r\n\t\t<div class=\"w-grid-item-h\">\r\n\t\t\t\t\t\t<div class=\"w-hwrapper usg_hwrapper_1 has_text_color align_center valign_middle wrap\" style=\"--hwrapper-gap:5px\"><div class=\"w-post-elm post_custom_field usg_post_custom_field_1 type_text name color_link_inherit\"><span class=\"w-post-elm-value\">Georges-Albert<\/span><\/div><div class=\"w-post-elm post_custom_field usg_post_custom_field_2 type_text surname color_link_inherit\"><span class=\"w-post-elm-value\">Dal<\/span><\/div><a class=\"w-btn us-btn-style_1 usg_btn_1 text_none\" aria-label=\"Button\" href=\"https:\/\/www.daldewolf.com\/fr\/equipe\/georges-albert-dal\/\"><\/a><\/div>\t\t<\/div>\r\n\t\t\t<\/article>\r\n\t<article class=\"w-grid-item size_1x1 post-217 us_portfolio type-us_portfolio status-publish has-post-thumbnail hentry us_portfolio_category-contentieux us_portfolio_category-droit-des-societes-et-financier us_portfolio_tag-desk-us\" data-id=\"217\">\r\n\t\t<div class=\"w-grid-item-h\">\r\n\t\t\t\t\t\t<div class=\"w-hwrapper usg_hwrapper_1 has_text_color align_center valign_middle wrap\" style=\"--hwrapper-gap:5px\"><div class=\"w-post-elm post_custom_field usg_post_custom_field_1 type_text name color_link_inherit\"><span class=\"w-post-elm-value\">Marc<\/span><\/div><div class=\"w-post-elm post_custom_field usg_post_custom_field_2 type_text surname color_link_inherit\"><span class=\"w-post-elm-value\">Dal<\/span><\/div><a class=\"w-btn us-btn-style_1 usg_btn_1 text_none\" aria-label=\"Button\" href=\"https:\/\/www.daldewolf.com\/fr\/equipe\/marc-dal\/\"><\/a><\/div>\t\t<\/div>\r\n\t\t\t<\/article>\r\n<\/div>\t<div class=\"w-grid-preloader\">\r\n\t\t<div class=\"g-preloader type_1\">\r\n\t\t\t<div><\/div>\r\n\t\t<\/div>\r\n\t<\/div>\r\n\t\t<div class=\"w-grid-json hidden\" onclick='return {&quot;action&quot;:&quot;us_ajax_grid&quot;,&quot;infinite_scroll&quot;:0,&quot;max_num_pages&quot;:1,&quot;pagination&quot;:&quot;none&quot;,&quot;template_vars&quot;:{&quot;columns&quot;:&quot;1&quot;,&quot;exclude_items&quot;:&quot;none&quot;,&quot;img_size&quot;:&quot;default&quot;,&quot;ignore_items_size&quot;:0,&quot;items_layout&quot;:&quot;245&quot;,&quot;items_offset&quot;:&quot;1&quot;,&quot;load_animation&quot;:&quot;none&quot;,&quot;overriding_link&quot;:&quot;{\\&quot;url\\&quot;:\\&quot;\\&quot;}&quot;,&quot;post_id&quot;:0,&quot;query_args&quot;:{&quot;ignore_sticky_posts&quot;:1,&quot;post_type&quot;:&quot;any&quot;,&quot;post__in&quot;:[&quot;208&quot;,&quot;212&quot;,&quot;217&quot;],&quot;posts_per_page&quot;:999},&quot;orderby_query_args&quot;:{&quot;orderby&quot;:{&quot;post__in&quot;:&quot;ASC&quot;},&quot;order&quot;:&quot;ASC&quot;},&quot;type&quot;:&quot;grid&quot;,&quot;us_grid_post_type&quot;:&quot;ids&quot;,&quot;us_grid_ajax_index&quot;:1,&quot;us_grid_filter_query_string&quot;:null,&quot;us_grid_index&quot;:1,&quot;page_args&quot;:[],&quot;lang&quot;:&quot;fr&quot;}}'><\/div>\r\n\t<\/div><\/div><\/div><\/div><\/div><\/div><\/section>\n","protected":false},"excerpt":{"rendered":"Marc DAL est vice-b\u00e2tonnier de l\u2019Ordre fran\u00e7ais des avocats du barreau de Bruxelles (2024-25). Associ\u00e9 au sein du cabinet DALDEWOLF, il en co-dirige le d\u00e9partement Arbitrage, Litiges complexes et M\u00e9diation. Il est aussi membre du d\u00e9partement Droit des soci\u00e9t\u00e9s et financier. Marc DAL est sp\u00e9cialis\u00e9 en gestion des litiges, plaidant dans le cadre de proc\u00e9dures...","protected":false},"author":1,"featured_media":813,"parent":53,"menu_order":0,"comment_status":"closed","ping_status":"closed","template":"","meta":{"_acf_changed":false,"footnotes":""},"class_list":["post-182","page","type-page","status-publish","has-post-thumbnail","hentry"],"acf":[],"yoast_head":"<!-- This site is optimized with the Yoast SEO plugin v27.4 - https:\/\/yoast.com\/product\/yoast-seo-wordpress\/ -->\n<title>D\u00e9ontologie et discipline des professions r\u00e9glement\u00e9es - DALDEWOLF<\/title>\n<meta name=\"description\" content=\"La d\u00e9ontologie et la discipline des professions r\u00e9glement\u00e9es sont des domaines de comp\u00e9tence que plusieurs associ\u00e9s du cabinet pratiquent depuis de nombreuses ann\u00e9es, soit en \u00e9crivant articles de doctrine ou chroniques de jurisprudence, soit en conseillant ordres et associations, soit en intervenant comme conseils de membres de ces professions dans le cadre de proc\u00e9dures disciplinaires.\" \/>\n<meta name=\"robots\" content=\"index, follow, max-snippet:-1, max-image-preview:large, max-video-preview:-1\" \/>\n<link rel=\"canonical\" href=\"https:\/\/www.daldewolf.com\/fr\/expertise\/pratiques\/deontologie-et-discipline-des-professions-reglementees\/\" \/>\n<meta property=\"og:locale\" content=\"fr_FR\" \/>\n<meta property=\"og:type\" content=\"article\" \/>\n<meta property=\"og:title\" content=\"D\u00e9ontologie et discipline des professions r\u00e9glement\u00e9es - DALDEWOLF\" \/>\n<meta property=\"og:description\" content=\"La d\u00e9ontologie et la discipline des professions r\u00e9glement\u00e9es sont des domaines de comp\u00e9tence que plusieurs associ\u00e9s du cabinet pratiquent depuis de nombreuses ann\u00e9es, soit en \u00e9crivant articles de doctrine ou chroniques de jurisprudence, soit en conseillant ordres et associations, soit en intervenant comme conseils de membres de ces professions dans le cadre de proc\u00e9dures disciplinaires.\" \/>\n<meta property=\"og:url\" content=\"https:\/\/www.daldewolf.com\/fr\/expertise\/pratiques\/deontologie-et-discipline-des-professions-reglementees\/\" \/>\n<meta property=\"og:site_name\" content=\"DALDEWOLF\" \/>\n<meta property=\"article:modified_time\" content=\"2021-03-25T14:35:11+00:00\" \/>\n<meta property=\"og:image\" content=\"https:\/\/www.daldewolf.com\/wp-content\/uploads\/2020\/06\/De\u0301ontologie-et-discipline-des-professions-re\u0301glemente\u0301es.jpg\" \/>\n\t<meta property=\"og:image:width\" content=\"900\" \/>\n\t<meta property=\"og:image:height\" content=\"600\" \/>\n\t<meta property=\"og:image:type\" content=\"image\/jpeg\" \/>\n<meta name=\"twitter:card\" content=\"summary_large_image\" \/>\n<meta name=\"twitter:label1\" content=\"Dur\u00e9e de lecture estim\u00e9e\" \/>\n\t<meta name=\"twitter:data1\" content=\"1 minute\" \/>\n<script type=\"application\/ld+json\" class=\"yoast-schema-graph\">{\"@context\":\"https:\\\/\\\/schema.org\",\"@graph\":[{\"@type\":\"WebPage\",\"@id\":\"https:\\\/\\\/www.daldewolf.com\\\/fr\\\/expertise\\\/pratiques\\\/deontologie-et-discipline-des-professions-reglementees\\\/\",\"url\":\"https:\\\/\\\/www.daldewolf.com\\\/fr\\\/expertise\\\/pratiques\\\/deontologie-et-discipline-des-professions-reglementees\\\/\",\"name\":\"D\u00e9ontologie et discipline des professions r\u00e9glement\u00e9es - DALDEWOLF\",\"isPartOf\":{\"@id\":\"https:\\\/\\\/www.daldewolf.com\\\/nl\\\/#website\"},\"primaryImageOfPage\":{\"@id\":\"https:\\\/\\\/www.daldewolf.com\\\/fr\\\/expertise\\\/pratiques\\\/deontologie-et-discipline-des-professions-reglementees\\\/#primaryimage\"},\"image\":{\"@id\":\"https:\\\/\\\/www.daldewolf.com\\\/fr\\\/expertise\\\/pratiques\\\/deontologie-et-discipline-des-professions-reglementees\\\/#primaryimage\"},\"thumbnailUrl\":\"https:\\\/\\\/www.daldewolf.com\\\/wp-content\\\/uploads\\\/2020\\\/06\\\/De\u0301ontologie-et-discipline-des-professions-re\u0301glemente\u0301es.jpg\",\"datePublished\":\"2020-05-26T04:42:32+00:00\",\"dateModified\":\"2021-03-25T14:35:11+00:00\",\"description\":\"La d\u00e9ontologie et la discipline des professions r\u00e9glement\u00e9es sont des domaines de comp\u00e9tence que plusieurs associ\u00e9s du cabinet pratiquent depuis de nombreuses ann\u00e9es, soit en \u00e9crivant articles de doctrine ou chroniques de jurisprudence, soit en conseillant ordres et associations, soit en intervenant comme conseils de membres de ces professions dans le cadre de proc\u00e9dures disciplinaires.\",\"breadcrumb\":{\"@id\":\"https:\\\/\\\/www.daldewolf.com\\\/fr\\\/expertise\\\/pratiques\\\/deontologie-et-discipline-des-professions-reglementees\\\/#breadcrumb\"},\"inLanguage\":\"fr-FR\",\"potentialAction\":[{\"@type\":\"ReadAction\",\"target\":[\"https:\\\/\\\/www.daldewolf.com\\\/fr\\\/expertise\\\/pratiques\\\/deontologie-et-discipline-des-professions-reglementees\\\/\"]}]},{\"@type\":\"ImageObject\",\"inLanguage\":\"fr-FR\",\"@id\":\"https:\\\/\\\/www.daldewolf.com\\\/fr\\\/expertise\\\/pratiques\\\/deontologie-et-discipline-des-professions-reglementees\\\/#primaryimage\",\"url\":\"https:\\\/\\\/www.daldewolf.com\\\/wp-content\\\/uploads\\\/2020\\\/06\\\/De\u0301ontologie-et-discipline-des-professions-re\u0301glemente\u0301es.jpg\",\"contentUrl\":\"https:\\\/\\\/www.daldewolf.com\\\/wp-content\\\/uploads\\\/2020\\\/06\\\/De\u0301ontologie-et-discipline-des-professions-re\u0301glemente\u0301es.jpg\",\"width\":900,\"height\":600},{\"@type\":\"BreadcrumbList\",\"@id\":\"https:\\\/\\\/www.daldewolf.com\\\/fr\\\/expertise\\\/pratiques\\\/deontologie-et-discipline-des-professions-reglementees\\\/#breadcrumb\",\"itemListElement\":[{\"@type\":\"ListItem\",\"position\":1,\"name\":\"Home\",\"item\":\"https:\\\/\\\/www.daldewolf.com\\\/fr\\\/\"},{\"@type\":\"ListItem\",\"position\":2,\"name\":\"Expertise\",\"item\":\"https:\\\/\\\/www.daldewolf.com\\\/fr\\\/expertise\\\/\"},{\"@type\":\"ListItem\",\"position\":3,\"name\":\"Pratiques\",\"item\":\"https:\\\/\\\/www.daldewolf.com\\\/fr\\\/expertise\\\/pratiques\\\/\"},{\"@type\":\"ListItem\",\"position\":4,\"name\":\"D\u00e9ontologie et discipline des professions r\u00e9glement\u00e9es\"}]},{\"@type\":\"WebSite\",\"@id\":\"https:\\\/\\\/www.daldewolf.com\\\/nl\\\/#website\",\"url\":\"https:\\\/\\\/www.daldewolf.com\\\/nl\\\/\",\"name\":\"DALDEWOLF\",\"description\":\"Independant Law firm, Since 1958.\",\"publisher\":{\"@id\":\"https:\\\/\\\/www.daldewolf.com\\\/nl\\\/#organization\"},\"potentialAction\":[{\"@type\":\"SearchAction\",\"target\":{\"@type\":\"EntryPoint\",\"urlTemplate\":\"https:\\\/\\\/www.daldewolf.com\\\/nl\\\/?s={search_term_string}\"},\"query-input\":{\"@type\":\"PropertyValueSpecification\",\"valueRequired\":true,\"valueName\":\"search_term_string\"}}],\"inLanguage\":\"fr-FR\"},{\"@type\":\"Organization\",\"@id\":\"https:\\\/\\\/www.daldewolf.com\\\/nl\\\/#organization\",\"name\":\"DALDEWOLF\",\"url\":\"https:\\\/\\\/www.daldewolf.com\\\/nl\\\/\",\"logo\":{\"@type\":\"ImageObject\",\"inLanguage\":\"fr-FR\",\"@id\":\"https:\\\/\\\/www.daldewolf.com\\\/nl\\\/#\\\/schema\\\/logo\\\/image\\\/\",\"url\":\"https:\\\/\\\/www.daldewolf.com\\\/wp-content\\\/uploads\\\/2020\\\/05\\\/Logo-Daldewolf.png\",\"contentUrl\":\"https:\\\/\\\/www.daldewolf.com\\\/wp-content\\\/uploads\\\/2020\\\/05\\\/Logo-Daldewolf.png\",\"width\":320,\"height\":40,\"caption\":\"DALDEWOLF\"},\"image\":{\"@id\":\"https:\\\/\\\/www.daldewolf.com\\\/nl\\\/#\\\/schema\\\/logo\\\/image\\\/\"},\"sameAs\":[\"https:\\\/\\\/www.linkedin.com\\\/company\\\/10193320\"]}]}<\/script>\n<!-- \/ Yoast SEO plugin. -->","yoast_head_json":{"title":"D\u00e9ontologie et discipline des professions r\u00e9glement\u00e9es - DALDEWOLF","description":"La d\u00e9ontologie et la discipline des professions r\u00e9glement\u00e9es sont des domaines de comp\u00e9tence que plusieurs associ\u00e9s du cabinet pratiquent depuis de nombreuses ann\u00e9es, soit en \u00e9crivant articles de doctrine ou chroniques de jurisprudence, soit en conseillant ordres et associations, soit en intervenant comme conseils de membres de ces professions dans le cadre de proc\u00e9dures disciplinaires.","robots":{"index":"index","follow":"follow","max-snippet":"max-snippet:-1","max-image-preview":"max-image-preview:large","max-video-preview":"max-video-preview:-1"},"canonical":"https:\/\/www.daldewolf.com\/fr\/expertise\/pratiques\/deontologie-et-discipline-des-professions-reglementees\/","og_locale":"fr_FR","og_type":"article","og_title":"D\u00e9ontologie et discipline des professions r\u00e9glement\u00e9es - DALDEWOLF","og_description":"La d\u00e9ontologie et la discipline des professions r\u00e9glement\u00e9es sont des domaines de comp\u00e9tence que plusieurs associ\u00e9s du cabinet pratiquent depuis de nombreuses ann\u00e9es, soit en \u00e9crivant articles de doctrine ou chroniques de jurisprudence, soit en conseillant ordres et associations, soit en intervenant comme conseils de membres de ces professions dans le cadre de proc\u00e9dures disciplinaires.","og_url":"https:\/\/www.daldewolf.com\/fr\/expertise\/pratiques\/deontologie-et-discipline-des-professions-reglementees\/","og_site_name":"DALDEWOLF","article_modified_time":"2021-03-25T14:35:11+00:00","og_image":[{"width":900,"height":600,"url":"https:\/\/www.daldewolf.com\/wp-content\/uploads\/2020\/06\/De\u0301ontologie-et-discipline-des-professions-re\u0301glemente\u0301es.jpg","type":"image\/jpeg"}],"twitter_card":"summary_large_image","twitter_misc":{"Dur\u00e9e de lecture estim\u00e9e":"1 minute"},"schema":{"@context":"https:\/\/schema.org","@graph":[{"@type":"WebPage","@id":"https:\/\/www.daldewolf.com\/fr\/expertise\/pratiques\/deontologie-et-discipline-des-professions-reglementees\/","url":"https:\/\/www.daldewolf.com\/fr\/expertise\/pratiques\/deontologie-et-discipline-des-professions-reglementees\/","name":"D\u00e9ontologie et discipline des professions r\u00e9glement\u00e9es - DALDEWOLF","isPartOf":{"@id":"https:\/\/www.daldewolf.com\/nl\/#website"},"primaryImageOfPage":{"@id":"https:\/\/www.daldewolf.com\/fr\/expertise\/pratiques\/deontologie-et-discipline-des-professions-reglementees\/#primaryimage"},"image":{"@id":"https:\/\/www.daldewolf.com\/fr\/expertise\/pratiques\/deontologie-et-discipline-des-professions-reglementees\/#primaryimage"},"thumbnailUrl":"https:\/\/www.daldewolf.com\/wp-content\/uploads\/2020\/06\/De\u0301ontologie-et-discipline-des-professions-re\u0301glemente\u0301es.jpg","datePublished":"2020-05-26T04:42:32+00:00","dateModified":"2021-03-25T14:35:11+00:00","description":"La d\u00e9ontologie et la discipline des professions r\u00e9glement\u00e9es sont des domaines de comp\u00e9tence que plusieurs associ\u00e9s du cabinet pratiquent depuis de nombreuses ann\u00e9es, soit en \u00e9crivant articles de doctrine ou chroniques de jurisprudence, soit en conseillant ordres et associations, soit en intervenant comme conseils de membres de ces professions dans le cadre de proc\u00e9dures disciplinaires.","breadcrumb":{"@id":"https:\/\/www.daldewolf.com\/fr\/expertise\/pratiques\/deontologie-et-discipline-des-professions-reglementees\/#breadcrumb"},"inLanguage":"fr-FR","potentialAction":[{"@type":"ReadAction","target":["https:\/\/www.daldewolf.com\/fr\/expertise\/pratiques\/deontologie-et-discipline-des-professions-reglementees\/"]}]},{"@type":"ImageObject","inLanguage":"fr-FR","@id":"https:\/\/www.daldewolf.com\/fr\/expertise\/pratiques\/deontologie-et-discipline-des-professions-reglementees\/#primaryimage","url":"https:\/\/www.daldewolf.com\/wp-content\/uploads\/2020\/06\/De\u0301ontologie-et-discipline-des-professions-re\u0301glemente\u0301es.jpg","contentUrl":"https:\/\/www.daldewolf.com\/wp-content\/uploads\/2020\/06\/De\u0301ontologie-et-discipline-des-professions-re\u0301glemente\u0301es.jpg","width":900,"height":600},{"@type":"BreadcrumbList","@id":"https:\/\/www.daldewolf.com\/fr\/expertise\/pratiques\/deontologie-et-discipline-des-professions-reglementees\/#breadcrumb","itemListElement":[{"@type":"ListItem","position":1,"name":"Home","item":"https:\/\/www.daldewolf.com\/fr\/"},{"@type":"ListItem","position":2,"name":"Expertise","item":"https:\/\/www.daldewolf.com\/fr\/expertise\/"},{"@type":"ListItem","position":3,"name":"Pratiques","item":"https:\/\/www.daldewolf.com\/fr\/expertise\/pratiques\/"},{"@type":"ListItem","position":4,"name":"D\u00e9ontologie et discipline des professions r\u00e9glement\u00e9es"}]},{"@type":"WebSite","@id":"https:\/\/www.daldewolf.com\/nl\/#website","url":"https:\/\/www.daldewolf.com\/nl\/","name":"DALDEWOLF","description":"Independant Law firm, Since 1958.","publisher":{"@id":"https:\/\/www.daldewolf.com\/nl\/#organization"},"potentialAction":[{"@type":"SearchAction","target":{"@type":"EntryPoint","urlTemplate":"https:\/\/www.daldewolf.com\/nl\/?s={search_term_string}"},"query-input":{"@type":"PropertyValueSpecification","valueRequired":true,"valueName":"search_term_string"}}],"inLanguage":"fr-FR"},{"@type":"Organization","@id":"https:\/\/www.daldewolf.com\/nl\/#organization","name":"DALDEWOLF","url":"https:\/\/www.daldewolf.com\/nl\/","logo":{"@type":"ImageObject","inLanguage":"fr-FR","@id":"https:\/\/www.daldewolf.com\/nl\/#\/schema\/logo\/image\/","url":"https:\/\/www.daldewolf.com\/wp-content\/uploads\/2020\/05\/Logo-Daldewolf.png","contentUrl":"https:\/\/www.daldewolf.com\/wp-content\/uploads\/2020\/05\/Logo-Daldewolf.png","width":320,"height":40,"caption":"DALDEWOLF"},"image":{"@id":"https:\/\/www.daldewolf.com\/nl\/#\/schema\/logo\/image\/"},"sameAs":["https:\/\/www.linkedin.com\/company\/10193320"]}]}},"_links":{"self":[{"href":"https:\/\/www.daldewolf.com\/fr\/wp-json\/wp\/v2\/pages\/182","targetHints":{"allow":["GET"]}}],"collection":[{"href":"https:\/\/www.daldewolf.com\/fr\/wp-json\/wp\/v2\/pages"}],"about":[{"href":"https:\/\/www.daldewolf.com\/fr\/wp-json\/wp\/v2\/types\/page"}],"author":[{"embeddable":true,"href":"https:\/\/www.daldewolf.com\/fr\/wp-json\/wp\/v2\/users\/1"}],"replies":[{"embeddable":true,"href":"https:\/\/www.daldewolf.com\/fr\/wp-json\/wp\/v2\/comments?post=182"}],"version-history":[{"count":0,"href":"https:\/\/www.daldewolf.com\/fr\/wp-json\/wp\/v2\/pages\/182\/revisions"}],"up":[{"embeddable":true,"href":"https:\/\/www.daldewolf.com\/fr\/wp-json\/wp\/v2\/pages\/53"}],"wp:featuredmedia":[{"embeddable":true,"href":"https:\/\/www.daldewolf.com\/fr\/wp-json\/wp\/v2\/media\/813"}],"wp:attachment":[{"href":"https:\/\/www.daldewolf.com\/fr\/wp-json\/wp\/v2\/media?parent=182"}],"curies":[{"name":"wp","href":"https:\/\/api.w.org\/{rel}","templated":true}]}}