{"id":17626,"date":"2025-08-20T17:04:41","date_gmt":"2025-08-20T15:04:41","guid":{"rendered":"https:\/\/www.daldewolf.com\/expertise\/secteurs\/private-clients\/"},"modified":"2025-08-20T17:04:42","modified_gmt":"2025-08-20T15:04:42","slug":"private-clients","status":"publish","type":"page","link":"https:\/\/www.daldewolf.com\/fr\/expertise\/secteurs\/private-clients\/","title":{"rendered":"Private clients"},"content":{"rendered":"<section class=\"l-section wpb_row columns-layout-sp-brx pratiques height_medium width_full\"><div class=\"l-section-h i-cf\"><div class=\"g-cols vc_row via_flex valign_top type_default stacking_default\"><div class=\"vc_col-sm-4 wpb_column vc_column_container first-column-sp\"><div class=\"vc_column-inner type_sticky\"><div class=\"wpb_wrapper\"><div class=\"wpb_text_column align_center\"><div class=\"wpb_wrapper\"><h2>SECTEURS<\/h2>\n<\/div><\/div><nav class=\"w-menu us_custom_18a67f5f layout_ver style_links us_menu_1\" style=\"--main-gap:1.5rem;--main-ver-indent:0.8em;--main-hor-indent:0.8em;--main-color:inherit;\"><ul id=\"menu-secteurs\" class=\"menu\"><li id=\"menu-item-2138\" class=\"menu-item menu-item-type-post_type menu-item-object-page menu-item-2138\"><a href=\"https:\/\/www.daldewolf.com\/fr\/expertise\/secteurs\/fonction-publique-europeenne-et-internationale\/\">Fonction publique europ\u00e9enne et internationale<\/a><\/li><li id=\"menu-item-2139\" class=\"menu-item menu-item-type-post_type menu-item-object-page menu-item-2139\"><a href=\"https:\/\/www.daldewolf.com\/fr\/expertise\/secteurs\/food-and-beverage\/\">Food &#038; Beverage<\/a><\/li><li id=\"menu-item-2140\" class=\"menu-item menu-item-type-post_type menu-item-object-page menu-item-2140\"><a href=\"https:\/\/www.daldewolf.com\/fr\/expertise\/secteurs\/gaming\/\">Gaming<\/a><\/li><li id=\"menu-item-2141\" class=\"menu-item menu-item-type-post_type menu-item-object-page menu-item-2141\"><a href=\"https:\/\/www.daldewolf.com\/fr\/expertise\/secteurs\/immobilier-et-construction\/\">Immobilier et construction<\/a><\/li><li id=\"menu-item-269\" class=\"menu-item menu-item-type-post_type menu-item-object-page menu-item-269\"><a href=\"https:\/\/www.daldewolf.com\/fr\/expertise\/secteurs\/mines-et-carrieres-rdc\/\">Mines et carri\u00e8res (RDC)<\/a><\/li><li id=\"menu-item-17633\" class=\"menu-item menu-item-type-post_type menu-item-object-page menu-item-17633\"><a href=\"https:\/\/www.daldewolf.com\/fr\/expertise\/secteurs\/private-clients\/\">Private clients<\/a><\/li><li id=\"menu-item-266\" class=\"menu-item menu-item-type-post_type menu-item-object-page menu-item-266\"><a href=\"https:\/\/www.daldewolf.com\/fr\/expertise\/secteurs\/retail\/\">Retail<\/a><\/li><\/ul><style>@media ( max-width:600px ){.us_menu_1 .menu{display:block!important}.us_menu_1 .menu>li{margin:0 0 var(--main-gap,1.5rem)!important}}<\/style><\/nav><\/div><\/div><\/div><div class=\"vc_col-sm-4 wpb_column vc_column_container\"><div class=\"vc_column-inner\"><div class=\"wpb_wrapper\"><div class=\"wpb_text_column h1-line-btm\"><div class=\"wpb_wrapper\"><h1>Private clients<\/h1>\n<p>\n<\/div><\/div><div class=\"wpb_text_column align_justify\"><div class=\"wpb_wrapper\"><p><span>DALDEWOLF dispose d\u2019une expertise reconnue en fiscalit\u00e9 patrimoniale ainsi qu\u2019en planification patrimoniale et successorale.<\/span><\/p>\n<p><span>Nous accompagnons particuliers, familles, dirigeants d\u2019entreprise et institutions financi\u00e8res dans la structuration, la protection et la transmission de leur patrimoine, en Belgique comme \u00e0 l\u2019international.<\/span><\/p>\n<p><span>Nos \u00e9quipes allient une ma\u00eetrise approfondie de la fiscalit\u00e9 et du droit civil pour proposer des solutions sur mesure, adapt\u00e9es aux enjeux complexes de nos clients.<\/span><\/p>\n<p><span>Notre expertise couvre l\u2019ensemble des probl\u00e9matiques li\u00e9es \u00e0 la fiscalit\u00e9 patrimoniale, quels que soient les actifs d\u00e9tenus, qu\u2019il s\u2019agisse d\u2019actions, d\u2019obligations, de cryptomonnaies, de NFT, d\u2019immobilier, de bateaux ou d\u2019autres biens, ainsi que les modes de d\u00e9tention utilis\u00e9s, notamment les fondations priv\u00e9es, les trusts, les contrats d\u2019assurance-vie, les fonds d\u2019investissement, le <em>private equity<\/em> ou les entreprises familiales.<\/span><\/p>\n<p><span>Parce que chaque situation patrimoniale et familiale est unique, nous \u00e9laborons, en \u00e9troite collaboration avec nos clients, des strat\u00e9gies personnalis\u00e9es qui r\u00e9pondent \u00e0 leurs objectifs et s\u2019inscrivent dans leur vision \u00e0 long terme.<\/span><\/p>\n<p><span>Gr\u00e2ce \u00e0 notre r\u00e9seau international, nous assurons une coordination optimale dans les situations transfrontali\u00e8res.<\/span><\/p>\n<\/div><\/div><\/div><\/div><\/div><div class=\"vc_col-sm-4 wpb_column vc_column_container\"><div class=\"vc_column-inner type_sticky\"><div class=\"wpb_wrapper\"><div class=\"wpb_text_column h2-line-btm\"><div class=\"wpb_wrapper\"><h2>EXPERTS<\/h2>\n<p>\n<\/div><\/div><div class=\"w-grid us_grid cntct-grid-lft type_grid layout_245 cols_1 preload_style_spinner\" id=\"us_grid_1\" style=\"--columns:1;--gap:10px;\"><style>.layout_245 .w-grid-item-h{}.layout_245 .usg_post_custom_field_1{transition-duration:0.3s;transform-origin:50% 50%;transform:scale(1) translate(0%,0%)}.layout_245 .w-grid-item-h:focus-within .usg_post_custom_field_1,.layout_245 .w-grid-item-h:hover .usg_post_custom_field_1{transform:scale(1) translate(0%,0%);opacity:1;color:#ffffff!important}.layout_245 .usg_post_custom_field_2{transition-duration:0.3s;transform-origin:50% 50%;transform:scale(1) translate(0%,0%)}.layout_245 .w-grid-item-h:focus-within .usg_post_custom_field_2,.layout_245 .w-grid-item-h:hover .usg_post_custom_field_2{transform:scale(1) translate(0%,0%);opacity:1;color:#ffffff!important}.layout_245 .usg_hwrapper_1{transition-duration:0.3s;transform-origin:50% 50%;transform:scale(1) translate(0%,0%)}.layout_245 .w-grid-item-h:focus-within .usg_hwrapper_1,.layout_245 .w-grid-item-h:hover .usg_hwrapper_1{transform:scale(1) translate(0%,0%);opacity:1;background:#016b80!important;color:#ffffff!important}.layout_245 .usg_btn_1{transition-duration:0.3s;transform-origin:50% 50%;transform:scale(1) translate(0%,0%);opacity:0}.layout_245 .w-grid-item-h:focus-within .usg_btn_1,.layout_245 .w-grid-item-h:hover .usg_btn_1{transform:scale(1) translate(0%,0%);opacity:0}.layout_245 .usg_post_custom_field_2{text-transform:uppercase!important}.layout_245 .usg_hwrapper_1{color:#ffffff!important;font-size:14px!important;letter-spacing:1px!important;width:350px!important;max-width:100%!important;margin-left:0!important;margin-right:auto!important;padding-top:7px!important;padding-bottom:7px!important;background:#00829b!important}.layout_245 .usg_btn_1{width:100%!important;height:100%!important;position:absolute!important;left:0!important;top:0!important}<\/style><div class=\"w-grid-list\">\t<article class=\"w-grid-item size_1x1 post-233 us_portfolio type-us_portfolio status-publish has-post-thumbnail hentry us_portfolio_category-droit-fiscal us_portfolio_category-gaming us_portfolio_category-immobilier-et-construction us_portfolio_category-private-clients-fr\" data-id=\"233\">\r\n\t\t<div class=\"w-grid-item-h\">\r\n\t\t\t\t\t\t<div class=\"w-hwrapper usg_hwrapper_1 has_text_color align_center valign_middle wrap\" style=\"--hwrapper-gap:5px\"><div class=\"w-post-elm post_custom_field usg_post_custom_field_1 type_text name color_link_inherit\"><span class=\"w-post-elm-value\">Ya\u00ebl <\/span><\/div><div class=\"w-post-elm post_custom_field usg_post_custom_field_2 type_text surname color_link_inherit\"><span class=\"w-post-elm-value\">Spiegl<\/span><\/div><a class=\"w-btn us-btn-style_1 usg_btn_1 text_none\" aria-label=\"Button\" href=\"https:\/\/www.daldewolf.com\/fr\/equipe\/yael-spiegl\/\"><\/a><\/div>\t\t<\/div>\r\n\t\t\t<\/article>\r\n\t<article class=\"w-grid-item size_1x1 post-15258 us_portfolio type-us_portfolio status-publish has-post-thumbnail hentry us_portfolio_category-droit-fiscal us_portfolio_category-private-clients-fr\" data-id=\"15258\">\r\n\t\t<div class=\"w-grid-item-h\">\r\n\t\t\t\t\t\t<div class=\"w-hwrapper usg_hwrapper_1 has_text_color align_center valign_middle wrap\" style=\"--hwrapper-gap:5px\"><div class=\"w-post-elm post_custom_field usg_post_custom_field_1 type_text name color_link_inherit\"><span class=\"w-post-elm-value\">Lida<\/span><\/div><div class=\"w-post-elm post_custom_field usg_post_custom_field_2 type_text surname color_link_inherit\"><span class=\"w-post-elm-value\">Achtari<\/span><\/div><a class=\"w-btn us-btn-style_1 usg_btn_1 text_none\" aria-label=\"Button\" href=\"https:\/\/www.daldewolf.com\/fr\/equipe\/lida-achtari\/\"><\/a><\/div>\t\t<\/div>\r\n\t\t\t<\/article>\r\n<\/div>\t<div class=\"w-grid-preloader\">\r\n\t\t<div class=\"g-preloader type_1\">\r\n\t\t\t<div><\/div>\r\n\t\t<\/div>\r\n\t<\/div>\r\n\t\t<div class=\"w-grid-json hidden\" onclick='return {&quot;action&quot;:&quot;us_ajax_grid&quot;,&quot;infinite_scroll&quot;:0,&quot;max_num_pages&quot;:1,&quot;pagination&quot;:&quot;none&quot;,&quot;template_vars&quot;:{&quot;columns&quot;:&quot;1&quot;,&quot;exclude_items&quot;:&quot;none&quot;,&quot;img_size&quot;:&quot;default&quot;,&quot;ignore_items_size&quot;:0,&quot;items_layout&quot;:&quot;245&quot;,&quot;items_offset&quot;:&quot;1&quot;,&quot;load_animation&quot;:&quot;none&quot;,&quot;overriding_link&quot;:&quot;%7B%22url%22%3A%22%22%7D&quot;,&quot;post_id&quot;:0,&quot;query_args&quot;:{&quot;ignore_sticky_posts&quot;:1,&quot;post_type&quot;:&quot;any&quot;,&quot;post__in&quot;:[&quot;3521&quot;,&quot;15256&quot;],&quot;posts_per_page&quot;:999},&quot;orderby_query_args&quot;:{&quot;orderby&quot;:{&quot;post__in&quot;:&quot;ASC&quot;},&quot;order&quot;:&quot;ASC&quot;},&quot;type&quot;:&quot;grid&quot;,&quot;us_grid_post_type&quot;:&quot;ids&quot;,&quot;us_grid_ajax_index&quot;:1,&quot;us_grid_filter_query_string&quot;:null,&quot;us_grid_index&quot;:1,&quot;page_args&quot;:[],&quot;lang&quot;:&quot;fr&quot;}}'><\/div>\r\n\t<\/div><\/div><\/div><\/div><\/div><\/div><\/section>\n","protected":false},"excerpt":{"rendered":"Lida Achtari est membre de l\u2019Ordre fran\u00e7ais des avocats du barreau de Bruxelles (2012). Elle est Counsel chez DALDEWOLF et fait partie de l\u2019\u00e9quipe de droit fiscal. Elle dispose d\u2019une expertise particuli\u00e8re en fiscalit\u00e9 directe et en fiscalit\u00e9 patrimoniale et successorale. Elle accompagne ses clients dans des dossiers complexes, souvent marqu\u00e9s par une dimension internationale...","protected":false},"author":5,"featured_media":17621,"parent":55,"menu_order":0,"comment_status":"closed","ping_status":"closed","template":"","meta":{"_acf_changed":false,"footnotes":""},"class_list":["post-17626","page","type-page","status-publish","has-post-thumbnail","hentry"],"acf":[],"yoast_head":"<!-- This site is optimized with the Yoast SEO plugin v27.3 - https:\/\/yoast.com\/product\/yoast-seo-wordpress\/ -->\n<title>Private clients - DALDEWOLF<\/title>\n<meta name=\"description\" content=\"L&#039;expertise de DALDEWOLF en fiscalit\u00e9 patrimoniale ainsi qu\u2019en planification patrimoniale et successorale est reconnue internationalement.\" \/>\n<meta name=\"robots\" content=\"index, follow, max-snippet:-1, max-image-preview:large, max-video-preview:-1\" \/>\n<link rel=\"canonical\" href=\"https:\/\/www.daldewolf.com\/en\/expertise\/sectors\/private-clients\/\" \/>\n<meta property=\"og:locale\" content=\"fr_FR\" \/>\n<meta property=\"og:type\" content=\"article\" \/>\n<meta property=\"og:title\" content=\"Private clients - DALDEWOLF\" \/>\n<meta property=\"og:description\" content=\"L&#039;expertise de DALDEWOLF en fiscalit\u00e9 patrimoniale ainsi qu\u2019en planification patrimoniale et successorale est reconnue internationalement.\" \/>\n<meta property=\"og:url\" content=\"https:\/\/www.daldewolf.com\/en\/expertise\/sectors\/private-clients\/\" \/>\n<meta property=\"og:site_name\" content=\"DALDEWOLF\" \/>\n<meta property=\"article:modified_time\" content=\"2025-08-20T15:04:42+00:00\" \/>\n<meta property=\"og:image\" content=\"https:\/\/www.daldewolf.com\/wp-content\/uploads\/2025\/08\/Private-clients-scaled.jpg\" \/>\n\t<meta property=\"og:image:width\" content=\"2560\" \/>\n\t<meta property=\"og:image:height\" content=\"1440\" \/>\n\t<meta property=\"og:image:type\" content=\"image\/jpeg\" \/>\n<meta name=\"twitter:card\" content=\"summary_large_image\" \/>\n<meta name=\"twitter:label1\" content=\"Dur\u00e9e de lecture estim\u00e9e\" \/>\n\t<meta name=\"twitter:data1\" content=\"2 minutes\" \/>\n<script type=\"application\/ld+json\" class=\"yoast-schema-graph\">{\"@context\":\"https:\\\/\\\/schema.org\",\"@graph\":[{\"@type\":\"WebPage\",\"@id\":\"https:\\\/\\\/www.daldewolf.com\\\/en\\\/expertise\\\/sectors\\\/private-clients\\\/\",\"url\":\"https:\\\/\\\/www.daldewolf.com\\\/en\\\/expertise\\\/sectors\\\/private-clients\\\/\",\"name\":\"Private clients - DALDEWOLF\",\"isPartOf\":{\"@id\":\"https:\\\/\\\/www.daldewolf.com\\\/nl\\\/#website\"},\"primaryImageOfPage\":{\"@id\":\"https:\\\/\\\/www.daldewolf.com\\\/en\\\/expertise\\\/sectors\\\/private-clients\\\/#primaryimage\"},\"image\":{\"@id\":\"https:\\\/\\\/www.daldewolf.com\\\/en\\\/expertise\\\/sectors\\\/private-clients\\\/#primaryimage\"},\"thumbnailUrl\":\"https:\\\/\\\/www.daldewolf.com\\\/wp-content\\\/uploads\\\/2025\\\/08\\\/Private-clients-scaled.jpg\",\"datePublished\":\"2025-08-20T15:04:41+00:00\",\"dateModified\":\"2025-08-20T15:04:42+00:00\",\"description\":\"L'expertise de DALDEWOLF en fiscalit\u00e9 patrimoniale ainsi qu\u2019en planification patrimoniale et successorale est reconnue internationalement.\",\"breadcrumb\":{\"@id\":\"https:\\\/\\\/www.daldewolf.com\\\/en\\\/expertise\\\/sectors\\\/private-clients\\\/#breadcrumb\"},\"inLanguage\":\"fr-FR\",\"potentialAction\":[{\"@type\":\"ReadAction\",\"target\":[\"https:\\\/\\\/www.daldewolf.com\\\/en\\\/expertise\\\/sectors\\\/private-clients\\\/\"]}]},{\"@type\":\"ImageObject\",\"inLanguage\":\"fr-FR\",\"@id\":\"https:\\\/\\\/www.daldewolf.com\\\/en\\\/expertise\\\/sectors\\\/private-clients\\\/#primaryimage\",\"url\":\"https:\\\/\\\/www.daldewolf.com\\\/wp-content\\\/uploads\\\/2025\\\/08\\\/Private-clients-scaled.jpg\",\"contentUrl\":\"https:\\\/\\\/www.daldewolf.com\\\/wp-content\\\/uploads\\\/2025\\\/08\\\/Private-clients-scaled.jpg\",\"width\":2560,\"height\":1440},{\"@type\":\"BreadcrumbList\",\"@id\":\"https:\\\/\\\/www.daldewolf.com\\\/en\\\/expertise\\\/sectors\\\/private-clients\\\/#breadcrumb\",\"itemListElement\":[{\"@type\":\"ListItem\",\"position\":1,\"name\":\"Home\",\"item\":\"https:\\\/\\\/www.daldewolf.com\\\/fr\\\/\"},{\"@type\":\"ListItem\",\"position\":2,\"name\":\"Expertise\",\"item\":\"https:\\\/\\\/www.daldewolf.com\\\/fr\\\/expertise\\\/\"},{\"@type\":\"ListItem\",\"position\":3,\"name\":\"Secteurs\",\"item\":\"https:\\\/\\\/www.daldewolf.com\\\/fr\\\/expertise\\\/secteurs\\\/\"},{\"@type\":\"ListItem\",\"position\":4,\"name\":\"Private clients\"}]},{\"@type\":\"WebSite\",\"@id\":\"https:\\\/\\\/www.daldewolf.com\\\/nl\\\/#website\",\"url\":\"https:\\\/\\\/www.daldewolf.com\\\/nl\\\/\",\"name\":\"DALDEWOLF\",\"description\":\"Independant Law firm, Since 1958.\",\"publisher\":{\"@id\":\"https:\\\/\\\/www.daldewolf.com\\\/nl\\\/#organization\"},\"potentialAction\":[{\"@type\":\"SearchAction\",\"target\":{\"@type\":\"EntryPoint\",\"urlTemplate\":\"https:\\\/\\\/www.daldewolf.com\\\/nl\\\/?s={search_term_string}\"},\"query-input\":{\"@type\":\"PropertyValueSpecification\",\"valueRequired\":true,\"valueName\":\"search_term_string\"}}],\"inLanguage\":\"fr-FR\"},{\"@type\":\"Organization\",\"@id\":\"https:\\\/\\\/www.daldewolf.com\\\/nl\\\/#organization\",\"name\":\"DALDEWOLF\",\"url\":\"https:\\\/\\\/www.daldewolf.com\\\/nl\\\/\",\"logo\":{\"@type\":\"ImageObject\",\"inLanguage\":\"fr-FR\",\"@id\":\"https:\\\/\\\/www.daldewolf.com\\\/nl\\\/#\\\/schema\\\/logo\\\/image\\\/\",\"url\":\"https:\\\/\\\/www.daldewolf.com\\\/wp-content\\\/uploads\\\/2020\\\/05\\\/Logo-Daldewolf.png\",\"contentUrl\":\"https:\\\/\\\/www.daldewolf.com\\\/wp-content\\\/uploads\\\/2020\\\/05\\\/Logo-Daldewolf.png\",\"width\":320,\"height\":40,\"caption\":\"DALDEWOLF\"},\"image\":{\"@id\":\"https:\\\/\\\/www.daldewolf.com\\\/nl\\\/#\\\/schema\\\/logo\\\/image\\\/\"},\"sameAs\":[\"https:\\\/\\\/www.linkedin.com\\\/company\\\/10193320\"]}]}<\/script>\n<!-- \/ Yoast SEO plugin. -->","yoast_head_json":{"title":"Private clients - DALDEWOLF","description":"L'expertise de DALDEWOLF en fiscalit\u00e9 patrimoniale ainsi qu\u2019en planification patrimoniale et successorale est reconnue internationalement.","robots":{"index":"index","follow":"follow","max-snippet":"max-snippet:-1","max-image-preview":"max-image-preview:large","max-video-preview":"max-video-preview:-1"},"canonical":"https:\/\/www.daldewolf.com\/en\/expertise\/sectors\/private-clients\/","og_locale":"fr_FR","og_type":"article","og_title":"Private clients - DALDEWOLF","og_description":"L'expertise de DALDEWOLF en fiscalit\u00e9 patrimoniale ainsi qu\u2019en planification patrimoniale et successorale est reconnue internationalement.","og_url":"https:\/\/www.daldewolf.com\/en\/expertise\/sectors\/private-clients\/","og_site_name":"DALDEWOLF","article_modified_time":"2025-08-20T15:04:42+00:00","og_image":[{"width":2560,"height":1440,"url":"https:\/\/www.daldewolf.com\/wp-content\/uploads\/2025\/08\/Private-clients-scaled.jpg","type":"image\/jpeg"}],"twitter_card":"summary_large_image","twitter_misc":{"Dur\u00e9e de lecture estim\u00e9e":"2 minutes"},"schema":{"@context":"https:\/\/schema.org","@graph":[{"@type":"WebPage","@id":"https:\/\/www.daldewolf.com\/en\/expertise\/sectors\/private-clients\/","url":"https:\/\/www.daldewolf.com\/en\/expertise\/sectors\/private-clients\/","name":"Private clients - DALDEWOLF","isPartOf":{"@id":"https:\/\/www.daldewolf.com\/nl\/#website"},"primaryImageOfPage":{"@id":"https:\/\/www.daldewolf.com\/en\/expertise\/sectors\/private-clients\/#primaryimage"},"image":{"@id":"https:\/\/www.daldewolf.com\/en\/expertise\/sectors\/private-clients\/#primaryimage"},"thumbnailUrl":"https:\/\/www.daldewolf.com\/wp-content\/uploads\/2025\/08\/Private-clients-scaled.jpg","datePublished":"2025-08-20T15:04:41+00:00","dateModified":"2025-08-20T15:04:42+00:00","description":"L'expertise de DALDEWOLF en fiscalit\u00e9 patrimoniale ainsi qu\u2019en planification patrimoniale et successorale est reconnue internationalement.","breadcrumb":{"@id":"https:\/\/www.daldewolf.com\/en\/expertise\/sectors\/private-clients\/#breadcrumb"},"inLanguage":"fr-FR","potentialAction":[{"@type":"ReadAction","target":["https:\/\/www.daldewolf.com\/en\/expertise\/sectors\/private-clients\/"]}]},{"@type":"ImageObject","inLanguage":"fr-FR","@id":"https:\/\/www.daldewolf.com\/en\/expertise\/sectors\/private-clients\/#primaryimage","url":"https:\/\/www.daldewolf.com\/wp-content\/uploads\/2025\/08\/Private-clients-scaled.jpg","contentUrl":"https:\/\/www.daldewolf.com\/wp-content\/uploads\/2025\/08\/Private-clients-scaled.jpg","width":2560,"height":1440},{"@type":"BreadcrumbList","@id":"https:\/\/www.daldewolf.com\/en\/expertise\/sectors\/private-clients\/#breadcrumb","itemListElement":[{"@type":"ListItem","position":1,"name":"Home","item":"https:\/\/www.daldewolf.com\/fr\/"},{"@type":"ListItem","position":2,"name":"Expertise","item":"https:\/\/www.daldewolf.com\/fr\/expertise\/"},{"@type":"ListItem","position":3,"name":"Secteurs","item":"https:\/\/www.daldewolf.com\/fr\/expertise\/secteurs\/"},{"@type":"ListItem","position":4,"name":"Private clients"}]},{"@type":"WebSite","@id":"https:\/\/www.daldewolf.com\/nl\/#website","url":"https:\/\/www.daldewolf.com\/nl\/","name":"DALDEWOLF","description":"Independant Law firm, Since 1958.","publisher":{"@id":"https:\/\/www.daldewolf.com\/nl\/#organization"},"potentialAction":[{"@type":"SearchAction","target":{"@type":"EntryPoint","urlTemplate":"https:\/\/www.daldewolf.com\/nl\/?s={search_term_string}"},"query-input":{"@type":"PropertyValueSpecification","valueRequired":true,"valueName":"search_term_string"}}],"inLanguage":"fr-FR"},{"@type":"Organization","@id":"https:\/\/www.daldewolf.com\/nl\/#organization","name":"DALDEWOLF","url":"https:\/\/www.daldewolf.com\/nl\/","logo":{"@type":"ImageObject","inLanguage":"fr-FR","@id":"https:\/\/www.daldewolf.com\/nl\/#\/schema\/logo\/image\/","url":"https:\/\/www.daldewolf.com\/wp-content\/uploads\/2020\/05\/Logo-Daldewolf.png","contentUrl":"https:\/\/www.daldewolf.com\/wp-content\/uploads\/2020\/05\/Logo-Daldewolf.png","width":320,"height":40,"caption":"DALDEWOLF"},"image":{"@id":"https:\/\/www.daldewolf.com\/nl\/#\/schema\/logo\/image\/"},"sameAs":["https:\/\/www.linkedin.com\/company\/10193320"]}]}},"_links":{"self":[{"href":"https:\/\/www.daldewolf.com\/fr\/wp-json\/wp\/v2\/pages\/17626","targetHints":{"allow":["GET"]}}],"collection":[{"href":"https:\/\/www.daldewolf.com\/fr\/wp-json\/wp\/v2\/pages"}],"about":[{"href":"https:\/\/www.daldewolf.com\/fr\/wp-json\/wp\/v2\/types\/page"}],"author":[{"embeddable":true,"href":"https:\/\/www.daldewolf.com\/fr\/wp-json\/wp\/v2\/users\/5"}],"replies":[{"embeddable":true,"href":"https:\/\/www.daldewolf.com\/fr\/wp-json\/wp\/v2\/comments?post=17626"}],"version-history":[{"count":2,"href":"https:\/\/www.daldewolf.com\/fr\/wp-json\/wp\/v2\/pages\/17626\/revisions"}],"predecessor-version":[{"id":17628,"href":"https:\/\/www.daldewolf.com\/fr\/wp-json\/wp\/v2\/pages\/17626\/revisions\/17628"}],"up":[{"embeddable":true,"href":"https:\/\/www.daldewolf.com\/fr\/wp-json\/wp\/v2\/pages\/55"}],"wp:featuredmedia":[{"embeddable":true,"href":"https:\/\/www.daldewolf.com\/fr\/wp-json\/wp\/v2\/media\/17621"}],"wp:attachment":[{"href":"https:\/\/www.daldewolf.com\/fr\/wp-json\/wp\/v2\/media?parent=17626"}],"curies":[{"name":"wp","href":"https:\/\/api.w.org\/{rel}","templated":true}]}}