{"id":168,"date":"2020-05-26T04:39:46","date_gmt":"2020-05-26T04:39:46","guid":{"rendered":"https:\/\/www.daldewolf.com\/?page_id=168"},"modified":"2022-02-08T13:56:41","modified_gmt":"2022-02-08T13:56:41","slug":"droit-social","status":"publish","type":"page","link":"https:\/\/www.daldewolf.com\/fr\/expertise\/pratiques\/droit-social\/","title":{"rendered":"Droit social"},"content":{"rendered":"<section class=\"l-section wpb_row columns-layout-sp-brx pratiques height_medium width_full\"><div class=\"l-section-h i-cf\"><div class=\"g-cols vc_row via_flex valign_top type_default stacking_default\"><div class=\"vc_col-sm-4 wpb_column vc_column_container first-column-sp\"><div class=\"vc_column-inner type_sticky\"><div class=\"wpb_wrapper\"><div class=\"wpb_text_column align_center\"><div class=\"wpb_wrapper\"><h2>Pratiques<\/h2>\n<\/div><\/div><nav class=\"w-menu us_custom_18a67f5f layout_ver style_links us_menu_1\" style=\"--main-gap:1.5rem;--main-ver-indent:0.8em;--main-hor-indent:0.8em;--main-color:inherit;\"><ul id=\"menu-pratiques\" class=\"menu\"><li id=\"menu-item-186\" class=\"menu-item menu-item-type-post_type menu-item-object-page menu-item-186\"><a href=\"https:\/\/www.daldewolf.com\/fr\/expertise\/pratiques\/arbitrage-litiges-complexes-et-mediation\/\">Arbitrage, litiges complexes et m\u00e9diation<\/a><\/li><li id=\"menu-item-187\" class=\"menu-item menu-item-type-post_type menu-item-object-page menu-item-187\"><a href=\"https:\/\/www.daldewolf.com\/fr\/expertise\/pratiques\/deontologie-et-discipline-des-professions-reglementees\/\">D\u00e9ontologie et discipline <br>des professions r\u00e9glement\u00e9es<\/a><\/li><li id=\"menu-item-10534\" class=\"menu-item menu-item-type-post_type menu-item-object-page menu-item-10534\"><a href=\"https:\/\/www.daldewolf.com\/fr\/expertise\/pratiques\/droit-bancaire-et-des-services-financiers\/\">Droit bancaire et des services financiers<\/a><\/li><li id=\"menu-item-190\" class=\"menu-item menu-item-type-post_type menu-item-object-page menu-item-190\"><a href=\"https:\/\/www.daldewolf.com\/fr\/expertise\/pratiques\/droit-economique\/\">Droit \u00e9conomique<\/a><\/li><li id=\"menu-item-191\" class=\"menu-item menu-item-type-post_type menu-item-object-page menu-item-191\"><a href=\"https:\/\/www.daldewolf.com\/fr\/expertise\/pratiques\/droit-de-l-ue\/\">Droit de l\u2019Union europ\u00e9enne<\/a><\/li><li id=\"menu-item-192\" class=\"menu-item menu-item-type-post_type menu-item-object-page menu-item-192\"><a href=\"https:\/\/www.daldewolf.com\/fr\/expertise\/pratiques\/droit-fiscal\/\">Droit fiscal<\/a><\/li><li id=\"menu-item-195\" class=\"menu-item menu-item-type-post_type menu-item-object-page menu-item-195\"><a href=\"https:\/\/www.daldewolf.com\/fr\/expertise\/pratiques\/droit-public-et-administratif\/\">Droit public et administratif<\/a><\/li><li id=\"menu-item-196\" class=\"menu-item menu-item-type-post_type menu-item-object-page menu-item-196\"><a href=\"https:\/\/www.daldewolf.com\/fr\/expertise\/pratiques\/droit-social\/\">Droit social<\/a><\/li><li id=\"menu-item-189\" class=\"menu-item menu-item-type-post_type menu-item-object-page menu-item-189\"><a href=\"https:\/\/www.daldewolf.com\/fr\/expertise\/pratiques\/droit-des-societes-et-financier\/\">Droit des soci\u00e9t\u00e9s et financier<\/a><\/li><\/ul><style>@media ( max-width:600px ){.us_menu_1 .menu{display:block!important}.us_menu_1 .menu>li{margin:0 0 var(--main-gap,1.5rem)!important}}<\/style><\/nav><\/div><\/div><\/div><div class=\"vc_col-sm-4 wpb_column vc_column_container\"><div class=\"vc_column-inner\"><div class=\"wpb_wrapper\"><div class=\"wpb_text_column h1-line-btm\"><div class=\"wpb_wrapper\"><h1>Droit social<\/h1>\n<\/div><\/div><div class=\"wpb_text_column align_justify\"><div class=\"wpb_wrapper\"><p>Le cabinet offre une gamme compl\u00e8te de services en mati\u00e8re de droit du travail et du droit de la s\u00e9curit\u00e9 sociale, tant au niveau du conseil que de la gestion de contentieux devant les cours et tribunaux du travail. Les chefs d\u2019entreprises s\u2019appuient sur l\u2019exp\u00e9rience pratique que le cabinet a accumul\u00e9e pour affronter les d\u00e9fis auxquels leurs organisations sont confront\u00e9es dans le domaine du capital humain.<\/p>\n<p>Les interventions du cabinet couvrent \u00e9galement les aspects des ressources humaines li\u00e9es aux transferts d\u2019entreprises ainsi que la mise sur pied de plans de r\u00e9mun\u00e9ration incitative des cadres, de conventions de management, d\u2019int\u00e9ressements des travailleurs et d\u2019options sur actions.<\/p>\n<p>Au-del\u00e0 d\u2019un conseil juridique ou d\u2019une d\u00e9fense en justice, l\u2019\u00e9quipe de droit social participe r\u00e9guli\u00e8rement \u00e0 la prise de d\u00e9cision strat\u00e9gique de groupes internationaux et la d\u00e9finition et la mise en \u0153uvre de plans de r\u00e9organisation et d\u2019acquisitions ayant des implications en mati\u00e8re de ressources humaines.<\/p>\n<\/div><\/div><\/div><\/div><\/div><div class=\"vc_col-sm-4 wpb_column vc_column_container\"><div class=\"vc_column-inner\"><div class=\"wpb_wrapper\"><div class=\"wpb_text_column h2-line-btm\"><div class=\"wpb_wrapper\"><h2>EXPERTS<\/h2>\n<\/div><\/div><div class=\"w-grid us_grid cntct-grid-lft type_grid layout_245 cols_1 preload_style_spinner\" id=\"us_grid_1\" style=\"--columns:1;--gap:10px;\"><style>.layout_245 .w-grid-item-h{}.layout_245 .usg_post_custom_field_1{transition-duration:0.3s;transform-origin:50% 50%;transform:scale(1) translate(0%,0%)}.layout_245 .w-grid-item-h:focus-within .usg_post_custom_field_1,.layout_245 .w-grid-item-h:hover .usg_post_custom_field_1{transform:scale(1) translate(0%,0%);opacity:1;color:#ffffff!important}.layout_245 .usg_post_custom_field_2{transition-duration:0.3s;transform-origin:50% 50%;transform:scale(1) translate(0%,0%)}.layout_245 .w-grid-item-h:focus-within .usg_post_custom_field_2,.layout_245 .w-grid-item-h:hover .usg_post_custom_field_2{transform:scale(1) translate(0%,0%);opacity:1;color:#ffffff!important}.layout_245 .usg_hwrapper_1{transition-duration:0.3s;transform-origin:50% 50%;transform:scale(1) translate(0%,0%)}.layout_245 .w-grid-item-h:focus-within .usg_hwrapper_1,.layout_245 .w-grid-item-h:hover .usg_hwrapper_1{transform:scale(1) translate(0%,0%);opacity:1;background:#016b80!important;color:#ffffff!important}.layout_245 .usg_btn_1{transition-duration:0.3s;transform-origin:50% 50%;transform:scale(1) translate(0%,0%);opacity:0}.layout_245 .w-grid-item-h:focus-within .usg_btn_1,.layout_245 .w-grid-item-h:hover .usg_btn_1{transform:scale(1) translate(0%,0%);opacity:0}.layout_245 .usg_post_custom_field_2{text-transform:uppercase!important}.layout_245 .usg_hwrapper_1{color:#ffffff!important;font-size:14px!important;letter-spacing:1px!important;width:350px!important;max-width:100%!important;margin-left:0!important;margin-right:auto!important;padding-top:7px!important;padding-bottom:7px!important;background:#00829b!important}.layout_245 .usg_btn_1{width:100%!important;height:100%!important;position:absolute!important;left:0!important;top:0!important}<\/style><div class=\"w-grid-list\">\t<article class=\"w-grid-item size_1x1 post-4473 us_portfolio type-us_portfolio status-publish has-post-thumbnail hentry us_portfolio_category-droit-social\" data-id=\"4473\">\r\n\t\t<div class=\"w-grid-item-h\">\r\n\t\t\t\t\t\t<div class=\"w-hwrapper usg_hwrapper_1 has_text_color align_center valign_middle wrap\" style=\"--hwrapper-gap:5px\"><div class=\"w-post-elm post_custom_field usg_post_custom_field_1 type_text name color_link_inherit\"><span class=\"w-post-elm-value\">Robert<\/span><\/div><div class=\"w-post-elm post_custom_field usg_post_custom_field_2 type_text surname color_link_inherit\"><span class=\"w-post-elm-value\">De Baerdemaeker<\/span><\/div><a class=\"w-btn us-btn-style_1 usg_btn_1 text_none\" aria-label=\"Button\" href=\"https:\/\/www.daldewolf.com\/fr\/equipe\/de-baerdemaeker-robert\/\"><\/a><\/div>\t\t<\/div>\r\n\t\t\t<\/article>\r\n\t<article class=\"w-grid-item size_1x1 post-4487 us_portfolio type-us_portfolio status-publish has-post-thumbnail hentry us_portfolio_category-droit-social\" data-id=\"4487\">\r\n\t\t<div class=\"w-grid-item-h\">\r\n\t\t\t\t\t\t<div class=\"w-hwrapper usg_hwrapper_1 has_text_color align_center valign_middle wrap\" style=\"--hwrapper-gap:5px\"><div class=\"w-post-elm post_custom_field usg_post_custom_field_1 type_text name color_link_inherit\"><span class=\"w-post-elm-value\">Hilde<\/span><\/div><div class=\"w-post-elm post_custom_field usg_post_custom_field_2 type_text surname color_link_inherit\"><span class=\"w-post-elm-value\">Smout<\/span><\/div><a class=\"w-btn us-btn-style_1 usg_btn_1 text_none\" aria-label=\"Button\" href=\"https:\/\/www.daldewolf.com\/fr\/equipe\/smout-hilde\/\"><\/a><\/div>\t\t<\/div>\r\n\t\t\t<\/article>\r\n\t<article class=\"w-grid-item size_1x1 post-237 us_portfolio type-us_portfolio status-publish has-post-thumbnail hentry us_portfolio_category-droit-des-societes-et-financier us_portfolio_category-droit-social us_portfolio_tag-desk-us\" data-id=\"237\">\r\n\t\t<div class=\"w-grid-item-h\">\r\n\t\t\t\t\t\t<div class=\"w-hwrapper usg_hwrapper_1 has_text_color align_center valign_middle wrap\" style=\"--hwrapper-gap:5px\"><div class=\"w-post-elm post_custom_field usg_post_custom_field_1 type_text name color_link_inherit\"><span class=\"w-post-elm-value\">Xavier <\/span><\/div><div class=\"w-post-elm post_custom_field usg_post_custom_field_2 type_text surname color_link_inherit\"><span class=\"w-post-elm-value\">VAN der MERSCH<\/span><\/div><a class=\"w-btn us-btn-style_1 usg_btn_1 text_none\" aria-label=\"Button\" href=\"https:\/\/www.daldewolf.com\/fr\/equipe\/xavier-van-der-mersch\/\"><\/a><\/div>\t\t<\/div>\r\n\t\t\t<\/article>\r\n<\/div>\t<div class=\"w-grid-preloader\">\r\n\t\t<div class=\"g-preloader type_1\">\r\n\t\t\t<div><\/div>\r\n\t\t<\/div>\r\n\t<\/div>\r\n\t\t<div class=\"w-grid-json hidden\" onclick='return {&quot;action&quot;:&quot;us_ajax_grid&quot;,&quot;infinite_scroll&quot;:0,&quot;max_num_pages&quot;:1,&quot;pagination&quot;:&quot;none&quot;,&quot;template_vars&quot;:{&quot;columns&quot;:&quot;1&quot;,&quot;exclude_items&quot;:&quot;none&quot;,&quot;img_size&quot;:&quot;default&quot;,&quot;ignore_items_size&quot;:0,&quot;items_layout&quot;:&quot;245&quot;,&quot;items_offset&quot;:&quot;1&quot;,&quot;load_animation&quot;:&quot;none&quot;,&quot;overriding_link&quot;:&quot;{\\&quot;url\\&quot;:\\&quot;\\&quot;}&quot;,&quot;post_id&quot;:0,&quot;query_args&quot;:{&quot;ignore_sticky_posts&quot;:1,&quot;post_type&quot;:&quot;any&quot;,&quot;post__in&quot;:[&quot;4473&quot;,&quot;237&quot;,&quot;4487&quot;],&quot;posts_per_page&quot;:999},&quot;orderby_query_args&quot;:{&quot;orderby&quot;:{&quot;date&quot;:&quot;ASC&quot;}},&quot;type&quot;:&quot;grid&quot;,&quot;us_grid_post_type&quot;:&quot;ids&quot;,&quot;us_grid_ajax_index&quot;:1,&quot;us_grid_filter_query_string&quot;:null,&quot;us_grid_index&quot;:1,&quot;page_args&quot;:[],&quot;lang&quot;:&quot;fr&quot;}}'><\/div>\r\n\t<\/div><\/div><\/div><\/div><\/div><\/div><\/section>\n","protected":false},"excerpt":{"rendered":"Xavier Van der Mersch est membre du barreau de Bruxelles (1991) et de celui de New York (1986). Il est associ\u00e9 au sein du cabinet DALDEWOLF. Il est membre de l\u2019\u00e9quipe Droit des soci\u00e9t\u00e9s et financier, ainsi que de celle de Droit social. Xavier est sp\u00e9cialis\u00e9 en fusions-acquisitions,\u00a0Private Equity\u00a0et transactions sur les march\u00e9s des capitaux....","protected":false},"author":1,"featured_media":823,"parent":53,"menu_order":0,"comment_status":"closed","ping_status":"closed","template":"","meta":{"_acf_changed":false,"footnotes":""},"class_list":["post-168","page","type-page","status-publish","has-post-thumbnail","hentry"],"acf":[],"yoast_head":"<!-- This site is optimized with the Yoast SEO plugin v27.3 - https:\/\/yoast.com\/product\/yoast-seo-wordpress\/ -->\n<title>Droit du travail de la s\u00e9curit\u00e9 sociale - DALDEWOLF<\/title>\n<meta name=\"description\" content=\"Le cabinet offre une gamme compl\u00e8te de services en mati\u00e8re de droit du travail et du droit de la s\u00e9curit\u00e9 sociale, tant au niveau du conseil que de la gestion de contentieux devant les cours et tribunaux du travail.\" \/>\n<meta name=\"robots\" content=\"index, follow, max-snippet:-1, max-image-preview:large, max-video-preview:-1\" \/>\n<link rel=\"canonical\" href=\"https:\/\/www.daldewolf.com\/fr\/expertise\/pratiques\/droit-social\/\" \/>\n<meta property=\"og:locale\" content=\"fr_FR\" \/>\n<meta property=\"og:type\" content=\"article\" \/>\n<meta property=\"og:title\" content=\"Droit du travail de la s\u00e9curit\u00e9 sociale - DALDEWOLF\" \/>\n<meta property=\"og:description\" content=\"Le cabinet offre une gamme compl\u00e8te de services en mati\u00e8re de droit du travail et du droit de la s\u00e9curit\u00e9 sociale, tant au niveau du conseil que de la gestion de contentieux devant les cours et tribunaux du travail.\" \/>\n<meta property=\"og:url\" content=\"https:\/\/www.daldewolf.com\/fr\/expertise\/pratiques\/droit-social\/\" \/>\n<meta property=\"og:site_name\" content=\"DALDEWOLF\" \/>\n<meta property=\"article:modified_time\" content=\"2022-02-08T13:56:41+00:00\" \/>\n<meta property=\"og:image\" content=\"https:\/\/www.daldewolf.com\/wp-content\/uploads\/2020\/06\/Droit-Social.jpg\" \/>\n\t<meta property=\"og:image:width\" content=\"900\" \/>\n\t<meta property=\"og:image:height\" content=\"600\" \/>\n\t<meta property=\"og:image:type\" content=\"image\/jpeg\" \/>\n<meta name=\"twitter:card\" content=\"summary_large_image\" \/>\n<meta name=\"twitter:label1\" content=\"Dur\u00e9e de lecture estim\u00e9e\" \/>\n\t<meta name=\"twitter:data1\" content=\"1 minute\" \/>\n<script type=\"application\/ld+json\" class=\"yoast-schema-graph\">{\"@context\":\"https:\\\/\\\/schema.org\",\"@graph\":[{\"@type\":\"WebPage\",\"@id\":\"https:\\\/\\\/www.daldewolf.com\\\/fr\\\/expertise\\\/pratiques\\\/droit-social\\\/\",\"url\":\"https:\\\/\\\/www.daldewolf.com\\\/fr\\\/expertise\\\/pratiques\\\/droit-social\\\/\",\"name\":\"Droit du travail de la s\u00e9curit\u00e9 sociale - DALDEWOLF\",\"isPartOf\":{\"@id\":\"https:\\\/\\\/www.daldewolf.com\\\/nl\\\/#website\"},\"primaryImageOfPage\":{\"@id\":\"https:\\\/\\\/www.daldewolf.com\\\/fr\\\/expertise\\\/pratiques\\\/droit-social\\\/#primaryimage\"},\"image\":{\"@id\":\"https:\\\/\\\/www.daldewolf.com\\\/fr\\\/expertise\\\/pratiques\\\/droit-social\\\/#primaryimage\"},\"thumbnailUrl\":\"https:\\\/\\\/www.daldewolf.com\\\/wp-content\\\/uploads\\\/2020\\\/06\\\/Droit-Social.jpg\",\"datePublished\":\"2020-05-26T04:39:46+00:00\",\"dateModified\":\"2022-02-08T13:56:41+00:00\",\"description\":\"Le cabinet offre une gamme compl\u00e8te de services en mati\u00e8re de droit du travail et du droit de la s\u00e9curit\u00e9 sociale, tant au niveau du conseil que de la gestion de contentieux devant les cours et tribunaux du travail.\",\"breadcrumb\":{\"@id\":\"https:\\\/\\\/www.daldewolf.com\\\/fr\\\/expertise\\\/pratiques\\\/droit-social\\\/#breadcrumb\"},\"inLanguage\":\"fr-FR\",\"potentialAction\":[{\"@type\":\"ReadAction\",\"target\":[\"https:\\\/\\\/www.daldewolf.com\\\/fr\\\/expertise\\\/pratiques\\\/droit-social\\\/\"]}]},{\"@type\":\"ImageObject\",\"inLanguage\":\"fr-FR\",\"@id\":\"https:\\\/\\\/www.daldewolf.com\\\/fr\\\/expertise\\\/pratiques\\\/droit-social\\\/#primaryimage\",\"url\":\"https:\\\/\\\/www.daldewolf.com\\\/wp-content\\\/uploads\\\/2020\\\/06\\\/Droit-Social.jpg\",\"contentUrl\":\"https:\\\/\\\/www.daldewolf.com\\\/wp-content\\\/uploads\\\/2020\\\/06\\\/Droit-Social.jpg\",\"width\":900,\"height\":600},{\"@type\":\"BreadcrumbList\",\"@id\":\"https:\\\/\\\/www.daldewolf.com\\\/fr\\\/expertise\\\/pratiques\\\/droit-social\\\/#breadcrumb\",\"itemListElement\":[{\"@type\":\"ListItem\",\"position\":1,\"name\":\"Home\",\"item\":\"https:\\\/\\\/www.daldewolf.com\\\/fr\\\/\"},{\"@type\":\"ListItem\",\"position\":2,\"name\":\"Expertise\",\"item\":\"https:\\\/\\\/www.daldewolf.com\\\/fr\\\/expertise\\\/\"},{\"@type\":\"ListItem\",\"position\":3,\"name\":\"Pratiques\",\"item\":\"https:\\\/\\\/www.daldewolf.com\\\/fr\\\/expertise\\\/pratiques\\\/\"},{\"@type\":\"ListItem\",\"position\":4,\"name\":\"Droit social\"}]},{\"@type\":\"WebSite\",\"@id\":\"https:\\\/\\\/www.daldewolf.com\\\/nl\\\/#website\",\"url\":\"https:\\\/\\\/www.daldewolf.com\\\/nl\\\/\",\"name\":\"DALDEWOLF\",\"description\":\"Independant Law firm, Since 1958.\",\"publisher\":{\"@id\":\"https:\\\/\\\/www.daldewolf.com\\\/nl\\\/#organization\"},\"potentialAction\":[{\"@type\":\"SearchAction\",\"target\":{\"@type\":\"EntryPoint\",\"urlTemplate\":\"https:\\\/\\\/www.daldewolf.com\\\/nl\\\/?s={search_term_string}\"},\"query-input\":{\"@type\":\"PropertyValueSpecification\",\"valueRequired\":true,\"valueName\":\"search_term_string\"}}],\"inLanguage\":\"fr-FR\"},{\"@type\":\"Organization\",\"@id\":\"https:\\\/\\\/www.daldewolf.com\\\/nl\\\/#organization\",\"name\":\"DALDEWOLF\",\"url\":\"https:\\\/\\\/www.daldewolf.com\\\/nl\\\/\",\"logo\":{\"@type\":\"ImageObject\",\"inLanguage\":\"fr-FR\",\"@id\":\"https:\\\/\\\/www.daldewolf.com\\\/nl\\\/#\\\/schema\\\/logo\\\/image\\\/\",\"url\":\"https:\\\/\\\/www.daldewolf.com\\\/wp-content\\\/uploads\\\/2020\\\/05\\\/Logo-Daldewolf.png\",\"contentUrl\":\"https:\\\/\\\/www.daldewolf.com\\\/wp-content\\\/uploads\\\/2020\\\/05\\\/Logo-Daldewolf.png\",\"width\":320,\"height\":40,\"caption\":\"DALDEWOLF\"},\"image\":{\"@id\":\"https:\\\/\\\/www.daldewolf.com\\\/nl\\\/#\\\/schema\\\/logo\\\/image\\\/\"},\"sameAs\":[\"https:\\\/\\\/www.linkedin.com\\\/company\\\/10193320\"]}]}<\/script>\n<!-- \/ Yoast SEO plugin. -->","yoast_head_json":{"title":"Droit du travail de la s\u00e9curit\u00e9 sociale - DALDEWOLF","description":"Le cabinet offre une gamme compl\u00e8te de services en mati\u00e8re de droit du travail et du droit de la s\u00e9curit\u00e9 sociale, tant au niveau du conseil que de la gestion de contentieux devant les cours et tribunaux du travail.","robots":{"index":"index","follow":"follow","max-snippet":"max-snippet:-1","max-image-preview":"max-image-preview:large","max-video-preview":"max-video-preview:-1"},"canonical":"https:\/\/www.daldewolf.com\/fr\/expertise\/pratiques\/droit-social\/","og_locale":"fr_FR","og_type":"article","og_title":"Droit du travail de la s\u00e9curit\u00e9 sociale - DALDEWOLF","og_description":"Le cabinet offre une gamme compl\u00e8te de services en mati\u00e8re de droit du travail et du droit de la s\u00e9curit\u00e9 sociale, tant au niveau du conseil que de la gestion de contentieux devant les cours et tribunaux du travail.","og_url":"https:\/\/www.daldewolf.com\/fr\/expertise\/pratiques\/droit-social\/","og_site_name":"DALDEWOLF","article_modified_time":"2022-02-08T13:56:41+00:00","og_image":[{"width":900,"height":600,"url":"https:\/\/www.daldewolf.com\/wp-content\/uploads\/2020\/06\/Droit-Social.jpg","type":"image\/jpeg"}],"twitter_card":"summary_large_image","twitter_misc":{"Dur\u00e9e de lecture estim\u00e9e":"1 minute"},"schema":{"@context":"https:\/\/schema.org","@graph":[{"@type":"WebPage","@id":"https:\/\/www.daldewolf.com\/fr\/expertise\/pratiques\/droit-social\/","url":"https:\/\/www.daldewolf.com\/fr\/expertise\/pratiques\/droit-social\/","name":"Droit du travail de la s\u00e9curit\u00e9 sociale - DALDEWOLF","isPartOf":{"@id":"https:\/\/www.daldewolf.com\/nl\/#website"},"primaryImageOfPage":{"@id":"https:\/\/www.daldewolf.com\/fr\/expertise\/pratiques\/droit-social\/#primaryimage"},"image":{"@id":"https:\/\/www.daldewolf.com\/fr\/expertise\/pratiques\/droit-social\/#primaryimage"},"thumbnailUrl":"https:\/\/www.daldewolf.com\/wp-content\/uploads\/2020\/06\/Droit-Social.jpg","datePublished":"2020-05-26T04:39:46+00:00","dateModified":"2022-02-08T13:56:41+00:00","description":"Le cabinet offre une gamme compl\u00e8te de services en mati\u00e8re de droit du travail et du droit de la s\u00e9curit\u00e9 sociale, tant au niveau du conseil que de la gestion de contentieux devant les cours et tribunaux du travail.","breadcrumb":{"@id":"https:\/\/www.daldewolf.com\/fr\/expertise\/pratiques\/droit-social\/#breadcrumb"},"inLanguage":"fr-FR","potentialAction":[{"@type":"ReadAction","target":["https:\/\/www.daldewolf.com\/fr\/expertise\/pratiques\/droit-social\/"]}]},{"@type":"ImageObject","inLanguage":"fr-FR","@id":"https:\/\/www.daldewolf.com\/fr\/expertise\/pratiques\/droit-social\/#primaryimage","url":"https:\/\/www.daldewolf.com\/wp-content\/uploads\/2020\/06\/Droit-Social.jpg","contentUrl":"https:\/\/www.daldewolf.com\/wp-content\/uploads\/2020\/06\/Droit-Social.jpg","width":900,"height":600},{"@type":"BreadcrumbList","@id":"https:\/\/www.daldewolf.com\/fr\/expertise\/pratiques\/droit-social\/#breadcrumb","itemListElement":[{"@type":"ListItem","position":1,"name":"Home","item":"https:\/\/www.daldewolf.com\/fr\/"},{"@type":"ListItem","position":2,"name":"Expertise","item":"https:\/\/www.daldewolf.com\/fr\/expertise\/"},{"@type":"ListItem","position":3,"name":"Pratiques","item":"https:\/\/www.daldewolf.com\/fr\/expertise\/pratiques\/"},{"@type":"ListItem","position":4,"name":"Droit social"}]},{"@type":"WebSite","@id":"https:\/\/www.daldewolf.com\/nl\/#website","url":"https:\/\/www.daldewolf.com\/nl\/","name":"DALDEWOLF","description":"Independant Law firm, Since 1958.","publisher":{"@id":"https:\/\/www.daldewolf.com\/nl\/#organization"},"potentialAction":[{"@type":"SearchAction","target":{"@type":"EntryPoint","urlTemplate":"https:\/\/www.daldewolf.com\/nl\/?s={search_term_string}"},"query-input":{"@type":"PropertyValueSpecification","valueRequired":true,"valueName":"search_term_string"}}],"inLanguage":"fr-FR"},{"@type":"Organization","@id":"https:\/\/www.daldewolf.com\/nl\/#organization","name":"DALDEWOLF","url":"https:\/\/www.daldewolf.com\/nl\/","logo":{"@type":"ImageObject","inLanguage":"fr-FR","@id":"https:\/\/www.daldewolf.com\/nl\/#\/schema\/logo\/image\/","url":"https:\/\/www.daldewolf.com\/wp-content\/uploads\/2020\/05\/Logo-Daldewolf.png","contentUrl":"https:\/\/www.daldewolf.com\/wp-content\/uploads\/2020\/05\/Logo-Daldewolf.png","width":320,"height":40,"caption":"DALDEWOLF"},"image":{"@id":"https:\/\/www.daldewolf.com\/nl\/#\/schema\/logo\/image\/"},"sameAs":["https:\/\/www.linkedin.com\/company\/10193320"]}]}},"_links":{"self":[{"href":"https:\/\/www.daldewolf.com\/fr\/wp-json\/wp\/v2\/pages\/168","targetHints":{"allow":["GET"]}}],"collection":[{"href":"https:\/\/www.daldewolf.com\/fr\/wp-json\/wp\/v2\/pages"}],"about":[{"href":"https:\/\/www.daldewolf.com\/fr\/wp-json\/wp\/v2\/types\/page"}],"author":[{"embeddable":true,"href":"https:\/\/www.daldewolf.com\/fr\/wp-json\/wp\/v2\/users\/1"}],"replies":[{"embeddable":true,"href":"https:\/\/www.daldewolf.com\/fr\/wp-json\/wp\/v2\/comments?post=168"}],"version-history":[{"count":0,"href":"https:\/\/www.daldewolf.com\/fr\/wp-json\/wp\/v2\/pages\/168\/revisions"}],"up":[{"embeddable":true,"href":"https:\/\/www.daldewolf.com\/fr\/wp-json\/wp\/v2\/pages\/53"}],"wp:featuredmedia":[{"embeddable":true,"href":"https:\/\/www.daldewolf.com\/fr\/wp-json\/wp\/v2\/media\/823"}],"wp:attachment":[{"href":"https:\/\/www.daldewolf.com\/fr\/wp-json\/wp\/v2\/media?parent=168"}],"curies":[{"name":"wp","href":"https:\/\/api.w.org\/{rel}","templated":true}]}}