{"id":16,"date":"2020-05-13T12:43:40","date_gmt":"2020-05-13T12:43:40","guid":{"rendered":"https:\/\/www.daldewolf.com\/?page_id=16"},"modified":"2023-05-05T14:07:29","modified_gmt":"2023-05-05T13:07:29","slug":"presentation-generale","status":"publish","type":"page","link":"https:\/\/www.daldewolf.com\/fr\/presentation-generale\/","title":{"rendered":"Pr\u00e9sentation g\u00e9n\u00e9rale"},"content":{"rendered":"<section class=\"l-section wpb_row columns-layout-sp-brx height_medium width_full\"><div class=\"l-section-h i-cf\"><div class=\"g-cols vc_row via_flex valign_top type_default stacking_default\"><div class=\"vc_col-sm-4 wpb_column vc_column_container first-column-sp\"><div class=\"vc_column-inner type_sticky\"><div class=\"wpb_wrapper\"><div class=\"wpb_text_column align_center\"><div class=\"wpb_wrapper\"><h2>\u00c0 PROPOS DE DALDEWOLF<\/h2>\n<\/div><\/div><nav class=\"w-menu us_custom_18a67f5f layout_ver style_links us_menu_1\" style=\"--main-gap:1.5rem;--main-ver-indent:0.8em;--main-hor-indent:0.8em;--main-color:inherit;\"><ul id=\"menu-a-propos\" class=\"menu\"><li id=\"menu-item-48\" class=\"menu-item menu-item-type-post_type menu-item-object-page menu-item-48\"><a href=\"https:\/\/www.daldewolf.com\/fr\/presentation-generale\/\">Pr\u00e9sentation g\u00e9n\u00e9rale<\/a><\/li><li id=\"menu-item-135\" class=\"menu-item menu-item-type-post_type menu-item-object-page menu-item-135\"><a href=\"https:\/\/www.daldewolf.com\/fr\/a-propos-de-daldewolf\/vision-et-valeurs\/\">Vision et valeurs<\/a><\/li><li id=\"menu-item-46\" class=\"menu-item menu-item-type-post_type menu-item-object-page menu-item-46\"><a href=\"https:\/\/www.daldewolf.com\/fr\/?page_id=21\">RD Congo<\/a><\/li><\/ul><style>@media ( max-width:600px ){.us_menu_1 .menu{display:block!important}.us_menu_1 .menu>li{margin:0 0 var(--main-gap,1.5rem)!important}}<\/style><\/nav><\/div><\/div><\/div><div class=\"vc_col-sm-4 wpb_column vc_column_container\"><div class=\"vc_column-inner\"><div class=\"wpb_wrapper\"><div class=\"wpb_text_column h1-line-btm\"><div class=\"wpb_wrapper\"><h1>Pr\u00e9sentation g\u00e9n\u00e9rale<\/h1>\n<\/div><\/div><div class=\"wpb_text_column align_justify\"><div class=\"wpb_wrapper\"><p>Nous sommes un cabinet d\u2019avocats sp\u00e9cialis\u00e9 en droit des affaires. Riches d\u2019une longue histoire (il a \u00e9t\u00e9 fond\u00e9 en 1958), nous nous sommes constamment efforc\u00e9s de rester en phase avec l\u2019\u00e9volution du monde et les besoins de nos clients, n\u00e9cessairement changeants.<\/p>\n<p>Nous sommes r\u00e9put\u00e9s pour notre r\u00e9activit\u00e9 et notre ma\u00eetrise des dossiers complexes. Nos clients appr\u00e9cient particuli\u00e8rement notre compr\u00e9hension de leur business, ainsi que notre souci permanent de cr\u00e9ation de valeur par l\u2019apport de solutions pratiques et concr\u00e8tes.<\/p>\n<p>Haute technicit\u00e9, transversalit\u00e9 et excellence sont nos ma\u00eetres-mots.<\/p>\n<p>Notre \u00e9quipe se compose actuellement de 49 avocats, dont 40 dans notre bureau de Bruxelles et 9 dans notre bureau de Kinshasa. Un certain nombre d\u2019entre eux sont inscrits non seulement aux barreaux de Bruxelles et\/ou Kinshasa, mais aussi aux barreaux de New York, Paris ou Gen\u00e8ve.<\/p>\n<p>Pour leurs besoins transfrontaliers, nos clients peuvent compter sur les liens tr\u00e8s forts que nous avons nou\u00e9s avec diff\u00e9rents cabinets d\u2019avocats \u00e0 travers le monde, plus particuli\u00e8rement gr\u00e2ce au r\u00e9seau GENEVA GROUP INTERNATIONAL (GGI) (<a href=\"http:\/\/www.ggi.com\">www.ggi.com<\/a>), dont notre cabinet est membre.\u00a0GGI est une alliance internationale de professionnels du droit et du chiffre, pr\u00e9sents sur les cinq continents, qui partagent les valeurs d\u2019ind\u00e9pendance et l\u2019exigence de qualit\u00e9 du cabinet.<\/p>\n<p>Nous soutenons l\u2019initiative et l\u2019innovation en proposant notamment un accompagnement sp\u00e9cifique pour les startups.<\/p>\n<p>L\u2019excellence de notre cabinet est reconnue par nos clients et nos pairs au sein de la profession. Nos avocats sont ainsi r\u00e9guli\u00e8rement distingu\u00e9s et r\u00e9f\u00e9renc\u00e9s parmi les meilleurs dans leur sp\u00e9cialisation dans les guides juridiques, dont Chambers, Legal 500, Best Lawyers et Leaders League.<\/p>\n<p><strong>Bruxelles<\/strong><\/p>\n<p>Notre bureau de Bruxelles est particuli\u00e8rement actif en arbitrage international et gestion de litiges complexes, droit des soci\u00e9t\u00e9s et financier (dont fusions et acquisitions), droit \u00e9conomique, droit fiscal, droit de la concurrence et droit europ\u00e9en, droit de la propri\u00e9t\u00e9 intellectuelle et droit du num\u00e9rique, restructuration et proc\u00e9dures collectives, droit immobilier et de la construction, droit administratif et des march\u00e9s publics. Nos \u00e9quipes d\u00e9di\u00e9es aux secteurs r\u00e9gul\u00e9s que sont l\u2019\u00e9nergie, les TMT (t\u00e9l\u00e9coms, m\u00e9dias et technologies), les transports et le secteur alimentaire sont reconnues pour leur excellence.<\/p>\n<p><strong>Kinshasa<\/strong><\/p>\n<p>Notre bureau de Kinshasa (R\u00e9publique d\u00e9mocratique du Congo) conseille les investisseurs internationaux et nationaux dans les principaux secteurs de l\u2019\u00e9conomie du pays, qu\u2019ils soient r\u00e9gul\u00e9s (\u00e9nergie, mines, hydrocarbures, t\u00e9l\u00e9coms, assurance, banque) ou non r\u00e9gul\u00e9s (ciment, transport maritime, logistique, agriculture, s\u00e9curit\u00e9, immobilier, etc.).<\/p>\n<\/div><\/div><\/div><\/div><\/div><div class=\"vc_col-sm-4 wpb_column vc_column_container\"><div class=\"vc_column-inner\"><div class=\"wpb_wrapper\"><div class=\"w-grid us_grid type_grid layout_gallery_default cols_1 preload_style_spinner\" id=\"us_grid_1\" style=\"--columns:1;--gap:1.5rem;\" data-filterable=\"true\"><style>.layout_gallery_default .w-grid-item-h{}<\/style><div class=\"w-grid-list\">\t<article class=\"w-grid-item size_1x1 post-667 attachment type-attachment status-inherit hentry\" data-id=\"667\">\r\n\t\t<div class=\"w-grid-item-h\">\r\n\t\t\t\t\t\t<div class=\"w-post-elm post_image usg_post_image_1 stretched\"><img loading=\"lazy\" decoding=\"async\" width=\"800\" height=\"450\" src=\"https:\/\/www.daldewolf.com\/wp-content\/uploads\/2020\/06\/DSC06567.jpg\" class=\"attachment-large size-large\" alt=\"\" srcset=\"https:\/\/www.daldewolf.com\/wp-content\/uploads\/2020\/06\/DSC06567.jpg 800w, https:\/\/www.daldewolf.com\/wp-content\/uploads\/2020\/06\/DSC06567-300x169.jpg 300w\" sizes=\"auto, (max-width: 800px) 100vw, 800px\" \/><\/div>\t\t<\/div>\r\n\t\t\t<\/article>\r\n\t<article class=\"w-grid-item size_1x1 post-1463 attachment type-attachment status-inherit hentry\" data-id=\"1463\">\r\n\t\t<div class=\"w-grid-item-h\">\r\n\t\t\t\t\t\t<div class=\"w-post-elm post_image usg_post_image_1 stretched\"><img loading=\"lazy\" decoding=\"async\" width=\"800\" height=\"450\" src=\"https:\/\/www.daldewolf.com\/wp-content\/uploads\/2020\/11\/7.jpg\" class=\"attachment-large size-large\" alt=\"\" srcset=\"https:\/\/www.daldewolf.com\/wp-content\/uploads\/2020\/11\/7.jpg 800w, https:\/\/www.daldewolf.com\/wp-content\/uploads\/2020\/11\/7-300x169.jpg 300w\" sizes=\"auto, (max-width: 800px) 100vw, 800px\" \/><\/div>\t\t<\/div>\r\n\t\t\t<\/article>\r\n\t<article class=\"w-grid-item size_1x1 post-1465 attachment type-attachment status-inherit hentry\" data-id=\"1465\">\r\n\t\t<div class=\"w-grid-item-h\">\r\n\t\t\t\t\t\t<div class=\"w-post-elm post_image usg_post_image_1 stretched\"><img loading=\"lazy\" decoding=\"async\" width=\"800\" height=\"450\" src=\"https:\/\/www.daldewolf.com\/wp-content\/uploads\/2020\/11\/8.jpg\" class=\"attachment-large size-large\" alt=\"\" srcset=\"https:\/\/www.daldewolf.com\/wp-content\/uploads\/2020\/11\/8.jpg 800w, https:\/\/www.daldewolf.com\/wp-content\/uploads\/2020\/11\/8-300x169.jpg 300w\" sizes=\"auto, (max-width: 800px) 100vw, 800px\" \/><\/div>\t\t<\/div>\r\n\t\t\t<\/article>\r\n<\/div>\t<div class=\"w-grid-preloader\">\r\n\t\t<div class=\"g-preloader type_1\">\r\n\t\t\t<div><\/div>\r\n\t\t<\/div>\r\n\t<\/div>\r\n\t\t<div class=\"w-grid-json hidden\" onclick='return {&quot;action&quot;:&quot;us_ajax_grid&quot;,&quot;infinite_scroll&quot;:0,&quot;max_num_pages&quot;:1,&quot;pagination&quot;:&quot;none&quot;,&quot;template_vars&quot;:{&quot;columns&quot;:&quot;1&quot;,&quot;exclude_items&quot;:&quot;none&quot;,&quot;img_size&quot;:&quot;default&quot;,&quot;ignore_items_size&quot;:0,&quot;items_layout&quot;:&quot;gallery_default&quot;,&quot;items_offset&quot;:&quot;1&quot;,&quot;load_animation&quot;:&quot;none&quot;,&quot;overriding_link&quot;:&quot;{\\&quot;url\\&quot;:\\&quot;\\&quot;}&quot;,&quot;post_id&quot;:0,&quot;query_args&quot;:{&quot;post_type&quot;:[&quot;attachment&quot;],&quot;post__in&quot;:[&quot;667&quot;,&quot;1463&quot;,&quot;1465&quot;],&quot;post_status&quot;:&quot;inherit&quot;,&quot;post_mime_type&quot;:&quot;image&quot;,&quot;posts_per_page&quot;:999},&quot;orderby_query_args&quot;:{&quot;orderby&quot;:{&quot;post__in&quot;:&quot;ASC&quot;},&quot;order&quot;:&quot;ASC&quot;},&quot;type&quot;:&quot;grid&quot;,&quot;us_grid_post_type&quot;:&quot;attachment&quot;,&quot;us_grid_ajax_index&quot;:1,&quot;us_grid_filter_query_string&quot;:null,&quot;us_grid_index&quot;:1,&quot;page_args&quot;:[],&quot;lang&quot;:&quot;fr&quot;}}'><\/div>\r\n\t<\/div><\/div><\/div><\/div><\/div><\/div><\/section>\n","protected":false},"excerpt":{"rendered":"","protected":false},"author":1,"featured_media":0,"parent":0,"menu_order":0,"comment_status":"closed","ping_status":"closed","template":"","meta":{"_acf_changed":false,"footnotes":""},"class_list":["post-16","page","type-page","status-publish","hentry"],"acf":[],"yoast_head":"<!-- This site is optimized with the Yoast SEO plugin v27.3 - https:\/\/yoast.com\/product\/yoast-seo-wordpress\/ -->\n<title>Pr\u00e9sentation g\u00e9n\u00e9rale - DALDEWOLF<\/title>\n<meta name=\"description\" content=\"Nous sommes un cabinet d\u2019avocats sp\u00e9cialis\u00e9 en droit des affaires. Riches d\u2019une longue histoire (il a \u00e9t\u00e9 fond\u00e9 en 1958), nous nous sommes constamment efforc\u00e9s de rester en phase avec l\u2019\u00e9volution du monde et les besoins de nos clients, n\u00e9cessairement changeants.\" \/>\n<meta name=\"robots\" content=\"index, follow, max-snippet:-1, max-image-preview:large, max-video-preview:-1\" \/>\n<link rel=\"canonical\" href=\"https:\/\/www.daldewolf.com\/fr\/presentation-generale\/\" \/>\n<meta property=\"og:locale\" content=\"fr_FR\" \/>\n<meta property=\"og:type\" content=\"article\" \/>\n<meta property=\"og:title\" content=\"Pr\u00e9sentation g\u00e9n\u00e9rale - DALDEWOLF\" \/>\n<meta property=\"og:description\" content=\"Nous sommes un cabinet d\u2019avocats sp\u00e9cialis\u00e9 en droit des affaires. Riches d\u2019une longue histoire (il a \u00e9t\u00e9 fond\u00e9 en 1958), nous nous sommes constamment efforc\u00e9s de rester en phase avec l\u2019\u00e9volution du monde et les besoins de nos clients, n\u00e9cessairement changeants.\" \/>\n<meta property=\"og:url\" content=\"https:\/\/www.daldewolf.com\/fr\/presentation-generale\/\" \/>\n<meta property=\"og:site_name\" content=\"DALDEWOLF\" \/>\n<meta property=\"article:modified_time\" content=\"2023-05-05T13:07:29+00:00\" \/>\n<meta property=\"og:image\" content=\"https:\/\/www.daldewolf.com\/wp-content\/uploads\/2021\/05\/Daldewolf-fb.png\" \/>\n\t<meta property=\"og:image:width\" content=\"600\" \/>\n\t<meta property=\"og:image:height\" content=\"315\" \/>\n\t<meta property=\"og:image:type\" content=\"image\/png\" \/>\n<meta name=\"twitter:card\" content=\"summary_large_image\" \/>\n<meta name=\"twitter:label1\" content=\"Dur\u00e9e de lecture estim\u00e9e\" \/>\n\t<meta name=\"twitter:data1\" content=\"3 minutes\" \/>\n<script type=\"application\/ld+json\" class=\"yoast-schema-graph\">{\"@context\":\"https:\\\/\\\/schema.org\",\"@graph\":[{\"@type\":\"WebPage\",\"@id\":\"https:\\\/\\\/www.daldewolf.com\\\/fr\\\/presentation-generale\\\/\",\"url\":\"https:\\\/\\\/www.daldewolf.com\\\/fr\\\/presentation-generale\\\/\",\"name\":\"Pr\u00e9sentation g\u00e9n\u00e9rale - DALDEWOLF\",\"isPartOf\":{\"@id\":\"https:\\\/\\\/www.daldewolf.com\\\/nl\\\/#website\"},\"datePublished\":\"2020-05-13T12:43:40+00:00\",\"dateModified\":\"2023-05-05T13:07:29+00:00\",\"description\":\"Nous sommes un cabinet d\u2019avocats sp\u00e9cialis\u00e9 en droit des affaires. Riches d\u2019une longue histoire (il a \u00e9t\u00e9 fond\u00e9 en 1958), nous nous sommes constamment efforc\u00e9s de rester en phase avec l\u2019\u00e9volution du monde et les besoins de nos clients, n\u00e9cessairement changeants.\",\"breadcrumb\":{\"@id\":\"https:\\\/\\\/www.daldewolf.com\\\/fr\\\/presentation-generale\\\/#breadcrumb\"},\"inLanguage\":\"fr-FR\",\"potentialAction\":[{\"@type\":\"ReadAction\",\"target\":[\"https:\\\/\\\/www.daldewolf.com\\\/fr\\\/presentation-generale\\\/\"]}]},{\"@type\":\"BreadcrumbList\",\"@id\":\"https:\\\/\\\/www.daldewolf.com\\\/fr\\\/presentation-generale\\\/#breadcrumb\",\"itemListElement\":[{\"@type\":\"ListItem\",\"position\":1,\"name\":\"Home\",\"item\":\"https:\\\/\\\/www.daldewolf.com\\\/fr\\\/\"},{\"@type\":\"ListItem\",\"position\":2,\"name\":\"Pr\u00e9sentation g\u00e9n\u00e9rale\"}]},{\"@type\":\"WebSite\",\"@id\":\"https:\\\/\\\/www.daldewolf.com\\\/nl\\\/#website\",\"url\":\"https:\\\/\\\/www.daldewolf.com\\\/nl\\\/\",\"name\":\"DALDEWOLF\",\"description\":\"Independant Law firm, Since 1958.\",\"publisher\":{\"@id\":\"https:\\\/\\\/www.daldewolf.com\\\/nl\\\/#organization\"},\"potentialAction\":[{\"@type\":\"SearchAction\",\"target\":{\"@type\":\"EntryPoint\",\"urlTemplate\":\"https:\\\/\\\/www.daldewolf.com\\\/nl\\\/?s={search_term_string}\"},\"query-input\":{\"@type\":\"PropertyValueSpecification\",\"valueRequired\":true,\"valueName\":\"search_term_string\"}}],\"inLanguage\":\"fr-FR\"},{\"@type\":\"Organization\",\"@id\":\"https:\\\/\\\/www.daldewolf.com\\\/nl\\\/#organization\",\"name\":\"DALDEWOLF\",\"url\":\"https:\\\/\\\/www.daldewolf.com\\\/nl\\\/\",\"logo\":{\"@type\":\"ImageObject\",\"inLanguage\":\"fr-FR\",\"@id\":\"https:\\\/\\\/www.daldewolf.com\\\/nl\\\/#\\\/schema\\\/logo\\\/image\\\/\",\"url\":\"https:\\\/\\\/www.daldewolf.com\\\/wp-content\\\/uploads\\\/2020\\\/05\\\/Logo-Daldewolf.png\",\"contentUrl\":\"https:\\\/\\\/www.daldewolf.com\\\/wp-content\\\/uploads\\\/2020\\\/05\\\/Logo-Daldewolf.png\",\"width\":320,\"height\":40,\"caption\":\"DALDEWOLF\"},\"image\":{\"@id\":\"https:\\\/\\\/www.daldewolf.com\\\/nl\\\/#\\\/schema\\\/logo\\\/image\\\/\"},\"sameAs\":[\"https:\\\/\\\/www.linkedin.com\\\/company\\\/10193320\"]}]}<\/script>\n<!-- \/ Yoast SEO plugin. -->","yoast_head_json":{"title":"Pr\u00e9sentation g\u00e9n\u00e9rale - DALDEWOLF","description":"Nous sommes un cabinet d\u2019avocats sp\u00e9cialis\u00e9 en droit des affaires. Riches d\u2019une longue histoire (il a \u00e9t\u00e9 fond\u00e9 en 1958), nous nous sommes constamment efforc\u00e9s de rester en phase avec l\u2019\u00e9volution du monde et les besoins de nos clients, n\u00e9cessairement changeants.","robots":{"index":"index","follow":"follow","max-snippet":"max-snippet:-1","max-image-preview":"max-image-preview:large","max-video-preview":"max-video-preview:-1"},"canonical":"https:\/\/www.daldewolf.com\/fr\/presentation-generale\/","og_locale":"fr_FR","og_type":"article","og_title":"Pr\u00e9sentation g\u00e9n\u00e9rale - DALDEWOLF","og_description":"Nous sommes un cabinet d\u2019avocats sp\u00e9cialis\u00e9 en droit des affaires. Riches d\u2019une longue histoire (il a \u00e9t\u00e9 fond\u00e9 en 1958), nous nous sommes constamment efforc\u00e9s de rester en phase avec l\u2019\u00e9volution du monde et les besoins de nos clients, n\u00e9cessairement changeants.","og_url":"https:\/\/www.daldewolf.com\/fr\/presentation-generale\/","og_site_name":"DALDEWOLF","article_modified_time":"2023-05-05T13:07:29+00:00","og_image":[{"width":600,"height":315,"url":"https:\/\/www.daldewolf.com\/wp-content\/uploads\/2021\/05\/Daldewolf-fb.png","type":"image\/png"}],"twitter_card":"summary_large_image","twitter_misc":{"Dur\u00e9e de lecture estim\u00e9e":"3 minutes"},"schema":{"@context":"https:\/\/schema.org","@graph":[{"@type":"WebPage","@id":"https:\/\/www.daldewolf.com\/fr\/presentation-generale\/","url":"https:\/\/www.daldewolf.com\/fr\/presentation-generale\/","name":"Pr\u00e9sentation g\u00e9n\u00e9rale - DALDEWOLF","isPartOf":{"@id":"https:\/\/www.daldewolf.com\/nl\/#website"},"datePublished":"2020-05-13T12:43:40+00:00","dateModified":"2023-05-05T13:07:29+00:00","description":"Nous sommes un cabinet d\u2019avocats sp\u00e9cialis\u00e9 en droit des affaires. Riches d\u2019une longue histoire (il a \u00e9t\u00e9 fond\u00e9 en 1958), nous nous sommes constamment efforc\u00e9s de rester en phase avec l\u2019\u00e9volution du monde et les besoins de nos clients, n\u00e9cessairement changeants.","breadcrumb":{"@id":"https:\/\/www.daldewolf.com\/fr\/presentation-generale\/#breadcrumb"},"inLanguage":"fr-FR","potentialAction":[{"@type":"ReadAction","target":["https:\/\/www.daldewolf.com\/fr\/presentation-generale\/"]}]},{"@type":"BreadcrumbList","@id":"https:\/\/www.daldewolf.com\/fr\/presentation-generale\/#breadcrumb","itemListElement":[{"@type":"ListItem","position":1,"name":"Home","item":"https:\/\/www.daldewolf.com\/fr\/"},{"@type":"ListItem","position":2,"name":"Pr\u00e9sentation g\u00e9n\u00e9rale"}]},{"@type":"WebSite","@id":"https:\/\/www.daldewolf.com\/nl\/#website","url":"https:\/\/www.daldewolf.com\/nl\/","name":"DALDEWOLF","description":"Independant Law firm, Since 1958.","publisher":{"@id":"https:\/\/www.daldewolf.com\/nl\/#organization"},"potentialAction":[{"@type":"SearchAction","target":{"@type":"EntryPoint","urlTemplate":"https:\/\/www.daldewolf.com\/nl\/?s={search_term_string}"},"query-input":{"@type":"PropertyValueSpecification","valueRequired":true,"valueName":"search_term_string"}}],"inLanguage":"fr-FR"},{"@type":"Organization","@id":"https:\/\/www.daldewolf.com\/nl\/#organization","name":"DALDEWOLF","url":"https:\/\/www.daldewolf.com\/nl\/","logo":{"@type":"ImageObject","inLanguage":"fr-FR","@id":"https:\/\/www.daldewolf.com\/nl\/#\/schema\/logo\/image\/","url":"https:\/\/www.daldewolf.com\/wp-content\/uploads\/2020\/05\/Logo-Daldewolf.png","contentUrl":"https:\/\/www.daldewolf.com\/wp-content\/uploads\/2020\/05\/Logo-Daldewolf.png","width":320,"height":40,"caption":"DALDEWOLF"},"image":{"@id":"https:\/\/www.daldewolf.com\/nl\/#\/schema\/logo\/image\/"},"sameAs":["https:\/\/www.linkedin.com\/company\/10193320"]}]}},"_links":{"self":[{"href":"https:\/\/www.daldewolf.com\/fr\/wp-json\/wp\/v2\/pages\/16","targetHints":{"allow":["GET"]}}],"collection":[{"href":"https:\/\/www.daldewolf.com\/fr\/wp-json\/wp\/v2\/pages"}],"about":[{"href":"https:\/\/www.daldewolf.com\/fr\/wp-json\/wp\/v2\/types\/page"}],"author":[{"embeddable":true,"href":"https:\/\/www.daldewolf.com\/fr\/wp-json\/wp\/v2\/users\/1"}],"replies":[{"embeddable":true,"href":"https:\/\/www.daldewolf.com\/fr\/wp-json\/wp\/v2\/comments?post=16"}],"version-history":[{"count":0,"href":"https:\/\/www.daldewolf.com\/fr\/wp-json\/wp\/v2\/pages\/16\/revisions"}],"wp:attachment":[{"href":"https:\/\/www.daldewolf.com\/fr\/wp-json\/wp\/v2\/media?parent=16"}],"curies":[{"name":"wp","href":"https:\/\/api.w.org\/{rel}","templated":true}]}}