{"id":15608,"date":"2024-10-14T18:10:03","date_gmt":"2024-10-14T16:10:03","guid":{"rendered":"https:\/\/www.daldewolf.com\/autres-pays-africains-contact\/"},"modified":"2024-10-16T17:18:10","modified_gmt":"2024-10-16T15:18:10","slug":"autres-pays-africains-contact","status":"publish","type":"page","link":"https:\/\/www.daldewolf.com\/fr\/autres-pays-africains-contact\/","title":{"rendered":"Autres pays africains &#8211; Contact"},"content":{"rendered":"<section class=\"l-section wpb_row height_medium\"><div class=\"l-section-h i-cf\"><div class=\"g-cols vc_row via_flex valign_top type_default stacking_default\"><div class=\"vc_col-sm-4 wpb_column vc_column_container first-column-sp\"><div class=\"vc_column-inner type_sticky\"><div class=\"wpb_wrapper\"><div class=\"wpb_text_column\"><div class=\"wpb_wrapper\"><h2 style=\"text-align: center;\">\u00c0 PROPOS DE<br \/>\nDALDEWOLF EN RDC<\/h2>\n<\/div><\/div><nav class=\"w-menu us_custom_3c67a9ec layout_ver style_links us_menu_1\" style=\"--main-gap:1.5rem;--main-ver-indent:0.8em;--main-hor-indent:0.8em;--main-color:inherit;\" id=\"menu\"><ul id=\"menu-ddw-rdc\" class=\"menu\"><li id=\"menu-item-15632\" class=\"menu-item menu-item-type-post_type menu-item-object-page menu-item-15632\"><a href=\"https:\/\/www.daldewolf.com\/fr\/daldewolf-en-rdc-le-cabinet\/\">Le cabinet et son approche<\/a><\/li><li id=\"menu-item-15630\" class=\"menu-item menu-item-type-post_type menu-item-object-page menu-item-15630\"><a href=\"https:\/\/www.daldewolf.com\/fr\/daldewolf-en-rdc-comment-nous-pouvons-aider\/\">Comment nous pouvons aider<\/a><\/li><li id=\"menu-item-15631\" class=\"menu-item menu-item-type-post_type menu-item-object-page menu-item-15631\"><a href=\"https:\/\/www.daldewolf.com\/fr\/daldewolf-en-rdc-lequipe\/\">L\u2019\u00e9quipe<\/a><\/li><li id=\"menu-item-15628\" class=\"menu-item menu-item-type-post_type menu-item-object-page menu-item-15628\"><a href=\"https:\/\/www.daldewolf.com\/fr\/daldewolf-en-rdc-contact\/\">Contact<\/a><\/li><li id=\"menu-item-15629\" class=\"menu-item menu-item-type-post_type menu-item-object-page menu-item-15629\"><a href=\"https:\/\/www.daldewolf.com\/fr\/daldewolf-en-rdc-conditions-generales\/\">Conditions g\u00e9n\u00e9rales<\/a><\/li><\/ul><style>@media ( max-width:600px ){.us_menu_1 .menu{display:block!important}.us_menu_1 .menu>li:not(:last-child){margin:0 0 var(--main-gap,1.5rem)!important}}<\/style><\/nav><div class=\"w-separator size_medium\"><\/div><div class=\"wpb_text_column\"><div class=\"wpb_wrapper\"><h2 style=\"text-align: center;\">AUTRES PAYS AFRICAINS<\/h2>\n<\/div><\/div><nav class=\"w-menu us_custom_3c67a9ec layout_ver style_links us_menu_2\" style=\"--main-gap:1.5rem;--main-ver-indent:0.8em;--main-hor-indent:0.8em;--main-color:inherit;\"><ul id=\"menu-autres-pays-africains\" class=\"menu\"><li id=\"menu-item-15633\" class=\"menu-item menu-item-type-post_type menu-item-object-page menu-item-15633\"><a href=\"https:\/\/www.daldewolf.com\/fr\/autres-pays-africains-contact\/\">Contact<\/a><\/li><\/ul><style>@media ( max-width:600px ){.us_menu_2 .menu{display:block!important}.us_menu_2 .menu>li:not(:last-child){margin:0 0 var(--main-gap,1.5rem)!important}}<\/style><\/nav><\/div><\/div><\/div><div class=\"vc_col-sm-8 wpb_column vc_column_container\"><div class=\"vc_column-inner\"><div class=\"wpb_wrapper\"><div class=\"wpb_text_column\"><div class=\"wpb_wrapper\"><h2>25+ ANS SUR LE CONTINENT AFRICAIN<\/h2>\n<\/div><\/div><div class=\"wpb_text_column us_custom_432d3f53\"><div class=\"wpb_wrapper\"><p>Gr\u00e2ce \u00e0 une exp\u00e9rience de plus de 25 ans sur le continent africain, DALDEWOLF a construit un large r\u00e9seau comp\u00e9tent \u00e0 travers l&#8217;Afrique francophone et anglophone.<\/p>\n<p>Les avocats forment une \u00e9quipe pluridisciplinaire. Leurs services s&#8217;\u00e9tendent bien au-del\u00e0 de la RDC, couvrant l&#8217;ensemble du continent.<\/p>\n<p>Contactez-nous pour discuter de la mani\u00e8re dont DALDEWOLF peut vous aider avec vos projets et besoins \u00e0 travers l&#8217;Afrique :<\/p>\n<p><strong>ADRESSES DE COURRIER \u00c9LCTRONIQUE<\/strong><br \/>\n<a href=\"mailto:pdw@daldewolf.com\">pdw@daldewolf.com<\/a><br \/>\n<a href=\"mailto:lads@daldewolf.com\">lads@daldewolf.com<\/a><\/p>\n<p><strong>T\u00c9L\u00c9PHONE\/WHATSAPP<\/strong><br \/>\n<strong>Patrick De Wolf<\/strong>, Senior Partner<br \/>\n+32 475 420 708<br \/>\n<a href=\"tel:+32475420708\">Phone<\/a><span>\u00a0<\/span>+<span>\u00a0<\/span><a href=\"https:\/\/wa.me\/+32475420708\" target=\"_blank\" rel=\"noopener\">WhatsApp (chat&amp;appel)<\/a><\/p>\n<p><strong>Laetitia De Smet<\/strong>, Co-Managing Partner<br \/>\n+32 496 064 753<br \/>\n<a href=\"tel:+32496064753\">Phone<\/a><span>\u00a0<\/span>+<span>\u00a0<\/span><a href=\"https:\/\/wa.me\/+32496064753\" target=\"_blank\" rel=\"noopener\">WhatsApp (chat&amp;appel)<\/a><\/p>\n<\/div><\/div><\/div><\/div><\/div><\/div><\/div><\/section>\n","protected":false},"excerpt":{"rendered":"\u00c0 PROPOS DE DALDEWOLF EN RDC Le cabinet et son approcheComment nous pouvons aiderL\u2019\u00e9quipeContactConditions g\u00e9n\u00e9ralesAUTRES PAYS AFRICAINS Contact25+ ANS SUR LE CONTINENT AFRICAIN Gr\u00e2ce \u00e0 une exp\u00e9rience de plus de 25 ans sur le continent africain, DALDEWOLF a construit un large r\u00e9seau comp\u00e9tent \u00e0 travers l&#8217;Afrique francophone et anglophone. Les avocats forment une \u00e9quipe pluridisciplinaire....","protected":false},"author":5,"featured_media":0,"parent":0,"menu_order":0,"comment_status":"closed","ping_status":"closed","template":"","meta":{"_acf_changed":false,"footnotes":""},"class_list":["post-15608","page","type-page","status-publish","hentry"],"acf":[],"yoast_head":"<!-- This site is optimized with the Yoast SEO plugin v27.4 - https:\/\/yoast.com\/product\/yoast-seo-wordpress\/ -->\n<title>Autres pays africains - Contact - DALDEWOLF<\/title>\n<meta name=\"description\" content=\"DALDEWOLF a construit un solide r\u00e9seau d&#039;avocats en Afrique. Contactez-nous pour discuter des mani\u00e8res dont DALDEWOLF peut soutenir vos projets.\" \/>\n<meta name=\"robots\" content=\"index, follow, max-snippet:-1, max-image-preview:large, max-video-preview:-1\" \/>\n<link rel=\"canonical\" href=\"https:\/\/www.daldewolf.com\/fr\/autres-pays-africains-contact\/\" \/>\n<meta property=\"og:locale\" content=\"fr_FR\" \/>\n<meta property=\"og:type\" content=\"article\" \/>\n<meta property=\"og:title\" content=\"Autres pays africains - Contact - DALDEWOLF\" \/>\n<meta property=\"og:description\" content=\"DALDEWOLF a construit un solide r\u00e9seau d&#039;avocats en Afrique. Contactez-nous pour discuter des mani\u00e8res dont DALDEWOLF peut soutenir vos projets.\" \/>\n<meta property=\"og:url\" content=\"https:\/\/www.daldewolf.com\/fr\/autres-pays-africains-contact\/\" \/>\n<meta property=\"og:site_name\" content=\"DALDEWOLF\" \/>\n<meta property=\"article:modified_time\" content=\"2024-10-16T15:18:10+00:00\" \/>\n<meta property=\"og:image\" content=\"https:\/\/www.daldewolf.com\/wp-content\/uploads\/2021\/05\/Daldewolf-fb.png\" \/>\n\t<meta property=\"og:image:width\" content=\"600\" \/>\n\t<meta property=\"og:image:height\" content=\"315\" \/>\n\t<meta property=\"og:image:type\" content=\"image\/png\" \/>\n<meta name=\"twitter:card\" content=\"summary_large_image\" \/>\n<meta name=\"twitter:label1\" content=\"Dur\u00e9e de lecture estim\u00e9e\" \/>\n\t<meta name=\"twitter:data1\" content=\"1 minute\" \/>\n<script type=\"application\/ld+json\" class=\"yoast-schema-graph\">{\"@context\":\"https:\\\/\\\/schema.org\",\"@graph\":[{\"@type\":\"WebPage\",\"@id\":\"https:\\\/\\\/www.daldewolf.com\\\/fr\\\/autres-pays-africains-contact\\\/\",\"url\":\"https:\\\/\\\/www.daldewolf.com\\\/fr\\\/autres-pays-africains-contact\\\/\",\"name\":\"Autres pays africains - Contact - DALDEWOLF\",\"isPartOf\":{\"@id\":\"https:\\\/\\\/www.daldewolf.com\\\/nl\\\/#website\"},\"datePublished\":\"2024-10-14T16:10:03+00:00\",\"dateModified\":\"2024-10-16T15:18:10+00:00\",\"description\":\"DALDEWOLF a construit un solide r\u00e9seau d'avocats en Afrique. Contactez-nous pour discuter des mani\u00e8res dont DALDEWOLF peut soutenir vos projets.\",\"breadcrumb\":{\"@id\":\"https:\\\/\\\/www.daldewolf.com\\\/fr\\\/autres-pays-africains-contact\\\/#breadcrumb\"},\"inLanguage\":\"fr-FR\",\"potentialAction\":[{\"@type\":\"ReadAction\",\"target\":[\"https:\\\/\\\/www.daldewolf.com\\\/fr\\\/autres-pays-africains-contact\\\/\"]}]},{\"@type\":\"BreadcrumbList\",\"@id\":\"https:\\\/\\\/www.daldewolf.com\\\/fr\\\/autres-pays-africains-contact\\\/#breadcrumb\",\"itemListElement\":[{\"@type\":\"ListItem\",\"position\":1,\"name\":\"Home\",\"item\":\"https:\\\/\\\/www.daldewolf.com\\\/fr\\\/\"},{\"@type\":\"ListItem\",\"position\":2,\"name\":\"Autres pays africains &#8211; Contact\"}]},{\"@type\":\"WebSite\",\"@id\":\"https:\\\/\\\/www.daldewolf.com\\\/nl\\\/#website\",\"url\":\"https:\\\/\\\/www.daldewolf.com\\\/nl\\\/\",\"name\":\"DALDEWOLF\",\"description\":\"Independant Law firm, Since 1958.\",\"publisher\":{\"@id\":\"https:\\\/\\\/www.daldewolf.com\\\/nl\\\/#organization\"},\"potentialAction\":[{\"@type\":\"SearchAction\",\"target\":{\"@type\":\"EntryPoint\",\"urlTemplate\":\"https:\\\/\\\/www.daldewolf.com\\\/nl\\\/?s={search_term_string}\"},\"query-input\":{\"@type\":\"PropertyValueSpecification\",\"valueRequired\":true,\"valueName\":\"search_term_string\"}}],\"inLanguage\":\"fr-FR\"},{\"@type\":\"Organization\",\"@id\":\"https:\\\/\\\/www.daldewolf.com\\\/nl\\\/#organization\",\"name\":\"DALDEWOLF\",\"url\":\"https:\\\/\\\/www.daldewolf.com\\\/nl\\\/\",\"logo\":{\"@type\":\"ImageObject\",\"inLanguage\":\"fr-FR\",\"@id\":\"https:\\\/\\\/www.daldewolf.com\\\/nl\\\/#\\\/schema\\\/logo\\\/image\\\/\",\"url\":\"https:\\\/\\\/www.daldewolf.com\\\/wp-content\\\/uploads\\\/2020\\\/05\\\/Logo-Daldewolf.png\",\"contentUrl\":\"https:\\\/\\\/www.daldewolf.com\\\/wp-content\\\/uploads\\\/2020\\\/05\\\/Logo-Daldewolf.png\",\"width\":320,\"height\":40,\"caption\":\"DALDEWOLF\"},\"image\":{\"@id\":\"https:\\\/\\\/www.daldewolf.com\\\/nl\\\/#\\\/schema\\\/logo\\\/image\\\/\"},\"sameAs\":[\"https:\\\/\\\/www.linkedin.com\\\/company\\\/10193320\"]}]}<\/script>\n<!-- \/ Yoast SEO plugin. -->","yoast_head_json":{"title":"Autres pays africains - Contact - DALDEWOLF","description":"DALDEWOLF a construit un solide r\u00e9seau d'avocats en Afrique. Contactez-nous pour discuter des mani\u00e8res dont DALDEWOLF peut soutenir vos projets.","robots":{"index":"index","follow":"follow","max-snippet":"max-snippet:-1","max-image-preview":"max-image-preview:large","max-video-preview":"max-video-preview:-1"},"canonical":"https:\/\/www.daldewolf.com\/fr\/autres-pays-africains-contact\/","og_locale":"fr_FR","og_type":"article","og_title":"Autres pays africains - Contact - DALDEWOLF","og_description":"DALDEWOLF a construit un solide r\u00e9seau d'avocats en Afrique. Contactez-nous pour discuter des mani\u00e8res dont DALDEWOLF peut soutenir vos projets.","og_url":"https:\/\/www.daldewolf.com\/fr\/autres-pays-africains-contact\/","og_site_name":"DALDEWOLF","article_modified_time":"2024-10-16T15:18:10+00:00","og_image":[{"width":600,"height":315,"url":"https:\/\/www.daldewolf.com\/wp-content\/uploads\/2021\/05\/Daldewolf-fb.png","type":"image\/png"}],"twitter_card":"summary_large_image","twitter_misc":{"Dur\u00e9e de lecture estim\u00e9e":"1 minute"},"schema":{"@context":"https:\/\/schema.org","@graph":[{"@type":"WebPage","@id":"https:\/\/www.daldewolf.com\/fr\/autres-pays-africains-contact\/","url":"https:\/\/www.daldewolf.com\/fr\/autres-pays-africains-contact\/","name":"Autres pays africains - Contact - DALDEWOLF","isPartOf":{"@id":"https:\/\/www.daldewolf.com\/nl\/#website"},"datePublished":"2024-10-14T16:10:03+00:00","dateModified":"2024-10-16T15:18:10+00:00","description":"DALDEWOLF a construit un solide r\u00e9seau d'avocats en Afrique. Contactez-nous pour discuter des mani\u00e8res dont DALDEWOLF peut soutenir vos projets.","breadcrumb":{"@id":"https:\/\/www.daldewolf.com\/fr\/autres-pays-africains-contact\/#breadcrumb"},"inLanguage":"fr-FR","potentialAction":[{"@type":"ReadAction","target":["https:\/\/www.daldewolf.com\/fr\/autres-pays-africains-contact\/"]}]},{"@type":"BreadcrumbList","@id":"https:\/\/www.daldewolf.com\/fr\/autres-pays-africains-contact\/#breadcrumb","itemListElement":[{"@type":"ListItem","position":1,"name":"Home","item":"https:\/\/www.daldewolf.com\/fr\/"},{"@type":"ListItem","position":2,"name":"Autres pays africains &#8211; Contact"}]},{"@type":"WebSite","@id":"https:\/\/www.daldewolf.com\/nl\/#website","url":"https:\/\/www.daldewolf.com\/nl\/","name":"DALDEWOLF","description":"Independant Law firm, Since 1958.","publisher":{"@id":"https:\/\/www.daldewolf.com\/nl\/#organization"},"potentialAction":[{"@type":"SearchAction","target":{"@type":"EntryPoint","urlTemplate":"https:\/\/www.daldewolf.com\/nl\/?s={search_term_string}"},"query-input":{"@type":"PropertyValueSpecification","valueRequired":true,"valueName":"search_term_string"}}],"inLanguage":"fr-FR"},{"@type":"Organization","@id":"https:\/\/www.daldewolf.com\/nl\/#organization","name":"DALDEWOLF","url":"https:\/\/www.daldewolf.com\/nl\/","logo":{"@type":"ImageObject","inLanguage":"fr-FR","@id":"https:\/\/www.daldewolf.com\/nl\/#\/schema\/logo\/image\/","url":"https:\/\/www.daldewolf.com\/wp-content\/uploads\/2020\/05\/Logo-Daldewolf.png","contentUrl":"https:\/\/www.daldewolf.com\/wp-content\/uploads\/2020\/05\/Logo-Daldewolf.png","width":320,"height":40,"caption":"DALDEWOLF"},"image":{"@id":"https:\/\/www.daldewolf.com\/nl\/#\/schema\/logo\/image\/"},"sameAs":["https:\/\/www.linkedin.com\/company\/10193320"]}]}},"_links":{"self":[{"href":"https:\/\/www.daldewolf.com\/fr\/wp-json\/wp\/v2\/pages\/15608","targetHints":{"allow":["GET"]}}],"collection":[{"href":"https:\/\/www.daldewolf.com\/fr\/wp-json\/wp\/v2\/pages"}],"about":[{"href":"https:\/\/www.daldewolf.com\/fr\/wp-json\/wp\/v2\/types\/page"}],"author":[{"embeddable":true,"href":"https:\/\/www.daldewolf.com\/fr\/wp-json\/wp\/v2\/users\/5"}],"replies":[{"embeddable":true,"href":"https:\/\/www.daldewolf.com\/fr\/wp-json\/wp\/v2\/comments?post=15608"}],"version-history":[{"count":0,"href":"https:\/\/www.daldewolf.com\/fr\/wp-json\/wp\/v2\/pages\/15608\/revisions"}],"wp:attachment":[{"href":"https:\/\/www.daldewolf.com\/fr\/wp-json\/wp\/v2\/media?parent=15608"}],"curies":[{"name":"wp","href":"https:\/\/api.w.org\/{rel}","templated":true}]}}