{"id":15602,"date":"2024-10-14T17:55:00","date_gmt":"2024-10-14T15:55:00","guid":{"rendered":"https:\/\/www.daldewolf.com\/daldewolf-en-rdc-contact\/"},"modified":"2025-10-30T10:55:02","modified_gmt":"2025-10-30T09:55:02","slug":"daldewolf-en-rdc-contact","status":"publish","type":"page","link":"https:\/\/www.daldewolf.com\/fr\/daldewolf-en-rdc-contact\/","title":{"rendered":"DALDEWOLF en RDC &#8211; Contact"},"content":{"rendered":"<section class=\"l-section wpb_row height_medium\"><div class=\"l-section-h i-cf\"><div class=\"g-cols vc_row via_flex valign_top type_default stacking_default\"><div class=\"vc_col-sm-4 wpb_column vc_column_container first-column-sp\"><div class=\"vc_column-inner type_sticky\"><div class=\"wpb_wrapper\"><div class=\"wpb_text_column\"><div class=\"wpb_wrapper\"><h2 style=\"text-align: center;\">\u00c0 PROPOS DE<br \/>\nDALDEWOLF EN DRC<\/h2>\n<\/div><\/div><nav class=\"w-menu us_custom_3c67a9ec layout_ver style_links us_menu_1\" style=\"--main-gap:1.5rem;--main-ver-indent:0.8em;--main-hor-indent:0.8em;--main-color:inherit;\" id=\"menu\"><ul id=\"menu-ddw-rdc\" class=\"menu\"><li id=\"menu-item-15632\" class=\"menu-item menu-item-type-post_type menu-item-object-page menu-item-15632\"><a href=\"https:\/\/www.daldewolf.com\/fr\/daldewolf-en-rdc-le-cabinet\/\">Le cabinet et son approche<\/a><\/li><li id=\"menu-item-15630\" class=\"menu-item menu-item-type-post_type menu-item-object-page menu-item-15630\"><a href=\"https:\/\/www.daldewolf.com\/fr\/daldewolf-en-rdc-comment-nous-pouvons-aider\/\">Comment nous pouvons aider<\/a><\/li><li id=\"menu-item-15631\" class=\"menu-item menu-item-type-post_type menu-item-object-page menu-item-15631\"><a href=\"https:\/\/www.daldewolf.com\/fr\/daldewolf-en-rdc-lequipe\/\">L\u2019\u00e9quipe<\/a><\/li><li id=\"menu-item-15628\" class=\"menu-item menu-item-type-post_type menu-item-object-page menu-item-15628\"><a href=\"https:\/\/www.daldewolf.com\/fr\/daldewolf-en-rdc-contact\/\">Contact<\/a><\/li><li id=\"menu-item-15629\" class=\"menu-item menu-item-type-post_type menu-item-object-page menu-item-15629\"><a href=\"https:\/\/www.daldewolf.com\/fr\/daldewolf-en-rdc-conditions-generales\/\">Conditions g\u00e9n\u00e9rales<\/a><\/li><\/ul><style>@media ( max-width:600px ){.us_menu_1 .menu{display:block!important}.us_menu_1 .menu>li:not(:last-child){margin:0 0 var(--main-gap,1.5rem)!important}}<\/style><\/nav><div class=\"w-separator size_medium\"><\/div><div class=\"wpb_text_column\"><div class=\"wpb_wrapper\"><h2 style=\"text-align: center;\">AUTRES PAYS AFRICAINS<\/h2>\n<\/div><\/div><nav class=\"w-menu us_custom_3c67a9ec layout_ver style_links us_menu_2\" style=\"--main-gap:1.5rem;--main-ver-indent:0.8em;--main-hor-indent:0.8em;--main-color:inherit;\"><ul id=\"menu-autres-pays-africains\" class=\"menu\"><li id=\"menu-item-15633\" class=\"menu-item menu-item-type-post_type menu-item-object-page menu-item-15633\"><a href=\"https:\/\/www.daldewolf.com\/fr\/autres-pays-africains-contact\/\">Contact<\/a><\/li><\/ul><style>@media ( max-width:600px ){.us_menu_2 .menu{display:block!important}.us_menu_2 .menu>li:not(:last-child){margin:0 0 var(--main-gap,1.5rem)!important}}<\/style><\/nav><\/div><\/div><\/div><div class=\"vc_col-sm-8 wpb_column vc_column_container\"><div class=\"vc_column-inner\"><div class=\"wpb_wrapper\"><div class=\"wpb_text_column\"><div class=\"wpb_wrapper\"><h2>PRENEZ CONTACT<\/h2>\n<\/div><\/div><div class=\"wpb_text_column\"><div class=\"wpb_wrapper\"><p>N\u2019h\u00e9sitez pas \u00e0 nous contacter si vous souhaitez recevoir plus d\u2019informations sur les activit\u00e9s et services de DALDEWOLF en RDC.<\/p>\n<p>Sur demande, nous pouvons \u00e9galement vous envoyer nos r\u00e9f\u00e9rences.<\/p>\n<p>Voici nos coordonn\u00e9es :<\/p>\n<\/div><\/div><div class=\"g-cols wpb_row via_flex valign_top type_default stacking_default\"><div class=\"vc_col-sm-12 wpb_column vc_column_container\"><div class=\"vc_column-inner\"><div class=\"wpb_wrapper\"><div class=\"wpb_text_column\"><div class=\"wpb_wrapper\"><table>\n<tbody>\n<tr>\n<th>\n<h3 style=\"text-align: left;\"><strong>Bureau de Kinshasa<\/strong><\/h3>\n<\/th>\n<th>\n<h3 style=\"text-align: left;\"><strong>Bureau de Kolwezi<\/strong><\/h3>\n<\/th>\n<\/tr>\n<tr>\n<td>4972 Avenue de la Vall\u00e9e<br \/>\nR\u00e9sidence \u201cPrestige\u201d<br \/>\nKinshasa\/Gombe<br \/>\nD.R. Congo<\/td>\n<td>Kolwezi Residence &#8211; app. A 22 &#8211;\u00a02i\u00e8me \u00e9tage b\u00e2timent A<br \/>\nBoulevard LD Kabila n\u00b0 1615<br \/>\nQuartier Mutoshi<br \/>\nKolwezi\/Manika<br \/>\nD.R. Congo<\/td>\n<\/tr>\n<\/tbody>\n<\/table>\n<p>Le bureau de DALDEWOLF \u00e0 Kinshasa, la capitale de la R\u00e9publique D\u00e9mocratique du Congo, est situ\u00e9 au c\u0153ur du quartier des affaires et du gouvernement. Il se trouve \u00e0 quelques minutes des principaux h\u00f4tels internationaux de la ville, ce qui facilite l&#8217;organisation de r\u00e9unions d&#8217;affaires et de conf\u00e9rences.<\/p>\n<p><strong>ADRESSES DE COURRIER \u00c9LECTRONIQUE<\/strong><br \/>\n<a href=\"mailto:info.rdc@daldewolf.com\">info.rdc@daldewolf.com<\/a><br \/>\n<a href=\"mailto:pdw@daldewolf.com\">pdw@daldewolf.com<\/a><br \/>\n<a href=\"mailto:lads@daldewolf.com\">lads@daldewolf.com<\/a><\/p>\n<p><strong>T\u00c9L\u00c9PHONE\/WHATSAPP<\/strong><br \/>\n<strong>Patrick De Wolf<\/strong>, Pr\u00e9sident DALDEWOLF RDC SAS<br \/>\n+32 475 420 708<br \/>\n<a href=\"tel:+32475420708\">Phone<\/a> + <a href=\"https:\/\/wa.me\/+32475420708\" target=\"_blank\" rel=\"noopener\">WhatsApp (chat&amp;appel)<\/a><\/p>\n<p><strong>Laetitia De Smet<\/strong>, Co-Managing Partner<br \/>\n+32 496 064 753<br \/>\n<a href=\"tel:+32496064753\">Phone<\/a> + <a href=\"https:\/\/wa.me\/+32496064753\" target=\"_blank\" rel=\"noopener\">WhatsApp (chat&amp;appel)<\/a><\/p>\n<p><strong>Guy Kapita Matondo<\/strong>, Associ\u00e9 Local<br \/>\n+243 903 790 419<br \/>\n<a href=\"tel:+243903790419\">Phone<\/a> + <a href=\"https:\/\/wa.me\/+243903790419\" target=\"_blank\" rel=\"noopener\">WhatsApp (chat&amp;appel)<\/a><\/p>\n<\/div><\/div><\/div><\/div><\/div><\/div><\/div><\/div><\/div><\/div><\/div><\/section>\n","protected":false},"excerpt":{"rendered":"\u00c0 PROPOS DE DALDEWOLF EN DRC Le cabinet et son approcheComment nous pouvons aiderL\u2019\u00e9quipeContactConditions g\u00e9n\u00e9ralesAUTRES PAYS AFRICAINS ContactPRENEZ CONTACT N\u2019h\u00e9sitez pas \u00e0 nous contacter si vous souhaitez recevoir plus d\u2019informations sur les activit\u00e9s et services de DALDEWOLF en RDC. Sur demande, nous pouvons \u00e9galement vous envoyer nos r\u00e9f\u00e9rences. Voici nos coordonn\u00e9es : Bureau de Kinshasa...","protected":false},"author":5,"featured_media":0,"parent":0,"menu_order":0,"comment_status":"closed","ping_status":"closed","template":"","meta":{"_acf_changed":false,"footnotes":""},"class_list":["post-15602","page","type-page","status-publish","hentry"],"acf":[],"yoast_head":"<!-- This site is optimized with the Yoast SEO plugin v27.4 - https:\/\/yoast.com\/product\/yoast-seo-wordpress\/ -->\n<title>DALDEWOLF en RDC - Contact - DALDEWOLF<\/title>\n<meta name=\"robots\" content=\"index, follow, max-snippet:-1, max-image-preview:large, max-video-preview:-1\" \/>\n<link rel=\"canonical\" href=\"https:\/\/www.daldewolf.com\/fr\/daldewolf-en-rdc-contact\/\" \/>\n<meta property=\"og:locale\" content=\"fr_FR\" \/>\n<meta property=\"og:type\" content=\"article\" \/>\n<meta property=\"og:title\" content=\"DALDEWOLF en RDC - Contact - DALDEWOLF\" \/>\n<meta property=\"og:url\" content=\"https:\/\/www.daldewolf.com\/fr\/daldewolf-en-rdc-contact\/\" \/>\n<meta property=\"og:site_name\" content=\"DALDEWOLF\" \/>\n<meta property=\"article:modified_time\" content=\"2025-10-30T09:55:02+00:00\" \/>\n<meta property=\"og:image\" content=\"https:\/\/www.daldewolf.com\/wp-content\/uploads\/2021\/05\/Daldewolf-fb.png\" \/>\n\t<meta property=\"og:image:width\" content=\"600\" \/>\n\t<meta property=\"og:image:height\" content=\"315\" \/>\n\t<meta property=\"og:image:type\" content=\"image\/png\" \/>\n<meta name=\"twitter:card\" content=\"summary_large_image\" \/>\n<meta name=\"twitter:label1\" content=\"Dur\u00e9e de lecture estim\u00e9e\" \/>\n\t<meta name=\"twitter:data1\" content=\"1 minute\" \/>\n<script type=\"application\/ld+json\" class=\"yoast-schema-graph\">{\"@context\":\"https:\\\/\\\/schema.org\",\"@graph\":[{\"@type\":\"WebPage\",\"@id\":\"https:\\\/\\\/www.daldewolf.com\\\/fr\\\/daldewolf-en-rdc-contact\\\/\",\"url\":\"https:\\\/\\\/www.daldewolf.com\\\/fr\\\/daldewolf-en-rdc-contact\\\/\",\"name\":\"DALDEWOLF en RDC - Contact - DALDEWOLF\",\"isPartOf\":{\"@id\":\"https:\\\/\\\/www.daldewolf.com\\\/nl\\\/#website\"},\"datePublished\":\"2024-10-14T15:55:00+00:00\",\"dateModified\":\"2025-10-30T09:55:02+00:00\",\"breadcrumb\":{\"@id\":\"https:\\\/\\\/www.daldewolf.com\\\/fr\\\/daldewolf-en-rdc-contact\\\/#breadcrumb\"},\"inLanguage\":\"fr-FR\",\"potentialAction\":[{\"@type\":\"ReadAction\",\"target\":[\"https:\\\/\\\/www.daldewolf.com\\\/fr\\\/daldewolf-en-rdc-contact\\\/\"]}]},{\"@type\":\"BreadcrumbList\",\"@id\":\"https:\\\/\\\/www.daldewolf.com\\\/fr\\\/daldewolf-en-rdc-contact\\\/#breadcrumb\",\"itemListElement\":[{\"@type\":\"ListItem\",\"position\":1,\"name\":\"Home\",\"item\":\"https:\\\/\\\/www.daldewolf.com\\\/fr\\\/\"},{\"@type\":\"ListItem\",\"position\":2,\"name\":\"DALDEWOLF en RDC &#8211; Contact\"}]},{\"@type\":\"WebSite\",\"@id\":\"https:\\\/\\\/www.daldewolf.com\\\/nl\\\/#website\",\"url\":\"https:\\\/\\\/www.daldewolf.com\\\/nl\\\/\",\"name\":\"DALDEWOLF\",\"description\":\"Independant Law firm, Since 1958.\",\"publisher\":{\"@id\":\"https:\\\/\\\/www.daldewolf.com\\\/nl\\\/#organization\"},\"potentialAction\":[{\"@type\":\"SearchAction\",\"target\":{\"@type\":\"EntryPoint\",\"urlTemplate\":\"https:\\\/\\\/www.daldewolf.com\\\/nl\\\/?s={search_term_string}\"},\"query-input\":{\"@type\":\"PropertyValueSpecification\",\"valueRequired\":true,\"valueName\":\"search_term_string\"}}],\"inLanguage\":\"fr-FR\"},{\"@type\":\"Organization\",\"@id\":\"https:\\\/\\\/www.daldewolf.com\\\/nl\\\/#organization\",\"name\":\"DALDEWOLF\",\"url\":\"https:\\\/\\\/www.daldewolf.com\\\/nl\\\/\",\"logo\":{\"@type\":\"ImageObject\",\"inLanguage\":\"fr-FR\",\"@id\":\"https:\\\/\\\/www.daldewolf.com\\\/nl\\\/#\\\/schema\\\/logo\\\/image\\\/\",\"url\":\"https:\\\/\\\/www.daldewolf.com\\\/wp-content\\\/uploads\\\/2020\\\/05\\\/Logo-Daldewolf.png\",\"contentUrl\":\"https:\\\/\\\/www.daldewolf.com\\\/wp-content\\\/uploads\\\/2020\\\/05\\\/Logo-Daldewolf.png\",\"width\":320,\"height\":40,\"caption\":\"DALDEWOLF\"},\"image\":{\"@id\":\"https:\\\/\\\/www.daldewolf.com\\\/nl\\\/#\\\/schema\\\/logo\\\/image\\\/\"},\"sameAs\":[\"https:\\\/\\\/www.linkedin.com\\\/company\\\/10193320\"]}]}<\/script>\n<!-- \/ Yoast SEO plugin. -->","yoast_head_json":{"title":"DALDEWOLF en RDC - Contact - DALDEWOLF","robots":{"index":"index","follow":"follow","max-snippet":"max-snippet:-1","max-image-preview":"max-image-preview:large","max-video-preview":"max-video-preview:-1"},"canonical":"https:\/\/www.daldewolf.com\/fr\/daldewolf-en-rdc-contact\/","og_locale":"fr_FR","og_type":"article","og_title":"DALDEWOLF en RDC - Contact - DALDEWOLF","og_url":"https:\/\/www.daldewolf.com\/fr\/daldewolf-en-rdc-contact\/","og_site_name":"DALDEWOLF","article_modified_time":"2025-10-30T09:55:02+00:00","og_image":[{"width":600,"height":315,"url":"https:\/\/www.daldewolf.com\/wp-content\/uploads\/2021\/05\/Daldewolf-fb.png","type":"image\/png"}],"twitter_card":"summary_large_image","twitter_misc":{"Dur\u00e9e de lecture estim\u00e9e":"1 minute"},"schema":{"@context":"https:\/\/schema.org","@graph":[{"@type":"WebPage","@id":"https:\/\/www.daldewolf.com\/fr\/daldewolf-en-rdc-contact\/","url":"https:\/\/www.daldewolf.com\/fr\/daldewolf-en-rdc-contact\/","name":"DALDEWOLF en RDC - Contact - DALDEWOLF","isPartOf":{"@id":"https:\/\/www.daldewolf.com\/nl\/#website"},"datePublished":"2024-10-14T15:55:00+00:00","dateModified":"2025-10-30T09:55:02+00:00","breadcrumb":{"@id":"https:\/\/www.daldewolf.com\/fr\/daldewolf-en-rdc-contact\/#breadcrumb"},"inLanguage":"fr-FR","potentialAction":[{"@type":"ReadAction","target":["https:\/\/www.daldewolf.com\/fr\/daldewolf-en-rdc-contact\/"]}]},{"@type":"BreadcrumbList","@id":"https:\/\/www.daldewolf.com\/fr\/daldewolf-en-rdc-contact\/#breadcrumb","itemListElement":[{"@type":"ListItem","position":1,"name":"Home","item":"https:\/\/www.daldewolf.com\/fr\/"},{"@type":"ListItem","position":2,"name":"DALDEWOLF en RDC &#8211; Contact"}]},{"@type":"WebSite","@id":"https:\/\/www.daldewolf.com\/nl\/#website","url":"https:\/\/www.daldewolf.com\/nl\/","name":"DALDEWOLF","description":"Independant Law firm, Since 1958.","publisher":{"@id":"https:\/\/www.daldewolf.com\/nl\/#organization"},"potentialAction":[{"@type":"SearchAction","target":{"@type":"EntryPoint","urlTemplate":"https:\/\/www.daldewolf.com\/nl\/?s={search_term_string}"},"query-input":{"@type":"PropertyValueSpecification","valueRequired":true,"valueName":"search_term_string"}}],"inLanguage":"fr-FR"},{"@type":"Organization","@id":"https:\/\/www.daldewolf.com\/nl\/#organization","name":"DALDEWOLF","url":"https:\/\/www.daldewolf.com\/nl\/","logo":{"@type":"ImageObject","inLanguage":"fr-FR","@id":"https:\/\/www.daldewolf.com\/nl\/#\/schema\/logo\/image\/","url":"https:\/\/www.daldewolf.com\/wp-content\/uploads\/2020\/05\/Logo-Daldewolf.png","contentUrl":"https:\/\/www.daldewolf.com\/wp-content\/uploads\/2020\/05\/Logo-Daldewolf.png","width":320,"height":40,"caption":"DALDEWOLF"},"image":{"@id":"https:\/\/www.daldewolf.com\/nl\/#\/schema\/logo\/image\/"},"sameAs":["https:\/\/www.linkedin.com\/company\/10193320"]}]}},"_links":{"self":[{"href":"https:\/\/www.daldewolf.com\/fr\/wp-json\/wp\/v2\/pages\/15602","targetHints":{"allow":["GET"]}}],"collection":[{"href":"https:\/\/www.daldewolf.com\/fr\/wp-json\/wp\/v2\/pages"}],"about":[{"href":"https:\/\/www.daldewolf.com\/fr\/wp-json\/wp\/v2\/types\/page"}],"author":[{"embeddable":true,"href":"https:\/\/www.daldewolf.com\/fr\/wp-json\/wp\/v2\/users\/5"}],"replies":[{"embeddable":true,"href":"https:\/\/www.daldewolf.com\/fr\/wp-json\/wp\/v2\/comments?post=15602"}],"version-history":[{"count":7,"href":"https:\/\/www.daldewolf.com\/fr\/wp-json\/wp\/v2\/pages\/15602\/revisions"}],"predecessor-version":[{"id":18035,"href":"https:\/\/www.daldewolf.com\/fr\/wp-json\/wp\/v2\/pages\/15602\/revisions\/18035"}],"wp:attachment":[{"href":"https:\/\/www.daldewolf.com\/fr\/wp-json\/wp\/v2\/media?parent=15602"}],"curies":[{"name":"wp","href":"https:\/\/api.w.org\/{rel}","templated":true}]}}