{"id":15572,"date":"2024-10-14T16:20:54","date_gmt":"2024-10-14T14:20:54","guid":{"rendered":"https:\/\/www.daldewolf.com\/daldewolf-en-rdc-le-cabinet\/"},"modified":"2024-10-15T11:49:23","modified_gmt":"2024-10-15T09:49:23","slug":"daldewolf-en-rdc-le-cabinet","status":"publish","type":"page","link":"https:\/\/www.daldewolf.com\/fr\/daldewolf-en-rdc-le-cabinet\/","title":{"rendered":"DALDEWOLF en RDC &#8211; Le Cabinet"},"content":{"rendered":"<section class=\"l-section wpb_row height_medium\"><div class=\"l-section-h i-cf\"><div class=\"g-cols vc_row via_flex valign_top type_default stacking_default\"><div class=\"vc_col-sm-4 wpb_column vc_column_container first-column-sp\"><div class=\"vc_column-inner type_sticky\"><div class=\"wpb_wrapper\"><div class=\"wpb_text_column\"><div class=\"wpb_wrapper\"><h2 style=\"text-align: center;\">\u00c0 PROPOS DE<br \/>\nDALDEWOLF EN RDC<\/h2>\n<\/div><\/div><nav class=\"w-menu us_custom_3c67a9ec layout_ver style_links us_menu_1\" style=\"--main-gap:1.5rem;--main-ver-indent:0.8em;--main-hor-indent:0.8em;--main-color:inherit;\" id=\"menu\"><ul id=\"menu-ddw-rdc\" class=\"menu\"><li id=\"menu-item-15632\" class=\"menu-item menu-item-type-post_type menu-item-object-page menu-item-15632\"><a href=\"https:\/\/www.daldewolf.com\/fr\/daldewolf-en-rdc-le-cabinet\/\">Le cabinet et son approche<\/a><\/li><li id=\"menu-item-15630\" class=\"menu-item menu-item-type-post_type menu-item-object-page menu-item-15630\"><a href=\"https:\/\/www.daldewolf.com\/fr\/daldewolf-en-rdc-comment-nous-pouvons-aider\/\">Comment nous pouvons aider<\/a><\/li><li id=\"menu-item-15631\" class=\"menu-item menu-item-type-post_type menu-item-object-page menu-item-15631\"><a href=\"https:\/\/www.daldewolf.com\/fr\/daldewolf-en-rdc-lequipe\/\">L\u2019\u00e9quipe<\/a><\/li><li id=\"menu-item-15628\" class=\"menu-item menu-item-type-post_type menu-item-object-page menu-item-15628\"><a href=\"https:\/\/www.daldewolf.com\/fr\/daldewolf-en-rdc-contact\/\">Contact<\/a><\/li><li id=\"menu-item-15629\" class=\"menu-item menu-item-type-post_type menu-item-object-page menu-item-15629\"><a href=\"https:\/\/www.daldewolf.com\/fr\/daldewolf-en-rdc-conditions-generales\/\">Conditions g\u00e9n\u00e9rales<\/a><\/li><\/ul><style>@media ( max-width:600px ){.us_menu_1 .menu{display:block!important}.us_menu_1 .menu>li{margin:0 0 var(--main-gap,1.5rem)!important}}<\/style><\/nav><div class=\"w-separator size_medium\"><\/div><div class=\"wpb_text_column\"><div class=\"wpb_wrapper\"><h2 style=\"text-align: center;\">AUTRES PAYS AFRICAINS<\/h2>\n<\/div><\/div><nav class=\"w-menu us_custom_3c67a9ec layout_ver style_links us_menu_2\" style=\"--main-gap:1.5rem;--main-ver-indent:0.8em;--main-hor-indent:0.8em;--main-color:inherit;\"><ul id=\"menu-autres-pays-africains\" class=\"menu\"><li id=\"menu-item-15633\" class=\"menu-item menu-item-type-post_type menu-item-object-page menu-item-15633\"><a href=\"https:\/\/www.daldewolf.com\/fr\/autres-pays-africains-contact\/\">Contact<\/a><\/li><\/ul><style>@media ( max-width:600px ){.us_menu_2 .menu{display:block!important}.us_menu_2 .menu>li{margin:0 0 var(--main-gap,1.5rem)!important}}<\/style><\/nav><\/div><\/div><\/div><div class=\"vc_col-sm-8 wpb_column vc_column_container\"><div class=\"vc_column-inner\"><div class=\"wpb_wrapper\"><div class=\"wpb_text_column\"><div class=\"wpb_wrapper\"><h2>LE CABINET ET SON APPROCHE<\/h2>\n<\/div><\/div><div class=\"wpb_text_column\"><div class=\"wpb_wrapper\"><p><strong>DALDEWOLF est un <em>one-stop-shop<\/em> pour les entreprises locales et internationales, les entrepreneurs et les investisseurs en RDC.<\/strong><\/p>\n<\/div><\/div><div class=\"g-cols wpb_row via_flex valign_top type_default stacking_default\"><div class=\"vc_col-sm-9 wpb_column vc_column_container\"><div class=\"vc_column-inner\"><div class=\"wpb_wrapper\"><div class=\"wpb_text_column us_custom_432d3f53\"><div class=\"wpb_wrapper\"><p>Le cabinet poss\u00e8de une connaissance approfondie et exhaustive \u00e0 la fois du droit national et du droit OHADA. L&#8217;\u00e9quipe est fi\u00e8re de cultiver l&#8217;ouverture d&#8217;esprit, abordant chaque dossier avec cr\u00e9ativit\u00e9, pragmatisme et efficacit\u00e9, tout en maintenant la plus grande pr\u00e9cision et une expertise juridique de pointe.<\/p>\n<p>Les avocats b\u00e9n\u00e9ficient de nombreuses ann\u00e9es d&#8217;exp\u00e9rience pratique. Ils ma\u00eetrisent les rouages et naviguent avec aisance \u00e0 travers les diff\u00e9rentes administrations, ce qui en fait des alli\u00e9s indispensables pour tout projet.<\/p>\n<p>L&#8217;un des points forts de DALDEWOLF r\u00e9side dans l&#8217;exp\u00e9rience consid\u00e9rable de l&#8217;\u00e9quipe contentieuse. Ils plaident quotidiennement devant les cours et tribunaux de la RDC et ils participent \u00e0 des arbitrages complexes. Cette exp\u00e9rience permet \u00e0 DALDEWOLF d&#8217;anticiper efficacement les litiges potentiels dans les contrats et avis.<\/p>\n<\/div><\/div><\/div><\/div><\/div><div class=\"vc_col-sm-3 wpb_column vc_column_container\"><div class=\"vc_column-inner\"><div class=\"wpb_wrapper\"><div class=\"w-image has_ratio align_none\"><div class=\"w-image-h\"><div style=\"padding-bottom:100%\"><\/div><img decoding=\"async\" width=\"500\" height=\"345\" src=\"https:\/\/www.daldewolf.com\/wp-content\/uploads\/2020\/12\/kin.jpg\" class=\"attachment-full size-full\" alt=\"\" loading=\"lazy\" \/><\/div><\/div><div class=\"w-separator size_small\"><\/div><div class=\"w-image has_ratio align_none\"><div class=\"w-image-h\"><div style=\"padding-bottom:100%\"><\/div><img decoding=\"async\" width=\"1024\" height=\"768\" src=\"https:\/\/www.daldewolf.com\/wp-content\/uploads\/2022\/03\/DALDEWOLF-Kinshasa-2022-1024x768.jpg\" class=\"attachment-large size-large\" alt=\"DALDEWOLF Kinshasa 2022\" loading=\"lazy\" \/><\/div><\/div><\/div><\/div><\/div><\/div><\/div><\/div><\/div><\/div><\/div><\/section>\n","protected":false},"excerpt":{"rendered":"\u00c0 PROPOS DE DALDEWOLF EN RDC Le cabinet et son approcheComment nous pouvons aiderL\u2019\u00e9quipeContactConditions g\u00e9n\u00e9ralesAUTRES PAYS AFRICAINS ContactLE CABINET ET SON APPROCHE DALDEWOLF est un one-stop-shop pour les entreprises locales et internationales, les entrepreneurs et les investisseurs en RDC. Le cabinet poss\u00e8de une connaissance approfondie et exhaustive \u00e0 la fois du droit national et du...","protected":false},"author":5,"featured_media":0,"parent":0,"menu_order":0,"comment_status":"closed","ping_status":"closed","template":"","meta":{"_acf_changed":false,"footnotes":""},"class_list":["post-15572","page","type-page","status-publish","hentry"],"acf":[],"yoast_head":"<!-- This site is optimized with the Yoast SEO plugin v27.3 - https:\/\/yoast.com\/product\/yoast-seo-wordpress\/ -->\n<title>DALDEWOLF en RDC - Le Cabinet - DALDEWOLF<\/title>\n<meta name=\"description\" content=\"DALDEWOLF est un one-stop-shop pour les entreprises locales et internationales, les entrepreneurs et les investisseurs en RDC.\" \/>\n<meta name=\"robots\" content=\"index, follow, max-snippet:-1, max-image-preview:large, max-video-preview:-1\" \/>\n<link rel=\"canonical\" href=\"https:\/\/www.daldewolf.com\/fr\/daldewolf-en-rdc-le-cabinet\/\" \/>\n<meta property=\"og:locale\" content=\"fr_FR\" \/>\n<meta property=\"og:type\" content=\"article\" \/>\n<meta property=\"og:title\" content=\"DALDEWOLF en RDC - Le Cabinet - DALDEWOLF\" \/>\n<meta property=\"og:description\" content=\"DALDEWOLF est un one-stop-shop pour les entreprises locales et internationales, les entrepreneurs et les investisseurs en RDC.\" \/>\n<meta property=\"og:url\" content=\"https:\/\/www.daldewolf.com\/fr\/daldewolf-en-rdc-le-cabinet\/\" \/>\n<meta property=\"og:site_name\" content=\"DALDEWOLF\" \/>\n<meta property=\"article:modified_time\" content=\"2024-10-15T09:49:23+00:00\" \/>\n<meta property=\"og:image\" content=\"https:\/\/www.daldewolf.com\/wp-content\/uploads\/2021\/05\/Daldewolf-fb.png\" \/>\n\t<meta property=\"og:image:width\" content=\"600\" \/>\n\t<meta property=\"og:image:height\" content=\"315\" \/>\n\t<meta property=\"og:image:type\" content=\"image\/png\" \/>\n<meta name=\"twitter:card\" content=\"summary_large_image\" \/>\n<meta name=\"twitter:label1\" content=\"Dur\u00e9e de lecture estim\u00e9e\" \/>\n\t<meta name=\"twitter:data1\" content=\"2 minutes\" \/>\n<script type=\"application\/ld+json\" class=\"yoast-schema-graph\">{\"@context\":\"https:\\\/\\\/schema.org\",\"@graph\":[{\"@type\":\"WebPage\",\"@id\":\"https:\\\/\\\/www.daldewolf.com\\\/fr\\\/daldewolf-en-rdc-le-cabinet\\\/\",\"url\":\"https:\\\/\\\/www.daldewolf.com\\\/fr\\\/daldewolf-en-rdc-le-cabinet\\\/\",\"name\":\"DALDEWOLF en RDC - Le Cabinet - DALDEWOLF\",\"isPartOf\":{\"@id\":\"https:\\\/\\\/www.daldewolf.com\\\/nl\\\/#website\"},\"datePublished\":\"2024-10-14T14:20:54+00:00\",\"dateModified\":\"2024-10-15T09:49:23+00:00\",\"description\":\"DALDEWOLF est un one-stop-shop pour les entreprises locales et internationales, les entrepreneurs et les investisseurs en RDC.\",\"breadcrumb\":{\"@id\":\"https:\\\/\\\/www.daldewolf.com\\\/fr\\\/daldewolf-en-rdc-le-cabinet\\\/#breadcrumb\"},\"inLanguage\":\"fr-FR\",\"potentialAction\":[{\"@type\":\"ReadAction\",\"target\":[\"https:\\\/\\\/www.daldewolf.com\\\/fr\\\/daldewolf-en-rdc-le-cabinet\\\/\"]}]},{\"@type\":\"BreadcrumbList\",\"@id\":\"https:\\\/\\\/www.daldewolf.com\\\/fr\\\/daldewolf-en-rdc-le-cabinet\\\/#breadcrumb\",\"itemListElement\":[{\"@type\":\"ListItem\",\"position\":1,\"name\":\"Home\",\"item\":\"https:\\\/\\\/www.daldewolf.com\\\/fr\\\/\"},{\"@type\":\"ListItem\",\"position\":2,\"name\":\"DALDEWOLF en RDC &#8211; Le Cabinet\"}]},{\"@type\":\"WebSite\",\"@id\":\"https:\\\/\\\/www.daldewolf.com\\\/nl\\\/#website\",\"url\":\"https:\\\/\\\/www.daldewolf.com\\\/nl\\\/\",\"name\":\"DALDEWOLF\",\"description\":\"Independant Law firm, Since 1958.\",\"publisher\":{\"@id\":\"https:\\\/\\\/www.daldewolf.com\\\/nl\\\/#organization\"},\"potentialAction\":[{\"@type\":\"SearchAction\",\"target\":{\"@type\":\"EntryPoint\",\"urlTemplate\":\"https:\\\/\\\/www.daldewolf.com\\\/nl\\\/?s={search_term_string}\"},\"query-input\":{\"@type\":\"PropertyValueSpecification\",\"valueRequired\":true,\"valueName\":\"search_term_string\"}}],\"inLanguage\":\"fr-FR\"},{\"@type\":\"Organization\",\"@id\":\"https:\\\/\\\/www.daldewolf.com\\\/nl\\\/#organization\",\"name\":\"DALDEWOLF\",\"url\":\"https:\\\/\\\/www.daldewolf.com\\\/nl\\\/\",\"logo\":{\"@type\":\"ImageObject\",\"inLanguage\":\"fr-FR\",\"@id\":\"https:\\\/\\\/www.daldewolf.com\\\/nl\\\/#\\\/schema\\\/logo\\\/image\\\/\",\"url\":\"https:\\\/\\\/www.daldewolf.com\\\/wp-content\\\/uploads\\\/2020\\\/05\\\/Logo-Daldewolf.png\",\"contentUrl\":\"https:\\\/\\\/www.daldewolf.com\\\/wp-content\\\/uploads\\\/2020\\\/05\\\/Logo-Daldewolf.png\",\"width\":320,\"height\":40,\"caption\":\"DALDEWOLF\"},\"image\":{\"@id\":\"https:\\\/\\\/www.daldewolf.com\\\/nl\\\/#\\\/schema\\\/logo\\\/image\\\/\"},\"sameAs\":[\"https:\\\/\\\/www.linkedin.com\\\/company\\\/10193320\"]}]}<\/script>\n<!-- \/ Yoast SEO plugin. -->","yoast_head_json":{"title":"DALDEWOLF en RDC - Le Cabinet - DALDEWOLF","description":"DALDEWOLF est un one-stop-shop pour les entreprises locales et internationales, les entrepreneurs et les investisseurs en RDC.","robots":{"index":"index","follow":"follow","max-snippet":"max-snippet:-1","max-image-preview":"max-image-preview:large","max-video-preview":"max-video-preview:-1"},"canonical":"https:\/\/www.daldewolf.com\/fr\/daldewolf-en-rdc-le-cabinet\/","og_locale":"fr_FR","og_type":"article","og_title":"DALDEWOLF en RDC - Le Cabinet - DALDEWOLF","og_description":"DALDEWOLF est un one-stop-shop pour les entreprises locales et internationales, les entrepreneurs et les investisseurs en RDC.","og_url":"https:\/\/www.daldewolf.com\/fr\/daldewolf-en-rdc-le-cabinet\/","og_site_name":"DALDEWOLF","article_modified_time":"2024-10-15T09:49:23+00:00","og_image":[{"width":600,"height":315,"url":"https:\/\/www.daldewolf.com\/wp-content\/uploads\/2021\/05\/Daldewolf-fb.png","type":"image\/png"}],"twitter_card":"summary_large_image","twitter_misc":{"Dur\u00e9e de lecture estim\u00e9e":"2 minutes"},"schema":{"@context":"https:\/\/schema.org","@graph":[{"@type":"WebPage","@id":"https:\/\/www.daldewolf.com\/fr\/daldewolf-en-rdc-le-cabinet\/","url":"https:\/\/www.daldewolf.com\/fr\/daldewolf-en-rdc-le-cabinet\/","name":"DALDEWOLF en RDC - Le Cabinet - DALDEWOLF","isPartOf":{"@id":"https:\/\/www.daldewolf.com\/nl\/#website"},"datePublished":"2024-10-14T14:20:54+00:00","dateModified":"2024-10-15T09:49:23+00:00","description":"DALDEWOLF est un one-stop-shop pour les entreprises locales et internationales, les entrepreneurs et les investisseurs en RDC.","breadcrumb":{"@id":"https:\/\/www.daldewolf.com\/fr\/daldewolf-en-rdc-le-cabinet\/#breadcrumb"},"inLanguage":"fr-FR","potentialAction":[{"@type":"ReadAction","target":["https:\/\/www.daldewolf.com\/fr\/daldewolf-en-rdc-le-cabinet\/"]}]},{"@type":"BreadcrumbList","@id":"https:\/\/www.daldewolf.com\/fr\/daldewolf-en-rdc-le-cabinet\/#breadcrumb","itemListElement":[{"@type":"ListItem","position":1,"name":"Home","item":"https:\/\/www.daldewolf.com\/fr\/"},{"@type":"ListItem","position":2,"name":"DALDEWOLF en RDC &#8211; Le Cabinet"}]},{"@type":"WebSite","@id":"https:\/\/www.daldewolf.com\/nl\/#website","url":"https:\/\/www.daldewolf.com\/nl\/","name":"DALDEWOLF","description":"Independant Law firm, Since 1958.","publisher":{"@id":"https:\/\/www.daldewolf.com\/nl\/#organization"},"potentialAction":[{"@type":"SearchAction","target":{"@type":"EntryPoint","urlTemplate":"https:\/\/www.daldewolf.com\/nl\/?s={search_term_string}"},"query-input":{"@type":"PropertyValueSpecification","valueRequired":true,"valueName":"search_term_string"}}],"inLanguage":"fr-FR"},{"@type":"Organization","@id":"https:\/\/www.daldewolf.com\/nl\/#organization","name":"DALDEWOLF","url":"https:\/\/www.daldewolf.com\/nl\/","logo":{"@type":"ImageObject","inLanguage":"fr-FR","@id":"https:\/\/www.daldewolf.com\/nl\/#\/schema\/logo\/image\/","url":"https:\/\/www.daldewolf.com\/wp-content\/uploads\/2020\/05\/Logo-Daldewolf.png","contentUrl":"https:\/\/www.daldewolf.com\/wp-content\/uploads\/2020\/05\/Logo-Daldewolf.png","width":320,"height":40,"caption":"DALDEWOLF"},"image":{"@id":"https:\/\/www.daldewolf.com\/nl\/#\/schema\/logo\/image\/"},"sameAs":["https:\/\/www.linkedin.com\/company\/10193320"]}]}},"_links":{"self":[{"href":"https:\/\/www.daldewolf.com\/fr\/wp-json\/wp\/v2\/pages\/15572","targetHints":{"allow":["GET"]}}],"collection":[{"href":"https:\/\/www.daldewolf.com\/fr\/wp-json\/wp\/v2\/pages"}],"about":[{"href":"https:\/\/www.daldewolf.com\/fr\/wp-json\/wp\/v2\/types\/page"}],"author":[{"embeddable":true,"href":"https:\/\/www.daldewolf.com\/fr\/wp-json\/wp\/v2\/users\/5"}],"replies":[{"embeddable":true,"href":"https:\/\/www.daldewolf.com\/fr\/wp-json\/wp\/v2\/comments?post=15572"}],"version-history":[{"count":0,"href":"https:\/\/www.daldewolf.com\/fr\/wp-json\/wp\/v2\/pages\/15572\/revisions"}],"wp:attachment":[{"href":"https:\/\/www.daldewolf.com\/fr\/wp-json\/wp\/v2\/media?parent=15572"}],"curies":[{"name":"wp","href":"https:\/\/api.w.org\/{rel}","templated":true}]}}