{"id":14953,"date":"2024-08-07T16:07:22","date_gmt":"2024-08-07T15:07:22","guid":{"rendered":"https:\/\/www.daldewolf.com\/daldewolf-china-desk-lequipe\/"},"modified":"2025-08-28T17:59:06","modified_gmt":"2025-08-28T15:59:06","slug":"daldewolf-desk-chine-asean-lequipe","status":"publish","type":"page","link":"https:\/\/www.daldewolf.com\/fr\/daldewolf-desk-chine-asean-lequipe\/","title":{"rendered":"DALDEWOLF Desk Chine &#038; ASEAN &#8211; L&#8217;\u00e9quipe"},"content":{"rendered":"<section class=\"l-section wpb_row height_medium\"><div class=\"l-section-h i-cf\"><div class=\"g-cols vc_row via_flex valign_top type_default stacking_default\"><div class=\"vc_col-sm-4 wpb_column vc_column_container first-column-sp\"><div class=\"vc_column-inner type_sticky\"><div class=\"wpb_wrapper\"><div class=\"wpb_text_column\"><div class=\"wpb_wrapper\"><h2 style=\"text-align: center;\">\u00c0 PROPOS DU DESK<br \/>\nCHINE &amp; ASEAN<\/h2>\n<\/div><\/div><div class=\"g-cols wpb_row via_flex valign_top type_default stacking_default\"><div class=\"vc_col-sm-4 wpb_column vc_column_container\"><div class=\"vc_column-inner\"><div class=\"wpb_wrapper\"><\/div><\/div><\/div><div class=\"vc_col-sm-4 wpb_column vc_column_container\"><div class=\"vc_column-inner\"><div class=\"wpb_wrapper\"><div class=\"w-btn-wrapper align_center\"><a class=\"w-btn us-btn-style_4\" href=\"https:\/\/www.daldewolf.com\/en\/daldewolf-\u4e2d\u56fd\u4e1c\u76df\u4e1a\u52a1\u90e8-the-team\/\"><span class=\"w-btn-label\">\u4e2d\u6587<\/span><\/a><\/div><\/div><\/div><\/div><div class=\"vc_col-sm-4 wpb_column vc_column_container\"><div class=\"vc_column-inner\"><div class=\"wpb_wrapper\"><\/div><\/div><\/div><\/div><nav class=\"w-menu us_custom_e514b55e menu layout_ver style_links us_menu_1\" style=\"--main-gap:1.5rem;--main-ver-indent:0.8em;--main-hor-indent:0.8em;--main-color:inherit;\"><ul id=\"menu-ddw-desk-chine\" class=\"menu\"><li id=\"menu-item-14876\" class=\"menu-item menu-item-type-post_type menu-item-object-page menu-item-14876\"><a href=\"https:\/\/www.daldewolf.com\/fr\/daldewolf-desk-chine-asean-le-desk\/\">Desk Chine &#038; ASEAN<\/a><\/li><li id=\"menu-item-15800\" class=\"menu-item menu-item-type-post_type menu-item-object-page menu-item-15800\"><a href=\"https:\/\/www.daldewolf.com\/fr\/daldewolf-desk-chine-le-cabinet\/\">> plus d&#8217;information<\/a><\/li><li id=\"menu-item-15850\" class=\"menu-item menu-item-type-post_type menu-item-object-page menu-item-15850\"><a href=\"https:\/\/www.daldewolf.com\/fr\/daldewolf-china-asean-desk-how-we-can-help\/\">Comment nous pouvons aider<\/a><\/li><li id=\"menu-item-15845\" class=\"menu-item menu-item-type-post_type menu-item-object-page menu-item-15845\"><a href=\"https:\/\/www.daldewolf.com\/fr\/daldewolf-desk-chine-asean-lequipe\/\">Associ\u00e9 responsable<\/a><\/li><li id=\"menu-item-14946\" class=\"menu-item menu-item-type-post_type menu-item-object-page menu-item-14946\"><a href=\"https:\/\/www.daldewolf.com\/fr\/daldewolf-desk-chine-asean-nouvelles-et-publications\/\">Nouvelles et publications<\/a><\/li><li id=\"menu-item-14857\" class=\"menu-item menu-item-type-post_type menu-item-object-page menu-item-14857\"><a href=\"https:\/\/www.daldewolf.com\/fr\/daldewolf-desk-chine-asean-contact\/\">Contact<\/a><\/li><\/ul><style>@media ( max-width:600px ){.us_menu_1 .menu{display:block!important}.us_menu_1 .menu>li{margin:0 0 var(--main-gap,1.5rem)!important}}<\/style><\/nav><\/div><\/div><\/div><div class=\"vc_col-sm-8 wpb_column vc_column_container\"><div class=\"vc_column-inner\"><div class=\"wpb_wrapper\"><div class=\"wpb_text_column\"><div class=\"wpb_wrapper\"><h2>ASSOCI\u00c9E RESPONSABLE<\/h2>\n<\/div><\/div><div class=\"g-cols wpb_row via_flex valign_top type_default stacking_default\"><div class=\"vc_col-sm-6 wpb_column vc_column_container\"><div class=\"vc_column-inner\"><div class=\"wpb_wrapper\"><div class=\"wpb_text_column\"><div class=\"wpb_wrapper\"><p><img loading=\"lazy\" decoding=\"async\" class=\"aligncenter wp-image-16799 size-medium\" src=\"https:\/\/www.daldewolf.com\/wp-content\/uploads\/2020\/05\/20250303-ATU-Xiufang-Ava-TU-300x200.jpg\" alt=\"\" width=\"300\" height=\"200\" srcset=\"https:\/\/www.daldewolf.com\/wp-content\/uploads\/2020\/05\/20250303-ATU-Xiufang-Ava-TU-300x200.jpg 300w, https:\/\/www.daldewolf.com\/wp-content\/uploads\/2020\/05\/20250303-ATU-Xiufang-Ava-TU-1024x684.jpg 1024w, https:\/\/www.daldewolf.com\/wp-content\/uploads\/2020\/05\/20250303-ATU-Xiufang-Ava-TU-391x260.jpg 391w\" sizes=\"auto, (max-width: 300px) 100vw, 300px\" \/><\/p>\n<h2 style=\"text-align: center; color: #006d81; font-family: Lato,sans-serif;\"><a href=\"https:\/\/www.daldewolf.com\/fr\/equipe\/tu-xiufang-ava\/\">Xiufang (Ava) TU<\/a><\/h2>\n<p style=\"text-align: center; font-family: Lato,sans-serif;\">Avocate, Associ\u00e9e<br \/>\nDroit des soci\u00e9t\u00e9s, R\u00e9glementation des investissements<br \/>\nArbitrage, Litiges complexes et M\u00e9diation<br \/>\nDesk Chine &amp; ASEAN<\/p>\n<p style=\"text-align: center;\"><img loading=\"lazy\" decoding=\"async\" class=\"aligncenter wp-image-16737\" src=\"https:\/\/www.daldewolf.com\/wp-content\/uploads\/2020\/05\/Tu-Ava.jpg\" alt=\"\" width=\"119\" height=\"100\" srcset=\"https:\/\/www.daldewolf.com\/wp-content\/uploads\/2020\/05\/Tu-Ava.jpg 1072w, https:\/\/www.daldewolf.com\/wp-content\/uploads\/2020\/05\/Tu-Ava-300x252.jpg 300w, https:\/\/www.daldewolf.com\/wp-content\/uploads\/2020\/05\/Tu-Ava-1024x860.jpg 1024w\" sizes=\"auto, (max-width: 119px) 100vw, 119px\" \/><\/p>\n<\/div><\/div><\/div><\/div><\/div><\/div><\/div><\/div><\/div><\/div><\/div><\/section>\n","protected":false},"excerpt":{"rendered":"\u00c0 PROPOS DU DESK CHINE &amp; ASEAN \u4e2d\u6587Desk Chine &#038; ASEAN> plus d&#8217;informationComment nous pouvons aiderAssoci\u00e9 responsableNouvelles et publicationsContactASSOCI\u00c9E RESPONSABLE Xiufang (Ava) TU Avocate, Associ\u00e9e Droit des soci\u00e9t\u00e9s, R\u00e9glementation des investissements Arbitrage, Litiges complexes et M\u00e9diation Desk Chine &amp; ASEAN","protected":false},"author":5,"featured_media":0,"parent":0,"menu_order":0,"comment_status":"closed","ping_status":"closed","template":"","meta":{"_acf_changed":false,"footnotes":""},"class_list":["post-14953","page","type-page","status-publish","hentry"],"acf":[],"yoast_head":"<!-- This site is optimized with the Yoast SEO plugin v27.3 - https:\/\/yoast.com\/product\/yoast-seo-wordpress\/ -->\n<title>DALDEWOLF Desk Chine &amp; ASEAN - L&#039;\u00e9quipe - DALDEWOLF<\/title>\n<meta name=\"description\" content=\"L&#039;\u00e9quipe du China &amp; ASEAN Desk fournit un soutien juridique pour les projets, transactions, contrats, et litiges impliquant des parties belges ou chinoises.\" \/>\n<meta name=\"robots\" content=\"index, follow, max-snippet:-1, max-image-preview:large, max-video-preview:-1\" \/>\n<link rel=\"canonical\" href=\"https:\/\/www.daldewolf.com\/fr\/daldewolf-desk-chine-asean-lequipe\/\" \/>\n<meta property=\"og:locale\" content=\"fr_FR\" \/>\n<meta property=\"og:type\" content=\"article\" \/>\n<meta property=\"og:title\" content=\"DALDEWOLF Desk Chine &amp; ASEAN - L&#039;\u00e9quipe - DALDEWOLF\" \/>\n<meta property=\"og:description\" content=\"L&#039;\u00e9quipe du China &amp; ASEAN Desk fournit un soutien juridique pour les projets, transactions, contrats, et litiges impliquant des parties belges ou chinoises.\" \/>\n<meta property=\"og:url\" content=\"https:\/\/www.daldewolf.com\/fr\/daldewolf-desk-chine-asean-lequipe\/\" \/>\n<meta property=\"og:site_name\" content=\"DALDEWOLF\" \/>\n<meta property=\"article:modified_time\" content=\"2025-08-28T15:59:06+00:00\" \/>\n<meta property=\"og:image\" content=\"https:\/\/www.daldewolf.com\/wp-content\/uploads\/2020\/05\/20250303-ATU-Xiufang-Ava-TU-scaled.jpg\" \/>\n\t<meta property=\"og:image:width\" content=\"2560\" \/>\n\t<meta property=\"og:image:height\" content=\"1709\" \/>\n\t<meta property=\"og:image:type\" content=\"image\/jpeg\" \/>\n<meta name=\"twitter:card\" content=\"summary_large_image\" \/>\n<meta name=\"twitter:label1\" content=\"Dur\u00e9e de lecture estim\u00e9e\" \/>\n\t<meta name=\"twitter:data1\" content=\"1 minute\" \/>\n<script type=\"application\/ld+json\" class=\"yoast-schema-graph\">{\"@context\":\"https:\\\/\\\/schema.org\",\"@graph\":[{\"@type\":\"WebPage\",\"@id\":\"https:\\\/\\\/www.daldewolf.com\\\/fr\\\/daldewolf-desk-chine-asean-lequipe\\\/\",\"url\":\"https:\\\/\\\/www.daldewolf.com\\\/fr\\\/daldewolf-desk-chine-asean-lequipe\\\/\",\"name\":\"DALDEWOLF Desk Chine & ASEAN - L'\u00e9quipe - DALDEWOLF\",\"isPartOf\":{\"@id\":\"https:\\\/\\\/www.daldewolf.com\\\/nl\\\/#website\"},\"primaryImageOfPage\":{\"@id\":\"https:\\\/\\\/www.daldewolf.com\\\/fr\\\/daldewolf-desk-chine-asean-lequipe\\\/#primaryimage\"},\"image\":{\"@id\":\"https:\\\/\\\/www.daldewolf.com\\\/fr\\\/daldewolf-desk-chine-asean-lequipe\\\/#primaryimage\"},\"thumbnailUrl\":\"https:\\\/\\\/www.daldewolf.com\\\/wp-content\\\/uploads\\\/2020\\\/05\\\/20250303-ATU-Xiufang-Ava-TU-300x200.jpg\",\"datePublished\":\"2024-08-07T15:07:22+00:00\",\"dateModified\":\"2025-08-28T15:59:06+00:00\",\"description\":\"L'\u00e9quipe du China & ASEAN Desk fournit un soutien juridique pour les projets, transactions, contrats, et litiges impliquant des parties belges ou chinoises.\",\"breadcrumb\":{\"@id\":\"https:\\\/\\\/www.daldewolf.com\\\/fr\\\/daldewolf-desk-chine-asean-lequipe\\\/#breadcrumb\"},\"inLanguage\":\"fr-FR\",\"potentialAction\":[{\"@type\":\"ReadAction\",\"target\":[\"https:\\\/\\\/www.daldewolf.com\\\/fr\\\/daldewolf-desk-chine-asean-lequipe\\\/\"]}]},{\"@type\":\"ImageObject\",\"inLanguage\":\"fr-FR\",\"@id\":\"https:\\\/\\\/www.daldewolf.com\\\/fr\\\/daldewolf-desk-chine-asean-lequipe\\\/#primaryimage\",\"url\":\"https:\\\/\\\/www.daldewolf.com\\\/wp-content\\\/uploads\\\/2020\\\/05\\\/20250303-ATU-Xiufang-Ava-TU-300x200.jpg\",\"contentUrl\":\"https:\\\/\\\/www.daldewolf.com\\\/wp-content\\\/uploads\\\/2020\\\/05\\\/20250303-ATU-Xiufang-Ava-TU-300x200.jpg\"},{\"@type\":\"BreadcrumbList\",\"@id\":\"https:\\\/\\\/www.daldewolf.com\\\/fr\\\/daldewolf-desk-chine-asean-lequipe\\\/#breadcrumb\",\"itemListElement\":[{\"@type\":\"ListItem\",\"position\":1,\"name\":\"Home\",\"item\":\"https:\\\/\\\/www.daldewolf.com\\\/fr\\\/\"},{\"@type\":\"ListItem\",\"position\":2,\"name\":\"DALDEWOLF Desk Chine &#038; ASEAN &#8211; L&#8217;\u00e9quipe\"}]},{\"@type\":\"WebSite\",\"@id\":\"https:\\\/\\\/www.daldewolf.com\\\/nl\\\/#website\",\"url\":\"https:\\\/\\\/www.daldewolf.com\\\/nl\\\/\",\"name\":\"DALDEWOLF\",\"description\":\"Independant Law firm, Since 1958.\",\"publisher\":{\"@id\":\"https:\\\/\\\/www.daldewolf.com\\\/nl\\\/#organization\"},\"potentialAction\":[{\"@type\":\"SearchAction\",\"target\":{\"@type\":\"EntryPoint\",\"urlTemplate\":\"https:\\\/\\\/www.daldewolf.com\\\/nl\\\/?s={search_term_string}\"},\"query-input\":{\"@type\":\"PropertyValueSpecification\",\"valueRequired\":true,\"valueName\":\"search_term_string\"}}],\"inLanguage\":\"fr-FR\"},{\"@type\":\"Organization\",\"@id\":\"https:\\\/\\\/www.daldewolf.com\\\/nl\\\/#organization\",\"name\":\"DALDEWOLF\",\"url\":\"https:\\\/\\\/www.daldewolf.com\\\/nl\\\/\",\"logo\":{\"@type\":\"ImageObject\",\"inLanguage\":\"fr-FR\",\"@id\":\"https:\\\/\\\/www.daldewolf.com\\\/nl\\\/#\\\/schema\\\/logo\\\/image\\\/\",\"url\":\"https:\\\/\\\/www.daldewolf.com\\\/wp-content\\\/uploads\\\/2020\\\/05\\\/Logo-Daldewolf.png\",\"contentUrl\":\"https:\\\/\\\/www.daldewolf.com\\\/wp-content\\\/uploads\\\/2020\\\/05\\\/Logo-Daldewolf.png\",\"width\":320,\"height\":40,\"caption\":\"DALDEWOLF\"},\"image\":{\"@id\":\"https:\\\/\\\/www.daldewolf.com\\\/nl\\\/#\\\/schema\\\/logo\\\/image\\\/\"},\"sameAs\":[\"https:\\\/\\\/www.linkedin.com\\\/company\\\/10193320\"]}]}<\/script>\n<!-- \/ Yoast SEO plugin. -->","yoast_head_json":{"title":"DALDEWOLF Desk Chine & ASEAN - L'\u00e9quipe - DALDEWOLF","description":"L'\u00e9quipe du China & ASEAN Desk fournit un soutien juridique pour les projets, transactions, contrats, et litiges impliquant des parties belges ou chinoises.","robots":{"index":"index","follow":"follow","max-snippet":"max-snippet:-1","max-image-preview":"max-image-preview:large","max-video-preview":"max-video-preview:-1"},"canonical":"https:\/\/www.daldewolf.com\/fr\/daldewolf-desk-chine-asean-lequipe\/","og_locale":"fr_FR","og_type":"article","og_title":"DALDEWOLF Desk Chine & ASEAN - L'\u00e9quipe - DALDEWOLF","og_description":"L'\u00e9quipe du China & ASEAN Desk fournit un soutien juridique pour les projets, transactions, contrats, et litiges impliquant des parties belges ou chinoises.","og_url":"https:\/\/www.daldewolf.com\/fr\/daldewolf-desk-chine-asean-lequipe\/","og_site_name":"DALDEWOLF","article_modified_time":"2025-08-28T15:59:06+00:00","og_image":[{"width":2560,"height":1709,"url":"https:\/\/www.daldewolf.com\/wp-content\/uploads\/2020\/05\/20250303-ATU-Xiufang-Ava-TU-scaled.jpg","type":"image\/jpeg"}],"twitter_card":"summary_large_image","twitter_misc":{"Dur\u00e9e de lecture estim\u00e9e":"1 minute"},"schema":{"@context":"https:\/\/schema.org","@graph":[{"@type":"WebPage","@id":"https:\/\/www.daldewolf.com\/fr\/daldewolf-desk-chine-asean-lequipe\/","url":"https:\/\/www.daldewolf.com\/fr\/daldewolf-desk-chine-asean-lequipe\/","name":"DALDEWOLF Desk Chine & ASEAN - L'\u00e9quipe - DALDEWOLF","isPartOf":{"@id":"https:\/\/www.daldewolf.com\/nl\/#website"},"primaryImageOfPage":{"@id":"https:\/\/www.daldewolf.com\/fr\/daldewolf-desk-chine-asean-lequipe\/#primaryimage"},"image":{"@id":"https:\/\/www.daldewolf.com\/fr\/daldewolf-desk-chine-asean-lequipe\/#primaryimage"},"thumbnailUrl":"https:\/\/www.daldewolf.com\/wp-content\/uploads\/2020\/05\/20250303-ATU-Xiufang-Ava-TU-300x200.jpg","datePublished":"2024-08-07T15:07:22+00:00","dateModified":"2025-08-28T15:59:06+00:00","description":"L'\u00e9quipe du China & ASEAN Desk fournit un soutien juridique pour les projets, transactions, contrats, et litiges impliquant des parties belges ou chinoises.","breadcrumb":{"@id":"https:\/\/www.daldewolf.com\/fr\/daldewolf-desk-chine-asean-lequipe\/#breadcrumb"},"inLanguage":"fr-FR","potentialAction":[{"@type":"ReadAction","target":["https:\/\/www.daldewolf.com\/fr\/daldewolf-desk-chine-asean-lequipe\/"]}]},{"@type":"ImageObject","inLanguage":"fr-FR","@id":"https:\/\/www.daldewolf.com\/fr\/daldewolf-desk-chine-asean-lequipe\/#primaryimage","url":"https:\/\/www.daldewolf.com\/wp-content\/uploads\/2020\/05\/20250303-ATU-Xiufang-Ava-TU-300x200.jpg","contentUrl":"https:\/\/www.daldewolf.com\/wp-content\/uploads\/2020\/05\/20250303-ATU-Xiufang-Ava-TU-300x200.jpg"},{"@type":"BreadcrumbList","@id":"https:\/\/www.daldewolf.com\/fr\/daldewolf-desk-chine-asean-lequipe\/#breadcrumb","itemListElement":[{"@type":"ListItem","position":1,"name":"Home","item":"https:\/\/www.daldewolf.com\/fr\/"},{"@type":"ListItem","position":2,"name":"DALDEWOLF Desk Chine &#038; ASEAN &#8211; L&#8217;\u00e9quipe"}]},{"@type":"WebSite","@id":"https:\/\/www.daldewolf.com\/nl\/#website","url":"https:\/\/www.daldewolf.com\/nl\/","name":"DALDEWOLF","description":"Independant Law firm, Since 1958.","publisher":{"@id":"https:\/\/www.daldewolf.com\/nl\/#organization"},"potentialAction":[{"@type":"SearchAction","target":{"@type":"EntryPoint","urlTemplate":"https:\/\/www.daldewolf.com\/nl\/?s={search_term_string}"},"query-input":{"@type":"PropertyValueSpecification","valueRequired":true,"valueName":"search_term_string"}}],"inLanguage":"fr-FR"},{"@type":"Organization","@id":"https:\/\/www.daldewolf.com\/nl\/#organization","name":"DALDEWOLF","url":"https:\/\/www.daldewolf.com\/nl\/","logo":{"@type":"ImageObject","inLanguage":"fr-FR","@id":"https:\/\/www.daldewolf.com\/nl\/#\/schema\/logo\/image\/","url":"https:\/\/www.daldewolf.com\/wp-content\/uploads\/2020\/05\/Logo-Daldewolf.png","contentUrl":"https:\/\/www.daldewolf.com\/wp-content\/uploads\/2020\/05\/Logo-Daldewolf.png","width":320,"height":40,"caption":"DALDEWOLF"},"image":{"@id":"https:\/\/www.daldewolf.com\/nl\/#\/schema\/logo\/image\/"},"sameAs":["https:\/\/www.linkedin.com\/company\/10193320"]}]}},"_links":{"self":[{"href":"https:\/\/www.daldewolf.com\/fr\/wp-json\/wp\/v2\/pages\/14953","targetHints":{"allow":["GET"]}}],"collection":[{"href":"https:\/\/www.daldewolf.com\/fr\/wp-json\/wp\/v2\/pages"}],"about":[{"href":"https:\/\/www.daldewolf.com\/fr\/wp-json\/wp\/v2\/types\/page"}],"author":[{"embeddable":true,"href":"https:\/\/www.daldewolf.com\/fr\/wp-json\/wp\/v2\/users\/5"}],"replies":[{"embeddable":true,"href":"https:\/\/www.daldewolf.com\/fr\/wp-json\/wp\/v2\/comments?post=14953"}],"version-history":[{"count":1,"href":"https:\/\/www.daldewolf.com\/fr\/wp-json\/wp\/v2\/pages\/14953\/revisions"}],"predecessor-version":[{"id":17679,"href":"https:\/\/www.daldewolf.com\/fr\/wp-json\/wp\/v2\/pages\/14953\/revisions\/17679"}],"wp:attachment":[{"href":"https:\/\/www.daldewolf.com\/fr\/wp-json\/wp\/v2\/media?parent=14953"}],"curies":[{"name":"wp","href":"https:\/\/api.w.org\/{rel}","templated":true}]}}