{"id":14937,"date":"2024-08-07T15:19:36","date_gmt":"2024-08-07T14:19:36","guid":{"rendered":"https:\/\/www.daldewolf.com\/daldewolf-china-asean-desk-how-we-can-help\/"},"modified":"2024-10-16T16:32:32","modified_gmt":"2024-10-16T14:32:32","slug":"daldewolf-china-asean-desk-how-we-can-help","status":"publish","type":"page","link":"https:\/\/www.daldewolf.com\/fr\/daldewolf-china-asean-desk-how-we-can-help\/","title":{"rendered":"DALDEWOLF Desk Chine &#038; ASEAN &#8211; Comment nous pouvons aider"},"content":{"rendered":"<section class=\"l-section wpb_row height_medium\"><div class=\"l-section-h i-cf\"><div class=\"g-cols vc_row via_flex valign_top type_default stacking_default\"><div class=\"vc_col-sm-4 wpb_column vc_column_container first-column-sp\"><div class=\"vc_column-inner type_sticky\"><div class=\"wpb_wrapper\"><div class=\"wpb_text_column\"><div class=\"wpb_wrapper\"><h2 style=\"text-align: center;\">\u00c0 PROPOS DU DESK<br \/>\nCHINE &amp; ASEAN<\/h2>\n<\/div><\/div><div class=\"g-cols wpb_row via_flex valign_top type_default stacking_default\"><div class=\"vc_col-sm-4 wpb_column vc_column_container\"><div class=\"vc_column-inner\"><div class=\"wpb_wrapper\"><\/div><\/div><\/div><div class=\"vc_col-sm-4 wpb_column vc_column_container\"><div class=\"vc_column-inner\"><div class=\"wpb_wrapper\"><div class=\"w-btn-wrapper align_center\"><a class=\"w-btn us-btn-style_4\" href=\"https:\/\/www.daldewolf.com\/en\/daldewolf-\u4e2d\u56fd\u4e1c\u76df\u4e1a\u52a1\u90e8-how-we-can-help\/\"><span class=\"w-btn-label\">\u4e2d\u6587<\/span><\/a><\/div><\/div><\/div><\/div><div class=\"vc_col-sm-4 wpb_column vc_column_container\"><div class=\"vc_column-inner\"><div class=\"wpb_wrapper\"><\/div><\/div><\/div><\/div><nav class=\"w-menu us_custom_e514b55e menu layout_ver style_links us_menu_1\" style=\"--main-gap:1.5rem;--main-ver-indent:0.8em;--main-hor-indent:0.8em;--main-color:inherit;\"><ul id=\"menu-ddw-desk-chine\" class=\"menu\"><li id=\"menu-item-14876\" class=\"menu-item menu-item-type-post_type menu-item-object-page menu-item-14876\"><a href=\"https:\/\/www.daldewolf.com\/fr\/daldewolf-desk-chine-asean-le-desk\/\">Desk Chine &#038; ASEAN<\/a><\/li><li id=\"menu-item-15800\" class=\"menu-item menu-item-type-post_type menu-item-object-page menu-item-15800\"><a href=\"https:\/\/www.daldewolf.com\/fr\/daldewolf-desk-chine-le-cabinet\/\">> plus d&#8217;information<\/a><\/li><li id=\"menu-item-15850\" class=\"menu-item menu-item-type-post_type menu-item-object-page menu-item-15850\"><a href=\"https:\/\/www.daldewolf.com\/fr\/daldewolf-china-asean-desk-how-we-can-help\/\">Comment nous pouvons aider<\/a><\/li><li id=\"menu-item-15845\" class=\"menu-item menu-item-type-post_type menu-item-object-page menu-item-15845\"><a href=\"https:\/\/www.daldewolf.com\/fr\/daldewolf-desk-chine-asean-lequipe\/\">Associ\u00e9 responsable<\/a><\/li><li id=\"menu-item-14946\" class=\"menu-item menu-item-type-post_type menu-item-object-page menu-item-14946\"><a href=\"https:\/\/www.daldewolf.com\/fr\/daldewolf-desk-chine-asean-nouvelles-et-publications\/\">Nouvelles et publications<\/a><\/li><li id=\"menu-item-14857\" class=\"menu-item menu-item-type-post_type menu-item-object-page menu-item-14857\"><a href=\"https:\/\/www.daldewolf.com\/fr\/daldewolf-desk-chine-asean-contact\/\">Contact<\/a><\/li><\/ul><style>@media ( max-width:600px ){.us_menu_1 .menu{display:block!important}.us_menu_1 .menu>li:not(:last-child){margin:0 0 var(--main-gap,1.5rem)!important}}<\/style><\/nav><\/div><\/div><\/div><div class=\"vc_col-sm-8 wpb_column vc_column_container\"><div class=\"vc_column-inner\"><div class=\"wpb_wrapper\"><div class=\"wpb_text_column\"><div class=\"wpb_wrapper\"><h2>COMMENT NOUS POUVONS NOUS AIDER<\/h2>\n<\/div><\/div><div class=\"g-cols wpb_row via_flex valign_top type_default stacking_default\"><div class=\"vc_col-sm-6 wpb_column vc_column_container\"><div class=\"vc_column-inner\"><div class=\"wpb_wrapper\"><div class=\"wpb_text_column with_collapsible_content\" data-content-height=\"150px\"><div class=\"wpb_wrapper\"><h3>Droit des Soci\u00e9t\u00e9s<\/h3>\n<p>DALDEWOLF dispose d&#8217;une excellente \u00e9quipe de sp\u00e9cialistes en droit des soci\u00e9t\u00e9s.<br \/>\nSes activit\u00e9s se concentrent sur :<\/p>\n<ul>\n<li>Transaction : private equity, op\u00e9rations sur les march\u00e9s de capitaux, fusions et acquisitions, op\u00e9rations de restructuration<\/li>\n<li>Gouvernance d\u2019entreprise, constitution de soci\u00e9t\u00e9s, conseil g\u00e9n\u00e9ral en droit des soci\u00e9t\u00e9s<\/li>\n<li>Contentieux et arbitrage li\u00e9s aux soci\u00e9t\u00e9s<\/li>\n<\/ul>\n<\/div><div class=\"toggle-links align_none\"><button class=\"collapsible-content-more\">+++<\/button><button class=\"collapsible-content-less\">---<\/button><\/div><\/div><div class=\"wpb_text_column with_collapsible_content\" data-content-height=\"150px\"><div class=\"wpb_wrapper\"><h3>Droit \u00c9conomique<\/h3>\n<p>DALDEWOLF assiste les entreprises dans le d\u00e9ploiement de leurs activit\u00e9s sur le march\u00e9, notamment dans la n\u00e9gociation et la r\u00e9daction de contrats B to B et B to C, y compris les contrats d&#8217;interm\u00e9diation commerciale et les contrats internationaux.<\/p>\n<\/div><div class=\"toggle-links align_none\"><button class=\"collapsible-content-more\">+++<\/button><button class=\"collapsible-content-less\">---<\/button><\/div><\/div><div class=\"wpb_text_column with_collapsible_content\" data-content-height=\"150px\"><div class=\"wpb_wrapper\"><h3>Droit bancaire et des services financiers<\/h3>\n<p>L&#8217;\u00e9quipe de droit bancaire et financier de DALDEWOLF poss\u00e8de une vaste exp\u00e9rience au sein des institutions bancaires et financi\u00e8res. Leurs services sont adapt\u00e9s aux besoins sp\u00e9cifiques de leurs clients, alliant une connaissance approfondie et une exp\u00e9rience solide dans le secteur des services bancaires et financiers \u00e0 une compr\u00e9hension fine des particularit\u00e9s de l&#8217;activit\u00e9 de leurs clients.<\/p>\n<\/div><div class=\"toggle-links align_none\"><button class=\"collapsible-content-more\">+++<\/button><button class=\"collapsible-content-less\">---<\/button><\/div><\/div><div class=\"wpb_text_column with_collapsible_content\" data-content-height=\"150px\"><div class=\"wpb_wrapper\"><h3>Droit Public et Administratif<\/h3>\n<p>DALDEWOLF assiste ses clients, tant publics que priv\u00e9s, dans des domaines d&#8217;activit\u00e9 o\u00f9 le public interagit avec le secteur priv\u00e9. Cela inclut les march\u00e9s publics, les concessions, l&#8217;utilisation des biens publics, les activit\u00e9s r\u00e9glement\u00e9es, et les services d&#8217;int\u00e9r\u00eat \u00e9conomique g\u00e9n\u00e9ral. Les avocats du cabinet traitent \u00e9galement des affaires li\u00e9es \u00e0 la protection des droits fondamentaux (protection judiciaire, vie priv\u00e9e, libert\u00e9 d&#8217;expression, libert\u00e9 de mouvement, libert\u00e9 d&#8217;entreprise) et se chargent des contentieux constitutionnels et administratifs.<\/p>\n<\/div><div class=\"toggle-links align_none\"><button class=\"collapsible-content-more\">+++<\/button><button class=\"collapsible-content-less\">---<\/button><\/div><\/div><div class=\"wpb_text_column with_collapsible_content\" data-content-height=\"150px\"><div class=\"wpb_wrapper\"><h3>Droit Alimentaire<\/h3>\n<p>L&#8217;\u00e9quipe de Droit Alimentaire chez DALDEWOLF est dirig\u00e9e par l&#8217;un des rares experts reconnus dans le domaine en Belgique et en Europe. Avec une compr\u00e9hension approfondie du secteur et des d\u00e9fis auxquels il est confront\u00e9, l&#8217;\u00e9quipe vise \u00e0 \u00eatre un alli\u00e9 pr\u00e9cieux pour les entreprises alimentaires, les soutenant au plus haut niveau dans le d\u00e9veloppement de leurs projets et, si n\u00e9cessaire, dans la gestion de crise, les conflits avec les entreprises concurrentes et les discussions avec les instances administratives (AFSCA-FAVV, Commission, EFSA).<\/p>\n<\/div><div class=\"toggle-links align_none\"><button class=\"collapsible-content-more\">+++<\/button><button class=\"collapsible-content-less\">---<\/button><\/div><\/div><\/div><\/div><\/div><div class=\"vc_col-sm-6 wpb_column vc_column_container\"><div class=\"vc_column-inner\"><div class=\"wpb_wrapper\"><div class=\"wpb_text_column with_collapsible_content\" data-content-height=\"150px\"><div class=\"wpb_wrapper\"><div class=\"flex max-w-full flex-col flex-grow\">\n<div class=\"min-h-&#091;20px&#093; text-message flex w-full flex-col items-end gap-2 whitespace-pre-wrap break-words &#091;.text-message+&amp;&#093;:mt-5 overflow-x-auto\" dir=\"auto\" data-message-author-role=\"assistant\" data-message-id=\"b6f95dfa-79cf-415f-aae9-816b5967cc75\">\n<div class=\"flex w-full flex-col gap-1 empty:hidden first:pt-&#091;3px&#093;\">\n<div class=\"markdown prose w-full break-words dark:prose-invert light\">\n<h3>Arbitrage, Litiges Complexes et M\u00e9diation<\/h3>\n<p><em><strong>Arbitrage<\/strong><\/em><br \/>\nLes avocats de DALDEWOLF sont actifs dans l&#8217;arbitrage national et international, servant \u00e0 la fois de conseillers et, pour certains, d&#8217;arbitres. Ils sont familiers avec les proc\u00e9dures d&#8217;arbitrage ad hoc ou celles men\u00e9es sous l&#8217;\u00e9gide d&#8217;institutions telles que CEPANI, ICC, ICDR, le Centre Suisse d&#8217;Arbitrage, UNCITRAL, OHADA, CIETAC ou SIAC.<\/p>\n<p><em><strong>Litiges Complexes<\/strong><\/em><br \/>\nDans le cadre de sa pratique contentieuse, DALDEWOLF a d\u00e9velopp\u00e9 une expertise particuli\u00e8re dans la gestion des litiges complexes.<\/p>\n<p><em><strong>M\u00e9diation<\/strong><\/em><br \/>\nAvec la promotion active et le soutien des l\u00e9gislateurs aux niveaux national et international, les parties optent de plus en plus pour la m\u00e9diation dans les litiges civils et commerciaux. Les associ\u00e9s de DALDEWOLF se sp\u00e9cialisent dans la m\u00e9diation de tels litiges, devenant les m\u00e9diateurs pr\u00e9f\u00e9r\u00e9s en Belgique pour r\u00e9soudre les diff\u00e9rends impliquant des clients locaux, europ\u00e9ens ou am\u00e9ricains.<\/p>\n<\/div>\n<\/div>\n<\/div>\n<\/div>\n<\/div><div class=\"toggle-links align_none\"><button class=\"collapsible-content-more\">+++<\/button><button class=\"collapsible-content-less\">---<\/button><\/div><\/div><div class=\"wpb_text_column with_collapsible_content\" data-content-height=\"150px\"><div class=\"wpb_wrapper\"><h3>Droit de l&#8217;Union Europ\u00e9enne<\/h3>\n<p>DALDEWOLF consacre une \u00e9quipe d&#8217;avocats exp\u00e9riment\u00e9s \u00e0 ce sujet, dont certains plaident r\u00e9guli\u00e8rement devant les juridictions comp\u00e9tentes nationales et internationales, telles que la Cour de justice de l&#8217;Union europ\u00e9enne. DALDEWOLF poss\u00e8de une vaste exp\u00e9rience dans le march\u00e9 int\u00e9rieur, les march\u00e9s publics, les subventions et la Politique \u00e9trang\u00e8re et de s\u00e9curit\u00e9 commune (PESC).<\/p>\n<\/div><div class=\"toggle-links align_none\"><button class=\"collapsible-content-more\">+++<\/button><button class=\"collapsible-content-less\">---<\/button><\/div><\/div><div class=\"wpb_text_column with_collapsible_content\" data-content-height=\"150px\"><div class=\"wpb_wrapper\"><h3>Droit fiscal<\/h3>\n<p>DALDEWOLF offre une assistance fiscale \u00e9tendue aux entreprises, aux particuliers et aux entit\u00e9s des secteurs public et non lucratif, dans le cadre de leurs op\u00e9rations nationales et internationales. Cela inclut, entre autres, les restructurations d&#8217;entreprises ou de groupes, les structures d&#8217;usufruit et de nue-propri\u00e9t\u00e9, les transitions d&#8217;entreprise, les relocalisations fiscales, les implications fiscales des r\u00e9partitions de salaire, les transactions immobili\u00e8res, les op\u00e9rations financi\u00e8res et les relations entre les dirigeants et leurs entreprises.<br \/>\nDALDEWOLF dispose d&#8217;\u00e9quipes sp\u00e9cialis\u00e9es d\u00e9di\u00e9es \u00e0 la gestion des aspects de la Taxe sur la Valeur Ajout\u00e9e (TVA) des diverses activit\u00e9s et projets de ses clients.<\/p>\n<\/div><div class=\"toggle-links align_none\"><button class=\"collapsible-content-more\">+++<\/button><button class=\"collapsible-content-less\">---<\/button><\/div><\/div><div class=\"wpb_text_column with_collapsible_content\" data-content-height=\"150px\"><div class=\"wpb_wrapper\"><h3>Employment and Social Security Law<\/h3>\n<div class=\"flex max-w-full flex-col flex-grow\">\n<div class=\"min-h-8 text-message flex w-full flex-col items-end gap-2 whitespace-normal break-words &#091;.text-message+&amp;&#093;:mt-5\" dir=\"auto\" data-message-author-role=\"assistant\" data-message-id=\"b1f2417b-d6b5-4d65-99f3-e9ad2e8f291d\" data-message-model-slug=\"gpt-4o\">\n<div class=\"flex w-full flex-col gap-1 empty:hidden first:pt-&#091;3px&#093;\">\n<div class=\"markdown prose w-full break-words dark:prose-invert light\">\n<p>DALDEWOLF offre une gamme compl\u00e8te de services en droit du travail et en droit de la s\u00e9curit\u00e9 sociale, tant en mati\u00e8re de conseil que dans la gestion des litiges devant les cours et tribunaux du travail.&#8221;<\/p>\n<\/div>\n<\/div>\n<\/div>\n<\/div>\n<\/div><div class=\"toggle-links align_none\"><button class=\"collapsible-content-more\">+++<\/button><button class=\"collapsible-content-less\">---<\/button><\/div><\/div><div class=\"wpb_text_column with_collapsible_content\" data-content-height=\"150px\"><div class=\"wpb_wrapper\"><h3>Immobilier et Construction<\/h3>\n<p>DALDEWOLF a d\u00e9velopp\u00e9 une expertise \u00e9tendue dans les projets de construction priv\u00e9s et publics, incluant des complexes multifonctionnels, des bureaux, des logements, des b\u00e2timents industriels, et bien plus encore. Les clients sont conseill\u00e9s \u00e0 chaque \u00e9tape du projet, depuis la conception pr\u00e9liminaire jusqu&#8217;\u00e0 la livraison, ainsi que dans le cas de toute r\u00e9clamation potentielle apr\u00e8s acceptation. Le cabinet accompagne les promoteurs, les constructeurs, les entrepreneurs, les ing\u00e9nieurs, les architectes, les acheteurs et les occupants.<\/p>\n<\/div><div class=\"toggle-links align_none\"><button class=\"collapsible-content-more\">+++<\/button><button class=\"collapsible-content-less\">---<\/button><\/div><\/div><\/div><\/div><\/div><\/div><\/div><\/div><\/div><\/div><\/div><\/section>\n","protected":false},"excerpt":{"rendered":"\u00c0 PROPOS DU DESK CHINE &amp; ASEAN \u4e2d\u6587Desk Chine &#038; ASEAN> plus d&#8217;informationComment nous pouvons aiderAssoci\u00e9 responsableNouvelles et publicationsContactCOMMENT NOUS POUVONS NOUS AIDER Droit des Soci\u00e9t\u00e9s DALDEWOLF dispose d&#8217;une excellente \u00e9quipe de sp\u00e9cialistes en droit des soci\u00e9t\u00e9s. Ses activit\u00e9s se concentrent sur : Transaction : private equity, op\u00e9rations sur les march\u00e9s de capitaux, fusions et...","protected":false},"author":5,"featured_media":0,"parent":0,"menu_order":0,"comment_status":"closed","ping_status":"closed","template":"","meta":{"_acf_changed":false,"footnotes":""},"class_list":["post-14937","page","type-page","status-publish","hentry"],"acf":[],"yoast_head":"<!-- This site is optimized with the Yoast SEO plugin v27.4 - https:\/\/yoast.com\/product\/yoast-seo-wordpress\/ -->\n<title>DALDEWOLF Desk Chine &amp; ASEAN - Comment nous pouvons aider - DALDEWOLF<\/title>\n<meta name=\"description\" content=\"Le Desk Chine &amp; ASEAN offre une grande palette de services juridiques aux investisseurs en provenance de Chine et des pays ASEAN\" \/>\n<meta name=\"robots\" content=\"index, follow, max-snippet:-1, max-image-preview:large, max-video-preview:-1\" \/>\n<link rel=\"canonical\" href=\"https:\/\/www.daldewolf.com\/fr\/daldewolf-china-asean-desk-how-we-can-help\/\" \/>\n<meta property=\"og:locale\" content=\"fr_FR\" \/>\n<meta property=\"og:type\" content=\"article\" \/>\n<meta property=\"og:title\" content=\"DALDEWOLF Desk Chine &amp; ASEAN - Comment nous pouvons aider - DALDEWOLF\" \/>\n<meta property=\"og:description\" content=\"Le Desk Chine &amp; ASEAN offre une grande palette de services juridiques aux investisseurs en provenance de Chine et des pays ASEAN\" \/>\n<meta property=\"og:url\" content=\"https:\/\/www.daldewolf.com\/fr\/daldewolf-china-asean-desk-how-we-can-help\/\" \/>\n<meta property=\"og:site_name\" content=\"DALDEWOLF\" \/>\n<meta property=\"article:modified_time\" content=\"2024-10-16T14:32:32+00:00\" \/>\n<meta property=\"og:image\" content=\"https:\/\/www.daldewolf.com\/wp-content\/uploads\/2021\/05\/Daldewolf-fb.png\" \/>\n\t<meta property=\"og:image:width\" content=\"600\" \/>\n\t<meta property=\"og:image:height\" content=\"315\" \/>\n\t<meta property=\"og:image:type\" content=\"image\/png\" \/>\n<meta name=\"twitter:card\" content=\"summary_large_image\" \/>\n<meta name=\"twitter:label1\" content=\"Dur\u00e9e de lecture estim\u00e9e\" \/>\n\t<meta name=\"twitter:data1\" content=\"4 minutes\" \/>\n<script type=\"application\/ld+json\" class=\"yoast-schema-graph\">{\"@context\":\"https:\\\/\\\/schema.org\",\"@graph\":[{\"@type\":\"WebPage\",\"@id\":\"https:\\\/\\\/www.daldewolf.com\\\/fr\\\/daldewolf-china-asean-desk-how-we-can-help\\\/\",\"url\":\"https:\\\/\\\/www.daldewolf.com\\\/fr\\\/daldewolf-china-asean-desk-how-we-can-help\\\/\",\"name\":\"DALDEWOLF Desk Chine & ASEAN - Comment nous pouvons aider - DALDEWOLF\",\"isPartOf\":{\"@id\":\"https:\\\/\\\/www.daldewolf.com\\\/nl\\\/#website\"},\"datePublished\":\"2024-08-07T14:19:36+00:00\",\"dateModified\":\"2024-10-16T14:32:32+00:00\",\"description\":\"Le Desk Chine & ASEAN offre une grande palette de services juridiques aux investisseurs en provenance de Chine et des pays ASEAN\",\"breadcrumb\":{\"@id\":\"https:\\\/\\\/www.daldewolf.com\\\/fr\\\/daldewolf-china-asean-desk-how-we-can-help\\\/#breadcrumb\"},\"inLanguage\":\"fr-FR\",\"potentialAction\":[{\"@type\":\"ReadAction\",\"target\":[\"https:\\\/\\\/www.daldewolf.com\\\/fr\\\/daldewolf-china-asean-desk-how-we-can-help\\\/\"]}]},{\"@type\":\"BreadcrumbList\",\"@id\":\"https:\\\/\\\/www.daldewolf.com\\\/fr\\\/daldewolf-china-asean-desk-how-we-can-help\\\/#breadcrumb\",\"itemListElement\":[{\"@type\":\"ListItem\",\"position\":1,\"name\":\"Home\",\"item\":\"https:\\\/\\\/www.daldewolf.com\\\/fr\\\/\"},{\"@type\":\"ListItem\",\"position\":2,\"name\":\"DALDEWOLF Desk Chine &#038; ASEAN &#8211; Comment nous pouvons aider\"}]},{\"@type\":\"WebSite\",\"@id\":\"https:\\\/\\\/www.daldewolf.com\\\/nl\\\/#website\",\"url\":\"https:\\\/\\\/www.daldewolf.com\\\/nl\\\/\",\"name\":\"DALDEWOLF\",\"description\":\"Independant Law firm, Since 1958.\",\"publisher\":{\"@id\":\"https:\\\/\\\/www.daldewolf.com\\\/nl\\\/#organization\"},\"potentialAction\":[{\"@type\":\"SearchAction\",\"target\":{\"@type\":\"EntryPoint\",\"urlTemplate\":\"https:\\\/\\\/www.daldewolf.com\\\/nl\\\/?s={search_term_string}\"},\"query-input\":{\"@type\":\"PropertyValueSpecification\",\"valueRequired\":true,\"valueName\":\"search_term_string\"}}],\"inLanguage\":\"fr-FR\"},{\"@type\":\"Organization\",\"@id\":\"https:\\\/\\\/www.daldewolf.com\\\/nl\\\/#organization\",\"name\":\"DALDEWOLF\",\"url\":\"https:\\\/\\\/www.daldewolf.com\\\/nl\\\/\",\"logo\":{\"@type\":\"ImageObject\",\"inLanguage\":\"fr-FR\",\"@id\":\"https:\\\/\\\/www.daldewolf.com\\\/nl\\\/#\\\/schema\\\/logo\\\/image\\\/\",\"url\":\"https:\\\/\\\/www.daldewolf.com\\\/wp-content\\\/uploads\\\/2020\\\/05\\\/Logo-Daldewolf.png\",\"contentUrl\":\"https:\\\/\\\/www.daldewolf.com\\\/wp-content\\\/uploads\\\/2020\\\/05\\\/Logo-Daldewolf.png\",\"width\":320,\"height\":40,\"caption\":\"DALDEWOLF\"},\"image\":{\"@id\":\"https:\\\/\\\/www.daldewolf.com\\\/nl\\\/#\\\/schema\\\/logo\\\/image\\\/\"},\"sameAs\":[\"https:\\\/\\\/www.linkedin.com\\\/company\\\/10193320\"]}]}<\/script>\n<!-- \/ Yoast SEO plugin. -->","yoast_head_json":{"title":"DALDEWOLF Desk Chine & ASEAN - Comment nous pouvons aider - DALDEWOLF","description":"Le Desk Chine & ASEAN offre une grande palette de services juridiques aux investisseurs en provenance de Chine et des pays ASEAN","robots":{"index":"index","follow":"follow","max-snippet":"max-snippet:-1","max-image-preview":"max-image-preview:large","max-video-preview":"max-video-preview:-1"},"canonical":"https:\/\/www.daldewolf.com\/fr\/daldewolf-china-asean-desk-how-we-can-help\/","og_locale":"fr_FR","og_type":"article","og_title":"DALDEWOLF Desk Chine & ASEAN - Comment nous pouvons aider - DALDEWOLF","og_description":"Le Desk Chine & ASEAN offre une grande palette de services juridiques aux investisseurs en provenance de Chine et des pays ASEAN","og_url":"https:\/\/www.daldewolf.com\/fr\/daldewolf-china-asean-desk-how-we-can-help\/","og_site_name":"DALDEWOLF","article_modified_time":"2024-10-16T14:32:32+00:00","og_image":[{"width":600,"height":315,"url":"https:\/\/www.daldewolf.com\/wp-content\/uploads\/2021\/05\/Daldewolf-fb.png","type":"image\/png"}],"twitter_card":"summary_large_image","twitter_misc":{"Dur\u00e9e de lecture estim\u00e9e":"4 minutes"},"schema":{"@context":"https:\/\/schema.org","@graph":[{"@type":"WebPage","@id":"https:\/\/www.daldewolf.com\/fr\/daldewolf-china-asean-desk-how-we-can-help\/","url":"https:\/\/www.daldewolf.com\/fr\/daldewolf-china-asean-desk-how-we-can-help\/","name":"DALDEWOLF Desk Chine & ASEAN - Comment nous pouvons aider - DALDEWOLF","isPartOf":{"@id":"https:\/\/www.daldewolf.com\/nl\/#website"},"datePublished":"2024-08-07T14:19:36+00:00","dateModified":"2024-10-16T14:32:32+00:00","description":"Le Desk Chine & ASEAN offre une grande palette de services juridiques aux investisseurs en provenance de Chine et des pays ASEAN","breadcrumb":{"@id":"https:\/\/www.daldewolf.com\/fr\/daldewolf-china-asean-desk-how-we-can-help\/#breadcrumb"},"inLanguage":"fr-FR","potentialAction":[{"@type":"ReadAction","target":["https:\/\/www.daldewolf.com\/fr\/daldewolf-china-asean-desk-how-we-can-help\/"]}]},{"@type":"BreadcrumbList","@id":"https:\/\/www.daldewolf.com\/fr\/daldewolf-china-asean-desk-how-we-can-help\/#breadcrumb","itemListElement":[{"@type":"ListItem","position":1,"name":"Home","item":"https:\/\/www.daldewolf.com\/fr\/"},{"@type":"ListItem","position":2,"name":"DALDEWOLF Desk Chine &#038; ASEAN &#8211; Comment nous pouvons aider"}]},{"@type":"WebSite","@id":"https:\/\/www.daldewolf.com\/nl\/#website","url":"https:\/\/www.daldewolf.com\/nl\/","name":"DALDEWOLF","description":"Independant Law firm, Since 1958.","publisher":{"@id":"https:\/\/www.daldewolf.com\/nl\/#organization"},"potentialAction":[{"@type":"SearchAction","target":{"@type":"EntryPoint","urlTemplate":"https:\/\/www.daldewolf.com\/nl\/?s={search_term_string}"},"query-input":{"@type":"PropertyValueSpecification","valueRequired":true,"valueName":"search_term_string"}}],"inLanguage":"fr-FR"},{"@type":"Organization","@id":"https:\/\/www.daldewolf.com\/nl\/#organization","name":"DALDEWOLF","url":"https:\/\/www.daldewolf.com\/nl\/","logo":{"@type":"ImageObject","inLanguage":"fr-FR","@id":"https:\/\/www.daldewolf.com\/nl\/#\/schema\/logo\/image\/","url":"https:\/\/www.daldewolf.com\/wp-content\/uploads\/2020\/05\/Logo-Daldewolf.png","contentUrl":"https:\/\/www.daldewolf.com\/wp-content\/uploads\/2020\/05\/Logo-Daldewolf.png","width":320,"height":40,"caption":"DALDEWOLF"},"image":{"@id":"https:\/\/www.daldewolf.com\/nl\/#\/schema\/logo\/image\/"},"sameAs":["https:\/\/www.linkedin.com\/company\/10193320"]}]}},"_links":{"self":[{"href":"https:\/\/www.daldewolf.com\/fr\/wp-json\/wp\/v2\/pages\/14937","targetHints":{"allow":["GET"]}}],"collection":[{"href":"https:\/\/www.daldewolf.com\/fr\/wp-json\/wp\/v2\/pages"}],"about":[{"href":"https:\/\/www.daldewolf.com\/fr\/wp-json\/wp\/v2\/types\/page"}],"author":[{"embeddable":true,"href":"https:\/\/www.daldewolf.com\/fr\/wp-json\/wp\/v2\/users\/5"}],"replies":[{"embeddable":true,"href":"https:\/\/www.daldewolf.com\/fr\/wp-json\/wp\/v2\/comments?post=14937"}],"version-history":[{"count":0,"href":"https:\/\/www.daldewolf.com\/fr\/wp-json\/wp\/v2\/pages\/14937\/revisions"}],"wp:attachment":[{"href":"https:\/\/www.daldewolf.com\/fr\/wp-json\/wp\/v2\/media?parent=14937"}],"curies":[{"name":"wp","href":"https:\/\/api.w.org\/{rel}","templated":true}]}}