{"id":14908,"date":"2024-08-07T15:27:07","date_gmt":"2024-08-07T14:27:07","guid":{"rendered":"https:\/\/www.daldewolf.com\/?page_id=14908"},"modified":"2026-03-05T17:13:54","modified_gmt":"2026-03-05T16:13:54","slug":"daldewolf-desk-chine-asean-nouvelles-et-publications","status":"publish","type":"page","link":"https:\/\/www.daldewolf.com\/fr\/daldewolf-desk-chine-asean-nouvelles-et-publications\/","title":{"rendered":"DALDEWOLF Desk Chine &#038; ASEAN &#8211; Actualit\u00e9s et publications"},"content":{"rendered":"<section class=\"l-section wpb_row height_medium\"><div class=\"l-section-h i-cf\"><div class=\"g-cols vc_row via_flex valign_top type_default stacking_default\"><div class=\"vc_col-sm-4 wpb_column vc_column_container first-column-sp\"><div class=\"vc_column-inner type_sticky\"><div class=\"wpb_wrapper\"><div class=\"wpb_text_column\"><div class=\"wpb_wrapper\"><h2 style=\"text-align: center;\">\u00c0 PROPOS DU DESK<br \/>\nCHINE &amp; ASEAN<\/h2>\n<\/div><\/div><div class=\"g-cols wpb_row via_flex valign_top type_default stacking_default\"><div class=\"vc_col-sm-4 wpb_column vc_column_container\"><div class=\"vc_column-inner\"><div class=\"wpb_wrapper\"><\/div><\/div><\/div><div class=\"vc_col-sm-4 wpb_column vc_column_container\"><div class=\"vc_column-inner\"><div class=\"wpb_wrapper\"><div class=\"w-btn-wrapper align_center\"><a class=\"w-btn us-btn-style_4\" href=\"https:\/\/www.daldewolf.com\/en\/daldewolf-\u4e2d\u56fd\u4e1c\u76df\u4e1a\u52a1\u90e8-news-and-publications\/\"><span class=\"w-btn-label\">\u4e2d\u6587<\/span><\/a><\/div><\/div><\/div><\/div><div class=\"vc_col-sm-4 wpb_column vc_column_container\"><div class=\"vc_column-inner\"><div class=\"wpb_wrapper\"><\/div><\/div><\/div><\/div><nav class=\"w-menu us_custom_3c67a9ec layout_ver style_links us_menu_1\" style=\"--main-gap:1.5rem;--main-ver-indent:0.8em;--main-hor-indent:0.8em;--main-color:inherit;\" id=\"menu\"><ul id=\"menu-ddw-desk-chine\" class=\"menu\"><li id=\"menu-item-14876\" class=\"menu-item menu-item-type-post_type menu-item-object-page menu-item-14876\"><a href=\"https:\/\/www.daldewolf.com\/fr\/daldewolf-desk-chine-asean-le-desk\/\">Desk Chine &#038; ASEAN<\/a><\/li><li id=\"menu-item-15800\" class=\"menu-item menu-item-type-post_type menu-item-object-page menu-item-15800\"><a href=\"https:\/\/www.daldewolf.com\/fr\/daldewolf-desk-chine-le-cabinet\/\">> plus d&#8217;information<\/a><\/li><li id=\"menu-item-15850\" class=\"menu-item menu-item-type-post_type menu-item-object-page menu-item-15850\"><a href=\"https:\/\/www.daldewolf.com\/fr\/daldewolf-china-asean-desk-how-we-can-help\/\">Comment nous pouvons aider<\/a><\/li><li id=\"menu-item-15845\" class=\"menu-item menu-item-type-post_type menu-item-object-page menu-item-15845\"><a href=\"https:\/\/www.daldewolf.com\/fr\/daldewolf-desk-chine-asean-lequipe\/\">Associ\u00e9 responsable<\/a><\/li><li id=\"menu-item-14946\" class=\"menu-item menu-item-type-post_type menu-item-object-page menu-item-14946\"><a href=\"https:\/\/www.daldewolf.com\/fr\/daldewolf-desk-chine-asean-nouvelles-et-publications\/\">Nouvelles et publications<\/a><\/li><li id=\"menu-item-14857\" class=\"menu-item menu-item-type-post_type menu-item-object-page menu-item-14857\"><a href=\"https:\/\/www.daldewolf.com\/fr\/daldewolf-desk-chine-asean-contact\/\">Contact<\/a><\/li><\/ul><style>@media ( max-width:600px ){.us_menu_1 .menu{display:block!important}.us_menu_1 .menu>li:not(:last-child){margin:0 0 var(--main-gap,1.5rem)!important}}<\/style><\/nav><\/div><\/div><\/div><div class=\"vc_col-sm-8 wpb_column vc_column_container\"><div class=\"vc_column-inner\"><div class=\"wpb_wrapper\"><div class=\"wpb_text_column\"><div class=\"wpb_wrapper\"><h2>ACTUALIT\u00c9S ET PUBLICATIONS<\/h2>\n<\/div><\/div><div class=\"g-cols wpb_row via_flex valign_top type_default stacking_default\"><div class=\"vc_col-sm-12 wpb_column vc_column_container\"><div class=\"vc_column-inner\"><div class=\"wpb_wrapper\"><div class=\"wpb_text_column\"><div class=\"wpb_wrapper\"><ul>\n<li><a href=\"https:\/\/www.daldewolf.com\/fr\/18e-19e-et-prochain-20e-paquet-de-sanctions-de-lunion-europeenne-visant-des-entites-chinoises\/\" target=\"_blank\" rel=\"noopener\">18e, 19e et (prochain) 20e paquet de sanctions de l\u2019Union europ\u00e9enne visant des entit\u00e9s chinoises<\/a> (2026.03.05)<\/li>\n<li><a href=\"https:\/\/www.daldewolf.com\/fr\/premiere-utilisation-par-lunion-europeenne-de-linstrument-international-pour-les-marches-publics-contre-la-chine-quelles-consequences-pour-le-marche-des-dispositifs-medicaux\/\" target=\"_blank\" rel=\"noopener\" aria-current=\"page\">Premi\u00e8re utilisation par l\u2019Union europ\u00e9enne de l\u2019Instrument international pour les march\u00e9s publics contre la Chine : quelles cons\u00e9quences pour le march\u00e9 des dispositifs m\u00e9dicaux<\/a> (2025.07.28)<\/li>\n<li><a href=\"https:\/\/www.daldewolf.com\/fr\/mise-a-jour-sur-le-mecanisme-de-controle-de-la-securite-nationale-des-ide-en-belgique-et-dans-lue\/\" target=\"_blank\" rel=\"noopener\" aria-current=\"page\">Mise \u00e0 jour sur le m\u00e9canisme de contr\u00f4le de la s\u00e9curit\u00e9 nationale des IDE en Belgique et dans l\u2019UE<\/a> (2025.03.11)<\/li>\n<li><a href=\"https:\/\/www.daldewolf.com\/fr\/lue-commence-a-controler-les-investissements-sortants-dans-trois-secteurs-sensibles\/\" aria-current=\"page\">L\u2019UE commence \u00e0 contr\u00f4ler les investissements sortants dans trois secteurs sensibles<\/a> (2025.01.17)<\/li>\n<li><a href=\"https:\/\/www.daldewolf.com\/fr\/mise-a-jour-sur-le-controle-des-investissements-directs-etrangers-ide-dans-lunion-europeenne\/\" target=\"_blank\" rel=\"noopener\">Update on the screening of FDI into the European Union<\/a><span>\u00a0<\/span>(2023.12.04)<\/li>\n<li><a href=\"https:\/\/www.daldewolf.com\/fr\/la-belgique-commence-le-screening-des-investissements-etrangers-a-partir-du-1er-juillet\/\" target=\"_blank\" rel=\"noopener\">Belgium starts to screen foreign investment as from 1st of July<\/a><span>\u00a0<\/span>(2023.06.06)<\/li>\n<\/ul>\n<\/div><\/div><\/div><\/div><\/div><\/div><\/div><\/div><\/div><\/div><\/div><\/section>\n","protected":false},"excerpt":{"rendered":"\u00c0 PROPOS DU DESK CHINE &amp; ASEAN \u4e2d\u6587Desk Chine &#038; ASEAN> plus d&#8217;informationComment nous pouvons aiderAssoci\u00e9 responsableNouvelles et publicationsContactACTUALIT\u00c9S ET PUBLICATIONS 18e, 19e et (prochain) 20e paquet de sanctions de l\u2019Union europ\u00e9enne visant des entit\u00e9s chinoises (2026.03.05) Premi\u00e8re utilisation par l\u2019Union europ\u00e9enne de l\u2019Instrument international pour les march\u00e9s publics contre la Chine : quelles cons\u00e9quences...","protected":false},"author":5,"featured_media":0,"parent":0,"menu_order":0,"comment_status":"closed","ping_status":"closed","template":"","meta":{"_acf_changed":false,"footnotes":""},"class_list":["post-14908","page","type-page","status-publish","hentry"],"acf":[],"yoast_head":"<!-- This site is optimized with the Yoast SEO plugin v27.5 - https:\/\/yoast.com\/product\/yoast-seo-wordpress\/ -->\n<title>DALDEWOLF Desk Chine &amp; ASEAN - Actualit\u00e9s et publications - DALDEWOLF<\/title>\n<meta name=\"description\" content=\"DALDEWOLF Desk Chine &amp; ASEAN : Actualit\u00e9s et publications\" \/>\n<meta name=\"robots\" content=\"index, follow, max-snippet:-1, max-image-preview:large, max-video-preview:-1\" \/>\n<link rel=\"canonical\" href=\"https:\/\/www.daldewolf.com\/fr\/daldewolf-desk-chine-asean-nouvelles-et-publications\/\" \/>\n<meta property=\"og:locale\" content=\"fr_FR\" \/>\n<meta property=\"og:type\" content=\"article\" \/>\n<meta property=\"og:title\" content=\"DALDEWOLF Desk Chine &amp; ASEAN - Actualit\u00e9s et publications - DALDEWOLF\" \/>\n<meta property=\"og:description\" content=\"DALDEWOLF Desk Chine &amp; ASEAN : Actualit\u00e9s et publications\" \/>\n<meta property=\"og:url\" content=\"https:\/\/www.daldewolf.com\/fr\/daldewolf-desk-chine-asean-nouvelles-et-publications\/\" \/>\n<meta property=\"og:site_name\" content=\"DALDEWOLF\" \/>\n<meta property=\"article:modified_time\" content=\"2026-03-05T16:13:54+00:00\" \/>\n<meta property=\"og:image\" content=\"https:\/\/www.daldewolf.com\/wp-content\/uploads\/2021\/05\/Daldewolf-fb.png\" \/>\n\t<meta property=\"og:image:width\" content=\"600\" \/>\n\t<meta property=\"og:image:height\" content=\"315\" \/>\n\t<meta property=\"og:image:type\" content=\"image\/png\" \/>\n<meta name=\"twitter:card\" content=\"summary_large_image\" \/>\n<meta name=\"twitter:label1\" content=\"Dur\u00e9e de lecture estim\u00e9e\" \/>\n\t<meta name=\"twitter:data1\" content=\"1 minute\" \/>\n<script type=\"application\/ld+json\" class=\"yoast-schema-graph\">{\"@context\":\"https:\\\/\\\/schema.org\",\"@graph\":[{\"@type\":\"WebPage\",\"@id\":\"https:\\\/\\\/www.daldewolf.com\\\/fr\\\/daldewolf-desk-chine-asean-nouvelles-et-publications\\\/\",\"url\":\"https:\\\/\\\/www.daldewolf.com\\\/fr\\\/daldewolf-desk-chine-asean-nouvelles-et-publications\\\/\",\"name\":\"DALDEWOLF Desk Chine & ASEAN - Actualit\u00e9s et publications - DALDEWOLF\",\"isPartOf\":{\"@id\":\"https:\\\/\\\/www.daldewolf.com\\\/nl\\\/#website\"},\"datePublished\":\"2024-08-07T14:27:07+00:00\",\"dateModified\":\"2026-03-05T16:13:54+00:00\",\"description\":\"DALDEWOLF Desk Chine & ASEAN : Actualit\u00e9s et publications\",\"breadcrumb\":{\"@id\":\"https:\\\/\\\/www.daldewolf.com\\\/fr\\\/daldewolf-desk-chine-asean-nouvelles-et-publications\\\/#breadcrumb\"},\"inLanguage\":\"fr-FR\",\"potentialAction\":[{\"@type\":\"ReadAction\",\"target\":[\"https:\\\/\\\/www.daldewolf.com\\\/fr\\\/daldewolf-desk-chine-asean-nouvelles-et-publications\\\/\"]}]},{\"@type\":\"BreadcrumbList\",\"@id\":\"https:\\\/\\\/www.daldewolf.com\\\/fr\\\/daldewolf-desk-chine-asean-nouvelles-et-publications\\\/#breadcrumb\",\"itemListElement\":[{\"@type\":\"ListItem\",\"position\":1,\"name\":\"Home\",\"item\":\"https:\\\/\\\/www.daldewolf.com\\\/fr\\\/\"},{\"@type\":\"ListItem\",\"position\":2,\"name\":\"DALDEWOLF Desk Chine &#038; ASEAN &#8211; Actualit\u00e9s et publications\"}]},{\"@type\":\"WebSite\",\"@id\":\"https:\\\/\\\/www.daldewolf.com\\\/nl\\\/#website\",\"url\":\"https:\\\/\\\/www.daldewolf.com\\\/nl\\\/\",\"name\":\"DALDEWOLF\",\"description\":\"Independant Law firm, Since 1958.\",\"publisher\":{\"@id\":\"https:\\\/\\\/www.daldewolf.com\\\/nl\\\/#organization\"},\"potentialAction\":[{\"@type\":\"SearchAction\",\"target\":{\"@type\":\"EntryPoint\",\"urlTemplate\":\"https:\\\/\\\/www.daldewolf.com\\\/nl\\\/?s={search_term_string}\"},\"query-input\":{\"@type\":\"PropertyValueSpecification\",\"valueRequired\":true,\"valueName\":\"search_term_string\"}}],\"inLanguage\":\"fr-FR\"},{\"@type\":\"Organization\",\"@id\":\"https:\\\/\\\/www.daldewolf.com\\\/nl\\\/#organization\",\"name\":\"DALDEWOLF\",\"url\":\"https:\\\/\\\/www.daldewolf.com\\\/nl\\\/\",\"logo\":{\"@type\":\"ImageObject\",\"inLanguage\":\"fr-FR\",\"@id\":\"https:\\\/\\\/www.daldewolf.com\\\/nl\\\/#\\\/schema\\\/logo\\\/image\\\/\",\"url\":\"https:\\\/\\\/www.daldewolf.com\\\/wp-content\\\/uploads\\\/2020\\\/05\\\/Logo-Daldewolf.png\",\"contentUrl\":\"https:\\\/\\\/www.daldewolf.com\\\/wp-content\\\/uploads\\\/2020\\\/05\\\/Logo-Daldewolf.png\",\"width\":320,\"height\":40,\"caption\":\"DALDEWOLF\"},\"image\":{\"@id\":\"https:\\\/\\\/www.daldewolf.com\\\/nl\\\/#\\\/schema\\\/logo\\\/image\\\/\"},\"sameAs\":[\"https:\\\/\\\/www.linkedin.com\\\/company\\\/10193320\"]}]}<\/script>\n<!-- \/ Yoast SEO plugin. -->","yoast_head_json":{"title":"DALDEWOLF Desk Chine & ASEAN - Actualit\u00e9s et publications - DALDEWOLF","description":"DALDEWOLF Desk Chine & ASEAN : Actualit\u00e9s et publications","robots":{"index":"index","follow":"follow","max-snippet":"max-snippet:-1","max-image-preview":"max-image-preview:large","max-video-preview":"max-video-preview:-1"},"canonical":"https:\/\/www.daldewolf.com\/fr\/daldewolf-desk-chine-asean-nouvelles-et-publications\/","og_locale":"fr_FR","og_type":"article","og_title":"DALDEWOLF Desk Chine & ASEAN - Actualit\u00e9s et publications - DALDEWOLF","og_description":"DALDEWOLF Desk Chine & ASEAN : Actualit\u00e9s et publications","og_url":"https:\/\/www.daldewolf.com\/fr\/daldewolf-desk-chine-asean-nouvelles-et-publications\/","og_site_name":"DALDEWOLF","article_modified_time":"2026-03-05T16:13:54+00:00","og_image":[{"width":600,"height":315,"url":"https:\/\/www.daldewolf.com\/wp-content\/uploads\/2021\/05\/Daldewolf-fb.png","type":"image\/png"}],"twitter_card":"summary_large_image","twitter_misc":{"Dur\u00e9e de lecture estim\u00e9e":"1 minute"},"schema":{"@context":"https:\/\/schema.org","@graph":[{"@type":"WebPage","@id":"https:\/\/www.daldewolf.com\/fr\/daldewolf-desk-chine-asean-nouvelles-et-publications\/","url":"https:\/\/www.daldewolf.com\/fr\/daldewolf-desk-chine-asean-nouvelles-et-publications\/","name":"DALDEWOLF Desk Chine & ASEAN - Actualit\u00e9s et publications - DALDEWOLF","isPartOf":{"@id":"https:\/\/www.daldewolf.com\/nl\/#website"},"datePublished":"2024-08-07T14:27:07+00:00","dateModified":"2026-03-05T16:13:54+00:00","description":"DALDEWOLF Desk Chine & ASEAN : Actualit\u00e9s et publications","breadcrumb":{"@id":"https:\/\/www.daldewolf.com\/fr\/daldewolf-desk-chine-asean-nouvelles-et-publications\/#breadcrumb"},"inLanguage":"fr-FR","potentialAction":[{"@type":"ReadAction","target":["https:\/\/www.daldewolf.com\/fr\/daldewolf-desk-chine-asean-nouvelles-et-publications\/"]}]},{"@type":"BreadcrumbList","@id":"https:\/\/www.daldewolf.com\/fr\/daldewolf-desk-chine-asean-nouvelles-et-publications\/#breadcrumb","itemListElement":[{"@type":"ListItem","position":1,"name":"Home","item":"https:\/\/www.daldewolf.com\/fr\/"},{"@type":"ListItem","position":2,"name":"DALDEWOLF Desk Chine &#038; ASEAN &#8211; Actualit\u00e9s et publications"}]},{"@type":"WebSite","@id":"https:\/\/www.daldewolf.com\/nl\/#website","url":"https:\/\/www.daldewolf.com\/nl\/","name":"DALDEWOLF","description":"Independant Law firm, Since 1958.","publisher":{"@id":"https:\/\/www.daldewolf.com\/nl\/#organization"},"potentialAction":[{"@type":"SearchAction","target":{"@type":"EntryPoint","urlTemplate":"https:\/\/www.daldewolf.com\/nl\/?s={search_term_string}"},"query-input":{"@type":"PropertyValueSpecification","valueRequired":true,"valueName":"search_term_string"}}],"inLanguage":"fr-FR"},{"@type":"Organization","@id":"https:\/\/www.daldewolf.com\/nl\/#organization","name":"DALDEWOLF","url":"https:\/\/www.daldewolf.com\/nl\/","logo":{"@type":"ImageObject","inLanguage":"fr-FR","@id":"https:\/\/www.daldewolf.com\/nl\/#\/schema\/logo\/image\/","url":"https:\/\/www.daldewolf.com\/wp-content\/uploads\/2020\/05\/Logo-Daldewolf.png","contentUrl":"https:\/\/www.daldewolf.com\/wp-content\/uploads\/2020\/05\/Logo-Daldewolf.png","width":320,"height":40,"caption":"DALDEWOLF"},"image":{"@id":"https:\/\/www.daldewolf.com\/nl\/#\/schema\/logo\/image\/"},"sameAs":["https:\/\/www.linkedin.com\/company\/10193320"]}]}},"_links":{"self":[{"href":"https:\/\/www.daldewolf.com\/fr\/wp-json\/wp\/v2\/pages\/14908","targetHints":{"allow":["GET"]}}],"collection":[{"href":"https:\/\/www.daldewolf.com\/fr\/wp-json\/wp\/v2\/pages"}],"about":[{"href":"https:\/\/www.daldewolf.com\/fr\/wp-json\/wp\/v2\/types\/page"}],"author":[{"embeddable":true,"href":"https:\/\/www.daldewolf.com\/fr\/wp-json\/wp\/v2\/users\/5"}],"replies":[{"embeddable":true,"href":"https:\/\/www.daldewolf.com\/fr\/wp-json\/wp\/v2\/comments?post=14908"}],"version-history":[{"count":5,"href":"https:\/\/www.daldewolf.com\/fr\/wp-json\/wp\/v2\/pages\/14908\/revisions"}],"predecessor-version":[{"id":18635,"href":"https:\/\/www.daldewolf.com\/fr\/wp-json\/wp\/v2\/pages\/14908\/revisions\/18635"}],"wp:attachment":[{"href":"https:\/\/www.daldewolf.com\/fr\/wp-json\/wp\/v2\/media?parent=14908"}],"curies":[{"name":"wp","href":"https:\/\/api.w.org\/{rel}","templated":true}]}}