{"id":14859,"date":"2024-08-05T17:07:03","date_gmt":"2024-08-05T16:07:03","guid":{"rendered":"https:\/\/www.daldewolf.com\/?page_id=14859"},"modified":"2024-10-16T10:11:36","modified_gmt":"2024-10-16T08:11:36","slug":"daldewolf-desk-chine-asean-le-desk","status":"publish","type":"page","link":"https:\/\/www.daldewolf.com\/fr\/daldewolf-desk-chine-asean-le-desk\/","title":{"rendered":"DALDEWOLF Desk Chine &#038; ASEAN &#8211; Le Desk"},"content":{"rendered":"<section class=\"l-section wpb_row height_medium\"><div class=\"l-section-h i-cf\"><div class=\"g-cols vc_row via_flex valign_top type_default stacking_default\"><div class=\"vc_col-sm-4 wpb_column vc_column_container first-column-sp\"><div class=\"vc_column-inner type_sticky\"><div class=\"wpb_wrapper\"><div class=\"wpb_text_column\"><div class=\"wpb_wrapper\"><h2 style=\"text-align: center;\">\u00c0 PROPOS DU DESK<br \/>\nCHINE &amp; ASEAN<\/h2>\n<\/div><\/div><div class=\"g-cols wpb_row via_flex valign_top type_default stacking_default\"><div class=\"vc_col-sm-4 wpb_column vc_column_container\"><div class=\"vc_column-inner\"><div class=\"wpb_wrapper\"><\/div><\/div><\/div><div class=\"vc_col-sm-4 wpb_column vc_column_container\"><div class=\"vc_column-inner\"><div class=\"wpb_wrapper\"><div class=\"w-btn-wrapper align_center\"><a class=\"w-btn us-btn-style_4\" href=\"https:\/\/www.daldewolf.com\/en\/daldewolf-\u4e2d\u56fd\u4e1c\u76df\u4e1a\u52a1\u90e8-the-desk\/\"><span class=\"w-btn-label\">\u4e2d\u6587<\/span><\/a><\/div><\/div><\/div><\/div><div class=\"vc_col-sm-4 wpb_column vc_column_container\"><div class=\"vc_column-inner\"><div class=\"wpb_wrapper\"><\/div><\/div><\/div><\/div><nav class=\"w-menu us_custom_3c67a9ec layout_ver style_links us_menu_1\" style=\"--main-gap:1.5rem;--main-ver-indent:0.8em;--main-hor-indent:0.8em;--main-color:inherit;\" id=\"menu\"><ul id=\"menu-ddw-desk-chine\" class=\"menu\"><li id=\"menu-item-14876\" class=\"menu-item menu-item-type-post_type menu-item-object-page menu-item-14876\"><a href=\"https:\/\/www.daldewolf.com\/fr\/daldewolf-desk-chine-asean-le-desk\/\">Desk Chine &#038; ASEAN<\/a><\/li><li id=\"menu-item-15800\" class=\"menu-item menu-item-type-post_type menu-item-object-page menu-item-15800\"><a href=\"https:\/\/www.daldewolf.com\/fr\/daldewolf-desk-chine-le-cabinet\/\">> plus d&#8217;information<\/a><\/li><li id=\"menu-item-15850\" class=\"menu-item menu-item-type-post_type menu-item-object-page menu-item-15850\"><a href=\"https:\/\/www.daldewolf.com\/fr\/daldewolf-china-asean-desk-how-we-can-help\/\">Comment nous pouvons aider<\/a><\/li><li id=\"menu-item-15845\" class=\"menu-item menu-item-type-post_type menu-item-object-page menu-item-15845\"><a href=\"https:\/\/www.daldewolf.com\/fr\/daldewolf-desk-chine-asean-lequipe\/\">Associ\u00e9 responsable<\/a><\/li><li id=\"menu-item-14946\" class=\"menu-item menu-item-type-post_type menu-item-object-page menu-item-14946\"><a href=\"https:\/\/www.daldewolf.com\/fr\/daldewolf-desk-chine-asean-nouvelles-et-publications\/\">Nouvelles et publications<\/a><\/li><li id=\"menu-item-14857\" class=\"menu-item menu-item-type-post_type menu-item-object-page menu-item-14857\"><a href=\"https:\/\/www.daldewolf.com\/fr\/daldewolf-desk-chine-asean-contact\/\">Contact<\/a><\/li><\/ul><style>@media ( max-width:600px ){.us_menu_1 .menu{display:block!important}.us_menu_1 .menu>li{margin:0 0 var(--main-gap,1.5rem)!important}}<\/style><\/nav><\/div><\/div><\/div><div class=\"vc_col-sm-8 wpb_column vc_column_container\"><div class=\"vc_column-inner\"><div class=\"wpb_wrapper\"><div class=\"wpb_text_column\"><div class=\"wpb_wrapper\"><h2>DESK CHINE &amp; ASEAN<\/h2>\n<\/div><\/div><div class=\"wpb_text_column\"><div class=\"wpb_wrapper\"><p>Le Desk Chine et ASEAN de DALDEWOLF se concentre sur:<br \/>\n&#8211; conseiller les clients chinois et d&#8217;Asie du Sud-Est dans leurs investissements en Belgique et dans l&#8217;UE, ainsi que dans leurs \u00e9changes commerciaux avec ces pays<br \/>\n&#8211; r\u00e9soudre les litiges : n\u00e9gociation, m\u00e9diation, arbitrage et ex\u00e9cution en Chine et dans les pays de l&#8217;ASEAN<\/p>\n<\/div><\/div><div class=\"g-cols wpb_row via_flex valign_top type_default stacking_default\"><div class=\"vc_col-sm-6 wpb_column vc_column_container\"><div class=\"vc_column-inner\"><div class=\"wpb_wrapper\"><div class=\"wpb_text_column\"><div class=\"wpb_wrapper\"><h3>Services:<\/h3>\n<ul>\n<li>Conseils d&#8217;entr\u00e9e sur le march\u00e9 belge \/ de l&#8217;UE<\/li>\n<li>Structuration des investissements<\/li>\n<li>Mise en place d&#8217;une soci\u00e9t\u00e9<\/li>\n<li>Notification de contr\u00f4le des investissements \u00e9trangers<\/li>\n<li>Contrats commerciaux<\/li>\n<li>Acquisition et joint-venture<\/li>\n<li>Proc\u00e9dure de recrutement et de licenciement<\/li>\n<li>Mobilit\u00e9 internationale<\/li>\n<li>Optimisation fiscale<\/li>\n<li>Conseils en droit immobilier et en droit de la construction<\/li>\n<li>Contentieux et arbitrage<\/li>\n<li>Droit de l&#8217;Union Europ\u00e9enne (Sanctions, filtrage des IDE, contr\u00f4les \u00e0 l&#8217;exportation, CBAM, etc.)<\/li>\n<li>Droit alimentaire<\/li>\n<\/ul>\n<\/div><\/div><\/div><\/div><\/div><div class=\"vc_col-sm-6 wpb_column vc_column_container\"><div class=\"vc_column-inner\"><div class=\"wpb_wrapper\"><div class=\"wpb_text_column\"><div class=\"wpb_wrapper\"><h3>Secteurs:<\/h3>\n<ul>\n<li>Automobile<\/li>\n<li>\u00c9nergies renouvelables<\/li>\n<li>Infrastructure<\/li>\n<li>Technologie<\/li>\n<li>Biotechnologie et Sciences de la Vie<\/li>\n<li>H\u00f4tellerie<\/li>\n<li>Logistique et Commerce \u00c9lectronique<\/li>\n<\/ul>\n<\/div><\/div><\/div><\/div><\/div><div class=\"vc_col-sm-12 wpb_column vc_column_container\"><div class=\"vc_column-inner\"><div class=\"wpb_wrapper\"><div class=\"w-separator size_medium\"><\/div><div class=\"wpb_text_column\"><div class=\"wpb_wrapper\"><p>DALDEWOLF dispose d&#8217;une \u00e9quipe d&#8217;experts juridiques internes qui parlent le mandarin, le n\u00e9erlandais, le fran\u00e7ais, l&#8217;anglais, l&#8217;allemand et l&#8217;italien.<\/p>\n<p>Le Desk Chine et ASEAN travaille, sur une base non exclusive, avec des cabinets d&#8217;avocats ind\u00e9pendants et pragmatiques en Chine, \u00e0 Singapour et dans d&#8217;autres pays d&#8217;Asie du Sud-Est sur des dossiers complexes d&#8217;investissement et de litige.<\/p>\n<p>Il dispose \u00e9galement d&#8217;un r\u00e9seau de cabinets d&#8217;avocats ind\u00e9pendants et locaux dans d&#8217;autres pays europ\u00e9ens pour \u00eatre le point d&#8217;entr\u00e9e des investissements dans l&#8217;UE.<\/p>\n<\/div><\/div><\/div><\/div><\/div><\/div><\/div><\/div><\/div><\/div><\/div><\/section>\n","protected":false},"excerpt":{"rendered":"\u00c0 PROPOS DU DESK CHINE &amp; ASEAN \u4e2d\u6587Desk Chine &#038; ASEAN> plus d&#8217;informationComment nous pouvons aiderAssoci\u00e9 responsableNouvelles et publicationsContactDESK CHINE &amp; ASEAN Le Desk Chine et ASEAN de DALDEWOLF se concentre sur: &#8211; conseiller les clients chinois et d&#8217;Asie du Sud-Est dans leurs investissements en Belgique et dans l&#8217;UE, ainsi que dans leurs \u00e9changes commerciaux...","protected":false},"author":5,"featured_media":0,"parent":0,"menu_order":0,"comment_status":"closed","ping_status":"closed","template":"","meta":{"_acf_changed":false,"footnotes":""},"class_list":["post-14859","page","type-page","status-publish","hentry"],"acf":[],"yoast_head":"<!-- This site is optimized with the Yoast SEO plugin v27.3 - https:\/\/yoast.com\/product\/yoast-seo-wordpress\/ -->\n<title>DALDEWOLF Desk Chine &amp; ASEAN - Le Desk - DALDEWOLF<\/title>\n<meta name=\"description\" content=\"DALDEWOLF se concentre sur le conseil aux clients chinois et de l&#039;ASEAN pour leurs investissements en Belgique et dans l&#039;UE, ainsi que sur le commerce avec ces derniers, et la r\u00e9solution des diff\u00e9rends.\" \/>\n<meta name=\"robots\" content=\"index, follow, max-snippet:-1, max-image-preview:large, max-video-preview:-1\" \/>\n<link rel=\"canonical\" href=\"https:\/\/www.daldewolf.com\/fr\/daldewolf-desk-chine-asean-le-desk\/\" \/>\n<meta property=\"og:locale\" content=\"fr_FR\" \/>\n<meta property=\"og:type\" content=\"article\" \/>\n<meta property=\"og:title\" content=\"DALDEWOLF Desk Chine &amp; ASEAN - Le Desk - DALDEWOLF\" \/>\n<meta property=\"og:description\" content=\"DALDEWOLF se concentre sur le conseil aux clients chinois et de l&#039;ASEAN pour leurs investissements en Belgique et dans l&#039;UE, ainsi que sur le commerce avec ces derniers, et la r\u00e9solution des diff\u00e9rends.\" \/>\n<meta property=\"og:url\" content=\"https:\/\/www.daldewolf.com\/fr\/daldewolf-desk-chine-asean-le-desk\/\" \/>\n<meta property=\"og:site_name\" content=\"DALDEWOLF\" \/>\n<meta property=\"article:modified_time\" content=\"2024-10-16T08:11:36+00:00\" \/>\n<meta property=\"og:image\" content=\"https:\/\/www.daldewolf.com\/wp-content\/uploads\/2021\/05\/Daldewolf-fb.png\" \/>\n\t<meta property=\"og:image:width\" content=\"600\" \/>\n\t<meta property=\"og:image:height\" content=\"315\" \/>\n\t<meta property=\"og:image:type\" content=\"image\/png\" \/>\n<meta name=\"twitter:card\" content=\"summary_large_image\" \/>\n<meta name=\"twitter:label1\" content=\"Dur\u00e9e de lecture estim\u00e9e\" \/>\n\t<meta name=\"twitter:data1\" content=\"2 minutes\" \/>\n<script type=\"application\/ld+json\" class=\"yoast-schema-graph\">{\"@context\":\"https:\\\/\\\/schema.org\",\"@graph\":[{\"@type\":\"WebPage\",\"@id\":\"https:\\\/\\\/www.daldewolf.com\\\/fr\\\/daldewolf-desk-chine-asean-le-desk\\\/\",\"url\":\"https:\\\/\\\/www.daldewolf.com\\\/fr\\\/daldewolf-desk-chine-asean-le-desk\\\/\",\"name\":\"DALDEWOLF Desk Chine & ASEAN - Le Desk - DALDEWOLF\",\"isPartOf\":{\"@id\":\"https:\\\/\\\/www.daldewolf.com\\\/nl\\\/#website\"},\"datePublished\":\"2024-08-05T16:07:03+00:00\",\"dateModified\":\"2024-10-16T08:11:36+00:00\",\"description\":\"DALDEWOLF se concentre sur le conseil aux clients chinois et de l'ASEAN pour leurs investissements en Belgique et dans l'UE, ainsi que sur le commerce avec ces derniers, et la r\u00e9solution des diff\u00e9rends.\",\"breadcrumb\":{\"@id\":\"https:\\\/\\\/www.daldewolf.com\\\/fr\\\/daldewolf-desk-chine-asean-le-desk\\\/#breadcrumb\"},\"inLanguage\":\"fr-FR\",\"potentialAction\":[{\"@type\":\"ReadAction\",\"target\":[\"https:\\\/\\\/www.daldewolf.com\\\/fr\\\/daldewolf-desk-chine-asean-le-desk\\\/\"]}]},{\"@type\":\"BreadcrumbList\",\"@id\":\"https:\\\/\\\/www.daldewolf.com\\\/fr\\\/daldewolf-desk-chine-asean-le-desk\\\/#breadcrumb\",\"itemListElement\":[{\"@type\":\"ListItem\",\"position\":1,\"name\":\"Home\",\"item\":\"https:\\\/\\\/www.daldewolf.com\\\/fr\\\/\"},{\"@type\":\"ListItem\",\"position\":2,\"name\":\"DALDEWOLF Desk Chine &#038; ASEAN &#8211; Le Desk\"}]},{\"@type\":\"WebSite\",\"@id\":\"https:\\\/\\\/www.daldewolf.com\\\/nl\\\/#website\",\"url\":\"https:\\\/\\\/www.daldewolf.com\\\/nl\\\/\",\"name\":\"DALDEWOLF\",\"description\":\"Independant Law firm, Since 1958.\",\"publisher\":{\"@id\":\"https:\\\/\\\/www.daldewolf.com\\\/nl\\\/#organization\"},\"potentialAction\":[{\"@type\":\"SearchAction\",\"target\":{\"@type\":\"EntryPoint\",\"urlTemplate\":\"https:\\\/\\\/www.daldewolf.com\\\/nl\\\/?s={search_term_string}\"},\"query-input\":{\"@type\":\"PropertyValueSpecification\",\"valueRequired\":true,\"valueName\":\"search_term_string\"}}],\"inLanguage\":\"fr-FR\"},{\"@type\":\"Organization\",\"@id\":\"https:\\\/\\\/www.daldewolf.com\\\/nl\\\/#organization\",\"name\":\"DALDEWOLF\",\"url\":\"https:\\\/\\\/www.daldewolf.com\\\/nl\\\/\",\"logo\":{\"@type\":\"ImageObject\",\"inLanguage\":\"fr-FR\",\"@id\":\"https:\\\/\\\/www.daldewolf.com\\\/nl\\\/#\\\/schema\\\/logo\\\/image\\\/\",\"url\":\"https:\\\/\\\/www.daldewolf.com\\\/wp-content\\\/uploads\\\/2020\\\/05\\\/Logo-Daldewolf.png\",\"contentUrl\":\"https:\\\/\\\/www.daldewolf.com\\\/wp-content\\\/uploads\\\/2020\\\/05\\\/Logo-Daldewolf.png\",\"width\":320,\"height\":40,\"caption\":\"DALDEWOLF\"},\"image\":{\"@id\":\"https:\\\/\\\/www.daldewolf.com\\\/nl\\\/#\\\/schema\\\/logo\\\/image\\\/\"},\"sameAs\":[\"https:\\\/\\\/www.linkedin.com\\\/company\\\/10193320\"]}]}<\/script>\n<!-- \/ Yoast SEO plugin. -->","yoast_head_json":{"title":"DALDEWOLF Desk Chine & ASEAN - Le Desk - DALDEWOLF","description":"DALDEWOLF se concentre sur le conseil aux clients chinois et de l'ASEAN pour leurs investissements en Belgique et dans l'UE, ainsi que sur le commerce avec ces derniers, et la r\u00e9solution des diff\u00e9rends.","robots":{"index":"index","follow":"follow","max-snippet":"max-snippet:-1","max-image-preview":"max-image-preview:large","max-video-preview":"max-video-preview:-1"},"canonical":"https:\/\/www.daldewolf.com\/fr\/daldewolf-desk-chine-asean-le-desk\/","og_locale":"fr_FR","og_type":"article","og_title":"DALDEWOLF Desk Chine & ASEAN - Le Desk - DALDEWOLF","og_description":"DALDEWOLF se concentre sur le conseil aux clients chinois et de l'ASEAN pour leurs investissements en Belgique et dans l'UE, ainsi que sur le commerce avec ces derniers, et la r\u00e9solution des diff\u00e9rends.","og_url":"https:\/\/www.daldewolf.com\/fr\/daldewolf-desk-chine-asean-le-desk\/","og_site_name":"DALDEWOLF","article_modified_time":"2024-10-16T08:11:36+00:00","og_image":[{"width":600,"height":315,"url":"https:\/\/www.daldewolf.com\/wp-content\/uploads\/2021\/05\/Daldewolf-fb.png","type":"image\/png"}],"twitter_card":"summary_large_image","twitter_misc":{"Dur\u00e9e de lecture estim\u00e9e":"2 minutes"},"schema":{"@context":"https:\/\/schema.org","@graph":[{"@type":"WebPage","@id":"https:\/\/www.daldewolf.com\/fr\/daldewolf-desk-chine-asean-le-desk\/","url":"https:\/\/www.daldewolf.com\/fr\/daldewolf-desk-chine-asean-le-desk\/","name":"DALDEWOLF Desk Chine & ASEAN - Le Desk - DALDEWOLF","isPartOf":{"@id":"https:\/\/www.daldewolf.com\/nl\/#website"},"datePublished":"2024-08-05T16:07:03+00:00","dateModified":"2024-10-16T08:11:36+00:00","description":"DALDEWOLF se concentre sur le conseil aux clients chinois et de l'ASEAN pour leurs investissements en Belgique et dans l'UE, ainsi que sur le commerce avec ces derniers, et la r\u00e9solution des diff\u00e9rends.","breadcrumb":{"@id":"https:\/\/www.daldewolf.com\/fr\/daldewolf-desk-chine-asean-le-desk\/#breadcrumb"},"inLanguage":"fr-FR","potentialAction":[{"@type":"ReadAction","target":["https:\/\/www.daldewolf.com\/fr\/daldewolf-desk-chine-asean-le-desk\/"]}]},{"@type":"BreadcrumbList","@id":"https:\/\/www.daldewolf.com\/fr\/daldewolf-desk-chine-asean-le-desk\/#breadcrumb","itemListElement":[{"@type":"ListItem","position":1,"name":"Home","item":"https:\/\/www.daldewolf.com\/fr\/"},{"@type":"ListItem","position":2,"name":"DALDEWOLF Desk Chine &#038; ASEAN &#8211; Le Desk"}]},{"@type":"WebSite","@id":"https:\/\/www.daldewolf.com\/nl\/#website","url":"https:\/\/www.daldewolf.com\/nl\/","name":"DALDEWOLF","description":"Independant Law firm, Since 1958.","publisher":{"@id":"https:\/\/www.daldewolf.com\/nl\/#organization"},"potentialAction":[{"@type":"SearchAction","target":{"@type":"EntryPoint","urlTemplate":"https:\/\/www.daldewolf.com\/nl\/?s={search_term_string}"},"query-input":{"@type":"PropertyValueSpecification","valueRequired":true,"valueName":"search_term_string"}}],"inLanguage":"fr-FR"},{"@type":"Organization","@id":"https:\/\/www.daldewolf.com\/nl\/#organization","name":"DALDEWOLF","url":"https:\/\/www.daldewolf.com\/nl\/","logo":{"@type":"ImageObject","inLanguage":"fr-FR","@id":"https:\/\/www.daldewolf.com\/nl\/#\/schema\/logo\/image\/","url":"https:\/\/www.daldewolf.com\/wp-content\/uploads\/2020\/05\/Logo-Daldewolf.png","contentUrl":"https:\/\/www.daldewolf.com\/wp-content\/uploads\/2020\/05\/Logo-Daldewolf.png","width":320,"height":40,"caption":"DALDEWOLF"},"image":{"@id":"https:\/\/www.daldewolf.com\/nl\/#\/schema\/logo\/image\/"},"sameAs":["https:\/\/www.linkedin.com\/company\/10193320"]}]}},"_links":{"self":[{"href":"https:\/\/www.daldewolf.com\/fr\/wp-json\/wp\/v2\/pages\/14859","targetHints":{"allow":["GET"]}}],"collection":[{"href":"https:\/\/www.daldewolf.com\/fr\/wp-json\/wp\/v2\/pages"}],"about":[{"href":"https:\/\/www.daldewolf.com\/fr\/wp-json\/wp\/v2\/types\/page"}],"author":[{"embeddable":true,"href":"https:\/\/www.daldewolf.com\/fr\/wp-json\/wp\/v2\/users\/5"}],"replies":[{"embeddable":true,"href":"https:\/\/www.daldewolf.com\/fr\/wp-json\/wp\/v2\/comments?post=14859"}],"version-history":[{"count":0,"href":"https:\/\/www.daldewolf.com\/fr\/wp-json\/wp\/v2\/pages\/14859\/revisions"}],"wp:attachment":[{"href":"https:\/\/www.daldewolf.com\/fr\/wp-json\/wp\/v2\/media?parent=14859"}],"curies":[{"name":"wp","href":"https:\/\/api.w.org\/{rel}","templated":true}]}}