{"id":14825,"date":"2024-08-05T15:31:40","date_gmt":"2024-08-05T14:31:40","guid":{"rendered":"https:\/\/www.daldewolf.com\/daldewolf-desk-chine-le-cabinet\/"},"modified":"2024-10-16T17:41:09","modified_gmt":"2024-10-16T15:41:09","slug":"daldewolf-desk-chine-le-cabinet","status":"publish","type":"page","link":"https:\/\/www.daldewolf.com\/fr\/daldewolf-desk-chine-le-cabinet\/","title":{"rendered":"DALDEWOLF Desk Chine &#038; ASEAN &#8211; le cabinet"},"content":{"rendered":"<section class=\"l-section wpb_row height_medium\"><div class=\"l-section-h i-cf\"><div class=\"g-cols vc_row via_flex valign_top type_default stacking_default\"><div class=\"vc_col-sm-4 wpb_column vc_column_container first-column-sp\"><div class=\"vc_column-inner type_sticky\"><div class=\"wpb_wrapper\"><div class=\"wpb_text_column\"><div class=\"wpb_wrapper\"><h2 style=\"text-align: center;\">\u00c0 PROPOS DU DESK<br \/>\nCHINE &amp; ASEAN<\/h2>\n<\/div><\/div><div class=\"g-cols wpb_row via_flex valign_top type_default stacking_default\"><div class=\"vc_col-sm-4 wpb_column vc_column_container\"><div class=\"vc_column-inner\"><div class=\"wpb_wrapper\"><\/div><\/div><\/div><div class=\"vc_col-sm-4 wpb_column vc_column_container\"><div class=\"vc_column-inner\"><div class=\"wpb_wrapper\"><div class=\"w-btn-wrapper align_center\"><a class=\"w-btn us-btn-style_4\" href=\"https:\/\/www.daldewolf.com\/en\/daldewolf-\u4e2d\u56fd\u4e1c\u76df\u4e1a\u52a1\u90e8-the-firm\/\"><span class=\"w-btn-label\">\u4e2d\u6587<\/span><\/a><\/div><\/div><\/div><\/div><div class=\"vc_col-sm-4 wpb_column vc_column_container\"><div class=\"vc_column-inner\"><div class=\"wpb_wrapper\"><\/div><\/div><\/div><\/div><nav class=\"w-menu us_custom_3c67a9ec layout_ver style_links us_menu_1\" style=\"--main-gap:1.5rem;--main-ver-indent:0.8em;--main-hor-indent:0.8em;--main-color:inherit;\" id=\"menu\"><ul id=\"menu-ddw-desk-chine\" class=\"menu\"><li id=\"menu-item-14876\" class=\"menu-item menu-item-type-post_type menu-item-object-page menu-item-14876\"><a href=\"https:\/\/www.daldewolf.com\/fr\/daldewolf-desk-chine-asean-le-desk\/\">Desk Chine &#038; ASEAN<\/a><\/li><li id=\"menu-item-15800\" class=\"menu-item menu-item-type-post_type menu-item-object-page menu-item-15800\"><a href=\"https:\/\/www.daldewolf.com\/fr\/daldewolf-desk-chine-le-cabinet\/\">> plus d&#8217;information<\/a><\/li><li id=\"menu-item-15850\" class=\"menu-item menu-item-type-post_type menu-item-object-page menu-item-15850\"><a href=\"https:\/\/www.daldewolf.com\/fr\/daldewolf-china-asean-desk-how-we-can-help\/\">Comment nous pouvons aider<\/a><\/li><li id=\"menu-item-15845\" class=\"menu-item menu-item-type-post_type menu-item-object-page menu-item-15845\"><a href=\"https:\/\/www.daldewolf.com\/fr\/daldewolf-desk-chine-asean-lequipe\/\">Associ\u00e9 responsable<\/a><\/li><li id=\"menu-item-14946\" class=\"menu-item menu-item-type-post_type menu-item-object-page menu-item-14946\"><a href=\"https:\/\/www.daldewolf.com\/fr\/daldewolf-desk-chine-asean-nouvelles-et-publications\/\">Nouvelles et publications<\/a><\/li><li id=\"menu-item-14857\" class=\"menu-item menu-item-type-post_type menu-item-object-page menu-item-14857\"><a href=\"https:\/\/www.daldewolf.com\/fr\/daldewolf-desk-chine-asean-contact\/\">Contact<\/a><\/li><\/ul><style>@media ( max-width:600px ){.us_menu_1 .menu{display:block!important}.us_menu_1 .menu>li{margin:0 0 var(--main-gap,1.5rem)!important}}<\/style><\/nav><\/div><\/div><\/div><div class=\"vc_col-sm-8 wpb_column vc_column_container\"><div class=\"vc_column-inner\"><div class=\"wpb_wrapper\"><div class=\"wpb_text_column\"><div class=\"wpb_wrapper\"><h2>LE CABINET<\/h2>\n<\/div><\/div><div class=\"wpb_text_column\"><div class=\"wpb_wrapper\"><p><strong>DALDEWOLF est un cabinet d&#8217;avocats ind\u00e9pendant et full-service bas\u00e9 \u00e0 Bruxelles, au c\u0153ur de l&#8217;Union Europ\u00e9enne, depuis 1958.<\/strong><\/p>\n<\/div><\/div><div class=\"g-cols wpb_row via_flex valign_top type_default stacking_default\"><div class=\"vc_col-sm-9 wpb_column vc_column_container\"><div class=\"vc_column-inner\"><div class=\"wpb_wrapper\"><div class=\"wpb_text_column us_custom_432d3f53\"><div class=\"wpb_wrapper\"><p>\u00c9tant l&#8217;un des huit plus anciens cabinets d&#8217;avocats en Belgique (depuis 1958), DALDEWOLF fournit des services juridiques complets pour des clients belges, europ\u00e9ens et internationaux.<\/p>\n<p>DALDEWOLF est r\u00e9put\u00e9 en Belgique pour la gestion de transactions complexes, de litiges, d&#8217;arbitrages et d&#8217;autres affaires juridiques. Le cabinet est \u00e9galement reconnu dans la communaut\u00e9 juridique, notamment dans la partie francophone, comme un cabinet professionnel et prestigieux.<\/p>\n<p>DALDEWOLF est fier de compter de nombreux avocats aux profils internationaux, \u00e9tant admis aux barreaux de Bruxelles, Kinshasa, New York, Paris et Gen\u00e8ve. Ils peuvent offrir des services multilingues pour des clients du monde entier.<\/p>\n<p>DALDEWOLF fait partie du r\u00e9seau Geneva Group International (GGI), une alliance internationale de professionnels juridiques et financiers, pr\u00e9sente sur tous les continents.<\/p>\n<p>DALDEWOLF est \u00e9galement fier de la contribution consid\u00e9rable apport\u00e9e \u00e0 la profession juridique ; nos avocats sont membres des conseils d&#8217;administration de l&#8217;Acad\u00e9mie de Droit Europ\u00e9en (ERA), du Centre Belge pour l&#8217;Arbitrage et la M\u00e9diation (CEPANI), de la Chambre de Commerce Internationale en Belgique (ICC Belgium) et de Search for Common Ground. De plus, nos avocats sont souvent appel\u00e9s \u00e0 intervenir comme conf\u00e9renciers et pour enseigner le droit \u00e0 l&#8217;universit\u00e9.<\/p>\n<\/div><\/div><\/div><\/div><\/div><div class=\"vc_col-sm-3 wpb_column vc_column_container\"><div class=\"vc_column-inner\"><div class=\"wpb_wrapper\"><div class=\"w-image has_ratio align_none\"><div class=\"w-image-h\"><div style=\"padding-bottom:100%\"><\/div><img decoding=\"async\" width=\"612\" height=\"576\" src=\"https:\/\/www.daldewolf.com\/wp-content\/uploads\/2022\/08\/DDW0.png\" class=\"attachment-full size-full\" alt=\"\" loading=\"lazy\" \/><\/div><\/div><div class=\"w-separator size_small\"><\/div><div class=\"w-image has_ratio align_none\"><div class=\"w-image-h\"><div style=\"padding-bottom:100%\"><\/div><img decoding=\"async\" width=\"1024\" height=\"512\" src=\"https:\/\/www.daldewolf.com\/wp-content\/uploads\/2024\/04\/Louise_horizontal-1024x512.jpg\" class=\"attachment-large size-large\" alt=\"\" loading=\"lazy\" \/><\/div><\/div><div class=\"w-separator size_small\"><\/div><div class=\"w-image has_ratio align_none\"><div class=\"w-image-h\"><div style=\"padding-bottom:100%\"><\/div><img decoding=\"async\" width=\"500\" height=\"345\" src=\"https:\/\/www.daldewolf.com\/wp-content\/uploads\/2020\/12\/40.jpg\" class=\"attachment-large size-large\" alt=\"\" loading=\"lazy\" \/><\/div><\/div><\/div><\/div><\/div><\/div><\/div><\/div><\/div><\/div><\/div><\/section>\n","protected":false},"excerpt":{"rendered":"\u00c0 PROPOS DU DESK CHINE &amp; ASEAN \u4e2d\u6587Desk Chine &#038; ASEAN> plus d&#8217;informationComment nous pouvons aiderAssoci\u00e9 responsableNouvelles et publicationsContactLE CABINET DALDEWOLF est un cabinet d&#8217;avocats ind\u00e9pendant et full-service bas\u00e9 \u00e0 Bruxelles, au c\u0153ur de l&#8217;Union Europ\u00e9enne, depuis 1958. \u00c9tant l&#8217;un des huit plus anciens cabinets d&#8217;avocats en Belgique (depuis 1958), DALDEWOLF fournit des services juridiques...","protected":false},"author":5,"featured_media":0,"parent":0,"menu_order":0,"comment_status":"closed","ping_status":"closed","template":"","meta":{"_acf_changed":false,"footnotes":""},"class_list":["post-14825","page","type-page","status-publish","hentry"],"acf":[],"yoast_head":"<!-- This site is optimized with the Yoast SEO plugin v27.3 - https:\/\/yoast.com\/product\/yoast-seo-wordpress\/ -->\n<title>DALDEWOLF Desk Chine &amp; ASEAN - le cabinet - DALDEWOLF<\/title>\n<meta name=\"description\" content=\"DALDEWOLF, l&#039;un des huit plus anciens cabinets d&#039;avocats de Belgique, offre des services juridiques complets \u00e0 une client\u00e8le nationale et internationale.\" \/>\n<meta name=\"robots\" content=\"index, follow, max-snippet:-1, max-image-preview:large, max-video-preview:-1\" \/>\n<link rel=\"canonical\" href=\"https:\/\/www.daldewolf.com\/fr\/daldewolf-desk-chine-le-cabinet\/\" \/>\n<meta property=\"og:locale\" content=\"fr_FR\" \/>\n<meta property=\"og:type\" content=\"article\" \/>\n<meta property=\"og:title\" content=\"DALDEWOLF Desk Chine &amp; ASEAN - le cabinet - DALDEWOLF\" \/>\n<meta property=\"og:description\" content=\"DALDEWOLF, l&#039;un des huit plus anciens cabinets d&#039;avocats de Belgique, offre des services juridiques complets \u00e0 une client\u00e8le nationale et internationale.\" \/>\n<meta property=\"og:url\" content=\"https:\/\/www.daldewolf.com\/fr\/daldewolf-desk-chine-le-cabinet\/\" \/>\n<meta property=\"og:site_name\" content=\"DALDEWOLF\" \/>\n<meta property=\"article:modified_time\" content=\"2024-10-16T15:41:09+00:00\" \/>\n<meta property=\"og:image\" content=\"https:\/\/www.daldewolf.com\/wp-content\/uploads\/2021\/05\/Daldewolf-fb.png\" \/>\n\t<meta property=\"og:image:width\" content=\"600\" \/>\n\t<meta property=\"og:image:height\" content=\"315\" \/>\n\t<meta property=\"og:image:type\" content=\"image\/png\" \/>\n<meta name=\"twitter:card\" content=\"summary_large_image\" \/>\n<meta name=\"twitter:label1\" content=\"Dur\u00e9e de lecture estim\u00e9e\" \/>\n\t<meta name=\"twitter:data1\" content=\"2 minutes\" \/>\n<script type=\"application\/ld+json\" class=\"yoast-schema-graph\">{\"@context\":\"https:\\\/\\\/schema.org\",\"@graph\":[{\"@type\":\"WebPage\",\"@id\":\"https:\\\/\\\/www.daldewolf.com\\\/fr\\\/daldewolf-desk-chine-le-cabinet\\\/\",\"url\":\"https:\\\/\\\/www.daldewolf.com\\\/fr\\\/daldewolf-desk-chine-le-cabinet\\\/\",\"name\":\"DALDEWOLF Desk Chine & ASEAN - le cabinet - DALDEWOLF\",\"isPartOf\":{\"@id\":\"https:\\\/\\\/www.daldewolf.com\\\/nl\\\/#website\"},\"datePublished\":\"2024-08-05T14:31:40+00:00\",\"dateModified\":\"2024-10-16T15:41:09+00:00\",\"description\":\"DALDEWOLF, l'un des huit plus anciens cabinets d'avocats de Belgique, offre des services juridiques complets \u00e0 une client\u00e8le nationale et internationale.\",\"breadcrumb\":{\"@id\":\"https:\\\/\\\/www.daldewolf.com\\\/fr\\\/daldewolf-desk-chine-le-cabinet\\\/#breadcrumb\"},\"inLanguage\":\"fr-FR\",\"potentialAction\":[{\"@type\":\"ReadAction\",\"target\":[\"https:\\\/\\\/www.daldewolf.com\\\/fr\\\/daldewolf-desk-chine-le-cabinet\\\/\"]}]},{\"@type\":\"BreadcrumbList\",\"@id\":\"https:\\\/\\\/www.daldewolf.com\\\/fr\\\/daldewolf-desk-chine-le-cabinet\\\/#breadcrumb\",\"itemListElement\":[{\"@type\":\"ListItem\",\"position\":1,\"name\":\"Home\",\"item\":\"https:\\\/\\\/www.daldewolf.com\\\/fr\\\/\"},{\"@type\":\"ListItem\",\"position\":2,\"name\":\"DALDEWOLF Desk Chine &#038; ASEAN &#8211; le cabinet\"}]},{\"@type\":\"WebSite\",\"@id\":\"https:\\\/\\\/www.daldewolf.com\\\/nl\\\/#website\",\"url\":\"https:\\\/\\\/www.daldewolf.com\\\/nl\\\/\",\"name\":\"DALDEWOLF\",\"description\":\"Independant Law firm, Since 1958.\",\"publisher\":{\"@id\":\"https:\\\/\\\/www.daldewolf.com\\\/nl\\\/#organization\"},\"potentialAction\":[{\"@type\":\"SearchAction\",\"target\":{\"@type\":\"EntryPoint\",\"urlTemplate\":\"https:\\\/\\\/www.daldewolf.com\\\/nl\\\/?s={search_term_string}\"},\"query-input\":{\"@type\":\"PropertyValueSpecification\",\"valueRequired\":true,\"valueName\":\"search_term_string\"}}],\"inLanguage\":\"fr-FR\"},{\"@type\":\"Organization\",\"@id\":\"https:\\\/\\\/www.daldewolf.com\\\/nl\\\/#organization\",\"name\":\"DALDEWOLF\",\"url\":\"https:\\\/\\\/www.daldewolf.com\\\/nl\\\/\",\"logo\":{\"@type\":\"ImageObject\",\"inLanguage\":\"fr-FR\",\"@id\":\"https:\\\/\\\/www.daldewolf.com\\\/nl\\\/#\\\/schema\\\/logo\\\/image\\\/\",\"url\":\"https:\\\/\\\/www.daldewolf.com\\\/wp-content\\\/uploads\\\/2020\\\/05\\\/Logo-Daldewolf.png\",\"contentUrl\":\"https:\\\/\\\/www.daldewolf.com\\\/wp-content\\\/uploads\\\/2020\\\/05\\\/Logo-Daldewolf.png\",\"width\":320,\"height\":40,\"caption\":\"DALDEWOLF\"},\"image\":{\"@id\":\"https:\\\/\\\/www.daldewolf.com\\\/nl\\\/#\\\/schema\\\/logo\\\/image\\\/\"},\"sameAs\":[\"https:\\\/\\\/www.linkedin.com\\\/company\\\/10193320\"]}]}<\/script>\n<!-- \/ Yoast SEO plugin. -->","yoast_head_json":{"title":"DALDEWOLF Desk Chine & ASEAN - le cabinet - DALDEWOLF","description":"DALDEWOLF, l'un des huit plus anciens cabinets d'avocats de Belgique, offre des services juridiques complets \u00e0 une client\u00e8le nationale et internationale.","robots":{"index":"index","follow":"follow","max-snippet":"max-snippet:-1","max-image-preview":"max-image-preview:large","max-video-preview":"max-video-preview:-1"},"canonical":"https:\/\/www.daldewolf.com\/fr\/daldewolf-desk-chine-le-cabinet\/","og_locale":"fr_FR","og_type":"article","og_title":"DALDEWOLF Desk Chine & ASEAN - le cabinet - DALDEWOLF","og_description":"DALDEWOLF, l'un des huit plus anciens cabinets d'avocats de Belgique, offre des services juridiques complets \u00e0 une client\u00e8le nationale et internationale.","og_url":"https:\/\/www.daldewolf.com\/fr\/daldewolf-desk-chine-le-cabinet\/","og_site_name":"DALDEWOLF","article_modified_time":"2024-10-16T15:41:09+00:00","og_image":[{"width":600,"height":315,"url":"https:\/\/www.daldewolf.com\/wp-content\/uploads\/2021\/05\/Daldewolf-fb.png","type":"image\/png"}],"twitter_card":"summary_large_image","twitter_misc":{"Dur\u00e9e de lecture estim\u00e9e":"2 minutes"},"schema":{"@context":"https:\/\/schema.org","@graph":[{"@type":"WebPage","@id":"https:\/\/www.daldewolf.com\/fr\/daldewolf-desk-chine-le-cabinet\/","url":"https:\/\/www.daldewolf.com\/fr\/daldewolf-desk-chine-le-cabinet\/","name":"DALDEWOLF Desk Chine & ASEAN - le cabinet - DALDEWOLF","isPartOf":{"@id":"https:\/\/www.daldewolf.com\/nl\/#website"},"datePublished":"2024-08-05T14:31:40+00:00","dateModified":"2024-10-16T15:41:09+00:00","description":"DALDEWOLF, l'un des huit plus anciens cabinets d'avocats de Belgique, offre des services juridiques complets \u00e0 une client\u00e8le nationale et internationale.","breadcrumb":{"@id":"https:\/\/www.daldewolf.com\/fr\/daldewolf-desk-chine-le-cabinet\/#breadcrumb"},"inLanguage":"fr-FR","potentialAction":[{"@type":"ReadAction","target":["https:\/\/www.daldewolf.com\/fr\/daldewolf-desk-chine-le-cabinet\/"]}]},{"@type":"BreadcrumbList","@id":"https:\/\/www.daldewolf.com\/fr\/daldewolf-desk-chine-le-cabinet\/#breadcrumb","itemListElement":[{"@type":"ListItem","position":1,"name":"Home","item":"https:\/\/www.daldewolf.com\/fr\/"},{"@type":"ListItem","position":2,"name":"DALDEWOLF Desk Chine &#038; ASEAN &#8211; le cabinet"}]},{"@type":"WebSite","@id":"https:\/\/www.daldewolf.com\/nl\/#website","url":"https:\/\/www.daldewolf.com\/nl\/","name":"DALDEWOLF","description":"Independant Law firm, Since 1958.","publisher":{"@id":"https:\/\/www.daldewolf.com\/nl\/#organization"},"potentialAction":[{"@type":"SearchAction","target":{"@type":"EntryPoint","urlTemplate":"https:\/\/www.daldewolf.com\/nl\/?s={search_term_string}"},"query-input":{"@type":"PropertyValueSpecification","valueRequired":true,"valueName":"search_term_string"}}],"inLanguage":"fr-FR"},{"@type":"Organization","@id":"https:\/\/www.daldewolf.com\/nl\/#organization","name":"DALDEWOLF","url":"https:\/\/www.daldewolf.com\/nl\/","logo":{"@type":"ImageObject","inLanguage":"fr-FR","@id":"https:\/\/www.daldewolf.com\/nl\/#\/schema\/logo\/image\/","url":"https:\/\/www.daldewolf.com\/wp-content\/uploads\/2020\/05\/Logo-Daldewolf.png","contentUrl":"https:\/\/www.daldewolf.com\/wp-content\/uploads\/2020\/05\/Logo-Daldewolf.png","width":320,"height":40,"caption":"DALDEWOLF"},"image":{"@id":"https:\/\/www.daldewolf.com\/nl\/#\/schema\/logo\/image\/"},"sameAs":["https:\/\/www.linkedin.com\/company\/10193320"]}]}},"_links":{"self":[{"href":"https:\/\/www.daldewolf.com\/fr\/wp-json\/wp\/v2\/pages\/14825","targetHints":{"allow":["GET"]}}],"collection":[{"href":"https:\/\/www.daldewolf.com\/fr\/wp-json\/wp\/v2\/pages"}],"about":[{"href":"https:\/\/www.daldewolf.com\/fr\/wp-json\/wp\/v2\/types\/page"}],"author":[{"embeddable":true,"href":"https:\/\/www.daldewolf.com\/fr\/wp-json\/wp\/v2\/users\/5"}],"replies":[{"embeddable":true,"href":"https:\/\/www.daldewolf.com\/fr\/wp-json\/wp\/v2\/comments?post=14825"}],"version-history":[{"count":0,"href":"https:\/\/www.daldewolf.com\/fr\/wp-json\/wp\/v2\/pages\/14825\/revisions"}],"wp:attachment":[{"href":"https:\/\/www.daldewolf.com\/fr\/wp-json\/wp\/v2\/media?parent=14825"}],"curies":[{"name":"wp","href":"https:\/\/api.w.org\/{rel}","templated":true}]}}