{"id":1265,"date":"2020-10-18T19:37:37","date_gmt":"2020-10-18T19:37:37","guid":{"rendered":"https:\/\/www.daldewolf.com\/?page_id=1265"},"modified":"2023-08-08T11:34:29","modified_gmt":"2023-08-08T10:34:29","slug":"offres","status":"publish","type":"page","link":"https:\/\/www.daldewolf.com\/fr\/offres\/","title":{"rendered":"Offres d&#8217;emploi"},"content":{"rendered":"<section class=\"l-section wpb_row height_medium width_full\"><div class=\"l-section-h i-cf\"><div class=\"g-cols vc_row via_flex valign_top type_default stacking_default\"><div class=\"vc_col-sm-4 wpb_column vc_column_container first-column-sp\"><div class=\"vc_column-inner type_sticky\"><div class=\"wpb_wrapper\"><div class=\"wpb_text_column align_center\"><div class=\"wpb_wrapper\"><h2>Talents<\/h2>\n<\/div><\/div><nav class=\"w-menu us_custom_18a67f5f layout_ver style_links us_menu_1\" style=\"--main-gap:1.5rem;--main-ver-indent:0.8em;--main-hor-indent:0.8em;--main-color:inherit;\"><ul id=\"menu-talents\" class=\"menu\"><li id=\"menu-item-1872\" class=\"menu-item menu-item-type-post_type menu-item-object-page menu-item-1872\"><a href=\"https:\/\/www.daldewolf.com\/fr\/offres\/\">Offres d&#8217;emploi<\/a><\/li><li id=\"menu-item-1873\" class=\"menu-item menu-item-type-post_type menu-item-object-page menu-item-1873\"><a href=\"https:\/\/www.daldewolf.com\/fr\/candidature-spontanee\/\">Candidature spontan\u00e9e<\/a><\/li><li id=\"menu-item-1874\" class=\"menu-item menu-item-type-post_type menu-item-object-page menu-item-1874\"><a href=\"https:\/\/www.daldewolf.com\/fr\/demande-de-stage\/\">Demande de stage<\/a><\/li><\/ul><style>@media ( max-width:600px ){.us_menu_1 .menu{display:block!important}.us_menu_1 .menu>li:not(:last-child){margin:0 0 var(--main-gap,1.5rem)!important}}<\/style><\/nav><\/div><\/div><\/div><div class=\"vc_col-sm-8 wpb_column vc_column_container\"><div class=\"vc_column-inner\"><div class=\"wpb_wrapper\"><div class=\"wpb_text_column h1-line-btm\"><div class=\"wpb_wrapper\"><h1>Offres d&#8217;emploi<\/h1>\n<\/div><\/div><div class=\"w-grid us_grid us_custom_72fc42ef type_grid layout_467 cols_3 preload_style_spinner\" id=\"us_grid_1\" style=\"--columns:3;--gap:35px;\" data-filterable=\"true\"><style>@media (max-width:1024px){#us_grid_1{--columns:2!important}}@media (max-width:600px){#us_grid_1{--columns:1!important}}.layout_467 .w-grid-item-h{}.layout_467 .usg_post_title_1{text-transform:uppercase!important;letter-spacing:0.5px!important}.layout_467 .usg_post_date_1{color:#bdbdbd!important;font-weight:400!important;letter-spacing:1px!important;padding-top:3px!important}.layout_467 .usg_post_content_1{margin-top:10px!important;padding-top:10px!important;border-top-width:1px!important;border-color:#00829b!important;border-top-style:solid!important}.layout_467 .usg_btn_1{text-align:right!important;width:100%!important;margin-left:auto!important;margin-top:10px!important;margin-right:0!important}<\/style><div class=\"w-grid-list\">\t<article class=\"w-grid-item size_1x1 post-18375 post type-post status-publish format-standard has-post-thumbnail hentry category-jobs\" data-id=\"18375\">\r\n\t\t<div class=\"w-grid-item-h\">\r\n\t\t\t\t\t\t<h3 class=\"w-post-elm post_title usg_post_title_1 entry-title color_link_inherit\"><a href=\"https:\/\/www.daldewolf.com\/fr\/advocaat-bank-financieel-recht-3-tot-5-jaar-ervaring\/\">Advocaat bank- &#038; financieel recht (3 tot 5 jaar ervaring)<\/a><\/h3><time class=\"w-post-elm post_date usg_post_date_1 has_text_color entry-date published\" datetime=\"2026-01-13T16:31:42+01:00\">13 janvier 2026<\/time><div class=\"w-post-elm post_content usg_post_content_1 align_justify\">DALDEWOLF is op zoek naar een gemotiveerde Nederlandstalige advocaat-medewerker voor haar team bank- en financieel recht. HET TEAM\u2026<\/div><a class=\"w-btn us-btn-style_4 usg_btn_1\" href=\"https:\/\/www.daldewolf.com\/fr\/advocaat-bank-financieel-recht-3-tot-5-jaar-ervaring\/\"><span class=\"w-btn-label\">Read more<\/span><\/a>\t\t<\/div>\r\n\t\t\t<\/article>\r\n\t<article class=\"w-grid-item size_1x1 post-17668 post type-post status-publish format-standard hentry category-jobs\" data-id=\"17668\">\r\n\t\t<div class=\"w-grid-item-h\">\r\n\t\t\t\t\t\t<h3 class=\"w-post-elm post_title usg_post_title_1 entry-title color_link_inherit\"><a href=\"https:\/\/www.daldewolf.com\/fr\/daldewolf-careers-bank-en-financieel-recht-senior-advocaat\/\">DALDEWOLF careers &#8211; Bank- en financieel recht &#8211; senior advocaat<\/a><\/h3><time class=\"w-post-elm post_date usg_post_date_1 has_text_color entry-date published\" datetime=\"2025-08-08T15:15:52+02:00\">8 ao\u00fbt 2025<\/time><div class=\"w-post-elm post_content usg_post_content_1 align_justify\">Je hebt meer dan 7 jaar ervaring als advocaat (gespecialiseerd in bankrecht) en je zoekt een functie die\u2026<\/div><a class=\"w-btn us-btn-style_4 usg_btn_1\" href=\"https:\/\/www.daldewolf.com\/fr\/daldewolf-careers-bank-en-financieel-recht-senior-advocaat\/\"><span class=\"w-btn-label\">Read more<\/span><\/a>\t\t<\/div>\r\n\t\t\t<\/article>\r\n\t<article class=\"w-grid-item size_1x1 post-17219 post type-post status-publish format-standard has-post-thumbnail hentry category-jobs\" data-id=\"17219\">\r\n\t\t<div class=\"w-grid-item-h\">\r\n\t\t\t\t\t\t<h3 class=\"w-post-elm post_title usg_post_title_1 entry-title color_link_inherit\"><a href=\"https:\/\/www.daldewolf.com\/fr\/advocaat-food-law-minstens-7-jaar-ervaring\/\">Advocaat Administratief Recht (minstens 7 jaar ervaring) met een focus op Food Law en\/of gereguleerde sectoren<\/a><\/h3><time class=\"w-post-elm post_date usg_post_date_1 has_text_color entry-date published\" datetime=\"2025-04-29T16:47:40+02:00\">29 avril 2025<\/time><div class=\"w-post-elm post_content usg_post_content_1 align_justify\">Ter versterking van zijn \u201cFood Law\u201d-team, dat al jaren als tier-1 wordt gerangschikt in The Legal 500, is\u2026<\/div><a class=\"w-btn us-btn-style_4 usg_btn_1\" href=\"https:\/\/www.daldewolf.com\/fr\/advocaat-food-law-minstens-7-jaar-ervaring\/\"><span class=\"w-btn-label\">Read more<\/span><\/a>\t\t<\/div>\r\n\t\t\t<\/article>\r\n<\/div>\t<div class=\"w-grid-preloader\">\r\n\t\t<div class=\"g-preloader type_1\">\r\n\t\t\t<div><\/div>\r\n\t\t<\/div>\r\n\t<\/div>\r\n\t\t<div class=\"w-grid-json hidden\" onclick='return {&quot;action&quot;:&quot;us_ajax_grid&quot;,&quot;infinite_scroll&quot;:0,&quot;max_num_pages&quot;:1,&quot;pagination&quot;:&quot;none&quot;,&quot;template_vars&quot;:{&quot;columns&quot;:&quot;3&quot;,&quot;exclude_items&quot;:&quot;none&quot;,&quot;img_size&quot;:&quot;default&quot;,&quot;ignore_items_size&quot;:0,&quot;items_layout&quot;:&quot;467&quot;,&quot;items_offset&quot;:&quot;1&quot;,&quot;load_animation&quot;:&quot;none&quot;,&quot;overriding_link&quot;:&quot;{\\&quot;url\\&quot;:\\&quot;\\&quot;}&quot;,&quot;post_id&quot;:0,&quot;query_args&quot;:{&quot;post_type&quot;:[&quot;post&quot;],&quot;tax_query&quot;:[{&quot;taxonomy&quot;:&quot;category&quot;,&quot;field&quot;:&quot;slug&quot;,&quot;terms&quot;:[&quot;jobs&quot;]}],&quot;post_status&quot;:[&quot;publish&quot;,&quot;acf-disabled&quot;],&quot;posts_per_page&quot;:&quot;10&quot;},&quot;orderby_query_args&quot;:{&quot;orderby&quot;:{&quot;date&quot;:&quot;DESC&quot;}},&quot;type&quot;:&quot;grid&quot;,&quot;us_grid_post_type&quot;:&quot;post&quot;,&quot;us_grid_ajax_index&quot;:1,&quot;us_grid_filter_query_string&quot;:null,&quot;us_grid_index&quot;:1,&quot;page_args&quot;:[],&quot;lang&quot;:&quot;fr&quot;}}'><\/div>\r\n\t<\/div><div class=\"w-separator size_medium\"><\/div><div class=\"wpb_text_column\"><div class=\"wpb_wrapper\"><h2>Offres d&#8217;emploi &#8211; Bienvenue \u00e0 vous qui pensez rejoindre notre \u00e9quipe !<\/h2>\n<p>Si vous cherchez \u00e0 rejoindre un cabinet d&#8217;avocats o\u00f9 vous pouvez fi\u00e8rement apporter votre v\u00e9ritable personnalit\u00e9, nous vous invitons \u00e0 postuler d\u00e8s aujourd&#8217;hui.\u00a0 L&#8217;engagement de <a href=\"https:\/\/www.daldewolf.com\/\">DALDEWOLF<\/a> envers la diversit\u00e9, l&#8217;\u00e9quit\u00e9 et l&#8217;inclusion signifie que quelle que soit votre identit\u00e9 et quel que soit le chemin que vous avez emprunt\u00e9 pour arriver ici, nous vous y appr\u00e9cions. DALDEWOLF est engag\u00e9 en faveur de l&#8217;\u00e9galit\u00e9 des chances en mati\u00e8re d&#8217;emploi, ind\u00e9pendamment de la race, de la couleur, de l&#8217;ascendance, de la religion, du sexe, de l&#8217;origine nationale, de l&#8217;orientation sexuelle, de l&#8217;\u00e2ge, de la citoyennet\u00e9, de l&#8217;\u00e9tat civil, du handicap ou de l&#8217;identit\u00e9 de genre. Nous savons que la diversit\u00e9 des perspectives, des origines, des int\u00e9r\u00eats et des comp\u00e9tences est essentielle pour cultiver une excellence du conseil juridique qui serve tout le monde dans la soci\u00e9t\u00e9. Si vous pouvez contribuer au succ\u00e8s de notre cabinet et y trouver du plaisir, nous avons h\u00e2te de vous rencontrer !<\/p>\n<\/div><\/div><\/div><\/div><\/div><\/div><\/div><\/section>\n","protected":false},"excerpt":{"rendered":"Ter versterking van zijn \u201cFood Law\u201d-team, dat al jaren als tier-1 wordt gerangschikt in The Legal 500, is DALDEWOLF op zoek naar een advocaat met minstens 7 jaar ervaring, gespecialiseerd in administratief recht met een focus op Food Law en\/of gereguleerde sectoren. De ideale kandidaat beschikt over aantoonbare expertise in complexe procedures en regelgeving binnen...","protected":false},"author":1,"featured_media":0,"parent":0,"menu_order":0,"comment_status":"closed","ping_status":"closed","template":"","meta":{"_acf_changed":false,"footnotes":""},"class_list":["post-1265","page","type-page","status-publish","hentry"],"acf":[],"yoast_head":"<!-- This site is optimized with the Yoast SEO plugin v27.4 - https:\/\/yoast.com\/product\/yoast-seo-wordpress\/ -->\n<title>Offres d&#039;emploi - DALDEWOLF<\/title>\n<meta name=\"description\" content=\"Offres d&#039;emploi au cabinet d&#039;avocats DALDEWOLF. Droit des soci\u00e9t\u00e9s et financier, arbitrage et litiges complexes, droit de l&#039;Union europ\u00e9enne.\" \/>\n<meta name=\"robots\" content=\"index, follow, max-snippet:-1, max-image-preview:large, max-video-preview:-1\" \/>\n<link rel=\"canonical\" href=\"https:\/\/www.daldewolf.com\/fr\/offres\/\" \/>\n<meta property=\"og:locale\" content=\"fr_FR\" \/>\n<meta property=\"og:type\" content=\"article\" \/>\n<meta property=\"og:title\" content=\"Offres d&#039;emploi - DALDEWOLF\" \/>\n<meta property=\"og:description\" content=\"Offres d&#039;emploi au cabinet d&#039;avocats DALDEWOLF. Droit des soci\u00e9t\u00e9s et financier, arbitrage et litiges complexes, droit de l&#039;Union europ\u00e9enne.\" \/>\n<meta property=\"og:url\" content=\"https:\/\/www.daldewolf.com\/fr\/offres\/\" \/>\n<meta property=\"og:site_name\" content=\"DALDEWOLF\" \/>\n<meta property=\"article:modified_time\" content=\"2023-08-08T10:34:29+00:00\" \/>\n<meta property=\"og:image\" content=\"https:\/\/www.daldewolf.com\/wp-content\/uploads\/2021\/05\/Daldewolf-fb.png\" \/>\n\t<meta property=\"og:image:width\" content=\"600\" \/>\n\t<meta property=\"og:image:height\" content=\"315\" \/>\n\t<meta property=\"og:image:type\" content=\"image\/png\" \/>\n<meta name=\"twitter:card\" content=\"summary_large_image\" \/>\n<meta name=\"twitter:label1\" content=\"Dur\u00e9e de lecture estim\u00e9e\" \/>\n\t<meta name=\"twitter:data1\" content=\"1 minute\" \/>\n<script type=\"application\/ld+json\" class=\"yoast-schema-graph\">{\"@context\":\"https:\\\/\\\/schema.org\",\"@graph\":[{\"@type\":\"WebPage\",\"@id\":\"https:\\\/\\\/www.daldewolf.com\\\/fr\\\/offres\\\/\",\"url\":\"https:\\\/\\\/www.daldewolf.com\\\/fr\\\/offres\\\/\",\"name\":\"Offres d'emploi - DALDEWOLF\",\"isPartOf\":{\"@id\":\"https:\\\/\\\/www.daldewolf.com\\\/nl\\\/#website\"},\"datePublished\":\"2020-10-18T19:37:37+00:00\",\"dateModified\":\"2023-08-08T10:34:29+00:00\",\"description\":\"Offres d'emploi au cabinet d'avocats DALDEWOLF. Droit des soci\u00e9t\u00e9s et financier, arbitrage et litiges complexes, droit de l'Union europ\u00e9enne.\",\"breadcrumb\":{\"@id\":\"https:\\\/\\\/www.daldewolf.com\\\/fr\\\/offres\\\/#breadcrumb\"},\"inLanguage\":\"fr-FR\",\"potentialAction\":[{\"@type\":\"ReadAction\",\"target\":[\"https:\\\/\\\/www.daldewolf.com\\\/fr\\\/offres\\\/\"]}]},{\"@type\":\"BreadcrumbList\",\"@id\":\"https:\\\/\\\/www.daldewolf.com\\\/fr\\\/offres\\\/#breadcrumb\",\"itemListElement\":[{\"@type\":\"ListItem\",\"position\":1,\"name\":\"Home\",\"item\":\"https:\\\/\\\/www.daldewolf.com\\\/fr\\\/\"},{\"@type\":\"ListItem\",\"position\":2,\"name\":\"Offres d&#8217;emploi\"}]},{\"@type\":\"WebSite\",\"@id\":\"https:\\\/\\\/www.daldewolf.com\\\/nl\\\/#website\",\"url\":\"https:\\\/\\\/www.daldewolf.com\\\/nl\\\/\",\"name\":\"DALDEWOLF\",\"description\":\"Independant Law firm, Since 1958.\",\"publisher\":{\"@id\":\"https:\\\/\\\/www.daldewolf.com\\\/nl\\\/#organization\"},\"potentialAction\":[{\"@type\":\"SearchAction\",\"target\":{\"@type\":\"EntryPoint\",\"urlTemplate\":\"https:\\\/\\\/www.daldewolf.com\\\/nl\\\/?s={search_term_string}\"},\"query-input\":{\"@type\":\"PropertyValueSpecification\",\"valueRequired\":true,\"valueName\":\"search_term_string\"}}],\"inLanguage\":\"fr-FR\"},{\"@type\":\"Organization\",\"@id\":\"https:\\\/\\\/www.daldewolf.com\\\/nl\\\/#organization\",\"name\":\"DALDEWOLF\",\"url\":\"https:\\\/\\\/www.daldewolf.com\\\/nl\\\/\",\"logo\":{\"@type\":\"ImageObject\",\"inLanguage\":\"fr-FR\",\"@id\":\"https:\\\/\\\/www.daldewolf.com\\\/nl\\\/#\\\/schema\\\/logo\\\/image\\\/\",\"url\":\"https:\\\/\\\/www.daldewolf.com\\\/wp-content\\\/uploads\\\/2020\\\/05\\\/Logo-Daldewolf.png\",\"contentUrl\":\"https:\\\/\\\/www.daldewolf.com\\\/wp-content\\\/uploads\\\/2020\\\/05\\\/Logo-Daldewolf.png\",\"width\":320,\"height\":40,\"caption\":\"DALDEWOLF\"},\"image\":{\"@id\":\"https:\\\/\\\/www.daldewolf.com\\\/nl\\\/#\\\/schema\\\/logo\\\/image\\\/\"},\"sameAs\":[\"https:\\\/\\\/www.linkedin.com\\\/company\\\/10193320\"]}]}<\/script>\n<!-- \/ Yoast SEO plugin. -->","yoast_head_json":{"title":"Offres d'emploi - DALDEWOLF","description":"Offres d'emploi au cabinet d'avocats DALDEWOLF. Droit des soci\u00e9t\u00e9s et financier, arbitrage et litiges complexes, droit de l'Union europ\u00e9enne.","robots":{"index":"index","follow":"follow","max-snippet":"max-snippet:-1","max-image-preview":"max-image-preview:large","max-video-preview":"max-video-preview:-1"},"canonical":"https:\/\/www.daldewolf.com\/fr\/offres\/","og_locale":"fr_FR","og_type":"article","og_title":"Offres d'emploi - DALDEWOLF","og_description":"Offres d'emploi au cabinet d'avocats DALDEWOLF. Droit des soci\u00e9t\u00e9s et financier, arbitrage et litiges complexes, droit de l'Union europ\u00e9enne.","og_url":"https:\/\/www.daldewolf.com\/fr\/offres\/","og_site_name":"DALDEWOLF","article_modified_time":"2023-08-08T10:34:29+00:00","og_image":[{"width":600,"height":315,"url":"https:\/\/www.daldewolf.com\/wp-content\/uploads\/2021\/05\/Daldewolf-fb.png","type":"image\/png"}],"twitter_card":"summary_large_image","twitter_misc":{"Dur\u00e9e de lecture estim\u00e9e":"1 minute"},"schema":{"@context":"https:\/\/schema.org","@graph":[{"@type":"WebPage","@id":"https:\/\/www.daldewolf.com\/fr\/offres\/","url":"https:\/\/www.daldewolf.com\/fr\/offres\/","name":"Offres d'emploi - DALDEWOLF","isPartOf":{"@id":"https:\/\/www.daldewolf.com\/nl\/#website"},"datePublished":"2020-10-18T19:37:37+00:00","dateModified":"2023-08-08T10:34:29+00:00","description":"Offres d'emploi au cabinet d'avocats DALDEWOLF. Droit des soci\u00e9t\u00e9s et financier, arbitrage et litiges complexes, droit de l'Union europ\u00e9enne.","breadcrumb":{"@id":"https:\/\/www.daldewolf.com\/fr\/offres\/#breadcrumb"},"inLanguage":"fr-FR","potentialAction":[{"@type":"ReadAction","target":["https:\/\/www.daldewolf.com\/fr\/offres\/"]}]},{"@type":"BreadcrumbList","@id":"https:\/\/www.daldewolf.com\/fr\/offres\/#breadcrumb","itemListElement":[{"@type":"ListItem","position":1,"name":"Home","item":"https:\/\/www.daldewolf.com\/fr\/"},{"@type":"ListItem","position":2,"name":"Offres d&#8217;emploi"}]},{"@type":"WebSite","@id":"https:\/\/www.daldewolf.com\/nl\/#website","url":"https:\/\/www.daldewolf.com\/nl\/","name":"DALDEWOLF","description":"Independant Law firm, Since 1958.","publisher":{"@id":"https:\/\/www.daldewolf.com\/nl\/#organization"},"potentialAction":[{"@type":"SearchAction","target":{"@type":"EntryPoint","urlTemplate":"https:\/\/www.daldewolf.com\/nl\/?s={search_term_string}"},"query-input":{"@type":"PropertyValueSpecification","valueRequired":true,"valueName":"search_term_string"}}],"inLanguage":"fr-FR"},{"@type":"Organization","@id":"https:\/\/www.daldewolf.com\/nl\/#organization","name":"DALDEWOLF","url":"https:\/\/www.daldewolf.com\/nl\/","logo":{"@type":"ImageObject","inLanguage":"fr-FR","@id":"https:\/\/www.daldewolf.com\/nl\/#\/schema\/logo\/image\/","url":"https:\/\/www.daldewolf.com\/wp-content\/uploads\/2020\/05\/Logo-Daldewolf.png","contentUrl":"https:\/\/www.daldewolf.com\/wp-content\/uploads\/2020\/05\/Logo-Daldewolf.png","width":320,"height":40,"caption":"DALDEWOLF"},"image":{"@id":"https:\/\/www.daldewolf.com\/nl\/#\/schema\/logo\/image\/"},"sameAs":["https:\/\/www.linkedin.com\/company\/10193320"]}]}},"_links":{"self":[{"href":"https:\/\/www.daldewolf.com\/fr\/wp-json\/wp\/v2\/pages\/1265","targetHints":{"allow":["GET"]}}],"collection":[{"href":"https:\/\/www.daldewolf.com\/fr\/wp-json\/wp\/v2\/pages"}],"about":[{"href":"https:\/\/www.daldewolf.com\/fr\/wp-json\/wp\/v2\/types\/page"}],"author":[{"embeddable":true,"href":"https:\/\/www.daldewolf.com\/fr\/wp-json\/wp\/v2\/users\/1"}],"replies":[{"embeddable":true,"href":"https:\/\/www.daldewolf.com\/fr\/wp-json\/wp\/v2\/comments?post=1265"}],"version-history":[{"count":0,"href":"https:\/\/www.daldewolf.com\/fr\/wp-json\/wp\/v2\/pages\/1265\/revisions"}],"wp:attachment":[{"href":"https:\/\/www.daldewolf.com\/fr\/wp-json\/wp\/v2\/media?parent=1265"}],"curies":[{"name":"wp","href":"https:\/\/api.w.org\/{rel}","templated":true}]}}