{"id":104,"date":"2020-05-13T13:08:33","date_gmt":"2020-05-13T13:08:33","guid":{"rendered":"https:\/\/www.daldewolf.com\/?page_id=104"},"modified":"2022-08-31T12:08:40","modified_gmt":"2022-08-31T11:08:40","slug":"agenda-evenements","status":"publish","type":"page","link":"https:\/\/www.daldewolf.com\/fr\/actualites-et-publications\/agenda-evenements\/","title":{"rendered":"Agenda"},"content":{"rendered":"<section class=\"l-section wpb_row height_medium width_full\"><div class=\"l-section-h i-cf\"><div class=\"g-cols vc_row via_flex valign_top type_default stacking_default\"><div class=\"vc_col-sm-4 wpb_column vc_column_container first-column-sp\"><div class=\"vc_column-inner type_sticky\"><div class=\"wpb_wrapper\"><div class=\"wpb_text_column align_center\"><div class=\"wpb_wrapper\"><h2>Actualit\u00e9s et<br \/>\npublications<\/h2>\n<\/div><\/div><nav class=\"w-menu us_custom_18a67f5f layout_ver style_links us_menu_1\" style=\"--main-gap:1.5rem;--main-ver-indent:0.8em;--main-hor-indent:0.8em;--main-color:inherit;\"><ul id=\"menu-actualites-et-publications\" class=\"menu\"><li id=\"menu-item-1261\" class=\"menu-item menu-item-type-post_type menu-item-object-page menu-item-1261\"><a href=\"https:\/\/www.daldewolf.com\/fr\/actualites-et-publications\/actualites\/\">Actualit\u00e9s<\/a><\/li><li id=\"menu-item-1531\" class=\"menu-item menu-item-type-post_type menu-item-object-page menu-item-1531\"><a href=\"https:\/\/www.daldewolf.com\/fr\/actualites-et-publications\/agenda-evenements\/\">Agenda<\/a><\/li><li id=\"menu-item-1263\" class=\"menu-item menu-item-type-post_type menu-item-object-page menu-item-1263\"><a href=\"https:\/\/www.daldewolf.com\/fr\/actualites-et-publications\/know-how\/\">Know-How<\/a><\/li><\/ul><style>@media ( max-width:600px ){.us_menu_1 .menu{display:block!important}.us_menu_1 .menu>li{margin:0 0 var(--main-gap,1.5rem)!important}}<\/style><\/nav><\/div><\/div><\/div><div class=\"vc_col-sm-8 wpb_column vc_column_container\"><div class=\"vc_column-inner\"><div class=\"wpb_wrapper\"><div class=\"wpb_text_column h1-line-btm\"><div class=\"wpb_wrapper\"><h1>Agenda<\/h1>\n<\/div><\/div><div class=\"mec-wrap mec-skin-list-container  \" id=\"mec_skin_766\">\r\n\r\n    <div id=\"mec_search_form_766\" class=\"mec-search-form mec-totalcal-box\"><div class=\"mec-dropdown-wrap\" ><div class=\"mec-dropdown-search\"><i class=\"mec-sl-folder\"><\/i><select  name=' ' id='mec_sf_category_766' class='postform'>\n\t<option value='' selected='selected'>Cat\u00e9gorie<\/option>\n<\/select>\n<\/div><\/div><div class=\"mec-text-input-search\"><i class=\"mec-sl-magnifier\"><\/i>\r\n                    <input type=\"search\" value=\"\" id=\"mec_sf_s_766\" placeholder=\"\" \/>\r\n                <\/div><\/div>\r\n            <div class=\"mec-skin-list-events-container\" id=\"mec_skin_events_766\">\r\n        <div class=\"mec-wrap colorskin-custom\">\r\n\t<div class=\"mec-event-list-modern\">\r\n\t\t\r\n                        <div class=\"mec-month-divider\" data-toggle-divider=\"mec-toggle-202604-766\"><span>avril 2026<\/span><i class=\"mec-sl-arrow-down\"><\/i><\/div>\r\n            \r\n                        <article class=\"mec-event-article  mec-clear  mec-divider-toggle mec-toggle-202604-766\" itemscope>\r\n                                    <div class=\"col-md-2 col-sm-2\">\r\n\r\n                                                <div class=\"mec-event-date\">\r\n                            <div class=\"event-d mec-color\">21<\/div>\r\n                            <div class=\"event-f\">avril<\/div>\r\n                            <div class=\"event-da\">mardi<\/div>\r\n                        <\/div>\r\n                                            <\/div>\r\n                    <div class=\"col-md-6 col-sm-6\">\r\n                                                                        <h4 class=\"mec-event-title\"><a class=\"mec-color-hover\" data-event-id=\"18403\" href=\"https:\/\/www.daldewolf.com\/fr\/events\/lunch-at-stephanies-2026-china-asean-desk\/\" target=\"_self\" rel=\"noopener\">Lunch at Stephanie&#8217;s 2026: CHINA &#038; ASEAN DESK<\/a><\/h4>\r\n                                                <div class=\"mec-event-detail\">\r\n                            <div class=\"mec-event-loc-place\">DALDEWOLF Bruxelles | Avenue Louise 81<\/div>\r\n                                                                                                            <\/div>\r\n                        <ul class=\"mec-event-sharing\"><li class=\"mec-event-social-icon\"><a class=\"facebook\" href=\"https:\/\/www.facebook.com\/sharer\/sharer.php?u=https%3A%2F%2Fwww.daldewolf.com%2Ffr%2Fevents%2Flunch-at-stephanies-2026-china-asean-desk%2F\" onclick=\"javascript:window.open(this.href, '', 'menubar=no,toolbar=no,resizable=yes,scrollbars=yes,height=500,width=600'); return false;\" target=\"_blank\" title=\"Partager sur Facebook\"><i class=\"mec-fa-facebook\"><\/i><\/a><\/li><li class=\"mec-event-social-icon\"><a class=\"twitter\" href=\"https:\/\/twitter.com\/share?url=https%3A%2F%2Fwww.daldewolf.com%2Ffr%2Fevents%2Flunch-at-stephanies-2026-china-asean-desk%2F\" onclick=\"javascript:window.open(this.href, '', 'menubar=no,toolbar=no,resizable=yes,scrollbars=yes,height=600,width=500'); return false;\" target=\"_blank\" title=\"Tweeter\"><i class=\"mec-fa-twitter\"><\/i><\/a><\/li><li class=\"mec-event-social-icon\"><a class=\"linkedin\" href=\"https:\/\/www.linkedin.com\/shareArticle?mini=true&url=https%3A%2F%2Fwww.daldewolf.com%2Ffr%2Fevents%2Flunch-at-stephanies-2026-china-asean-desk%2F\" onclick=\"javascript:window.open(this.href, '', 'menubar=no,toolbar=no,resizable=yes,scrollbars=yes,height=600,width=500'); return false;\" target=\"_blank\" title=\"Linkedin\"><i class=\"mec-fa-linkedin\"><\/i><\/a><\/li><li class=\"mec-event-social-icon\"><a class=\"email\" href=\"mailto:?subject=Lunch%20at%20Stephanie%E2%80%99s%202026%3A%20CHINA%20%2526%20ASEAN%20DESK&body=https%3A%2F%2Fwww.daldewolf.com%2Ffr%2Fevents%2Flunch-at-stephanies-2026-china-asean-desk%2F\" title=\"Email\"><i class=\"mec-fa-envelope\"><\/i><\/a><\/li><\/ul>\r\n                    <\/div>\r\n                    <div class=\"col-md-4 col-sm-4 mec-btn-wrapper\">\r\n                                                <a class=\"mec-booking-button\" data-event-id=\"18403\" href=\"https:\/\/www.daldewolf.com\/fr\/events\/lunch-at-stephanies-2026-china-asean-desk\/\" target=\"_self\" rel=\"noopener\">En savoir plus<\/a>                                            <\/div>\r\n                            <\/article>\r\n                        <article class=\"mec-event-article  mec-clear  mec-divider-toggle mec-toggle-202604-766\" itemscope>\r\n                                    <div class=\"col-md-2 col-sm-2\">\r\n\r\n                                                <div class=\"mec-event-date\">\r\n                            <div class=\"event-d mec-color\">21<\/div>\r\n                            <div class=\"event-f\">avril<\/div>\r\n                            <div class=\"event-da\">mardi<\/div>\r\n                        <\/div>\r\n                                            <\/div>\r\n                    <div class=\"col-md-6 col-sm-6\">\r\n                                                                        <h4 class=\"mec-event-title\"><a class=\"mec-color-hover\" data-event-id=\"18592\" href=\"https:\/\/www.daldewolf.com\/fr\/events\/aperitivo-at-stephanies-21-aprile-2026\/\" target=\"_self\" rel=\"noopener\">Aperitivo at Stephanie&#8217;s, 21 aprile 2026<\/a><\/h4>\r\n                                                <div class=\"mec-event-detail\">\r\n                            <div class=\"mec-event-loc-place\">DALDEWOLF Bruxelles | Avenue Louise 81<\/div>\r\n                                                                                                            <\/div>\r\n                        <ul class=\"mec-event-sharing\"><li class=\"mec-event-social-icon\"><a class=\"facebook\" href=\"https:\/\/www.facebook.com\/sharer\/sharer.php?u=https%3A%2F%2Fwww.daldewolf.com%2Ffr%2Fevents%2Faperitivo-at-stephanies-21-aprile-2026%2F\" onclick=\"javascript:window.open(this.href, '', 'menubar=no,toolbar=no,resizable=yes,scrollbars=yes,height=500,width=600'); return false;\" target=\"_blank\" title=\"Partager sur Facebook\"><i class=\"mec-fa-facebook\"><\/i><\/a><\/li><li class=\"mec-event-social-icon\"><a class=\"twitter\" href=\"https:\/\/twitter.com\/share?url=https%3A%2F%2Fwww.daldewolf.com%2Ffr%2Fevents%2Faperitivo-at-stephanies-21-aprile-2026%2F\" onclick=\"javascript:window.open(this.href, '', 'menubar=no,toolbar=no,resizable=yes,scrollbars=yes,height=600,width=500'); return false;\" target=\"_blank\" title=\"Tweeter\"><i class=\"mec-fa-twitter\"><\/i><\/a><\/li><li class=\"mec-event-social-icon\"><a class=\"linkedin\" href=\"https:\/\/www.linkedin.com\/shareArticle?mini=true&url=https%3A%2F%2Fwww.daldewolf.com%2Ffr%2Fevents%2Faperitivo-at-stephanies-21-aprile-2026%2F\" onclick=\"javascript:window.open(this.href, '', 'menubar=no,toolbar=no,resizable=yes,scrollbars=yes,height=600,width=500'); return false;\" target=\"_blank\" title=\"Linkedin\"><i class=\"mec-fa-linkedin\"><\/i><\/a><\/li><li class=\"mec-event-social-icon\"><a class=\"email\" href=\"mailto:?subject=Aperitivo%20at%20Stephanie%E2%80%99s%2C%2021%20aprile%202026&body=https%3A%2F%2Fwww.daldewolf.com%2Ffr%2Fevents%2Faperitivo-at-stephanies-21-aprile-2026%2F\" title=\"Email\"><i class=\"mec-fa-envelope\"><\/i><\/a><\/li><\/ul>\r\n                    <\/div>\r\n                    <div class=\"col-md-4 col-sm-4 mec-btn-wrapper\">\r\n                                                <a class=\"mec-booking-button\" data-event-id=\"18592\" href=\"https:\/\/www.daldewolf.com\/fr\/events\/aperitivo-at-stephanies-21-aprile-2026\/\" target=\"_self\" rel=\"noopener\">En savoir plus<\/a>                                            <\/div>\r\n                            <\/article>\r\n            \t\t\r\n                        <div class=\"mec-month-divider\" data-toggle-divider=\"mec-toggle-202605-766\"><span>mai 2026<\/span><i class=\"mec-sl-arrow-down\"><\/i><\/div>\r\n            \r\n                        <article class=\"mec-event-article  mec-clear  mec-divider-toggle mec-toggle-202605-766\" itemscope>\r\n                                    <div class=\"col-md-2 col-sm-2\">\r\n\r\n                                                <div class=\"mec-event-date\">\r\n                            <div class=\"event-d mec-color\">21<\/div>\r\n                            <div class=\"event-f\">mai<\/div>\r\n                            <div class=\"event-da\">jeudi<\/div>\r\n                        <\/div>\r\n                                            <\/div>\r\n                    <div class=\"col-md-6 col-sm-6\">\r\n                                                                        <h4 class=\"mec-event-title\"><a class=\"mec-color-hover\" data-event-id=\"18842\" href=\"https:\/\/www.daldewolf.com\/fr\/events\/lunch-at-stephanies-2026-droit-judiciaire\/\" target=\"_self\" rel=\"noopener\">Lunch at Stephanie&#8217;s 2026 : DROIT JUDICIAIRE<\/a><\/h4>\r\n                                                <div class=\"mec-event-detail\">\r\n                            <div class=\"mec-event-loc-place\">DALDEWOLF Bruxelles | Avenue Louise 81<\/div>\r\n                                                                                                            <\/div>\r\n                        <ul class=\"mec-event-sharing\"><li class=\"mec-event-social-icon\"><a class=\"facebook\" href=\"https:\/\/www.facebook.com\/sharer\/sharer.php?u=https%3A%2F%2Fwww.daldewolf.com%2Ffr%2Fevents%2Flunch-at-stephanies-2026-droit-judiciaire%2F\" onclick=\"javascript:window.open(this.href, '', 'menubar=no,toolbar=no,resizable=yes,scrollbars=yes,height=500,width=600'); return false;\" target=\"_blank\" title=\"Partager sur Facebook\"><i class=\"mec-fa-facebook\"><\/i><\/a><\/li><li class=\"mec-event-social-icon\"><a class=\"twitter\" href=\"https:\/\/twitter.com\/share?url=https%3A%2F%2Fwww.daldewolf.com%2Ffr%2Fevents%2Flunch-at-stephanies-2026-droit-judiciaire%2F\" onclick=\"javascript:window.open(this.href, '', 'menubar=no,toolbar=no,resizable=yes,scrollbars=yes,height=600,width=500'); return false;\" target=\"_blank\" title=\"Tweeter\"><i class=\"mec-fa-twitter\"><\/i><\/a><\/li><li class=\"mec-event-social-icon\"><a class=\"linkedin\" href=\"https:\/\/www.linkedin.com\/shareArticle?mini=true&url=https%3A%2F%2Fwww.daldewolf.com%2Ffr%2Fevents%2Flunch-at-stephanies-2026-droit-judiciaire%2F\" onclick=\"javascript:window.open(this.href, '', 'menubar=no,toolbar=no,resizable=yes,scrollbars=yes,height=600,width=500'); return false;\" target=\"_blank\" title=\"Linkedin\"><i class=\"mec-fa-linkedin\"><\/i><\/a><\/li><li class=\"mec-event-social-icon\"><a class=\"email\" href=\"mailto:?subject=Lunch%20at%20Stephanie%E2%80%99s%202026%20%3A%20DROIT%20JUDICIAIRE&body=https%3A%2F%2Fwww.daldewolf.com%2Ffr%2Fevents%2Flunch-at-stephanies-2026-droit-judiciaire%2F\" title=\"Email\"><i class=\"mec-fa-envelope\"><\/i><\/a><\/li><\/ul>\r\n                    <\/div>\r\n                    <div class=\"col-md-4 col-sm-4 mec-btn-wrapper\">\r\n                                                <a class=\"mec-booking-button\" data-event-id=\"18842\" href=\"https:\/\/www.daldewolf.com\/fr\/events\/lunch-at-stephanies-2026-droit-judiciaire\/\" target=\"_self\" rel=\"noopener\">En savoir plus<\/a>                                            <\/div>\r\n                            <\/article>\r\n            \t\t\t<\/div>\r\n<\/div>\r\n\r\n    <\/div>\r\n    <div class=\"mec-skin-list-no-events-container mec-util-hidden\" id=\"mec_skin_no_events_766\">\r\n        Pas d&#039;\u00e9v\u00e9nement actuellement programm\u00e9.    <\/div>\r\n    \r\n    \r\n<\/div><\/div><\/div><\/div><\/div><\/div><\/section>\n","protected":false},"excerpt":{"rendered":"LUNCH AT STEPHANIE'S Jeudi 21 mai 2026 11h30 - 12h00, au 81 avenue Louise, 1050 Bruxelles S\u00e9minaire suivi par un lunch sandwich DROIT JUDICIAIRE Actualit\u00e9s en proc\u00e9dure civile Intervenant : Arnaud HOC, Avocat Counsel\u00a0et Professeur \u00e0 l\u2019UCLouvain Conna\u00eetre et comprendre les r\u00e8gles de proc\u00e9dure civile est un enjeu crucial pour tout habitu\u00e9 des cours et...","protected":false},"author":1,"featured_media":0,"parent":84,"menu_order":0,"comment_status":"closed","ping_status":"closed","template":"","meta":{"_acf_changed":false,"footnotes":""},"class_list":["post-104","page","type-page","status-publish","hentry"],"acf":[],"yoast_head":"<!-- This site is optimized with the Yoast SEO plugin v27.3 - https:\/\/yoast.com\/product\/yoast-seo-wordpress\/ -->\n<title>Agenda \u00e9v\u00e8nements | DALDEWOLF<\/title>\n<meta name=\"description\" content=\"Agenda des \u00e9v\u00e8nements organis\u00e9s par le cabinet d&#039;avocats DALDEWOLF. Breakfast at Stefany\u2019s, the OFFICI@L\u2019s day\u2026\" \/>\n<meta name=\"robots\" content=\"index, follow, max-snippet:-1, max-image-preview:large, max-video-preview:-1\" \/>\n<link rel=\"canonical\" href=\"https:\/\/www.daldewolf.com\/en\/news-and-publications\/agenda\/\" \/>\n<meta property=\"og:locale\" content=\"fr_FR\" \/>\n<meta property=\"og:type\" content=\"article\" \/>\n<meta property=\"og:title\" content=\"Agenda \u00e9v\u00e8nements | DALDEWOLF\" \/>\n<meta property=\"og:description\" content=\"Agenda des \u00e9v\u00e8nements organis\u00e9s par le cabinet d&#039;avocats DALDEWOLF. Breakfast at Stefany\u2019s, the OFFICI@L\u2019s day\u2026\" \/>\n<meta property=\"og:url\" content=\"https:\/\/www.daldewolf.com\/en\/news-and-publications\/agenda\/\" \/>\n<meta property=\"og:site_name\" content=\"DALDEWOLF\" \/>\n<meta property=\"article:modified_time\" content=\"2022-08-31T11:08:40+00:00\" \/>\n<meta property=\"og:image\" content=\"https:\/\/www.daldewolf.com\/wp-content\/uploads\/2021\/05\/Daldewolf-fb.png\" \/>\n\t<meta property=\"og:image:width\" content=\"600\" \/>\n\t<meta property=\"og:image:height\" content=\"315\" \/>\n\t<meta property=\"og:image:type\" content=\"image\/png\" \/>\n<meta name=\"twitter:card\" content=\"summary_large_image\" \/>\n<meta name=\"twitter:label1\" content=\"Dur\u00e9e de lecture estim\u00e9e\" \/>\n\t<meta name=\"twitter:data1\" content=\"1 minute\" \/>\n<script type=\"application\/ld+json\" class=\"yoast-schema-graph\">{\"@context\":\"https:\\\/\\\/schema.org\",\"@graph\":[{\"@type\":\"WebPage\",\"@id\":\"https:\\\/\\\/www.daldewolf.com\\\/en\\\/news-and-publications\\\/agenda\\\/\",\"url\":\"https:\\\/\\\/www.daldewolf.com\\\/en\\\/news-and-publications\\\/agenda\\\/\",\"name\":\"Agenda \u00e9v\u00e8nements | DALDEWOLF\",\"isPartOf\":{\"@id\":\"https:\\\/\\\/www.daldewolf.com\\\/nl\\\/#website\"},\"datePublished\":\"2020-05-13T13:08:33+00:00\",\"dateModified\":\"2022-08-31T11:08:40+00:00\",\"description\":\"Agenda des \u00e9v\u00e8nements organis\u00e9s par le cabinet d'avocats DALDEWOLF. Breakfast at Stefany\u2019s, the OFFICI@L\u2019s day\u2026\",\"breadcrumb\":{\"@id\":\"https:\\\/\\\/www.daldewolf.com\\\/en\\\/news-and-publications\\\/agenda\\\/#breadcrumb\"},\"inLanguage\":\"fr-FR\",\"potentialAction\":[{\"@type\":\"ReadAction\",\"target\":[\"https:\\\/\\\/www.daldewolf.com\\\/en\\\/news-and-publications\\\/agenda\\\/\"]}]},{\"@type\":\"BreadcrumbList\",\"@id\":\"https:\\\/\\\/www.daldewolf.com\\\/en\\\/news-and-publications\\\/agenda\\\/#breadcrumb\",\"itemListElement\":[{\"@type\":\"ListItem\",\"position\":1,\"name\":\"Home\",\"item\":\"https:\\\/\\\/www.daldewolf.com\\\/fr\\\/\"},{\"@type\":\"ListItem\",\"position\":2,\"name\":\"Actualit\u00e9s et publications\",\"item\":\"https:\\\/\\\/www.daldewolf.com\\\/fr\\\/actualites-et-publications\\\/\"},{\"@type\":\"ListItem\",\"position\":3,\"name\":\"Agenda\"}]},{\"@type\":\"WebSite\",\"@id\":\"https:\\\/\\\/www.daldewolf.com\\\/nl\\\/#website\",\"url\":\"https:\\\/\\\/www.daldewolf.com\\\/nl\\\/\",\"name\":\"DALDEWOLF\",\"description\":\"Independant Law firm, Since 1958.\",\"publisher\":{\"@id\":\"https:\\\/\\\/www.daldewolf.com\\\/nl\\\/#organization\"},\"potentialAction\":[{\"@type\":\"SearchAction\",\"target\":{\"@type\":\"EntryPoint\",\"urlTemplate\":\"https:\\\/\\\/www.daldewolf.com\\\/nl\\\/?s={search_term_string}\"},\"query-input\":{\"@type\":\"PropertyValueSpecification\",\"valueRequired\":true,\"valueName\":\"search_term_string\"}}],\"inLanguage\":\"fr-FR\"},{\"@type\":\"Organization\",\"@id\":\"https:\\\/\\\/www.daldewolf.com\\\/nl\\\/#organization\",\"name\":\"DALDEWOLF\",\"url\":\"https:\\\/\\\/www.daldewolf.com\\\/nl\\\/\",\"logo\":{\"@type\":\"ImageObject\",\"inLanguage\":\"fr-FR\",\"@id\":\"https:\\\/\\\/www.daldewolf.com\\\/nl\\\/#\\\/schema\\\/logo\\\/image\\\/\",\"url\":\"https:\\\/\\\/www.daldewolf.com\\\/wp-content\\\/uploads\\\/2020\\\/05\\\/Logo-Daldewolf.png\",\"contentUrl\":\"https:\\\/\\\/www.daldewolf.com\\\/wp-content\\\/uploads\\\/2020\\\/05\\\/Logo-Daldewolf.png\",\"width\":320,\"height\":40,\"caption\":\"DALDEWOLF\"},\"image\":{\"@id\":\"https:\\\/\\\/www.daldewolf.com\\\/nl\\\/#\\\/schema\\\/logo\\\/image\\\/\"},\"sameAs\":[\"https:\\\/\\\/www.linkedin.com\\\/company\\\/10193320\"]}]}<\/script>\n<!-- \/ Yoast SEO plugin. -->","yoast_head_json":{"title":"Agenda \u00e9v\u00e8nements | DALDEWOLF","description":"Agenda des \u00e9v\u00e8nements organis\u00e9s par le cabinet d'avocats DALDEWOLF. Breakfast at Stefany\u2019s, the OFFICI@L\u2019s day\u2026","robots":{"index":"index","follow":"follow","max-snippet":"max-snippet:-1","max-image-preview":"max-image-preview:large","max-video-preview":"max-video-preview:-1"},"canonical":"https:\/\/www.daldewolf.com\/en\/news-and-publications\/agenda\/","og_locale":"fr_FR","og_type":"article","og_title":"Agenda \u00e9v\u00e8nements | DALDEWOLF","og_description":"Agenda des \u00e9v\u00e8nements organis\u00e9s par le cabinet d'avocats DALDEWOLF. Breakfast at Stefany\u2019s, the OFFICI@L\u2019s day\u2026","og_url":"https:\/\/www.daldewolf.com\/en\/news-and-publications\/agenda\/","og_site_name":"DALDEWOLF","article_modified_time":"2022-08-31T11:08:40+00:00","og_image":[{"width":600,"height":315,"url":"https:\/\/www.daldewolf.com\/wp-content\/uploads\/2021\/05\/Daldewolf-fb.png","type":"image\/png"}],"twitter_card":"summary_large_image","twitter_misc":{"Dur\u00e9e de lecture estim\u00e9e":"1 minute"},"schema":{"@context":"https:\/\/schema.org","@graph":[{"@type":"WebPage","@id":"https:\/\/www.daldewolf.com\/en\/news-and-publications\/agenda\/","url":"https:\/\/www.daldewolf.com\/en\/news-and-publications\/agenda\/","name":"Agenda \u00e9v\u00e8nements | DALDEWOLF","isPartOf":{"@id":"https:\/\/www.daldewolf.com\/nl\/#website"},"datePublished":"2020-05-13T13:08:33+00:00","dateModified":"2022-08-31T11:08:40+00:00","description":"Agenda des \u00e9v\u00e8nements organis\u00e9s par le cabinet d'avocats DALDEWOLF. Breakfast at Stefany\u2019s, the OFFICI@L\u2019s day\u2026","breadcrumb":{"@id":"https:\/\/www.daldewolf.com\/en\/news-and-publications\/agenda\/#breadcrumb"},"inLanguage":"fr-FR","potentialAction":[{"@type":"ReadAction","target":["https:\/\/www.daldewolf.com\/en\/news-and-publications\/agenda\/"]}]},{"@type":"BreadcrumbList","@id":"https:\/\/www.daldewolf.com\/en\/news-and-publications\/agenda\/#breadcrumb","itemListElement":[{"@type":"ListItem","position":1,"name":"Home","item":"https:\/\/www.daldewolf.com\/fr\/"},{"@type":"ListItem","position":2,"name":"Actualit\u00e9s et publications","item":"https:\/\/www.daldewolf.com\/fr\/actualites-et-publications\/"},{"@type":"ListItem","position":3,"name":"Agenda"}]},{"@type":"WebSite","@id":"https:\/\/www.daldewolf.com\/nl\/#website","url":"https:\/\/www.daldewolf.com\/nl\/","name":"DALDEWOLF","description":"Independant Law firm, Since 1958.","publisher":{"@id":"https:\/\/www.daldewolf.com\/nl\/#organization"},"potentialAction":[{"@type":"SearchAction","target":{"@type":"EntryPoint","urlTemplate":"https:\/\/www.daldewolf.com\/nl\/?s={search_term_string}"},"query-input":{"@type":"PropertyValueSpecification","valueRequired":true,"valueName":"search_term_string"}}],"inLanguage":"fr-FR"},{"@type":"Organization","@id":"https:\/\/www.daldewolf.com\/nl\/#organization","name":"DALDEWOLF","url":"https:\/\/www.daldewolf.com\/nl\/","logo":{"@type":"ImageObject","inLanguage":"fr-FR","@id":"https:\/\/www.daldewolf.com\/nl\/#\/schema\/logo\/image\/","url":"https:\/\/www.daldewolf.com\/wp-content\/uploads\/2020\/05\/Logo-Daldewolf.png","contentUrl":"https:\/\/www.daldewolf.com\/wp-content\/uploads\/2020\/05\/Logo-Daldewolf.png","width":320,"height":40,"caption":"DALDEWOLF"},"image":{"@id":"https:\/\/www.daldewolf.com\/nl\/#\/schema\/logo\/image\/"},"sameAs":["https:\/\/www.linkedin.com\/company\/10193320"]}]}},"_links":{"self":[{"href":"https:\/\/www.daldewolf.com\/fr\/wp-json\/wp\/v2\/pages\/104","targetHints":{"allow":["GET"]}}],"collection":[{"href":"https:\/\/www.daldewolf.com\/fr\/wp-json\/wp\/v2\/pages"}],"about":[{"href":"https:\/\/www.daldewolf.com\/fr\/wp-json\/wp\/v2\/types\/page"}],"author":[{"embeddable":true,"href":"https:\/\/www.daldewolf.com\/fr\/wp-json\/wp\/v2\/users\/1"}],"replies":[{"embeddable":true,"href":"https:\/\/www.daldewolf.com\/fr\/wp-json\/wp\/v2\/comments?post=104"}],"version-history":[{"count":0,"href":"https:\/\/www.daldewolf.com\/fr\/wp-json\/wp\/v2\/pages\/104\/revisions"}],"up":[{"embeddable":true,"href":"https:\/\/www.daldewolf.com\/fr\/wp-json\/wp\/v2\/pages\/84"}],"wp:attachment":[{"href":"https:\/\/www.daldewolf.com\/fr\/wp-json\/wp\/v2\/media?parent=104"}],"curies":[{"name":"wp","href":"https:\/\/api.w.org\/{rel}","templated":true}]}}