{"id":2529,"date":"2020-09-20T21:15:35","date_gmt":"2020-09-20T21:15:35","guid":{"rendered":"https:\/\/www.daldewolf.com\/cookies-policy\/"},"modified":"2021-05-01T17:19:03","modified_gmt":"2021-05-01T17:19:03","slug":"cookie-policy","status":"publish","type":"page","link":"https:\/\/www.daldewolf.com\/en\/cookie-policy\/","title":{"rendered":"Cookie policy"},"content":{"rendered":"<section class=\"l-section wpb_row height_medium\"><div class=\"l-section-h i-cf\"><div class=\"g-cols vc_row via_flex valign_top type_default stacking_default\"><div class=\"vc_col-sm-12 wpb_column vc_column_container\"><div class=\"vc_column-inner\"><div class=\"wpb_wrapper\"><div class=\"wpb_text_column h1-line-btm\"><div class=\"wpb_wrapper\"><h1>Cookie policy<\/h1>\n<\/div><\/div><div class=\"wpb_text_column us_custom_af6a9b6a align_justify\"><div class=\"wpb_wrapper\"><p><strong>Qu&#8217;est-ce qu&#8217;un cookie et \u00e0 quoi sert-il ?<\/strong><\/p>\n<p>Un cookie est un petit \u00e9l\u00e9ment de donn\u00e9es qui est utilis\u00e9 pour stocker des informations dans les sous-dossiers de donn\u00e9es du navigateur ou du programme de votre ordinateur lorsque vous visitez un site web. Ils sont largement utilis\u00e9s pour faire fonctionner les sites web, ou les faire fonctionner plus efficacement, ainsi que pour fournir des informations aux propri\u00e9taires du site web.<\/p>\n<p>Ce site web utilise des cookies qui sont n\u00e9cessaires \u00e0 son bon fonctionnement (cookies techniques ou de navigation). Ces cookies permettent au site web de fonctionner correctement et vous permettent de le consulter dans votre langue.<\/p>\n<p>Les cookies tiers suivants sont utilis\u00e9s sur le domaine <a href=\"https:\/\/daldewolf.com\/\">www.daldewolf.com<\/a> :<\/p>\n<p>&#8211; wordpress_[hash] : pour stocker les d\u00e9tails d&#8217;authentification lors de la connexion.<br \/>\n&#8211; wordpress_logged_in_[hash] : pour indiquer quand vous \u00eates connect\u00e9, et qui vous \u00eates.<br \/>\n&#8211; wordpress_test_cookie : pour v\u00e9rifier si les cookies sont activ\u00e9s sur le navigateur afin de fournir une exp\u00e9rience utilisateur appropri\u00e9e aux utilisateurs.<br \/>\n&#8211; wp-settings-{time}-[UID] : pour personnaliser l&#8217;affichage de votre interface d&#8217;administration et le front-end du site web.<br \/>\n&#8211; cookielawinfo-checkbox-necessary : pour informer l&#8217;utilisateur de la pr\u00e9sence de cookies n\u00e9cessaires au bon fonctionnement du site<br \/>\n&#8211; locale : pour retenir la pr\u00e9f\u00e9rence de langue de l&#8217;utilisateur<\/p>\n<p>Ces cookies sont des cookies de session, qui expirent \u00e0 la fin de la session du navigateur.<\/p>\n<p><strong>Comment puis-je d\u00e9sactiver les cookies ?<\/strong><\/p>\n<p>Vous pouvez adapter les pr\u00e9f\u00e9rences en mati\u00e8re de cookies dans les param\u00e8tres de votre appareil ou application.<\/p>\n<p>Ces pr\u00e9f\u00e9rences peuvent consister \u00e0 accepter tous les cookies, \u00e0 vous avertir lorsqu&#8217;un cookie est \u00e9mis, ou \u00e0 ne pas recevoir de cookies du tout. Toutefois, en choisissant de ne pas recevoir de cookies \u00e0 tout moment, certaines fonctionnalit\u00e9s du site Web ne pourront pas \u00eatre fournies et vous ne pourrez peut-\u00eatre pas profiter pleinement du site Web.<\/p>\n<p>La plupart des navigateurs web (Firefox, Google Chrome, Safari, etc.) sont configur\u00e9s pour accepter automatiquement les cookies. Vous pouvez s\u00e9lectionner le navigateur que vous utilisez dans la liste ci-dessous et suivre les instructions :<\/p>\n<p>&#8211; Google Chrome : <a href=\"https:\/\/support.google.com\/chrome\/answer\/95647\">https:\/\/support.google.com\/chrome\/answer\/95647<\/a><br \/>\n&#8211; Apple Safari : <a href=\"https:\/\/support.apple.com\/it-it\/HT201265\">https:\/\/support.apple.com\/it-it\/HT201265<\/a><br \/>\n&#8211; Mozilla Firefox : <a href=\"https:\/\/support.mozilla.org\/it\/kb\/Gestione%20dei%20cookie\">https:\/\/support.mozilla.org\/it\/kb\/Gestione%20dei%20cookie<\/a><br \/>\n&#8211; Opera : <a href=\"http:\/\/help.opera.com\/Windows\/10.00\/it\/cookies.html\">http:\/\/help.opera.com\/Windows\/10.00\/it\/cookies.html<\/a><\/p>\n<p>Depuis un appareil mobile :<\/p>\n<p>&#8211; Android : <a href=\"https:\/\/support.google.com\/chrome\/answer\/95647\">https:\/\/support.google.com\/chrome\/answer\/95647<\/a><br \/>\n&#8211; Safari : <a href=\"https:\/\/support.apple.com\/it-it\/HT201265\">https:\/\/support.apple.com\/it-it\/HT201265<\/a><br \/>\n&#8211; Windows Phone : <a href=\"http:\/\/windows.microsoft.com\/it-it\/internet-explorer\/delete-manage-cookies\">http:\/\/windows.microsoft.com\/it-it\/internet-explorer\/delete-manage-cookies<\/a><\/p>\n<p>Pour de plus amples informations sur les cookies et sur la mani\u00e8re de contr\u00f4ler leur utilisation, veuillez consulter <a href=\"https:\/\/www.allaboutcookies.org\/\">les ressources p\u00e9dagogiques tierces suivantes.<\/a><\/p>\n<\/div><\/div><\/div><\/div><\/div><\/div><\/div><\/section>\n","protected":false},"excerpt":{"rendered":"Cookie policy Qu&#8217;est-ce qu&#8217;un cookie et \u00e0 quoi sert-il ? Un cookie est un petit \u00e9l\u00e9ment de donn\u00e9es qui est utilis\u00e9 pour stocker des informations dans les sous-dossiers de donn\u00e9es du navigateur ou du programme de votre ordinateur lorsque vous visitez un site web. Ils sont largement utilis\u00e9s pour faire fonctionner les sites web, ou...","protected":false},"author":1,"featured_media":0,"parent":0,"menu_order":0,"comment_status":"closed","ping_status":"closed","template":"","meta":{"_acf_changed":false,"footnotes":""},"class_list":["post-2529","page","type-page","status-publish","hentry"],"acf":[],"yoast_head":"<!-- This site is optimized with the Yoast SEO plugin v27.3 - https:\/\/yoast.com\/product\/yoast-seo-wordpress\/ -->\n<title>Cookie policy - DALDEWOLF<\/title>\n<meta name=\"robots\" content=\"index, follow, max-snippet:-1, max-image-preview:large, max-video-preview:-1\" \/>\n<link rel=\"canonical\" href=\"https:\/\/www.daldewolf.com\/en\/cookie-policy\/\" \/>\n<meta property=\"og:locale\" content=\"en_US\" \/>\n<meta property=\"og:type\" content=\"article\" \/>\n<meta property=\"og:title\" content=\"Cookie policy - DALDEWOLF\" \/>\n<meta property=\"og:url\" content=\"https:\/\/www.daldewolf.com\/en\/cookie-policy\/\" \/>\n<meta property=\"og:site_name\" content=\"DALDEWOLF\" \/>\n<meta property=\"article:modified_time\" content=\"2021-05-01T17:19:03+00:00\" \/>\n<meta property=\"og:image\" content=\"https:\/\/www.daldewolf.com\/wp-content\/uploads\/2021\/05\/Daldewolf-fb.png\" \/>\n\t<meta property=\"og:image:width\" content=\"600\" \/>\n\t<meta property=\"og:image:height\" content=\"315\" \/>\n\t<meta property=\"og:image:type\" content=\"image\/png\" \/>\n<meta name=\"twitter:card\" content=\"summary_large_image\" \/>\n<meta name=\"twitter:label1\" content=\"Est. reading time\" \/>\n\t<meta name=\"twitter:data1\" content=\"2 minutes\" \/>\n<script type=\"application\/ld+json\" class=\"yoast-schema-graph\">{\"@context\":\"https:\\\/\\\/schema.org\",\"@graph\":[{\"@type\":\"WebPage\",\"@id\":\"https:\\\/\\\/www.daldewolf.com\\\/en\\\/cookie-policy\\\/\",\"url\":\"https:\\\/\\\/www.daldewolf.com\\\/en\\\/cookie-policy\\\/\",\"name\":\"Cookie policy - DALDEWOLF\",\"isPartOf\":{\"@id\":\"https:\\\/\\\/www.daldewolf.com\\\/nl\\\/#website\"},\"datePublished\":\"2020-09-20T21:15:35+00:00\",\"dateModified\":\"2021-05-01T17:19:03+00:00\",\"breadcrumb\":{\"@id\":\"https:\\\/\\\/www.daldewolf.com\\\/en\\\/cookie-policy\\\/#breadcrumb\"},\"inLanguage\":\"en-US\",\"potentialAction\":[{\"@type\":\"ReadAction\",\"target\":[\"https:\\\/\\\/www.daldewolf.com\\\/en\\\/cookie-policy\\\/\"]}]},{\"@type\":\"BreadcrumbList\",\"@id\":\"https:\\\/\\\/www.daldewolf.com\\\/en\\\/cookie-policy\\\/#breadcrumb\",\"itemListElement\":[{\"@type\":\"ListItem\",\"position\":1,\"name\":\"Home\",\"item\":\"https:\\\/\\\/www.daldewolf.com\\\/en\\\/\"},{\"@type\":\"ListItem\",\"position\":2,\"name\":\"Cookie policy\"}]},{\"@type\":\"WebSite\",\"@id\":\"https:\\\/\\\/www.daldewolf.com\\\/nl\\\/#website\",\"url\":\"https:\\\/\\\/www.daldewolf.com\\\/nl\\\/\",\"name\":\"DALDEWOLF\",\"description\":\"Independant Law firm. Since 1958.\",\"publisher\":{\"@id\":\"https:\\\/\\\/www.daldewolf.com\\\/nl\\\/#organization\"},\"potentialAction\":[{\"@type\":\"SearchAction\",\"target\":{\"@type\":\"EntryPoint\",\"urlTemplate\":\"https:\\\/\\\/www.daldewolf.com\\\/nl\\\/?s={search_term_string}\"},\"query-input\":{\"@type\":\"PropertyValueSpecification\",\"valueRequired\":true,\"valueName\":\"search_term_string\"}}],\"inLanguage\":\"en-US\"},{\"@type\":\"Organization\",\"@id\":\"https:\\\/\\\/www.daldewolf.com\\\/nl\\\/#organization\",\"name\":\"DALDEWOLF\",\"url\":\"https:\\\/\\\/www.daldewolf.com\\\/nl\\\/\",\"logo\":{\"@type\":\"ImageObject\",\"inLanguage\":\"en-US\",\"@id\":\"https:\\\/\\\/www.daldewolf.com\\\/nl\\\/#\\\/schema\\\/logo\\\/image\\\/\",\"url\":\"https:\\\/\\\/www.daldewolf.com\\\/wp-content\\\/uploads\\\/2020\\\/05\\\/Logo-Daldewolf.png\",\"contentUrl\":\"https:\\\/\\\/www.daldewolf.com\\\/wp-content\\\/uploads\\\/2020\\\/05\\\/Logo-Daldewolf.png\",\"width\":320,\"height\":40,\"caption\":\"DALDEWOLF\"},\"image\":{\"@id\":\"https:\\\/\\\/www.daldewolf.com\\\/nl\\\/#\\\/schema\\\/logo\\\/image\\\/\"},\"sameAs\":[\"https:\\\/\\\/www.linkedin.com\\\/company\\\/10193320\"]}]}<\/script>\n<!-- \/ Yoast SEO plugin. -->","yoast_head_json":{"title":"Cookie policy - DALDEWOLF","robots":{"index":"index","follow":"follow","max-snippet":"max-snippet:-1","max-image-preview":"max-image-preview:large","max-video-preview":"max-video-preview:-1"},"canonical":"https:\/\/www.daldewolf.com\/en\/cookie-policy\/","og_locale":"en_US","og_type":"article","og_title":"Cookie policy - DALDEWOLF","og_url":"https:\/\/www.daldewolf.com\/en\/cookie-policy\/","og_site_name":"DALDEWOLF","article_modified_time":"2021-05-01T17:19:03+00:00","og_image":[{"width":600,"height":315,"url":"https:\/\/www.daldewolf.com\/wp-content\/uploads\/2021\/05\/Daldewolf-fb.png","type":"image\/png"}],"twitter_card":"summary_large_image","twitter_misc":{"Est. reading time":"2 minutes"},"schema":{"@context":"https:\/\/schema.org","@graph":[{"@type":"WebPage","@id":"https:\/\/www.daldewolf.com\/en\/cookie-policy\/","url":"https:\/\/www.daldewolf.com\/en\/cookie-policy\/","name":"Cookie policy - DALDEWOLF","isPartOf":{"@id":"https:\/\/www.daldewolf.com\/nl\/#website"},"datePublished":"2020-09-20T21:15:35+00:00","dateModified":"2021-05-01T17:19:03+00:00","breadcrumb":{"@id":"https:\/\/www.daldewolf.com\/en\/cookie-policy\/#breadcrumb"},"inLanguage":"en-US","potentialAction":[{"@type":"ReadAction","target":["https:\/\/www.daldewolf.com\/en\/cookie-policy\/"]}]},{"@type":"BreadcrumbList","@id":"https:\/\/www.daldewolf.com\/en\/cookie-policy\/#breadcrumb","itemListElement":[{"@type":"ListItem","position":1,"name":"Home","item":"https:\/\/www.daldewolf.com\/en\/"},{"@type":"ListItem","position":2,"name":"Cookie policy"}]},{"@type":"WebSite","@id":"https:\/\/www.daldewolf.com\/nl\/#website","url":"https:\/\/www.daldewolf.com\/nl\/","name":"DALDEWOLF","description":"Independant Law firm. Since 1958.","publisher":{"@id":"https:\/\/www.daldewolf.com\/nl\/#organization"},"potentialAction":[{"@type":"SearchAction","target":{"@type":"EntryPoint","urlTemplate":"https:\/\/www.daldewolf.com\/nl\/?s={search_term_string}"},"query-input":{"@type":"PropertyValueSpecification","valueRequired":true,"valueName":"search_term_string"}}],"inLanguage":"en-US"},{"@type":"Organization","@id":"https:\/\/www.daldewolf.com\/nl\/#organization","name":"DALDEWOLF","url":"https:\/\/www.daldewolf.com\/nl\/","logo":{"@type":"ImageObject","inLanguage":"en-US","@id":"https:\/\/www.daldewolf.com\/nl\/#\/schema\/logo\/image\/","url":"https:\/\/www.daldewolf.com\/wp-content\/uploads\/2020\/05\/Logo-Daldewolf.png","contentUrl":"https:\/\/www.daldewolf.com\/wp-content\/uploads\/2020\/05\/Logo-Daldewolf.png","width":320,"height":40,"caption":"DALDEWOLF"},"image":{"@id":"https:\/\/www.daldewolf.com\/nl\/#\/schema\/logo\/image\/"},"sameAs":["https:\/\/www.linkedin.com\/company\/10193320"]}]}},"_links":{"self":[{"href":"https:\/\/www.daldewolf.com\/en\/wp-json\/wp\/v2\/pages\/2529","targetHints":{"allow":["GET"]}}],"collection":[{"href":"https:\/\/www.daldewolf.com\/en\/wp-json\/wp\/v2\/pages"}],"about":[{"href":"https:\/\/www.daldewolf.com\/en\/wp-json\/wp\/v2\/types\/page"}],"author":[{"embeddable":true,"href":"https:\/\/www.daldewolf.com\/en\/wp-json\/wp\/v2\/users\/1"}],"replies":[{"embeddable":true,"href":"https:\/\/www.daldewolf.com\/en\/wp-json\/wp\/v2\/comments?post=2529"}],"version-history":[{"count":0,"href":"https:\/\/www.daldewolf.com\/en\/wp-json\/wp\/v2\/pages\/2529\/revisions"}],"wp:attachment":[{"href":"https:\/\/www.daldewolf.com\/en\/wp-json\/wp\/v2\/media?parent=2529"}],"curies":[{"name":"wp","href":"https:\/\/api.w.org\/{rel}","templated":true}]}}